{"id":34851,"date":"2022-11-08T12:08:55","date_gmt":"2022-11-08T05:08:55","guid":{"rendered":"https:\/\/mouldking.store\/?post_type=product&#038;p=34851"},"modified":"2022-11-08T12:08:56","modified_gmt":"2022-11-08T05:08:56","slug":"52toys-bb-03-jojo-final-ape-monkey","status":"publish","type":"product","link":"https:\/\/mouldking.store\/vi\/shop\/52toys-bb-03-jojo-final-ape-monkey\/","title":{"rendered":"52\u0110\u1ed2 CH\u01a0I BB-03 Kh\u1ec9 Ape Cu\u1ed1i C\u00f9ng JoJo"},"content":{"rendered":"<p>Th\u00f4ng tin s\u1ea3n ph\u1ea9m:<\/p>\n<ol>\n<li>Th\u01b0\u01a1ng hi\u1ec7u: 52TOYS<\/li>\n<li>Gi\u1edbi t\u00ednh: Unisex<\/li>\n<li>Name: JoJo Final Ape Monkey<\/li>\n<li>\u0110\u1ed9 tu\u1ed5i: &gt; 6 tu\u1ed5i<\/li>\n<li>Model Number: BB-03<\/li>\n<li>Ph\u00e2n lo\u1ea1i: T\u1eadp h\u1ee3p<\/li>\n<li>H\u00ecnh d\u1ea1ng kh\u1ed1i nh\u1ef1a: G\u1ea1ch t\u1ef1 kh\u00f3a<\/li>\n<li>Ch\u1ea5t li\u1ec7u: Nh\u1ef1a<\/li>\n<li>Lo\u1ea1i nh\u1ef1a: ABS<\/li>\n<li>K\u00edch th\u01b0\u1edbc: 12 cm<\/li>\n<li>Ch\u1ee9a h\u01b0\u1edbng d\u1eabn l\u1eafp r\u00e1p chi ti\u1ebft.<\/li>\n<\/ol>\n<p>\u0110\u1ec3 \u00fd:<br \/>\n1. Kh\u00f4ng c\u00f3 h\u1ed9p ban \u0111\u1ea7u, nh\u01b0ng ch\u00fang t\u00f4i \u0111\u1ea3m b\u1ea3o s\u1ea3n ph\u1ea9m c\u1ee7a ch\u00fang t\u00f4i c\u00f3 ch\u1ea5t l\u01b0\u1ee3ng \u0111\u1ea3m b\u1ea3o v\u00e0 bao b\u00ec \u0111\u1eb9p.<br \/>\n2. V\u00ec t\u1ea5t c\u1ea3 c\u00e1c b\u1ed9 ph\u1eadn ch\u00fang t\u00f4i \u0111\u00e3 ki\u1ec3m tra tr\u01b0\u1edbc khi v\u1eadn chuy\u1ec3n, v\u00ec v\u1eady n\u1ebfu b\u1ea1n th\u1ea5y m\u1ed9t s\u1ed1 b\u1ed9 ph\u1eadn b\u1ecb thi\u1ebfu ho\u1eb7c h\u01b0 h\u1ecfng, \u0111\u1eebng lo l\u1eafng v\u00e0 ch\u1ec9 c\u1ea7n vui l\u00f2ng li\u00ean h\u1ec7 v\u1edbi ch\u00fang t\u00f4i v\u00e0 ch\u00fang t\u00f4i c\u00f3 th\u1ec3 g\u1eedi l\u1ea1i mi\u1ec5n ph\u00ed cho b\u1ea1n ngay l\u1eadp t\u1ee9c.<\/p>\n<figure id=\"attachment_34852\" aria-describedby=\"caption-attachment-34852\" style=\"width: 1000px\" class=\"wp-caption aligncenter\"><img fetchpriority=\"high\" decoding=\"async\" class=\"wp-image-34852 size-full\" src=\"https:\/\/mouldking.store\/wp-content\/uploads\/2022\/11\/52TOYS-BB-03-13.jpg\" alt=\"52TOYS BB-03 JoJo Final Ape Monkey\" width=\"1000\" height=\"1000\" title=\"-\" srcset=\"https:\/\/mouldking.store\/wp-content\/uploads\/2022\/11\/52TOYS-BB-03-13.jpg 1000w, https:\/\/mouldking.store\/wp-content\/uploads\/2022\/11\/52TOYS-BB-03-13-300x300.jpg 300w, https:\/\/mouldking.store\/wp-content\/uploads\/2022\/11\/52TOYS-BB-03-13-768x768.jpg 768w, https:\/\/mouldking.store\/wp-content\/uploads\/2022\/11\/52TOYS-BB-03-13-600x600.jpg 600w, https:\/\/mouldking.store\/wp-content\/uploads\/2022\/11\/52TOYS-BB-03-13-150x150.jpg 150w, https:\/\/mouldking.store\/wp-content\/uploads\/2022\/11\/52TOYS-BB-03-13-60x60.jpg 60w, https:\/\/mouldking.store\/wp-content\/uploads\/2022\/11\/52TOYS-BB-03-13-90x90.jpg 90w\" sizes=\"(max-width: 1000px) 100vw, 1000px\" \/><figcaption id=\"caption-attachment-34852\" class=\"wp-caption-text\">52\u0110\u1ed2 CH\u01a0I BB-03 Kh\u1ec9 Ape Cu\u1ed1i C\u00f9ng JoJo<\/figcaption><\/figure>\n<figure id=\"attachment_34853\" aria-describedby=\"caption-attachment-34853\" style=\"width: 842px\" class=\"wp-caption aligncenter\"><img decoding=\"async\" class=\"wp-image-34853 size-full\" src=\"https:\/\/mouldking.store\/wp-content\/uploads\/2022\/11\/52TOYS-BB-03-12.jpg\" alt=\"52TOYS BB-03 JoJo Final Ape Monkey\" width=\"842\" height=\"1024\" title=\"-\" srcset=\"https:\/\/mouldking.store\/wp-content\/uploads\/2022\/11\/52TOYS-BB-03-12.jpg 842w, https:\/\/mouldking.store\/wp-content\/uploads\/2022\/11\/52TOYS-BB-03-12-247x300.jpg 247w, https:\/\/mouldking.store\/wp-content\/uploads\/2022\/11\/52TOYS-BB-03-12-768x934.jpg 768w, https:\/\/mouldking.store\/wp-content\/uploads\/2022\/11\/52TOYS-BB-03-12-300x365.jpg 300w, https:\/\/mouldking.store\/wp-content\/uploads\/2022\/11\/52TOYS-BB-03-12-600x730.jpg 600w, https:\/\/mouldking.store\/wp-content\/uploads\/2022\/11\/52TOYS-BB-03-12-123x150.jpg 123w, https:\/\/mouldking.store\/wp-content\/uploads\/2022\/11\/52TOYS-BB-03-12-49x60.jpg 49w, https:\/\/mouldking.store\/wp-content\/uploads\/2022\/11\/52TOYS-BB-03-12-74x90.jpg 74w\" sizes=\"(max-width: 842px) 100vw, 842px\" \/><figcaption id=\"caption-attachment-34853\" class=\"wp-caption-text\">52\u0110\u1ed2 CH\u01a0I BB-03 Kh\u1ec9 Ape Cu\u1ed1i C\u00f9ng JoJo<\/figcaption><\/figure>\n<figure id=\"attachment_34854\" aria-describedby=\"caption-attachment-34854\" style=\"width: 1000px\" class=\"wp-caption aligncenter\"><img decoding=\"async\" class=\"wp-image-34854 size-full\" src=\"https:\/\/mouldking.store\/wp-content\/uploads\/2022\/11\/52TOYS-BB-03-11.jpg\" alt=\"52TOYS BB-03 JoJo Final Ape Monkey\" width=\"1000\" height=\"932\" title=\"-\" srcset=\"https:\/\/mouldking.store\/wp-content\/uploads\/2022\/11\/52TOYS-BB-03-11.jpg 1000w, https:\/\/mouldking.store\/wp-content\/uploads\/2022\/11\/52TOYS-BB-03-11-300x280.jpg 300w, https:\/\/mouldking.store\/wp-content\/uploads\/2022\/11\/52TOYS-BB-03-11-768x716.jpg 768w, https:\/\/mouldking.store\/wp-content\/uploads\/2022\/11\/52TOYS-BB-03-11-600x559.jpg 600w, https:\/\/mouldking.store\/wp-content\/uploads\/2022\/11\/52TOYS-BB-03-11-150x140.jpg 150w, https:\/\/mouldking.store\/wp-content\/uploads\/2022\/11\/52TOYS-BB-03-11-64x60.jpg 64w, https:\/\/mouldking.store\/wp-content\/uploads\/2022\/11\/52TOYS-BB-03-11-97x90.jpg 97w\" sizes=\"(max-width: 1000px) 100vw, 1000px\" \/><figcaption id=\"caption-attachment-34854\" class=\"wp-caption-text\">52\u0110\u1ed2 CH\u01a0I BB-03 Kh\u1ec9 Ape Cu\u1ed1i C\u00f9ng JoJo<\/figcaption><\/figure>\n<figure id=\"attachment_34855\" aria-describedby=\"caption-attachment-34855\" style=\"width: 1000px\" class=\"wp-caption aligncenter\"><img loading=\"lazy\" decoding=\"async\" class=\"wp-image-34855 size-full\" src=\"https:\/\/mouldking.store\/wp-content\/uploads\/2022\/11\/52TOYS-BB-03-10.jpg\" alt=\"52TOYS BB-03 JoJo Final Ape Monkey\" width=\"1000\" height=\"944\" title=\"-\" srcset=\"https:\/\/mouldking.store\/wp-content\/uploads\/2022\/11\/52TOYS-BB-03-10.jpg 1000w, https:\/\/mouldking.store\/wp-content\/uploads\/2022\/11\/52TOYS-BB-03-10-300x283.jpg 300w, https:\/\/mouldking.store\/wp-content\/uploads\/2022\/11\/52TOYS-BB-03-10-768x725.jpg 768w, https:\/\/mouldking.store\/wp-content\/uploads\/2022\/11\/52TOYS-BB-03-10-600x566.jpg 600w, https:\/\/mouldking.store\/wp-content\/uploads\/2022\/11\/52TOYS-BB-03-10-150x142.jpg 150w, https:\/\/mouldking.store\/wp-content\/uploads\/2022\/11\/52TOYS-BB-03-10-64x60.jpg 64w, https:\/\/mouldking.store\/wp-content\/uploads\/2022\/11\/52TOYS-BB-03-10-95x90.jpg 95w\" sizes=\"(max-width: 1000px) 100vw, 1000px\" \/><figcaption id=\"caption-attachment-34855\" class=\"wp-caption-text\">52\u0110\u1ed2 CH\u01a0I BB-03 Kh\u1ec9 Ape Cu\u1ed1i C\u00f9ng JoJo<\/figcaption><\/figure>\n<figure id=\"attachment_34856\" aria-describedby=\"caption-attachment-34856\" style=\"width: 780px\" class=\"wp-caption aligncenter\"><img loading=\"lazy\" decoding=\"async\" class=\"wp-image-34856 size-full\" src=\"https:\/\/mouldking.store\/wp-content\/uploads\/2022\/11\/52TOYS-BB-03-9.jpg\" alt=\"52TOYS BB-03 JoJo Final Ape Monkey\" width=\"780\" height=\"1024\" title=\"-\" srcset=\"https:\/\/mouldking.store\/wp-content\/uploads\/2022\/11\/52TOYS-BB-03-9.jpg 780w, https:\/\/mouldking.store\/wp-content\/uploads\/2022\/11\/52TOYS-BB-03-9-229x300.jpg 229w, https:\/\/mouldking.store\/wp-content\/uploads\/2022\/11\/52TOYS-BB-03-9-768x1008.jpg 768w, https:\/\/mouldking.store\/wp-content\/uploads\/2022\/11\/52TOYS-BB-03-9-300x394.jpg 300w, https:\/\/mouldking.store\/wp-content\/uploads\/2022\/11\/52TOYS-BB-03-9-600x788.jpg 600w, https:\/\/mouldking.store\/wp-content\/uploads\/2022\/11\/52TOYS-BB-03-9-114x150.jpg 114w, https:\/\/mouldking.store\/wp-content\/uploads\/2022\/11\/52TOYS-BB-03-9-46x60.jpg 46w, https:\/\/mouldking.store\/wp-content\/uploads\/2022\/11\/52TOYS-BB-03-9-69x90.jpg 69w\" sizes=\"(max-width: 780px) 100vw, 780px\" \/><figcaption id=\"caption-attachment-34856\" class=\"wp-caption-text\">52\u0110\u1ed2 CH\u01a0I BB-03 Kh\u1ec9 Ape Cu\u1ed1i C\u00f9ng JoJo<\/figcaption><\/figure>\n<figure id=\"attachment_34857\" aria-describedby=\"caption-attachment-34857\" style=\"width: 1024px\" class=\"wp-caption aligncenter\"><img loading=\"lazy\" decoding=\"async\" class=\"wp-image-34857 size-full\" src=\"https:\/\/mouldking.store\/wp-content\/uploads\/2022\/11\/52TOYS-BB-03-8.jpg\" alt=\"52TOYS BB-03 JoJo Final Ape Monkey\" width=\"1024\" height=\"683\" title=\"-\" srcset=\"https:\/\/mouldking.store\/wp-content\/uploads\/2022\/11\/52TOYS-BB-03-8.jpg 1024w, https:\/\/mouldking.store\/wp-content\/uploads\/2022\/11\/52TOYS-BB-03-8-300x200.jpg 300w, https:\/\/mouldking.store\/wp-content\/uploads\/2022\/11\/52TOYS-BB-03-8-768x512.jpg 768w, https:\/\/mouldking.store\/wp-content\/uploads\/2022\/11\/52TOYS-BB-03-8-600x400.jpg 600w, https:\/\/mouldking.store\/wp-content\/uploads\/2022\/11\/52TOYS-BB-03-8-150x100.jpg 150w, https:\/\/mouldking.store\/wp-content\/uploads\/2022\/11\/52TOYS-BB-03-8-90x60.jpg 90w, https:\/\/mouldking.store\/wp-content\/uploads\/2022\/11\/52TOYS-BB-03-8-135x90.jpg 135w\" sizes=\"(max-width: 1024px) 100vw, 1024px\" \/><figcaption id=\"caption-attachment-34857\" class=\"wp-caption-text\">52\u0110\u1ed2 CH\u01a0I BB-03 Kh\u1ec9 Ape Cu\u1ed1i C\u00f9ng JoJo<\/figcaption><\/figure>\n<figure id=\"attachment_34858\" aria-describedby=\"caption-attachment-34858\" style=\"width: 1024px\" class=\"wp-caption aligncenter\"><img loading=\"lazy\" decoding=\"async\" class=\"wp-image-34858 size-full\" src=\"https:\/\/mouldking.store\/wp-content\/uploads\/2022\/11\/52TOYS-BB-03-7.jpg\" alt=\"52TOYS BB-03 JoJo Final Ape Monkey\" width=\"1024\" height=\"683\" title=\"-\" srcset=\"https:\/\/mouldking.store\/wp-content\/uploads\/2022\/11\/52TOYS-BB-03-7.jpg 1024w, https:\/\/mouldking.store\/wp-content\/uploads\/2022\/11\/52TOYS-BB-03-7-300x200.jpg 300w, https:\/\/mouldking.store\/wp-content\/uploads\/2022\/11\/52TOYS-BB-03-7-768x512.jpg 768w, https:\/\/mouldking.store\/wp-content\/uploads\/2022\/11\/52TOYS-BB-03-7-600x400.jpg 600w, https:\/\/mouldking.store\/wp-content\/uploads\/2022\/11\/52TOYS-BB-03-7-150x100.jpg 150w, https:\/\/mouldking.store\/wp-content\/uploads\/2022\/11\/52TOYS-BB-03-7-90x60.jpg 90w, https:\/\/mouldking.store\/wp-content\/uploads\/2022\/11\/52TOYS-BB-03-7-135x90.jpg 135w\" sizes=\"(max-width: 1024px) 100vw, 1024px\" \/><figcaption id=\"caption-attachment-34858\" class=\"wp-caption-text\">52\u0110\u1ed2 CH\u01a0I BB-03 Kh\u1ec9 Ape Cu\u1ed1i C\u00f9ng JoJo<\/figcaption><\/figure>\n<figure id=\"attachment_34859\" aria-describedby=\"caption-attachment-34859\" style=\"width: 1024px\" class=\"wp-caption aligncenter\"><img loading=\"lazy\" decoding=\"async\" class=\"wp-image-34859 size-full\" src=\"https:\/\/mouldking.store\/wp-content\/uploads\/2022\/11\/52TOYS-BB-03-6.jpg\" alt=\"52TOYS BB-03 JoJo Final Ape Monkey\" width=\"1024\" height=\"683\" title=\"-\" srcset=\"https:\/\/mouldking.store\/wp-content\/uploads\/2022\/11\/52TOYS-BB-03-6.jpg 1024w, https:\/\/mouldking.store\/wp-content\/uploads\/2022\/11\/52TOYS-BB-03-6-300x200.jpg 300w, https:\/\/mouldking.store\/wp-content\/uploads\/2022\/11\/52TOYS-BB-03-6-768x512.jpg 768w, https:\/\/mouldking.store\/wp-content\/uploads\/2022\/11\/52TOYS-BB-03-6-600x400.jpg 600w, https:\/\/mouldking.store\/wp-content\/uploads\/2022\/11\/52TOYS-BB-03-6-150x100.jpg 150w, https:\/\/mouldking.store\/wp-content\/uploads\/2022\/11\/52TOYS-BB-03-6-90x60.jpg 90w, https:\/\/mouldking.store\/wp-content\/uploads\/2022\/11\/52TOYS-BB-03-6-135x90.jpg 135w\" sizes=\"(max-width: 1024px) 100vw, 1024px\" \/><figcaption id=\"caption-attachment-34859\" class=\"wp-caption-text\">52\u0110\u1ed2 CH\u01a0I BB-03 Kh\u1ec9 Ape Cu\u1ed1i C\u00f9ng JoJo<\/figcaption><\/figure>\n<figure id=\"attachment_34860\" aria-describedby=\"caption-attachment-34860\" style=\"width: 1024px\" class=\"wp-caption aligncenter\"><img loading=\"lazy\" decoding=\"async\" class=\"wp-image-34860 size-full\" src=\"https:\/\/mouldking.store\/wp-content\/uploads\/2022\/11\/52TOYS-BB-03-5.jpg\" alt=\"52TOYS BB-03 JoJo Final Ape Monkey\" width=\"1024\" height=\"683\" title=\"-\" srcset=\"https:\/\/mouldking.store\/wp-content\/uploads\/2022\/11\/52TOYS-BB-03-5.jpg 1024w, https:\/\/mouldking.store\/wp-content\/uploads\/2022\/11\/52TOYS-BB-03-5-300x200.jpg 300w, https:\/\/mouldking.store\/wp-content\/uploads\/2022\/11\/52TOYS-BB-03-5-768x512.jpg 768w, https:\/\/mouldking.store\/wp-content\/uploads\/2022\/11\/52TOYS-BB-03-5-600x400.jpg 600w, https:\/\/mouldking.store\/wp-content\/uploads\/2022\/11\/52TOYS-BB-03-5-150x100.jpg 150w, https:\/\/mouldking.store\/wp-content\/uploads\/2022\/11\/52TOYS-BB-03-5-90x60.jpg 90w, https:\/\/mouldking.store\/wp-content\/uploads\/2022\/11\/52TOYS-BB-03-5-135x90.jpg 135w\" sizes=\"(max-width: 1024px) 100vw, 1024px\" \/><figcaption id=\"caption-attachment-34860\" class=\"wp-caption-text\">52\u0110\u1ed2 CH\u01a0I BB-03 Kh\u1ec9 Ape Cu\u1ed1i C\u00f9ng JoJo<\/figcaption><\/figure>\n<figure id=\"attachment_34861\" aria-describedby=\"caption-attachment-34861\" style=\"width: 1024px\" class=\"wp-caption aligncenter\"><img loading=\"lazy\" decoding=\"async\" class=\"wp-image-34861 size-full\" src=\"https:\/\/mouldking.store\/wp-content\/uploads\/2022\/11\/52TOYS-BB-03-4.jpg\" alt=\"52TOYS BB-03 JoJo Final Ape Monkey\" width=\"1024\" height=\"683\" title=\"-\" srcset=\"https:\/\/mouldking.store\/wp-content\/uploads\/2022\/11\/52TOYS-BB-03-4.jpg 1024w, https:\/\/mouldking.store\/wp-content\/uploads\/2022\/11\/52TOYS-BB-03-4-300x200.jpg 300w, https:\/\/mouldking.store\/wp-content\/uploads\/2022\/11\/52TOYS-BB-03-4-768x512.jpg 768w, https:\/\/mouldking.store\/wp-content\/uploads\/2022\/11\/52TOYS-BB-03-4-600x400.jpg 600w, https:\/\/mouldking.store\/wp-content\/uploads\/2022\/11\/52TOYS-BB-03-4-150x100.jpg 150w, https:\/\/mouldking.store\/wp-content\/uploads\/2022\/11\/52TOYS-BB-03-4-90x60.jpg 90w, https:\/\/mouldking.store\/wp-content\/uploads\/2022\/11\/52TOYS-BB-03-4-135x90.jpg 135w\" sizes=\"(max-width: 1024px) 100vw, 1024px\" \/><figcaption id=\"caption-attachment-34861\" class=\"wp-caption-text\">52\u0110\u1ed2 CH\u01a0I BB-03 Kh\u1ec9 Ape Cu\u1ed1i C\u00f9ng JoJo<\/figcaption><\/figure>\n<figure id=\"attachment_34862\" aria-describedby=\"caption-attachment-34862\" style=\"width: 1024px\" class=\"wp-caption aligncenter\"><img loading=\"lazy\" decoding=\"async\" class=\"wp-image-34862 size-full\" src=\"https:\/\/mouldking.store\/wp-content\/uploads\/2022\/11\/52TOYS-BB-03-3.jpg\" alt=\"52TOYS BB-03 JoJo Final Ape Monkey\" width=\"1024\" height=\"683\" title=\"-\" srcset=\"https:\/\/mouldking.store\/wp-content\/uploads\/2022\/11\/52TOYS-BB-03-3.jpg 1024w, https:\/\/mouldking.store\/wp-content\/uploads\/2022\/11\/52TOYS-BB-03-3-300x200.jpg 300w, https:\/\/mouldking.store\/wp-content\/uploads\/2022\/11\/52TOYS-BB-03-3-768x512.jpg 768w, https:\/\/mouldking.store\/wp-content\/uploads\/2022\/11\/52TOYS-BB-03-3-600x400.jpg 600w, https:\/\/mouldking.store\/wp-content\/uploads\/2022\/11\/52TOYS-BB-03-3-150x100.jpg 150w, https:\/\/mouldking.store\/wp-content\/uploads\/2022\/11\/52TOYS-BB-03-3-90x60.jpg 90w, https:\/\/mouldking.store\/wp-content\/uploads\/2022\/11\/52TOYS-BB-03-3-135x90.jpg 135w\" sizes=\"(max-width: 1024px) 100vw, 1024px\" \/><figcaption id=\"caption-attachment-34862\" class=\"wp-caption-text\">52\u0110\u1ed2 CH\u01a0I BB-03 Kh\u1ec9 Ape Cu\u1ed1i C\u00f9ng JoJo<\/figcaption><\/figure>\n<figure id=\"attachment_34863\" aria-describedby=\"caption-attachment-34863\" style=\"width: 1024px\" class=\"wp-caption aligncenter\"><img loading=\"lazy\" decoding=\"async\" class=\"wp-image-34863 size-full\" src=\"https:\/\/mouldking.store\/wp-content\/uploads\/2022\/11\/52TOYS-BB-03-2.jpg\" alt=\"52TOYS BB-03 JoJo Final Ape Monkey\" width=\"1024\" height=\"683\" title=\"-\" srcset=\"https:\/\/mouldking.store\/wp-content\/uploads\/2022\/11\/52TOYS-BB-03-2.jpg 1024w, https:\/\/mouldking.store\/wp-content\/uploads\/2022\/11\/52TOYS-BB-03-2-300x200.jpg 300w, https:\/\/mouldking.store\/wp-content\/uploads\/2022\/11\/52TOYS-BB-03-2-768x512.jpg 768w, https:\/\/mouldking.store\/wp-content\/uploads\/2022\/11\/52TOYS-BB-03-2-600x400.jpg 600w, https:\/\/mouldking.store\/wp-content\/uploads\/2022\/11\/52TOYS-BB-03-2-150x100.jpg 150w, https:\/\/mouldking.store\/wp-content\/uploads\/2022\/11\/52TOYS-BB-03-2-90x60.jpg 90w, https:\/\/mouldking.store\/wp-content\/uploads\/2022\/11\/52TOYS-BB-03-2-135x90.jpg 135w\" sizes=\"(max-width: 1024px) 100vw, 1024px\" \/><figcaption id=\"caption-attachment-34863\" class=\"wp-caption-text\">52\u0110\u1ed2 CH\u01a0I BB-03 Kh\u1ec9 Ape Cu\u1ed1i C\u00f9ng JoJo<\/figcaption><\/figure>\n<figure id=\"attachment_34864\" aria-describedby=\"caption-attachment-34864\" style=\"width: 1000px\" class=\"wp-caption aligncenter\"><img loading=\"lazy\" decoding=\"async\" class=\"wp-image-34864 size-full\" src=\"https:\/\/mouldking.store\/wp-content\/uploads\/2022\/11\/52TOYS-BB-03.jpg\" alt=\"52TOYS BB-03 JoJo Final Ape Monkey\" width=\"1000\" height=\"772\" title=\"-\" srcset=\"https:\/\/mouldking.store\/wp-content\/uploads\/2022\/11\/52TOYS-BB-03.jpg 1000w, https:\/\/mouldking.store\/wp-content\/uploads\/2022\/11\/52TOYS-BB-03-300x232.jpg 300w, https:\/\/mouldking.store\/wp-content\/uploads\/2022\/11\/52TOYS-BB-03-768x593.jpg 768w, https:\/\/mouldking.store\/wp-content\/uploads\/2022\/11\/52TOYS-BB-03-600x463.jpg 600w, https:\/\/mouldking.store\/wp-content\/uploads\/2022\/11\/52TOYS-BB-03-150x116.jpg 150w, https:\/\/mouldking.store\/wp-content\/uploads\/2022\/11\/52TOYS-BB-03-78x60.jpg 78w, https:\/\/mouldking.store\/wp-content\/uploads\/2022\/11\/52TOYS-BB-03-117x90.jpg 117w\" sizes=\"(max-width: 1000px) 100vw, 1000px\" \/><figcaption id=\"caption-attachment-34864\" class=\"wp-caption-text\">52\u0110\u1ed2 CH\u01a0I BB-03 Kh\u1ec9 Ape Cu\u1ed1i C\u00f9ng JoJo<\/figcaption><\/figure>","protected":false},"excerpt":{"rendered":"<p>Product information: Brand: 52TOYS Gender: Unisex Name: JoJo Final Ape Monkey Age Range: &gt; 6 years old Model Number: BB-03 Classification: Assemblage Plastic Block Shape: Self-Locking Bricks Material: Plastic Plastic Type: ABS Size: 12 cm Contains detailed assembly instructions. Notice: 1. Without an original box, but we guarantee our products have quality assurance and nice [&hellip;]<\/p>","protected":false},"featured_media":34852,"comment_status":"closed","ping_status":"closed","template":"","meta":{"_acf_changed":false},"product_cat":[1365],"product_tag":[6179,7166,7162,7163,7164,6922,7167,7165],"class_list":["product","first","instock","shipping-taxable","purchasable","product-type-simple"],"acf":[],"_links":{"self":[{"href":"https:\/\/mouldking.store\/vi\/wp-json\/wp\/v2\/product\/34851","targetHints":{"allow":["GET"]}}],"collection":[{"href":"https:\/\/mouldking.store\/vi\/wp-json\/wp\/v2\/product"}],"about":[{"href":"https:\/\/mouldking.store\/vi\/wp-json\/wp\/v2\/types\/product"}],"replies":[{"embeddable":true,"href":"https:\/\/mouldking.store\/vi\/wp-json\/wp\/v2\/comments?post=34851"}],"wp:featuredmedia":[{"embeddable":true,"href":"https:\/\/mouldking.store\/vi\/wp-json\/wp\/v2\/media\/34852"}],"wp:attachment":[{"href":"https:\/\/mouldking.store\/vi\/wp-json\/wp\/v2\/media?parent=34851"}],"wp:term":[{"taxonomy":"product_cat","embeddable":true,"href":"https:\/\/mouldking.store\/vi\/wp-json\/wp\/v2\/product_cat?post=34851"},{"taxonomy":"product_tag","embeddable":true,"href":"https:\/\/mouldking.store\/vi\/wp-json\/wp\/v2\/product_tag?post=34851"}],"curies":[{"name":"wp","href":"https:\/\/api.w.org\/{rel}","templated":true}]}}