{"id":34877,"date":"2022-11-08T12:29:19","date_gmt":"2022-11-08T05:29:19","guid":{"rendered":"https:\/\/mouldking.store\/?post_type=product&#038;p=34877"},"modified":"2022-11-08T12:29:19","modified_gmt":"2022-11-08T05:29:19","slug":"jie-star-6366-purple-lamborghini-sports-car-with-1212-pieces","status":"publish","type":"product","link":"https:\/\/mouldking.store\/vi\/shop\/jie-star-6366-purple-lamborghini-sports-car-with-1212-pieces\/","title":{"rendered":"JIE STAR 6366 Xe th\u1ec3 thao Lamborghini m\u00e0u t\u00edm v\u1edbi 1212 m\u1ea3nh gh\u00e9p"},"content":{"rendered":"<p>Th\u00f4ng tin s\u1ea3n ph\u1ea9m:<\/p>\n<ol>\n<li>Th\u01b0\u01a1ng hi\u1ec7u: JIE SAO<\/li>\n<li>Gi\u1edbi t\u00ednh: Unisex<\/li>\n<li>Name: Purple Lamborghini Sports Car<\/li>\n<li>\u0110\u1ed9 tu\u1ed5i: &gt; 6 tu\u1ed5i<\/li>\n<li>S\u1ed1 m\u00f4 h\u00ecnh: 6366<\/li>\n<li>Ph\u00e2n lo\u1ea1i: T\u1eadp h\u1ee3p<\/li>\n<li>H\u00ecnh d\u1ea1ng kh\u1ed1i nh\u1ef1a: G\u1ea1ch t\u1ef1 kh\u00f3a<\/li>\n<li>Ch\u1ea5t li\u1ec7u: Nh\u1ef1a<\/li>\n<li>Lo\u1ea1i nh\u1ef1a: ABS<\/li>\n<li>Bricks Blocks:1212 PCS<\/li>\n<li>Size: 35.7\u00d78.78cm<\/li>\n<li>Ch\u1ee9a h\u01b0\u1edbng d\u1eabn l\u1eafp r\u00e1p chi ti\u1ebft.<\/li>\n<\/ol>\n<p>\u0110\u1ec3 \u00fd:<br \/>\n1. Kh\u00f4ng c\u00f3 h\u1ed9p ban \u0111\u1ea7u, nh\u01b0ng ch\u00fang t\u00f4i \u0111\u1ea3m b\u1ea3o s\u1ea3n ph\u1ea9m c\u1ee7a ch\u00fang t\u00f4i c\u00f3 ch\u1ea5t l\u01b0\u1ee3ng \u0111\u1ea3m b\u1ea3o v\u00e0 bao b\u00ec \u0111\u1eb9p.<br \/>\n2. V\u00ec t\u1ea5t c\u1ea3 c\u00e1c b\u1ed9 ph\u1eadn ch\u00fang t\u00f4i \u0111\u00e3 ki\u1ec3m tra tr\u01b0\u1edbc khi v\u1eadn chuy\u1ec3n, v\u00ec v\u1eady n\u1ebfu b\u1ea1n th\u1ea5y m\u1ed9t s\u1ed1 b\u1ed9 ph\u1eadn b\u1ecb thi\u1ebfu ho\u1eb7c h\u01b0 h\u1ecfng, \u0111\u1eebng lo l\u1eafng v\u00e0 ch\u1ec9 c\u1ea7n vui l\u00f2ng li\u00ean h\u1ec7 v\u1edbi ch\u00fang t\u00f4i v\u00e0 ch\u00fang t\u00f4i c\u00f3 th\u1ec3 g\u1eedi l\u1ea1i mi\u1ec5n ph\u00ed cho b\u1ea1n ngay l\u1eadp t\u1ee9c.<\/p>\n<figure id=\"attachment_34878\" aria-describedby=\"caption-attachment-34878\" style=\"width: 1024px\" class=\"wp-caption aligncenter\"><img fetchpriority=\"high\" decoding=\"async\" class=\"wp-image-34878 size-full\" src=\"https:\/\/mouldking.store\/wp-content\/uploads\/2022\/11\/JIE-STAR-6366-5.jpg\" alt=\"JIE STAR 6366 Purple Lamborghini Sports Car With 1212 Pieces\" width=\"1024\" height=\"1024\" title=\"-\" srcset=\"https:\/\/mouldking.store\/wp-content\/uploads\/2022\/11\/JIE-STAR-6366-5.jpg 1024w, https:\/\/mouldking.store\/wp-content\/uploads\/2022\/11\/JIE-STAR-6366-5-300x300.jpg 300w, https:\/\/mouldking.store\/wp-content\/uploads\/2022\/11\/JIE-STAR-6366-5-768x768.jpg 768w, https:\/\/mouldking.store\/wp-content\/uploads\/2022\/11\/JIE-STAR-6366-5-600x600.jpg 600w, https:\/\/mouldking.store\/wp-content\/uploads\/2022\/11\/JIE-STAR-6366-5-150x150.jpg 150w, https:\/\/mouldking.store\/wp-content\/uploads\/2022\/11\/JIE-STAR-6366-5-60x60.jpg 60w, https:\/\/mouldking.store\/wp-content\/uploads\/2022\/11\/JIE-STAR-6366-5-90x90.jpg 90w\" sizes=\"(max-width: 1024px) 100vw, 1024px\" \/><figcaption id=\"caption-attachment-34878\" class=\"wp-caption-text\">JIE STAR 6366 Xe th\u1ec3 thao Lamborghini m\u00e0u t\u00edm v\u1edbi 1212 m\u1ea3nh gh\u00e9p<\/figcaption><\/figure>\n<figure id=\"attachment_34879\" aria-describedby=\"caption-attachment-34879\" style=\"width: 800px\" class=\"wp-caption aligncenter\"><img decoding=\"async\" class=\"wp-image-34879 size-full\" src=\"https:\/\/mouldking.store\/wp-content\/uploads\/2022\/11\/JIE-STAR-6366-4.jpg\" alt=\"JIE STAR 6366 Purple Lamborghini Sports Car With 1212 Pieces\" width=\"800\" height=\"800\" title=\"-\" srcset=\"https:\/\/mouldking.store\/wp-content\/uploads\/2022\/11\/JIE-STAR-6366-4.jpg 800w, https:\/\/mouldking.store\/wp-content\/uploads\/2022\/11\/JIE-STAR-6366-4-300x300.jpg 300w, https:\/\/mouldking.store\/wp-content\/uploads\/2022\/11\/JIE-STAR-6366-4-768x768.jpg 768w, https:\/\/mouldking.store\/wp-content\/uploads\/2022\/11\/JIE-STAR-6366-4-600x600.jpg 600w, https:\/\/mouldking.store\/wp-content\/uploads\/2022\/11\/JIE-STAR-6366-4-150x150.jpg 150w, https:\/\/mouldking.store\/wp-content\/uploads\/2022\/11\/JIE-STAR-6366-4-60x60.jpg 60w, https:\/\/mouldking.store\/wp-content\/uploads\/2022\/11\/JIE-STAR-6366-4-90x90.jpg 90w\" sizes=\"(max-width: 800px) 100vw, 800px\" \/><figcaption id=\"caption-attachment-34879\" class=\"wp-caption-text\">JIE STAR 6366 Xe th\u1ec3 thao Lamborghini m\u00e0u t\u00edm v\u1edbi 1212 m\u1ea3nh gh\u00e9p<\/figcaption><\/figure>\n<figure id=\"attachment_34880\" aria-describedby=\"caption-attachment-34880\" style=\"width: 819px\" class=\"wp-caption aligncenter\"><img decoding=\"async\" class=\"wp-image-34880 size-full\" src=\"https:\/\/mouldking.store\/wp-content\/uploads\/2022\/11\/JIE-STAR-6366-3.jpg\" alt=\"JIE STAR 6366 Purple Lamborghini Sports Car With 1212 Pieces\" width=\"819\" height=\"1024\" title=\"-\" srcset=\"https:\/\/mouldking.store\/wp-content\/uploads\/2022\/11\/JIE-STAR-6366-3.jpg 819w, https:\/\/mouldking.store\/wp-content\/uploads\/2022\/11\/JIE-STAR-6366-3-240x300.jpg 240w, https:\/\/mouldking.store\/wp-content\/uploads\/2022\/11\/JIE-STAR-6366-3-768x960.jpg 768w, https:\/\/mouldking.store\/wp-content\/uploads\/2022\/11\/JIE-STAR-6366-3-300x375.jpg 300w, https:\/\/mouldking.store\/wp-content\/uploads\/2022\/11\/JIE-STAR-6366-3-600x750.jpg 600w, https:\/\/mouldking.store\/wp-content\/uploads\/2022\/11\/JIE-STAR-6366-3-120x150.jpg 120w, https:\/\/mouldking.store\/wp-content\/uploads\/2022\/11\/JIE-STAR-6366-3-48x60.jpg 48w, https:\/\/mouldking.store\/wp-content\/uploads\/2022\/11\/JIE-STAR-6366-3-72x90.jpg 72w\" sizes=\"(max-width: 819px) 100vw, 819px\" \/><figcaption id=\"caption-attachment-34880\" class=\"wp-caption-text\">JIE STAR 6366 Xe th\u1ec3 thao Lamborghini m\u00e0u t\u00edm v\u1edbi 1212 m\u1ea3nh gh\u00e9p<\/figcaption><\/figure>\n<figure id=\"attachment_34881\" aria-describedby=\"caption-attachment-34881\" style=\"width: 620px\" class=\"wp-caption aligncenter\"><img loading=\"lazy\" decoding=\"async\" class=\"wp-image-34881 size-full\" src=\"https:\/\/mouldking.store\/wp-content\/uploads\/2022\/11\/JIE-STAR-6366-2.jpg\" alt=\"JIE STAR 6366 Purple Lamborghini Sports Car With 1212 Pieces\" width=\"620\" height=\"1024\" title=\"-\" srcset=\"https:\/\/mouldking.store\/wp-content\/uploads\/2022\/11\/JIE-STAR-6366-2.jpg 620w, https:\/\/mouldking.store\/wp-content\/uploads\/2022\/11\/JIE-STAR-6366-2-182x300.jpg 182w, https:\/\/mouldking.store\/wp-content\/uploads\/2022\/11\/JIE-STAR-6366-2-300x495.jpg 300w, https:\/\/mouldking.store\/wp-content\/uploads\/2022\/11\/JIE-STAR-6366-2-600x991.jpg 600w, https:\/\/mouldking.store\/wp-content\/uploads\/2022\/11\/JIE-STAR-6366-2-91x150.jpg 91w, https:\/\/mouldking.store\/wp-content\/uploads\/2022\/11\/JIE-STAR-6366-2-36x60.jpg 36w, https:\/\/mouldking.store\/wp-content\/uploads\/2022\/11\/JIE-STAR-6366-2-54x90.jpg 54w\" sizes=\"(max-width: 620px) 100vw, 620px\" \/><figcaption id=\"caption-attachment-34881\" class=\"wp-caption-text\">JIE STAR 6366 Xe th\u1ec3 thao Lamborghini m\u00e0u t\u00edm v\u1edbi 1212 m\u1ea3nh gh\u00e9p<\/figcaption><\/figure>\n<figure id=\"attachment_34882\" aria-describedby=\"caption-attachment-34882\" style=\"width: 1024px\" class=\"wp-caption aligncenter\"><img loading=\"lazy\" decoding=\"async\" class=\"wp-image-34882 size-full\" src=\"https:\/\/mouldking.store\/wp-content\/uploads\/2022\/11\/JIE-STAR-6366.jpg\" alt=\"JIE STAR 6366 Purple Lamborghini Sports Car With 1212 Pieces\" width=\"1024\" height=\"1024\" title=\"-\" srcset=\"https:\/\/mouldking.store\/wp-content\/uploads\/2022\/11\/JIE-STAR-6366.jpg 1024w, https:\/\/mouldking.store\/wp-content\/uploads\/2022\/11\/JIE-STAR-6366-300x300.jpg 300w, https:\/\/mouldking.store\/wp-content\/uploads\/2022\/11\/JIE-STAR-6366-768x768.jpg 768w, https:\/\/mouldking.store\/wp-content\/uploads\/2022\/11\/JIE-STAR-6366-600x600.jpg 600w, https:\/\/mouldking.store\/wp-content\/uploads\/2022\/11\/JIE-STAR-6366-150x150.jpg 150w, https:\/\/mouldking.store\/wp-content\/uploads\/2022\/11\/JIE-STAR-6366-60x60.jpg 60w, https:\/\/mouldking.store\/wp-content\/uploads\/2022\/11\/JIE-STAR-6366-90x90.jpg 90w\" sizes=\"(max-width: 1024px) 100vw, 1024px\" \/><figcaption id=\"caption-attachment-34882\" class=\"wp-caption-text\">JIE STAR 6366 Xe th\u1ec3 thao Lamborghini m\u00e0u t\u00edm v\u1edbi 1212 m\u1ea3nh gh\u00e9p<\/figcaption><\/figure>","protected":false},"excerpt":{"rendered":"<p>Product information: Brand: JIE STAR Gender: Unisex Name: Purple Lamborghini Sports Car Age Range: &gt; 6 years old Model Number: 6366 Classification: Assemblage Plastic Block Shape: Self-Locking Bricks Material: Plastic Plastic Type: ABS Bricks Blocks:1212 PCS Size: 35.7\u00d78.78cm Contains detailed assembly instructions. Notice: 1. Without an original box, but we guarantee our products have quality [&hellip;]<\/p>","protected":false},"featured_media":34878,"comment_status":"closed","ping_status":"closed","template":"","meta":{"_acf_changed":false},"product_cat":[1357],"product_tag":[7180,2256,7182,7179,596,7181,7183,7184,5166],"class_list":["product","first","instock","shipping-taxable","purchasable","product-type-simple"],"acf":[],"_links":{"self":[{"href":"https:\/\/mouldking.store\/vi\/wp-json\/wp\/v2\/product\/34877","targetHints":{"allow":["GET"]}}],"collection":[{"href":"https:\/\/mouldking.store\/vi\/wp-json\/wp\/v2\/product"}],"about":[{"href":"https:\/\/mouldking.store\/vi\/wp-json\/wp\/v2\/types\/product"}],"replies":[{"embeddable":true,"href":"https:\/\/mouldking.store\/vi\/wp-json\/wp\/v2\/comments?post=34877"}],"wp:featuredmedia":[{"embeddable":true,"href":"https:\/\/mouldking.store\/vi\/wp-json\/wp\/v2\/media\/34878"}],"wp:attachment":[{"href":"https:\/\/mouldking.store\/vi\/wp-json\/wp\/v2\/media?parent=34877"}],"wp:term":[{"taxonomy":"product_cat","embeddable":true,"href":"https:\/\/mouldking.store\/vi\/wp-json\/wp\/v2\/product_cat?post=34877"},{"taxonomy":"product_tag","embeddable":true,"href":"https:\/\/mouldking.store\/vi\/wp-json\/wp\/v2\/product_tag?post=34877"}],"curies":[{"name":"wp","href":"https:\/\/api.w.org\/{rel}","templated":true}]}}