{"id":35081,"date":"2022-11-18T09:32:47","date_gmt":"2022-11-18T02:32:47","guid":{"rendered":"https:\/\/mouldking.store\/?post_type=product&#038;p=35081"},"modified":"2022-11-18T09:32:48","modified_gmt":"2022-11-18T02:32:48","slug":"tgl-t5029-batman-car-with-1828-pieces","status":"publish","type":"product","link":"https:\/\/mouldking.store\/vi\/shop\/tgl-t5029-batman-car-with-1828-pieces\/","title":{"rendered":"TGL T5029 Batman Car With 1828 Pieces"},"content":{"rendered":"<p>Th\u00f4ng tin s\u1ea3n ph\u1ea9m:<\/p>\n<ol>\n<li>Th\u01b0\u01a1ng hi\u1ec7u: TGL<\/li>\n<li>Gi\u1edbi t\u00ednh: Unisex<\/li>\n<li>Name: Batman Car<\/li>\n<li>\u0110\u1ed9 tu\u1ed5i: &gt; 6 tu\u1ed5i<\/li>\n<li>S\u1ed1 m\u00f4 h\u00ecnh: T5029<\/li>\n<li>Ph\u00e2n lo\u1ea1i: T\u1eadp h\u1ee3p<\/li>\n<li>H\u00ecnh d\u1ea1ng kh\u1ed1i nh\u1ef1a: G\u1ea1ch t\u1ef1 kh\u00f3a<\/li>\n<li>Ch\u1ea5t li\u1ec7u: Nh\u1ef1a<\/li>\n<li>Lo\u1ea1i nh\u1ef1a: ABS<\/li>\n<li>Bricks Blocks:1828 PCS<\/li>\n<li>K\u00edch th\u01b0\u1edbc: 53,7 \u00d7 22,9 \u00d7 16 cm<\/li>\n<li>Ch\u1ee9a h\u01b0\u1edbng d\u1eabn l\u1eafp r\u00e1p chi ti\u1ebft.<\/li>\n<\/ol>\n<p>\u0110\u1ec3 \u00fd:<br \/>\n1. Kh\u00f4ng c\u00f3 h\u1ed9p ban \u0111\u1ea7u, nh\u01b0ng ch\u00fang t\u00f4i \u0111\u1ea3m b\u1ea3o s\u1ea3n ph\u1ea9m c\u1ee7a ch\u00fang t\u00f4i c\u00f3 ch\u1ea5t l\u01b0\u1ee3ng \u0111\u1ea3m b\u1ea3o v\u00e0 bao b\u00ec \u0111\u1eb9p.<br \/>\n2. V\u00ec t\u1ea5t c\u1ea3 c\u00e1c b\u1ed9 ph\u1eadn ch\u00fang t\u00f4i \u0111\u00e3 ki\u1ec3m tra tr\u01b0\u1edbc khi v\u1eadn chuy\u1ec3n, v\u00ec v\u1eady n\u1ebfu b\u1ea1n th\u1ea5y m\u1ed9t s\u1ed1 b\u1ed9 ph\u1eadn b\u1ecb thi\u1ebfu ho\u1eb7c h\u01b0 h\u1ecfng, \u0111\u1eebng lo l\u1eafng v\u00e0 ch\u1ec9 c\u1ea7n vui l\u00f2ng li\u00ean h\u1ec7 v\u1edbi ch\u00fang t\u00f4i v\u00e0 ch\u00fang t\u00f4i c\u00f3 th\u1ec3 g\u1eedi l\u1ea1i mi\u1ec5n ph\u00ed cho b\u1ea1n ngay l\u1eadp t\u1ee9c.<\/p>\n<figure id=\"attachment_35082\" aria-describedby=\"caption-attachment-35082\" style=\"width: 1024px\" class=\"wp-caption aligncenter\"><img fetchpriority=\"high\" decoding=\"async\" class=\"wp-image-35082 size-full\" src=\"https:\/\/mouldking.store\/wp-content\/uploads\/2022\/11\/TGL-T5029-5.jpg\" alt=\"TGL T5029 Batman Car With 1828 Pieces\" width=\"1024\" height=\"1024\" title=\"-\" srcset=\"https:\/\/mouldking.store\/wp-content\/uploads\/2022\/11\/TGL-T5029-5.jpg 1024w, https:\/\/mouldking.store\/wp-content\/uploads\/2022\/11\/TGL-T5029-5-300x300.jpg 300w, https:\/\/mouldking.store\/wp-content\/uploads\/2022\/11\/TGL-T5029-5-768x768.jpg 768w, https:\/\/mouldking.store\/wp-content\/uploads\/2022\/11\/TGL-T5029-5-600x600.jpg 600w, https:\/\/mouldking.store\/wp-content\/uploads\/2022\/11\/TGL-T5029-5-150x150.jpg 150w, https:\/\/mouldking.store\/wp-content\/uploads\/2022\/11\/TGL-T5029-5-60x60.jpg 60w, https:\/\/mouldking.store\/wp-content\/uploads\/2022\/11\/TGL-T5029-5-90x90.jpg 90w\" sizes=\"(max-width: 1024px) 100vw, 1024px\" \/><figcaption id=\"caption-attachment-35082\" class=\"wp-caption-text\">TGL T5029 Batman Car With 1828 Pieces<\/figcaption><\/figure>\n<figure id=\"attachment_35083\" aria-describedby=\"caption-attachment-35083\" style=\"width: 674px\" class=\"wp-caption aligncenter\"><img decoding=\"async\" class=\"wp-image-35083 size-full\" src=\"https:\/\/mouldking.store\/wp-content\/uploads\/2022\/11\/TGL-T5029-4.jpg\" alt=\"TGL T5029 Batman Car With 1828 Pieces\" width=\"674\" height=\"1024\" title=\"-\" srcset=\"https:\/\/mouldking.store\/wp-content\/uploads\/2022\/11\/TGL-T5029-4.jpg 674w, https:\/\/mouldking.store\/wp-content\/uploads\/2022\/11\/TGL-T5029-4-197x300.jpg 197w, https:\/\/mouldking.store\/wp-content\/uploads\/2022\/11\/TGL-T5029-4-300x456.jpg 300w, https:\/\/mouldking.store\/wp-content\/uploads\/2022\/11\/TGL-T5029-4-600x912.jpg 600w, https:\/\/mouldking.store\/wp-content\/uploads\/2022\/11\/TGL-T5029-4-99x150.jpg 99w, https:\/\/mouldking.store\/wp-content\/uploads\/2022\/11\/TGL-T5029-4-39x60.jpg 39w, https:\/\/mouldking.store\/wp-content\/uploads\/2022\/11\/TGL-T5029-4-59x90.jpg 59w\" sizes=\"(max-width: 674px) 100vw, 674px\" \/><figcaption id=\"caption-attachment-35083\" class=\"wp-caption-text\">TGL T5029 Batman Car With 1828 Pieces<\/figcaption><\/figure>\n<figure id=\"attachment_35084\" aria-describedby=\"caption-attachment-35084\" style=\"width: 768px\" class=\"wp-caption aligncenter\"><img decoding=\"async\" class=\"wp-image-35084 size-full\" src=\"https:\/\/mouldking.store\/wp-content\/uploads\/2022\/11\/TGL-T5029-3.jpg\" alt=\"TGL T5029 Batman Car With 1828 Pieces\" width=\"768\" height=\"990\" title=\"-\" srcset=\"https:\/\/mouldking.store\/wp-content\/uploads\/2022\/11\/TGL-T5029-3.jpg 768w, https:\/\/mouldking.store\/wp-content\/uploads\/2022\/11\/TGL-T5029-3-233x300.jpg 233w, https:\/\/mouldking.store\/wp-content\/uploads\/2022\/11\/TGL-T5029-3-300x387.jpg 300w, https:\/\/mouldking.store\/wp-content\/uploads\/2022\/11\/TGL-T5029-3-600x773.jpg 600w, https:\/\/mouldking.store\/wp-content\/uploads\/2022\/11\/TGL-T5029-3-116x150.jpg 116w, https:\/\/mouldking.store\/wp-content\/uploads\/2022\/11\/TGL-T5029-3-47x60.jpg 47w, https:\/\/mouldking.store\/wp-content\/uploads\/2022\/11\/TGL-T5029-3-70x90.jpg 70w\" sizes=\"(max-width: 768px) 100vw, 768px\" \/><figcaption id=\"caption-attachment-35084\" class=\"wp-caption-text\">TGL T5029 Batman Car With 1828 Pieces<\/figcaption><\/figure>\n<figure id=\"attachment_35085\" aria-describedby=\"caption-attachment-35085\" style=\"width: 1024px\" class=\"wp-caption aligncenter\"><img loading=\"lazy\" decoding=\"async\" class=\"wp-image-35085 size-full\" src=\"https:\/\/mouldking.store\/wp-content\/uploads\/2022\/11\/TGL-T5029-2.jpg\" alt=\"TGL T5029 Batman Car With 1828 Pieces\" width=\"1024\" height=\"1024\" title=\"-\" srcset=\"https:\/\/mouldking.store\/wp-content\/uploads\/2022\/11\/TGL-T5029-2.jpg 1024w, https:\/\/mouldking.store\/wp-content\/uploads\/2022\/11\/TGL-T5029-2-300x300.jpg 300w, https:\/\/mouldking.store\/wp-content\/uploads\/2022\/11\/TGL-T5029-2-768x768.jpg 768w, https:\/\/mouldking.store\/wp-content\/uploads\/2022\/11\/TGL-T5029-2-600x600.jpg 600w, https:\/\/mouldking.store\/wp-content\/uploads\/2022\/11\/TGL-T5029-2-150x150.jpg 150w, https:\/\/mouldking.store\/wp-content\/uploads\/2022\/11\/TGL-T5029-2-60x60.jpg 60w, https:\/\/mouldking.store\/wp-content\/uploads\/2022\/11\/TGL-T5029-2-90x90.jpg 90w\" sizes=\"(max-width: 1024px) 100vw, 1024px\" \/><figcaption id=\"caption-attachment-35085\" class=\"wp-caption-text\">TGL T5029 Batman Car With 1828 Pieces<\/figcaption><\/figure>\n<figure id=\"attachment_35086\" aria-describedby=\"caption-attachment-35086\" style=\"width: 1024px\" class=\"wp-caption aligncenter\"><img loading=\"lazy\" decoding=\"async\" class=\"wp-image-35086 size-full\" src=\"https:\/\/mouldking.store\/wp-content\/uploads\/2022\/11\/TGL-T5029-1.jpg\" alt=\"TGL T5029 Batman Car With 1828 Pieces\" width=\"1024\" height=\"1024\" title=\"-\" srcset=\"https:\/\/mouldking.store\/wp-content\/uploads\/2022\/11\/TGL-T5029-1.jpg 1024w, https:\/\/mouldking.store\/wp-content\/uploads\/2022\/11\/TGL-T5029-1-300x300.jpg 300w, https:\/\/mouldking.store\/wp-content\/uploads\/2022\/11\/TGL-T5029-1-768x768.jpg 768w, https:\/\/mouldking.store\/wp-content\/uploads\/2022\/11\/TGL-T5029-1-600x600.jpg 600w, https:\/\/mouldking.store\/wp-content\/uploads\/2022\/11\/TGL-T5029-1-150x150.jpg 150w, https:\/\/mouldking.store\/wp-content\/uploads\/2022\/11\/TGL-T5029-1-60x60.jpg 60w, https:\/\/mouldking.store\/wp-content\/uploads\/2022\/11\/TGL-T5029-1-90x90.jpg 90w\" sizes=\"(max-width: 1024px) 100vw, 1024px\" \/><figcaption id=\"caption-attachment-35086\" class=\"wp-caption-text\">TGL T5029 Batman Car With 1828 Pieces<\/figcaption><\/figure>","protected":false},"excerpt":{"rendered":"<p>Product information: Brand: TGL Gender: Unisex Name: Batman Car Age Range: &gt; 6 years old Model Number: T5029 Classification: Assemblage Plastic Block Shape: Self-Locking Bricks Material: Plastic Plastic Type: ABS Bricks Blocks:1828 PCS Size: 53.7 \u00d7 22.9 \u00d7 16 cm Contains detailed assembly instructions. Notice: 1. Without an original box, but we guarantee our products [&hellip;]<\/p>","protected":false},"featured_media":35082,"comment_status":"closed","ping_status":"closed","template":"","meta":{"_acf_changed":false},"product_cat":[1360,1357],"product_tag":[7322,7321,2739,7323,7324,7320],"class_list":["product","first","instock","shipping-taxable","purchasable","product-type-variable"],"acf":[],"_links":{"self":[{"href":"https:\/\/mouldking.store\/vi\/wp-json\/wp\/v2\/product\/35081","targetHints":{"allow":["GET"]}}],"collection":[{"href":"https:\/\/mouldking.store\/vi\/wp-json\/wp\/v2\/product"}],"about":[{"href":"https:\/\/mouldking.store\/vi\/wp-json\/wp\/v2\/types\/product"}],"replies":[{"embeddable":true,"href":"https:\/\/mouldking.store\/vi\/wp-json\/wp\/v2\/comments?post=35081"}],"wp:featuredmedia":[{"embeddable":true,"href":"https:\/\/mouldking.store\/vi\/wp-json\/wp\/v2\/media\/35082"}],"wp:attachment":[{"href":"https:\/\/mouldking.store\/vi\/wp-json\/wp\/v2\/media?parent=35081"}],"wp:term":[{"taxonomy":"product_cat","embeddable":true,"href":"https:\/\/mouldking.store\/vi\/wp-json\/wp\/v2\/product_cat?post=35081"},{"taxonomy":"product_tag","embeddable":true,"href":"https:\/\/mouldking.store\/vi\/wp-json\/wp\/v2\/product_tag?post=35081"}],"curies":[{"name":"wp","href":"https:\/\/api.w.org\/{rel}","templated":true}]}}