{"id":35125,"date":"2022-11-18T10:32:41","date_gmt":"2022-11-18T03:32:41","guid":{"rendered":"https:\/\/mouldking.store\/?post_type=product&#038;p=35125"},"modified":"2022-11-18T10:32:41","modified_gmt":"2022-11-18T03:32:41","slug":"loz-1249-pumpkin-house-with-762-pieces","status":"publish","type":"product","link":"https:\/\/mouldking.store\/vi\/shop\/loz-1249-pumpkin-house-with-762-pieces\/","title":{"rendered":"LOZ 1249 Ng\u00f4i nh\u00e0 b\u00ed ng\u00f4 v\u1edbi 762 m\u1ea3nh gh\u00e9p"},"content":{"rendered":"<p>Th\u00f4ng tin s\u1ea3n ph\u1ea9m:<\/p>\n<ol>\n<li>Th\u01b0\u01a1ng hi\u1ec7u: LOZ<\/li>\n<li>Gi\u1edbi t\u00ednh: Unisex<\/li>\n<li>T\u00ean: Nh\u00e0 b\u00ed ng\u00f4<\/li>\n<li>\u0110\u1ed9 tu\u1ed5i: &gt; 6 tu\u1ed5i<\/li>\n<li>S\u1ed1 hi\u1ec7u m\u1eabu: 1249<\/li>\n<li>Ph\u00e2n lo\u1ea1i: T\u1eadp h\u1ee3p<\/li>\n<li>H\u00ecnh d\u1ea1ng kh\u1ed1i nh\u1ef1a: G\u1ea1ch t\u1ef1 kh\u00f3a<\/li>\n<li>Ch\u1ea5t li\u1ec7u: Nh\u1ef1a<\/li>\n<li>Lo\u1ea1i nh\u1ef1a: ABS<\/li>\n<li>G\u1ea1ch kh\u1ed1i: 762 vi\u00ean<\/li>\n<li>K\u00edch th\u01b0\u1edbc: 13,7 \u00d7 11 \u00d7 16 cm<\/li>\n<li>Ch\u1ee9a h\u01b0\u1edbng d\u1eabn l\u1eafp r\u00e1p chi ti\u1ebft.<\/li>\n<\/ol>\n<p>\u0110\u1ec3 \u00fd:<br \/>\n1. Kh\u00f4ng c\u00f3 h\u1ed9p ban \u0111\u1ea7u, nh\u01b0ng ch\u00fang t\u00f4i \u0111\u1ea3m b\u1ea3o s\u1ea3n ph\u1ea9m c\u1ee7a ch\u00fang t\u00f4i c\u00f3 ch\u1ea5t l\u01b0\u1ee3ng \u0111\u1ea3m b\u1ea3o v\u00e0 bao b\u00ec \u0111\u1eb9p.<br \/>\n2. V\u00ec t\u1ea5t c\u1ea3 c\u00e1c b\u1ed9 ph\u1eadn ch\u00fang t\u00f4i \u0111\u00e3 ki\u1ec3m tra tr\u01b0\u1edbc khi v\u1eadn chuy\u1ec3n, v\u00ec v\u1eady n\u1ebfu b\u1ea1n th\u1ea5y m\u1ed9t s\u1ed1 b\u1ed9 ph\u1eadn b\u1ecb thi\u1ebfu ho\u1eb7c h\u01b0 h\u1ecfng, \u0111\u1eebng lo l\u1eafng v\u00e0 ch\u1ec9 c\u1ea7n vui l\u00f2ng li\u00ean h\u1ec7 v\u1edbi ch\u00fang t\u00f4i v\u00e0 ch\u00fang t\u00f4i c\u00f3 th\u1ec3 g\u1eedi l\u1ea1i mi\u1ec5n ph\u00ed cho b\u1ea1n ngay l\u1eadp t\u1ee9c.<\/p>\n<figure id=\"attachment_35126\" aria-describedby=\"caption-attachment-35126\" style=\"width: 768px\" class=\"wp-caption aligncenter\"><img fetchpriority=\"high\" decoding=\"async\" class=\"wp-image-35126 size-full\" src=\"https:\/\/mouldking.store\/wp-content\/uploads\/2022\/11\/LOZ-1249-6.jpg\" alt=\"LOZ 1249 Pumpkin House With 762 Pieces\" width=\"768\" height=\"768\" title=\"-\" srcset=\"https:\/\/mouldking.store\/wp-content\/uploads\/2022\/11\/LOZ-1249-6.jpg 768w, https:\/\/mouldking.store\/wp-content\/uploads\/2022\/11\/LOZ-1249-6-300x300.jpg 300w, https:\/\/mouldking.store\/wp-content\/uploads\/2022\/11\/LOZ-1249-6-600x600.jpg 600w, https:\/\/mouldking.store\/wp-content\/uploads\/2022\/11\/LOZ-1249-6-150x150.jpg 150w, https:\/\/mouldking.store\/wp-content\/uploads\/2022\/11\/LOZ-1249-6-60x60.jpg 60w, https:\/\/mouldking.store\/wp-content\/uploads\/2022\/11\/LOZ-1249-6-90x90.jpg 90w\" sizes=\"(max-width: 768px) 100vw, 768px\" \/><figcaption id=\"caption-attachment-35126\" class=\"wp-caption-text\">LOZ 1249 Ng\u00f4i nh\u00e0 b\u00ed ng\u00f4 v\u1edbi 762 m\u1ea3nh gh\u00e9p<\/figcaption><\/figure>\n<figure id=\"attachment_35127\" aria-describedby=\"caption-attachment-35127\" style=\"width: 768px\" class=\"wp-caption aligncenter\"><img decoding=\"async\" class=\"wp-image-35127 size-full\" src=\"https:\/\/mouldking.store\/wp-content\/uploads\/2022\/11\/LOZ-1249-5.jpg\" alt=\"LOZ 1249 Pumpkin House With 762 Pieces\" width=\"768\" height=\"768\" title=\"-\" srcset=\"https:\/\/mouldking.store\/wp-content\/uploads\/2022\/11\/LOZ-1249-5.jpg 768w, https:\/\/mouldking.store\/wp-content\/uploads\/2022\/11\/LOZ-1249-5-300x300.jpg 300w, https:\/\/mouldking.store\/wp-content\/uploads\/2022\/11\/LOZ-1249-5-600x600.jpg 600w, https:\/\/mouldking.store\/wp-content\/uploads\/2022\/11\/LOZ-1249-5-150x150.jpg 150w, https:\/\/mouldking.store\/wp-content\/uploads\/2022\/11\/LOZ-1249-5-60x60.jpg 60w, https:\/\/mouldking.store\/wp-content\/uploads\/2022\/11\/LOZ-1249-5-90x90.jpg 90w\" sizes=\"(max-width: 768px) 100vw, 768px\" \/><figcaption id=\"caption-attachment-35127\" class=\"wp-caption-text\">LOZ 1249 Ng\u00f4i nh\u00e0 b\u00ed ng\u00f4 v\u1edbi 762 m\u1ea3nh gh\u00e9p<\/figcaption><\/figure>\n<figure id=\"attachment_35128\" aria-describedby=\"caption-attachment-35128\" style=\"width: 698px\" class=\"wp-caption aligncenter\"><img decoding=\"async\" class=\"wp-image-35128 size-full\" src=\"https:\/\/mouldking.store\/wp-content\/uploads\/2022\/11\/LOZ-1249-4.jpg\" alt=\"LOZ 1249 Pumpkin House With 762 Pieces\" width=\"698\" height=\"1024\" title=\"-\" srcset=\"https:\/\/mouldking.store\/wp-content\/uploads\/2022\/11\/LOZ-1249-4.jpg 698w, https:\/\/mouldking.store\/wp-content\/uploads\/2022\/11\/LOZ-1249-4-204x300.jpg 204w, https:\/\/mouldking.store\/wp-content\/uploads\/2022\/11\/LOZ-1249-4-300x440.jpg 300w, https:\/\/mouldking.store\/wp-content\/uploads\/2022\/11\/LOZ-1249-4-600x880.jpg 600w, https:\/\/mouldking.store\/wp-content\/uploads\/2022\/11\/LOZ-1249-4-102x150.jpg 102w, https:\/\/mouldking.store\/wp-content\/uploads\/2022\/11\/LOZ-1249-4-41x60.jpg 41w, https:\/\/mouldking.store\/wp-content\/uploads\/2022\/11\/LOZ-1249-4-61x90.jpg 61w\" sizes=\"(max-width: 698px) 100vw, 698px\" \/><figcaption id=\"caption-attachment-35128\" class=\"wp-caption-text\">LOZ 1249 Ng\u00f4i nh\u00e0 b\u00ed ng\u00f4 v\u1edbi 762 m\u1ea3nh gh\u00e9p<\/figcaption><\/figure>\n<figure id=\"attachment_35129\" aria-describedby=\"caption-attachment-35129\" style=\"width: 686px\" class=\"wp-caption aligncenter\"><img loading=\"lazy\" decoding=\"async\" class=\"wp-image-35129 size-full\" src=\"https:\/\/mouldking.store\/wp-content\/uploads\/2022\/11\/LOZ-1249-3.jpg\" alt=\"LOZ 1249 Pumpkin House With 762 Pieces\" width=\"686\" height=\"1024\" title=\"-\" srcset=\"https:\/\/mouldking.store\/wp-content\/uploads\/2022\/11\/LOZ-1249-3.jpg 686w, https:\/\/mouldking.store\/wp-content\/uploads\/2022\/11\/LOZ-1249-3-201x300.jpg 201w, https:\/\/mouldking.store\/wp-content\/uploads\/2022\/11\/LOZ-1249-3-300x448.jpg 300w, https:\/\/mouldking.store\/wp-content\/uploads\/2022\/11\/LOZ-1249-3-600x896.jpg 600w, https:\/\/mouldking.store\/wp-content\/uploads\/2022\/11\/LOZ-1249-3-100x150.jpg 100w, https:\/\/mouldking.store\/wp-content\/uploads\/2022\/11\/LOZ-1249-3-40x60.jpg 40w, https:\/\/mouldking.store\/wp-content\/uploads\/2022\/11\/LOZ-1249-3-60x90.jpg 60w\" sizes=\"(max-width: 686px) 100vw, 686px\" \/><figcaption id=\"caption-attachment-35129\" class=\"wp-caption-text\">LOZ 1249 Ng\u00f4i nh\u00e0 b\u00ed ng\u00f4 v\u1edbi 762 m\u1ea3nh gh\u00e9p<\/figcaption><\/figure>\n<figure id=\"attachment_35130\" aria-describedby=\"caption-attachment-35130\" style=\"width: 768px\" class=\"wp-caption aligncenter\"><img loading=\"lazy\" decoding=\"async\" class=\"wp-image-35130 size-full\" src=\"https:\/\/mouldking.store\/wp-content\/uploads\/2022\/11\/LOZ-1249-2.jpg\" alt=\"LOZ 1249 Pumpkin House With 762 Pieces\" width=\"768\" height=\"908\" title=\"-\" srcset=\"https:\/\/mouldking.store\/wp-content\/uploads\/2022\/11\/LOZ-1249-2.jpg 768w, https:\/\/mouldking.store\/wp-content\/uploads\/2022\/11\/LOZ-1249-2-254x300.jpg 254w, https:\/\/mouldking.store\/wp-content\/uploads\/2022\/11\/LOZ-1249-2-300x355.jpg 300w, https:\/\/mouldking.store\/wp-content\/uploads\/2022\/11\/LOZ-1249-2-600x709.jpg 600w, https:\/\/mouldking.store\/wp-content\/uploads\/2022\/11\/LOZ-1249-2-127x150.jpg 127w, https:\/\/mouldking.store\/wp-content\/uploads\/2022\/11\/LOZ-1249-2-51x60.jpg 51w, https:\/\/mouldking.store\/wp-content\/uploads\/2022\/11\/LOZ-1249-2-76x90.jpg 76w\" sizes=\"(max-width: 768px) 100vw, 768px\" \/><figcaption id=\"caption-attachment-35130\" class=\"wp-caption-text\">LOZ 1249 Ng\u00f4i nh\u00e0 b\u00ed ng\u00f4 v\u1edbi 762 m\u1ea3nh gh\u00e9p<\/figcaption><\/figure>\n<figure id=\"attachment_35131\" aria-describedby=\"caption-attachment-35131\" style=\"width: 991px\" class=\"wp-caption aligncenter\"><img loading=\"lazy\" decoding=\"async\" class=\"wp-image-35131 size-full\" src=\"https:\/\/mouldking.store\/wp-content\/uploads\/2022\/11\/LOZ-1249-1.jpg\" alt=\"LOZ 1249 Pumpkin House With 762 Pieces\" width=\"991\" height=\"1024\" title=\"-\" srcset=\"https:\/\/mouldking.store\/wp-content\/uploads\/2022\/11\/LOZ-1249-1.jpg 991w, https:\/\/mouldking.store\/wp-content\/uploads\/2022\/11\/LOZ-1249-1-290x300.jpg 290w, https:\/\/mouldking.store\/wp-content\/uploads\/2022\/11\/LOZ-1249-1-768x794.jpg 768w, https:\/\/mouldking.store\/wp-content\/uploads\/2022\/11\/LOZ-1249-1-300x310.jpg 300w, https:\/\/mouldking.store\/wp-content\/uploads\/2022\/11\/LOZ-1249-1-600x620.jpg 600w, https:\/\/mouldking.store\/wp-content\/uploads\/2022\/11\/LOZ-1249-1-145x150.jpg 145w, https:\/\/mouldking.store\/wp-content\/uploads\/2022\/11\/LOZ-1249-1-58x60.jpg 58w, https:\/\/mouldking.store\/wp-content\/uploads\/2022\/11\/LOZ-1249-1-87x90.jpg 87w\" sizes=\"(max-width: 991px) 100vw, 991px\" \/><figcaption id=\"caption-attachment-35131\" class=\"wp-caption-text\">LOZ 1249 Ng\u00f4i nh\u00e0 b\u00ed ng\u00f4 v\u1edbi 762 m\u1ea3nh gh\u00e9p<\/figcaption><\/figure>","protected":false},"excerpt":{"rendered":"<p>Product information: Brand: LOZ Gender: Unisex Name: Pumpkin House Age Range: &gt; 6 years old Model Number: 1249 Classification: Assemblage Plastic Block Shape: Self-Locking Bricks Material: Plastic Plastic Type: ABS Bricks Blocks:762 PCS Size: \u00a013.7 \u00d7 11 \u00d7 16 cm Contains detailed assembly instructions. Notice: 1. Without an original box, but we guarantee our products [&hellip;]<\/p>","protected":false},"featured_media":35126,"comment_status":"closed","ping_status":"closed","template":"","meta":{"_acf_changed":false},"product_cat":[1365],"product_tag":[7354,2318,2202,7355,7357,7353,2853,7356],"class_list":["product","first","instock","shipping-taxable","purchasable","product-type-simple"],"acf":[],"_links":{"self":[{"href":"https:\/\/mouldking.store\/vi\/wp-json\/wp\/v2\/product\/35125","targetHints":{"allow":["GET"]}}],"collection":[{"href":"https:\/\/mouldking.store\/vi\/wp-json\/wp\/v2\/product"}],"about":[{"href":"https:\/\/mouldking.store\/vi\/wp-json\/wp\/v2\/types\/product"}],"replies":[{"embeddable":true,"href":"https:\/\/mouldking.store\/vi\/wp-json\/wp\/v2\/comments?post=35125"}],"wp:featuredmedia":[{"embeddable":true,"href":"https:\/\/mouldking.store\/vi\/wp-json\/wp\/v2\/media\/35126"}],"wp:attachment":[{"href":"https:\/\/mouldking.store\/vi\/wp-json\/wp\/v2\/media?parent=35125"}],"wp:term":[{"taxonomy":"product_cat","embeddable":true,"href":"https:\/\/mouldking.store\/vi\/wp-json\/wp\/v2\/product_cat?post=35125"},{"taxonomy":"product_tag","embeddable":true,"href":"https:\/\/mouldking.store\/vi\/wp-json\/wp\/v2\/product_tag?post=35125"}],"curies":[{"name":"wp","href":"https:\/\/api.w.org\/{rel}","templated":true}]}}