{"id":35183,"date":"2022-11-18T11:14:35","date_gmt":"2022-11-18T04:14:35","guid":{"rendered":"https:\/\/mouldking.store\/?post_type=product&#038;p=35183"},"modified":"2022-11-18T11:14:37","modified_gmt":"2022-11-18T04:14:37","slug":"reobrix-11026-116-ferrari-daytona-sp3-with-1168-pieces","status":"publish","type":"product","link":"https:\/\/mouldking.store\/vi\/shop\/reobrix-11026-116-ferrari-daytona-sp3-with-1168-pieces\/","title":{"rendered":"Reobrix 11026 1:16 Ferrari Daytona SP3 V\u1edbi 1168 M\u1ea3nh gh\u00e9p"},"content":{"rendered":"<p>Th\u00f4ng tin s\u1ea3n ph\u1ea9m:<\/p>\n<ol>\n<li>Th\u01b0\u01a1ng hi\u1ec7u: Reobrix<\/li>\n<li>Gi\u1edbi t\u00ednh: Unisex<\/li>\n<li>T\u00ean: 1:16 Ferrari Daytona SP3<\/li>\n<li>\u0110\u1ed9 tu\u1ed5i: &gt; 6 tu\u1ed5i<\/li>\n<li>S\u1ed1 m\u00f4 h\u00ecnh: 11026<\/li>\n<li>Ph\u00e2n lo\u1ea1i: T\u1eadp h\u1ee3p<\/li>\n<li>H\u00ecnh d\u1ea1ng kh\u1ed1i nh\u1ef1a: G\u1ea1ch t\u1ef1 kh\u00f3a<\/li>\n<li>Ch\u1ea5t li\u1ec7u: Nh\u1ef1a<\/li>\n<li>Lo\u1ea1i nh\u1ef1a: ABS<\/li>\n<li>Kh\u1ed1i g\u1ea1ch: 1168 C\u00c1I<\/li>\n<li>K\u00edch th\u01b0\u1edbc: 30,6 \u00d7 17,5 \u00d7 7,2 cm<\/li>\n<li>Ch\u1ee9a h\u01b0\u1edbng d\u1eabn l\u1eafp r\u00e1p chi ti\u1ebft.<\/li>\n<\/ol>\n<p>\u0110\u1ec3 \u00fd:<br \/>\n1. Kh\u00f4ng c\u00f3 h\u1ed9p ban \u0111\u1ea7u, nh\u01b0ng ch\u00fang t\u00f4i \u0111\u1ea3m b\u1ea3o s\u1ea3n ph\u1ea9m c\u1ee7a ch\u00fang t\u00f4i c\u00f3 ch\u1ea5t l\u01b0\u1ee3ng \u0111\u1ea3m b\u1ea3o v\u00e0 bao b\u00ec \u0111\u1eb9p.<br \/>\n2. V\u00ec t\u1ea5t c\u1ea3 c\u00e1c b\u1ed9 ph\u1eadn ch\u00fang t\u00f4i \u0111\u00e3 ki\u1ec3m tra tr\u01b0\u1edbc khi v\u1eadn chuy\u1ec3n, v\u00ec v\u1eady n\u1ebfu b\u1ea1n th\u1ea5y m\u1ed9t s\u1ed1 b\u1ed9 ph\u1eadn b\u1ecb thi\u1ebfu ho\u1eb7c h\u01b0 h\u1ecfng, \u0111\u1eebng lo l\u1eafng v\u00e0 ch\u1ec9 c\u1ea7n vui l\u00f2ng li\u00ean h\u1ec7 v\u1edbi ch\u00fang t\u00f4i v\u00e0 ch\u00fang t\u00f4i c\u00f3 th\u1ec3 g\u1eedi l\u1ea1i mi\u1ec5n ph\u00ed cho b\u1ea1n ngay l\u1eadp t\u1ee9c.<\/p>\n<figure id=\"attachment_35184\" aria-describedby=\"caption-attachment-35184\" style=\"width: 768px\" class=\"wp-caption aligncenter\"><img fetchpriority=\"high\" decoding=\"async\" class=\"wp-image-35184 size-full\" src=\"https:\/\/mouldking.store\/wp-content\/uploads\/2022\/11\/Reobrix-11026-9.jpg\" alt=\"Reobrix 11026 1:16 Ferrari Daytona SP3 With 1168 Pieces\" width=\"768\" height=\"768\" title=\"-\" srcset=\"https:\/\/mouldking.store\/wp-content\/uploads\/2022\/11\/Reobrix-11026-9.jpg 768w, https:\/\/mouldking.store\/wp-content\/uploads\/2022\/11\/Reobrix-11026-9-300x300.jpg 300w, https:\/\/mouldking.store\/wp-content\/uploads\/2022\/11\/Reobrix-11026-9-600x600.jpg 600w, https:\/\/mouldking.store\/wp-content\/uploads\/2022\/11\/Reobrix-11026-9-150x150.jpg 150w, https:\/\/mouldking.store\/wp-content\/uploads\/2022\/11\/Reobrix-11026-9-60x60.jpg 60w, https:\/\/mouldking.store\/wp-content\/uploads\/2022\/11\/Reobrix-11026-9-90x90.jpg 90w\" sizes=\"(max-width: 768px) 100vw, 768px\" \/><figcaption id=\"caption-attachment-35184\" class=\"wp-caption-text\">Reobrix 11026 1:16 Ferrari Daytona SP3 V\u1edbi 1168 M\u1ea3nh gh\u00e9p<\/figcaption><\/figure>\n<figure id=\"attachment_35185\" aria-describedby=\"caption-attachment-35185\" style=\"width: 750px\" class=\"wp-caption aligncenter\"><img decoding=\"async\" class=\"wp-image-35185 size-full\" src=\"https:\/\/mouldking.store\/wp-content\/uploads\/2022\/11\/Reobrix-11026-8.jpg\" alt=\"Reobrix 11026 1:16 Ferrari Daytona SP3 With 1168 Pieces\" width=\"750\" height=\"1000\" title=\"-\" srcset=\"https:\/\/mouldking.store\/wp-content\/uploads\/2022\/11\/Reobrix-11026-8.jpg 750w, https:\/\/mouldking.store\/wp-content\/uploads\/2022\/11\/Reobrix-11026-8-225x300.jpg 225w, https:\/\/mouldking.store\/wp-content\/uploads\/2022\/11\/Reobrix-11026-8-300x400.jpg 300w, https:\/\/mouldking.store\/wp-content\/uploads\/2022\/11\/Reobrix-11026-8-600x800.jpg 600w, https:\/\/mouldking.store\/wp-content\/uploads\/2022\/11\/Reobrix-11026-8-113x150.jpg 113w, https:\/\/mouldking.store\/wp-content\/uploads\/2022\/11\/Reobrix-11026-8-45x60.jpg 45w, https:\/\/mouldking.store\/wp-content\/uploads\/2022\/11\/Reobrix-11026-8-68x90.jpg 68w\" sizes=\"(max-width: 750px) 100vw, 750px\" \/><figcaption id=\"caption-attachment-35185\" class=\"wp-caption-text\">Reobrix 11026 1:16 Ferrari Daytona SP3 V\u1edbi 1168 M\u1ea3nh gh\u00e9p<\/figcaption><\/figure>\n<figure id=\"attachment_35186\" aria-describedby=\"caption-attachment-35186\" style=\"width: 750px\" class=\"wp-caption aligncenter\"><img decoding=\"async\" class=\"wp-image-35186 size-full\" src=\"https:\/\/mouldking.store\/wp-content\/uploads\/2022\/11\/Reobrix-11026-7.jpg\" alt=\"Reobrix 11026 1:16 Ferrari Daytona SP3 With 1168 Pieces\" width=\"750\" height=\"1000\" title=\"-\" srcset=\"https:\/\/mouldking.store\/wp-content\/uploads\/2022\/11\/Reobrix-11026-7.jpg 750w, https:\/\/mouldking.store\/wp-content\/uploads\/2022\/11\/Reobrix-11026-7-225x300.jpg 225w, https:\/\/mouldking.store\/wp-content\/uploads\/2022\/11\/Reobrix-11026-7-300x400.jpg 300w, https:\/\/mouldking.store\/wp-content\/uploads\/2022\/11\/Reobrix-11026-7-600x800.jpg 600w, https:\/\/mouldking.store\/wp-content\/uploads\/2022\/11\/Reobrix-11026-7-113x150.jpg 113w, https:\/\/mouldking.store\/wp-content\/uploads\/2022\/11\/Reobrix-11026-7-45x60.jpg 45w, https:\/\/mouldking.store\/wp-content\/uploads\/2022\/11\/Reobrix-11026-7-68x90.jpg 68w\" sizes=\"(max-width: 750px) 100vw, 750px\" \/><figcaption id=\"caption-attachment-35186\" class=\"wp-caption-text\">Reobrix 11026 1:16 Ferrari Daytona SP3 V\u1edbi 1168 M\u1ea3nh gh\u00e9p<\/figcaption><\/figure>\n<figure id=\"attachment_35187\" aria-describedby=\"caption-attachment-35187\" style=\"width: 750px\" class=\"wp-caption aligncenter\"><img loading=\"lazy\" decoding=\"async\" class=\"wp-image-35187 size-full\" src=\"https:\/\/mouldking.store\/wp-content\/uploads\/2022\/11\/Reobrix-11026-6.jpg\" alt=\"Reobrix 11026 1:16 Ferrari Daytona SP3 With 1168 Pieces\" width=\"750\" height=\"1000\" title=\"-\" srcset=\"https:\/\/mouldking.store\/wp-content\/uploads\/2022\/11\/Reobrix-11026-6.jpg 750w, https:\/\/mouldking.store\/wp-content\/uploads\/2022\/11\/Reobrix-11026-6-225x300.jpg 225w, https:\/\/mouldking.store\/wp-content\/uploads\/2022\/11\/Reobrix-11026-6-300x400.jpg 300w, https:\/\/mouldking.store\/wp-content\/uploads\/2022\/11\/Reobrix-11026-6-600x800.jpg 600w, https:\/\/mouldking.store\/wp-content\/uploads\/2022\/11\/Reobrix-11026-6-113x150.jpg 113w, https:\/\/mouldking.store\/wp-content\/uploads\/2022\/11\/Reobrix-11026-6-45x60.jpg 45w, https:\/\/mouldking.store\/wp-content\/uploads\/2022\/11\/Reobrix-11026-6-68x90.jpg 68w\" sizes=\"(max-width: 750px) 100vw, 750px\" \/><figcaption id=\"caption-attachment-35187\" class=\"wp-caption-text\">Reobrix 11026 1:16 Ferrari Daytona SP3 V\u1edbi 1168 M\u1ea3nh gh\u00e9p<\/figcaption><\/figure>\n<figure id=\"attachment_35188\" aria-describedby=\"caption-attachment-35188\" style=\"width: 750px\" class=\"wp-caption aligncenter\"><img loading=\"lazy\" decoding=\"async\" class=\"wp-image-35188 size-full\" src=\"https:\/\/mouldking.store\/wp-content\/uploads\/2022\/11\/Reobrix-11026-5.jpg\" alt=\"Reobrix 11026 1:16 Ferrari Daytona SP3 With 1168 Pieces\" width=\"750\" height=\"1000\" title=\"-\" srcset=\"https:\/\/mouldking.store\/wp-content\/uploads\/2022\/11\/Reobrix-11026-5.jpg 750w, https:\/\/mouldking.store\/wp-content\/uploads\/2022\/11\/Reobrix-11026-5-225x300.jpg 225w, https:\/\/mouldking.store\/wp-content\/uploads\/2022\/11\/Reobrix-11026-5-300x400.jpg 300w, https:\/\/mouldking.store\/wp-content\/uploads\/2022\/11\/Reobrix-11026-5-600x800.jpg 600w, https:\/\/mouldking.store\/wp-content\/uploads\/2022\/11\/Reobrix-11026-5-113x150.jpg 113w, https:\/\/mouldking.store\/wp-content\/uploads\/2022\/11\/Reobrix-11026-5-45x60.jpg 45w, https:\/\/mouldking.store\/wp-content\/uploads\/2022\/11\/Reobrix-11026-5-68x90.jpg 68w\" sizes=\"(max-width: 750px) 100vw, 750px\" \/><figcaption id=\"caption-attachment-35188\" class=\"wp-caption-text\">Reobrix 11026 1:16 Ferrari Daytona SP3 V\u1edbi 1168 M\u1ea3nh gh\u00e9p<\/figcaption><\/figure>\n<figure id=\"attachment_35189\" aria-describedby=\"caption-attachment-35189\" style=\"width: 750px\" class=\"wp-caption aligncenter\"><img loading=\"lazy\" decoding=\"async\" class=\"wp-image-35189 size-full\" src=\"https:\/\/mouldking.store\/wp-content\/uploads\/2022\/11\/Reobrix-11026-4.jpg\" alt=\"Reobrix 11026 1:16 Ferrari Daytona SP3 With 1168 Pieces\" width=\"750\" height=\"1000\" title=\"-\" srcset=\"https:\/\/mouldking.store\/wp-content\/uploads\/2022\/11\/Reobrix-11026-4.jpg 750w, https:\/\/mouldking.store\/wp-content\/uploads\/2022\/11\/Reobrix-11026-4-225x300.jpg 225w, https:\/\/mouldking.store\/wp-content\/uploads\/2022\/11\/Reobrix-11026-4-300x400.jpg 300w, https:\/\/mouldking.store\/wp-content\/uploads\/2022\/11\/Reobrix-11026-4-600x800.jpg 600w, https:\/\/mouldking.store\/wp-content\/uploads\/2022\/11\/Reobrix-11026-4-113x150.jpg 113w, https:\/\/mouldking.store\/wp-content\/uploads\/2022\/11\/Reobrix-11026-4-45x60.jpg 45w, https:\/\/mouldking.store\/wp-content\/uploads\/2022\/11\/Reobrix-11026-4-68x90.jpg 68w\" sizes=\"(max-width: 750px) 100vw, 750px\" \/><figcaption id=\"caption-attachment-35189\" class=\"wp-caption-text\">Reobrix 11026 1:16 Ferrari Daytona SP3 V\u1edbi 1168 M\u1ea3nh gh\u00e9p<\/figcaption><\/figure>\n<figure id=\"attachment_35190\" aria-describedby=\"caption-attachment-35190\" style=\"width: 600px\" class=\"wp-caption aligncenter\"><img loading=\"lazy\" decoding=\"async\" class=\"wp-image-35190 size-full\" src=\"https:\/\/mouldking.store\/wp-content\/uploads\/2022\/11\/Reobrix-11026-3.jpg\" alt=\"Reobrix 11026 1:16 Ferrari Daytona SP3 With 1168 Pieces\" width=\"600\" height=\"930\" title=\"-\" srcset=\"https:\/\/mouldking.store\/wp-content\/uploads\/2022\/11\/Reobrix-11026-3.jpg 600w, https:\/\/mouldking.store\/wp-content\/uploads\/2022\/11\/Reobrix-11026-3-194x300.jpg 194w, https:\/\/mouldking.store\/wp-content\/uploads\/2022\/11\/Reobrix-11026-3-300x465.jpg 300w, https:\/\/mouldking.store\/wp-content\/uploads\/2022\/11\/Reobrix-11026-3-97x150.jpg 97w, https:\/\/mouldking.store\/wp-content\/uploads\/2022\/11\/Reobrix-11026-3-39x60.jpg 39w, https:\/\/mouldking.store\/wp-content\/uploads\/2022\/11\/Reobrix-11026-3-58x90.jpg 58w\" sizes=\"(max-width: 600px) 100vw, 600px\" \/><figcaption id=\"caption-attachment-35190\" class=\"wp-caption-text\">Reobrix 11026 1:16 Ferrari Daytona SP3 V\u1edbi 1168 M\u1ea3nh gh\u00e9p<\/figcaption><\/figure>\n<figure id=\"attachment_35191\" aria-describedby=\"caption-attachment-35191\" style=\"width: 429px\" class=\"wp-caption aligncenter\"><img loading=\"lazy\" decoding=\"async\" class=\"wp-image-35191 size-full\" src=\"https:\/\/mouldking.store\/wp-content\/uploads\/2022\/11\/Reobrix-11026-2.jpg\" alt=\"Reobrix 11026 1:16 Ferrari Daytona SP3 With 1168 Pieces\" width=\"429\" height=\"1024\" title=\"-\" srcset=\"https:\/\/mouldking.store\/wp-content\/uploads\/2022\/11\/Reobrix-11026-2.jpg 429w, https:\/\/mouldking.store\/wp-content\/uploads\/2022\/11\/Reobrix-11026-2-126x300.jpg 126w, https:\/\/mouldking.store\/wp-content\/uploads\/2022\/11\/Reobrix-11026-2-300x716.jpg 300w, https:\/\/mouldking.store\/wp-content\/uploads\/2022\/11\/Reobrix-11026-2-63x150.jpg 63w, https:\/\/mouldking.store\/wp-content\/uploads\/2022\/11\/Reobrix-11026-2-25x60.jpg 25w, https:\/\/mouldking.store\/wp-content\/uploads\/2022\/11\/Reobrix-11026-2-38x90.jpg 38w\" sizes=\"(max-width: 429px) 100vw, 429px\" \/><figcaption id=\"caption-attachment-35191\" class=\"wp-caption-text\">Reobrix 11026 1:16 Ferrari Daytona SP3 V\u1edbi 1168 M\u1ea3nh gh\u00e9p<\/figcaption><\/figure>\n<figure id=\"attachment_35192\" aria-describedby=\"caption-attachment-35192\" style=\"width: 748px\" class=\"wp-caption aligncenter\"><img loading=\"lazy\" decoding=\"async\" class=\"wp-image-35192 size-full\" src=\"https:\/\/mouldking.store\/wp-content\/uploads\/2022\/11\/Reobrix-11026-1.jpg\" alt=\"Reobrix 11026 1:16 Ferrari Daytona SP3 With 1168 Pieces\" width=\"748\" height=\"444\" title=\"-\" srcset=\"https:\/\/mouldking.store\/wp-content\/uploads\/2022\/11\/Reobrix-11026-1.jpg 748w, https:\/\/mouldking.store\/wp-content\/uploads\/2022\/11\/Reobrix-11026-1-300x178.jpg 300w, https:\/\/mouldking.store\/wp-content\/uploads\/2022\/11\/Reobrix-11026-1-600x356.jpg 600w, https:\/\/mouldking.store\/wp-content\/uploads\/2022\/11\/Reobrix-11026-1-150x89.jpg 150w, https:\/\/mouldking.store\/wp-content\/uploads\/2022\/11\/Reobrix-11026-1-101x60.jpg 101w, https:\/\/mouldking.store\/wp-content\/uploads\/2022\/11\/Reobrix-11026-1-152x90.jpg 152w\" sizes=\"(max-width: 748px) 100vw, 748px\" \/><figcaption id=\"caption-attachment-35192\" class=\"wp-caption-text\">Reobrix 11026 1:16 Ferrari Daytona SP3 V\u1edbi 1168 M\u1ea3nh gh\u00e9p<\/figcaption><\/figure>","protected":false},"excerpt":{"rendered":"<p>Product information: Brand: Reobrix Gender: Unisex Name: 1:16 Ferrari Daytona SP3 Age Range: &gt; 6 years old Model Number: 11026 Classification: Assemblage Plastic Block Shape: Self-Locking Bricks Material: Plastic Plastic Type: ABS Bricks Blocks:1168 PCS Size: 30.6 \u00d7 17.5 \u00d7 7.2 cm Contains detailed assembly instructions. Notice: 1. Without an original box, but we guarantee [&hellip;]<\/p>","protected":false},"featured_media":35184,"comment_status":"closed","ping_status":"closed","template":"","meta":{"_acf_changed":false},"product_cat":[1360,1357],"product_tag":[7382,7379,7380,1585,7381,2669,7383,7384,7378],"class_list":["product","first","instock","shipping-taxable","purchasable","product-type-simple"],"acf":[],"_links":{"self":[{"href":"https:\/\/mouldking.store\/vi\/wp-json\/wp\/v2\/product\/35183","targetHints":{"allow":["GET"]}}],"collection":[{"href":"https:\/\/mouldking.store\/vi\/wp-json\/wp\/v2\/product"}],"about":[{"href":"https:\/\/mouldking.store\/vi\/wp-json\/wp\/v2\/types\/product"}],"replies":[{"embeddable":true,"href":"https:\/\/mouldking.store\/vi\/wp-json\/wp\/v2\/comments?post=35183"}],"wp:featuredmedia":[{"embeddable":true,"href":"https:\/\/mouldking.store\/vi\/wp-json\/wp\/v2\/media\/35184"}],"wp:attachment":[{"href":"https:\/\/mouldking.store\/vi\/wp-json\/wp\/v2\/media?parent=35183"}],"wp:term":[{"taxonomy":"product_cat","embeddable":true,"href":"https:\/\/mouldking.store\/vi\/wp-json\/wp\/v2\/product_cat?post=35183"},{"taxonomy":"product_tag","embeddable":true,"href":"https:\/\/mouldking.store\/vi\/wp-json\/wp\/v2\/product_tag?post=35183"}],"curies":[{"name":"wp","href":"https:\/\/api.w.org\/{rel}","templated":true}]}}