{"id":35193,"date":"2022-11-18T11:22:07","date_gmt":"2022-11-18T04:22:07","guid":{"rendered":"https:\/\/mouldking.store\/?post_type=product&#038;p=35193"},"modified":"2022-11-18T11:22:07","modified_gmt":"2022-11-18T04:22:07","slug":"mork-031062-sunshine-coffee-house-with-1512-pieces","status":"publish","type":"product","link":"https:\/\/mouldking.store\/vi\/shop\/mork-031062-sunshine-coffee-house-with-1512-pieces\/","title":{"rendered":"Mork 031062 Sunshine Coffee House With 1512 Pieces"},"content":{"rendered":"<p>Th\u00f4ng tin s\u1ea3n ph\u1ea9m:<\/p>\n<ol>\n<li>Th\u01b0\u01a1ng hi\u1ec7u: Morks<\/li>\n<li>Gi\u1edbi t\u00ednh: Unisex<\/li>\n<li>T\u00ean: Sunshine Coffee House<\/li>\n<li>\u0110\u1ed9 tu\u1ed5i: &gt; 6 tu\u1ed5i<\/li>\n<li>S\u1ed1 m\u00f4 h\u00ecnh: 031062<\/li>\n<li>Ph\u00e2n lo\u1ea1i: T\u1eadp h\u1ee3p<\/li>\n<li>H\u00ecnh d\u1ea1ng kh\u1ed1i nh\u1ef1a: G\u1ea1ch t\u1ef1 kh\u00f3a<\/li>\n<li>Ch\u1ea5t li\u1ec7u: Nh\u1ef1a<\/li>\n<li>Lo\u1ea1i nh\u1ef1a: ABS<\/li>\n<li>Kh\u1ed1i g\u1ea1ch: 1512 C\u00c1I<\/li>\n<li>K\u00edch th\u01b0\u1edbc:20,8 \u00d7 16 \u00d7 20,5 cm<\/li>\n<li>Ch\u1ee9a h\u01b0\u1edbng d\u1eabn l\u1eafp r\u00e1p chi ti\u1ebft.<\/li>\n<\/ol>\n<p>\u0110\u1ec3 \u00fd:<br \/>\n1. Kh\u00f4ng c\u00f3 h\u1ed9p ban \u0111\u1ea7u, nh\u01b0ng ch\u00fang t\u00f4i \u0111\u1ea3m b\u1ea3o s\u1ea3n ph\u1ea9m c\u1ee7a ch\u00fang t\u00f4i c\u00f3 ch\u1ea5t l\u01b0\u1ee3ng \u0111\u1ea3m b\u1ea3o v\u00e0 bao b\u00ec \u0111\u1eb9p.<br \/>\n2. V\u00ec t\u1ea5t c\u1ea3 c\u00e1c b\u1ed9 ph\u1eadn ch\u00fang t\u00f4i \u0111\u00e3 ki\u1ec3m tra tr\u01b0\u1edbc khi v\u1eadn chuy\u1ec3n, v\u00ec v\u1eady n\u1ebfu b\u1ea1n th\u1ea5y m\u1ed9t s\u1ed1 b\u1ed9 ph\u1eadn b\u1ecb thi\u1ebfu ho\u1eb7c h\u01b0 h\u1ecfng, \u0111\u1eebng lo l\u1eafng v\u00e0 ch\u1ec9 c\u1ea7n vui l\u00f2ng li\u00ean h\u1ec7 v\u1edbi ch\u00fang t\u00f4i v\u00e0 ch\u00fang t\u00f4i c\u00f3 th\u1ec3 g\u1eedi l\u1ea1i mi\u1ec5n ph\u00ed cho b\u1ea1n ngay l\u1eadp t\u1ee9c.<\/p>\n<figure id=\"attachment_35194\" aria-describedby=\"caption-attachment-35194\" style=\"width: 768px\" class=\"wp-caption aligncenter\"><img fetchpriority=\"high\" decoding=\"async\" class=\"wp-image-35194 size-full\" src=\"https:\/\/mouldking.store\/wp-content\/uploads\/2022\/11\/Mork-031062-11.jpg\" alt=\"Mork 031062 Sunshine Coffee House With 1512 Pieces\" width=\"768\" height=\"768\" title=\"-\" srcset=\"https:\/\/mouldking.store\/wp-content\/uploads\/2022\/11\/Mork-031062-11.jpg 768w, https:\/\/mouldking.store\/wp-content\/uploads\/2022\/11\/Mork-031062-11-300x300.jpg 300w, https:\/\/mouldking.store\/wp-content\/uploads\/2022\/11\/Mork-031062-11-600x600.jpg 600w, https:\/\/mouldking.store\/wp-content\/uploads\/2022\/11\/Mork-031062-11-150x150.jpg 150w, https:\/\/mouldking.store\/wp-content\/uploads\/2022\/11\/Mork-031062-11-60x60.jpg 60w, https:\/\/mouldking.store\/wp-content\/uploads\/2022\/11\/Mork-031062-11-90x90.jpg 90w\" sizes=\"(max-width: 768px) 100vw, 768px\" \/><figcaption id=\"caption-attachment-35194\" class=\"wp-caption-text\">Mork 031062 Sunshine Coffee House With 1512 Pieces<\/figcaption><\/figure>\n<figure id=\"attachment_35195\" aria-describedby=\"caption-attachment-35195\" style=\"width: 589px\" class=\"wp-caption aligncenter\"><img decoding=\"async\" class=\"wp-image-35195 size-full\" src=\"https:\/\/mouldking.store\/wp-content\/uploads\/2022\/11\/Mork-031062-10.jpg\" alt=\"Mork 031062 Sunshine Coffee House With 1512 Pieces\" width=\"589\" height=\"1024\" title=\"-\" srcset=\"https:\/\/mouldking.store\/wp-content\/uploads\/2022\/11\/Mork-031062-10.jpg 589w, https:\/\/mouldking.store\/wp-content\/uploads\/2022\/11\/Mork-031062-10-173x300.jpg 173w, https:\/\/mouldking.store\/wp-content\/uploads\/2022\/11\/Mork-031062-10-300x522.jpg 300w, https:\/\/mouldking.store\/wp-content\/uploads\/2022\/11\/Mork-031062-10-86x150.jpg 86w, https:\/\/mouldking.store\/wp-content\/uploads\/2022\/11\/Mork-031062-10-35x60.jpg 35w, https:\/\/mouldking.store\/wp-content\/uploads\/2022\/11\/Mork-031062-10-52x90.jpg 52w\" sizes=\"(max-width: 589px) 100vw, 589px\" \/><figcaption id=\"caption-attachment-35195\" class=\"wp-caption-text\">Mork 031062 Sunshine Coffee House With 1512 Pieces<\/figcaption><\/figure>\n<figure id=\"attachment_35196\" aria-describedby=\"caption-attachment-35196\" style=\"width: 519px\" class=\"wp-caption aligncenter\"><img decoding=\"async\" class=\"wp-image-35196 size-full\" src=\"https:\/\/mouldking.store\/wp-content\/uploads\/2022\/11\/Mork-031062-9.jpg\" alt=\"Mork 031062 Sunshine Coffee House With 1512 Pieces\" width=\"519\" height=\"1024\" title=\"-\" srcset=\"https:\/\/mouldking.store\/wp-content\/uploads\/2022\/11\/Mork-031062-9.jpg 519w, https:\/\/mouldking.store\/wp-content\/uploads\/2022\/11\/Mork-031062-9-152x300.jpg 152w, https:\/\/mouldking.store\/wp-content\/uploads\/2022\/11\/Mork-031062-9-300x592.jpg 300w, https:\/\/mouldking.store\/wp-content\/uploads\/2022\/11\/Mork-031062-9-76x150.jpg 76w, https:\/\/mouldking.store\/wp-content\/uploads\/2022\/11\/Mork-031062-9-30x60.jpg 30w, https:\/\/mouldking.store\/wp-content\/uploads\/2022\/11\/Mork-031062-9-46x90.jpg 46w\" sizes=\"(max-width: 519px) 100vw, 519px\" \/><figcaption id=\"caption-attachment-35196\" class=\"wp-caption-text\">Mork 031062 Sunshine Coffee House With 1512 Pieces<\/figcaption><\/figure>\n<figure id=\"attachment_35197\" aria-describedby=\"caption-attachment-35197\" style=\"width: 768px\" class=\"wp-caption aligncenter\"><img loading=\"lazy\" decoding=\"async\" class=\"wp-image-35197 size-full\" src=\"https:\/\/mouldking.store\/wp-content\/uploads\/2022\/11\/Mork-031062-8.jpg\" alt=\"Mork 031062 Sunshine Coffee House With 1512 Pieces\" width=\"768\" height=\"910\" title=\"-\" srcset=\"https:\/\/mouldking.store\/wp-content\/uploads\/2022\/11\/Mork-031062-8.jpg 768w, https:\/\/mouldking.store\/wp-content\/uploads\/2022\/11\/Mork-031062-8-253x300.jpg 253w, https:\/\/mouldking.store\/wp-content\/uploads\/2022\/11\/Mork-031062-8-300x355.jpg 300w, https:\/\/mouldking.store\/wp-content\/uploads\/2022\/11\/Mork-031062-8-600x711.jpg 600w, https:\/\/mouldking.store\/wp-content\/uploads\/2022\/11\/Mork-031062-8-127x150.jpg 127w, https:\/\/mouldking.store\/wp-content\/uploads\/2022\/11\/Mork-031062-8-51x60.jpg 51w, https:\/\/mouldking.store\/wp-content\/uploads\/2022\/11\/Mork-031062-8-76x90.jpg 76w\" sizes=\"(max-width: 768px) 100vw, 768px\" \/><figcaption id=\"caption-attachment-35197\" class=\"wp-caption-text\">Mork 031062 Sunshine Coffee House With 1512 Pieces<\/figcaption><\/figure>\n<figure id=\"attachment_35198\" aria-describedby=\"caption-attachment-35198\" style=\"width: 768px\" class=\"wp-caption aligncenter\"><img loading=\"lazy\" decoding=\"async\" class=\"wp-image-35198 size-full\" src=\"https:\/\/mouldking.store\/wp-content\/uploads\/2022\/11\/Mork-031062-7.jpg\" alt=\"Mork 031062 Sunshine Coffee House With 1512 Pieces\" width=\"768\" height=\"768\" title=\"-\" srcset=\"https:\/\/mouldking.store\/wp-content\/uploads\/2022\/11\/Mork-031062-7.jpg 768w, https:\/\/mouldking.store\/wp-content\/uploads\/2022\/11\/Mork-031062-7-300x300.jpg 300w, https:\/\/mouldking.store\/wp-content\/uploads\/2022\/11\/Mork-031062-7-600x600.jpg 600w, https:\/\/mouldking.store\/wp-content\/uploads\/2022\/11\/Mork-031062-7-150x150.jpg 150w, https:\/\/mouldking.store\/wp-content\/uploads\/2022\/11\/Mork-031062-7-60x60.jpg 60w, https:\/\/mouldking.store\/wp-content\/uploads\/2022\/11\/Mork-031062-7-90x90.jpg 90w\" sizes=\"(max-width: 768px) 100vw, 768px\" \/><figcaption id=\"caption-attachment-35198\" class=\"wp-caption-text\">Mork 031062 Sunshine Coffee House With 1512 Pieces<\/figcaption><\/figure>\n<figure id=\"attachment_35199\" aria-describedby=\"caption-attachment-35199\" style=\"width: 768px\" class=\"wp-caption aligncenter\"><img loading=\"lazy\" decoding=\"async\" class=\"wp-image-35199 size-full\" src=\"https:\/\/mouldking.store\/wp-content\/uploads\/2022\/11\/Mork-031062-6.jpg\" alt=\"Mork 031062 Sunshine Coffee House With 1512 Pieces\" width=\"768\" height=\"768\" title=\"-\" srcset=\"https:\/\/mouldking.store\/wp-content\/uploads\/2022\/11\/Mork-031062-6.jpg 768w, https:\/\/mouldking.store\/wp-content\/uploads\/2022\/11\/Mork-031062-6-300x300.jpg 300w, https:\/\/mouldking.store\/wp-content\/uploads\/2022\/11\/Mork-031062-6-600x600.jpg 600w, https:\/\/mouldking.store\/wp-content\/uploads\/2022\/11\/Mork-031062-6-150x150.jpg 150w, https:\/\/mouldking.store\/wp-content\/uploads\/2022\/11\/Mork-031062-6-60x60.jpg 60w, https:\/\/mouldking.store\/wp-content\/uploads\/2022\/11\/Mork-031062-6-90x90.jpg 90w\" sizes=\"(max-width: 768px) 100vw, 768px\" \/><figcaption id=\"caption-attachment-35199\" class=\"wp-caption-text\">Mork 031062 Sunshine Coffee House With 1512 Pieces<\/figcaption><\/figure>\n<figure id=\"attachment_35200\" aria-describedby=\"caption-attachment-35200\" style=\"width: 768px\" class=\"wp-caption aligncenter\"><img loading=\"lazy\" decoding=\"async\" class=\"wp-image-35200 size-full\" src=\"https:\/\/mouldking.store\/wp-content\/uploads\/2022\/11\/Mork-031062-5.jpg\" alt=\"Mork 031062 Sunshine Coffee House With 1512 Pieces\" width=\"768\" height=\"964\" title=\"-\" srcset=\"https:\/\/mouldking.store\/wp-content\/uploads\/2022\/11\/Mork-031062-5.jpg 768w, https:\/\/mouldking.store\/wp-content\/uploads\/2022\/11\/Mork-031062-5-239x300.jpg 239w, https:\/\/mouldking.store\/wp-content\/uploads\/2022\/11\/Mork-031062-5-300x377.jpg 300w, https:\/\/mouldking.store\/wp-content\/uploads\/2022\/11\/Mork-031062-5-600x753.jpg 600w, https:\/\/mouldking.store\/wp-content\/uploads\/2022\/11\/Mork-031062-5-120x150.jpg 120w, https:\/\/mouldking.store\/wp-content\/uploads\/2022\/11\/Mork-031062-5-48x60.jpg 48w, https:\/\/mouldking.store\/wp-content\/uploads\/2022\/11\/Mork-031062-5-72x90.jpg 72w\" sizes=\"(max-width: 768px) 100vw, 768px\" \/><figcaption id=\"caption-attachment-35200\" class=\"wp-caption-text\">Mork 031062 Sunshine Coffee House With 1512 Pieces<\/figcaption><\/figure>\n<figure id=\"attachment_35201\" aria-describedby=\"caption-attachment-35201\" style=\"width: 768px\" class=\"wp-caption aligncenter\"><img loading=\"lazy\" decoding=\"async\" class=\"wp-image-35201 size-full\" src=\"https:\/\/mouldking.store\/wp-content\/uploads\/2022\/11\/Mork-031062-4.jpg\" alt=\"Mork 031062 Sunshine Coffee House With 1512 Pieces\" width=\"768\" height=\"768\" title=\"-\" srcset=\"https:\/\/mouldking.store\/wp-content\/uploads\/2022\/11\/Mork-031062-4.jpg 768w, https:\/\/mouldking.store\/wp-content\/uploads\/2022\/11\/Mork-031062-4-300x300.jpg 300w, https:\/\/mouldking.store\/wp-content\/uploads\/2022\/11\/Mork-031062-4-600x600.jpg 600w, https:\/\/mouldking.store\/wp-content\/uploads\/2022\/11\/Mork-031062-4-150x150.jpg 150w, https:\/\/mouldking.store\/wp-content\/uploads\/2022\/11\/Mork-031062-4-60x60.jpg 60w, https:\/\/mouldking.store\/wp-content\/uploads\/2022\/11\/Mork-031062-4-90x90.jpg 90w\" sizes=\"(max-width: 768px) 100vw, 768px\" \/><figcaption id=\"caption-attachment-35201\" class=\"wp-caption-text\">Mork 031062 Sunshine Coffee House With 1512 Pieces<\/figcaption><\/figure>\n<figure id=\"attachment_35202\" aria-describedby=\"caption-attachment-35202\" style=\"width: 768px\" class=\"wp-caption aligncenter\"><img loading=\"lazy\" decoding=\"async\" class=\"wp-image-35202 size-full\" src=\"https:\/\/mouldking.store\/wp-content\/uploads\/2022\/11\/Mork-031062-3.jpg\" alt=\"Mork 031062 Sunshine Coffee House With 1512 Pieces\" width=\"768\" height=\"869\" title=\"-\" srcset=\"https:\/\/mouldking.store\/wp-content\/uploads\/2022\/11\/Mork-031062-3.jpg 768w, https:\/\/mouldking.store\/wp-content\/uploads\/2022\/11\/Mork-031062-3-265x300.jpg 265w, https:\/\/mouldking.store\/wp-content\/uploads\/2022\/11\/Mork-031062-3-300x339.jpg 300w, https:\/\/mouldking.store\/wp-content\/uploads\/2022\/11\/Mork-031062-3-600x679.jpg 600w, https:\/\/mouldking.store\/wp-content\/uploads\/2022\/11\/Mork-031062-3-133x150.jpg 133w, https:\/\/mouldking.store\/wp-content\/uploads\/2022\/11\/Mork-031062-3-53x60.jpg 53w, https:\/\/mouldking.store\/wp-content\/uploads\/2022\/11\/Mork-031062-3-80x90.jpg 80w\" sizes=\"(max-width: 768px) 100vw, 768px\" \/><figcaption id=\"caption-attachment-35202\" class=\"wp-caption-text\">Mork 031062 Sunshine Coffee House With 1512 Pieces<\/figcaption><\/figure>\n<figure id=\"attachment_35203\" aria-describedby=\"caption-attachment-35203\" style=\"width: 768px\" class=\"wp-caption aligncenter\"><img loading=\"lazy\" decoding=\"async\" class=\"wp-image-35203 size-full\" src=\"https:\/\/mouldking.store\/wp-content\/uploads\/2022\/11\/Mork-031062-2.jpg\" alt=\"Mork 031062 Sunshine Coffee House With 1512 Pieces\" width=\"768\" height=\"768\" title=\"-\" srcset=\"https:\/\/mouldking.store\/wp-content\/uploads\/2022\/11\/Mork-031062-2.jpg 768w, https:\/\/mouldking.store\/wp-content\/uploads\/2022\/11\/Mork-031062-2-300x300.jpg 300w, https:\/\/mouldking.store\/wp-content\/uploads\/2022\/11\/Mork-031062-2-600x600.jpg 600w, https:\/\/mouldking.store\/wp-content\/uploads\/2022\/11\/Mork-031062-2-150x150.jpg 150w, https:\/\/mouldking.store\/wp-content\/uploads\/2022\/11\/Mork-031062-2-60x60.jpg 60w, https:\/\/mouldking.store\/wp-content\/uploads\/2022\/11\/Mork-031062-2-90x90.jpg 90w\" sizes=\"(max-width: 768px) 100vw, 768px\" \/><figcaption id=\"caption-attachment-35203\" class=\"wp-caption-text\">Mork 031062 Sunshine Coffee House With 1512 Pieces<\/figcaption><\/figure>\n<figure id=\"attachment_35204\" aria-describedby=\"caption-attachment-35204\" style=\"width: 768px\" class=\"wp-caption aligncenter\"><img loading=\"lazy\" decoding=\"async\" class=\"wp-image-35204 size-full\" src=\"https:\/\/mouldking.store\/wp-content\/uploads\/2022\/11\/Mork-031062-1.jpg\" alt=\"Mork 031062 Sunshine Coffee House With 1512 Pieces\" width=\"768\" height=\"768\" title=\"-\" srcset=\"https:\/\/mouldking.store\/wp-content\/uploads\/2022\/11\/Mork-031062-1.jpg 768w, https:\/\/mouldking.store\/wp-content\/uploads\/2022\/11\/Mork-031062-1-300x300.jpg 300w, https:\/\/mouldking.store\/wp-content\/uploads\/2022\/11\/Mork-031062-1-600x600.jpg 600w, https:\/\/mouldking.store\/wp-content\/uploads\/2022\/11\/Mork-031062-1-150x150.jpg 150w, https:\/\/mouldking.store\/wp-content\/uploads\/2022\/11\/Mork-031062-1-60x60.jpg 60w, https:\/\/mouldking.store\/wp-content\/uploads\/2022\/11\/Mork-031062-1-90x90.jpg 90w\" sizes=\"(max-width: 768px) 100vw, 768px\" \/><figcaption id=\"caption-attachment-35204\" class=\"wp-caption-text\">Mork 031062 Sunshine Coffee House With 1512 Pieces<\/figcaption><\/figure>","protected":false},"excerpt":{"rendered":"<p>Product information: Brand: Mork Gender: Unisex Name: Sunshine Coffee House Age Range: &gt; 6 years old Model Number: 031062 Classification: Assemblage Plastic Block Shape: Self-Locking Bricks Material: Plastic Plastic Type: ABS Bricks Blocks:1512 PCS Size:20.8 \u00d7 16 \u00d7 20.5 cm Contains detailed assembly instructions. Notice: 1. Without an original box, but we guarantee our products [&hellip;]<\/p>","protected":false},"featured_media":35194,"comment_status":"closed","ping_status":"closed","template":"","meta":{"_acf_changed":false},"product_cat":[1395],"product_tag":[7386,1207,2352,7388,7390,7385,7387,7389],"class_list":["product","first","instock","shipping-taxable","purchasable","product-type-simple"],"acf":[],"_links":{"self":[{"href":"https:\/\/mouldking.store\/vi\/wp-json\/wp\/v2\/product\/35193","targetHints":{"allow":["GET"]}}],"collection":[{"href":"https:\/\/mouldking.store\/vi\/wp-json\/wp\/v2\/product"}],"about":[{"href":"https:\/\/mouldking.store\/vi\/wp-json\/wp\/v2\/types\/product"}],"replies":[{"embeddable":true,"href":"https:\/\/mouldking.store\/vi\/wp-json\/wp\/v2\/comments?post=35193"}],"wp:featuredmedia":[{"embeddable":true,"href":"https:\/\/mouldking.store\/vi\/wp-json\/wp\/v2\/media\/35194"}],"wp:attachment":[{"href":"https:\/\/mouldking.store\/vi\/wp-json\/wp\/v2\/media?parent=35193"}],"wp:term":[{"taxonomy":"product_cat","embeddable":true,"href":"https:\/\/mouldking.store\/vi\/wp-json\/wp\/v2\/product_cat?post=35193"},{"taxonomy":"product_tag","embeddable":true,"href":"https:\/\/mouldking.store\/vi\/wp-json\/wp\/v2\/product_tag?post=35193"}],"curies":[{"name":"wp","href":"https:\/\/api.w.org\/{rel}","templated":true}]}}