{"id":35213,"date":"2022-11-18T11:39:32","date_gmt":"2022-11-18T04:39:32","guid":{"rendered":"https:\/\/mouldking.store\/?post_type=product&#038;p=35213"},"modified":"2022-11-18T11:39:32","modified_gmt":"2022-11-18T04:39:32","slug":"wange-6229-shanxi-stork-tower-with-1557-pieces","status":"publish","type":"product","link":"https:\/\/mouldking.store\/vi\/shop\/wange-6229-shanxi-stork-tower-with-1557-pieces\/","title":{"rendered":"WANGE 6229 Th\u00e1p C\u00f2 S\u01a1n T\u00e2y V\u1edbi 1557 M\u1ea3nh Gh\u00e9p"},"content":{"rendered":"<p>Th\u00f4ng tin s\u1ea3n ph\u1ea9m:<\/p>\n<ol>\n<li>Th\u01b0\u01a1ng hi\u1ec7u: WANGE<\/li>\n<li>Gi\u1edbi t\u00ednh: Unisex<\/li>\n<li>T\u00ean: Th\u00e1p c\u00f2 S\u01a1n T\u00e2y<\/li>\n<li>\u0110\u1ed9 tu\u1ed5i: &gt; 6 tu\u1ed5i<\/li>\n<li>S\u1ed1 m\u00f4 h\u00ecnh: 6229<\/li>\n<li>Ph\u00e2n lo\u1ea1i: T\u1eadp h\u1ee3p<\/li>\n<li>H\u00ecnh d\u1ea1ng kh\u1ed1i nh\u1ef1a: G\u1ea1ch t\u1ef1 kh\u00f3a<\/li>\n<li>Ch\u1ea5t li\u1ec7u: Nh\u1ef1a<\/li>\n<li>Lo\u1ea1i nh\u1ef1a: ABS<\/li>\n<li>Kh\u1ed1i g\u1ea1ch: 1557 C\u00c1I<\/li>\n<li>K\u00edch th\u01b0\u1edbc:30.5\u00d733.5\u00d730.6cm<\/li>\n<li>Ch\u1ee9a h\u01b0\u1edbng d\u1eabn l\u1eafp r\u00e1p chi ti\u1ebft.<\/li>\n<\/ol>\n<p>\u0110\u1ec3 \u00fd:<br \/>\n1. Kh\u00f4ng c\u00f3 h\u1ed9p ban \u0111\u1ea7u, nh\u01b0ng ch\u00fang t\u00f4i \u0111\u1ea3m b\u1ea3o s\u1ea3n ph\u1ea9m c\u1ee7a ch\u00fang t\u00f4i c\u00f3 ch\u1ea5t l\u01b0\u1ee3ng \u0111\u1ea3m b\u1ea3o v\u00e0 bao b\u00ec \u0111\u1eb9p.<br \/>\n2. V\u00ec t\u1ea5t c\u1ea3 c\u00e1c b\u1ed9 ph\u1eadn ch\u00fang t\u00f4i \u0111\u00e3 ki\u1ec3m tra tr\u01b0\u1edbc khi v\u1eadn chuy\u1ec3n, v\u00ec v\u1eady n\u1ebfu b\u1ea1n th\u1ea5y m\u1ed9t s\u1ed1 b\u1ed9 ph\u1eadn b\u1ecb thi\u1ebfu ho\u1eb7c h\u01b0 h\u1ecfng, \u0111\u1eebng lo l\u1eafng v\u00e0 ch\u1ec9 c\u1ea7n vui l\u00f2ng li\u00ean h\u1ec7 v\u1edbi ch\u00fang t\u00f4i v\u00e0 ch\u00fang t\u00f4i c\u00f3 th\u1ec3 g\u1eedi l\u1ea1i mi\u1ec5n ph\u00ed cho b\u1ea1n ngay l\u1eadp t\u1ee9c.<\/p>\n<figure id=\"attachment_35214\" aria-describedby=\"caption-attachment-35214\" style=\"width: 768px\" class=\"wp-caption aligncenter\"><img fetchpriority=\"high\" decoding=\"async\" class=\"wp-image-35214 size-full\" src=\"https:\/\/mouldking.store\/wp-content\/uploads\/2022\/11\/WANGE-6229-13.jpg\" alt=\"WANGE 6229 Shanxi Stork Tower With 1557 Pieces\" width=\"768\" height=\"768\" title=\"-\" srcset=\"https:\/\/mouldking.store\/wp-content\/uploads\/2022\/11\/WANGE-6229-13.jpg 768w, https:\/\/mouldking.store\/wp-content\/uploads\/2022\/11\/WANGE-6229-13-300x300.jpg 300w, https:\/\/mouldking.store\/wp-content\/uploads\/2022\/11\/WANGE-6229-13-600x600.jpg 600w, https:\/\/mouldking.store\/wp-content\/uploads\/2022\/11\/WANGE-6229-13-150x150.jpg 150w, https:\/\/mouldking.store\/wp-content\/uploads\/2022\/11\/WANGE-6229-13-60x60.jpg 60w, https:\/\/mouldking.store\/wp-content\/uploads\/2022\/11\/WANGE-6229-13-90x90.jpg 90w\" sizes=\"(max-width: 768px) 100vw, 768px\" \/><figcaption id=\"caption-attachment-35214\" class=\"wp-caption-text\">WANGE 6229 Th\u00e1p C\u00f2 S\u01a1n T\u00e2y V\u1edbi 1557 M\u1ea3nh Gh\u00e9p<\/figcaption><\/figure>\n<figure id=\"attachment_35215\" aria-describedby=\"caption-attachment-35215\" style=\"width: 768px\" class=\"wp-caption aligncenter\"><img decoding=\"async\" class=\"wp-image-35215 size-full\" src=\"https:\/\/mouldking.store\/wp-content\/uploads\/2022\/11\/WANGE-6229-12.jpg\" alt=\"WANGE 6229 Shanxi Stork Tower With 1557 Pieces\" width=\"768\" height=\"768\" title=\"-\" srcset=\"https:\/\/mouldking.store\/wp-content\/uploads\/2022\/11\/WANGE-6229-12.jpg 768w, https:\/\/mouldking.store\/wp-content\/uploads\/2022\/11\/WANGE-6229-12-300x300.jpg 300w, https:\/\/mouldking.store\/wp-content\/uploads\/2022\/11\/WANGE-6229-12-600x600.jpg 600w, https:\/\/mouldking.store\/wp-content\/uploads\/2022\/11\/WANGE-6229-12-150x150.jpg 150w, https:\/\/mouldking.store\/wp-content\/uploads\/2022\/11\/WANGE-6229-12-60x60.jpg 60w, https:\/\/mouldking.store\/wp-content\/uploads\/2022\/11\/WANGE-6229-12-90x90.jpg 90w\" sizes=\"(max-width: 768px) 100vw, 768px\" \/><figcaption id=\"caption-attachment-35215\" class=\"wp-caption-text\">WANGE 6229 Th\u00e1p C\u00f2 S\u01a1n T\u00e2y V\u1edbi 1557 M\u1ea3nh Gh\u00e9p<\/figcaption><\/figure>\n<figure id=\"attachment_35216\" aria-describedby=\"caption-attachment-35216\" style=\"width: 768px\" class=\"wp-caption aligncenter\"><img decoding=\"async\" class=\"wp-image-35216 size-full\" src=\"https:\/\/mouldking.store\/wp-content\/uploads\/2022\/11\/WANGE-6229-11.jpg\" alt=\"WANGE 6229 Shanxi Stork Tower With 1557 Pieces\" width=\"768\" height=\"768\" title=\"-\" srcset=\"https:\/\/mouldking.store\/wp-content\/uploads\/2022\/11\/WANGE-6229-11.jpg 768w, https:\/\/mouldking.store\/wp-content\/uploads\/2022\/11\/WANGE-6229-11-300x300.jpg 300w, https:\/\/mouldking.store\/wp-content\/uploads\/2022\/11\/WANGE-6229-11-600x600.jpg 600w, https:\/\/mouldking.store\/wp-content\/uploads\/2022\/11\/WANGE-6229-11-150x150.jpg 150w, https:\/\/mouldking.store\/wp-content\/uploads\/2022\/11\/WANGE-6229-11-60x60.jpg 60w, https:\/\/mouldking.store\/wp-content\/uploads\/2022\/11\/WANGE-6229-11-90x90.jpg 90w\" sizes=\"(max-width: 768px) 100vw, 768px\" \/><figcaption id=\"caption-attachment-35216\" class=\"wp-caption-text\">WANGE 6229 Th\u00e1p C\u00f2 S\u01a1n T\u00e2y V\u1edbi 1557 M\u1ea3nh Gh\u00e9p<\/figcaption><\/figure>\n<figure id=\"attachment_35217\" aria-describedby=\"caption-attachment-35217\" style=\"width: 768px\" class=\"wp-caption aligncenter\"><img loading=\"lazy\" decoding=\"async\" class=\"wp-image-35217 size-full\" src=\"https:\/\/mouldking.store\/wp-content\/uploads\/2022\/11\/WANGE-6229-10.jpg\" alt=\"WANGE 6229 Shanxi Stork Tower With 1557 Pieces\" width=\"768\" height=\"768\" title=\"-\" srcset=\"https:\/\/mouldking.store\/wp-content\/uploads\/2022\/11\/WANGE-6229-10.jpg 768w, https:\/\/mouldking.store\/wp-content\/uploads\/2022\/11\/WANGE-6229-10-300x300.jpg 300w, https:\/\/mouldking.store\/wp-content\/uploads\/2022\/11\/WANGE-6229-10-600x600.jpg 600w, https:\/\/mouldking.store\/wp-content\/uploads\/2022\/11\/WANGE-6229-10-150x150.jpg 150w, https:\/\/mouldking.store\/wp-content\/uploads\/2022\/11\/WANGE-6229-10-60x60.jpg 60w, https:\/\/mouldking.store\/wp-content\/uploads\/2022\/11\/WANGE-6229-10-90x90.jpg 90w\" sizes=\"(max-width: 768px) 100vw, 768px\" \/><figcaption id=\"caption-attachment-35217\" class=\"wp-caption-text\">WANGE 6229 Th\u00e1p C\u00f2 S\u01a1n T\u00e2y V\u1edbi 1557 M\u1ea3nh Gh\u00e9p<\/figcaption><\/figure>\n<figure id=\"attachment_35218\" aria-describedby=\"caption-attachment-35218\" style=\"width: 761px\" class=\"wp-caption aligncenter\"><img loading=\"lazy\" decoding=\"async\" class=\"wp-image-35218 size-full\" src=\"https:\/\/mouldking.store\/wp-content\/uploads\/2022\/11\/WANGE-6229-9.jpg\" alt=\"WANGE 6229 Shanxi Stork Tower With 1557 Pieces\" width=\"761\" height=\"1024\" title=\"-\" srcset=\"https:\/\/mouldking.store\/wp-content\/uploads\/2022\/11\/WANGE-6229-9.jpg 761w, https:\/\/mouldking.store\/wp-content\/uploads\/2022\/11\/WANGE-6229-9-223x300.jpg 223w, https:\/\/mouldking.store\/wp-content\/uploads\/2022\/11\/WANGE-6229-9-300x404.jpg 300w, https:\/\/mouldking.store\/wp-content\/uploads\/2022\/11\/WANGE-6229-9-600x807.jpg 600w, https:\/\/mouldking.store\/wp-content\/uploads\/2022\/11\/WANGE-6229-9-111x150.jpg 111w, https:\/\/mouldking.store\/wp-content\/uploads\/2022\/11\/WANGE-6229-9-45x60.jpg 45w, https:\/\/mouldking.store\/wp-content\/uploads\/2022\/11\/WANGE-6229-9-67x90.jpg 67w\" sizes=\"(max-width: 761px) 100vw, 761px\" \/><figcaption id=\"caption-attachment-35218\" class=\"wp-caption-text\">WANGE 6229 Th\u00e1p C\u00f2 S\u01a1n T\u00e2y V\u1edbi 1557 M\u1ea3nh Gh\u00e9p<\/figcaption><\/figure>\n<figure id=\"attachment_35219\" aria-describedby=\"caption-attachment-35219\" style=\"width: 768px\" class=\"wp-caption aligncenter\"><img loading=\"lazy\" decoding=\"async\" class=\"wp-image-35219 size-full\" src=\"https:\/\/mouldking.store\/wp-content\/uploads\/2022\/11\/WANGE-6229-8.jpg\" alt=\"WANGE 6229 Shanxi Stork Tower With 1557 Pieces\" width=\"768\" height=\"827\" title=\"-\" srcset=\"https:\/\/mouldking.store\/wp-content\/uploads\/2022\/11\/WANGE-6229-8.jpg 768w, https:\/\/mouldking.store\/wp-content\/uploads\/2022\/11\/WANGE-6229-8-279x300.jpg 279w, https:\/\/mouldking.store\/wp-content\/uploads\/2022\/11\/WANGE-6229-8-300x323.jpg 300w, https:\/\/mouldking.store\/wp-content\/uploads\/2022\/11\/WANGE-6229-8-600x646.jpg 600w, https:\/\/mouldking.store\/wp-content\/uploads\/2022\/11\/WANGE-6229-8-139x150.jpg 139w, https:\/\/mouldking.store\/wp-content\/uploads\/2022\/11\/WANGE-6229-8-56x60.jpg 56w, https:\/\/mouldking.store\/wp-content\/uploads\/2022\/11\/WANGE-6229-8-84x90.jpg 84w\" sizes=\"(max-width: 768px) 100vw, 768px\" \/><figcaption id=\"caption-attachment-35219\" class=\"wp-caption-text\">WANGE 6229 Th\u00e1p C\u00f2 S\u01a1n T\u00e2y V\u1edbi 1557 M\u1ea3nh Gh\u00e9p<\/figcaption><\/figure>\n<figure id=\"attachment_35220\" aria-describedby=\"caption-attachment-35220\" style=\"width: 768px\" class=\"wp-caption aligncenter\"><img loading=\"lazy\" decoding=\"async\" class=\"wp-image-35220 size-full\" src=\"https:\/\/mouldking.store\/wp-content\/uploads\/2022\/11\/WANGE-6229-7.jpg\" alt=\"WANGE 6229 Shanxi Stork Tower With 1557 Pieces\" width=\"768\" height=\"717\" title=\"-\" srcset=\"https:\/\/mouldking.store\/wp-content\/uploads\/2022\/11\/WANGE-6229-7.jpg 768w, https:\/\/mouldking.store\/wp-content\/uploads\/2022\/11\/WANGE-6229-7-300x280.jpg 300w, https:\/\/mouldking.store\/wp-content\/uploads\/2022\/11\/WANGE-6229-7-600x560.jpg 600w, https:\/\/mouldking.store\/wp-content\/uploads\/2022\/11\/WANGE-6229-7-150x140.jpg 150w, https:\/\/mouldking.store\/wp-content\/uploads\/2022\/11\/WANGE-6229-7-64x60.jpg 64w, https:\/\/mouldking.store\/wp-content\/uploads\/2022\/11\/WANGE-6229-7-96x90.jpg 96w\" sizes=\"(max-width: 768px) 100vw, 768px\" \/><figcaption id=\"caption-attachment-35220\" class=\"wp-caption-text\">WANGE 6229 Th\u00e1p C\u00f2 S\u01a1n T\u00e2y V\u1edbi 1557 M\u1ea3nh Gh\u00e9p<\/figcaption><\/figure>\n<figure id=\"attachment_35221\" aria-describedby=\"caption-attachment-35221\" style=\"width: 694px\" class=\"wp-caption alignnone\"><img loading=\"lazy\" decoding=\"async\" class=\"wp-image-35221 size-full\" src=\"https:\/\/mouldking.store\/wp-content\/uploads\/2022\/11\/WANGE-6229-6.jpg\" alt=\"WANGE 6229 Shanxi Stork Tower With 1557 Pieces\" width=\"694\" height=\"1024\" title=\"-\" srcset=\"https:\/\/mouldking.store\/wp-content\/uploads\/2022\/11\/WANGE-6229-6.jpg 694w, https:\/\/mouldking.store\/wp-content\/uploads\/2022\/11\/WANGE-6229-6-203x300.jpg 203w, https:\/\/mouldking.store\/wp-content\/uploads\/2022\/11\/WANGE-6229-6-300x443.jpg 300w, https:\/\/mouldking.store\/wp-content\/uploads\/2022\/11\/WANGE-6229-6-600x885.jpg 600w, https:\/\/mouldking.store\/wp-content\/uploads\/2022\/11\/WANGE-6229-6-102x150.jpg 102w, https:\/\/mouldking.store\/wp-content\/uploads\/2022\/11\/WANGE-6229-6-41x60.jpg 41w, https:\/\/mouldking.store\/wp-content\/uploads\/2022\/11\/WANGE-6229-6-61x90.jpg 61w\" sizes=\"(max-width: 694px) 100vw, 694px\" \/><figcaption id=\"caption-attachment-35221\" class=\"wp-caption-text\">WANGE 6229 Th\u00e1p C\u00f2 S\u01a1n T\u00e2y V\u1edbi 1557 M\u1ea3nh Gh\u00e9p<\/figcaption><\/figure>\n<figure id=\"attachment_35222\" aria-describedby=\"caption-attachment-35222\" style=\"width: 554px\" class=\"wp-caption aligncenter\"><img loading=\"lazy\" decoding=\"async\" class=\"wp-image-35222 size-full\" src=\"https:\/\/mouldking.store\/wp-content\/uploads\/2022\/11\/WANGE-6229-5.jpg\" alt=\"WANGE 6229 Shanxi Stork Tower With 1557 Pieces\" width=\"554\" height=\"1024\" title=\"-\" srcset=\"https:\/\/mouldking.store\/wp-content\/uploads\/2022\/11\/WANGE-6229-5.jpg 554w, https:\/\/mouldking.store\/wp-content\/uploads\/2022\/11\/WANGE-6229-5-162x300.jpg 162w, https:\/\/mouldking.store\/wp-content\/uploads\/2022\/11\/WANGE-6229-5-300x555.jpg 300w, https:\/\/mouldking.store\/wp-content\/uploads\/2022\/11\/WANGE-6229-5-81x150.jpg 81w, https:\/\/mouldking.store\/wp-content\/uploads\/2022\/11\/WANGE-6229-5-32x60.jpg 32w, https:\/\/mouldking.store\/wp-content\/uploads\/2022\/11\/WANGE-6229-5-49x90.jpg 49w\" sizes=\"(max-width: 554px) 100vw, 554px\" \/><figcaption id=\"caption-attachment-35222\" class=\"wp-caption-text\">WANGE 6229 Th\u00e1p C\u00f2 S\u01a1n T\u00e2y V\u1edbi 1557 M\u1ea3nh Gh\u00e9p<\/figcaption><\/figure>\n<figure id=\"attachment_35223\" aria-describedby=\"caption-attachment-35223\" style=\"width: 375px\" class=\"wp-caption aligncenter\"><img loading=\"lazy\" decoding=\"async\" class=\"wp-image-35223 size-full\" src=\"https:\/\/mouldking.store\/wp-content\/uploads\/2022\/11\/WANGE-6229-4.jpg\" alt=\"WANGE 6229 Shanxi Stork Tower With 1557 Pieces\" width=\"375\" height=\"1024\" title=\"-\" srcset=\"https:\/\/mouldking.store\/wp-content\/uploads\/2022\/11\/WANGE-6229-4.jpg 375w, https:\/\/mouldking.store\/wp-content\/uploads\/2022\/11\/WANGE-6229-4-110x300.jpg 110w, https:\/\/mouldking.store\/wp-content\/uploads\/2022\/11\/WANGE-6229-4-300x819.jpg 300w, https:\/\/mouldking.store\/wp-content\/uploads\/2022\/11\/WANGE-6229-4-55x150.jpg 55w, https:\/\/mouldking.store\/wp-content\/uploads\/2022\/11\/WANGE-6229-4-22x60.jpg 22w, https:\/\/mouldking.store\/wp-content\/uploads\/2022\/11\/WANGE-6229-4-33x90.jpg 33w\" sizes=\"(max-width: 375px) 100vw, 375px\" \/><figcaption id=\"caption-attachment-35223\" class=\"wp-caption-text\">WANGE 6229 Th\u00e1p C\u00f2 S\u01a1n T\u00e2y V\u1edbi 1557 M\u1ea3nh Gh\u00e9p<\/figcaption><\/figure>\n<figure id=\"attachment_35224\" aria-describedby=\"caption-attachment-35224\" style=\"width: 768px\" class=\"wp-caption aligncenter\"><img loading=\"lazy\" decoding=\"async\" class=\"wp-image-35224 size-full\" src=\"https:\/\/mouldking.store\/wp-content\/uploads\/2022\/11\/WANGE-6229-3.jpg\" alt=\"WANGE 6229 Shanxi Stork Tower With 1557 Pieces\" width=\"768\" height=\"909\" title=\"-\" srcset=\"https:\/\/mouldking.store\/wp-content\/uploads\/2022\/11\/WANGE-6229-3.jpg 768w, https:\/\/mouldking.store\/wp-content\/uploads\/2022\/11\/WANGE-6229-3-253x300.jpg 253w, https:\/\/mouldking.store\/wp-content\/uploads\/2022\/11\/WANGE-6229-3-300x355.jpg 300w, https:\/\/mouldking.store\/wp-content\/uploads\/2022\/11\/WANGE-6229-3-600x710.jpg 600w, https:\/\/mouldking.store\/wp-content\/uploads\/2022\/11\/WANGE-6229-3-127x150.jpg 127w, https:\/\/mouldking.store\/wp-content\/uploads\/2022\/11\/WANGE-6229-3-51x60.jpg 51w, https:\/\/mouldking.store\/wp-content\/uploads\/2022\/11\/WANGE-6229-3-76x90.jpg 76w\" sizes=\"(max-width: 768px) 100vw, 768px\" \/><figcaption id=\"caption-attachment-35224\" class=\"wp-caption-text\">WANGE 6229 Th\u00e1p C\u00f2 S\u01a1n T\u00e2y V\u1edbi 1557 M\u1ea3nh Gh\u00e9p<\/figcaption><\/figure>\n<figure id=\"attachment_35225\" aria-describedby=\"caption-attachment-35225\" style=\"width: 530px\" class=\"wp-caption aligncenter\"><img loading=\"lazy\" decoding=\"async\" class=\"wp-image-35225 size-full\" src=\"https:\/\/mouldking.store\/wp-content\/uploads\/2022\/11\/WANGE-6229-2.jpg\" alt=\"WANGE 6229 Shanxi Stork Tower With 1557 Pieces\" width=\"530\" height=\"1024\" title=\"-\" srcset=\"https:\/\/mouldking.store\/wp-content\/uploads\/2022\/11\/WANGE-6229-2.jpg 530w, https:\/\/mouldking.store\/wp-content\/uploads\/2022\/11\/WANGE-6229-2-155x300.jpg 155w, https:\/\/mouldking.store\/wp-content\/uploads\/2022\/11\/WANGE-6229-2-300x580.jpg 300w, https:\/\/mouldking.store\/wp-content\/uploads\/2022\/11\/WANGE-6229-2-78x150.jpg 78w, https:\/\/mouldking.store\/wp-content\/uploads\/2022\/11\/WANGE-6229-2-31x60.jpg 31w, https:\/\/mouldking.store\/wp-content\/uploads\/2022\/11\/WANGE-6229-2-47x90.jpg 47w\" sizes=\"(max-width: 530px) 100vw, 530px\" \/><figcaption id=\"caption-attachment-35225\" class=\"wp-caption-text\">WANGE 6229 Th\u00e1p C\u00f2 S\u01a1n T\u00e2y V\u1edbi 1557 M\u1ea3nh Gh\u00e9p<\/figcaption><\/figure>\n<figure id=\"attachment_35226\" aria-describedby=\"caption-attachment-35226\" style=\"width: 548px\" class=\"wp-caption aligncenter\"><img loading=\"lazy\" decoding=\"async\" class=\"wp-image-35226 size-full\" src=\"https:\/\/mouldking.store\/wp-content\/uploads\/2022\/11\/WANGE-6229-1.jpg\" alt=\"WANGE 6229 Shanxi Stork Tower With 1557 Pieces\" width=\"548\" height=\"1024\" title=\"-\" srcset=\"https:\/\/mouldking.store\/wp-content\/uploads\/2022\/11\/WANGE-6229-1.jpg 548w, https:\/\/mouldking.store\/wp-content\/uploads\/2022\/11\/WANGE-6229-1-161x300.jpg 161w, https:\/\/mouldking.store\/wp-content\/uploads\/2022\/11\/WANGE-6229-1-300x561.jpg 300w, https:\/\/mouldking.store\/wp-content\/uploads\/2022\/11\/WANGE-6229-1-80x150.jpg 80w, https:\/\/mouldking.store\/wp-content\/uploads\/2022\/11\/WANGE-6229-1-32x60.jpg 32w, https:\/\/mouldking.store\/wp-content\/uploads\/2022\/11\/WANGE-6229-1-48x90.jpg 48w\" sizes=\"(max-width: 548px) 100vw, 548px\" \/><figcaption id=\"caption-attachment-35226\" class=\"wp-caption-text\">WANGE 6229 Th\u00e1p C\u00f2 S\u01a1n T\u00e2y V\u1edbi 1557 M\u1ea3nh Gh\u00e9p<\/figcaption><\/figure>","protected":false},"excerpt":{"rendered":"<p>Product information: Brand: WANGE Gender: Unisex Name: Shanxi Stork Tower Age Range: &gt; 6 years old Model Number: 6229 Classification: Assemblage Plastic Block Shape: Self-Locking Bricks Material: Plastic Plastic Type: ABS Bricks Blocks:1557 PCS Size:30.5\u00d733.5\u00d730.6cm Contains detailed assembly instructions. Notice: 1. Without an original box, but we guarantee our products have quality assurance and nice [&hellip;]<\/p>","protected":false},"featured_media":35214,"comment_status":"closed","ping_status":"closed","template":"","meta":{"_acf_changed":false},"product_cat":[1395],"product_tag":[7399,7400,7403,7401,7402,2302,2299,7404,7398],"class_list":["product","first","instock","shipping-taxable","purchasable","product-type-simple"],"acf":[],"_links":{"self":[{"href":"https:\/\/mouldking.store\/vi\/wp-json\/wp\/v2\/product\/35213","targetHints":{"allow":["GET"]}}],"collection":[{"href":"https:\/\/mouldking.store\/vi\/wp-json\/wp\/v2\/product"}],"about":[{"href":"https:\/\/mouldking.store\/vi\/wp-json\/wp\/v2\/types\/product"}],"replies":[{"embeddable":true,"href":"https:\/\/mouldking.store\/vi\/wp-json\/wp\/v2\/comments?post=35213"}],"wp:featuredmedia":[{"embeddable":true,"href":"https:\/\/mouldking.store\/vi\/wp-json\/wp\/v2\/media\/35214"}],"wp:attachment":[{"href":"https:\/\/mouldking.store\/vi\/wp-json\/wp\/v2\/media?parent=35213"}],"wp:term":[{"taxonomy":"product_cat","embeddable":true,"href":"https:\/\/mouldking.store\/vi\/wp-json\/wp\/v2\/product_cat?post=35213"},{"taxonomy":"product_tag","embeddable":true,"href":"https:\/\/mouldking.store\/vi\/wp-json\/wp\/v2\/product_tag?post=35213"}],"curies":[{"name":"wp","href":"https:\/\/api.w.org\/{rel}","templated":true}]}}