{"id":35228,"date":"2022-11-18T11:47:36","date_gmt":"2022-11-18T04:47:36","guid":{"rendered":"https:\/\/mouldking.store\/?post_type=product&#038;p=35228"},"modified":"2022-11-18T11:47:37","modified_gmt":"2022-11-18T04:47:37","slug":"mork-022025-1-110-shelby-cobra-427-with-1816-pieces","status":"publish","type":"product","link":"https:\/\/mouldking.store\/vi\/shop\/mork-022025-1-110-shelby-cobra-427-with-1816-pieces\/","title":{"rendered":"MORK 022025-1 1:10 Shelby Cobra 427 V\u1edbi 1816 M\u1ea3nh gh\u00e9p"},"content":{"rendered":"<p>Th\u00f4ng tin s\u1ea3n ph\u1ea9m:<\/p>\n<ol>\n<li>Th\u01b0\u01a1ng hi\u1ec7u: MORK<\/li>\n<li>Gi\u1edbi t\u00ednh: Unisex<\/li>\n<li>T\u00ean: 1:10 Shelby Cobra 427<\/li>\n<li>\u0110\u1ed9 tu\u1ed5i: &gt; 6 tu\u1ed5i<\/li>\n<li>S\u1ed1 m\u00f4 h\u00ecnh: 022025-1<\/li>\n<li>Ph\u00e2n lo\u1ea1i: T\u1eadp h\u1ee3p<\/li>\n<li>H\u00ecnh d\u1ea1ng kh\u1ed1i nh\u1ef1a: G\u1ea1ch t\u1ef1 kh\u00f3a<\/li>\n<li>Ch\u1ea5t li\u1ec7u: Nh\u1ef1a<\/li>\n<li>Lo\u1ea1i nh\u1ef1a: ABS<\/li>\n<li>Kh\u1ed1i g\u1ea1ch: 1816 C\u00c1I<\/li>\n<li>K\u00edch th\u01b0\u1edbc: 48\u00d724\u00d715,5 cm<\/li>\n<li>Ch\u1ee9a h\u01b0\u1edbng d\u1eabn l\u1eafp r\u00e1p chi ti\u1ebft.<\/li>\n<\/ol>\n<p>\u0110\u1ec3 \u00fd:<br \/>\n1. Kh\u00f4ng c\u00f3 h\u1ed9p ban \u0111\u1ea7u, nh\u01b0ng ch\u00fang t\u00f4i \u0111\u1ea3m b\u1ea3o s\u1ea3n ph\u1ea9m c\u1ee7a ch\u00fang t\u00f4i c\u00f3 ch\u1ea5t l\u01b0\u1ee3ng \u0111\u1ea3m b\u1ea3o v\u00e0 bao b\u00ec \u0111\u1eb9p.<br \/>\n2. V\u00ec t\u1ea5t c\u1ea3 c\u00e1c b\u1ed9 ph\u1eadn ch\u00fang t\u00f4i \u0111\u00e3 ki\u1ec3m tra tr\u01b0\u1edbc khi v\u1eadn chuy\u1ec3n, v\u00ec v\u1eady n\u1ebfu b\u1ea1n th\u1ea5y m\u1ed9t s\u1ed1 b\u1ed9 ph\u1eadn b\u1ecb thi\u1ebfu ho\u1eb7c h\u01b0 h\u1ecfng, \u0111\u1eebng lo l\u1eafng v\u00e0 ch\u1ec9 c\u1ea7n vui l\u00f2ng li\u00ean h\u1ec7 v\u1edbi ch\u00fang t\u00f4i v\u00e0 ch\u00fang t\u00f4i c\u00f3 th\u1ec3 g\u1eedi l\u1ea1i mi\u1ec5n ph\u00ed cho b\u1ea1n ngay l\u1eadp t\u1ee9c.<\/p>\n<figure id=\"attachment_35229\" aria-describedby=\"caption-attachment-35229\" style=\"width: 768px\" class=\"wp-caption aligncenter\"><img fetchpriority=\"high\" decoding=\"async\" class=\"wp-image-35229 size-full\" src=\"https:\/\/mouldking.store\/wp-content\/uploads\/2022\/11\/MORK-022025-1-8.jpg\" alt=\"MORK 022025-1 1:10 Shelby Cobra 427 With 1816 Pieces\" width=\"768\" height=\"768\" title=\"-\" srcset=\"https:\/\/mouldking.store\/wp-content\/uploads\/2022\/11\/MORK-022025-1-8.jpg 768w, https:\/\/mouldking.store\/wp-content\/uploads\/2022\/11\/MORK-022025-1-8-300x300.jpg 300w, https:\/\/mouldking.store\/wp-content\/uploads\/2022\/11\/MORK-022025-1-8-600x600.jpg 600w, https:\/\/mouldking.store\/wp-content\/uploads\/2022\/11\/MORK-022025-1-8-150x150.jpg 150w, https:\/\/mouldking.store\/wp-content\/uploads\/2022\/11\/MORK-022025-1-8-60x60.jpg 60w, https:\/\/mouldking.store\/wp-content\/uploads\/2022\/11\/MORK-022025-1-8-90x90.jpg 90w\" sizes=\"(max-width: 768px) 100vw, 768px\" \/><figcaption id=\"caption-attachment-35229\" class=\"wp-caption-text\">MORK 022025-1 1:10 Shelby Cobra 427 V\u1edbi 1816 M\u1ea3nh gh\u00e9p<\/figcaption><\/figure>\n<figure id=\"attachment_35230\" aria-describedby=\"caption-attachment-35230\" style=\"width: 600px\" class=\"wp-caption aligncenter\"><img decoding=\"async\" class=\"wp-image-35230 size-full\" src=\"https:\/\/mouldking.store\/wp-content\/uploads\/2022\/11\/MORK-022025-1-7.jpg\" alt=\"MORK 022025-1 1:10 Shelby Cobra 427 With 1816 Pieces\" width=\"600\" height=\"930\" title=\"-\" srcset=\"https:\/\/mouldking.store\/wp-content\/uploads\/2022\/11\/MORK-022025-1-7.jpg 600w, https:\/\/mouldking.store\/wp-content\/uploads\/2022\/11\/MORK-022025-1-7-194x300.jpg 194w, https:\/\/mouldking.store\/wp-content\/uploads\/2022\/11\/MORK-022025-1-7-300x465.jpg 300w, https:\/\/mouldking.store\/wp-content\/uploads\/2022\/11\/MORK-022025-1-7-97x150.jpg 97w, https:\/\/mouldking.store\/wp-content\/uploads\/2022\/11\/MORK-022025-1-7-39x60.jpg 39w, https:\/\/mouldking.store\/wp-content\/uploads\/2022\/11\/MORK-022025-1-7-58x90.jpg 58w\" sizes=\"(max-width: 600px) 100vw, 600px\" \/><figcaption id=\"caption-attachment-35230\" class=\"wp-caption-text\">MORK 022025-1 1:10 Shelby Cobra 427 V\u1edbi 1816 M\u1ea3nh gh\u00e9p<\/figcaption><\/figure>\n<figure id=\"attachment_35231\" aria-describedby=\"caption-attachment-35231\" style=\"width: 469px\" class=\"wp-caption aligncenter\"><img decoding=\"async\" class=\"wp-image-35231 size-full\" src=\"https:\/\/mouldking.store\/wp-content\/uploads\/2022\/11\/MORK-022025-1-6.jpg\" alt=\"MORK 022025-1 1:10 Shelby Cobra 427 With 1816 Pieces\" width=\"469\" height=\"1024\" title=\"-\" srcset=\"https:\/\/mouldking.store\/wp-content\/uploads\/2022\/11\/MORK-022025-1-6.jpg 469w, https:\/\/mouldking.store\/wp-content\/uploads\/2022\/11\/MORK-022025-1-6-137x300.jpg 137w, https:\/\/mouldking.store\/wp-content\/uploads\/2022\/11\/MORK-022025-1-6-300x655.jpg 300w, https:\/\/mouldking.store\/wp-content\/uploads\/2022\/11\/MORK-022025-1-6-69x150.jpg 69w, https:\/\/mouldking.store\/wp-content\/uploads\/2022\/11\/MORK-022025-1-6-27x60.jpg 27w, https:\/\/mouldking.store\/wp-content\/uploads\/2022\/11\/MORK-022025-1-6-41x90.jpg 41w\" sizes=\"(max-width: 469px) 100vw, 469px\" \/><figcaption id=\"caption-attachment-35231\" class=\"wp-caption-text\">MORK 022025-1 1:10 Shelby Cobra 427 V\u1edbi 1816 M\u1ea3nh gh\u00e9p<\/figcaption><\/figure>\n<figure id=\"attachment_35232\" aria-describedby=\"caption-attachment-35232\" style=\"width: 561px\" class=\"wp-caption aligncenter\"><img loading=\"lazy\" decoding=\"async\" class=\"wp-image-35232 size-full\" src=\"https:\/\/mouldking.store\/wp-content\/uploads\/2022\/11\/MORK-022025-1-5.jpg\" alt=\"MORK 022025-1 1:10 Shelby Cobra 427 With 1816 Pieces\" width=\"561\" height=\"1024\" title=\"-\" srcset=\"https:\/\/mouldking.store\/wp-content\/uploads\/2022\/11\/MORK-022025-1-5.jpg 561w, https:\/\/mouldking.store\/wp-content\/uploads\/2022\/11\/MORK-022025-1-5-164x300.jpg 164w, https:\/\/mouldking.store\/wp-content\/uploads\/2022\/11\/MORK-022025-1-5-300x548.jpg 300w, https:\/\/mouldking.store\/wp-content\/uploads\/2022\/11\/MORK-022025-1-5-82x150.jpg 82w, https:\/\/mouldking.store\/wp-content\/uploads\/2022\/11\/MORK-022025-1-5-33x60.jpg 33w, https:\/\/mouldking.store\/wp-content\/uploads\/2022\/11\/MORK-022025-1-5-49x90.jpg 49w\" sizes=\"(max-width: 561px) 100vw, 561px\" \/><figcaption id=\"caption-attachment-35232\" class=\"wp-caption-text\">MORK 022025-1 1:10 Shelby Cobra 427 V\u1edbi 1816 M\u1ea3nh gh\u00e9p<\/figcaption><\/figure>\n<figure id=\"attachment_35233\" aria-describedby=\"caption-attachment-35233\" style=\"width: 509px\" class=\"wp-caption aligncenter\"><img loading=\"lazy\" decoding=\"async\" class=\"wp-image-35233 size-full\" src=\"https:\/\/mouldking.store\/wp-content\/uploads\/2022\/11\/MORK-022025-1-4.jpg\" alt=\"MORK 022025-1 1:10 Shelby Cobra 427 With 1816 Pieces\" width=\"509\" height=\"1024\" title=\"-\" srcset=\"https:\/\/mouldking.store\/wp-content\/uploads\/2022\/11\/MORK-022025-1-4.jpg 509w, https:\/\/mouldking.store\/wp-content\/uploads\/2022\/11\/MORK-022025-1-4-149x300.jpg 149w, https:\/\/mouldking.store\/wp-content\/uploads\/2022\/11\/MORK-022025-1-4-300x604.jpg 300w, https:\/\/mouldking.store\/wp-content\/uploads\/2022\/11\/MORK-022025-1-4-75x150.jpg 75w, https:\/\/mouldking.store\/wp-content\/uploads\/2022\/11\/MORK-022025-1-4-30x60.jpg 30w, https:\/\/mouldking.store\/wp-content\/uploads\/2022\/11\/MORK-022025-1-4-45x90.jpg 45w\" sizes=\"(max-width: 509px) 100vw, 509px\" \/><figcaption id=\"caption-attachment-35233\" class=\"wp-caption-text\">MORK 022025-1 1:10 Shelby Cobra 427 V\u1edbi 1816 M\u1ea3nh gh\u00e9p<\/figcaption><\/figure>\n<figure id=\"attachment_35234\" aria-describedby=\"caption-attachment-35234\" style=\"width: 520px\" class=\"wp-caption aligncenter\"><img loading=\"lazy\" decoding=\"async\" class=\"wp-image-35234 size-full\" src=\"https:\/\/mouldking.store\/wp-content\/uploads\/2022\/11\/MORK-022025-1-3.jpg\" alt=\"MORK 022025-1 1:10 Shelby Cobra 427 With 1816 Pieces\" width=\"520\" height=\"1024\" title=\"-\" srcset=\"https:\/\/mouldking.store\/wp-content\/uploads\/2022\/11\/MORK-022025-1-3.jpg 520w, https:\/\/mouldking.store\/wp-content\/uploads\/2022\/11\/MORK-022025-1-3-152x300.jpg 152w, https:\/\/mouldking.store\/wp-content\/uploads\/2022\/11\/MORK-022025-1-3-300x591.jpg 300w, https:\/\/mouldking.store\/wp-content\/uploads\/2022\/11\/MORK-022025-1-3-76x150.jpg 76w, https:\/\/mouldking.store\/wp-content\/uploads\/2022\/11\/MORK-022025-1-3-30x60.jpg 30w, https:\/\/mouldking.store\/wp-content\/uploads\/2022\/11\/MORK-022025-1-3-46x90.jpg 46w\" sizes=\"(max-width: 520px) 100vw, 520px\" \/><figcaption id=\"caption-attachment-35234\" class=\"wp-caption-text\">MORK 022025-1 1:10 Shelby Cobra 427 V\u1edbi 1816 M\u1ea3nh gh\u00e9p<\/figcaption><\/figure>\n<figure id=\"attachment_35235\" aria-describedby=\"caption-attachment-35235\" style=\"width: 600px\" class=\"wp-caption aligncenter\"><img loading=\"lazy\" decoding=\"async\" class=\"wp-image-35235 size-full\" src=\"https:\/\/mouldking.store\/wp-content\/uploads\/2022\/11\/MORK-022025-1-2.jpg\" alt=\"MORK 022025-1 1:10 Shelby Cobra 427 With 1816 Pieces\" width=\"600\" height=\"604\" title=\"-\" srcset=\"https:\/\/mouldking.store\/wp-content\/uploads\/2022\/11\/MORK-022025-1-2.jpg 600w, https:\/\/mouldking.store\/wp-content\/uploads\/2022\/11\/MORK-022025-1-2-298x300.jpg 298w, https:\/\/mouldking.store\/wp-content\/uploads\/2022\/11\/MORK-022025-1-2-300x302.jpg 300w, https:\/\/mouldking.store\/wp-content\/uploads\/2022\/11\/MORK-022025-1-2-150x150.jpg 150w, https:\/\/mouldking.store\/wp-content\/uploads\/2022\/11\/MORK-022025-1-2-60x60.jpg 60w, https:\/\/mouldking.store\/wp-content\/uploads\/2022\/11\/MORK-022025-1-2-89x90.jpg 89w\" sizes=\"(max-width: 600px) 100vw, 600px\" \/><figcaption id=\"caption-attachment-35235\" class=\"wp-caption-text\">MORK 022025-1 1:10 Shelby Cobra 427 V\u1edbi 1816 M\u1ea3nh gh\u00e9p<\/figcaption><\/figure>\n<figure id=\"attachment_35236\" aria-describedby=\"caption-attachment-35236\" style=\"width: 508px\" class=\"wp-caption aligncenter\"><img loading=\"lazy\" decoding=\"async\" class=\"wp-image-35236 size-full\" src=\"https:\/\/mouldking.store\/wp-content\/uploads\/2022\/11\/MORK-022025-1-1.jpg\" alt=\"MORK 022025-1 1:10 Shelby Cobra 427 With 1816 Pieces\" width=\"508\" height=\"1024\" title=\"-\" srcset=\"https:\/\/mouldking.store\/wp-content\/uploads\/2022\/11\/MORK-022025-1-1.jpg 508w, https:\/\/mouldking.store\/wp-content\/uploads\/2022\/11\/MORK-022025-1-1-149x300.jpg 149w, https:\/\/mouldking.store\/wp-content\/uploads\/2022\/11\/MORK-022025-1-1-300x605.jpg 300w, https:\/\/mouldking.store\/wp-content\/uploads\/2022\/11\/MORK-022025-1-1-74x150.jpg 74w, https:\/\/mouldking.store\/wp-content\/uploads\/2022\/11\/MORK-022025-1-1-30x60.jpg 30w, https:\/\/mouldking.store\/wp-content\/uploads\/2022\/11\/MORK-022025-1-1-45x90.jpg 45w\" sizes=\"(max-width: 508px) 100vw, 508px\" \/><figcaption id=\"caption-attachment-35236\" class=\"wp-caption-text\">MORK 022025-1 1:10 Shelby Cobra 427 V\u1edbi 1816 M\u1ea3nh gh\u00e9p<\/figcaption><\/figure>","protected":false},"excerpt":{"rendered":"<p>Product information: Brand: MORK Gender: Unisex Name: 1:10 Shelby Cobra 427 Age Range: &gt; 6 years old Model Number: 022025-1 Classification: Assemblage Plastic Block Shape: Self-Locking Bricks Material: Plastic Plastic Type: ABS Bricks Blocks:1816PCS Size: 48 \u00d7 24 \u00d7 15.5 cm Contains detailed assembly instructions. Notice: 1. Without an original box, but we guarantee our [&hellip;]<\/p>","protected":false},"featured_media":35229,"comment_status":"closed","ping_status":"closed","template":"","meta":{"_acf_changed":false},"product_cat":[1360,1357],"product_tag":[7406,7410,7408,2352,7411,7412,7405,7407,7409],"class_list":["product","first","instock","shipping-taxable","purchasable","product-type-simple"],"acf":[],"_links":{"self":[{"href":"https:\/\/mouldking.store\/vi\/wp-json\/wp\/v2\/product\/35228","targetHints":{"allow":["GET"]}}],"collection":[{"href":"https:\/\/mouldking.store\/vi\/wp-json\/wp\/v2\/product"}],"about":[{"href":"https:\/\/mouldking.store\/vi\/wp-json\/wp\/v2\/types\/product"}],"replies":[{"embeddable":true,"href":"https:\/\/mouldking.store\/vi\/wp-json\/wp\/v2\/comments?post=35228"}],"wp:featuredmedia":[{"embeddable":true,"href":"https:\/\/mouldking.store\/vi\/wp-json\/wp\/v2\/media\/35229"}],"wp:attachment":[{"href":"https:\/\/mouldking.store\/vi\/wp-json\/wp\/v2\/media?parent=35228"}],"wp:term":[{"taxonomy":"product_cat","embeddable":true,"href":"https:\/\/mouldking.store\/vi\/wp-json\/wp\/v2\/product_cat?post=35228"},{"taxonomy":"product_tag","embeddable":true,"href":"https:\/\/mouldking.store\/vi\/wp-json\/wp\/v2\/product_tag?post=35228"}],"curies":[{"name":"wp","href":"https:\/\/api.w.org\/{rel}","templated":true}]}}