{"id":35237,"date":"2022-11-18T11:58:45","date_gmt":"2022-11-18T04:58:45","guid":{"rendered":"https:\/\/mouldking.store\/?post_type=product&#038;p=35237"},"modified":"2022-11-18T11:58:45","modified_gmt":"2022-11-18T04:58:45","slug":"yourbricks-20001-optimus-prime-with-850-pieces","status":"publish","type":"product","link":"https:\/\/mouldking.store\/vi\/shop\/yourbricks-20001-optimus-prime-with-850-pieces\/","title":{"rendered":"YOURBRICKS 20001 Optimus Prime V\u1edbi 850 M\u1ea3nh Gh\u00e9p"},"content":{"rendered":"<p>Th\u00f4ng tin s\u1ea3n ph\u1ea9m:<\/p>\n<ol>\n<li>Th\u01b0\u01a1ng hi\u1ec7u: YOURBRICK<\/li>\n<li>Gi\u1edbi t\u00ednh: Unisex<\/li>\n<li>Name: Optimus Prime<\/li>\n<li>\u0110\u1ed9 tu\u1ed5i: &gt; 6 tu\u1ed5i<\/li>\n<li>Model Number: 20001<\/li>\n<li>Ph\u00e2n lo\u1ea1i: T\u1eadp h\u1ee3p<\/li>\n<li>H\u00ecnh d\u1ea1ng kh\u1ed1i nh\u1ef1a: G\u1ea1ch t\u1ef1 kh\u00f3a<\/li>\n<li>Ch\u1ea5t li\u1ec7u: Nh\u1ef1a<\/li>\n<li>Lo\u1ea1i nh\u1ef1a: ABS<\/li>\n<li>Bricks Blocks:850PCS<\/li>\n<li>Size:37x25x72cm<\/li>\n<li>Ch\u1ee9a h\u01b0\u1edbng d\u1eabn l\u1eafp r\u00e1p chi ti\u1ebft.<\/li>\n<\/ol>\n<p>\u0110\u1ec3 \u00fd:<br \/>\n1. Kh\u00f4ng c\u00f3 h\u1ed9p ban \u0111\u1ea7u, nh\u01b0ng ch\u00fang t\u00f4i \u0111\u1ea3m b\u1ea3o s\u1ea3n ph\u1ea9m c\u1ee7a ch\u00fang t\u00f4i c\u00f3 ch\u1ea5t l\u01b0\u1ee3ng \u0111\u1ea3m b\u1ea3o v\u00e0 bao b\u00ec \u0111\u1eb9p.<br \/>\n2. V\u00ec t\u1ea5t c\u1ea3 c\u00e1c b\u1ed9 ph\u1eadn ch\u00fang t\u00f4i \u0111\u00e3 ki\u1ec3m tra tr\u01b0\u1edbc khi v\u1eadn chuy\u1ec3n, v\u00ec v\u1eady n\u1ebfu b\u1ea1n th\u1ea5y m\u1ed9t s\u1ed1 b\u1ed9 ph\u1eadn b\u1ecb thi\u1ebfu ho\u1eb7c h\u01b0 h\u1ecfng, \u0111\u1eebng lo l\u1eafng v\u00e0 ch\u1ec9 c\u1ea7n vui l\u00f2ng li\u00ean h\u1ec7 v\u1edbi ch\u00fang t\u00f4i v\u00e0 ch\u00fang t\u00f4i c\u00f3 th\u1ec3 g\u1eedi l\u1ea1i mi\u1ec5n ph\u00ed cho b\u1ea1n ngay l\u1eadp t\u1ee9c.<\/p>\n<figure id=\"attachment_35238\" aria-describedby=\"caption-attachment-35238\" style=\"width: 768px\" class=\"wp-caption aligncenter\"><img fetchpriority=\"high\" decoding=\"async\" class=\"wp-image-35238 size-full\" src=\"https:\/\/mouldking.store\/wp-content\/uploads\/2022\/11\/YOURBRICKS-20001-11.jpg\" alt=\"YOURBRICKS 20001 Optimus Prime With 850 Pieces\" width=\"768\" height=\"768\" title=\"-\" srcset=\"https:\/\/mouldking.store\/wp-content\/uploads\/2022\/11\/YOURBRICKS-20001-11.jpg 768w, https:\/\/mouldking.store\/wp-content\/uploads\/2022\/11\/YOURBRICKS-20001-11-300x300.jpg 300w, https:\/\/mouldking.store\/wp-content\/uploads\/2022\/11\/YOURBRICKS-20001-11-600x600.jpg 600w, https:\/\/mouldking.store\/wp-content\/uploads\/2022\/11\/YOURBRICKS-20001-11-150x150.jpg 150w, https:\/\/mouldking.store\/wp-content\/uploads\/2022\/11\/YOURBRICKS-20001-11-60x60.jpg 60w, https:\/\/mouldking.store\/wp-content\/uploads\/2022\/11\/YOURBRICKS-20001-11-90x90.jpg 90w\" sizes=\"(max-width: 768px) 100vw, 768px\" \/><figcaption id=\"caption-attachment-35238\" class=\"wp-caption-text\">YOURBRICKS 20001 Optimus Prime V\u1edbi 850 M\u1ea3nh Gh\u00e9p<\/figcaption><\/figure>\n<figure id=\"attachment_35239\" aria-describedby=\"caption-attachment-35239\" style=\"width: 768px\" class=\"wp-caption aligncenter\"><img decoding=\"async\" class=\"wp-image-35239 size-full\" src=\"https:\/\/mouldking.store\/wp-content\/uploads\/2022\/11\/YOURBRICKS-20001-10.jpg\" alt=\"YOURBRICKS 20001 Optimus Prime With 850 Pieces\" width=\"768\" height=\"768\" title=\"-\" srcset=\"https:\/\/mouldking.store\/wp-content\/uploads\/2022\/11\/YOURBRICKS-20001-10.jpg 768w, https:\/\/mouldking.store\/wp-content\/uploads\/2022\/11\/YOURBRICKS-20001-10-300x300.jpg 300w, https:\/\/mouldking.store\/wp-content\/uploads\/2022\/11\/YOURBRICKS-20001-10-600x600.jpg 600w, https:\/\/mouldking.store\/wp-content\/uploads\/2022\/11\/YOURBRICKS-20001-10-150x150.jpg 150w, https:\/\/mouldking.store\/wp-content\/uploads\/2022\/11\/YOURBRICKS-20001-10-60x60.jpg 60w, https:\/\/mouldking.store\/wp-content\/uploads\/2022\/11\/YOURBRICKS-20001-10-90x90.jpg 90w\" sizes=\"(max-width: 768px) 100vw, 768px\" \/><figcaption id=\"caption-attachment-35239\" class=\"wp-caption-text\">YOURBRICKS 20001 Optimus Prime V\u1edbi 850 M\u1ea3nh Gh\u00e9p<\/figcaption><\/figure>\n<figure id=\"attachment_35240\" aria-describedby=\"caption-attachment-35240\" style=\"width: 768px\" class=\"wp-caption aligncenter\"><img decoding=\"async\" class=\"wp-image-35240 size-full\" src=\"https:\/\/mouldking.store\/wp-content\/uploads\/2022\/11\/YOURBRICKS-20001-9.jpg\" alt=\"YOURBRICKS 20001 Optimus Prime With 850 Pieces\" width=\"768\" height=\"768\" title=\"-\" srcset=\"https:\/\/mouldking.store\/wp-content\/uploads\/2022\/11\/YOURBRICKS-20001-9.jpg 768w, https:\/\/mouldking.store\/wp-content\/uploads\/2022\/11\/YOURBRICKS-20001-9-300x300.jpg 300w, https:\/\/mouldking.store\/wp-content\/uploads\/2022\/11\/YOURBRICKS-20001-9-600x600.jpg 600w, https:\/\/mouldking.store\/wp-content\/uploads\/2022\/11\/YOURBRICKS-20001-9-150x150.jpg 150w, https:\/\/mouldking.store\/wp-content\/uploads\/2022\/11\/YOURBRICKS-20001-9-60x60.jpg 60w, https:\/\/mouldking.store\/wp-content\/uploads\/2022\/11\/YOURBRICKS-20001-9-90x90.jpg 90w\" sizes=\"(max-width: 768px) 100vw, 768px\" \/><figcaption id=\"caption-attachment-35240\" class=\"wp-caption-text\">YOURBRICKS 20001 Optimus Prime V\u1edbi 850 M\u1ea3nh Gh\u00e9p<\/figcaption><\/figure>\n<figure id=\"attachment_35241\" aria-describedby=\"caption-attachment-35241\" style=\"width: 768px\" class=\"wp-caption aligncenter\"><img loading=\"lazy\" decoding=\"async\" class=\"wp-image-35241 size-full\" src=\"https:\/\/mouldking.store\/wp-content\/uploads\/2022\/11\/YOURBRICKS-20001-8.jpg\" alt=\"YOURBRICKS 20001 Optimus Prime With 850 Pieces\" width=\"768\" height=\"768\" title=\"-\" srcset=\"https:\/\/mouldking.store\/wp-content\/uploads\/2022\/11\/YOURBRICKS-20001-8.jpg 768w, https:\/\/mouldking.store\/wp-content\/uploads\/2022\/11\/YOURBRICKS-20001-8-300x300.jpg 300w, https:\/\/mouldking.store\/wp-content\/uploads\/2022\/11\/YOURBRICKS-20001-8-600x600.jpg 600w, https:\/\/mouldking.store\/wp-content\/uploads\/2022\/11\/YOURBRICKS-20001-8-150x150.jpg 150w, https:\/\/mouldking.store\/wp-content\/uploads\/2022\/11\/YOURBRICKS-20001-8-60x60.jpg 60w, https:\/\/mouldking.store\/wp-content\/uploads\/2022\/11\/YOURBRICKS-20001-8-90x90.jpg 90w\" sizes=\"(max-width: 768px) 100vw, 768px\" \/><figcaption id=\"caption-attachment-35241\" class=\"wp-caption-text\">YOURBRICKS 20001 Optimus Prime V\u1edbi 850 M\u1ea3nh Gh\u00e9p<\/figcaption><\/figure>\n<figure id=\"attachment_35242\" aria-describedby=\"caption-attachment-35242\" style=\"width: 768px\" class=\"wp-caption aligncenter\"><img loading=\"lazy\" decoding=\"async\" class=\"wp-image-35242 size-full\" src=\"https:\/\/mouldking.store\/wp-content\/uploads\/2022\/11\/YOURBRICKS-20001-7.jpg\" alt=\"YOURBRICKS 20001 Optimus Prime With 850 Pieces\" width=\"768\" height=\"768\" title=\"-\" srcset=\"https:\/\/mouldking.store\/wp-content\/uploads\/2022\/11\/YOURBRICKS-20001-7.jpg 768w, https:\/\/mouldking.store\/wp-content\/uploads\/2022\/11\/YOURBRICKS-20001-7-300x300.jpg 300w, https:\/\/mouldking.store\/wp-content\/uploads\/2022\/11\/YOURBRICKS-20001-7-600x600.jpg 600w, https:\/\/mouldking.store\/wp-content\/uploads\/2022\/11\/YOURBRICKS-20001-7-150x150.jpg 150w, https:\/\/mouldking.store\/wp-content\/uploads\/2022\/11\/YOURBRICKS-20001-7-60x60.jpg 60w, https:\/\/mouldking.store\/wp-content\/uploads\/2022\/11\/YOURBRICKS-20001-7-90x90.jpg 90w\" sizes=\"(max-width: 768px) 100vw, 768px\" \/><figcaption id=\"caption-attachment-35242\" class=\"wp-caption-text\">YOURBRICKS 20001 Optimus Prime V\u1edbi 850 M\u1ea3nh Gh\u00e9p<\/figcaption><\/figure>\n<figure id=\"attachment_35243\" aria-describedby=\"caption-attachment-35243\" style=\"width: 768px\" class=\"wp-caption aligncenter\"><img loading=\"lazy\" decoding=\"async\" class=\"wp-image-35243 size-full\" src=\"https:\/\/mouldking.store\/wp-content\/uploads\/2022\/11\/YOURBRICKS-20001-6.jpg\" alt=\"YOURBRICKS 20001 Optimus Prime With 850 Pieces\" width=\"768\" height=\"768\" title=\"-\" srcset=\"https:\/\/mouldking.store\/wp-content\/uploads\/2022\/11\/YOURBRICKS-20001-6.jpg 768w, https:\/\/mouldking.store\/wp-content\/uploads\/2022\/11\/YOURBRICKS-20001-6-300x300.jpg 300w, https:\/\/mouldking.store\/wp-content\/uploads\/2022\/11\/YOURBRICKS-20001-6-600x600.jpg 600w, https:\/\/mouldking.store\/wp-content\/uploads\/2022\/11\/YOURBRICKS-20001-6-150x150.jpg 150w, https:\/\/mouldking.store\/wp-content\/uploads\/2022\/11\/YOURBRICKS-20001-6-60x60.jpg 60w, https:\/\/mouldking.store\/wp-content\/uploads\/2022\/11\/YOURBRICKS-20001-6-90x90.jpg 90w\" sizes=\"(max-width: 768px) 100vw, 768px\" \/><figcaption id=\"caption-attachment-35243\" class=\"wp-caption-text\">YOURBRICKS 20001 Optimus Prime V\u1edbi 850 M\u1ea3nh Gh\u00e9p<\/figcaption><\/figure>\n<figure id=\"attachment_35244\" aria-describedby=\"caption-attachment-35244\" style=\"width: 768px\" class=\"wp-caption aligncenter\"><img loading=\"lazy\" decoding=\"async\" class=\"wp-image-35244 size-full\" src=\"https:\/\/mouldking.store\/wp-content\/uploads\/2022\/11\/YOURBRICKS-20001-5.jpg\" alt=\"YOURBRICKS 20001 Optimus Prime With 850 Pieces\" width=\"768\" height=\"768\" title=\"-\" srcset=\"https:\/\/mouldking.store\/wp-content\/uploads\/2022\/11\/YOURBRICKS-20001-5.jpg 768w, https:\/\/mouldking.store\/wp-content\/uploads\/2022\/11\/YOURBRICKS-20001-5-300x300.jpg 300w, https:\/\/mouldking.store\/wp-content\/uploads\/2022\/11\/YOURBRICKS-20001-5-600x600.jpg 600w, https:\/\/mouldking.store\/wp-content\/uploads\/2022\/11\/YOURBRICKS-20001-5-150x150.jpg 150w, https:\/\/mouldking.store\/wp-content\/uploads\/2022\/11\/YOURBRICKS-20001-5-60x60.jpg 60w, https:\/\/mouldking.store\/wp-content\/uploads\/2022\/11\/YOURBRICKS-20001-5-90x90.jpg 90w\" sizes=\"(max-width: 768px) 100vw, 768px\" \/><figcaption id=\"caption-attachment-35244\" class=\"wp-caption-text\">YOURBRICKS 20001 Optimus Prime V\u1edbi 850 M\u1ea3nh Gh\u00e9p<\/figcaption><\/figure>\n<figure id=\"attachment_35245\" aria-describedby=\"caption-attachment-35245\" style=\"width: 768px\" class=\"wp-caption aligncenter\"><img loading=\"lazy\" decoding=\"async\" class=\"wp-image-35245 size-full\" src=\"https:\/\/mouldking.store\/wp-content\/uploads\/2022\/11\/YOURBRICKS-20001-4.jpg\" alt=\"YOURBRICKS 20001 Optimus Prime With 850 Pieces\" width=\"768\" height=\"768\" title=\"-\" srcset=\"https:\/\/mouldking.store\/wp-content\/uploads\/2022\/11\/YOURBRICKS-20001-4.jpg 768w, https:\/\/mouldking.store\/wp-content\/uploads\/2022\/11\/YOURBRICKS-20001-4-300x300.jpg 300w, https:\/\/mouldking.store\/wp-content\/uploads\/2022\/11\/YOURBRICKS-20001-4-600x600.jpg 600w, https:\/\/mouldking.store\/wp-content\/uploads\/2022\/11\/YOURBRICKS-20001-4-150x150.jpg 150w, https:\/\/mouldking.store\/wp-content\/uploads\/2022\/11\/YOURBRICKS-20001-4-60x60.jpg 60w, https:\/\/mouldking.store\/wp-content\/uploads\/2022\/11\/YOURBRICKS-20001-4-90x90.jpg 90w\" sizes=\"(max-width: 768px) 100vw, 768px\" \/><figcaption id=\"caption-attachment-35245\" class=\"wp-caption-text\">YOURBRICKS 20001 Optimus Prime V\u1edbi 850 M\u1ea3nh Gh\u00e9p<\/figcaption><\/figure>\n<figure id=\"attachment_35246\" aria-describedby=\"caption-attachment-35246\" style=\"width: 768px\" class=\"wp-caption aligncenter\"><img loading=\"lazy\" decoding=\"async\" class=\"wp-image-35246 size-full\" src=\"https:\/\/mouldking.store\/wp-content\/uploads\/2022\/11\/YOURBRICKS-20001-3.jpg\" alt=\"YOURBRICKS 20001 Optimus Prime With 850 Pieces\" width=\"768\" height=\"768\" title=\"-\" srcset=\"https:\/\/mouldking.store\/wp-content\/uploads\/2022\/11\/YOURBRICKS-20001-3.jpg 768w, https:\/\/mouldking.store\/wp-content\/uploads\/2022\/11\/YOURBRICKS-20001-3-300x300.jpg 300w, https:\/\/mouldking.store\/wp-content\/uploads\/2022\/11\/YOURBRICKS-20001-3-600x600.jpg 600w, https:\/\/mouldking.store\/wp-content\/uploads\/2022\/11\/YOURBRICKS-20001-3-150x150.jpg 150w, https:\/\/mouldking.store\/wp-content\/uploads\/2022\/11\/YOURBRICKS-20001-3-60x60.jpg 60w, https:\/\/mouldking.store\/wp-content\/uploads\/2022\/11\/YOURBRICKS-20001-3-90x90.jpg 90w\" sizes=\"(max-width: 768px) 100vw, 768px\" \/><figcaption id=\"caption-attachment-35246\" class=\"wp-caption-text\">YOURBRICKS 20001 Optimus Prime V\u1edbi 850 M\u1ea3nh Gh\u00e9p<\/figcaption><\/figure>\n<figure id=\"attachment_35247\" aria-describedby=\"caption-attachment-35247\" style=\"width: 768px\" class=\"wp-caption aligncenter\"><img loading=\"lazy\" decoding=\"async\" class=\"wp-image-35247 size-full\" src=\"https:\/\/mouldking.store\/wp-content\/uploads\/2022\/11\/YOURBRICKS-20001-2.jpg\" alt=\"YOURBRICKS 20001 Optimus Prime With 850 Pieces\" width=\"768\" height=\"768\" title=\"-\" srcset=\"https:\/\/mouldking.store\/wp-content\/uploads\/2022\/11\/YOURBRICKS-20001-2.jpg 768w, https:\/\/mouldking.store\/wp-content\/uploads\/2022\/11\/YOURBRICKS-20001-2-300x300.jpg 300w, https:\/\/mouldking.store\/wp-content\/uploads\/2022\/11\/YOURBRICKS-20001-2-600x600.jpg 600w, https:\/\/mouldking.store\/wp-content\/uploads\/2022\/11\/YOURBRICKS-20001-2-150x150.jpg 150w, https:\/\/mouldking.store\/wp-content\/uploads\/2022\/11\/YOURBRICKS-20001-2-60x60.jpg 60w, https:\/\/mouldking.store\/wp-content\/uploads\/2022\/11\/YOURBRICKS-20001-2-90x90.jpg 90w\" sizes=\"(max-width: 768px) 100vw, 768px\" \/><figcaption id=\"caption-attachment-35247\" class=\"wp-caption-text\">YOURBRICKS 20001 Optimus Prime V\u1edbi 850 M\u1ea3nh Gh\u00e9p<\/figcaption><\/figure>\n<figure id=\"attachment_35248\" aria-describedby=\"caption-attachment-35248\" style=\"width: 768px\" class=\"wp-caption aligncenter\"><img loading=\"lazy\" decoding=\"async\" class=\"wp-image-35248 size-full\" src=\"https:\/\/mouldking.store\/wp-content\/uploads\/2022\/11\/YOURBRICKS-20001-1.jpg\" alt=\"YOURBRICKS 20001 Optimus Prime With 850 Pieces\" width=\"768\" height=\"768\" title=\"-\" srcset=\"https:\/\/mouldking.store\/wp-content\/uploads\/2022\/11\/YOURBRICKS-20001-1.jpg 768w, https:\/\/mouldking.store\/wp-content\/uploads\/2022\/11\/YOURBRICKS-20001-1-300x300.jpg 300w, https:\/\/mouldking.store\/wp-content\/uploads\/2022\/11\/YOURBRICKS-20001-1-600x600.jpg 600w, https:\/\/mouldking.store\/wp-content\/uploads\/2022\/11\/YOURBRICKS-20001-1-150x150.jpg 150w, https:\/\/mouldking.store\/wp-content\/uploads\/2022\/11\/YOURBRICKS-20001-1-60x60.jpg 60w, https:\/\/mouldking.store\/wp-content\/uploads\/2022\/11\/YOURBRICKS-20001-1-90x90.jpg 90w\" sizes=\"(max-width: 768px) 100vw, 768px\" \/><figcaption id=\"caption-attachment-35248\" class=\"wp-caption-text\">YOURBRICKS 20001 Optimus Prime V\u1edbi 850 M\u1ea3nh Gh\u00e9p<\/figcaption><\/figure>","protected":false},"excerpt":{"rendered":"<p>Product information: Brand: YOURBRICKS Gender: Unisex Name: Optimus Prime Age Range: &gt; 6 years old Model Number: 20001 Classification: Assemblage Plastic Block Shape: Self-Locking Bricks Material: Plastic Plastic Type: ABS Bricks Blocks:850PCS Size:37x25x72cm Contains detailed assembly instructions. Notice: 1. Without an original box, but we guarantee our products have quality assurance and nice packaging. 2. [&hellip;]<\/p>","protected":false},"featured_media":35238,"comment_status":"closed","ping_status":"closed","template":"","meta":{"_acf_changed":false},"product_cat":[1408],"product_tag":[1177,1767,1571,1768,6217,7414,7415,7413],"class_list":["product","first","instock","shipping-taxable","purchasable","product-type-variable"],"acf":[],"_links":{"self":[{"href":"https:\/\/mouldking.store\/vi\/wp-json\/wp\/v2\/product\/35237","targetHints":{"allow":["GET"]}}],"collection":[{"href":"https:\/\/mouldking.store\/vi\/wp-json\/wp\/v2\/product"}],"about":[{"href":"https:\/\/mouldking.store\/vi\/wp-json\/wp\/v2\/types\/product"}],"replies":[{"embeddable":true,"href":"https:\/\/mouldking.store\/vi\/wp-json\/wp\/v2\/comments?post=35237"}],"wp:featuredmedia":[{"embeddable":true,"href":"https:\/\/mouldking.store\/vi\/wp-json\/wp\/v2\/media\/35238"}],"wp:attachment":[{"href":"https:\/\/mouldking.store\/vi\/wp-json\/wp\/v2\/media?parent=35237"}],"wp:term":[{"taxonomy":"product_cat","embeddable":true,"href":"https:\/\/mouldking.store\/vi\/wp-json\/wp\/v2\/product_cat?post=35237"},{"taxonomy":"product_tag","embeddable":true,"href":"https:\/\/mouldking.store\/vi\/wp-json\/wp\/v2\/product_tag?post=35237"}],"curies":[{"name":"wp","href":"https:\/\/api.w.org\/{rel}","templated":true}]}}