{"id":35289,"date":"2022-11-18T12:36:58","date_gmt":"2022-11-18T05:36:58","guid":{"rendered":"https:\/\/mouldking.store\/?post_type=product&#038;p=35289"},"modified":"2022-11-18T12:36:59","modified_gmt":"2022-11-18T05:36:59","slug":"pantasy-86231-metal-slug-series-neogeo-arcade-with-1290-pieces","status":"publish","type":"product","link":"https:\/\/mouldking.store\/vi\/shop\/pantasy-86231-metal-slug-series-neogeo-arcade-with-1290-pieces\/","title":{"rendered":"PANTASY 86231 Metal Slug Series Neogeo Arcade V\u1edbi 1290 mi\u1ebfng"},"content":{"rendered":"<p>Th\u00f4ng tin s\u1ea3n ph\u1ea9m:<\/p>\n<ol>\n<li>Th\u01b0\u01a1ng hi\u1ec7u: PANTASY<\/li>\n<li>Gi\u1edbi t\u00ednh: Unisex<\/li>\n<li>T\u00ean: D\u00f2ng Metal Slug Neogeo Arcade<\/li>\n<li>\u0110\u1ed9 tu\u1ed5i: &gt; 6 tu\u1ed5i<\/li>\n<li>S\u1ed1 m\u00f4 h\u00ecnh: 86231<\/li>\n<li>Ph\u00e2n lo\u1ea1i: T\u1eadp h\u1ee3p<\/li>\n<li>H\u00ecnh d\u1ea1ng kh\u1ed1i nh\u1ef1a: G\u1ea1ch t\u1ef1 kh\u00f3a<\/li>\n<li>Ch\u1ea5t li\u1ec7u: Nh\u1ef1a<\/li>\n<li>Lo\u1ea1i nh\u1ef1a: ABS<\/li>\n<li>Kh\u1ed1i g\u1ea1ch: 1290 C\u00c1I<\/li>\n<li>K\u00edch th\u01b0\u1edbc: 24x24x17cm<\/li>\n<li>Ch\u1ee9a h\u01b0\u1edbng d\u1eabn l\u1eafp r\u00e1p chi ti\u1ebft.<\/li>\n<li>Kh\u00f4ng c\u00f3 nh\u00e2n v\u1eadt nh\u1ecf<\/li>\n<\/ol>\n<p>\u0110\u1ec3 \u00fd:<br \/>\n1. Kh\u00f4ng c\u00f3 h\u1ed9p ban \u0111\u1ea7u, nh\u01b0ng ch\u00fang t\u00f4i \u0111\u1ea3m b\u1ea3o s\u1ea3n ph\u1ea9m c\u1ee7a ch\u00fang t\u00f4i c\u00f3 ch\u1ea5t l\u01b0\u1ee3ng \u0111\u1ea3m b\u1ea3o v\u00e0 bao b\u00ec \u0111\u1eb9p.<br \/>\n2. V\u00ec t\u1ea5t c\u1ea3 c\u00e1c b\u1ed9 ph\u1eadn ch\u00fang t\u00f4i \u0111\u00e3 ki\u1ec3m tra tr\u01b0\u1edbc khi v\u1eadn chuy\u1ec3n, v\u00ec v\u1eady n\u1ebfu b\u1ea1n th\u1ea5y m\u1ed9t s\u1ed1 b\u1ed9 ph\u1eadn b\u1ecb thi\u1ebfu ho\u1eb7c h\u01b0 h\u1ecfng, \u0111\u1eebng lo l\u1eafng v\u00e0 ch\u1ec9 c\u1ea7n vui l\u00f2ng li\u00ean h\u1ec7 v\u1edbi ch\u00fang t\u00f4i v\u00e0 ch\u00fang t\u00f4i c\u00f3 th\u1ec3 g\u1eedi l\u1ea1i mi\u1ec5n ph\u00ed cho b\u1ea1n ngay l\u1eadp t\u1ee9c.<\/p>\n<figure id=\"attachment_35290\" aria-describedby=\"caption-attachment-35290\" style=\"width: 768px\" class=\"wp-caption aligncenter\"><img fetchpriority=\"high\" decoding=\"async\" class=\"wp-image-35290 size-full\" src=\"https:\/\/mouldking.store\/wp-content\/uploads\/2022\/11\/PANTASY-86231-16.jpg\" alt=\"PANTASY 86231 Metal Slug Series Neogeo Arcade With 1290 Pieces\" width=\"768\" height=\"768\" title=\"-\" srcset=\"https:\/\/mouldking.store\/wp-content\/uploads\/2022\/11\/PANTASY-86231-16.jpg 768w, https:\/\/mouldking.store\/wp-content\/uploads\/2022\/11\/PANTASY-86231-16-300x300.jpg 300w, https:\/\/mouldking.store\/wp-content\/uploads\/2022\/11\/PANTASY-86231-16-600x600.jpg 600w, https:\/\/mouldking.store\/wp-content\/uploads\/2022\/11\/PANTASY-86231-16-150x150.jpg 150w, https:\/\/mouldking.store\/wp-content\/uploads\/2022\/11\/PANTASY-86231-16-60x60.jpg 60w, https:\/\/mouldking.store\/wp-content\/uploads\/2022\/11\/PANTASY-86231-16-90x90.jpg 90w\" sizes=\"(max-width: 768px) 100vw, 768px\" \/><figcaption id=\"caption-attachment-35290\" class=\"wp-caption-text\">PANTASY 86231 Metal Slug Series Neogeo Arcade V\u1edbi 1290 mi\u1ebfng<\/figcaption><\/figure>\n<figure id=\"attachment_35291\" aria-describedby=\"caption-attachment-35291\" style=\"width: 738px\" class=\"wp-caption aligncenter\"><img decoding=\"async\" class=\"wp-image-35291 size-full\" src=\"https:\/\/mouldking.store\/wp-content\/uploads\/2022\/11\/PANTASY-86231-15.jpg\" alt=\"PANTASY 86231 Metal Slug Series Neogeo Arcade With 1290 Pieces\" width=\"738\" height=\"1024\" title=\"-\" srcset=\"https:\/\/mouldking.store\/wp-content\/uploads\/2022\/11\/PANTASY-86231-15.jpg 738w, https:\/\/mouldking.store\/wp-content\/uploads\/2022\/11\/PANTASY-86231-15-216x300.jpg 216w, https:\/\/mouldking.store\/wp-content\/uploads\/2022\/11\/PANTASY-86231-15-300x416.jpg 300w, https:\/\/mouldking.store\/wp-content\/uploads\/2022\/11\/PANTASY-86231-15-600x833.jpg 600w, https:\/\/mouldking.store\/wp-content\/uploads\/2022\/11\/PANTASY-86231-15-108x150.jpg 108w, https:\/\/mouldking.store\/wp-content\/uploads\/2022\/11\/PANTASY-86231-15-43x60.jpg 43w, https:\/\/mouldking.store\/wp-content\/uploads\/2022\/11\/PANTASY-86231-15-65x90.jpg 65w\" sizes=\"(max-width: 738px) 100vw, 738px\" \/><figcaption id=\"caption-attachment-35291\" class=\"wp-caption-text\">PANTASY 86231 Metal Slug Series Neogeo Arcade V\u1edbi 1290 mi\u1ebfng<\/figcaption><\/figure>\n<figure id=\"attachment_35292\" aria-describedby=\"caption-attachment-35292\" style=\"width: 768px\" class=\"wp-caption aligncenter\"><img decoding=\"async\" class=\"wp-image-35292 size-full\" src=\"https:\/\/mouldking.store\/wp-content\/uploads\/2022\/11\/PANTASY-86231-14.jpg\" alt=\"PANTASY 86231 Metal Slug Series Neogeo Arcade With 1290 Pieces\" width=\"768\" height=\"1024\" title=\"-\" srcset=\"https:\/\/mouldking.store\/wp-content\/uploads\/2022\/11\/PANTASY-86231-14.jpg 768w, https:\/\/mouldking.store\/wp-content\/uploads\/2022\/11\/PANTASY-86231-14-225x300.jpg 225w, https:\/\/mouldking.store\/wp-content\/uploads\/2022\/11\/PANTASY-86231-14-300x400.jpg 300w, https:\/\/mouldking.store\/wp-content\/uploads\/2022\/11\/PANTASY-86231-14-600x800.jpg 600w, https:\/\/mouldking.store\/wp-content\/uploads\/2022\/11\/PANTASY-86231-14-113x150.jpg 113w, https:\/\/mouldking.store\/wp-content\/uploads\/2022\/11\/PANTASY-86231-14-45x60.jpg 45w, https:\/\/mouldking.store\/wp-content\/uploads\/2022\/11\/PANTASY-86231-14-68x90.jpg 68w\" sizes=\"(max-width: 768px) 100vw, 768px\" \/><figcaption id=\"caption-attachment-35292\" class=\"wp-caption-text\">PANTASY 86231 Metal Slug Series Neogeo Arcade V\u1edbi 1290 mi\u1ebfng<\/figcaption><\/figure>\n<figure id=\"attachment_35293\" aria-describedby=\"caption-attachment-35293\" style=\"width: 750px\" class=\"wp-caption aligncenter\"><img loading=\"lazy\" decoding=\"async\" class=\"wp-image-35293 size-full\" src=\"https:\/\/mouldking.store\/wp-content\/uploads\/2022\/11\/PANTASY-86231-13.jpg\" alt=\"PANTASY 86231 Metal Slug Series Neogeo Arcade With 1290 Pieces\" width=\"750\" height=\"1000\" title=\"-\" srcset=\"https:\/\/mouldking.store\/wp-content\/uploads\/2022\/11\/PANTASY-86231-13.jpg 750w, https:\/\/mouldking.store\/wp-content\/uploads\/2022\/11\/PANTASY-86231-13-225x300.jpg 225w, https:\/\/mouldking.store\/wp-content\/uploads\/2022\/11\/PANTASY-86231-13-300x400.jpg 300w, https:\/\/mouldking.store\/wp-content\/uploads\/2022\/11\/PANTASY-86231-13-600x800.jpg 600w, https:\/\/mouldking.store\/wp-content\/uploads\/2022\/11\/PANTASY-86231-13-113x150.jpg 113w, https:\/\/mouldking.store\/wp-content\/uploads\/2022\/11\/PANTASY-86231-13-45x60.jpg 45w, https:\/\/mouldking.store\/wp-content\/uploads\/2022\/11\/PANTASY-86231-13-68x90.jpg 68w\" sizes=\"(max-width: 750px) 100vw, 750px\" \/><figcaption id=\"caption-attachment-35293\" class=\"wp-caption-text\">PANTASY 86231 Metal Slug Series Neogeo Arcade V\u1edbi 1290 mi\u1ebfng<\/figcaption><\/figure>\n<figure id=\"attachment_35294\" aria-describedby=\"caption-attachment-35294\" style=\"width: 750px\" class=\"wp-caption aligncenter\"><img loading=\"lazy\" decoding=\"async\" class=\"wp-image-35294 size-full\" src=\"https:\/\/mouldking.store\/wp-content\/uploads\/2022\/11\/PANTASY-86231-12.jpg\" alt=\"PANTASY 86231 Metal Slug Series Neogeo Arcade With 1290 Pieces\" width=\"750\" height=\"1000\" title=\"-\" srcset=\"https:\/\/mouldking.store\/wp-content\/uploads\/2022\/11\/PANTASY-86231-12.jpg 750w, https:\/\/mouldking.store\/wp-content\/uploads\/2022\/11\/PANTASY-86231-12-225x300.jpg 225w, https:\/\/mouldking.store\/wp-content\/uploads\/2022\/11\/PANTASY-86231-12-300x400.jpg 300w, https:\/\/mouldking.store\/wp-content\/uploads\/2022\/11\/PANTASY-86231-12-600x800.jpg 600w, https:\/\/mouldking.store\/wp-content\/uploads\/2022\/11\/PANTASY-86231-12-113x150.jpg 113w, https:\/\/mouldking.store\/wp-content\/uploads\/2022\/11\/PANTASY-86231-12-45x60.jpg 45w, https:\/\/mouldking.store\/wp-content\/uploads\/2022\/11\/PANTASY-86231-12-68x90.jpg 68w\" sizes=\"(max-width: 750px) 100vw, 750px\" \/><figcaption id=\"caption-attachment-35294\" class=\"wp-caption-text\">PANTASY 86231 Metal Slug Series Neogeo Arcade V\u1edbi 1290 mi\u1ebfng<\/figcaption><\/figure>\n<figure id=\"attachment_35295\" aria-describedby=\"caption-attachment-35295\" style=\"width: 600px\" class=\"wp-caption aligncenter\"><img loading=\"lazy\" decoding=\"async\" class=\"wp-image-35295 size-full\" src=\"https:\/\/mouldking.store\/wp-content\/uploads\/2022\/11\/PANTASY-86231-11.jpg\" alt=\"PANTASY 86231 Metal Slug Series Neogeo Arcade With 1290 Pieces\" width=\"600\" height=\"930\" title=\"-\" srcset=\"https:\/\/mouldking.store\/wp-content\/uploads\/2022\/11\/PANTASY-86231-11.jpg 600w, https:\/\/mouldking.store\/wp-content\/uploads\/2022\/11\/PANTASY-86231-11-194x300.jpg 194w, https:\/\/mouldking.store\/wp-content\/uploads\/2022\/11\/PANTASY-86231-11-300x465.jpg 300w, https:\/\/mouldking.store\/wp-content\/uploads\/2022\/11\/PANTASY-86231-11-97x150.jpg 97w, https:\/\/mouldking.store\/wp-content\/uploads\/2022\/11\/PANTASY-86231-11-39x60.jpg 39w, https:\/\/mouldking.store\/wp-content\/uploads\/2022\/11\/PANTASY-86231-11-58x90.jpg 58w\" sizes=\"(max-width: 600px) 100vw, 600px\" \/><figcaption id=\"caption-attachment-35295\" class=\"wp-caption-text\">PANTASY 86231 Metal Slug Series Neogeo Arcade V\u1edbi 1290 mi\u1ebfng<\/figcaption><\/figure>\n<figure id=\"attachment_35296\" aria-describedby=\"caption-attachment-35296\" style=\"width: 768px\" class=\"wp-caption aligncenter\"><img loading=\"lazy\" decoding=\"async\" class=\"wp-image-35296 size-full\" src=\"https:\/\/mouldking.store\/wp-content\/uploads\/2022\/11\/PANTASY-86231-10.jpg\" alt=\"PANTASY 86231 Metal Slug Series Neogeo Arcade With 1290 Pieces\" width=\"768\" height=\"922\" title=\"-\" srcset=\"https:\/\/mouldking.store\/wp-content\/uploads\/2022\/11\/PANTASY-86231-10.jpg 768w, https:\/\/mouldking.store\/wp-content\/uploads\/2022\/11\/PANTASY-86231-10-250x300.jpg 250w, https:\/\/mouldking.store\/wp-content\/uploads\/2022\/11\/PANTASY-86231-10-300x360.jpg 300w, https:\/\/mouldking.store\/wp-content\/uploads\/2022\/11\/PANTASY-86231-10-600x720.jpg 600w, https:\/\/mouldking.store\/wp-content\/uploads\/2022\/11\/PANTASY-86231-10-125x150.jpg 125w, https:\/\/mouldking.store\/wp-content\/uploads\/2022\/11\/PANTASY-86231-10-50x60.jpg 50w, https:\/\/mouldking.store\/wp-content\/uploads\/2022\/11\/PANTASY-86231-10-75x90.jpg 75w\" sizes=\"(max-width: 768px) 100vw, 768px\" \/><figcaption id=\"caption-attachment-35296\" class=\"wp-caption-text\">PANTASY 86231 Metal Slug Series Neogeo Arcade V\u1edbi 1290 mi\u1ebfng<\/figcaption><\/figure>\n<figure id=\"attachment_35297\" aria-describedby=\"caption-attachment-35297\" style=\"width: 768px\" class=\"wp-caption aligncenter\"><img loading=\"lazy\" decoding=\"async\" class=\"wp-image-35297 size-full\" src=\"https:\/\/mouldking.store\/wp-content\/uploads\/2022\/11\/PANTASY-86231-9.jpg\" alt=\"PANTASY 86231 Metal Slug Series Neogeo Arcade With 1290 Pieces\" width=\"768\" height=\"989\" title=\"-\" srcset=\"https:\/\/mouldking.store\/wp-content\/uploads\/2022\/11\/PANTASY-86231-9.jpg 768w, https:\/\/mouldking.store\/wp-content\/uploads\/2022\/11\/PANTASY-86231-9-233x300.jpg 233w, https:\/\/mouldking.store\/wp-content\/uploads\/2022\/11\/PANTASY-86231-9-300x386.jpg 300w, https:\/\/mouldking.store\/wp-content\/uploads\/2022\/11\/PANTASY-86231-9-600x773.jpg 600w, https:\/\/mouldking.store\/wp-content\/uploads\/2022\/11\/PANTASY-86231-9-116x150.jpg 116w, https:\/\/mouldking.store\/wp-content\/uploads\/2022\/11\/PANTASY-86231-9-47x60.jpg 47w, https:\/\/mouldking.store\/wp-content\/uploads\/2022\/11\/PANTASY-86231-9-70x90.jpg 70w\" sizes=\"(max-width: 768px) 100vw, 768px\" \/><figcaption id=\"caption-attachment-35297\" class=\"wp-caption-text\">PANTASY 86231 Metal Slug Series Neogeo Arcade V\u1edbi 1290 mi\u1ebfng<\/figcaption><\/figure>\n<figure id=\"attachment_35298\" aria-describedby=\"caption-attachment-35298\" style=\"width: 768px\" class=\"wp-caption aligncenter\"><img loading=\"lazy\" decoding=\"async\" class=\"wp-image-35298 size-full\" src=\"https:\/\/mouldking.store\/wp-content\/uploads\/2022\/11\/PANTASY-86231-8.jpg\" alt=\"PANTASY 86231 Metal Slug Series Neogeo Arcade With 1290 Pieces\" width=\"768\" height=\"1024\" title=\"-\" srcset=\"https:\/\/mouldking.store\/wp-content\/uploads\/2022\/11\/PANTASY-86231-8.jpg 768w, https:\/\/mouldking.store\/wp-content\/uploads\/2022\/11\/PANTASY-86231-8-225x300.jpg 225w, https:\/\/mouldking.store\/wp-content\/uploads\/2022\/11\/PANTASY-86231-8-300x400.jpg 300w, https:\/\/mouldking.store\/wp-content\/uploads\/2022\/11\/PANTASY-86231-8-600x800.jpg 600w, https:\/\/mouldking.store\/wp-content\/uploads\/2022\/11\/PANTASY-86231-8-113x150.jpg 113w, https:\/\/mouldking.store\/wp-content\/uploads\/2022\/11\/PANTASY-86231-8-45x60.jpg 45w, https:\/\/mouldking.store\/wp-content\/uploads\/2022\/11\/PANTASY-86231-8-68x90.jpg 68w\" sizes=\"(max-width: 768px) 100vw, 768px\" \/><figcaption id=\"caption-attachment-35298\" class=\"wp-caption-text\">PANTASY 86231 Metal Slug Series Neogeo Arcade V\u1edbi 1290 mi\u1ebfng<\/figcaption><\/figure>\n<figure id=\"attachment_35299\" aria-describedby=\"caption-attachment-35299\" style=\"width: 600px\" class=\"wp-caption aligncenter\"><img loading=\"lazy\" decoding=\"async\" class=\"wp-image-35299 size-full\" src=\"https:\/\/mouldking.store\/wp-content\/uploads\/2022\/11\/PANTASY-86231-7.jpg\" alt=\"PANTASY 86231 Metal Slug Series Neogeo Arcade With 1290 Pieces\" width=\"600\" height=\"792\" title=\"-\" srcset=\"https:\/\/mouldking.store\/wp-content\/uploads\/2022\/11\/PANTASY-86231-7.jpg 600w, https:\/\/mouldking.store\/wp-content\/uploads\/2022\/11\/PANTASY-86231-7-227x300.jpg 227w, https:\/\/mouldking.store\/wp-content\/uploads\/2022\/11\/PANTASY-86231-7-300x396.jpg 300w, https:\/\/mouldking.store\/wp-content\/uploads\/2022\/11\/PANTASY-86231-7-114x150.jpg 114w, https:\/\/mouldking.store\/wp-content\/uploads\/2022\/11\/PANTASY-86231-7-45x60.jpg 45w, https:\/\/mouldking.store\/wp-content\/uploads\/2022\/11\/PANTASY-86231-7-68x90.jpg 68w\" sizes=\"(max-width: 600px) 100vw, 600px\" \/><figcaption id=\"caption-attachment-35299\" class=\"wp-caption-text\">PANTASY 86231 Metal Slug Series Neogeo Arcade V\u1edbi 1290 mi\u1ebfng<\/figcaption><\/figure>\n<figure id=\"attachment_35300\" aria-describedby=\"caption-attachment-35300\" style=\"width: 1024px\" class=\"wp-caption aligncenter\"><img loading=\"lazy\" decoding=\"async\" class=\"wp-image-35300 size-full\" src=\"https:\/\/mouldking.store\/wp-content\/uploads\/2022\/11\/PANTASY-86231-6.jpg\" alt=\"PANTASY 86231 Metal Slug Series Neogeo Arcade With 1290 Pieces\" width=\"1024\" height=\"1014\" title=\"-\" srcset=\"https:\/\/mouldking.store\/wp-content\/uploads\/2022\/11\/PANTASY-86231-6.jpg 1024w, https:\/\/mouldking.store\/wp-content\/uploads\/2022\/11\/PANTASY-86231-6-300x297.jpg 300w, https:\/\/mouldking.store\/wp-content\/uploads\/2022\/11\/PANTASY-86231-6-768x761.jpg 768w, https:\/\/mouldking.store\/wp-content\/uploads\/2022\/11\/PANTASY-86231-6-600x594.jpg 600w, https:\/\/mouldking.store\/wp-content\/uploads\/2022\/11\/PANTASY-86231-6-150x150.jpg 150w, https:\/\/mouldking.store\/wp-content\/uploads\/2022\/11\/PANTASY-86231-6-61x60.jpg 61w, https:\/\/mouldking.store\/wp-content\/uploads\/2022\/11\/PANTASY-86231-6-91x90.jpg 91w\" sizes=\"(max-width: 1024px) 100vw, 1024px\" \/><figcaption id=\"caption-attachment-35300\" class=\"wp-caption-text\">PANTASY 86231 Metal Slug Series Neogeo Arcade V\u1edbi 1290 mi\u1ebfng<\/figcaption><\/figure>\n<figure id=\"attachment_35303\" aria-describedby=\"caption-attachment-35303\" style=\"width: 768px\" class=\"wp-caption aligncenter\"><img loading=\"lazy\" decoding=\"async\" class=\"wp-image-35303 size-full\" src=\"https:\/\/mouldking.store\/wp-content\/uploads\/2022\/11\/PANTASY-86231-3.jpg\" alt=\"PANTASY 86231 Metal Slug Series Neogeo Arcade With 1290 Pieces\" width=\"768\" height=\"833\" title=\"-\" srcset=\"https:\/\/mouldking.store\/wp-content\/uploads\/2022\/11\/PANTASY-86231-3.jpg 768w, https:\/\/mouldking.store\/wp-content\/uploads\/2022\/11\/PANTASY-86231-3-277x300.jpg 277w, https:\/\/mouldking.store\/wp-content\/uploads\/2022\/11\/PANTASY-86231-3-300x325.jpg 300w, https:\/\/mouldking.store\/wp-content\/uploads\/2022\/11\/PANTASY-86231-3-600x651.jpg 600w, https:\/\/mouldking.store\/wp-content\/uploads\/2022\/11\/PANTASY-86231-3-138x150.jpg 138w, https:\/\/mouldking.store\/wp-content\/uploads\/2022\/11\/PANTASY-86231-3-55x60.jpg 55w, https:\/\/mouldking.store\/wp-content\/uploads\/2022\/11\/PANTASY-86231-3-83x90.jpg 83w\" sizes=\"(max-width: 768px) 100vw, 768px\" \/><figcaption id=\"caption-attachment-35303\" class=\"wp-caption-text\">PANTASY 86231 Metal Slug Series Neogeo Arcade V\u1edbi 1290 mi\u1ebfng<\/figcaption><\/figure>\n<figure id=\"attachment_35301\" aria-describedby=\"caption-attachment-35301\" style=\"width: 884px\" class=\"wp-caption aligncenter\"><img loading=\"lazy\" decoding=\"async\" class=\"wp-image-35301 size-full\" src=\"https:\/\/mouldking.store\/wp-content\/uploads\/2022\/11\/PANTASY-86231-5.jpg\" alt=\"PANTASY 86231 Metal Slug Series Neogeo Arcade With 1290 Pieces\" width=\"884\" height=\"748\" title=\"-\" srcset=\"https:\/\/mouldking.store\/wp-content\/uploads\/2022\/11\/PANTASY-86231-5.jpg 884w, https:\/\/mouldking.store\/wp-content\/uploads\/2022\/11\/PANTASY-86231-5-300x254.jpg 300w, https:\/\/mouldking.store\/wp-content\/uploads\/2022\/11\/PANTASY-86231-5-768x650.jpg 768w, https:\/\/mouldking.store\/wp-content\/uploads\/2022\/11\/PANTASY-86231-5-600x508.jpg 600w, https:\/\/mouldking.store\/wp-content\/uploads\/2022\/11\/PANTASY-86231-5-150x127.jpg 150w, https:\/\/mouldking.store\/wp-content\/uploads\/2022\/11\/PANTASY-86231-5-71x60.jpg 71w, https:\/\/mouldking.store\/wp-content\/uploads\/2022\/11\/PANTASY-86231-5-106x90.jpg 106w\" sizes=\"(max-width: 884px) 100vw, 884px\" \/><figcaption id=\"caption-attachment-35301\" class=\"wp-caption-text\">PANTASY 86231 Metal Slug Series Neogeo Arcade V\u1edbi 1290 mi\u1ebfng<\/figcaption><\/figure>\n<figure id=\"attachment_35302\" aria-describedby=\"caption-attachment-35302\" style=\"width: 876px\" class=\"wp-caption aligncenter\"><img loading=\"lazy\" decoding=\"async\" class=\"wp-image-35302 size-full\" src=\"https:\/\/mouldking.store\/wp-content\/uploads\/2022\/11\/PANTASY-86231-4.jpg\" alt=\"PANTASY 86231 Metal Slug Series Neogeo Arcade With 1290 Pieces\" width=\"876\" height=\"848\" title=\"-\" srcset=\"https:\/\/mouldking.store\/wp-content\/uploads\/2022\/11\/PANTASY-86231-4.jpg 876w, https:\/\/mouldking.store\/wp-content\/uploads\/2022\/11\/PANTASY-86231-4-300x290.jpg 300w, https:\/\/mouldking.store\/wp-content\/uploads\/2022\/11\/PANTASY-86231-4-768x743.jpg 768w, https:\/\/mouldking.store\/wp-content\/uploads\/2022\/11\/PANTASY-86231-4-600x581.jpg 600w, https:\/\/mouldking.store\/wp-content\/uploads\/2022\/11\/PANTASY-86231-4-150x145.jpg 150w, https:\/\/mouldking.store\/wp-content\/uploads\/2022\/11\/PANTASY-86231-4-62x60.jpg 62w, https:\/\/mouldking.store\/wp-content\/uploads\/2022\/11\/PANTASY-86231-4-93x90.jpg 93w\" sizes=\"(max-width: 876px) 100vw, 876px\" \/><figcaption id=\"caption-attachment-35302\" class=\"wp-caption-text\">PANTASY 86231 Metal Slug Series Neogeo Arcade V\u1edbi 1290 mi\u1ebfng<\/figcaption><\/figure>\n<figure id=\"attachment_35304\" aria-describedby=\"caption-attachment-35304\" style=\"width: 600px\" class=\"wp-caption aligncenter\"><img loading=\"lazy\" decoding=\"async\" class=\"wp-image-35304 size-full\" src=\"https:\/\/mouldking.store\/wp-content\/uploads\/2022\/11\/PANTASY-86231-2.jpg\" alt=\"PANTASY 86231 Metal Slug Series Neogeo Arcade With 1290 Pieces\" width=\"600\" height=\"930\" title=\"-\" srcset=\"https:\/\/mouldking.store\/wp-content\/uploads\/2022\/11\/PANTASY-86231-2.jpg 600w, https:\/\/mouldking.store\/wp-content\/uploads\/2022\/11\/PANTASY-86231-2-194x300.jpg 194w, https:\/\/mouldking.store\/wp-content\/uploads\/2022\/11\/PANTASY-86231-2-300x465.jpg 300w, https:\/\/mouldking.store\/wp-content\/uploads\/2022\/11\/PANTASY-86231-2-97x150.jpg 97w, https:\/\/mouldking.store\/wp-content\/uploads\/2022\/11\/PANTASY-86231-2-39x60.jpg 39w, https:\/\/mouldking.store\/wp-content\/uploads\/2022\/11\/PANTASY-86231-2-58x90.jpg 58w\" sizes=\"(max-width: 600px) 100vw, 600px\" \/><figcaption id=\"caption-attachment-35304\" class=\"wp-caption-text\">PANTASY 86231 Metal Slug Series Neogeo Arcade V\u1edbi 1290 mi\u1ebfng<\/figcaption><\/figure>\n<figure id=\"attachment_35305\" aria-describedby=\"caption-attachment-35305\" style=\"width: 1024px\" class=\"wp-caption alignnone\"><img loading=\"lazy\" decoding=\"async\" class=\"wp-image-35305 size-full\" src=\"https:\/\/mouldking.store\/wp-content\/uploads\/2022\/11\/PANTASY-86231-1.jpg\" alt=\"PANTASY 86231 Metal Slug Series Neogeo Arcade With 1290 Pieces\" width=\"1024\" height=\"898\" title=\"-\" srcset=\"https:\/\/mouldking.store\/wp-content\/uploads\/2022\/11\/PANTASY-86231-1.jpg 1024w, https:\/\/mouldking.store\/wp-content\/uploads\/2022\/11\/PANTASY-86231-1-300x263.jpg 300w, https:\/\/mouldking.store\/wp-content\/uploads\/2022\/11\/PANTASY-86231-1-768x674.jpg 768w, https:\/\/mouldking.store\/wp-content\/uploads\/2022\/11\/PANTASY-86231-1-600x526.jpg 600w, https:\/\/mouldking.store\/wp-content\/uploads\/2022\/11\/PANTASY-86231-1-150x132.jpg 150w, https:\/\/mouldking.store\/wp-content\/uploads\/2022\/11\/PANTASY-86231-1-68x60.jpg 68w, https:\/\/mouldking.store\/wp-content\/uploads\/2022\/11\/PANTASY-86231-1-103x90.jpg 103w\" sizes=\"(max-width: 1024px) 100vw, 1024px\" \/><figcaption id=\"caption-attachment-35305\" class=\"wp-caption-text\">PANTASY 86231 Metal Slug Series Neogeo Arcade V\u1edbi 1290 mi\u1ebfng<\/figcaption><\/figure>","protected":false},"excerpt":{"rendered":"<p>Product information: Brand: PANTASY Gender: Unisex Name: Metal Slug Series Neogeo Arcade Age Range: &gt; 6 years old Model Number: 86231 Classification: Assemblage Plastic Block Shape: Self-Locking Bricks Material: Plastic Plastic Type: ABS Bricks Blocks:1290 PCS Size: 24x24x17cm Contains detailed assembly instructions. Without minifigures Notice: 1. Without an original box, but we guarantee our products [&hellip;]<\/p>","protected":false},"featured_media":35290,"comment_status":"closed","ping_status":"closed","template":"","meta":{"_acf_changed":false},"product_cat":[1365],"product_tag":[7441,7446,7442,7444,7443,6280,7445,7440],"class_list":["product","first","instock","shipping-taxable","purchasable","product-type-simple"],"acf":[],"_links":{"self":[{"href":"https:\/\/mouldking.store\/vi\/wp-json\/wp\/v2\/product\/35289","targetHints":{"allow":["GET"]}}],"collection":[{"href":"https:\/\/mouldking.store\/vi\/wp-json\/wp\/v2\/product"}],"about":[{"href":"https:\/\/mouldking.store\/vi\/wp-json\/wp\/v2\/types\/product"}],"replies":[{"embeddable":true,"href":"https:\/\/mouldking.store\/vi\/wp-json\/wp\/v2\/comments?post=35289"}],"wp:featuredmedia":[{"embeddable":true,"href":"https:\/\/mouldking.store\/vi\/wp-json\/wp\/v2\/media\/35290"}],"wp:attachment":[{"href":"https:\/\/mouldking.store\/vi\/wp-json\/wp\/v2\/media?parent=35289"}],"wp:term":[{"taxonomy":"product_cat","embeddable":true,"href":"https:\/\/mouldking.store\/vi\/wp-json\/wp\/v2\/product_cat?post=35289"},{"taxonomy":"product_tag","embeddable":true,"href":"https:\/\/mouldking.store\/vi\/wp-json\/wp\/v2\/product_tag?post=35289"}],"curies":[{"name":"wp","href":"https:\/\/api.w.org\/{rel}","templated":true}]}}