{"id":35315,"date":"2022-11-18T14:14:52","date_gmt":"2022-11-18T07:14:52","guid":{"rendered":"https:\/\/mouldking.store\/?post_type=product&#038;p=35315"},"modified":"2022-11-18T14:14:52","modified_gmt":"2022-11-18T07:14:52","slug":"pantasy-61008-retro-1960s-television-with-1208-pieces","status":"publish","type":"product","link":"https:\/\/mouldking.store\/vi\/shop\/pantasy-61008-retro-1960s-television-with-1208-pieces\/","title":{"rendered":"PANTASY 61008 Truy\u1ec1n h\u00ecnh Retro nh\u1eefng n\u0103m 1960 v\u1edbi 1208 mi\u1ebfng"},"content":{"rendered":"<p>Th\u00f4ng tin s\u1ea3n ph\u1ea9m:<\/p>\n<ol>\n<li>Th\u01b0\u01a1ng hi\u1ec7u: PANTASY<\/li>\n<li>Gi\u1edbi t\u00ednh: Unisex<\/li>\n<li>Name: Retro 1960s Television<\/li>\n<li>\u0110\u1ed9 tu\u1ed5i: &gt; 6 tu\u1ed5i<\/li>\n<li>Model Number: 61008<\/li>\n<li>Ph\u00e2n lo\u1ea1i: T\u1eadp h\u1ee3p<\/li>\n<li>H\u00ecnh d\u1ea1ng kh\u1ed1i nh\u1ef1a: G\u1ea1ch t\u1ef1 kh\u00f3a<\/li>\n<li>Ch\u1ea5t li\u1ec7u: Nh\u1ef1a<\/li>\n<li>Lo\u1ea1i nh\u1ef1a: ABS<\/li>\n<li>Bricks Blocks:1208 PCS<\/li>\n<li>Size: 23 \u00d7 10 \u00d7 19 cm<\/li>\n<li>Ch\u1ee9a h\u01b0\u1edbng d\u1eabn l\u1eafp r\u00e1p chi ti\u1ebft.<\/li>\n<\/ol>\n<p>\u0110\u1ec3 \u00fd:<br \/>\n1. Kh\u00f4ng c\u00f3 h\u1ed9p ban \u0111\u1ea7u, nh\u01b0ng ch\u00fang t\u00f4i \u0111\u1ea3m b\u1ea3o s\u1ea3n ph\u1ea9m c\u1ee7a ch\u00fang t\u00f4i c\u00f3 ch\u1ea5t l\u01b0\u1ee3ng \u0111\u1ea3m b\u1ea3o v\u00e0 bao b\u00ec \u0111\u1eb9p.<br \/>\n2. V\u00ec t\u1ea5t c\u1ea3 c\u00e1c b\u1ed9 ph\u1eadn ch\u00fang t\u00f4i \u0111\u00e3 ki\u1ec3m tra tr\u01b0\u1edbc khi v\u1eadn chuy\u1ec3n, v\u00ec v\u1eady n\u1ebfu b\u1ea1n th\u1ea5y m\u1ed9t s\u1ed1 b\u1ed9 ph\u1eadn b\u1ecb thi\u1ebfu ho\u1eb7c h\u01b0 h\u1ecfng, \u0111\u1eebng lo l\u1eafng v\u00e0 ch\u1ec9 c\u1ea7n vui l\u00f2ng li\u00ean h\u1ec7 v\u1edbi ch\u00fang t\u00f4i v\u00e0 ch\u00fang t\u00f4i c\u00f3 th\u1ec3 g\u1eedi l\u1ea1i mi\u1ec5n ph\u00ed cho b\u1ea1n ngay l\u1eadp t\u1ee9c.<\/p>\n<figure id=\"attachment_35316\" aria-describedby=\"caption-attachment-35316\" style=\"width: 768px\" class=\"wp-caption aligncenter\"><img fetchpriority=\"high\" decoding=\"async\" class=\"wp-image-35316 size-full\" src=\"https:\/\/mouldking.store\/wp-content\/uploads\/2022\/11\/PANTASY-61008-13.jpg\" alt=\"PANTASY 61008 Retro 1960s Television With 1208 Pieces\" width=\"768\" height=\"768\" title=\"-\" srcset=\"https:\/\/mouldking.store\/wp-content\/uploads\/2022\/11\/PANTASY-61008-13.jpg 768w, https:\/\/mouldking.store\/wp-content\/uploads\/2022\/11\/PANTASY-61008-13-300x300.jpg 300w, https:\/\/mouldking.store\/wp-content\/uploads\/2022\/11\/PANTASY-61008-13-600x600.jpg 600w, https:\/\/mouldking.store\/wp-content\/uploads\/2022\/11\/PANTASY-61008-13-150x150.jpg 150w, https:\/\/mouldking.store\/wp-content\/uploads\/2022\/11\/PANTASY-61008-13-60x60.jpg 60w, https:\/\/mouldking.store\/wp-content\/uploads\/2022\/11\/PANTASY-61008-13-90x90.jpg 90w\" sizes=\"(max-width: 768px) 100vw, 768px\" \/><figcaption id=\"caption-attachment-35316\" class=\"wp-caption-text\">PANTASY 61008 Truy\u1ec1n h\u00ecnh Retro nh\u1eefng n\u0103m 1960 v\u1edbi 1208 mi\u1ebfng<\/figcaption><\/figure>\n<figure id=\"attachment_35317\" aria-describedby=\"caption-attachment-35317\" style=\"width: 768px\" class=\"wp-caption aligncenter\"><img decoding=\"async\" class=\"wp-image-35317 size-full\" src=\"https:\/\/mouldking.store\/wp-content\/uploads\/2022\/11\/PANTASY-61008-12.jpg\" alt=\"PANTASY 61008 Retro 1960s Television With 1208 Pieces\" width=\"768\" height=\"768\" title=\"-\" srcset=\"https:\/\/mouldking.store\/wp-content\/uploads\/2022\/11\/PANTASY-61008-12.jpg 768w, https:\/\/mouldking.store\/wp-content\/uploads\/2022\/11\/PANTASY-61008-12-300x300.jpg 300w, https:\/\/mouldking.store\/wp-content\/uploads\/2022\/11\/PANTASY-61008-12-600x600.jpg 600w, https:\/\/mouldking.store\/wp-content\/uploads\/2022\/11\/PANTASY-61008-12-150x150.jpg 150w, https:\/\/mouldking.store\/wp-content\/uploads\/2022\/11\/PANTASY-61008-12-60x60.jpg 60w, https:\/\/mouldking.store\/wp-content\/uploads\/2022\/11\/PANTASY-61008-12-90x90.jpg 90w\" sizes=\"(max-width: 768px) 100vw, 768px\" \/><figcaption id=\"caption-attachment-35317\" class=\"wp-caption-text\">PANTASY 61008 Truy\u1ec1n h\u00ecnh Retro nh\u1eefng n\u0103m 1960 v\u1edbi 1208 mi\u1ebfng<\/figcaption><\/figure>\n<figure id=\"attachment_35318\" aria-describedby=\"caption-attachment-35318\" style=\"width: 755px\" class=\"wp-caption alignnone\"><img decoding=\"async\" class=\"wp-image-35318 size-full\" src=\"https:\/\/mouldking.store\/wp-content\/uploads\/2022\/11\/PANTASY-61008-11.jpg\" alt=\"PANTASY 61008 Retro 1960s Television With 1208 Pieces\" width=\"755\" height=\"1024\" title=\"-\" srcset=\"https:\/\/mouldking.store\/wp-content\/uploads\/2022\/11\/PANTASY-61008-11.jpg 755w, https:\/\/mouldking.store\/wp-content\/uploads\/2022\/11\/PANTASY-61008-11-221x300.jpg 221w, https:\/\/mouldking.store\/wp-content\/uploads\/2022\/11\/PANTASY-61008-11-300x407.jpg 300w, https:\/\/mouldking.store\/wp-content\/uploads\/2022\/11\/PANTASY-61008-11-600x814.jpg 600w, https:\/\/mouldking.store\/wp-content\/uploads\/2022\/11\/PANTASY-61008-11-111x150.jpg 111w, https:\/\/mouldking.store\/wp-content\/uploads\/2022\/11\/PANTASY-61008-11-44x60.jpg 44w, https:\/\/mouldking.store\/wp-content\/uploads\/2022\/11\/PANTASY-61008-11-66x90.jpg 66w\" sizes=\"(max-width: 755px) 100vw, 755px\" \/><figcaption id=\"caption-attachment-35318\" class=\"wp-caption-text\">PANTASY 61008 Truy\u1ec1n h\u00ecnh Retro nh\u1eefng n\u0103m 1960 v\u1edbi 1208 mi\u1ebfng<\/figcaption><\/figure>\n<figure id=\"attachment_35319\" aria-describedby=\"caption-attachment-35319\" style=\"width: 768px\" class=\"wp-caption aligncenter\"><img loading=\"lazy\" decoding=\"async\" class=\"wp-image-35319 size-full\" src=\"https:\/\/mouldking.store\/wp-content\/uploads\/2022\/11\/PANTASY-61008-10.jpg\" alt=\"PANTASY 61008 Retro 1960s Television With 1208 Pieces\" width=\"768\" height=\"768\" title=\"-\" srcset=\"https:\/\/mouldking.store\/wp-content\/uploads\/2022\/11\/PANTASY-61008-10.jpg 768w, https:\/\/mouldking.store\/wp-content\/uploads\/2022\/11\/PANTASY-61008-10-300x300.jpg 300w, https:\/\/mouldking.store\/wp-content\/uploads\/2022\/11\/PANTASY-61008-10-600x600.jpg 600w, https:\/\/mouldking.store\/wp-content\/uploads\/2022\/11\/PANTASY-61008-10-150x150.jpg 150w, https:\/\/mouldking.store\/wp-content\/uploads\/2022\/11\/PANTASY-61008-10-60x60.jpg 60w, https:\/\/mouldking.store\/wp-content\/uploads\/2022\/11\/PANTASY-61008-10-90x90.jpg 90w\" sizes=\"(max-width: 768px) 100vw, 768px\" \/><figcaption id=\"caption-attachment-35319\" class=\"wp-caption-text\">PANTASY 61008 Truy\u1ec1n h\u00ecnh Retro nh\u1eefng n\u0103m 1960 v\u1edbi 1208 mi\u1ebfng<\/figcaption><\/figure>\n<figure id=\"attachment_35320\" aria-describedby=\"caption-attachment-35320\" style=\"width: 729px\" class=\"wp-caption aligncenter\"><img loading=\"lazy\" decoding=\"async\" class=\"wp-image-35320 size-full\" src=\"https:\/\/mouldking.store\/wp-content\/uploads\/2022\/11\/PANTASY-61008-9.jpg\" alt=\"PANTASY 61008 Retro 1960s Television With 1208 Pieces\" width=\"729\" height=\"1024\" title=\"-\" srcset=\"https:\/\/mouldking.store\/wp-content\/uploads\/2022\/11\/PANTASY-61008-9.jpg 729w, https:\/\/mouldking.store\/wp-content\/uploads\/2022\/11\/PANTASY-61008-9-214x300.jpg 214w, https:\/\/mouldking.store\/wp-content\/uploads\/2022\/11\/PANTASY-61008-9-300x421.jpg 300w, https:\/\/mouldking.store\/wp-content\/uploads\/2022\/11\/PANTASY-61008-9-600x843.jpg 600w, https:\/\/mouldking.store\/wp-content\/uploads\/2022\/11\/PANTASY-61008-9-107x150.jpg 107w, https:\/\/mouldking.store\/wp-content\/uploads\/2022\/11\/PANTASY-61008-9-43x60.jpg 43w, https:\/\/mouldking.store\/wp-content\/uploads\/2022\/11\/PANTASY-61008-9-64x90.jpg 64w\" sizes=\"(max-width: 729px) 100vw, 729px\" \/><figcaption id=\"caption-attachment-35320\" class=\"wp-caption-text\">PANTASY 61008 Truy\u1ec1n h\u00ecnh Retro nh\u1eefng n\u0103m 1960 v\u1edbi 1208 mi\u1ebfng<\/figcaption><\/figure>\n<figure id=\"attachment_35321\" aria-describedby=\"caption-attachment-35321\" style=\"width: 523px\" class=\"wp-caption aligncenter\"><img loading=\"lazy\" decoding=\"async\" class=\"wp-image-35321 size-full\" src=\"https:\/\/mouldking.store\/wp-content\/uploads\/2022\/11\/PANTASY-61008-8.jpg\" alt=\"PANTASY 61008 Retro 1960s Television With 1208 Pieces\" width=\"523\" height=\"1024\" title=\"-\" srcset=\"https:\/\/mouldking.store\/wp-content\/uploads\/2022\/11\/PANTASY-61008-8.jpg 523w, https:\/\/mouldking.store\/wp-content\/uploads\/2022\/11\/PANTASY-61008-8-153x300.jpg 153w, https:\/\/mouldking.store\/wp-content\/uploads\/2022\/11\/PANTASY-61008-8-300x587.jpg 300w, https:\/\/mouldking.store\/wp-content\/uploads\/2022\/11\/PANTASY-61008-8-77x150.jpg 77w, https:\/\/mouldking.store\/wp-content\/uploads\/2022\/11\/PANTASY-61008-8-31x60.jpg 31w, https:\/\/mouldking.store\/wp-content\/uploads\/2022\/11\/PANTASY-61008-8-46x90.jpg 46w\" sizes=\"(max-width: 523px) 100vw, 523px\" \/><figcaption id=\"caption-attachment-35321\" class=\"wp-caption-text\">PANTASY 61008 Truy\u1ec1n h\u00ecnh Retro nh\u1eefng n\u0103m 1960 v\u1edbi 1208 mi\u1ebfng<\/figcaption><\/figure>\n<figure id=\"attachment_35322\" aria-describedby=\"caption-attachment-35322\" style=\"width: 768px\" class=\"wp-caption aligncenter\"><img loading=\"lazy\" decoding=\"async\" class=\"wp-image-35322 size-full\" src=\"https:\/\/mouldking.store\/wp-content\/uploads\/2022\/11\/PANTASY-61008-7.jpg\" alt=\"PANTASY 61008 Retro 1960s Television With 1208 Pieces\" width=\"768\" height=\"677\" title=\"-\" srcset=\"https:\/\/mouldking.store\/wp-content\/uploads\/2022\/11\/PANTASY-61008-7.jpg 768w, https:\/\/mouldking.store\/wp-content\/uploads\/2022\/11\/PANTASY-61008-7-300x264.jpg 300w, https:\/\/mouldking.store\/wp-content\/uploads\/2022\/11\/PANTASY-61008-7-600x529.jpg 600w, https:\/\/mouldking.store\/wp-content\/uploads\/2022\/11\/PANTASY-61008-7-150x132.jpg 150w, https:\/\/mouldking.store\/wp-content\/uploads\/2022\/11\/PANTASY-61008-7-68x60.jpg 68w, https:\/\/mouldking.store\/wp-content\/uploads\/2022\/11\/PANTASY-61008-7-102x90.jpg 102w\" sizes=\"(max-width: 768px) 100vw, 768px\" \/><figcaption id=\"caption-attachment-35322\" class=\"wp-caption-text\">PANTASY 61008 Truy\u1ec1n h\u00ecnh Retro nh\u1eefng n\u0103m 1960 v\u1edbi 1208 mi\u1ebfng<\/figcaption><\/figure>\n<figure id=\"attachment_35323\" aria-describedby=\"caption-attachment-35323\" style=\"width: 768px\" class=\"wp-caption aligncenter\"><img loading=\"lazy\" decoding=\"async\" class=\"wp-image-35323 size-full\" src=\"https:\/\/mouldking.store\/wp-content\/uploads\/2022\/11\/PANTASY-61008-6.jpg\" alt=\"PANTASY 61008 Retro 1960s Television With 1208 Pieces\" width=\"768\" height=\"941\" title=\"-\" srcset=\"https:\/\/mouldking.store\/wp-content\/uploads\/2022\/11\/PANTASY-61008-6.jpg 768w, https:\/\/mouldking.store\/wp-content\/uploads\/2022\/11\/PANTASY-61008-6-245x300.jpg 245w, https:\/\/mouldking.store\/wp-content\/uploads\/2022\/11\/PANTASY-61008-6-300x368.jpg 300w, https:\/\/mouldking.store\/wp-content\/uploads\/2022\/11\/PANTASY-61008-6-600x735.jpg 600w, https:\/\/mouldking.store\/wp-content\/uploads\/2022\/11\/PANTASY-61008-6-122x150.jpg 122w, https:\/\/mouldking.store\/wp-content\/uploads\/2022\/11\/PANTASY-61008-6-49x60.jpg 49w, https:\/\/mouldking.store\/wp-content\/uploads\/2022\/11\/PANTASY-61008-6-73x90.jpg 73w\" sizes=\"(max-width: 768px) 100vw, 768px\" \/><figcaption id=\"caption-attachment-35323\" class=\"wp-caption-text\">PANTASY 61008 Truy\u1ec1n h\u00ecnh Retro nh\u1eefng n\u0103m 1960 v\u1edbi 1208 mi\u1ebfng<\/figcaption><\/figure>\n<figure id=\"attachment_35324\" aria-describedby=\"caption-attachment-35324\" style=\"width: 487px\" class=\"wp-caption aligncenter\"><img loading=\"lazy\" decoding=\"async\" class=\"wp-image-35324 size-full\" src=\"https:\/\/mouldking.store\/wp-content\/uploads\/2022\/11\/PANTASY-61008-5.jpg\" alt=\"PANTASY 61008 Retro 1960s Television With 1208 Pieces\" width=\"487\" height=\"1024\" title=\"-\" srcset=\"https:\/\/mouldking.store\/wp-content\/uploads\/2022\/11\/PANTASY-61008-5.jpg 487w, https:\/\/mouldking.store\/wp-content\/uploads\/2022\/11\/PANTASY-61008-5-143x300.jpg 143w, https:\/\/mouldking.store\/wp-content\/uploads\/2022\/11\/PANTASY-61008-5-300x631.jpg 300w, https:\/\/mouldking.store\/wp-content\/uploads\/2022\/11\/PANTASY-61008-5-71x150.jpg 71w, https:\/\/mouldking.store\/wp-content\/uploads\/2022\/11\/PANTASY-61008-5-29x60.jpg 29w, https:\/\/mouldking.store\/wp-content\/uploads\/2022\/11\/PANTASY-61008-5-43x90.jpg 43w\" sizes=\"(max-width: 487px) 100vw, 487px\" \/><figcaption id=\"caption-attachment-35324\" class=\"wp-caption-text\">PANTASY 61008 Truy\u1ec1n h\u00ecnh Retro nh\u1eefng n\u0103m 1960 v\u1edbi 1208 mi\u1ebfng<\/figcaption><\/figure>\n<figure id=\"attachment_35325\" aria-describedby=\"caption-attachment-35325\" style=\"width: 746px\" class=\"wp-caption aligncenter\"><img loading=\"lazy\" decoding=\"async\" class=\"wp-image-35325 size-full\" src=\"https:\/\/mouldking.store\/wp-content\/uploads\/2022\/11\/PANTASY-61008-4.jpg\" alt=\"PANTASY 61008 Retro 1960s Television With 1208 Pieces\" width=\"746\" height=\"1024\" title=\"-\" srcset=\"https:\/\/mouldking.store\/wp-content\/uploads\/2022\/11\/PANTASY-61008-4.jpg 746w, https:\/\/mouldking.store\/wp-content\/uploads\/2022\/11\/PANTASY-61008-4-219x300.jpg 219w, https:\/\/mouldking.store\/wp-content\/uploads\/2022\/11\/PANTASY-61008-4-300x412.jpg 300w, https:\/\/mouldking.store\/wp-content\/uploads\/2022\/11\/PANTASY-61008-4-600x824.jpg 600w, https:\/\/mouldking.store\/wp-content\/uploads\/2022\/11\/PANTASY-61008-4-109x150.jpg 109w, https:\/\/mouldking.store\/wp-content\/uploads\/2022\/11\/PANTASY-61008-4-44x60.jpg 44w, https:\/\/mouldking.store\/wp-content\/uploads\/2022\/11\/PANTASY-61008-4-66x90.jpg 66w\" sizes=\"(max-width: 746px) 100vw, 746px\" \/><figcaption id=\"caption-attachment-35325\" class=\"wp-caption-text\">PANTASY 61008 Truy\u1ec1n h\u00ecnh Retro nh\u1eefng n\u0103m 1960 v\u1edbi 1208 mi\u1ebfng<\/figcaption><\/figure>\n<figure id=\"attachment_35326\" aria-describedby=\"caption-attachment-35326\" style=\"width: 768px\" class=\"wp-caption aligncenter\"><img loading=\"lazy\" decoding=\"async\" class=\"wp-image-35326 size-full\" src=\"https:\/\/mouldking.store\/wp-content\/uploads\/2022\/11\/PANTASY-61008-3.jpg\" alt=\"PANTASY 61008 Retro 1960s Television With 1208 Pieces\" width=\"768\" height=\"932\" title=\"-\" srcset=\"https:\/\/mouldking.store\/wp-content\/uploads\/2022\/11\/PANTASY-61008-3.jpg 768w, https:\/\/mouldking.store\/wp-content\/uploads\/2022\/11\/PANTASY-61008-3-247x300.jpg 247w, https:\/\/mouldking.store\/wp-content\/uploads\/2022\/11\/PANTASY-61008-3-300x364.jpg 300w, https:\/\/mouldking.store\/wp-content\/uploads\/2022\/11\/PANTASY-61008-3-600x728.jpg 600w, https:\/\/mouldking.store\/wp-content\/uploads\/2022\/11\/PANTASY-61008-3-124x150.jpg 124w, https:\/\/mouldking.store\/wp-content\/uploads\/2022\/11\/PANTASY-61008-3-49x60.jpg 49w, https:\/\/mouldking.store\/wp-content\/uploads\/2022\/11\/PANTASY-61008-3-74x90.jpg 74w\" sizes=\"(max-width: 768px) 100vw, 768px\" \/><figcaption id=\"caption-attachment-35326\" class=\"wp-caption-text\">PANTASY 61008 Truy\u1ec1n h\u00ecnh Retro nh\u1eefng n\u0103m 1960 v\u1edbi 1208 mi\u1ebfng<\/figcaption><\/figure>\n<figure id=\"attachment_35327\" aria-describedby=\"caption-attachment-35327\" style=\"width: 569px\" class=\"wp-caption aligncenter\"><img loading=\"lazy\" decoding=\"async\" class=\"wp-image-35327 size-full\" src=\"https:\/\/mouldking.store\/wp-content\/uploads\/2022\/11\/PANTASY-61008-2.jpg\" alt=\"PANTASY 61008 Retro 1960s Television With 1208 Pieces\" width=\"569\" height=\"1024\" title=\"-\" srcset=\"https:\/\/mouldking.store\/wp-content\/uploads\/2022\/11\/PANTASY-61008-2.jpg 569w, https:\/\/mouldking.store\/wp-content\/uploads\/2022\/11\/PANTASY-61008-2-167x300.jpg 167w, https:\/\/mouldking.store\/wp-content\/uploads\/2022\/11\/PANTASY-61008-2-300x540.jpg 300w, https:\/\/mouldking.store\/wp-content\/uploads\/2022\/11\/PANTASY-61008-2-83x150.jpg 83w, https:\/\/mouldking.store\/wp-content\/uploads\/2022\/11\/PANTASY-61008-2-33x60.jpg 33w, https:\/\/mouldking.store\/wp-content\/uploads\/2022\/11\/PANTASY-61008-2-50x90.jpg 50w\" sizes=\"(max-width: 569px) 100vw, 569px\" \/><figcaption id=\"caption-attachment-35327\" class=\"wp-caption-text\">PANTASY 61008 Truy\u1ec1n h\u00ecnh Retro nh\u1eefng n\u0103m 1960 v\u1edbi 1208 mi\u1ebfng<\/figcaption><\/figure>\n<figure id=\"attachment_35328\" aria-describedby=\"caption-attachment-35328\" style=\"width: 1024px\" class=\"wp-caption aligncenter\"><img loading=\"lazy\" decoding=\"async\" class=\"wp-image-35328 size-full\" src=\"https:\/\/mouldking.store\/wp-content\/uploads\/2022\/11\/PANTASY-61008-1.jpg\" alt=\"PANTASY 61008 Retro 1960s Television With 1208 Pieces\" width=\"1024\" height=\"1019\" title=\"-\" srcset=\"https:\/\/mouldking.store\/wp-content\/uploads\/2022\/11\/PANTASY-61008-1.jpg 1024w, https:\/\/mouldking.store\/wp-content\/uploads\/2022\/11\/PANTASY-61008-1-300x299.jpg 300w, https:\/\/mouldking.store\/wp-content\/uploads\/2022\/11\/PANTASY-61008-1-768x764.jpg 768w, https:\/\/mouldking.store\/wp-content\/uploads\/2022\/11\/PANTASY-61008-1-600x597.jpg 600w, https:\/\/mouldking.store\/wp-content\/uploads\/2022\/11\/PANTASY-61008-1-150x150.jpg 150w, https:\/\/mouldking.store\/wp-content\/uploads\/2022\/11\/PANTASY-61008-1-60x60.jpg 60w, https:\/\/mouldking.store\/wp-content\/uploads\/2022\/11\/PANTASY-61008-1-90x90.jpg 90w\" sizes=\"(max-width: 1024px) 100vw, 1024px\" \/><figcaption id=\"caption-attachment-35328\" class=\"wp-caption-text\">PANTASY 61008 Truy\u1ec1n h\u00ecnh Retro nh\u1eefng n\u0103m 1960 v\u1edbi 1208 mi\u1ebfng<\/figcaption><\/figure>","protected":false},"excerpt":{"rendered":"<p>Product information: Brand: PANTASY Gender: Unisex Name: Retro 1960s Television Age Range: &gt; 6 years old Model Number: 61008 Classification: Assemblage Plastic Block Shape: Self-Locking Bricks Material: Plastic Plastic Type: ABS Bricks Blocks:1208 PCS Size: 23 \u00d7 10 \u00d7 19 cm Contains detailed assembly instructions. Notice: 1. Without an original box, but we guarantee our [&hellip;]<\/p>","protected":false},"featured_media":35316,"comment_status":"closed","ping_status":"closed","template":"","meta":{"_acf_changed":false},"product_cat":[1365],"product_tag":[7458,7456,6280,7460,7462,7455,7457,7461,7459],"class_list":["product","first","instock","shipping-taxable","purchasable","product-type-simple"],"acf":[],"_links":{"self":[{"href":"https:\/\/mouldking.store\/vi\/wp-json\/wp\/v2\/product\/35315","targetHints":{"allow":["GET"]}}],"collection":[{"href":"https:\/\/mouldking.store\/vi\/wp-json\/wp\/v2\/product"}],"about":[{"href":"https:\/\/mouldking.store\/vi\/wp-json\/wp\/v2\/types\/product"}],"replies":[{"embeddable":true,"href":"https:\/\/mouldking.store\/vi\/wp-json\/wp\/v2\/comments?post=35315"}],"wp:featuredmedia":[{"embeddable":true,"href":"https:\/\/mouldking.store\/vi\/wp-json\/wp\/v2\/media\/35316"}],"wp:attachment":[{"href":"https:\/\/mouldking.store\/vi\/wp-json\/wp\/v2\/media?parent=35315"}],"wp:term":[{"taxonomy":"product_cat","embeddable":true,"href":"https:\/\/mouldking.store\/vi\/wp-json\/wp\/v2\/product_cat?post=35315"},{"taxonomy":"product_tag","embeddable":true,"href":"https:\/\/mouldking.store\/vi\/wp-json\/wp\/v2\/product_tag?post=35315"}],"curies":[{"name":"wp","href":"https:\/\/api.w.org\/{rel}","templated":true}]}}