{"id":35329,"date":"2022-11-18T14:19:55","date_gmt":"2022-11-18T07:19:55","guid":{"rendered":"https:\/\/mouldking.store\/?post_type=product&#038;p=35329"},"modified":"2022-11-18T14:19:55","modified_gmt":"2022-11-18T07:19:55","slug":"pantasy-99101-holmes-watson-with-209-pieces","status":"publish","type":"product","link":"https:\/\/mouldking.store\/vi\/shop\/pantasy-99101-holmes-watson-with-209-pieces\/","title":{"rendered":"PANTASY 99101 Holmes &amp; Watson V\u1edbi 209 Mi\u1ebfng"},"content":{"rendered":"<p>Th\u00f4ng tin s\u1ea3n ph\u1ea9m:<\/p>\n<ol>\n<li>Th\u01b0\u01a1ng hi\u1ec7u: PANTASY<\/li>\n<li>Gi\u1edbi t\u00ednh: Unisex<\/li>\n<li>Name: Holmes &amp; Watson<\/li>\n<li>\u0110\u1ed9 tu\u1ed5i: &gt; 6 tu\u1ed5i<\/li>\n<li>Model Number: 99101<\/li>\n<li>Ph\u00e2n lo\u1ea1i: T\u1eadp h\u1ee3p<\/li>\n<li>H\u00ecnh d\u1ea1ng kh\u1ed1i nh\u1ef1a: G\u1ea1ch t\u1ef1 kh\u00f3a<\/li>\n<li>Ch\u1ea5t li\u1ec7u: Nh\u1ef1a<\/li>\n<li>Lo\u1ea1i nh\u1ef1a: ABS<\/li>\n<li>Bricks Blocks:209 PCS<\/li>\n<li>Ch\u1ee9a h\u01b0\u1edbng d\u1eabn l\u1eafp r\u00e1p chi ti\u1ebft.<\/li>\n<\/ol>\n<p>\u0110\u1ec3 \u00fd:<br \/>\n1. Kh\u00f4ng c\u00f3 h\u1ed9p ban \u0111\u1ea7u, nh\u01b0ng ch\u00fang t\u00f4i \u0111\u1ea3m b\u1ea3o s\u1ea3n ph\u1ea9m c\u1ee7a ch\u00fang t\u00f4i c\u00f3 ch\u1ea5t l\u01b0\u1ee3ng \u0111\u1ea3m b\u1ea3o v\u00e0 bao b\u00ec \u0111\u1eb9p.<br \/>\n2. V\u00ec t\u1ea5t c\u1ea3 c\u00e1c b\u1ed9 ph\u1eadn ch\u00fang t\u00f4i \u0111\u00e3 ki\u1ec3m tra tr\u01b0\u1edbc khi v\u1eadn chuy\u1ec3n, v\u00ec v\u1eady n\u1ebfu b\u1ea1n th\u1ea5y m\u1ed9t s\u1ed1 b\u1ed9 ph\u1eadn b\u1ecb thi\u1ebfu ho\u1eb7c h\u01b0 h\u1ecfng, \u0111\u1eebng lo l\u1eafng v\u00e0 ch\u1ec9 c\u1ea7n vui l\u00f2ng li\u00ean h\u1ec7 v\u1edbi ch\u00fang t\u00f4i v\u00e0 ch\u00fang t\u00f4i c\u00f3 th\u1ec3 g\u1eedi l\u1ea1i mi\u1ec5n ph\u00ed cho b\u1ea1n ngay l\u1eadp t\u1ee9c.<\/p>\n<figure id=\"attachment_35330\" aria-describedby=\"caption-attachment-35330\" style=\"width: 768px\" class=\"wp-caption alignnone\"><img fetchpriority=\"high\" decoding=\"async\" class=\"wp-image-35330 size-full\" src=\"https:\/\/mouldking.store\/wp-content\/uploads\/2022\/11\/PANTASY-99101-4.jpg\" alt=\"PANTASY 99101 Holmes &amp; Watson With 209 Pieces\" width=\"768\" height=\"768\" title=\"-\" srcset=\"https:\/\/mouldking.store\/wp-content\/uploads\/2022\/11\/PANTASY-99101-4.jpg 768w, https:\/\/mouldking.store\/wp-content\/uploads\/2022\/11\/PANTASY-99101-4-300x300.jpg 300w, https:\/\/mouldking.store\/wp-content\/uploads\/2022\/11\/PANTASY-99101-4-600x600.jpg 600w, https:\/\/mouldking.store\/wp-content\/uploads\/2022\/11\/PANTASY-99101-4-150x150.jpg 150w, https:\/\/mouldking.store\/wp-content\/uploads\/2022\/11\/PANTASY-99101-4-60x60.jpg 60w, https:\/\/mouldking.store\/wp-content\/uploads\/2022\/11\/PANTASY-99101-4-90x90.jpg 90w\" sizes=\"(max-width: 768px) 100vw, 768px\" \/><figcaption id=\"caption-attachment-35330\" class=\"wp-caption-text\">PANTASY 99101 Holmes &amp; Watson V\u1edbi 209 Mi\u1ebfng<\/figcaption><\/figure>\n<figure id=\"attachment_35331\" aria-describedby=\"caption-attachment-35331\" style=\"width: 750px\" class=\"wp-caption aligncenter\"><img decoding=\"async\" class=\"wp-image-35331 size-full\" src=\"https:\/\/mouldking.store\/wp-content\/uploads\/2022\/11\/PANTASY-99101-3.jpg\" alt=\"PANTASY 99101 Holmes &amp; Watson With 209 Pieces\" width=\"750\" height=\"1000\" title=\"-\" srcset=\"https:\/\/mouldking.store\/wp-content\/uploads\/2022\/11\/PANTASY-99101-3.jpg 750w, https:\/\/mouldking.store\/wp-content\/uploads\/2022\/11\/PANTASY-99101-3-225x300.jpg 225w, https:\/\/mouldking.store\/wp-content\/uploads\/2022\/11\/PANTASY-99101-3-300x400.jpg 300w, https:\/\/mouldking.store\/wp-content\/uploads\/2022\/11\/PANTASY-99101-3-600x800.jpg 600w, https:\/\/mouldking.store\/wp-content\/uploads\/2022\/11\/PANTASY-99101-3-113x150.jpg 113w, https:\/\/mouldking.store\/wp-content\/uploads\/2022\/11\/PANTASY-99101-3-45x60.jpg 45w, https:\/\/mouldking.store\/wp-content\/uploads\/2022\/11\/PANTASY-99101-3-68x90.jpg 68w\" sizes=\"(max-width: 750px) 100vw, 750px\" \/><figcaption id=\"caption-attachment-35331\" class=\"wp-caption-text\">PANTASY 99101 Holmes &amp; Watson V\u1edbi 209 Mi\u1ebfng<\/figcaption><\/figure>\n<figure id=\"attachment_35332\" aria-describedby=\"caption-attachment-35332\" style=\"width: 750px\" class=\"wp-caption aligncenter\"><img decoding=\"async\" class=\"wp-image-35332 size-full\" src=\"https:\/\/mouldking.store\/wp-content\/uploads\/2022\/11\/PANTASY-99101-2.jpg\" alt=\"PANTASY 99101 Holmes &amp; Watson With 209 Pieces\" width=\"750\" height=\"1000\" title=\"-\" srcset=\"https:\/\/mouldking.store\/wp-content\/uploads\/2022\/11\/PANTASY-99101-2.jpg 750w, https:\/\/mouldking.store\/wp-content\/uploads\/2022\/11\/PANTASY-99101-2-225x300.jpg 225w, https:\/\/mouldking.store\/wp-content\/uploads\/2022\/11\/PANTASY-99101-2-300x400.jpg 300w, https:\/\/mouldking.store\/wp-content\/uploads\/2022\/11\/PANTASY-99101-2-600x800.jpg 600w, https:\/\/mouldking.store\/wp-content\/uploads\/2022\/11\/PANTASY-99101-2-113x150.jpg 113w, https:\/\/mouldking.store\/wp-content\/uploads\/2022\/11\/PANTASY-99101-2-45x60.jpg 45w, https:\/\/mouldking.store\/wp-content\/uploads\/2022\/11\/PANTASY-99101-2-68x90.jpg 68w\" sizes=\"(max-width: 750px) 100vw, 750px\" \/><figcaption id=\"caption-attachment-35332\" class=\"wp-caption-text\">PANTASY 99101 Holmes &amp; Watson V\u1edbi 209 Mi\u1ebfng<\/figcaption><\/figure>\n<figure id=\"attachment_35333\" aria-describedby=\"caption-attachment-35333\" style=\"width: 750px\" class=\"wp-caption aligncenter\"><img loading=\"lazy\" decoding=\"async\" class=\"wp-image-35333 size-full\" src=\"https:\/\/mouldking.store\/wp-content\/uploads\/2022\/11\/PANTASY-99101-1.jpg\" alt=\"PANTASY 99101 Holmes &amp; Watson With 209 Pieces\" width=\"750\" height=\"1000\" title=\"-\" srcset=\"https:\/\/mouldking.store\/wp-content\/uploads\/2022\/11\/PANTASY-99101-1.jpg 750w, https:\/\/mouldking.store\/wp-content\/uploads\/2022\/11\/PANTASY-99101-1-225x300.jpg 225w, https:\/\/mouldking.store\/wp-content\/uploads\/2022\/11\/PANTASY-99101-1-300x400.jpg 300w, https:\/\/mouldking.store\/wp-content\/uploads\/2022\/11\/PANTASY-99101-1-600x800.jpg 600w, https:\/\/mouldking.store\/wp-content\/uploads\/2022\/11\/PANTASY-99101-1-113x150.jpg 113w, https:\/\/mouldking.store\/wp-content\/uploads\/2022\/11\/PANTASY-99101-1-45x60.jpg 45w, https:\/\/mouldking.store\/wp-content\/uploads\/2022\/11\/PANTASY-99101-1-68x90.jpg 68w\" sizes=\"(max-width: 750px) 100vw, 750px\" \/><figcaption id=\"caption-attachment-35333\" class=\"wp-caption-text\">PANTASY 99101 Holmes &amp; Watson V\u1edbi 209 Mi\u1ebfng<\/figcaption><\/figure>","protected":false},"excerpt":{"rendered":"<p>Product information: Brand: PANTASY Gender: Unisex Name: Holmes &amp; Watson Age Range: &gt; 6 years old Model Number: 99101 Classification: Assemblage Plastic Block Shape: Self-Locking Bricks Material: Plastic Plastic Type: ABS Bricks Blocks:209 PCS Contains detailed assembly instructions. Notice: 1. Without an original box, but we guarantee our products have quality assurance and nice packaging. [&hellip;]<\/p>","protected":false},"featured_media":35330,"comment_status":"closed","ping_status":"closed","template":"","meta":{"_acf_changed":false},"product_cat":[1408],"product_tag":[7464,7465,7467,6280,7468,7469,7463,7466],"class_list":["product","first","instock","shipping-taxable","purchasable","product-type-simple"],"acf":[],"_links":{"self":[{"href":"https:\/\/mouldking.store\/vi\/wp-json\/wp\/v2\/product\/35329","targetHints":{"allow":["GET"]}}],"collection":[{"href":"https:\/\/mouldking.store\/vi\/wp-json\/wp\/v2\/product"}],"about":[{"href":"https:\/\/mouldking.store\/vi\/wp-json\/wp\/v2\/types\/product"}],"replies":[{"embeddable":true,"href":"https:\/\/mouldking.store\/vi\/wp-json\/wp\/v2\/comments?post=35329"}],"wp:featuredmedia":[{"embeddable":true,"href":"https:\/\/mouldking.store\/vi\/wp-json\/wp\/v2\/media\/35330"}],"wp:attachment":[{"href":"https:\/\/mouldking.store\/vi\/wp-json\/wp\/v2\/media?parent=35329"}],"wp:term":[{"taxonomy":"product_cat","embeddable":true,"href":"https:\/\/mouldking.store\/vi\/wp-json\/wp\/v2\/product_cat?post=35329"},{"taxonomy":"product_tag","embeddable":true,"href":"https:\/\/mouldking.store\/vi\/wp-json\/wp\/v2\/product_tag?post=35329"}],"curies":[{"name":"wp","href":"https:\/\/api.w.org\/{rel}","templated":true}]}}