{"id":35334,"date":"2022-11-18T14:26:05","date_gmt":"2022-11-18T07:26:05","guid":{"rendered":"https:\/\/mouldking.store\/?post_type=product&#038;p=35334"},"modified":"2022-11-18T14:26:06","modified_gmt":"2022-11-18T07:26:06","slug":"pantasy-86218-sherlock-holmes-221b-baker-street-with-1088-pieces","status":"publish","type":"product","link":"https:\/\/mouldking.store\/vi\/shop\/pantasy-86218-sherlock-holmes-221b-baker-street-with-1088-pieces\/","title":{"rendered":"PANTASY 86218 Sherlock Holmes 221B Ph\u1ed1 Baker V\u1edbi 1088 Mi\u1ebfng"},"content":{"rendered":"<p>Th\u00f4ng tin s\u1ea3n ph\u1ea9m:<\/p>\n<ol>\n<li>Th\u01b0\u01a1ng hi\u1ec7u: PANTASY<\/li>\n<li>Gi\u1edbi t\u00ednh: Unisex<\/li>\n<li>Name: Sherlock Holmes 221B Baker Street<\/li>\n<li>\u0110\u1ed9 tu\u1ed5i: &gt; 6 tu\u1ed5i<\/li>\n<li>Model Number: 86218<\/li>\n<li>Ph\u00e2n lo\u1ea1i: T\u1eadp h\u1ee3p<\/li>\n<li>H\u00ecnh d\u1ea1ng kh\u1ed1i nh\u1ef1a: G\u1ea1ch t\u1ef1 kh\u00f3a<\/li>\n<li>Ch\u1ea5t li\u1ec7u: Nh\u1ef1a<\/li>\n<li>Lo\u1ea1i nh\u1ef1a: ABS<\/li>\n<li>Bricks Blocks:1088 PCS<\/li>\n<li>Size: 35.5 \u00d7 19.5 \u00d7 9.3 cm<\/li>\n<li>Ch\u1ee9a h\u01b0\u1edbng d\u1eabn l\u1eafp r\u00e1p chi ti\u1ebft.<\/li>\n<\/ol>\n<p>\u0110\u1ec3 \u00fd:<br \/>\n1. Kh\u00f4ng c\u00f3 h\u1ed9p ban \u0111\u1ea7u, nh\u01b0ng ch\u00fang t\u00f4i \u0111\u1ea3m b\u1ea3o s\u1ea3n ph\u1ea9m c\u1ee7a ch\u00fang t\u00f4i c\u00f3 ch\u1ea5t l\u01b0\u1ee3ng \u0111\u1ea3m b\u1ea3o v\u00e0 bao b\u00ec \u0111\u1eb9p.<br \/>\n2. V\u00ec t\u1ea5t c\u1ea3 c\u00e1c b\u1ed9 ph\u1eadn ch\u00fang t\u00f4i \u0111\u00e3 ki\u1ec3m tra tr\u01b0\u1edbc khi v\u1eadn chuy\u1ec3n, v\u00ec v\u1eady n\u1ebfu b\u1ea1n th\u1ea5y m\u1ed9t s\u1ed1 b\u1ed9 ph\u1eadn b\u1ecb thi\u1ebfu ho\u1eb7c h\u01b0 h\u1ecfng, \u0111\u1eebng lo l\u1eafng v\u00e0 ch\u1ec9 c\u1ea7n vui l\u00f2ng li\u00ean h\u1ec7 v\u1edbi ch\u00fang t\u00f4i v\u00e0 ch\u00fang t\u00f4i c\u00f3 th\u1ec3 g\u1eedi l\u1ea1i mi\u1ec5n ph\u00ed cho b\u1ea1n ngay l\u1eadp t\u1ee9c.<\/p>\n<figure id=\"attachment_35335\" aria-describedby=\"caption-attachment-35335\" style=\"width: 768px\" class=\"wp-caption aligncenter\"><img fetchpriority=\"high\" decoding=\"async\" class=\"wp-image-35335 size-full\" src=\"https:\/\/mouldking.store\/wp-content\/uploads\/2022\/11\/PANTASY-86218-8.jpg\" alt=\"PANTASY 86218 Sherlock Holmes 221B Baker Street With 1088 Pieces\" width=\"768\" height=\"768\" title=\"-\" srcset=\"https:\/\/mouldking.store\/wp-content\/uploads\/2022\/11\/PANTASY-86218-8.jpg 768w, https:\/\/mouldking.store\/wp-content\/uploads\/2022\/11\/PANTASY-86218-8-300x300.jpg 300w, https:\/\/mouldking.store\/wp-content\/uploads\/2022\/11\/PANTASY-86218-8-600x600.jpg 600w, https:\/\/mouldking.store\/wp-content\/uploads\/2022\/11\/PANTASY-86218-8-150x150.jpg 150w, https:\/\/mouldking.store\/wp-content\/uploads\/2022\/11\/PANTASY-86218-8-60x60.jpg 60w, https:\/\/mouldking.store\/wp-content\/uploads\/2022\/11\/PANTASY-86218-8-90x90.jpg 90w\" sizes=\"(max-width: 768px) 100vw, 768px\" \/><figcaption id=\"caption-attachment-35335\" class=\"wp-caption-text\">PANTASY 86218 Sherlock Holmes 221B Ph\u1ed1 Baker V\u1edbi 1088 Mi\u1ebfng<\/figcaption><\/figure>\n<figure id=\"attachment_35336\" aria-describedby=\"caption-attachment-35336\" style=\"width: 768px\" class=\"wp-caption aligncenter\"><img decoding=\"async\" class=\"wp-image-35336 size-full\" src=\"https:\/\/mouldking.store\/wp-content\/uploads\/2022\/11\/PANTASY-86218-7.jpg\" alt=\"PANTASY 86218 Sherlock Holmes 221B Baker Street With 1088 Pieces\" width=\"768\" height=\"768\" title=\"-\" srcset=\"https:\/\/mouldking.store\/wp-content\/uploads\/2022\/11\/PANTASY-86218-7.jpg 768w, https:\/\/mouldking.store\/wp-content\/uploads\/2022\/11\/PANTASY-86218-7-300x300.jpg 300w, https:\/\/mouldking.store\/wp-content\/uploads\/2022\/11\/PANTASY-86218-7-600x600.jpg 600w, https:\/\/mouldking.store\/wp-content\/uploads\/2022\/11\/PANTASY-86218-7-150x150.jpg 150w, https:\/\/mouldking.store\/wp-content\/uploads\/2022\/11\/PANTASY-86218-7-60x60.jpg 60w, https:\/\/mouldking.store\/wp-content\/uploads\/2022\/11\/PANTASY-86218-7-90x90.jpg 90w\" sizes=\"(max-width: 768px) 100vw, 768px\" \/><figcaption id=\"caption-attachment-35336\" class=\"wp-caption-text\">PANTASY 86218 Sherlock Holmes 221B Ph\u1ed1 Baker V\u1edbi 1088 Mi\u1ebfng<\/figcaption><\/figure>\n<figure id=\"attachment_35337\" aria-describedby=\"caption-attachment-35337\" style=\"width: 757px\" class=\"wp-caption aligncenter\"><img decoding=\"async\" class=\"wp-image-35337 size-full\" src=\"https:\/\/mouldking.store\/wp-content\/uploads\/2022\/11\/PANTASY-86218-6.jpg\" alt=\"PANTASY 86218 Sherlock Holmes 221B Baker Street With 1088 Pieces\" width=\"757\" height=\"1024\" title=\"-\" srcset=\"https:\/\/mouldking.store\/wp-content\/uploads\/2022\/11\/PANTASY-86218-6.jpg 757w, https:\/\/mouldking.store\/wp-content\/uploads\/2022\/11\/PANTASY-86218-6-222x300.jpg 222w, https:\/\/mouldking.store\/wp-content\/uploads\/2022\/11\/PANTASY-86218-6-300x406.jpg 300w, https:\/\/mouldking.store\/wp-content\/uploads\/2022\/11\/PANTASY-86218-6-600x812.jpg 600w, https:\/\/mouldking.store\/wp-content\/uploads\/2022\/11\/PANTASY-86218-6-111x150.jpg 111w, https:\/\/mouldking.store\/wp-content\/uploads\/2022\/11\/PANTASY-86218-6-44x60.jpg 44w, https:\/\/mouldking.store\/wp-content\/uploads\/2022\/11\/PANTASY-86218-6-67x90.jpg 67w\" sizes=\"(max-width: 757px) 100vw, 757px\" \/><figcaption id=\"caption-attachment-35337\" class=\"wp-caption-text\">PANTASY 86218 Sherlock Holmes 221B Ph\u1ed1 Baker V\u1edbi 1088 Mi\u1ebfng<\/figcaption><\/figure>\n<figure id=\"attachment_35338\" aria-describedby=\"caption-attachment-35338\" style=\"width: 967px\" class=\"wp-caption aligncenter\"><img loading=\"lazy\" decoding=\"async\" class=\"wp-image-35338 size-full\" src=\"https:\/\/mouldking.store\/wp-content\/uploads\/2022\/11\/PANTASY-86218-5.jpg\" alt=\"PANTASY 86218 Sherlock Holmes 221B Baker Street With 1088 Pieces\" width=\"967\" height=\"1024\" title=\"-\" srcset=\"https:\/\/mouldking.store\/wp-content\/uploads\/2022\/11\/PANTASY-86218-5.jpg 967w, https:\/\/mouldking.store\/wp-content\/uploads\/2022\/11\/PANTASY-86218-5-283x300.jpg 283w, https:\/\/mouldking.store\/wp-content\/uploads\/2022\/11\/PANTASY-86218-5-768x813.jpg 768w, https:\/\/mouldking.store\/wp-content\/uploads\/2022\/11\/PANTASY-86218-5-300x318.jpg 300w, https:\/\/mouldking.store\/wp-content\/uploads\/2022\/11\/PANTASY-86218-5-600x635.jpg 600w, https:\/\/mouldking.store\/wp-content\/uploads\/2022\/11\/PANTASY-86218-5-142x150.jpg 142w, https:\/\/mouldking.store\/wp-content\/uploads\/2022\/11\/PANTASY-86218-5-57x60.jpg 57w, https:\/\/mouldking.store\/wp-content\/uploads\/2022\/11\/PANTASY-86218-5-85x90.jpg 85w\" sizes=\"(max-width: 967px) 100vw, 967px\" \/><figcaption id=\"caption-attachment-35338\" class=\"wp-caption-text\">PANTASY 86218 Sherlock Holmes 221B Ph\u1ed1 Baker V\u1edbi 1088 Mi\u1ebfng<\/figcaption><\/figure>\n<figure id=\"attachment_35339\" aria-describedby=\"caption-attachment-35339\" style=\"width: 768px\" class=\"wp-caption aligncenter\"><img loading=\"lazy\" decoding=\"async\" class=\"wp-image-35339 size-full\" src=\"https:\/\/mouldking.store\/wp-content\/uploads\/2022\/11\/PANTASY-86218-4.jpg\" alt=\"PANTASY 86218 Sherlock Holmes 221B Baker Street With 1088 Pieces\" width=\"768\" height=\"979\" title=\"-\" srcset=\"https:\/\/mouldking.store\/wp-content\/uploads\/2022\/11\/PANTASY-86218-4.jpg 768w, https:\/\/mouldking.store\/wp-content\/uploads\/2022\/11\/PANTASY-86218-4-235x300.jpg 235w, https:\/\/mouldking.store\/wp-content\/uploads\/2022\/11\/PANTASY-86218-4-300x382.jpg 300w, https:\/\/mouldking.store\/wp-content\/uploads\/2022\/11\/PANTASY-86218-4-600x765.jpg 600w, https:\/\/mouldking.store\/wp-content\/uploads\/2022\/11\/PANTASY-86218-4-118x150.jpg 118w, https:\/\/mouldking.store\/wp-content\/uploads\/2022\/11\/PANTASY-86218-4-47x60.jpg 47w, https:\/\/mouldking.store\/wp-content\/uploads\/2022\/11\/PANTASY-86218-4-71x90.jpg 71w\" sizes=\"(max-width: 768px) 100vw, 768px\" \/><figcaption id=\"caption-attachment-35339\" class=\"wp-caption-text\">PANTASY 86218 Sherlock Holmes 221B Ph\u1ed1 Baker V\u1edbi 1088 Mi\u1ebfng<\/figcaption><\/figure>\n<figure id=\"attachment_35340\" aria-describedby=\"caption-attachment-35340\" style=\"width: 985px\" class=\"wp-caption aligncenter\"><img loading=\"lazy\" decoding=\"async\" class=\"wp-image-35340 size-full\" src=\"https:\/\/mouldking.store\/wp-content\/uploads\/2022\/11\/PANTASY-86218-3.jpg\" alt=\"PANTASY 86218 Sherlock Holmes 221B Baker Street With 1088 Pieces\" width=\"985\" height=\"1024\" title=\"-\" srcset=\"https:\/\/mouldking.store\/wp-content\/uploads\/2022\/11\/PANTASY-86218-3.jpg 985w, https:\/\/mouldking.store\/wp-content\/uploads\/2022\/11\/PANTASY-86218-3-289x300.jpg 289w, https:\/\/mouldking.store\/wp-content\/uploads\/2022\/11\/PANTASY-86218-3-768x798.jpg 768w, https:\/\/mouldking.store\/wp-content\/uploads\/2022\/11\/PANTASY-86218-3-300x312.jpg 300w, https:\/\/mouldking.store\/wp-content\/uploads\/2022\/11\/PANTASY-86218-3-600x624.jpg 600w, https:\/\/mouldking.store\/wp-content\/uploads\/2022\/11\/PANTASY-86218-3-144x150.jpg 144w, https:\/\/mouldking.store\/wp-content\/uploads\/2022\/11\/PANTASY-86218-3-58x60.jpg 58w, https:\/\/mouldking.store\/wp-content\/uploads\/2022\/11\/PANTASY-86218-3-87x90.jpg 87w\" sizes=\"(max-width: 985px) 100vw, 985px\" \/><figcaption id=\"caption-attachment-35340\" class=\"wp-caption-text\">PANTASY 86218 Sherlock Holmes 221B Ph\u1ed1 Baker V\u1edbi 1088 Mi\u1ebfng<\/figcaption><\/figure>\n<figure id=\"attachment_35341\" aria-describedby=\"caption-attachment-35341\" style=\"width: 762px\" class=\"wp-caption aligncenter\"><img loading=\"lazy\" decoding=\"async\" class=\"wp-image-35341 size-full\" src=\"https:\/\/mouldking.store\/wp-content\/uploads\/2022\/11\/PANTASY-86218-2.jpg\" alt=\"PANTASY 86218 Sherlock Holmes 221B Baker Street With 1088 Pieces\" width=\"762\" height=\"1024\" title=\"-\" srcset=\"https:\/\/mouldking.store\/wp-content\/uploads\/2022\/11\/PANTASY-86218-2.jpg 762w, https:\/\/mouldking.store\/wp-content\/uploads\/2022\/11\/PANTASY-86218-2-223x300.jpg 223w, https:\/\/mouldking.store\/wp-content\/uploads\/2022\/11\/PANTASY-86218-2-300x403.jpg 300w, https:\/\/mouldking.store\/wp-content\/uploads\/2022\/11\/PANTASY-86218-2-600x806.jpg 600w, https:\/\/mouldking.store\/wp-content\/uploads\/2022\/11\/PANTASY-86218-2-112x150.jpg 112w, https:\/\/mouldking.store\/wp-content\/uploads\/2022\/11\/PANTASY-86218-2-45x60.jpg 45w, https:\/\/mouldking.store\/wp-content\/uploads\/2022\/11\/PANTASY-86218-2-67x90.jpg 67w\" sizes=\"(max-width: 762px) 100vw, 762px\" \/><figcaption id=\"caption-attachment-35341\" class=\"wp-caption-text\">PANTASY 86218 Sherlock Holmes 221B Ph\u1ed1 Baker V\u1edbi 1088 Mi\u1ebfng<\/figcaption><\/figure>\n<figure id=\"attachment_35342\" aria-describedby=\"caption-attachment-35342\" style=\"width: 768px\" class=\"wp-caption aligncenter\"><img loading=\"lazy\" decoding=\"async\" class=\"wp-image-35342 size-full\" src=\"https:\/\/mouldking.store\/wp-content\/uploads\/2022\/11\/PANTASY-86218-1.jpg\" alt=\"PANTASY 86218 Sherlock Holmes 221B Baker Street With 1088 Pieces\" width=\"768\" height=\"1002\" title=\"-\" srcset=\"https:\/\/mouldking.store\/wp-content\/uploads\/2022\/11\/PANTASY-86218-1.jpg 768w, https:\/\/mouldking.store\/wp-content\/uploads\/2022\/11\/PANTASY-86218-1-230x300.jpg 230w, https:\/\/mouldking.store\/wp-content\/uploads\/2022\/11\/PANTASY-86218-1-300x391.jpg 300w, https:\/\/mouldking.store\/wp-content\/uploads\/2022\/11\/PANTASY-86218-1-600x783.jpg 600w, https:\/\/mouldking.store\/wp-content\/uploads\/2022\/11\/PANTASY-86218-1-115x150.jpg 115w, https:\/\/mouldking.store\/wp-content\/uploads\/2022\/11\/PANTASY-86218-1-46x60.jpg 46w, https:\/\/mouldking.store\/wp-content\/uploads\/2022\/11\/PANTASY-86218-1-69x90.jpg 69w\" sizes=\"(max-width: 768px) 100vw, 768px\" \/><figcaption id=\"caption-attachment-35342\" class=\"wp-caption-text\">PANTASY 86218 Sherlock Holmes 221B Ph\u1ed1 Baker V\u1edbi 1088 Mi\u1ebfng<\/figcaption><\/figure>","protected":false},"excerpt":{"rendered":"<p>Product information: Brand: PANTASY Gender: Unisex Name: Sherlock Holmes 221B Baker Street Age Range: &gt; 6 years old Model Number: 86218 Classification: Assemblage Plastic Block Shape: Self-Locking Bricks Material: Plastic Plastic Type: ABS Bricks Blocks:1088 PCS Size: 35.5 \u00d7 19.5 \u00d7 9.3 cm Contains detailed assembly instructions. Notice: 1. Without an original box, but we [&hellip;]<\/p>","protected":false},"featured_media":35335,"comment_status":"closed","ping_status":"closed","template":"","meta":{"_acf_changed":false},"product_cat":[1408],"product_tag":[7473,7471,6280,7475,7476,7470,7472,7474],"class_list":["product","first","instock","shipping-taxable","purchasable","product-type-simple"],"acf":[],"_links":{"self":[{"href":"https:\/\/mouldking.store\/vi\/wp-json\/wp\/v2\/product\/35334","targetHints":{"allow":["GET"]}}],"collection":[{"href":"https:\/\/mouldking.store\/vi\/wp-json\/wp\/v2\/product"}],"about":[{"href":"https:\/\/mouldking.store\/vi\/wp-json\/wp\/v2\/types\/product"}],"replies":[{"embeddable":true,"href":"https:\/\/mouldking.store\/vi\/wp-json\/wp\/v2\/comments?post=35334"}],"wp:featuredmedia":[{"embeddable":true,"href":"https:\/\/mouldking.store\/vi\/wp-json\/wp\/v2\/media\/35335"}],"wp:attachment":[{"href":"https:\/\/mouldking.store\/vi\/wp-json\/wp\/v2\/media?parent=35334"}],"wp:term":[{"taxonomy":"product_cat","embeddable":true,"href":"https:\/\/mouldking.store\/vi\/wp-json\/wp\/v2\/product_cat?post=35334"},{"taxonomy":"product_tag","embeddable":true,"href":"https:\/\/mouldking.store\/vi\/wp-json\/wp\/v2\/product_tag?post=35334"}],"curies":[{"name":"wp","href":"https:\/\/api.w.org\/{rel}","templated":true}]}}