{"id":35343,"date":"2022-11-18T14:34:09","date_gmt":"2022-11-18T07:34:09","guid":{"rendered":"https:\/\/mouldking.store\/?post_type=product&#038;p=35343"},"modified":"2022-11-18T14:34:09","modified_gmt":"2022-11-18T07:34:09","slug":"pantasy-86302-le-petit-prince-the-only-rose-with-500-pieces","status":"publish","type":"product","link":"https:\/\/mouldking.store\/vi\/shop\/pantasy-86302-le-petit-prince-the-only-rose-with-500-pieces\/","title":{"rendered":"PANTASY 86302 Le Petit Prince \u2013 The Only Rose With 500 Pieces"},"content":{"rendered":"<p>Th\u00f4ng tin s\u1ea3n ph\u1ea9m:<\/p>\n<ol>\n<li>Th\u01b0\u01a1ng hi\u1ec7u: PANTASY<\/li>\n<li>Gi\u1edbi t\u00ednh: Unisex<\/li>\n<li>T\u00ean: Le Petit Prince \u2013 B\u00f4ng h\u1ed3ng duy nh\u1ea5t<\/li>\n<li>\u0110\u1ed9 tu\u1ed5i: &gt; 6 tu\u1ed5i<\/li>\n<li>S\u1ed1 m\u00f4 h\u00ecnh: 86302<\/li>\n<li>Ph\u00e2n lo\u1ea1i: T\u1eadp h\u1ee3p<\/li>\n<li>H\u00ecnh d\u1ea1ng kh\u1ed1i nh\u1ef1a: G\u1ea1ch t\u1ef1 kh\u00f3a<\/li>\n<li>Ch\u1ea5t li\u1ec7u: Nh\u1ef1a<\/li>\n<li>Lo\u1ea1i nh\u1ef1a: ABS<\/li>\n<li>Kh\u1ed1i g\u1ea1ch: 500 C\u00c1I<\/li>\n<li>K\u00edch th\u01b0\u1edbc: 10\u00d710\u00d721,5cm<\/li>\n<li>Ch\u1ee9a h\u01b0\u1edbng d\u1eabn l\u1eafp r\u00e1p chi ti\u1ebft.<\/li>\n<\/ol>\n<p>\u0110\u1ec3 \u00fd:<br \/>\n1. Kh\u00f4ng c\u00f3 h\u1ed9p ban \u0111\u1ea7u, nh\u01b0ng ch\u00fang t\u00f4i \u0111\u1ea3m b\u1ea3o s\u1ea3n ph\u1ea9m c\u1ee7a ch\u00fang t\u00f4i c\u00f3 ch\u1ea5t l\u01b0\u1ee3ng \u0111\u1ea3m b\u1ea3o v\u00e0 bao b\u00ec \u0111\u1eb9p.<br \/>\n2. V\u00ec t\u1ea5t c\u1ea3 c\u00e1c b\u1ed9 ph\u1eadn ch\u00fang t\u00f4i \u0111\u00e3 ki\u1ec3m tra tr\u01b0\u1edbc khi v\u1eadn chuy\u1ec3n, v\u00ec v\u1eady n\u1ebfu b\u1ea1n th\u1ea5y m\u1ed9t s\u1ed1 b\u1ed9 ph\u1eadn b\u1ecb thi\u1ebfu ho\u1eb7c h\u01b0 h\u1ecfng, \u0111\u1eebng lo l\u1eafng v\u00e0 ch\u1ec9 c\u1ea7n vui l\u00f2ng li\u00ean h\u1ec7 v\u1edbi ch\u00fang t\u00f4i v\u00e0 ch\u00fang t\u00f4i c\u00f3 th\u1ec3 g\u1eedi l\u1ea1i mi\u1ec5n ph\u00ed cho b\u1ea1n ngay l\u1eadp t\u1ee9c.<\/p>\n<figure id=\"attachment_35344\" aria-describedby=\"caption-attachment-35344\" style=\"width: 768px\" class=\"wp-caption aligncenter\"><img fetchpriority=\"high\" decoding=\"async\" class=\"wp-image-35344 size-full\" src=\"https:\/\/mouldking.store\/wp-content\/uploads\/2022\/11\/PANTASY-86302-13.jpg\" alt=\"PANTASY 86302 Le Petit Prince \u2013 The Only Rose With 500 Pieces\" width=\"768\" height=\"768\" title=\"-\" srcset=\"https:\/\/mouldking.store\/wp-content\/uploads\/2022\/11\/PANTASY-86302-13.jpg 768w, https:\/\/mouldking.store\/wp-content\/uploads\/2022\/11\/PANTASY-86302-13-300x300.jpg 300w, https:\/\/mouldking.store\/wp-content\/uploads\/2022\/11\/PANTASY-86302-13-600x600.jpg 600w, https:\/\/mouldking.store\/wp-content\/uploads\/2022\/11\/PANTASY-86302-13-150x150.jpg 150w, https:\/\/mouldking.store\/wp-content\/uploads\/2022\/11\/PANTASY-86302-13-60x60.jpg 60w, https:\/\/mouldking.store\/wp-content\/uploads\/2022\/11\/PANTASY-86302-13-90x90.jpg 90w\" sizes=\"(max-width: 768px) 100vw, 768px\" \/><figcaption id=\"caption-attachment-35344\" class=\"wp-caption-text\">PANTASY 86302 Le Petit Prince \u2013 The Only Rose With 500 Pieces<\/figcaption><\/figure>\n<figure id=\"attachment_35345\" aria-describedby=\"caption-attachment-35345\" style=\"width: 768px\" class=\"wp-caption aligncenter\"><img decoding=\"async\" class=\"wp-image-35345 size-full\" src=\"https:\/\/mouldking.store\/wp-content\/uploads\/2022\/11\/PANTASY-86302-12.jpg\" alt=\"PANTASY 86302 Le Petit Prince \u2013 The Only Rose With 500 Pieces\" width=\"768\" height=\"768\" title=\"-\" srcset=\"https:\/\/mouldking.store\/wp-content\/uploads\/2022\/11\/PANTASY-86302-12.jpg 768w, https:\/\/mouldking.store\/wp-content\/uploads\/2022\/11\/PANTASY-86302-12-300x300.jpg 300w, https:\/\/mouldking.store\/wp-content\/uploads\/2022\/11\/PANTASY-86302-12-600x600.jpg 600w, https:\/\/mouldking.store\/wp-content\/uploads\/2022\/11\/PANTASY-86302-12-150x150.jpg 150w, https:\/\/mouldking.store\/wp-content\/uploads\/2022\/11\/PANTASY-86302-12-60x60.jpg 60w, https:\/\/mouldking.store\/wp-content\/uploads\/2022\/11\/PANTASY-86302-12-90x90.jpg 90w\" sizes=\"(max-width: 768px) 100vw, 768px\" \/><figcaption id=\"caption-attachment-35345\" class=\"wp-caption-text\">PANTASY 86302 Le Petit Prince \u2013 The Only Rose With 500 Pieces<\/figcaption><\/figure>\n<figure id=\"attachment_35346\" aria-describedby=\"caption-attachment-35346\" style=\"width: 768px\" class=\"wp-caption aligncenter\"><img decoding=\"async\" class=\"wp-image-35346 size-full\" src=\"https:\/\/mouldking.store\/wp-content\/uploads\/2022\/11\/PANTASY-86302-11.jpg\" alt=\"PANTASY 86302 Le Petit Prince \u2013 The Only Rose With 500 Pieces\" width=\"768\" height=\"768\" title=\"-\" srcset=\"https:\/\/mouldking.store\/wp-content\/uploads\/2022\/11\/PANTASY-86302-11.jpg 768w, https:\/\/mouldking.store\/wp-content\/uploads\/2022\/11\/PANTASY-86302-11-300x300.jpg 300w, https:\/\/mouldking.store\/wp-content\/uploads\/2022\/11\/PANTASY-86302-11-600x600.jpg 600w, https:\/\/mouldking.store\/wp-content\/uploads\/2022\/11\/PANTASY-86302-11-150x150.jpg 150w, https:\/\/mouldking.store\/wp-content\/uploads\/2022\/11\/PANTASY-86302-11-60x60.jpg 60w, https:\/\/mouldking.store\/wp-content\/uploads\/2022\/11\/PANTASY-86302-11-90x90.jpg 90w\" sizes=\"(max-width: 768px) 100vw, 768px\" \/><figcaption id=\"caption-attachment-35346\" class=\"wp-caption-text\">PANTASY 86302 Le Petit Prince \u2013 The Only Rose With 500 Pieces<\/figcaption><\/figure>\n<figure id=\"attachment_35347\" aria-describedby=\"caption-attachment-35347\" style=\"width: 768px\" class=\"wp-caption aligncenter\"><img loading=\"lazy\" decoding=\"async\" class=\"wp-image-35347 size-full\" src=\"https:\/\/mouldking.store\/wp-content\/uploads\/2022\/11\/PANTASY-86302-10.jpg\" alt=\"PANTASY 86302 Le Petit Prince \u2013 The Only Rose With 500 Pieces\" width=\"768\" height=\"766\" title=\"-\" srcset=\"https:\/\/mouldking.store\/wp-content\/uploads\/2022\/11\/PANTASY-86302-10.jpg 768w, https:\/\/mouldking.store\/wp-content\/uploads\/2022\/11\/PANTASY-86302-10-300x299.jpg 300w, https:\/\/mouldking.store\/wp-content\/uploads\/2022\/11\/PANTASY-86302-10-600x598.jpg 600w, https:\/\/mouldking.store\/wp-content\/uploads\/2022\/11\/PANTASY-86302-10-150x150.jpg 150w, https:\/\/mouldking.store\/wp-content\/uploads\/2022\/11\/PANTASY-86302-10-60x60.jpg 60w, https:\/\/mouldking.store\/wp-content\/uploads\/2022\/11\/PANTASY-86302-10-90x90.jpg 90w\" sizes=\"(max-width: 768px) 100vw, 768px\" \/><figcaption id=\"caption-attachment-35347\" class=\"wp-caption-text\">PANTASY 86302 Le Petit Prince \u2013 The Only Rose With 500 Pieces<\/figcaption><\/figure>\n<figure id=\"attachment_35348\" aria-describedby=\"caption-attachment-35348\" style=\"width: 768px\" class=\"wp-caption aligncenter\"><img loading=\"lazy\" decoding=\"async\" class=\"wp-image-35348 size-full\" src=\"https:\/\/mouldking.store\/wp-content\/uploads\/2022\/11\/PANTASY-86302-9.jpg\" alt=\"PANTASY 86302 Le Petit Prince \u2013 The Only Rose With 500 Pieces\" width=\"768\" height=\"766\" title=\"-\" srcset=\"https:\/\/mouldking.store\/wp-content\/uploads\/2022\/11\/PANTASY-86302-9.jpg 768w, https:\/\/mouldking.store\/wp-content\/uploads\/2022\/11\/PANTASY-86302-9-300x299.jpg 300w, https:\/\/mouldking.store\/wp-content\/uploads\/2022\/11\/PANTASY-86302-9-600x598.jpg 600w, https:\/\/mouldking.store\/wp-content\/uploads\/2022\/11\/PANTASY-86302-9-150x150.jpg 150w, https:\/\/mouldking.store\/wp-content\/uploads\/2022\/11\/PANTASY-86302-9-60x60.jpg 60w, https:\/\/mouldking.store\/wp-content\/uploads\/2022\/11\/PANTASY-86302-9-90x90.jpg 90w\" sizes=\"(max-width: 768px) 100vw, 768px\" \/><figcaption id=\"caption-attachment-35348\" class=\"wp-caption-text\">PANTASY 86302 Le Petit Prince \u2013 The Only Rose With 500 Pieces<\/figcaption><\/figure>\n<figure id=\"attachment_35349\" aria-describedby=\"caption-attachment-35349\" style=\"width: 600px\" class=\"wp-caption aligncenter\"><img loading=\"lazy\" decoding=\"async\" class=\"wp-image-35349 size-full\" src=\"https:\/\/mouldking.store\/wp-content\/uploads\/2022\/11\/PANTASY-86302-8.jpg\" alt=\"PANTASY 86302 Le Petit Prince \u2013 The Only Rose With 500 Pieces\" width=\"600\" height=\"931\" title=\"-\" srcset=\"https:\/\/mouldking.store\/wp-content\/uploads\/2022\/11\/PANTASY-86302-8.jpg 600w, https:\/\/mouldking.store\/wp-content\/uploads\/2022\/11\/PANTASY-86302-8-193x300.jpg 193w, https:\/\/mouldking.store\/wp-content\/uploads\/2022\/11\/PANTASY-86302-8-300x466.jpg 300w, https:\/\/mouldking.store\/wp-content\/uploads\/2022\/11\/PANTASY-86302-8-97x150.jpg 97w, https:\/\/mouldking.store\/wp-content\/uploads\/2022\/11\/PANTASY-86302-8-39x60.jpg 39w, https:\/\/mouldking.store\/wp-content\/uploads\/2022\/11\/PANTASY-86302-8-58x90.jpg 58w\" sizes=\"(max-width: 600px) 100vw, 600px\" \/><figcaption id=\"caption-attachment-35349\" class=\"wp-caption-text\">PANTASY 86302 Le Petit Prince \u2013 The Only Rose With 500 Pieces<\/figcaption><\/figure>\n<figure id=\"attachment_35350\" aria-describedby=\"caption-attachment-35350\" style=\"width: 731px\" class=\"wp-caption aligncenter\"><img loading=\"lazy\" decoding=\"async\" class=\"wp-image-35350 size-full\" src=\"https:\/\/mouldking.store\/wp-content\/uploads\/2022\/11\/PANTASY-86302-7.jpg\" alt=\"PANTASY 86302 Le Petit Prince \u2013 The Only Rose With 500 Pieces\" width=\"731\" height=\"1024\" title=\"-\" srcset=\"https:\/\/mouldking.store\/wp-content\/uploads\/2022\/11\/PANTASY-86302-7.jpg 731w, https:\/\/mouldking.store\/wp-content\/uploads\/2022\/11\/PANTASY-86302-7-214x300.jpg 214w, https:\/\/mouldking.store\/wp-content\/uploads\/2022\/11\/PANTASY-86302-7-300x420.jpg 300w, https:\/\/mouldking.store\/wp-content\/uploads\/2022\/11\/PANTASY-86302-7-600x840.jpg 600w, https:\/\/mouldking.store\/wp-content\/uploads\/2022\/11\/PANTASY-86302-7-107x150.jpg 107w, https:\/\/mouldking.store\/wp-content\/uploads\/2022\/11\/PANTASY-86302-7-43x60.jpg 43w, https:\/\/mouldking.store\/wp-content\/uploads\/2022\/11\/PANTASY-86302-7-64x90.jpg 64w\" sizes=\"(max-width: 731px) 100vw, 731px\" \/><figcaption id=\"caption-attachment-35350\" class=\"wp-caption-text\">PANTASY 86302 Le Petit Prince \u2013 The Only Rose With 500 Pieces<\/figcaption><\/figure>\n<figure id=\"attachment_35351\" aria-describedby=\"caption-attachment-35351\" style=\"width: 768px\" class=\"wp-caption aligncenter\"><img loading=\"lazy\" decoding=\"async\" class=\"wp-image-35351 size-full\" src=\"https:\/\/mouldking.store\/wp-content\/uploads\/2022\/11\/PANTASY-86302-6.jpg\" alt=\"PANTASY 86302 Le Petit Prince \u2013 The Only Rose With 500 Pieces\" width=\"768\" height=\"931\" title=\"-\" srcset=\"https:\/\/mouldking.store\/wp-content\/uploads\/2022\/11\/PANTASY-86302-6.jpg 768w, https:\/\/mouldking.store\/wp-content\/uploads\/2022\/11\/PANTASY-86302-6-247x300.jpg 247w, https:\/\/mouldking.store\/wp-content\/uploads\/2022\/11\/PANTASY-86302-6-300x364.jpg 300w, https:\/\/mouldking.store\/wp-content\/uploads\/2022\/11\/PANTASY-86302-6-600x727.jpg 600w, https:\/\/mouldking.store\/wp-content\/uploads\/2022\/11\/PANTASY-86302-6-124x150.jpg 124w, https:\/\/mouldking.store\/wp-content\/uploads\/2022\/11\/PANTASY-86302-6-49x60.jpg 49w, https:\/\/mouldking.store\/wp-content\/uploads\/2022\/11\/PANTASY-86302-6-74x90.jpg 74w\" sizes=\"(max-width: 768px) 100vw, 768px\" \/><figcaption id=\"caption-attachment-35351\" class=\"wp-caption-text\">PANTASY 86302 Le Petit Prince \u2013 The Only Rose With 500 Pieces<\/figcaption><\/figure>\n<figure id=\"attachment_35352\" aria-describedby=\"caption-attachment-35352\" style=\"width: 768px\" class=\"wp-caption aligncenter\"><img loading=\"lazy\" decoding=\"async\" class=\"wp-image-35352 size-full\" src=\"https:\/\/mouldking.store\/wp-content\/uploads\/2022\/11\/PANTASY-86302-5.jpg\" alt=\"PANTASY 86302 Le Petit Prince \u2013 The Only Rose With 500 Pieces\" width=\"768\" height=\"1013\" title=\"-\" srcset=\"https:\/\/mouldking.store\/wp-content\/uploads\/2022\/11\/PANTASY-86302-5.jpg 768w, https:\/\/mouldking.store\/wp-content\/uploads\/2022\/11\/PANTASY-86302-5-227x300.jpg 227w, https:\/\/mouldking.store\/wp-content\/uploads\/2022\/11\/PANTASY-86302-5-300x396.jpg 300w, https:\/\/mouldking.store\/wp-content\/uploads\/2022\/11\/PANTASY-86302-5-600x791.jpg 600w, https:\/\/mouldking.store\/wp-content\/uploads\/2022\/11\/PANTASY-86302-5-114x150.jpg 114w, https:\/\/mouldking.store\/wp-content\/uploads\/2022\/11\/PANTASY-86302-5-45x60.jpg 45w, https:\/\/mouldking.store\/wp-content\/uploads\/2022\/11\/PANTASY-86302-5-68x90.jpg 68w\" sizes=\"(max-width: 768px) 100vw, 768px\" \/><figcaption id=\"caption-attachment-35352\" class=\"wp-caption-text\">PANTASY 86302 Le Petit Prince \u2013 The Only Rose With 500 Pieces<\/figcaption><\/figure>\n<figure id=\"attachment_35353\" aria-describedby=\"caption-attachment-35353\" style=\"width: 768px\" class=\"wp-caption aligncenter\"><img loading=\"lazy\" decoding=\"async\" class=\"wp-image-35353 size-full\" src=\"https:\/\/mouldking.store\/wp-content\/uploads\/2022\/11\/PANTASY-86302-4.jpg\" alt=\"PANTASY 86302 Le Petit Prince \u2013 The Only Rose With 500 Pieces\" width=\"768\" height=\"1004\" title=\"-\" srcset=\"https:\/\/mouldking.store\/wp-content\/uploads\/2022\/11\/PANTASY-86302-4.jpg 768w, https:\/\/mouldking.store\/wp-content\/uploads\/2022\/11\/PANTASY-86302-4-229x300.jpg 229w, https:\/\/mouldking.store\/wp-content\/uploads\/2022\/11\/PANTASY-86302-4-300x392.jpg 300w, https:\/\/mouldking.store\/wp-content\/uploads\/2022\/11\/PANTASY-86302-4-600x784.jpg 600w, https:\/\/mouldking.store\/wp-content\/uploads\/2022\/11\/PANTASY-86302-4-115x150.jpg 115w, https:\/\/mouldking.store\/wp-content\/uploads\/2022\/11\/PANTASY-86302-4-46x60.jpg 46w, https:\/\/mouldking.store\/wp-content\/uploads\/2022\/11\/PANTASY-86302-4-69x90.jpg 69w\" sizes=\"(max-width: 768px) 100vw, 768px\" \/><figcaption id=\"caption-attachment-35353\" class=\"wp-caption-text\">PANTASY 86302 Le Petit Prince \u2013 The Only Rose With 500 Pieces<\/figcaption><\/figure>\n<figure id=\"attachment_35354\" aria-describedby=\"caption-attachment-35354\" style=\"width: 862px\" class=\"wp-caption aligncenter\"><img loading=\"lazy\" decoding=\"async\" class=\"wp-image-35354 size-full\" src=\"https:\/\/mouldking.store\/wp-content\/uploads\/2022\/11\/PANTASY-86302-3.jpg\" alt=\"PANTASY 86302 Le Petit Prince \u2013 The Only Rose With 500 Pieces\" width=\"862\" height=\"1024\" title=\"-\" srcset=\"https:\/\/mouldking.store\/wp-content\/uploads\/2022\/11\/PANTASY-86302-3.jpg 862w, https:\/\/mouldking.store\/wp-content\/uploads\/2022\/11\/PANTASY-86302-3-253x300.jpg 253w, https:\/\/mouldking.store\/wp-content\/uploads\/2022\/11\/PANTASY-86302-3-768x912.jpg 768w, https:\/\/mouldking.store\/wp-content\/uploads\/2022\/11\/PANTASY-86302-3-300x356.jpg 300w, https:\/\/mouldking.store\/wp-content\/uploads\/2022\/11\/PANTASY-86302-3-600x713.jpg 600w, https:\/\/mouldking.store\/wp-content\/uploads\/2022\/11\/PANTASY-86302-3-126x150.jpg 126w, https:\/\/mouldking.store\/wp-content\/uploads\/2022\/11\/PANTASY-86302-3-51x60.jpg 51w, https:\/\/mouldking.store\/wp-content\/uploads\/2022\/11\/PANTASY-86302-3-76x90.jpg 76w\" sizes=\"(max-width: 862px) 100vw, 862px\" \/><figcaption id=\"caption-attachment-35354\" class=\"wp-caption-text\">PANTASY 86302 Le Petit Prince \u2013 The Only Rose With 500 Pieces<\/figcaption><\/figure>\n<figure id=\"attachment_35355\" aria-describedby=\"caption-attachment-35355\" style=\"width: 600px\" class=\"wp-caption aligncenter\"><img loading=\"lazy\" decoding=\"async\" class=\"wp-image-35355 size-full\" src=\"https:\/\/mouldking.store\/wp-content\/uploads\/2022\/11\/PANTASY-86302-2.jpg\" alt=\"PANTASY 86302 Le Petit Prince \u2013 The Only Rose With 500 Pieces\" width=\"600\" height=\"930\" title=\"-\" srcset=\"https:\/\/mouldking.store\/wp-content\/uploads\/2022\/11\/PANTASY-86302-2.jpg 600w, https:\/\/mouldking.store\/wp-content\/uploads\/2022\/11\/PANTASY-86302-2-194x300.jpg 194w, https:\/\/mouldking.store\/wp-content\/uploads\/2022\/11\/PANTASY-86302-2-300x465.jpg 300w, https:\/\/mouldking.store\/wp-content\/uploads\/2022\/11\/PANTASY-86302-2-97x150.jpg 97w, https:\/\/mouldking.store\/wp-content\/uploads\/2022\/11\/PANTASY-86302-2-39x60.jpg 39w, https:\/\/mouldking.store\/wp-content\/uploads\/2022\/11\/PANTASY-86302-2-58x90.jpg 58w\" sizes=\"(max-width: 600px) 100vw, 600px\" \/><figcaption id=\"caption-attachment-35355\" class=\"wp-caption-text\">PANTASY 86302 Le Petit Prince \u2013 The Only Rose With 500 Pieces<\/figcaption><\/figure>\n<figure id=\"attachment_35356\" aria-describedby=\"caption-attachment-35356\" style=\"width: 1024px\" class=\"wp-caption aligncenter\"><img loading=\"lazy\" decoding=\"async\" class=\"wp-image-35356 size-full\" src=\"https:\/\/mouldking.store\/wp-content\/uploads\/2022\/11\/PANTASY-86302-1.jpg\" alt=\"PANTASY 86302 Le Petit Prince \u2013 The Only Rose With 500 Pieces\" width=\"1024\" height=\"683\" title=\"-\" srcset=\"https:\/\/mouldking.store\/wp-content\/uploads\/2022\/11\/PANTASY-86302-1.jpg 1024w, https:\/\/mouldking.store\/wp-content\/uploads\/2022\/11\/PANTASY-86302-1-300x200.jpg 300w, https:\/\/mouldking.store\/wp-content\/uploads\/2022\/11\/PANTASY-86302-1-768x512.jpg 768w, https:\/\/mouldking.store\/wp-content\/uploads\/2022\/11\/PANTASY-86302-1-600x400.jpg 600w, https:\/\/mouldking.store\/wp-content\/uploads\/2022\/11\/PANTASY-86302-1-150x100.jpg 150w, https:\/\/mouldking.store\/wp-content\/uploads\/2022\/11\/PANTASY-86302-1-90x60.jpg 90w, https:\/\/mouldking.store\/wp-content\/uploads\/2022\/11\/PANTASY-86302-1-135x90.jpg 135w\" sizes=\"(max-width: 1024px) 100vw, 1024px\" \/><figcaption id=\"caption-attachment-35356\" class=\"wp-caption-text\">PANTASY 86302 Le Petit Prince \u2013 The Only Rose With 500 Pieces<\/figcaption><\/figure>","protected":false},"excerpt":{"rendered":"<p>Product information: Brand: PANTASY Gender: Unisex Name: Le Petit Prince \u2013 The Only Rose Age Range: &gt; 6 years old Model Number: 86302 Classification: Assemblage Plastic Block Shape: Self-Locking Bricks Material: Plastic Plastic Type: ABS Bricks Blocks:500 PCS Size: 10 \u00d7 10 \u00d7 21.5 cm Contains detailed assembly instructions. Notice: 1. Without an original box, [&hellip;]<\/p>","protected":false},"featured_media":35344,"comment_status":"closed","ping_status":"closed","template":"","meta":{"_acf_changed":false},"product_cat":[1365],"product_tag":[7478,7479,7482,6280,7481,7483,7477,7480],"class_list":["product","first","instock","shipping-taxable","purchasable","product-type-simple"],"acf":[],"_links":{"self":[{"href":"https:\/\/mouldking.store\/vi\/wp-json\/wp\/v2\/product\/35343","targetHints":{"allow":["GET"]}}],"collection":[{"href":"https:\/\/mouldking.store\/vi\/wp-json\/wp\/v2\/product"}],"about":[{"href":"https:\/\/mouldking.store\/vi\/wp-json\/wp\/v2\/types\/product"}],"replies":[{"embeddable":true,"href":"https:\/\/mouldking.store\/vi\/wp-json\/wp\/v2\/comments?post=35343"}],"wp:featuredmedia":[{"embeddable":true,"href":"https:\/\/mouldking.store\/vi\/wp-json\/wp\/v2\/media\/35344"}],"wp:attachment":[{"href":"https:\/\/mouldking.store\/vi\/wp-json\/wp\/v2\/media?parent=35343"}],"wp:term":[{"taxonomy":"product_cat","embeddable":true,"href":"https:\/\/mouldking.store\/vi\/wp-json\/wp\/v2\/product_cat?post=35343"},{"taxonomy":"product_tag","embeddable":true,"href":"https:\/\/mouldking.store\/vi\/wp-json\/wp\/v2\/product_tag?post=35343"}],"curies":[{"name":"wp","href":"https:\/\/api.w.org\/{rel}","templated":true}]}}