{"id":35378,"date":"2022-11-18T14:57:16","date_gmt":"2022-11-18T07:57:16","guid":{"rendered":"https:\/\/mouldking.store\/?post_type=product&#038;p=35378"},"modified":"2022-11-18T14:57:16","modified_gmt":"2022-11-18T07:57:16","slug":"zhegao-dz6025-christmas-gingerbread-house-with-1481-pieces","status":"publish","type":"product","link":"https:\/\/mouldking.store\/vi\/shop\/zhegao-dz6025-christmas-gingerbread-house-with-1481-pieces\/","title":{"rendered":"Ng\u00f4i Nh\u00e0 B\u00e1nh G\u1eebng Gi\u00e1ng Sinh ZHEGAO DZ6025 V\u1edbi 1481 Mi\u1ebfng"},"content":{"rendered":"<p>Th\u00f4ng tin s\u1ea3n ph\u1ea9m:<\/p>\n<ol>\n<li>Th\u01b0\u01a1ng hi\u1ec7u: ZHEGAO<\/li>\n<li>Gi\u1edbi t\u00ednh: Unisex<\/li>\n<li>Name: Christmas Gingerbread House<\/li>\n<li>\u0110\u1ed9 tu\u1ed5i: &gt; 6 tu\u1ed5i<\/li>\n<li>Model Number: DZ6025<\/li>\n<li>Ph\u00e2n lo\u1ea1i: T\u1eadp h\u1ee3p<\/li>\n<li>H\u00ecnh d\u1ea1ng kh\u1ed1i nh\u1ef1a: G\u1ea1ch t\u1ef1 kh\u00f3a<\/li>\n<li>Ch\u1ea5t li\u1ec7u: Nh\u1ef1a<\/li>\n<li>Lo\u1ea1i nh\u1ef1a: ABS<\/li>\n<li>Bricks Blocks:1481 PCS<\/li>\n<li>Size: 23 \u00d7 13 \u00d7 17 cm<\/li>\n<li>Ch\u1ee9a h\u01b0\u1edbng d\u1eabn l\u1eafp r\u00e1p chi ti\u1ebft.<\/li>\n<\/ol>\n<p>\u0110\u1ec3 \u00fd:<br \/>\n1. Kh\u00f4ng c\u00f3 h\u1ed9p ban \u0111\u1ea7u, nh\u01b0ng ch\u00fang t\u00f4i \u0111\u1ea3m b\u1ea3o s\u1ea3n ph\u1ea9m c\u1ee7a ch\u00fang t\u00f4i c\u00f3 ch\u1ea5t l\u01b0\u1ee3ng \u0111\u1ea3m b\u1ea3o v\u00e0 bao b\u00ec \u0111\u1eb9p.<br \/>\n2. V\u00ec t\u1ea5t c\u1ea3 c\u00e1c b\u1ed9 ph\u1eadn ch\u00fang t\u00f4i \u0111\u00e3 ki\u1ec3m tra tr\u01b0\u1edbc khi v\u1eadn chuy\u1ec3n, v\u00ec v\u1eady n\u1ebfu b\u1ea1n th\u1ea5y m\u1ed9t s\u1ed1 b\u1ed9 ph\u1eadn b\u1ecb thi\u1ebfu ho\u1eb7c h\u01b0 h\u1ecfng, \u0111\u1eebng lo l\u1eafng v\u00e0 ch\u1ec9 c\u1ea7n vui l\u00f2ng li\u00ean h\u1ec7 v\u1edbi ch\u00fang t\u00f4i v\u00e0 ch\u00fang t\u00f4i c\u00f3 th\u1ec3 g\u1eedi l\u1ea1i mi\u1ec5n ph\u00ed cho b\u1ea1n ngay l\u1eadp t\u1ee9c.<\/p>\n<figure id=\"attachment_35379\" aria-describedby=\"caption-attachment-35379\" style=\"width: 1024px\" class=\"wp-caption aligncenter\"><img fetchpriority=\"high\" decoding=\"async\" class=\"wp-image-35379 size-large\" src=\"https:\/\/mouldking.store\/wp-content\/uploads\/2022\/11\/ZHEGAO-DZ6025-4-1024x1024.jpg\" alt=\"ZHEGAO DZ6025 Christmas Gingerbread House With 1481 Pieces\" width=\"1024\" height=\"1024\" title=\"-\" srcset=\"https:\/\/mouldking.store\/wp-content\/uploads\/2022\/11\/ZHEGAO-DZ6025-4-1024x1024.jpg 1024w, https:\/\/mouldking.store\/wp-content\/uploads\/2022\/11\/ZHEGAO-DZ6025-4-300x300.jpg 300w, https:\/\/mouldking.store\/wp-content\/uploads\/2022\/11\/ZHEGAO-DZ6025-4-768x768.jpg 768w, https:\/\/mouldking.store\/wp-content\/uploads\/2022\/11\/ZHEGAO-DZ6025-4-600x600.jpg 600w, https:\/\/mouldking.store\/wp-content\/uploads\/2022\/11\/ZHEGAO-DZ6025-4-150x150.jpg 150w, https:\/\/mouldking.store\/wp-content\/uploads\/2022\/11\/ZHEGAO-DZ6025-4-60x60.jpg 60w, https:\/\/mouldking.store\/wp-content\/uploads\/2022\/11\/ZHEGAO-DZ6025-4-90x90.jpg 90w, https:\/\/mouldking.store\/wp-content\/uploads\/2022\/11\/ZHEGAO-DZ6025-4.jpg 1500w\" sizes=\"(max-width: 1024px) 100vw, 1024px\" \/><figcaption id=\"caption-attachment-35379\" class=\"wp-caption-text\">Ng\u00f4i Nh\u00e0 B\u00e1nh G\u1eebng Gi\u00e1ng Sinh ZHEGAO DZ6025 V\u1edbi 1481 Mi\u1ebfng<\/figcaption><\/figure>\n<figure id=\"attachment_35380\" aria-describedby=\"caption-attachment-35380\" style=\"width: 768px\" class=\"wp-caption aligncenter\"><img decoding=\"async\" class=\"wp-image-35380 size-full\" src=\"https:\/\/mouldking.store\/wp-content\/uploads\/2022\/11\/ZHEGAO-DZ6025-3.jpg\" alt=\"ZHEGAO DZ6025 Christmas Gingerbread House With 1481 Pieces\" width=\"768\" height=\"768\" title=\"-\" srcset=\"https:\/\/mouldking.store\/wp-content\/uploads\/2022\/11\/ZHEGAO-DZ6025-3.jpg 768w, https:\/\/mouldking.store\/wp-content\/uploads\/2022\/11\/ZHEGAO-DZ6025-3-300x300.jpg 300w, https:\/\/mouldking.store\/wp-content\/uploads\/2022\/11\/ZHEGAO-DZ6025-3-600x600.jpg 600w, https:\/\/mouldking.store\/wp-content\/uploads\/2022\/11\/ZHEGAO-DZ6025-3-150x150.jpg 150w, https:\/\/mouldking.store\/wp-content\/uploads\/2022\/11\/ZHEGAO-DZ6025-3-60x60.jpg 60w, https:\/\/mouldking.store\/wp-content\/uploads\/2022\/11\/ZHEGAO-DZ6025-3-90x90.jpg 90w\" sizes=\"(max-width: 768px) 100vw, 768px\" \/><figcaption id=\"caption-attachment-35380\" class=\"wp-caption-text\">Ng\u00f4i Nh\u00e0 B\u00e1nh G\u1eebng Gi\u00e1ng Sinh ZHEGAO DZ6025 V\u1edbi 1481 Mi\u1ebfng<\/figcaption><\/figure>\n<figure id=\"attachment_35381\" aria-describedby=\"caption-attachment-35381\" style=\"width: 768px\" class=\"wp-caption aligncenter\"><img decoding=\"async\" class=\"wp-image-35381 size-full\" src=\"https:\/\/mouldking.store\/wp-content\/uploads\/2022\/11\/ZHEGAO-DZ6025-2.jpg\" alt=\"ZHEGAO DZ6025 Christmas Gingerbread House With 1481 Pieces\" width=\"768\" height=\"768\" title=\"-\" srcset=\"https:\/\/mouldking.store\/wp-content\/uploads\/2022\/11\/ZHEGAO-DZ6025-2.jpg 768w, https:\/\/mouldking.store\/wp-content\/uploads\/2022\/11\/ZHEGAO-DZ6025-2-300x300.jpg 300w, https:\/\/mouldking.store\/wp-content\/uploads\/2022\/11\/ZHEGAO-DZ6025-2-600x600.jpg 600w, https:\/\/mouldking.store\/wp-content\/uploads\/2022\/11\/ZHEGAO-DZ6025-2-150x150.jpg 150w, https:\/\/mouldking.store\/wp-content\/uploads\/2022\/11\/ZHEGAO-DZ6025-2-60x60.jpg 60w, https:\/\/mouldking.store\/wp-content\/uploads\/2022\/11\/ZHEGAO-DZ6025-2-90x90.jpg 90w\" sizes=\"(max-width: 768px) 100vw, 768px\" \/><figcaption id=\"caption-attachment-35381\" class=\"wp-caption-text\">Ng\u00f4i Nh\u00e0 B\u00e1nh G\u1eebng Gi\u00e1ng Sinh ZHEGAO DZ6025 V\u1edbi 1481 Mi\u1ebfng<\/figcaption><\/figure>\n<figure id=\"attachment_35382\" aria-describedby=\"caption-attachment-35382\" style=\"width: 768px\" class=\"wp-caption aligncenter\"><img loading=\"lazy\" decoding=\"async\" class=\"wp-image-35382 size-full\" src=\"https:\/\/mouldking.store\/wp-content\/uploads\/2022\/11\/ZHEGAO-DZ6025-1.jpg\" alt=\"ZHEGAO DZ6025 Christmas Gingerbread House With 1481 Pieces\" width=\"768\" height=\"768\" title=\"-\" srcset=\"https:\/\/mouldking.store\/wp-content\/uploads\/2022\/11\/ZHEGAO-DZ6025-1.jpg 768w, https:\/\/mouldking.store\/wp-content\/uploads\/2022\/11\/ZHEGAO-DZ6025-1-300x300.jpg 300w, https:\/\/mouldking.store\/wp-content\/uploads\/2022\/11\/ZHEGAO-DZ6025-1-600x600.jpg 600w, https:\/\/mouldking.store\/wp-content\/uploads\/2022\/11\/ZHEGAO-DZ6025-1-150x150.jpg 150w, https:\/\/mouldking.store\/wp-content\/uploads\/2022\/11\/ZHEGAO-DZ6025-1-60x60.jpg 60w, https:\/\/mouldking.store\/wp-content\/uploads\/2022\/11\/ZHEGAO-DZ6025-1-90x90.jpg 90w\" sizes=\"(max-width: 768px) 100vw, 768px\" \/><figcaption id=\"caption-attachment-35382\" class=\"wp-caption-text\">Ng\u00f4i Nh\u00e0 B\u00e1nh G\u1eebng Gi\u00e1ng Sinh ZHEGAO DZ6025 V\u1edbi 1481 Mi\u1ebfng<\/figcaption><\/figure>","protected":false},"excerpt":{"rendered":"<p>Product information: Brand: ZHEGAO Gender: Unisex Name: Christmas Gingerbread House Age Range: &gt; 6 years old Model Number: DZ6025 Classification: Assemblage Plastic Block Shape: Self-Locking Bricks Material: Plastic Plastic Type: ABS Bricks Blocks:1481 PCS Size: 23 \u00d7 13 \u00d7 17 cm Contains detailed assembly instructions. Notice: 1. Without an original box, but we guarantee our [&hellip;]<\/p>","protected":false},"featured_media":35379,"comment_status":"closed","ping_status":"closed","template":"","meta":{"_acf_changed":false},"product_cat":[1365],"product_tag":[1066,7501,7498,7499,7502,2318,1698,7500,7503,7497],"class_list":["product","first","instock","shipping-taxable","purchasable","product-type-simple"],"acf":[],"_links":{"self":[{"href":"https:\/\/mouldking.store\/vi\/wp-json\/wp\/v2\/product\/35378","targetHints":{"allow":["GET"]}}],"collection":[{"href":"https:\/\/mouldking.store\/vi\/wp-json\/wp\/v2\/product"}],"about":[{"href":"https:\/\/mouldking.store\/vi\/wp-json\/wp\/v2\/types\/product"}],"replies":[{"embeddable":true,"href":"https:\/\/mouldking.store\/vi\/wp-json\/wp\/v2\/comments?post=35378"}],"wp:featuredmedia":[{"embeddable":true,"href":"https:\/\/mouldking.store\/vi\/wp-json\/wp\/v2\/media\/35379"}],"wp:attachment":[{"href":"https:\/\/mouldking.store\/vi\/wp-json\/wp\/v2\/media?parent=35378"}],"wp:term":[{"taxonomy":"product_cat","embeddable":true,"href":"https:\/\/mouldking.store\/vi\/wp-json\/wp\/v2\/product_cat?post=35378"},{"taxonomy":"product_tag","embeddable":true,"href":"https:\/\/mouldking.store\/vi\/wp-json\/wp\/v2\/product_tag?post=35378"}],"curies":[{"name":"wp","href":"https:\/\/api.w.org\/{rel}","templated":true}]}}