{"id":35391,"date":"2022-11-18T15:13:48","date_gmt":"2022-11-18T08:13:48","guid":{"rendered":"https:\/\/mouldking.store\/?post_type=product&#038;p=35391"},"modified":"2022-11-18T15:13:48","modified_gmt":"2022-11-18T08:13:48","slug":"zhegao-dz01052-christmas-evening-with-878-pieces","status":"publish","type":"product","link":"https:\/\/mouldking.store\/vi\/shop\/zhegao-dz01052-christmas-evening-with-878-pieces\/","title":{"rendered":"ZHEGAO DZ01052 Christmas Evening With 878 Pieces"},"content":{"rendered":"<p>Th\u00f4ng tin s\u1ea3n ph\u1ea9m:<\/p>\n<ol>\n<li>Th\u01b0\u01a1ng hi\u1ec7u: ZHEGAO<\/li>\n<li>Gi\u1edbi t\u00ednh: Unisex<\/li>\n<li>Name: Christmas Evening urus<\/li>\n<li>\u0110\u1ed9 tu\u1ed5i: &gt; 6 tu\u1ed5i<\/li>\n<li>Model Number: DZ01052<\/li>\n<li>Ph\u00e2n lo\u1ea1i: T\u1eadp h\u1ee3p<\/li>\n<li>H\u00ecnh d\u1ea1ng kh\u1ed1i nh\u1ef1a: G\u1ea1ch t\u1ef1 kh\u00f3a<\/li>\n<li>Ch\u1ea5t li\u1ec7u: Nh\u1ef1a<\/li>\n<li>Lo\u1ea1i nh\u1ef1a: ABS<\/li>\n<li>Bricks Blocks:878 PCS<\/li>\n<li>Size: 16.2 \u00d7 10.65 \u00d7 18.6 cm<\/li>\n<li>Ch\u1ee9a h\u01b0\u1edbng d\u1eabn l\u1eafp r\u00e1p chi ti\u1ebft.<\/li>\n<\/ol>\n<p>\u0110\u1ec3 \u00fd:<br \/>\n1. Kh\u00f4ng c\u00f3 h\u1ed9p ban \u0111\u1ea7u, nh\u01b0ng ch\u00fang t\u00f4i \u0111\u1ea3m b\u1ea3o s\u1ea3n ph\u1ea9m c\u1ee7a ch\u00fang t\u00f4i c\u00f3 ch\u1ea5t l\u01b0\u1ee3ng \u0111\u1ea3m b\u1ea3o v\u00e0 bao b\u00ec \u0111\u1eb9p.<br \/>\n2. V\u00ec t\u1ea5t c\u1ea3 c\u00e1c b\u1ed9 ph\u1eadn ch\u00fang t\u00f4i \u0111\u00e3 ki\u1ec3m tra tr\u01b0\u1edbc khi v\u1eadn chuy\u1ec3n, v\u00ec v\u1eady n\u1ebfu b\u1ea1n th\u1ea5y m\u1ed9t s\u1ed1 b\u1ed9 ph\u1eadn b\u1ecb thi\u1ebfu ho\u1eb7c h\u01b0 h\u1ecfng, \u0111\u1eebng lo l\u1eafng v\u00e0 ch\u1ec9 c\u1ea7n vui l\u00f2ng li\u00ean h\u1ec7 v\u1edbi ch\u00fang t\u00f4i v\u00e0 ch\u00fang t\u00f4i c\u00f3 th\u1ec3 g\u1eedi l\u1ea1i mi\u1ec5n ph\u00ed cho b\u1ea1n ngay l\u1eadp t\u1ee9c.<\/p>\n<figure id=\"attachment_35392\" aria-describedby=\"caption-attachment-35392\" style=\"width: 1024px\" class=\"wp-caption aligncenter\"><img fetchpriority=\"high\" decoding=\"async\" class=\"wp-image-35392 size-large\" src=\"https:\/\/mouldking.store\/wp-content\/uploads\/2022\/11\/DZ01052-1-1862-1024x1024.jpg\" alt=\"ZHEGAO DZ01052 Christmas Evening With 878 Pieces\" width=\"1024\" height=\"1024\" title=\"-\" srcset=\"https:\/\/mouldking.store\/wp-content\/uploads\/2022\/11\/DZ01052-1-1862-1024x1024.jpg 1024w, https:\/\/mouldking.store\/wp-content\/uploads\/2022\/11\/DZ01052-1-1862-300x300.jpg 300w, https:\/\/mouldking.store\/wp-content\/uploads\/2022\/11\/DZ01052-1-1862-768x768.jpg 768w, https:\/\/mouldking.store\/wp-content\/uploads\/2022\/11\/DZ01052-1-1862-600x600.jpg 600w, https:\/\/mouldking.store\/wp-content\/uploads\/2022\/11\/DZ01052-1-1862-150x150.jpg 150w, https:\/\/mouldking.store\/wp-content\/uploads\/2022\/11\/DZ01052-1-1862-60x60.jpg 60w, https:\/\/mouldking.store\/wp-content\/uploads\/2022\/11\/DZ01052-1-1862-90x90.jpg 90w, https:\/\/mouldking.store\/wp-content\/uploads\/2022\/11\/DZ01052-1-1862.jpg 1500w\" sizes=\"(max-width: 1024px) 100vw, 1024px\" \/><figcaption id=\"caption-attachment-35392\" class=\"wp-caption-text\">ZHEGAO DZ01052 Christmas Evening With 878 Pieces<\/figcaption><\/figure>\n<figure id=\"attachment_35393\" aria-describedby=\"caption-attachment-35393\" style=\"width: 800px\" class=\"wp-caption aligncenter\"><img decoding=\"async\" class=\"wp-image-35393 size-full\" src=\"https:\/\/mouldking.store\/wp-content\/uploads\/2022\/11\/DZ01052-4-3218.jpg\" alt=\"ZHEGAO DZ01052 Christmas Evening With 878 Pieces\" width=\"800\" height=\"800\" title=\"-\" srcset=\"https:\/\/mouldking.store\/wp-content\/uploads\/2022\/11\/DZ01052-4-3218.jpg 800w, https:\/\/mouldking.store\/wp-content\/uploads\/2022\/11\/DZ01052-4-3218-300x300.jpg 300w, https:\/\/mouldking.store\/wp-content\/uploads\/2022\/11\/DZ01052-4-3218-768x768.jpg 768w, https:\/\/mouldking.store\/wp-content\/uploads\/2022\/11\/DZ01052-4-3218-600x600.jpg 600w, https:\/\/mouldking.store\/wp-content\/uploads\/2022\/11\/DZ01052-4-3218-150x150.jpg 150w, https:\/\/mouldking.store\/wp-content\/uploads\/2022\/11\/DZ01052-4-3218-60x60.jpg 60w, https:\/\/mouldking.store\/wp-content\/uploads\/2022\/11\/DZ01052-4-3218-90x90.jpg 90w\" sizes=\"(max-width: 800px) 100vw, 800px\" \/><figcaption id=\"caption-attachment-35393\" class=\"wp-caption-text\">ZHEGAO DZ01052 Christmas Evening With 878 Pieces<\/figcaption><\/figure>\n<figure id=\"attachment_35394\" aria-describedby=\"caption-attachment-35394\" style=\"width: 800px\" class=\"wp-caption aligncenter\"><img decoding=\"async\" class=\"wp-image-35394 size-full\" src=\"https:\/\/mouldking.store\/wp-content\/uploads\/2022\/11\/DZ01052-5-3498.jpg\" alt=\"ZHEGAO DZ01052 Christmas Evening With 878 Pieces\" width=\"800\" height=\"800\" title=\"-\" srcset=\"https:\/\/mouldking.store\/wp-content\/uploads\/2022\/11\/DZ01052-5-3498.jpg 800w, https:\/\/mouldking.store\/wp-content\/uploads\/2022\/11\/DZ01052-5-3498-300x300.jpg 300w, https:\/\/mouldking.store\/wp-content\/uploads\/2022\/11\/DZ01052-5-3498-768x768.jpg 768w, https:\/\/mouldking.store\/wp-content\/uploads\/2022\/11\/DZ01052-5-3498-600x600.jpg 600w, https:\/\/mouldking.store\/wp-content\/uploads\/2022\/11\/DZ01052-5-3498-150x150.jpg 150w, https:\/\/mouldking.store\/wp-content\/uploads\/2022\/11\/DZ01052-5-3498-60x60.jpg 60w, https:\/\/mouldking.store\/wp-content\/uploads\/2022\/11\/DZ01052-5-3498-90x90.jpg 90w\" sizes=\"(max-width: 800px) 100vw, 800px\" \/><figcaption id=\"caption-attachment-35394\" class=\"wp-caption-text\">ZHEGAO DZ01052 Christmas Evening With 878 Pieces<\/figcaption><\/figure>\n<figure id=\"attachment_35395\" aria-describedby=\"caption-attachment-35395\" style=\"width: 1024px\" class=\"wp-caption aligncenter\"><img loading=\"lazy\" decoding=\"async\" class=\"wp-image-35395 size-large\" src=\"https:\/\/mouldking.store\/wp-content\/uploads\/2022\/11\/DZ01052-3-7e7c-1024x1024.jpg\" alt=\"ZHEGAO DZ01052 Christmas Evening With 878 Pieces\" width=\"1024\" height=\"1024\" title=\"-\" srcset=\"https:\/\/mouldking.store\/wp-content\/uploads\/2022\/11\/DZ01052-3-7e7c-1024x1024.jpg 1024w, https:\/\/mouldking.store\/wp-content\/uploads\/2022\/11\/DZ01052-3-7e7c-300x300.jpg 300w, https:\/\/mouldking.store\/wp-content\/uploads\/2022\/11\/DZ01052-3-7e7c-768x768.jpg 768w, https:\/\/mouldking.store\/wp-content\/uploads\/2022\/11\/DZ01052-3-7e7c-600x600.jpg 600w, https:\/\/mouldking.store\/wp-content\/uploads\/2022\/11\/DZ01052-3-7e7c-150x150.jpg 150w, https:\/\/mouldking.store\/wp-content\/uploads\/2022\/11\/DZ01052-3-7e7c-60x60.jpg 60w, https:\/\/mouldking.store\/wp-content\/uploads\/2022\/11\/DZ01052-3-7e7c-90x90.jpg 90w, https:\/\/mouldking.store\/wp-content\/uploads\/2022\/11\/DZ01052-3-7e7c.jpg 1500w\" sizes=\"(max-width: 1024px) 100vw, 1024px\" \/><figcaption id=\"caption-attachment-35395\" class=\"wp-caption-text\">ZHEGAO DZ01052 Christmas Evening With 878 Pieces<\/figcaption><\/figure>\n<figure id=\"attachment_35396\" aria-describedby=\"caption-attachment-35396\" style=\"width: 1024px\" class=\"wp-caption aligncenter\"><img loading=\"lazy\" decoding=\"async\" class=\"wp-image-35396 size-large\" src=\"https:\/\/mouldking.store\/wp-content\/uploads\/2022\/11\/DZ01052-2-e2b2-1024x1024.jpg\" alt=\"ZHEGAO DZ01052 Christmas Evening With 878 Pieces\" width=\"1024\" height=\"1024\" title=\"-\" srcset=\"https:\/\/mouldking.store\/wp-content\/uploads\/2022\/11\/DZ01052-2-e2b2-1024x1024.jpg 1024w, https:\/\/mouldking.store\/wp-content\/uploads\/2022\/11\/DZ01052-2-e2b2-300x300.jpg 300w, https:\/\/mouldking.store\/wp-content\/uploads\/2022\/11\/DZ01052-2-e2b2-768x768.jpg 768w, https:\/\/mouldking.store\/wp-content\/uploads\/2022\/11\/DZ01052-2-e2b2-600x600.jpg 600w, https:\/\/mouldking.store\/wp-content\/uploads\/2022\/11\/DZ01052-2-e2b2-150x150.jpg 150w, https:\/\/mouldking.store\/wp-content\/uploads\/2022\/11\/DZ01052-2-e2b2-60x60.jpg 60w, https:\/\/mouldking.store\/wp-content\/uploads\/2022\/11\/DZ01052-2-e2b2-90x90.jpg 90w, https:\/\/mouldking.store\/wp-content\/uploads\/2022\/11\/DZ01052-2-e2b2.jpg 1500w\" sizes=\"(max-width: 1024px) 100vw, 1024px\" \/><figcaption id=\"caption-attachment-35396\" class=\"wp-caption-text\">ZHEGAO DZ01052 Christmas Evening With 878 Pieces<\/figcaption><\/figure>","protected":false},"excerpt":{"rendered":"<p>Product information: Brand: ZHEGAO Gender: Unisex Name: Christmas Evening urus Age Range: &gt; 6 years old Model Number: DZ01052 Classification: Assemblage Plastic Block Shape: Self-Locking Bricks Material: Plastic Plastic Type: ABS Bricks Blocks:878 PCS Size: 16.2 \u00d7 10.65 \u00d7 18.6 cm Contains detailed assembly instructions. Notice: 1. Without an original box, but we guarantee our [&hellip;]<\/p>","protected":false},"featured_media":35392,"comment_status":"closed","ping_status":"closed","template":"","meta":{"_acf_changed":false},"product_cat":[1365],"product_tag":[1066,7513,7511,7512,1698,7514,7515,7510],"class_list":["product","first","instock","shipping-taxable","purchasable","product-type-simple"],"acf":[],"_links":{"self":[{"href":"https:\/\/mouldking.store\/vi\/wp-json\/wp\/v2\/product\/35391","targetHints":{"allow":["GET"]}}],"collection":[{"href":"https:\/\/mouldking.store\/vi\/wp-json\/wp\/v2\/product"}],"about":[{"href":"https:\/\/mouldking.store\/vi\/wp-json\/wp\/v2\/types\/product"}],"replies":[{"embeddable":true,"href":"https:\/\/mouldking.store\/vi\/wp-json\/wp\/v2\/comments?post=35391"}],"wp:featuredmedia":[{"embeddable":true,"href":"https:\/\/mouldking.store\/vi\/wp-json\/wp\/v2\/media\/35392"}],"wp:attachment":[{"href":"https:\/\/mouldking.store\/vi\/wp-json\/wp\/v2\/media?parent=35391"}],"wp:term":[{"taxonomy":"product_cat","embeddable":true,"href":"https:\/\/mouldking.store\/vi\/wp-json\/wp\/v2\/product_cat?post=35391"},{"taxonomy":"product_tag","embeddable":true,"href":"https:\/\/mouldking.store\/vi\/wp-json\/wp\/v2\/product_tag?post=35391"}],"curies":[{"name":"wp","href":"https:\/\/api.w.org\/{rel}","templated":true}]}}