{"id":35397,"date":"2022-11-18T15:21:13","date_gmt":"2022-11-18T08:21:13","guid":{"rendered":"https:\/\/mouldking.store\/?post_type=product&#038;p=35397"},"modified":"2022-11-18T15:21:14","modified_gmt":"2022-11-18T08:21:14","slug":"sluban-m38-b0990-christmas-lamp-house-with-1799pcs","status":"publish","type":"product","link":"https:\/\/mouldking.store\/vi\/shop\/sluban-m38-b0990-christmas-lamp-house-with-1799pcs\/","title":{"rendered":"Ng\u00f4i nh\u00e0 \u0111\u00e8n Gi\u00e1ng sinh Sluban M38-B0990 v\u1edbi 1799 chi\u1ebfc"},"content":{"rendered":"<p>Th\u00f4ng tin s\u1ea3n ph\u1ea9m:<\/p>\n<ol>\n<li>Th\u01b0\u01a1ng hi\u1ec7u: Sluban<\/li>\n<li>Gi\u1edbi t\u00ednh: Unisex<\/li>\n<li>Name: Christmas Lamp House<\/li>\n<li>\u0110\u1ed9 tu\u1ed5i: &gt; 6 tu\u1ed5i<\/li>\n<li>Model Number: M38-B0990<\/li>\n<li>Ph\u00e2n lo\u1ea1i: T\u1eadp h\u1ee3p<\/li>\n<li>H\u00ecnh d\u1ea1ng kh\u1ed1i nh\u1ef1a: G\u1ea1ch t\u1ef1 kh\u00f3a<\/li>\n<li>Ch\u1ea5t li\u1ec7u: Nh\u1ef1a<\/li>\n<li>Lo\u1ea1i nh\u1ef1a: ABS<\/li>\n<li>Bricks Blocks:1799PCS<\/li>\n<li>Size: 52 cm<\/li>\n<li>Ch\u1ee9a h\u01b0\u1edbng d\u1eabn l\u1eafp r\u00e1p chi ti\u1ebft.<\/li>\n<\/ol>\n<p>\u0110\u1ec3 \u00fd:<br \/>\n1. Kh\u00f4ng c\u00f3 h\u1ed9p ban \u0111\u1ea7u, nh\u01b0ng ch\u00fang t\u00f4i \u0111\u1ea3m b\u1ea3o s\u1ea3n ph\u1ea9m c\u1ee7a ch\u00fang t\u00f4i c\u00f3 ch\u1ea5t l\u01b0\u1ee3ng \u0111\u1ea3m b\u1ea3o v\u00e0 bao b\u00ec \u0111\u1eb9p.<br \/>\n2. V\u00ec t\u1ea5t c\u1ea3 c\u00e1c b\u1ed9 ph\u1eadn ch\u00fang t\u00f4i \u0111\u00e3 ki\u1ec3m tra tr\u01b0\u1edbc khi v\u1eadn chuy\u1ec3n, v\u00ec v\u1eady n\u1ebfu b\u1ea1n th\u1ea5y m\u1ed9t s\u1ed1 b\u1ed9 ph\u1eadn b\u1ecb thi\u1ebfu ho\u1eb7c h\u01b0 h\u1ecfng, \u0111\u1eebng lo l\u1eafng v\u00e0 ch\u1ec9 c\u1ea7n vui l\u00f2ng li\u00ean h\u1ec7 v\u1edbi ch\u00fang t\u00f4i v\u00e0 ch\u00fang t\u00f4i c\u00f3 th\u1ec3 g\u1eedi l\u1ea1i mi\u1ec5n ph\u00ed cho b\u1ea1n ngay l\u1eadp t\u1ee9c.<\/p>\n<figure id=\"attachment_35398\" aria-describedby=\"caption-attachment-35398\" style=\"width: 750px\" class=\"wp-caption aligncenter\"><img fetchpriority=\"high\" decoding=\"async\" class=\"wp-image-35398 size-full\" src=\"https:\/\/mouldking.store\/wp-content\/uploads\/2022\/11\/M38-B0990-1-5489-1.jpg\" alt=\"Sluban M38-B0990 Christmas Lamp House With 1799pcs\" width=\"750\" height=\"750\" title=\"-\" srcset=\"https:\/\/mouldking.store\/wp-content\/uploads\/2022\/11\/M38-B0990-1-5489-1.jpg 750w, https:\/\/mouldking.store\/wp-content\/uploads\/2022\/11\/M38-B0990-1-5489-1-300x300.jpg 300w, https:\/\/mouldking.store\/wp-content\/uploads\/2022\/11\/M38-B0990-1-5489-1-600x600.jpg 600w, https:\/\/mouldking.store\/wp-content\/uploads\/2022\/11\/M38-B0990-1-5489-1-150x150.jpg 150w, https:\/\/mouldking.store\/wp-content\/uploads\/2022\/11\/M38-B0990-1-5489-1-60x60.jpg 60w, https:\/\/mouldking.store\/wp-content\/uploads\/2022\/11\/M38-B0990-1-5489-1-90x90.jpg 90w\" sizes=\"(max-width: 750px) 100vw, 750px\" \/><figcaption id=\"caption-attachment-35398\" class=\"wp-caption-text\">Ng\u00f4i nh\u00e0 \u0111\u00e8n Gi\u00e1ng sinh Sluban M38-B0990 v\u1edbi 1799 chi\u1ebfc<\/figcaption><\/figure>\n<figure id=\"attachment_35399\" aria-describedby=\"caption-attachment-35399\" style=\"width: 769px\" class=\"wp-caption aligncenter\"><img decoding=\"async\" class=\"wp-image-35399 size-large\" src=\"https:\/\/mouldking.store\/wp-content\/uploads\/2022\/11\/M38-B0990-1-17ff-1-769x1024.jpeg\" alt=\"Sluban M38-B0990 Christmas Lamp House With 1799pcs\" width=\"769\" height=\"1024\" title=\"-\" srcset=\"https:\/\/mouldking.store\/wp-content\/uploads\/2022\/11\/M38-B0990-1-17ff-1-769x1024.jpeg 769w, https:\/\/mouldking.store\/wp-content\/uploads\/2022\/11\/M38-B0990-1-17ff-1-225x300.jpeg 225w, https:\/\/mouldking.store\/wp-content\/uploads\/2022\/11\/M38-B0990-1-17ff-1-768x1023.jpeg 768w, https:\/\/mouldking.store\/wp-content\/uploads\/2022\/11\/M38-B0990-1-17ff-1-300x400.jpeg 300w, https:\/\/mouldking.store\/wp-content\/uploads\/2022\/11\/M38-B0990-1-17ff-1-600x799.jpeg 600w, https:\/\/mouldking.store\/wp-content\/uploads\/2022\/11\/M38-B0990-1-17ff-1-113x150.jpeg 113w, https:\/\/mouldking.store\/wp-content\/uploads\/2022\/11\/M38-B0990-1-17ff-1-45x60.jpeg 45w, https:\/\/mouldking.store\/wp-content\/uploads\/2022\/11\/M38-B0990-1-17ff-1-68x90.jpeg 68w, https:\/\/mouldking.store\/wp-content\/uploads\/2022\/11\/M38-B0990-1-17ff-1.jpeg 1080w\" sizes=\"(max-width: 769px) 100vw, 769px\" \/><figcaption id=\"caption-attachment-35399\" class=\"wp-caption-text\">Ng\u00f4i nh\u00e0 \u0111\u00e8n Gi\u00e1ng sinh Sluban M38-B0990 v\u1edbi 1799 chi\u1ebfc<\/figcaption><\/figure>\n<figure id=\"attachment_35400\" aria-describedby=\"caption-attachment-35400\" style=\"width: 769px\" class=\"wp-caption aligncenter\"><img decoding=\"async\" class=\"wp-image-35400 size-large\" src=\"https:\/\/mouldking.store\/wp-content\/uploads\/2022\/11\/M38-B0990-3-0379-1-769x1024.jpeg\" alt=\"Sluban M38-B0990 Christmas Lamp House With 1799pcs\" width=\"769\" height=\"1024\" title=\"-\" srcset=\"https:\/\/mouldking.store\/wp-content\/uploads\/2022\/11\/M38-B0990-3-0379-1-769x1024.jpeg 769w, https:\/\/mouldking.store\/wp-content\/uploads\/2022\/11\/M38-B0990-3-0379-1-225x300.jpeg 225w, https:\/\/mouldking.store\/wp-content\/uploads\/2022\/11\/M38-B0990-3-0379-1-768x1023.jpeg 768w, https:\/\/mouldking.store\/wp-content\/uploads\/2022\/11\/M38-B0990-3-0379-1-300x400.jpeg 300w, https:\/\/mouldking.store\/wp-content\/uploads\/2022\/11\/M38-B0990-3-0379-1-600x799.jpeg 600w, https:\/\/mouldking.store\/wp-content\/uploads\/2022\/11\/M38-B0990-3-0379-1-113x150.jpeg 113w, https:\/\/mouldking.store\/wp-content\/uploads\/2022\/11\/M38-B0990-3-0379-1-45x60.jpeg 45w, https:\/\/mouldking.store\/wp-content\/uploads\/2022\/11\/M38-B0990-3-0379-1-68x90.jpeg 68w, https:\/\/mouldking.store\/wp-content\/uploads\/2022\/11\/M38-B0990-3-0379-1.jpeg 1080w\" sizes=\"(max-width: 769px) 100vw, 769px\" \/><figcaption id=\"caption-attachment-35400\" class=\"wp-caption-text\">Ng\u00f4i nh\u00e0 \u0111\u00e8n Gi\u00e1ng sinh Sluban M38-B0990 v\u1edbi 1799 chi\u1ebfc<\/figcaption><\/figure>\n<figure id=\"attachment_35401\" aria-describedby=\"caption-attachment-35401\" style=\"width: 750px\" class=\"wp-caption aligncenter\"><img loading=\"lazy\" decoding=\"async\" class=\"wp-image-35401 size-full\" src=\"https:\/\/mouldking.store\/wp-content\/uploads\/2022\/11\/M38-B0990-2-b770-1.jpg\" alt=\"Sluban M38-B0990 Christmas Lamp House With 1799pcs\" width=\"750\" height=\"750\" title=\"-\" srcset=\"https:\/\/mouldking.store\/wp-content\/uploads\/2022\/11\/M38-B0990-2-b770-1.jpg 750w, https:\/\/mouldking.store\/wp-content\/uploads\/2022\/11\/M38-B0990-2-b770-1-300x300.jpg 300w, https:\/\/mouldking.store\/wp-content\/uploads\/2022\/11\/M38-B0990-2-b770-1-600x600.jpg 600w, https:\/\/mouldking.store\/wp-content\/uploads\/2022\/11\/M38-B0990-2-b770-1-150x150.jpg 150w, https:\/\/mouldking.store\/wp-content\/uploads\/2022\/11\/M38-B0990-2-b770-1-60x60.jpg 60w, https:\/\/mouldking.store\/wp-content\/uploads\/2022\/11\/M38-B0990-2-b770-1-90x90.jpg 90w\" sizes=\"(max-width: 750px) 100vw, 750px\" \/><figcaption id=\"caption-attachment-35401\" class=\"wp-caption-text\">Ng\u00f4i nh\u00e0 \u0111\u00e8n Gi\u00e1ng sinh Sluban M38-B0990 v\u1edbi 1799 chi\u1ebfc<\/figcaption><\/figure>\n<figure id=\"attachment_35402\" aria-describedby=\"caption-attachment-35402\" style=\"width: 750px\" class=\"wp-caption aligncenter\"><img loading=\"lazy\" decoding=\"async\" class=\"wp-image-35402 size-full\" src=\"https:\/\/mouldking.store\/wp-content\/uploads\/2022\/11\/M38-B0990-5-651f-1.jpg\" alt=\"Sluban M38-B0990 Christmas Lamp House With 1799pcs\" width=\"750\" height=\"750\" title=\"-\" srcset=\"https:\/\/mouldking.store\/wp-content\/uploads\/2022\/11\/M38-B0990-5-651f-1.jpg 750w, https:\/\/mouldking.store\/wp-content\/uploads\/2022\/11\/M38-B0990-5-651f-1-300x300.jpg 300w, https:\/\/mouldking.store\/wp-content\/uploads\/2022\/11\/M38-B0990-5-651f-1-600x600.jpg 600w, https:\/\/mouldking.store\/wp-content\/uploads\/2022\/11\/M38-B0990-5-651f-1-150x150.jpg 150w, https:\/\/mouldking.store\/wp-content\/uploads\/2022\/11\/M38-B0990-5-651f-1-60x60.jpg 60w, https:\/\/mouldking.store\/wp-content\/uploads\/2022\/11\/M38-B0990-5-651f-1-90x90.jpg 90w\" sizes=\"(max-width: 750px) 100vw, 750px\" \/><figcaption id=\"caption-attachment-35402\" class=\"wp-caption-text\">Ng\u00f4i nh\u00e0 \u0111\u00e8n Gi\u00e1ng sinh Sluban M38-B0990 v\u1edbi 1799 chi\u1ebfc<\/figcaption><\/figure>\n<figure id=\"attachment_35403\" aria-describedby=\"caption-attachment-35403\" style=\"width: 769px\" class=\"wp-caption aligncenter\"><img loading=\"lazy\" decoding=\"async\" class=\"wp-image-35403 size-large\" src=\"https:\/\/mouldking.store\/wp-content\/uploads\/2022\/11\/M38-B0990-2-3125-1-769x1024.jpeg\" alt=\"Sluban M38-B0990 Christmas Lamp House With 1799pcs\" width=\"769\" height=\"1024\" title=\"-\" srcset=\"https:\/\/mouldking.store\/wp-content\/uploads\/2022\/11\/M38-B0990-2-3125-1-769x1024.jpeg 769w, https:\/\/mouldking.store\/wp-content\/uploads\/2022\/11\/M38-B0990-2-3125-1-225x300.jpeg 225w, https:\/\/mouldking.store\/wp-content\/uploads\/2022\/11\/M38-B0990-2-3125-1-768x1023.jpeg 768w, https:\/\/mouldking.store\/wp-content\/uploads\/2022\/11\/M38-B0990-2-3125-1-300x400.jpeg 300w, https:\/\/mouldking.store\/wp-content\/uploads\/2022\/11\/M38-B0990-2-3125-1-600x799.jpeg 600w, https:\/\/mouldking.store\/wp-content\/uploads\/2022\/11\/M38-B0990-2-3125-1-113x150.jpeg 113w, https:\/\/mouldking.store\/wp-content\/uploads\/2022\/11\/M38-B0990-2-3125-1-45x60.jpeg 45w, https:\/\/mouldking.store\/wp-content\/uploads\/2022\/11\/M38-B0990-2-3125-1-68x90.jpeg 68w, https:\/\/mouldking.store\/wp-content\/uploads\/2022\/11\/M38-B0990-2-3125-1.jpeg 1080w\" sizes=\"(max-width: 769px) 100vw, 769px\" \/><figcaption id=\"caption-attachment-35403\" class=\"wp-caption-text\">Ng\u00f4i nh\u00e0 \u0111\u00e8n Gi\u00e1ng sinh Sluban M38-B0990 v\u1edbi 1799 chi\u1ebfc<\/figcaption><\/figure>","protected":false},"excerpt":{"rendered":"<p>Product information: Brand: Sluban Gender: Unisex Name: Christmas Lamp House Age Range: &gt; 6 years old Model Number: M38-B0990 Classification: Assemblage Plastic Block Shape: Self-Locking Bricks Material: Plastic Plastic Type: ABS Bricks Blocks:1799PCS Size: 52 cm Contains detailed assembly instructions. Notice: 1. Without an original box, but we guarantee our products have quality assurance and [&hellip;]<\/p>","protected":false},"featured_media":35398,"comment_status":"closed","ping_status":"closed","template":"","meta":{"_acf_changed":false},"product_cat":[1365],"product_tag":[1066,7521,2318,7519,7520,7518,7517,7522,7523,7516],"class_list":["product","first","instock","shipping-taxable","purchasable","product-type-simple"],"acf":[],"_links":{"self":[{"href":"https:\/\/mouldking.store\/vi\/wp-json\/wp\/v2\/product\/35397","targetHints":{"allow":["GET"]}}],"collection":[{"href":"https:\/\/mouldking.store\/vi\/wp-json\/wp\/v2\/product"}],"about":[{"href":"https:\/\/mouldking.store\/vi\/wp-json\/wp\/v2\/types\/product"}],"replies":[{"embeddable":true,"href":"https:\/\/mouldking.store\/vi\/wp-json\/wp\/v2\/comments?post=35397"}],"wp:featuredmedia":[{"embeddable":true,"href":"https:\/\/mouldking.store\/vi\/wp-json\/wp\/v2\/media\/35398"}],"wp:attachment":[{"href":"https:\/\/mouldking.store\/vi\/wp-json\/wp\/v2\/media?parent=35397"}],"wp:term":[{"taxonomy":"product_cat","embeddable":true,"href":"https:\/\/mouldking.store\/vi\/wp-json\/wp\/v2\/product_cat?post=35397"},{"taxonomy":"product_tag","embeddable":true,"href":"https:\/\/mouldking.store\/vi\/wp-json\/wp\/v2\/product_tag?post=35397"}],"curies":[{"name":"wp","href":"https:\/\/api.w.org\/{rel}","templated":true}]}}