{"id":35413,"date":"2022-11-18T17:27:02","date_gmt":"2022-11-18T10:27:02","guid":{"rendered":"https:\/\/mouldking.store\/?post_type=product&#038;p=35413"},"modified":"2022-11-18T17:27:02","modified_gmt":"2022-11-18T10:27:02","slug":"mould-king-20015-t-34-medium-tank-with-800-pieces","status":"publish","type":"product","link":"https:\/\/mouldking.store\/vi\/shop\/mould-king-20015-t-34-medium-tank-with-800-pieces\/","title":{"rendered":"Xe t\u0103ng h\u1ea1ng trung T-34 Mold King 20015 v\u1edbi 800 mi\u1ebfng"},"content":{"rendered":"<p>Th\u00f4ng tin s\u1ea3n ph\u1ea9m:<\/p>\n<ol>\n<li>Th\u01b0\u01a1ng hi\u1ec7u: Khu\u00f4n Vua<\/li>\n<li>Gi\u1edbi t\u00ednh: Unisex<\/li>\n<li>T\u00ean: Xe t\u0103ng h\u1ea1ng trung T-34<\/li>\n<li>\u0110\u1ed9 tu\u1ed5i: &gt; 6 tu\u1ed5i<\/li>\n<li>S\u1ed1 m\u00f4 h\u00ecnh: 20015<\/li>\n<li>Ph\u00e2n lo\u1ea1i: T\u1eadp h\u1ee3p<\/li>\n<li>H\u00ecnh d\u1ea1ng kh\u1ed1i nh\u1ef1a: G\u1ea1ch t\u1ef1 kh\u00f3a<\/li>\n<li>Ch\u1ea5t li\u1ec7u: Nh\u1ef1a<\/li>\n<li>Lo\u1ea1i nh\u1ef1a: ABS<\/li>\n<li>Kh\u1ed1i g\u1ea1ch: 800 chi\u1ebfc<\/li>\n<li>K\u00edch th\u01b0\u1edbc: 28,7 \u00d7 13 \u00d7 11,5 cm<\/li>\n<li>Ch\u1ee9a h\u01b0\u1edbng d\u1eabn l\u1eafp r\u00e1p chi ti\u1ebft.<\/li>\n<\/ol>\n<p>\u0110\u1ec3 \u00fd:<br \/>\n1. Kh\u00f4ng c\u00f3 h\u1ed9p ban \u0111\u1ea7u, nh\u01b0ng ch\u00fang t\u00f4i \u0111\u1ea3m b\u1ea3o s\u1ea3n ph\u1ea9m c\u1ee7a ch\u00fang t\u00f4i c\u00f3 ch\u1ea5t l\u01b0\u1ee3ng \u0111\u1ea3m b\u1ea3o v\u00e0 bao b\u00ec \u0111\u1eb9p.<br \/>\n2. V\u00ec t\u1ea5t c\u1ea3 c\u00e1c b\u1ed9 ph\u1eadn ch\u00fang t\u00f4i \u0111\u00e3 ki\u1ec3m tra tr\u01b0\u1edbc khi v\u1eadn chuy\u1ec3n, v\u00ec v\u1eady n\u1ebfu b\u1ea1n th\u1ea5y m\u1ed9t s\u1ed1 b\u1ed9 ph\u1eadn b\u1ecb thi\u1ebfu ho\u1eb7c h\u01b0 h\u1ecfng, \u0111\u1eebng lo l\u1eafng v\u00e0 ch\u1ec9 c\u1ea7n vui l\u00f2ng li\u00ean h\u1ec7 v\u1edbi ch\u00fang t\u00f4i v\u00e0 ch\u00fang t\u00f4i c\u00f3 th\u1ec3 g\u1eedi l\u1ea1i mi\u1ec5n ph\u00ed cho b\u1ea1n ngay l\u1eadp t\u1ee9c.<\/p>\n<figure id=\"attachment_35414\" aria-describedby=\"caption-attachment-35414\" style=\"width: 800px\" class=\"wp-caption aligncenter\"><img fetchpriority=\"high\" decoding=\"async\" class=\"wp-image-35414 size-full\" src=\"https:\/\/mouldking.store\/wp-content\/uploads\/2022\/11\/MK20015-1-a910.jpg\" alt=\"Mould King 20015 T-34 Medium Tank With 800 Pieces\" width=\"800\" height=\"800\" title=\"-\" srcset=\"https:\/\/mouldking.store\/wp-content\/uploads\/2022\/11\/MK20015-1-a910.jpg 800w, https:\/\/mouldking.store\/wp-content\/uploads\/2022\/11\/MK20015-1-a910-300x300.jpg 300w, https:\/\/mouldking.store\/wp-content\/uploads\/2022\/11\/MK20015-1-a910-768x768.jpg 768w, https:\/\/mouldking.store\/wp-content\/uploads\/2022\/11\/MK20015-1-a910-600x600.jpg 600w, https:\/\/mouldking.store\/wp-content\/uploads\/2022\/11\/MK20015-1-a910-150x150.jpg 150w, https:\/\/mouldking.store\/wp-content\/uploads\/2022\/11\/MK20015-1-a910-60x60.jpg 60w, https:\/\/mouldking.store\/wp-content\/uploads\/2022\/11\/MK20015-1-a910-90x90.jpg 90w\" sizes=\"(max-width: 800px) 100vw, 800px\" \/><figcaption id=\"caption-attachment-35414\" class=\"wp-caption-text\">Xe t\u0103ng h\u1ea1ng trung T-34 Mold King 20015 v\u1edbi 800 mi\u1ebfng<\/figcaption><\/figure>\n<figure id=\"attachment_35415\" aria-describedby=\"caption-attachment-35415\" style=\"width: 800px\" class=\"wp-caption aligncenter\"><img decoding=\"async\" class=\"wp-image-35415 size-full\" src=\"https:\/\/mouldking.store\/wp-content\/uploads\/2022\/11\/MK20015-2-1273.jpg\" alt=\"Mould King 20015 T-34 Medium Tank With 800 Pieces\" width=\"800\" height=\"800\" title=\"-\" srcset=\"https:\/\/mouldking.store\/wp-content\/uploads\/2022\/11\/MK20015-2-1273.jpg 800w, https:\/\/mouldking.store\/wp-content\/uploads\/2022\/11\/MK20015-2-1273-300x300.jpg 300w, https:\/\/mouldking.store\/wp-content\/uploads\/2022\/11\/MK20015-2-1273-768x768.jpg 768w, https:\/\/mouldking.store\/wp-content\/uploads\/2022\/11\/MK20015-2-1273-600x600.jpg 600w, https:\/\/mouldking.store\/wp-content\/uploads\/2022\/11\/MK20015-2-1273-150x150.jpg 150w, https:\/\/mouldking.store\/wp-content\/uploads\/2022\/11\/MK20015-2-1273-60x60.jpg 60w, https:\/\/mouldking.store\/wp-content\/uploads\/2022\/11\/MK20015-2-1273-90x90.jpg 90w\" sizes=\"(max-width: 800px) 100vw, 800px\" \/><figcaption id=\"caption-attachment-35415\" class=\"wp-caption-text\">Xe t\u0103ng h\u1ea1ng trung T-34 Mold King 20015 v\u1edbi 800 mi\u1ebfng<\/figcaption><\/figure>\n<figure id=\"attachment_35416\" aria-describedby=\"caption-attachment-35416\" style=\"width: 800px\" class=\"wp-caption aligncenter\"><img decoding=\"async\" class=\"wp-image-35416 size-full\" src=\"https:\/\/mouldking.store\/wp-content\/uploads\/2022\/11\/MK20015-3-3f6d.jpg\" alt=\"Mould King 20015 T-34 Medium Tank With 800 Pieces\" width=\"800\" height=\"800\" title=\"-\" srcset=\"https:\/\/mouldking.store\/wp-content\/uploads\/2022\/11\/MK20015-3-3f6d.jpg 800w, https:\/\/mouldking.store\/wp-content\/uploads\/2022\/11\/MK20015-3-3f6d-300x300.jpg 300w, https:\/\/mouldking.store\/wp-content\/uploads\/2022\/11\/MK20015-3-3f6d-768x768.jpg 768w, https:\/\/mouldking.store\/wp-content\/uploads\/2022\/11\/MK20015-3-3f6d-600x600.jpg 600w, https:\/\/mouldking.store\/wp-content\/uploads\/2022\/11\/MK20015-3-3f6d-150x150.jpg 150w, https:\/\/mouldking.store\/wp-content\/uploads\/2022\/11\/MK20015-3-3f6d-60x60.jpg 60w, https:\/\/mouldking.store\/wp-content\/uploads\/2022\/11\/MK20015-3-3f6d-90x90.jpg 90w\" sizes=\"(max-width: 800px) 100vw, 800px\" \/><figcaption id=\"caption-attachment-35416\" class=\"wp-caption-text\">Xe t\u0103ng h\u1ea1ng trung T-34 Mold King 20015 v\u1edbi 800 mi\u1ebfng<\/figcaption><\/figure>\n<figure id=\"attachment_35417\" aria-describedby=\"caption-attachment-35417\" style=\"width: 800px\" class=\"wp-caption aligncenter\"><img loading=\"lazy\" decoding=\"async\" class=\"wp-image-35417 size-full\" src=\"https:\/\/mouldking.store\/wp-content\/uploads\/2022\/11\/MK20015-4-cf8a.jpg\" alt=\"Mould King 20015 T-34 Medium Tank With 800 Pieces\" width=\"800\" height=\"800\" title=\"-\" srcset=\"https:\/\/mouldking.store\/wp-content\/uploads\/2022\/11\/MK20015-4-cf8a.jpg 800w, https:\/\/mouldking.store\/wp-content\/uploads\/2022\/11\/MK20015-4-cf8a-300x300.jpg 300w, https:\/\/mouldking.store\/wp-content\/uploads\/2022\/11\/MK20015-4-cf8a-768x768.jpg 768w, https:\/\/mouldking.store\/wp-content\/uploads\/2022\/11\/MK20015-4-cf8a-600x600.jpg 600w, https:\/\/mouldking.store\/wp-content\/uploads\/2022\/11\/MK20015-4-cf8a-150x150.jpg 150w, https:\/\/mouldking.store\/wp-content\/uploads\/2022\/11\/MK20015-4-cf8a-60x60.jpg 60w, https:\/\/mouldking.store\/wp-content\/uploads\/2022\/11\/MK20015-4-cf8a-90x90.jpg 90w\" sizes=\"(max-width: 800px) 100vw, 800px\" \/><figcaption id=\"caption-attachment-35417\" class=\"wp-caption-text\">Xe t\u0103ng h\u1ea1ng trung T-34 Mold King 20015 v\u1edbi 800 mi\u1ebfng<\/figcaption><\/figure>\n<figure id=\"attachment_35418\" aria-describedby=\"caption-attachment-35418\" style=\"width: 800px\" class=\"wp-caption aligncenter\"><img loading=\"lazy\" decoding=\"async\" class=\"wp-image-35418 size-full\" src=\"https:\/\/mouldking.store\/wp-content\/uploads\/2022\/11\/MK20015-5-bea0.jpg\" alt=\"Mould King 20015 T-34 Medium Tank With 800 Pieces\" width=\"800\" height=\"800\" title=\"-\" srcset=\"https:\/\/mouldking.store\/wp-content\/uploads\/2022\/11\/MK20015-5-bea0.jpg 800w, https:\/\/mouldking.store\/wp-content\/uploads\/2022\/11\/MK20015-5-bea0-300x300.jpg 300w, https:\/\/mouldking.store\/wp-content\/uploads\/2022\/11\/MK20015-5-bea0-768x768.jpg 768w, https:\/\/mouldking.store\/wp-content\/uploads\/2022\/11\/MK20015-5-bea0-600x600.jpg 600w, https:\/\/mouldking.store\/wp-content\/uploads\/2022\/11\/MK20015-5-bea0-150x150.jpg 150w, https:\/\/mouldking.store\/wp-content\/uploads\/2022\/11\/MK20015-5-bea0-60x60.jpg 60w, https:\/\/mouldking.store\/wp-content\/uploads\/2022\/11\/MK20015-5-bea0-90x90.jpg 90w\" sizes=\"(max-width: 800px) 100vw, 800px\" \/><figcaption id=\"caption-attachment-35418\" class=\"wp-caption-text\">Xe t\u0103ng h\u1ea1ng trung T-34 Mold King 20015 v\u1edbi 800 mi\u1ebfng<\/figcaption><\/figure>","protected":false},"excerpt":{"rendered":"<p>Product information: Brand: Mould King Gender: Unisex Name: T-34 Medium Tank Age Range: &gt; 6 years old Model Number: 20015 Classification: Assemblage Plastic Block Shape: Self-Locking Bricks Material: Plastic Plastic Type: ABS Bricks Blocks:800 PCS Size: 28.7 \u00d7 13 \u00d7 11.5 cm Contains detailed assembly instructions. Notice: 1. Without an original box, but we guarantee [&hellip;]<\/p>","protected":false},"featured_media":35414,"comment_status":"closed","ping_status":"closed","template":"","meta":{"_acf_changed":false},"product_cat":[1350],"product_tag":[7552,3813,615,7554,7555,7551,7553,485],"class_list":["product","first","instock","shipping-taxable","purchasable","product-type-simple"],"acf":[],"_links":{"self":[{"href":"https:\/\/mouldking.store\/vi\/wp-json\/wp\/v2\/product\/35413","targetHints":{"allow":["GET"]}}],"collection":[{"href":"https:\/\/mouldking.store\/vi\/wp-json\/wp\/v2\/product"}],"about":[{"href":"https:\/\/mouldking.store\/vi\/wp-json\/wp\/v2\/types\/product"}],"replies":[{"embeddable":true,"href":"https:\/\/mouldking.store\/vi\/wp-json\/wp\/v2\/comments?post=35413"}],"wp:featuredmedia":[{"embeddable":true,"href":"https:\/\/mouldking.store\/vi\/wp-json\/wp\/v2\/media\/35414"}],"wp:attachment":[{"href":"https:\/\/mouldking.store\/vi\/wp-json\/wp\/v2\/media?parent=35413"}],"wp:term":[{"taxonomy":"product_cat","embeddable":true,"href":"https:\/\/mouldking.store\/vi\/wp-json\/wp\/v2\/product_cat?post=35413"},{"taxonomy":"product_tag","embeddable":true,"href":"https:\/\/mouldking.store\/vi\/wp-json\/wp\/v2\/product_tag?post=35413"}],"curies":[{"name":"wp","href":"https:\/\/api.w.org\/{rel}","templated":true}]}}