{"id":35420,"date":"2022-11-18T17:50:09","date_gmt":"2022-11-18T10:50:09","guid":{"rendered":"https:\/\/mouldking.store\/?post_type=product&#038;p=35420"},"modified":"2022-11-18T17:50:10","modified_gmt":"2022-11-18T10:50:10","slug":"mould-king-10016-as-valkyrie-sports-car-with-1136-pieces","status":"publish","type":"product","link":"https:\/\/mouldking.store\/vi\/shop\/mould-king-10016-as-valkyrie-sports-car-with-1136-pieces\/","title":{"rendered":"MOLD KING 10016 Xe Th\u1ec3 Thao AS-Valkyrie V\u1edbi 1136 M\u1ea3nh Gh\u00e9p"},"content":{"rendered":"<p>Th\u00f4ng tin s\u1ea3n ph\u1ea9m:<\/p>\n<ol>\n<li>Th\u01b0\u01a1ng hi\u1ec7u: VUA KHU\u00d4N<\/li>\n<li>Gi\u1edbi t\u00ednh: Unisex<\/li>\n<li>Name: AS-Valkyrie Sports Car<\/li>\n<li>\u0110\u1ed9 tu\u1ed5i: &gt; 6 tu\u1ed5i<\/li>\n<li>Model Number: 10016<\/li>\n<li>Ph\u00e2n lo\u1ea1i: T\u1eadp h\u1ee3p<\/li>\n<li>H\u00ecnh d\u1ea1ng kh\u1ed1i nh\u1ef1a: G\u1ea1ch t\u1ef1 kh\u00f3a<\/li>\n<li>Ch\u1ea5t li\u1ec7u: Nh\u1ef1a<\/li>\n<li>Lo\u1ea1i nh\u1ef1a: ABS<\/li>\n<li>Bricks Blocks:1136 PCS<\/li>\n<li>Size: 30 \u00d7 13.5 \u00d7 7.5 cm<\/li>\n<li>Ch\u1ee9a h\u01b0\u1edbng d\u1eabn l\u1eafp r\u00e1p chi ti\u1ebft.<\/li>\n<\/ol>\n<p>\u0110\u1ec3 \u00fd:<br \/>\n1. Kh\u00f4ng c\u00f3 h\u1ed9p ban \u0111\u1ea7u, nh\u01b0ng ch\u00fang t\u00f4i \u0111\u1ea3m b\u1ea3o s\u1ea3n ph\u1ea9m c\u1ee7a ch\u00fang t\u00f4i c\u00f3 ch\u1ea5t l\u01b0\u1ee3ng \u0111\u1ea3m b\u1ea3o v\u00e0 bao b\u00ec \u0111\u1eb9p.<br \/>\n2. V\u00ec t\u1ea5t c\u1ea3 c\u00e1c b\u1ed9 ph\u1eadn ch\u00fang t\u00f4i \u0111\u00e3 ki\u1ec3m tra tr\u01b0\u1edbc khi v\u1eadn chuy\u1ec3n, v\u00ec v\u1eady n\u1ebfu b\u1ea1n th\u1ea5y m\u1ed9t s\u1ed1 b\u1ed9 ph\u1eadn b\u1ecb thi\u1ebfu ho\u1eb7c h\u01b0 h\u1ecfng, \u0111\u1eebng lo l\u1eafng v\u00e0 ch\u1ec9 c\u1ea7n vui l\u00f2ng li\u00ean h\u1ec7 v\u1edbi ch\u00fang t\u00f4i v\u00e0 ch\u00fang t\u00f4i c\u00f3 th\u1ec3 g\u1eedi l\u1ea1i mi\u1ec5n ph\u00ed cho b\u1ea1n ngay l\u1eadp t\u1ee9c.<\/p>\n<figure id=\"attachment_35421\" aria-describedby=\"caption-attachment-35421\" style=\"width: 800px\" class=\"wp-caption aligncenter\"><img fetchpriority=\"high\" decoding=\"async\" class=\"wp-image-35421 size-full\" src=\"https:\/\/mouldking.store\/wp-content\/uploads\/2022\/11\/MK10016-1-cb48.jpg\" alt=\"MOULD KING 10016 AS-Valkyrie Sports Car With 1136 Pieces\" width=\"800\" height=\"800\" title=\"-\" srcset=\"https:\/\/mouldking.store\/wp-content\/uploads\/2022\/11\/MK10016-1-cb48.jpg 800w, https:\/\/mouldking.store\/wp-content\/uploads\/2022\/11\/MK10016-1-cb48-300x300.jpg 300w, https:\/\/mouldking.store\/wp-content\/uploads\/2022\/11\/MK10016-1-cb48-768x768.jpg 768w, https:\/\/mouldking.store\/wp-content\/uploads\/2022\/11\/MK10016-1-cb48-600x600.jpg 600w, https:\/\/mouldking.store\/wp-content\/uploads\/2022\/11\/MK10016-1-cb48-150x150.jpg 150w, https:\/\/mouldking.store\/wp-content\/uploads\/2022\/11\/MK10016-1-cb48-60x60.jpg 60w, https:\/\/mouldking.store\/wp-content\/uploads\/2022\/11\/MK10016-1-cb48-90x90.jpg 90w\" sizes=\"(max-width: 800px) 100vw, 800px\" \/><figcaption id=\"caption-attachment-35421\" class=\"wp-caption-text\">MOLD KING 10016 Xe Th\u1ec3 Thao AS-Valkyrie V\u1edbi 1136 M\u1ea3nh Gh\u00e9p<\/figcaption><\/figure>\n<figure id=\"attachment_35422\" aria-describedby=\"caption-attachment-35422\" style=\"width: 800px\" class=\"wp-caption aligncenter\"><img decoding=\"async\" class=\"wp-image-35422 size-full\" src=\"https:\/\/mouldking.store\/wp-content\/uploads\/2022\/11\/MK10016-2-9ce7.jpg\" alt=\"MOULD KING 10016 AS-Valkyrie Sports Car With 1136 Pieces\" width=\"800\" height=\"800\" title=\"-\" srcset=\"https:\/\/mouldking.store\/wp-content\/uploads\/2022\/11\/MK10016-2-9ce7.jpg 800w, https:\/\/mouldking.store\/wp-content\/uploads\/2022\/11\/MK10016-2-9ce7-300x300.jpg 300w, https:\/\/mouldking.store\/wp-content\/uploads\/2022\/11\/MK10016-2-9ce7-768x768.jpg 768w, https:\/\/mouldking.store\/wp-content\/uploads\/2022\/11\/MK10016-2-9ce7-600x600.jpg 600w, https:\/\/mouldking.store\/wp-content\/uploads\/2022\/11\/MK10016-2-9ce7-150x150.jpg 150w, https:\/\/mouldking.store\/wp-content\/uploads\/2022\/11\/MK10016-2-9ce7-60x60.jpg 60w, https:\/\/mouldking.store\/wp-content\/uploads\/2022\/11\/MK10016-2-9ce7-90x90.jpg 90w\" sizes=\"(max-width: 800px) 100vw, 800px\" \/><figcaption id=\"caption-attachment-35422\" class=\"wp-caption-text\">MOLD KING 10016 Xe Th\u1ec3 Thao AS-Valkyrie V\u1edbi 1136 M\u1ea3nh Gh\u00e9p<\/figcaption><\/figure>\n<figure id=\"attachment_35423\" aria-describedby=\"caption-attachment-35423\" style=\"width: 800px\" class=\"wp-caption aligncenter\"><img decoding=\"async\" class=\"wp-image-35423 size-full\" src=\"https:\/\/mouldking.store\/wp-content\/uploads\/2022\/11\/MK10016-3-b08e.jpg\" alt=\"MOULD KING 10016 AS-Valkyrie Sports Car With 1136 Pieces\" width=\"800\" height=\"800\" title=\"-\" srcset=\"https:\/\/mouldking.store\/wp-content\/uploads\/2022\/11\/MK10016-3-b08e.jpg 800w, https:\/\/mouldking.store\/wp-content\/uploads\/2022\/11\/MK10016-3-b08e-300x300.jpg 300w, https:\/\/mouldking.store\/wp-content\/uploads\/2022\/11\/MK10016-3-b08e-768x768.jpg 768w, https:\/\/mouldking.store\/wp-content\/uploads\/2022\/11\/MK10016-3-b08e-600x600.jpg 600w, https:\/\/mouldking.store\/wp-content\/uploads\/2022\/11\/MK10016-3-b08e-150x150.jpg 150w, https:\/\/mouldking.store\/wp-content\/uploads\/2022\/11\/MK10016-3-b08e-60x60.jpg 60w, https:\/\/mouldking.store\/wp-content\/uploads\/2022\/11\/MK10016-3-b08e-90x90.jpg 90w\" sizes=\"(max-width: 800px) 100vw, 800px\" \/><figcaption id=\"caption-attachment-35423\" class=\"wp-caption-text\">MOLD KING 10016 Xe Th\u1ec3 Thao AS-Valkyrie V\u1edbi 1136 M\u1ea3nh Gh\u00e9p<\/figcaption><\/figure>\n<figure id=\"attachment_35424\" aria-describedby=\"caption-attachment-35424\" style=\"width: 800px\" class=\"wp-caption aligncenter\"><img loading=\"lazy\" decoding=\"async\" class=\"wp-image-35424 size-full\" src=\"https:\/\/mouldking.store\/wp-content\/uploads\/2022\/11\/MK10016-4-bcd2.jpg\" alt=\"MOULD KING 10016 AS-Valkyrie Sports Car With 1136 Pieces\" width=\"800\" height=\"800\" title=\"-\" srcset=\"https:\/\/mouldking.store\/wp-content\/uploads\/2022\/11\/MK10016-4-bcd2.jpg 800w, https:\/\/mouldking.store\/wp-content\/uploads\/2022\/11\/MK10016-4-bcd2-300x300.jpg 300w, https:\/\/mouldking.store\/wp-content\/uploads\/2022\/11\/MK10016-4-bcd2-768x768.jpg 768w, https:\/\/mouldking.store\/wp-content\/uploads\/2022\/11\/MK10016-4-bcd2-600x600.jpg 600w, https:\/\/mouldking.store\/wp-content\/uploads\/2022\/11\/MK10016-4-bcd2-150x150.jpg 150w, https:\/\/mouldking.store\/wp-content\/uploads\/2022\/11\/MK10016-4-bcd2-60x60.jpg 60w, https:\/\/mouldking.store\/wp-content\/uploads\/2022\/11\/MK10016-4-bcd2-90x90.jpg 90w\" sizes=\"(max-width: 800px) 100vw, 800px\" \/><figcaption id=\"caption-attachment-35424\" class=\"wp-caption-text\">MOLD KING 10016 Xe Th\u1ec3 Thao AS-Valkyrie V\u1edbi 1136 M\u1ea3nh Gh\u00e9p<\/figcaption><\/figure>\n<figure id=\"attachment_35425\" aria-describedby=\"caption-attachment-35425\" style=\"width: 800px\" class=\"wp-caption aligncenter\"><img loading=\"lazy\" decoding=\"async\" class=\"wp-image-35425 size-full\" src=\"https:\/\/mouldking.store\/wp-content\/uploads\/2022\/11\/MK10016-5-fb70.jpg\" alt=\"MOULD KING 10016 AS-Valkyrie Sports Car With 1136 Pieces\" width=\"800\" height=\"800\" title=\"-\" srcset=\"https:\/\/mouldking.store\/wp-content\/uploads\/2022\/11\/MK10016-5-fb70.jpg 800w, https:\/\/mouldking.store\/wp-content\/uploads\/2022\/11\/MK10016-5-fb70-300x300.jpg 300w, https:\/\/mouldking.store\/wp-content\/uploads\/2022\/11\/MK10016-5-fb70-768x768.jpg 768w, https:\/\/mouldking.store\/wp-content\/uploads\/2022\/11\/MK10016-5-fb70-600x600.jpg 600w, https:\/\/mouldking.store\/wp-content\/uploads\/2022\/11\/MK10016-5-fb70-150x150.jpg 150w, https:\/\/mouldking.store\/wp-content\/uploads\/2022\/11\/MK10016-5-fb70-60x60.jpg 60w, https:\/\/mouldking.store\/wp-content\/uploads\/2022\/11\/MK10016-5-fb70-90x90.jpg 90w\" sizes=\"(max-width: 800px) 100vw, 800px\" \/><figcaption id=\"caption-attachment-35425\" class=\"wp-caption-text\">MOLD KING 10016 Xe Th\u1ec3 Thao AS-Valkyrie V\u1edbi 1136 M\u1ea3nh Gh\u00e9p<\/figcaption><\/figure>","protected":false},"excerpt":{"rendered":"<p>Product information: Brand: MOULD KING Gender: Unisex Name: AS-Valkyrie Sports Car Age Range: &gt; 6 years old Model Number: 10016 Classification: Assemblage Plastic Block Shape: Self-Locking Bricks Material: Plastic Plastic Type: ABS Bricks Blocks:1136 PCS Size: 30 \u00d7 13.5 \u00d7 7.5 cm Contains detailed assembly instructions. Notice: 1. Without an original box, but we guarantee [&hellip;]<\/p>","protected":false},"featured_media":35421,"comment_status":"closed","ping_status":"closed","template":"","meta":{"_acf_changed":false},"product_cat":[1360,1357],"product_tag":[7557,7558,7560,615,7559,7561,7556,5166],"class_list":["product","first","instock","shipping-taxable","purchasable","product-type-simple"],"acf":[],"_links":{"self":[{"href":"https:\/\/mouldking.store\/vi\/wp-json\/wp\/v2\/product\/35420","targetHints":{"allow":["GET"]}}],"collection":[{"href":"https:\/\/mouldking.store\/vi\/wp-json\/wp\/v2\/product"}],"about":[{"href":"https:\/\/mouldking.store\/vi\/wp-json\/wp\/v2\/types\/product"}],"replies":[{"embeddable":true,"href":"https:\/\/mouldking.store\/vi\/wp-json\/wp\/v2\/comments?post=35420"}],"wp:featuredmedia":[{"embeddable":true,"href":"https:\/\/mouldking.store\/vi\/wp-json\/wp\/v2\/media\/35421"}],"wp:attachment":[{"href":"https:\/\/mouldking.store\/vi\/wp-json\/wp\/v2\/media?parent=35420"}],"wp:term":[{"taxonomy":"product_cat","embeddable":true,"href":"https:\/\/mouldking.store\/vi\/wp-json\/wp\/v2\/product_cat?post=35420"},{"taxonomy":"product_tag","embeddable":true,"href":"https:\/\/mouldking.store\/vi\/wp-json\/wp\/v2\/product_tag?post=35420"}],"curies":[{"name":"wp","href":"https:\/\/api.w.org\/{rel}","templated":true}]}}