{"id":35426,"date":"2022-11-18T17:57:57","date_gmt":"2022-11-18T10:57:57","guid":{"rendered":"https:\/\/mouldking.store\/?post_type=product&#038;p=35426"},"modified":"2022-11-18T17:57:58","modified_gmt":"2022-11-18T10:57:58","slug":"mould-king-21025-mk-space-kylo-ren-tie-fighter-with-3619-pieces","status":"publish","type":"product","link":"https:\/\/mouldking.store\/vi\/shop\/mould-king-21025-mk-space-kylo-ren-tie-fighter-with-3619-pieces\/","title":{"rendered":"KHU\u00d4N KING 21025 MK Space KYLO REN TIE FIGHTER V\u1edbi 3619 M\u1ea3nh Gh\u00e9p"},"content":{"rendered":"<p>Th\u00f4ng tin s\u1ea3n ph\u1ea9m:<\/p>\n<ol>\n<li>Th\u01b0\u01a1ng hi\u1ec7u: VUA KHU\u00d4N<\/li>\n<li>Gi\u1edbi t\u00ednh: Unisex<\/li>\n<li>Name: MK Space KYLO REN TIE FIGHTER<\/li>\n<li>\u0110\u1ed9 tu\u1ed5i: &gt; 6 tu\u1ed5i<\/li>\n<li>S\u1ed1 m\u00f4 h\u00ecnh: 21025<\/li>\n<li>Ph\u00e2n lo\u1ea1i: T\u1eadp h\u1ee3p<\/li>\n<li>H\u00ecnh d\u1ea1ng kh\u1ed1i nh\u1ef1a: G\u1ea1ch t\u1ef1 kh\u00f3a<\/li>\n<li>Ch\u1ea5t li\u1ec7u: Nh\u1ef1a<\/li>\n<li>Lo\u1ea1i nh\u1ef1a: ABS<\/li>\n<li>Bricks Blocks:3619 PCS<\/li>\n<li>Size: 79.3 \u00d7 28.5 \u00d7 28.5 cm<\/li>\n<li>Ch\u1ee9a h\u01b0\u1edbng d\u1eabn l\u1eafp r\u00e1p chi ti\u1ebft.<\/li>\n<\/ol>\n<p>\u0110\u1ec3 \u00fd:<br \/>\n1. Kh\u00f4ng c\u00f3 h\u1ed9p ban \u0111\u1ea7u, nh\u01b0ng ch\u00fang t\u00f4i \u0111\u1ea3m b\u1ea3o s\u1ea3n ph\u1ea9m c\u1ee7a ch\u00fang t\u00f4i c\u00f3 ch\u1ea5t l\u01b0\u1ee3ng \u0111\u1ea3m b\u1ea3o v\u00e0 bao b\u00ec \u0111\u1eb9p.<br \/>\n2. V\u00ec t\u1ea5t c\u1ea3 c\u00e1c b\u1ed9 ph\u1eadn ch\u00fang t\u00f4i \u0111\u00e3 ki\u1ec3m tra tr\u01b0\u1edbc khi v\u1eadn chuy\u1ec3n, v\u00ec v\u1eady n\u1ebfu b\u1ea1n th\u1ea5y m\u1ed9t s\u1ed1 b\u1ed9 ph\u1eadn b\u1ecb thi\u1ebfu ho\u1eb7c h\u01b0 h\u1ecfng, \u0111\u1eebng lo l\u1eafng v\u00e0 ch\u1ec9 c\u1ea7n vui l\u00f2ng li\u00ean h\u1ec7 v\u1edbi ch\u00fang t\u00f4i v\u00e0 ch\u00fang t\u00f4i c\u00f3 th\u1ec3 g\u1eedi l\u1ea1i mi\u1ec5n ph\u00ed cho b\u1ea1n ngay l\u1eadp t\u1ee9c.<\/p>\n<figure id=\"attachment_35427\" aria-describedby=\"caption-attachment-35427\" style=\"width: 800px\" class=\"wp-caption aligncenter\"><img fetchpriority=\"high\" decoding=\"async\" class=\"wp-image-35427 size-full\" src=\"https:\/\/mouldking.store\/wp-content\/uploads\/2022\/11\/MK21025-1-1724.jpg\" alt=\"MOULD KING 21025 MK Space KYLO REN TIE FIGHTER With 3619 Pieces\" width=\"800\" height=\"800\" title=\"-\" srcset=\"https:\/\/mouldking.store\/wp-content\/uploads\/2022\/11\/MK21025-1-1724.jpg 800w, https:\/\/mouldking.store\/wp-content\/uploads\/2022\/11\/MK21025-1-1724-300x300.jpg 300w, https:\/\/mouldking.store\/wp-content\/uploads\/2022\/11\/MK21025-1-1724-768x768.jpg 768w, https:\/\/mouldking.store\/wp-content\/uploads\/2022\/11\/MK21025-1-1724-600x600.jpg 600w, https:\/\/mouldking.store\/wp-content\/uploads\/2022\/11\/MK21025-1-1724-150x150.jpg 150w, https:\/\/mouldking.store\/wp-content\/uploads\/2022\/11\/MK21025-1-1724-60x60.jpg 60w, https:\/\/mouldking.store\/wp-content\/uploads\/2022\/11\/MK21025-1-1724-90x90.jpg 90w\" sizes=\"(max-width: 800px) 100vw, 800px\" \/><figcaption id=\"caption-attachment-35427\" class=\"wp-caption-text\">KHU\u00d4N KING 21025 MK Space KYLO REN TIE FIGHTER V\u1edbi 3619 M\u1ea3nh Gh\u00e9p<\/figcaption><\/figure>\n<figure id=\"attachment_35428\" aria-describedby=\"caption-attachment-35428\" style=\"width: 800px\" class=\"wp-caption aligncenter\"><img decoding=\"async\" class=\"wp-image-35428 size-full\" src=\"https:\/\/mouldking.store\/wp-content\/uploads\/2022\/11\/MK21025-2-7c3c.jpg\" alt=\"MOULD KING 21025 MK Space KYLO REN TIE FIGHTER With 3619 Pieces\" width=\"800\" height=\"800\" title=\"-\" srcset=\"https:\/\/mouldking.store\/wp-content\/uploads\/2022\/11\/MK21025-2-7c3c.jpg 800w, https:\/\/mouldking.store\/wp-content\/uploads\/2022\/11\/MK21025-2-7c3c-300x300.jpg 300w, https:\/\/mouldking.store\/wp-content\/uploads\/2022\/11\/MK21025-2-7c3c-768x768.jpg 768w, https:\/\/mouldking.store\/wp-content\/uploads\/2022\/11\/MK21025-2-7c3c-600x600.jpg 600w, https:\/\/mouldking.store\/wp-content\/uploads\/2022\/11\/MK21025-2-7c3c-150x150.jpg 150w, https:\/\/mouldking.store\/wp-content\/uploads\/2022\/11\/MK21025-2-7c3c-60x60.jpg 60w, https:\/\/mouldking.store\/wp-content\/uploads\/2022\/11\/MK21025-2-7c3c-90x90.jpg 90w\" sizes=\"(max-width: 800px) 100vw, 800px\" \/><figcaption id=\"caption-attachment-35428\" class=\"wp-caption-text\">KHU\u00d4N KING 21025 MK Space KYLO REN TIE FIGHTER V\u1edbi 3619 M\u1ea3nh Gh\u00e9p<\/figcaption><\/figure>\n<figure id=\"attachment_35429\" aria-describedby=\"caption-attachment-35429\" style=\"width: 800px\" class=\"wp-caption aligncenter\"><img decoding=\"async\" class=\"wp-image-35429 size-full\" src=\"https:\/\/mouldking.store\/wp-content\/uploads\/2022\/11\/MK21025-3-e1d5.jpg\" alt=\"MOULD KING 21025 MK Space KYLO REN TIE FIGHTER With 3619 Pieces\" width=\"800\" height=\"800\" title=\"-\" srcset=\"https:\/\/mouldking.store\/wp-content\/uploads\/2022\/11\/MK21025-3-e1d5.jpg 800w, https:\/\/mouldking.store\/wp-content\/uploads\/2022\/11\/MK21025-3-e1d5-300x300.jpg 300w, https:\/\/mouldking.store\/wp-content\/uploads\/2022\/11\/MK21025-3-e1d5-768x768.jpg 768w, https:\/\/mouldking.store\/wp-content\/uploads\/2022\/11\/MK21025-3-e1d5-600x600.jpg 600w, https:\/\/mouldking.store\/wp-content\/uploads\/2022\/11\/MK21025-3-e1d5-150x150.jpg 150w, https:\/\/mouldking.store\/wp-content\/uploads\/2022\/11\/MK21025-3-e1d5-60x60.jpg 60w, https:\/\/mouldking.store\/wp-content\/uploads\/2022\/11\/MK21025-3-e1d5-90x90.jpg 90w\" sizes=\"(max-width: 800px) 100vw, 800px\" \/><figcaption id=\"caption-attachment-35429\" class=\"wp-caption-text\">KHU\u00d4N KING 21025 MK Space KYLO REN TIE FIGHTER V\u1edbi 3619 M\u1ea3nh Gh\u00e9p<\/figcaption><\/figure>\n<figure id=\"attachment_35430\" aria-describedby=\"caption-attachment-35430\" style=\"width: 800px\" class=\"wp-caption aligncenter\"><img loading=\"lazy\" decoding=\"async\" class=\"wp-image-35430 size-full\" src=\"https:\/\/mouldking.store\/wp-content\/uploads\/2022\/11\/MK21025-4-cba3.jpg\" alt=\"MOULD KING 21025 MK Space KYLO REN TIE FIGHTER With 3619 Pieces\" width=\"800\" height=\"800\" title=\"-\" srcset=\"https:\/\/mouldking.store\/wp-content\/uploads\/2022\/11\/MK21025-4-cba3.jpg 800w, https:\/\/mouldking.store\/wp-content\/uploads\/2022\/11\/MK21025-4-cba3-300x300.jpg 300w, https:\/\/mouldking.store\/wp-content\/uploads\/2022\/11\/MK21025-4-cba3-768x768.jpg 768w, https:\/\/mouldking.store\/wp-content\/uploads\/2022\/11\/MK21025-4-cba3-600x600.jpg 600w, https:\/\/mouldking.store\/wp-content\/uploads\/2022\/11\/MK21025-4-cba3-150x150.jpg 150w, https:\/\/mouldking.store\/wp-content\/uploads\/2022\/11\/MK21025-4-cba3-60x60.jpg 60w, https:\/\/mouldking.store\/wp-content\/uploads\/2022\/11\/MK21025-4-cba3-90x90.jpg 90w\" sizes=\"(max-width: 800px) 100vw, 800px\" \/><figcaption id=\"caption-attachment-35430\" class=\"wp-caption-text\">KHU\u00d4N KING 21025 MK Space KYLO REN TIE FIGHTER V\u1edbi 3619 M\u1ea3nh Gh\u00e9p<\/figcaption><\/figure>\n<figure id=\"attachment_35431\" aria-describedby=\"caption-attachment-35431\" style=\"width: 800px\" class=\"wp-caption aligncenter\"><img loading=\"lazy\" decoding=\"async\" class=\"wp-image-35431 size-full\" src=\"https:\/\/mouldking.store\/wp-content\/uploads\/2022\/11\/MK21025-5-7441.jpg\" alt=\"MOULD KING 21025 MK Space KYLO REN TIE FIGHTER With 3619 Pieces\" width=\"800\" height=\"800\" title=\"-\" srcset=\"https:\/\/mouldking.store\/wp-content\/uploads\/2022\/11\/MK21025-5-7441.jpg 800w, https:\/\/mouldking.store\/wp-content\/uploads\/2022\/11\/MK21025-5-7441-300x300.jpg 300w, https:\/\/mouldking.store\/wp-content\/uploads\/2022\/11\/MK21025-5-7441-768x768.jpg 768w, https:\/\/mouldking.store\/wp-content\/uploads\/2022\/11\/MK21025-5-7441-600x600.jpg 600w, https:\/\/mouldking.store\/wp-content\/uploads\/2022\/11\/MK21025-5-7441-150x150.jpg 150w, https:\/\/mouldking.store\/wp-content\/uploads\/2022\/11\/MK21025-5-7441-60x60.jpg 60w, https:\/\/mouldking.store\/wp-content\/uploads\/2022\/11\/MK21025-5-7441-90x90.jpg 90w\" sizes=\"(max-width: 800px) 100vw, 800px\" \/><figcaption id=\"caption-attachment-35431\" class=\"wp-caption-text\">KHU\u00d4N KING 21025 MK Space KYLO REN TIE FIGHTER V\u1edbi 3619 M\u1ea3nh Gh\u00e9p<\/figcaption><\/figure>","protected":false},"excerpt":{"rendered":"<p>Product information: Brand: MOULD KING Gender: Unisex Name: MK Space KYLO REN TIE FIGHTER Age Range: &gt; 6 years old Model Number: 21025 Classification: Assemblage Plastic Block Shape: Self-Locking Bricks Material: Plastic Plastic Type: ABS Bricks Blocks:3619 PCS Size: 79.3 \u00d7 28.5 \u00d7 28.5 cm Contains detailed assembly instructions. Notice: 1. Without an original box, [&hellip;]<\/p>","protected":false},"featured_media":35427,"comment_status":"closed","ping_status":"closed","template":"","meta":{"_acf_changed":false},"product_cat":[415],"product_tag":[7563,7565,7564,7566,615,7567,7568,7562],"class_list":["product","first","instock","shipping-taxable","purchasable","product-type-simple"],"acf":[],"_links":{"self":[{"href":"https:\/\/mouldking.store\/vi\/wp-json\/wp\/v2\/product\/35426","targetHints":{"allow":["GET"]}}],"collection":[{"href":"https:\/\/mouldking.store\/vi\/wp-json\/wp\/v2\/product"}],"about":[{"href":"https:\/\/mouldking.store\/vi\/wp-json\/wp\/v2\/types\/product"}],"replies":[{"embeddable":true,"href":"https:\/\/mouldking.store\/vi\/wp-json\/wp\/v2\/comments?post=35426"}],"wp:featuredmedia":[{"embeddable":true,"href":"https:\/\/mouldking.store\/vi\/wp-json\/wp\/v2\/media\/35427"}],"wp:attachment":[{"href":"https:\/\/mouldking.store\/vi\/wp-json\/wp\/v2\/media?parent=35426"}],"wp:term":[{"taxonomy":"product_cat","embeddable":true,"href":"https:\/\/mouldking.store\/vi\/wp-json\/wp\/v2\/product_cat?post=35426"},{"taxonomy":"product_tag","embeddable":true,"href":"https:\/\/mouldking.store\/vi\/wp-json\/wp\/v2\/product_tag?post=35426"}],"curies":[{"name":"wp","href":"https:\/\/api.w.org\/{rel}","templated":true}]}}