{"id":35461,"date":"2022-11-21T12:02:17","date_gmt":"2022-11-21T05:02:17","guid":{"rendered":"https:\/\/mouldking.store\/?post_type=product&#038;p=35461"},"modified":"2022-11-21T12:02:18","modified_gmt":"2022-11-21T05:02:18","slug":"m6098-y-m6099-y-santa-violent-bear-christmas-santa-claus-deer-with-1880-pieces","status":"publish","type":"product","link":"https:\/\/mouldking.store\/vi\/shop\/m6098-y-m6099-y-santa-violent-bear-christmas-santa-claus-deer-with-1880-pieces\/","title":{"rendered":"M6098-Y M6099-Y Santa B\u1ea1o L\u1ef1c G\u1ea5u Gi\u00e1ng Sinh \u00d4ng Gi\u00e0 Noel H\u01b0\u01a1u V\u1edbi 1880 M\u1ea3nh"},"content":{"rendered":"<p>Th\u00f4ng tin s\u1ea3n ph\u1ea9m:<\/p>\n<ol>\n<li>Brand: MPIN<\/li>\n<li>Gi\u1edbi t\u00ednh: Unisex<\/li>\n<li>Name: Santa Violent Bear Christmas Santa Claus Deer<\/li>\n<li>\u0110\u1ed9 tu\u1ed5i: &gt; 6 tu\u1ed5i<\/li>\n<li>Model Number: M6098-Y M6099-Y<\/li>\n<li>Ph\u00e2n lo\u1ea1i: T\u1eadp h\u1ee3p<\/li>\n<li>H\u00ecnh d\u1ea1ng kh\u1ed1i nh\u1ef1a: G\u1ea1ch t\u1ef1 kh\u00f3a<\/li>\n<li>Ch\u1ea5t li\u1ec7u: Nh\u1ef1a<\/li>\n<li>Lo\u1ea1i nh\u1ef1a: ABS<\/li>\n<li>Bricks Blocks:1880 PCS<\/li>\n<li>Size: 15\u00d710.5\u00d727.5cm<\/li>\n<li>Ch\u1ee9a h\u01b0\u1edbng d\u1eabn l\u1eafp r\u00e1p chi ti\u1ebft.<\/li>\n<\/ol>\n<p>\u0110\u1ec3 \u00fd:<br \/>\n1. Kh\u00f4ng c\u00f3 h\u1ed9p ban \u0111\u1ea7u, nh\u01b0ng ch\u00fang t\u00f4i \u0111\u1ea3m b\u1ea3o s\u1ea3n ph\u1ea9m c\u1ee7a ch\u00fang t\u00f4i c\u00f3 ch\u1ea5t l\u01b0\u1ee3ng \u0111\u1ea3m b\u1ea3o v\u00e0 bao b\u00ec \u0111\u1eb9p.<br \/>\n2. V\u00ec t\u1ea5t c\u1ea3 c\u00e1c b\u1ed9 ph\u1eadn ch\u00fang t\u00f4i \u0111\u00e3 ki\u1ec3m tra tr\u01b0\u1edbc khi v\u1eadn chuy\u1ec3n, v\u00ec v\u1eady n\u1ebfu b\u1ea1n th\u1ea5y m\u1ed9t s\u1ed1 b\u1ed9 ph\u1eadn b\u1ecb thi\u1ebfu ho\u1eb7c h\u01b0 h\u1ecfng, \u0111\u1eebng lo l\u1eafng v\u00e0 ch\u1ec9 c\u1ea7n vui l\u00f2ng li\u00ean h\u1ec7 v\u1edbi ch\u00fang t\u00f4i v\u00e0 ch\u00fang t\u00f4i c\u00f3 th\u1ec3 g\u1eedi l\u1ea1i mi\u1ec5n ph\u00ed cho b\u1ea1n ngay l\u1eadp t\u1ee9c.<\/p>\n<figure id=\"attachment_35462\" aria-describedby=\"caption-attachment-35462\" style=\"width: 800px\" class=\"wp-caption aligncenter\"><img fetchpriority=\"high\" decoding=\"async\" class=\"wp-image-35462 size-full\" src=\"https:\/\/mouldking.store\/wp-content\/uploads\/2022\/11\/M6098-MY6099-c502.jpg\" alt=\"M6098-Y M6099-Y Santa Violent Bear Christmas Santa Claus Deer With 1880 Pieces\" width=\"800\" height=\"800\" title=\"-\" srcset=\"https:\/\/mouldking.store\/wp-content\/uploads\/2022\/11\/M6098-MY6099-c502.jpg 800w, https:\/\/mouldking.store\/wp-content\/uploads\/2022\/11\/M6098-MY6099-c502-300x300.jpg 300w, https:\/\/mouldking.store\/wp-content\/uploads\/2022\/11\/M6098-MY6099-c502-768x768.jpg 768w, https:\/\/mouldking.store\/wp-content\/uploads\/2022\/11\/M6098-MY6099-c502-600x600.jpg 600w, https:\/\/mouldking.store\/wp-content\/uploads\/2022\/11\/M6098-MY6099-c502-150x150.jpg 150w, https:\/\/mouldking.store\/wp-content\/uploads\/2022\/11\/M6098-MY6099-c502-60x60.jpg 60w, https:\/\/mouldking.store\/wp-content\/uploads\/2022\/11\/M6098-MY6099-c502-90x90.jpg 90w\" sizes=\"(max-width: 800px) 100vw, 800px\" \/><figcaption id=\"caption-attachment-35462\" class=\"wp-caption-text\">M6098-Y M6099-Y Santa B\u1ea1o L\u1ef1c G\u1ea5u Gi\u00e1ng Sinh \u00d4ng Gi\u00e0 Noel H\u01b0\u01a1u V\u1edbi 1880 M\u1ea3nh<\/figcaption><\/figure>\n<figure id=\"attachment_35463\" aria-describedby=\"caption-attachment-35463\" style=\"width: 800px\" class=\"wp-caption aligncenter\"><img decoding=\"async\" class=\"wp-image-35463 size-full\" src=\"https:\/\/mouldking.store\/wp-content\/uploads\/2022\/11\/M6098-Y-5e75.jpg\" alt=\"M6098-Y M6099-Y Santa Violent Bear Christmas Santa Claus Deer With 1880 Pieces\" width=\"800\" height=\"800\" title=\"-\" srcset=\"https:\/\/mouldking.store\/wp-content\/uploads\/2022\/11\/M6098-Y-5e75.jpg 800w, https:\/\/mouldking.store\/wp-content\/uploads\/2022\/11\/M6098-Y-5e75-300x300.jpg 300w, https:\/\/mouldking.store\/wp-content\/uploads\/2022\/11\/M6098-Y-5e75-768x768.jpg 768w, https:\/\/mouldking.store\/wp-content\/uploads\/2022\/11\/M6098-Y-5e75-600x600.jpg 600w, https:\/\/mouldking.store\/wp-content\/uploads\/2022\/11\/M6098-Y-5e75-150x150.jpg 150w, https:\/\/mouldking.store\/wp-content\/uploads\/2022\/11\/M6098-Y-5e75-60x60.jpg 60w, https:\/\/mouldking.store\/wp-content\/uploads\/2022\/11\/M6098-Y-5e75-90x90.jpg 90w\" sizes=\"(max-width: 800px) 100vw, 800px\" \/><figcaption id=\"caption-attachment-35463\" class=\"wp-caption-text\">M6098-Y M6099-Y Santa B\u1ea1o L\u1ef1c G\u1ea5u Gi\u00e1ng Sinh \u00d4ng Gi\u00e0 Noel H\u01b0\u01a1u V\u1edbi 1880 M\u1ea3nh<\/figcaption><\/figure>\n<figure id=\"attachment_35464\" aria-describedby=\"caption-attachment-35464\" style=\"width: 800px\" class=\"wp-caption aligncenter\"><img decoding=\"async\" class=\"wp-image-35464 size-full\" src=\"https:\/\/mouldking.store\/wp-content\/uploads\/2022\/11\/M6099-Y-1596.jpg\" alt=\"M6098-Y M6099-Y Santa Violent Bear Christmas Santa Claus Deer With 1880 Pieces\" width=\"800\" height=\"800\" title=\"-\" srcset=\"https:\/\/mouldking.store\/wp-content\/uploads\/2022\/11\/M6099-Y-1596.jpg 800w, https:\/\/mouldking.store\/wp-content\/uploads\/2022\/11\/M6099-Y-1596-300x300.jpg 300w, https:\/\/mouldking.store\/wp-content\/uploads\/2022\/11\/M6099-Y-1596-768x768.jpg 768w, https:\/\/mouldking.store\/wp-content\/uploads\/2022\/11\/M6099-Y-1596-600x600.jpg 600w, https:\/\/mouldking.store\/wp-content\/uploads\/2022\/11\/M6099-Y-1596-150x150.jpg 150w, https:\/\/mouldking.store\/wp-content\/uploads\/2022\/11\/M6099-Y-1596-60x60.jpg 60w, https:\/\/mouldking.store\/wp-content\/uploads\/2022\/11\/M6099-Y-1596-90x90.jpg 90w\" sizes=\"(max-width: 800px) 100vw, 800px\" \/><figcaption id=\"caption-attachment-35464\" class=\"wp-caption-text\">M6098-Y M6099-Y Santa B\u1ea1o L\u1ef1c G\u1ea5u Gi\u00e1ng Sinh \u00d4ng Gi\u00e0 Noel H\u01b0\u01a1u V\u1edbi 1880 M\u1ea3nh<\/figcaption><\/figure>","protected":false},"excerpt":{"rendered":"<p>Product information: Brand: MPIN Gender: Unisex Name: Santa Violent Bear Christmas Santa Claus Deer Age Range: &gt; 6 years old Model Number: M6098-Y M6099-Y Classification: Assemblage Plastic Block Shape: Self-Locking Bricks Material: Plastic Plastic Type: ABS Bricks Blocks:1880 PCS Size: 15\u00d710.5\u00d727.5cm Contains detailed assembly instructions. Notice: 1. Without an original box, but we guarantee our [&hellip;]<\/p>","protected":false},"featured_media":35462,"comment_status":"closed","ping_status":"closed","template":"","meta":{"_acf_changed":false},"product_cat":[1365],"product_tag":[2271,1066,7547,7576,7580,7581,7575,7577,5697,7578,7579],"class_list":["product","first","instock","shipping-taxable","purchasable","product-type-variable"],"acf":[],"_links":{"self":[{"href":"https:\/\/mouldking.store\/vi\/wp-json\/wp\/v2\/product\/35461","targetHints":{"allow":["GET"]}}],"collection":[{"href":"https:\/\/mouldking.store\/vi\/wp-json\/wp\/v2\/product"}],"about":[{"href":"https:\/\/mouldking.store\/vi\/wp-json\/wp\/v2\/types\/product"}],"replies":[{"embeddable":true,"href":"https:\/\/mouldking.store\/vi\/wp-json\/wp\/v2\/comments?post=35461"}],"wp:featuredmedia":[{"embeddable":true,"href":"https:\/\/mouldking.store\/vi\/wp-json\/wp\/v2\/media\/35462"}],"wp:attachment":[{"href":"https:\/\/mouldking.store\/vi\/wp-json\/wp\/v2\/media?parent=35461"}],"wp:term":[{"taxonomy":"product_cat","embeddable":true,"href":"https:\/\/mouldking.store\/vi\/wp-json\/wp\/v2\/product_cat?post=35461"},{"taxonomy":"product_tag","embeddable":true,"href":"https:\/\/mouldking.store\/vi\/wp-json\/wp\/v2\/product_tag?post=35461"}],"curies":[{"name":"wp","href":"https:\/\/api.w.org\/{rel}","templated":true}]}}