{"id":35479,"date":"2022-11-21T12:24:39","date_gmt":"2022-11-21T05:24:39","guid":{"rendered":"https:\/\/mouldking.store\/?post_type=product&#038;p=35479"},"modified":"2022-11-21T12:24:39","modified_gmt":"2022-11-21T05:24:39","slug":"jihui-m1015-m1016-standing-strawberry-bear-sitting-strawberry-bear-with-728-pieces","status":"publish","type":"product","link":"https:\/\/mouldking.store\/vi\/shop\/jihui-m1015-m1016-standing-strawberry-bear-sitting-strawberry-bear-with-728-pieces\/","title":{"rendered":"JIHUI M1015 M1016 G\u1ea5u d\u00e2u \u0111\u1ee9ng G\u1ea5u d\u00e2u ng\u1ed3i v\u1edbi 728 mi\u1ebfng"},"content":{"rendered":"<p>Th\u00f4ng tin s\u1ea3n ph\u1ea9m:<\/p>\n<ol>\n<li>Brand: JIHUI<\/li>\n<li>Gi\u1edbi t\u00ednh: Unisex<\/li>\n<li>Name: Standing Strawberry Bear Sitting Strawberry Bear<\/li>\n<li>\u0110\u1ed9 tu\u1ed5i: &gt; 6 tu\u1ed5i<\/li>\n<li>Model Number: M1015 M1016<\/li>\n<li>Ph\u00e2n lo\u1ea1i: T\u1eadp h\u1ee3p<\/li>\n<li>H\u00ecnh d\u1ea1ng kh\u1ed1i nh\u1ef1a: G\u1ea1ch t\u1ef1 kh\u00f3a<\/li>\n<li>Ch\u1ea5t li\u1ec7u: Nh\u1ef1a<\/li>\n<li>Lo\u1ea1i nh\u1ef1a: ABS<\/li>\n<li>Bricks Blocks:728 PCS<\/li>\n<li>Ch\u1ee9a h\u01b0\u1edbng d\u1eabn l\u1eafp r\u00e1p chi ti\u1ebft.<\/li>\n<\/ol>\n<p>\u0110\u1ec3 \u00fd:<br \/>\n1. Kh\u00f4ng c\u00f3 h\u1ed9p ban \u0111\u1ea7u, nh\u01b0ng ch\u00fang t\u00f4i \u0111\u1ea3m b\u1ea3o s\u1ea3n ph\u1ea9m c\u1ee7a ch\u00fang t\u00f4i c\u00f3 ch\u1ea5t l\u01b0\u1ee3ng \u0111\u1ea3m b\u1ea3o v\u00e0 bao b\u00ec \u0111\u1eb9p.<br \/>\n2. V\u00ec t\u1ea5t c\u1ea3 c\u00e1c b\u1ed9 ph\u1eadn ch\u00fang t\u00f4i \u0111\u00e3 ki\u1ec3m tra tr\u01b0\u1edbc khi v\u1eadn chuy\u1ec3n, v\u00ec v\u1eady n\u1ebfu b\u1ea1n th\u1ea5y m\u1ed9t s\u1ed1 b\u1ed9 ph\u1eadn b\u1ecb thi\u1ebfu ho\u1eb7c h\u01b0 h\u1ecfng, \u0111\u1eebng lo l\u1eafng v\u00e0 ch\u1ec9 c\u1ea7n vui l\u00f2ng li\u00ean h\u1ec7 v\u1edbi ch\u00fang t\u00f4i v\u00e0 ch\u00fang t\u00f4i c\u00f3 th\u1ec3 g\u1eedi l\u1ea1i mi\u1ec5n ph\u00ed cho b\u1ea1n ngay l\u1eadp t\u1ee9c.<\/p>\n<figure id=\"attachment_35480\" aria-describedby=\"caption-attachment-35480\" style=\"width: 800px\" class=\"wp-caption aligncenter\"><img fetchpriority=\"high\" decoding=\"async\" class=\"wp-image-35480 size-full\" src=\"https:\/\/mouldking.store\/wp-content\/uploads\/2022\/11\/M1015-M1016-3441.jpg\" alt=\"JIHUI M1015 M1016 Standing Strawberry Bear Sitting Strawberry Bear With 728 Pieces\" width=\"800\" height=\"800\" title=\"-\" srcset=\"https:\/\/mouldking.store\/wp-content\/uploads\/2022\/11\/M1015-M1016-3441.jpg 800w, https:\/\/mouldking.store\/wp-content\/uploads\/2022\/11\/M1015-M1016-3441-300x300.jpg 300w, https:\/\/mouldking.store\/wp-content\/uploads\/2022\/11\/M1015-M1016-3441-768x768.jpg 768w, https:\/\/mouldking.store\/wp-content\/uploads\/2022\/11\/M1015-M1016-3441-600x600.jpg 600w, https:\/\/mouldking.store\/wp-content\/uploads\/2022\/11\/M1015-M1016-3441-150x150.jpg 150w, https:\/\/mouldking.store\/wp-content\/uploads\/2022\/11\/M1015-M1016-3441-60x60.jpg 60w, https:\/\/mouldking.store\/wp-content\/uploads\/2022\/11\/M1015-M1016-3441-90x90.jpg 90w\" sizes=\"(max-width: 800px) 100vw, 800px\" \/><figcaption id=\"caption-attachment-35480\" class=\"wp-caption-text\">JIHUI M1015 M1016 G\u1ea5u d\u00e2u \u0111\u1ee9ng G\u1ea5u d\u00e2u ng\u1ed3i v\u1edbi 728 mi\u1ebfng<\/figcaption><\/figure>\n<figure id=\"attachment_35481\" aria-describedby=\"caption-attachment-35481\" style=\"width: 800px\" class=\"wp-caption aligncenter\"><img decoding=\"async\" class=\"wp-image-35481 size-full\" src=\"https:\/\/mouldking.store\/wp-content\/uploads\/2022\/11\/M1015-1-1b38.jpg\" alt=\"JIHUI M1015 M1016 Standing Strawberry Bear Sitting Strawberry Bear With 728 Pieces\" width=\"800\" height=\"800\" title=\"-\" srcset=\"https:\/\/mouldking.store\/wp-content\/uploads\/2022\/11\/M1015-1-1b38.jpg 800w, https:\/\/mouldking.store\/wp-content\/uploads\/2022\/11\/M1015-1-1b38-300x300.jpg 300w, https:\/\/mouldking.store\/wp-content\/uploads\/2022\/11\/M1015-1-1b38-768x768.jpg 768w, https:\/\/mouldking.store\/wp-content\/uploads\/2022\/11\/M1015-1-1b38-600x600.jpg 600w, https:\/\/mouldking.store\/wp-content\/uploads\/2022\/11\/M1015-1-1b38-150x150.jpg 150w, https:\/\/mouldking.store\/wp-content\/uploads\/2022\/11\/M1015-1-1b38-60x60.jpg 60w, https:\/\/mouldking.store\/wp-content\/uploads\/2022\/11\/M1015-1-1b38-90x90.jpg 90w\" sizes=\"(max-width: 800px) 100vw, 800px\" \/><figcaption id=\"caption-attachment-35481\" class=\"wp-caption-text\">JIHUI M1015 M1016 G\u1ea5u d\u00e2u \u0111\u1ee9ng G\u1ea5u d\u00e2u ng\u1ed3i v\u1edbi 728 mi\u1ebfng<\/figcaption><\/figure>\n<figure id=\"attachment_35482\" aria-describedby=\"caption-attachment-35482\" style=\"width: 800px\" class=\"wp-caption aligncenter\"><img decoding=\"async\" class=\"wp-image-35482 size-full\" src=\"https:\/\/mouldking.store\/wp-content\/uploads\/2022\/11\/M1016-3-6e7f.jpg\" alt=\"JIHUI M1015 M1016 Standing Strawberry Bear Sitting Strawberry Bear With 728 Pieces\" width=\"800\" height=\"800\" title=\"-\" srcset=\"https:\/\/mouldking.store\/wp-content\/uploads\/2022\/11\/M1016-3-6e7f.jpg 800w, https:\/\/mouldking.store\/wp-content\/uploads\/2022\/11\/M1016-3-6e7f-300x300.jpg 300w, https:\/\/mouldking.store\/wp-content\/uploads\/2022\/11\/M1016-3-6e7f-768x768.jpg 768w, https:\/\/mouldking.store\/wp-content\/uploads\/2022\/11\/M1016-3-6e7f-600x600.jpg 600w, https:\/\/mouldking.store\/wp-content\/uploads\/2022\/11\/M1016-3-6e7f-150x150.jpg 150w, https:\/\/mouldking.store\/wp-content\/uploads\/2022\/11\/M1016-3-6e7f-60x60.jpg 60w, https:\/\/mouldking.store\/wp-content\/uploads\/2022\/11\/M1016-3-6e7f-90x90.jpg 90w\" sizes=\"(max-width: 800px) 100vw, 800px\" \/><figcaption id=\"caption-attachment-35482\" class=\"wp-caption-text\">JIHUI M1015 M1016 G\u1ea5u d\u00e2u \u0111\u1ee9ng G\u1ea5u d\u00e2u ng\u1ed3i v\u1edbi 728 mi\u1ebfng<\/figcaption><\/figure>\n<figure id=\"attachment_35483\" aria-describedby=\"caption-attachment-35483\" style=\"width: 800px\" class=\"wp-caption aligncenter\"><img loading=\"lazy\" decoding=\"async\" class=\"wp-image-35483 size-full\" src=\"https:\/\/mouldking.store\/wp-content\/uploads\/2022\/11\/M1016-1-1437.jpg\" alt=\"JIHUI M1015 M1016 Standing Strawberry Bear Sitting Strawberry Bear With 728 Pieces\" width=\"800\" height=\"800\" title=\"-\" srcset=\"https:\/\/mouldking.store\/wp-content\/uploads\/2022\/11\/M1016-1-1437.jpg 800w, https:\/\/mouldking.store\/wp-content\/uploads\/2022\/11\/M1016-1-1437-300x300.jpg 300w, https:\/\/mouldking.store\/wp-content\/uploads\/2022\/11\/M1016-1-1437-768x768.jpg 768w, https:\/\/mouldking.store\/wp-content\/uploads\/2022\/11\/M1016-1-1437-600x600.jpg 600w, https:\/\/mouldking.store\/wp-content\/uploads\/2022\/11\/M1016-1-1437-150x150.jpg 150w, https:\/\/mouldking.store\/wp-content\/uploads\/2022\/11\/M1016-1-1437-60x60.jpg 60w, https:\/\/mouldking.store\/wp-content\/uploads\/2022\/11\/M1016-1-1437-90x90.jpg 90w\" sizes=\"(max-width: 800px) 100vw, 800px\" \/><figcaption id=\"caption-attachment-35483\" class=\"wp-caption-text\">JIHUI M1015 M1016 G\u1ea5u d\u00e2u \u0111\u1ee9ng G\u1ea5u d\u00e2u ng\u1ed3i v\u1edbi 728 mi\u1ebfng<\/figcaption><\/figure>\n<figure id=\"attachment_35484\" aria-describedby=\"caption-attachment-35484\" style=\"width: 1024px\" class=\"wp-caption aligncenter\"><img loading=\"lazy\" decoding=\"async\" class=\"wp-image-35484 size-large\" src=\"https:\/\/mouldking.store\/wp-content\/uploads\/2022\/11\/M1016-2-c081-1024x1024.jpg\" alt=\"JIHUI M1015 M1016 Standing Strawberry Bear Sitting Strawberry Bear With 728 Pieces\" width=\"1024\" height=\"1024\" title=\"-\" srcset=\"https:\/\/mouldking.store\/wp-content\/uploads\/2022\/11\/M1016-2-c081-1024x1024.jpg 1024w, https:\/\/mouldking.store\/wp-content\/uploads\/2022\/11\/M1016-2-c081-300x300.jpg 300w, https:\/\/mouldking.store\/wp-content\/uploads\/2022\/11\/M1016-2-c081-768x768.jpg 768w, https:\/\/mouldking.store\/wp-content\/uploads\/2022\/11\/M1016-2-c081-1536x1536.jpg 1536w, https:\/\/mouldking.store\/wp-content\/uploads\/2022\/11\/M1016-2-c081-600x600.jpg 600w, https:\/\/mouldking.store\/wp-content\/uploads\/2022\/11\/M1016-2-c081-150x150.jpg 150w, https:\/\/mouldking.store\/wp-content\/uploads\/2022\/11\/M1016-2-c081-60x60.jpg 60w, https:\/\/mouldking.store\/wp-content\/uploads\/2022\/11\/M1016-2-c081-90x90.jpg 90w, https:\/\/mouldking.store\/wp-content\/uploads\/2022\/11\/M1016-2-c081.jpg 1920w\" sizes=\"(max-width: 1024px) 100vw, 1024px\" \/><figcaption id=\"caption-attachment-35484\" class=\"wp-caption-text\">JIHUI M1015 M1016 G\u1ea5u d\u00e2u \u0111\u1ee9ng G\u1ea5u d\u00e2u ng\u1ed3i v\u1edbi 728 mi\u1ebfng<\/figcaption><\/figure>","protected":false},"excerpt":{"rendered":"<p>Product information: Brand: JIHUI Gender: Unisex Name: Standing Strawberry Bear Sitting Strawberry Bear Age Range: &gt; 6 years old Model Number: M1015 M1016 Classification: Assemblage Plastic Block Shape: Self-Locking Bricks Material: Plastic Plastic Type: ABS Bricks Blocks:728 PCS Contains detailed assembly instructions. Notice: 1. Without an original box, but we guarantee our products have quality [&hellip;]<\/p>","protected":false},"featured_media":35480,"comment_status":"closed","ping_status":"closed","template":"","meta":{"_acf_changed":false},"product_cat":[1365],"product_tag":[2271,7590,7602,7603,7596,7597,7601,7598,7600,7599,7593],"class_list":["product","first","instock","shipping-taxable","purchasable","product-type-variable"],"acf":[],"_links":{"self":[{"href":"https:\/\/mouldking.store\/vi\/wp-json\/wp\/v2\/product\/35479","targetHints":{"allow":["GET"]}}],"collection":[{"href":"https:\/\/mouldking.store\/vi\/wp-json\/wp\/v2\/product"}],"about":[{"href":"https:\/\/mouldking.store\/vi\/wp-json\/wp\/v2\/types\/product"}],"replies":[{"embeddable":true,"href":"https:\/\/mouldking.store\/vi\/wp-json\/wp\/v2\/comments?post=35479"}],"wp:featuredmedia":[{"embeddable":true,"href":"https:\/\/mouldking.store\/vi\/wp-json\/wp\/v2\/media\/35480"}],"wp:attachment":[{"href":"https:\/\/mouldking.store\/vi\/wp-json\/wp\/v2\/media?parent=35479"}],"wp:term":[{"taxonomy":"product_cat","embeddable":true,"href":"https:\/\/mouldking.store\/vi\/wp-json\/wp\/v2\/product_cat?post=35479"},{"taxonomy":"product_tag","embeddable":true,"href":"https:\/\/mouldking.store\/vi\/wp-json\/wp\/v2\/product_tag?post=35479"}],"curies":[{"name":"wp","href":"https:\/\/api.w.org\/{rel}","templated":true}]}}