{"id":35487,"date":"2022-11-21T12:30:07","date_gmt":"2022-11-21T05:30:07","guid":{"rendered":"https:\/\/mouldking.store\/?post_type=product&#038;p=35487"},"modified":"2022-11-21T12:30:07","modified_gmt":"2022-11-21T05:30:07","slug":"forange-fc8508-dream-cottage-beauty-shop-with-539-pieces","status":"publish","type":"product","link":"https:\/\/mouldking.store\/vi\/shop\/forange-fc8508-dream-cottage-beauty-shop-with-539-pieces\/","title":{"rendered":"C\u1eeda H\u00e0ng L\u00e0m \u0110\u1eb9p Ng\u00f4i Nh\u00e0 M\u01a1 \u01af\u1edbc Forrange FC8508 V\u1edbi 539 Mi\u1ebfng"},"content":{"rendered":"<p>Th\u00f4ng tin s\u1ea3n ph\u1ea9m:<\/p>\n<ol>\n<li>Th\u01b0\u01a1ng hi\u1ec7u: Forange<\/li>\n<li>Gi\u1edbi t\u00ednh: Unisex<\/li>\n<li>T\u00ean: Dream Cottage Beauty Shop<\/li>\n<li>\u0110\u1ed9 tu\u1ed5i: &gt; 6 tu\u1ed5i<\/li>\n<li>S\u1ed1 m\u00f4 h\u00ecnh: FC8508<\/li>\n<li>Ph\u00e2n lo\u1ea1i: T\u1eadp h\u1ee3p<\/li>\n<li>H\u00ecnh d\u1ea1ng kh\u1ed1i nh\u1ef1a: G\u1ea1ch t\u1ef1 kh\u00f3a<\/li>\n<li>Ch\u1ea5t li\u1ec7u: Nh\u1ef1a<\/li>\n<li>Lo\u1ea1i nh\u1ef1a: ABS<\/li>\n<li>Kh\u1ed1i g\u1ea1ch: 539 C\u00c1I<\/li>\n<li>K\u00edch th\u01b0\u1edbc: 30\u00d77\u00d724 cm<\/li>\n<li>Ch\u1ee9a h\u01b0\u1edbng d\u1eabn l\u1eafp r\u00e1p chi ti\u1ebft.<\/li>\n<\/ol>\n<p>\u0110\u1ec3 \u00fd:<br \/>\n1. Kh\u00f4ng c\u00f3 h\u1ed9p ban \u0111\u1ea7u, nh\u01b0ng ch\u00fang t\u00f4i \u0111\u1ea3m b\u1ea3o s\u1ea3n ph\u1ea9m c\u1ee7a ch\u00fang t\u00f4i c\u00f3 ch\u1ea5t l\u01b0\u1ee3ng \u0111\u1ea3m b\u1ea3o v\u00e0 bao b\u00ec \u0111\u1eb9p.<br \/>\n2. V\u00ec t\u1ea5t c\u1ea3 c\u00e1c b\u1ed9 ph\u1eadn ch\u00fang t\u00f4i \u0111\u00e3 ki\u1ec3m tra tr\u01b0\u1edbc khi v\u1eadn chuy\u1ec3n, v\u00ec v\u1eady n\u1ebfu b\u1ea1n th\u1ea5y m\u1ed9t s\u1ed1 b\u1ed9 ph\u1eadn b\u1ecb thi\u1ebfu ho\u1eb7c h\u01b0 h\u1ecfng, \u0111\u1eebng lo l\u1eafng v\u00e0 ch\u1ec9 c\u1ea7n vui l\u00f2ng li\u00ean h\u1ec7 v\u1edbi ch\u00fang t\u00f4i v\u00e0 ch\u00fang t\u00f4i c\u00f3 th\u1ec3 g\u1eedi l\u1ea1i mi\u1ec5n ph\u00ed cho b\u1ea1n ngay l\u1eadp t\u1ee9c.<\/p>\n<figure id=\"attachment_35488\" aria-describedby=\"caption-attachment-35488\" style=\"width: 800px\" class=\"wp-caption aligncenter\"><img fetchpriority=\"high\" decoding=\"async\" class=\"wp-image-35488 size-full\" src=\"https:\/\/mouldking.store\/wp-content\/uploads\/2022\/11\/FC8508-1-3537.jpg\" alt=\"Forange FC8508 Dream Cottage Beauty Shop With 539 Pieces\" width=\"800\" height=\"800\" title=\"-\" srcset=\"https:\/\/mouldking.store\/wp-content\/uploads\/2022\/11\/FC8508-1-3537.jpg 800w, https:\/\/mouldking.store\/wp-content\/uploads\/2022\/11\/FC8508-1-3537-300x300.jpg 300w, https:\/\/mouldking.store\/wp-content\/uploads\/2022\/11\/FC8508-1-3537-768x768.jpg 768w, https:\/\/mouldking.store\/wp-content\/uploads\/2022\/11\/FC8508-1-3537-600x600.jpg 600w, https:\/\/mouldking.store\/wp-content\/uploads\/2022\/11\/FC8508-1-3537-150x150.jpg 150w, https:\/\/mouldking.store\/wp-content\/uploads\/2022\/11\/FC8508-1-3537-60x60.jpg 60w, https:\/\/mouldking.store\/wp-content\/uploads\/2022\/11\/FC8508-1-3537-90x90.jpg 90w\" sizes=\"(max-width: 800px) 100vw, 800px\" \/><figcaption id=\"caption-attachment-35488\" class=\"wp-caption-text\">C\u1eeda H\u00e0ng L\u00e0m \u0110\u1eb9p Ng\u00f4i Nh\u00e0 M\u01a1 \u01af\u1edbc Forrange FC8508 V\u1edbi 539 Mi\u1ebfng<\/figcaption><\/figure>\n<figure id=\"attachment_35489\" aria-describedby=\"caption-attachment-35489\" style=\"width: 800px\" class=\"wp-caption aligncenter\"><img decoding=\"async\" class=\"wp-image-35489 size-full\" src=\"https:\/\/mouldking.store\/wp-content\/uploads\/2022\/11\/FC8508-2-495c.jpg\" alt=\"Forange FC8508 Dream Cottage Beauty Shop With 539 Pieces\" width=\"800\" height=\"800\" title=\"-\" srcset=\"https:\/\/mouldking.store\/wp-content\/uploads\/2022\/11\/FC8508-2-495c.jpg 800w, https:\/\/mouldking.store\/wp-content\/uploads\/2022\/11\/FC8508-2-495c-300x300.jpg 300w, https:\/\/mouldking.store\/wp-content\/uploads\/2022\/11\/FC8508-2-495c-768x768.jpg 768w, https:\/\/mouldking.store\/wp-content\/uploads\/2022\/11\/FC8508-2-495c-600x600.jpg 600w, https:\/\/mouldking.store\/wp-content\/uploads\/2022\/11\/FC8508-2-495c-150x150.jpg 150w, https:\/\/mouldking.store\/wp-content\/uploads\/2022\/11\/FC8508-2-495c-60x60.jpg 60w, https:\/\/mouldking.store\/wp-content\/uploads\/2022\/11\/FC8508-2-495c-90x90.jpg 90w\" sizes=\"(max-width: 800px) 100vw, 800px\" \/><figcaption id=\"caption-attachment-35489\" class=\"wp-caption-text\">C\u1eeda H\u00e0ng L\u00e0m \u0110\u1eb9p Ng\u00f4i Nh\u00e0 M\u01a1 \u01af\u1edbc Forrange FC8508 V\u1edbi 539 Mi\u1ebfng<\/figcaption><\/figure>\n<figure id=\"attachment_35490\" aria-describedby=\"caption-attachment-35490\" style=\"width: 800px\" class=\"wp-caption aligncenter\"><img decoding=\"async\" class=\"wp-image-35490 size-full\" src=\"https:\/\/mouldking.store\/wp-content\/uploads\/2022\/11\/FC8508-3-3bab.jpg\" alt=\"Forange FC8508 Dream Cottage Beauty Shop With 539 Pieces\" width=\"800\" height=\"800\" title=\"-\" srcset=\"https:\/\/mouldking.store\/wp-content\/uploads\/2022\/11\/FC8508-3-3bab.jpg 800w, https:\/\/mouldking.store\/wp-content\/uploads\/2022\/11\/FC8508-3-3bab-300x300.jpg 300w, https:\/\/mouldking.store\/wp-content\/uploads\/2022\/11\/FC8508-3-3bab-768x768.jpg 768w, https:\/\/mouldking.store\/wp-content\/uploads\/2022\/11\/FC8508-3-3bab-600x600.jpg 600w, https:\/\/mouldking.store\/wp-content\/uploads\/2022\/11\/FC8508-3-3bab-150x150.jpg 150w, https:\/\/mouldking.store\/wp-content\/uploads\/2022\/11\/FC8508-3-3bab-60x60.jpg 60w, https:\/\/mouldking.store\/wp-content\/uploads\/2022\/11\/FC8508-3-3bab-90x90.jpg 90w\" sizes=\"(max-width: 800px) 100vw, 800px\" \/><figcaption id=\"caption-attachment-35490\" class=\"wp-caption-text\">C\u1eeda H\u00e0ng L\u00e0m \u0110\u1eb9p Ng\u00f4i Nh\u00e0 M\u01a1 \u01af\u1edbc Forrange FC8508 V\u1edbi 539 Mi\u1ebfng<\/figcaption><\/figure>\n<figure id=\"attachment_35491\" aria-describedby=\"caption-attachment-35491\" style=\"width: 800px\" class=\"wp-caption aligncenter\"><img loading=\"lazy\" decoding=\"async\" class=\"wp-image-35491 size-full\" src=\"https:\/\/mouldking.store\/wp-content\/uploads\/2022\/11\/FC8508-4-8447.jpg\" alt=\"Forange FC8508 Dream Cottage Beauty Shop With 539 Pieces\" width=\"800\" height=\"800\" title=\"-\" srcset=\"https:\/\/mouldking.store\/wp-content\/uploads\/2022\/11\/FC8508-4-8447.jpg 800w, https:\/\/mouldking.store\/wp-content\/uploads\/2022\/11\/FC8508-4-8447-300x300.jpg 300w, https:\/\/mouldking.store\/wp-content\/uploads\/2022\/11\/FC8508-4-8447-768x768.jpg 768w, https:\/\/mouldking.store\/wp-content\/uploads\/2022\/11\/FC8508-4-8447-600x600.jpg 600w, https:\/\/mouldking.store\/wp-content\/uploads\/2022\/11\/FC8508-4-8447-150x150.jpg 150w, https:\/\/mouldking.store\/wp-content\/uploads\/2022\/11\/FC8508-4-8447-60x60.jpg 60w, https:\/\/mouldking.store\/wp-content\/uploads\/2022\/11\/FC8508-4-8447-90x90.jpg 90w\" sizes=\"(max-width: 800px) 100vw, 800px\" \/><figcaption id=\"caption-attachment-35491\" class=\"wp-caption-text\">C\u1eeda H\u00e0ng L\u00e0m \u0110\u1eb9p Ng\u00f4i Nh\u00e0 M\u01a1 \u01af\u1edbc Forrange FC8508 V\u1edbi 539 Mi\u1ebfng<\/figcaption><\/figure>","protected":false},"excerpt":{"rendered":"<p>Product information: Brand: Forange Gender: Unisex Name: Dream Cottage Beauty Shop Age Range: &gt; 6 years old Model Number: FC8508 Classification: Assemblage Plastic Block Shape: Self-Locking Bricks Material: Plastic Plastic Type: ABS Bricks Blocks:539 PCS Size: 30 \u00d7 7 \u00d7 24 cm Contains detailed assembly instructions. Notice: 1. Without an original box, but we guarantee [&hellip;]<\/p>","protected":false},"featured_media":35488,"comment_status":"closed","ping_status":"closed","template":"","meta":{"_acf_changed":false},"product_cat":[1395],"product_tag":[7606,6659,7608,7605,2595,7607,7609,7604],"class_list":["product","first","instock","shipping-taxable","purchasable","product-type-simple"],"acf":[],"_links":{"self":[{"href":"https:\/\/mouldking.store\/vi\/wp-json\/wp\/v2\/product\/35487","targetHints":{"allow":["GET"]}}],"collection":[{"href":"https:\/\/mouldking.store\/vi\/wp-json\/wp\/v2\/product"}],"about":[{"href":"https:\/\/mouldking.store\/vi\/wp-json\/wp\/v2\/types\/product"}],"replies":[{"embeddable":true,"href":"https:\/\/mouldking.store\/vi\/wp-json\/wp\/v2\/comments?post=35487"}],"wp:featuredmedia":[{"embeddable":true,"href":"https:\/\/mouldking.store\/vi\/wp-json\/wp\/v2\/media\/35488"}],"wp:attachment":[{"href":"https:\/\/mouldking.store\/vi\/wp-json\/wp\/v2\/media?parent=35487"}],"wp:term":[{"taxonomy":"product_cat","embeddable":true,"href":"https:\/\/mouldking.store\/vi\/wp-json\/wp\/v2\/product_cat?post=35487"},{"taxonomy":"product_tag","embeddable":true,"href":"https:\/\/mouldking.store\/vi\/wp-json\/wp\/v2\/product_tag?post=35487"}],"curies":[{"name":"wp","href":"https:\/\/api.w.org\/{rel}","templated":true}]}}