{"id":35504,"date":"2022-11-21T14:19:32","date_gmt":"2022-11-21T07:19:32","guid":{"rendered":"https:\/\/mouldking.store\/?post_type=product&#038;p=35504"},"modified":"2022-11-21T14:19:33","modified_gmt":"2022-11-21T07:19:33","slug":"jihui-w2301-w2302-star-strawberry-bear-winking-strawberry-bear-with-592-pieces","status":"publish","type":"product","link":"https:\/\/mouldking.store\/vi\/shop\/jihui-w2301-w2302-star-strawberry-bear-winking-strawberry-bear-with-592-pieces\/","title":{"rendered":"JIHUI W2301 W2302 Ng\u00f4i sao d\u00e2u t\u00e2y G\u1ea5u nh\u00e1y m\u1eaft v\u1edbi 592 mi\u1ebfng"},"content":{"rendered":"<p>Th\u00f4ng tin s\u1ea3n ph\u1ea9m:<\/p>\n<ol>\n<li>Brand: JIHUI<\/li>\n<li>Gi\u1edbi t\u00ednh: Unisex<\/li>\n<li>Name: Star Strawberry Bear Winking Strawberry Bear<\/li>\n<li>\u0110\u1ed9 tu\u1ed5i: &gt; 6 tu\u1ed5i<\/li>\n<li>Model Number: W2301 W2302<\/li>\n<li>Ph\u00e2n lo\u1ea1i: T\u1eadp h\u1ee3p<\/li>\n<li>H\u00ecnh d\u1ea1ng kh\u1ed1i nh\u1ef1a: G\u1ea1ch t\u1ef1 kh\u00f3a<\/li>\n<li>Ch\u1ea5t li\u1ec7u: Nh\u1ef1a<\/li>\n<li>Lo\u1ea1i nh\u1ef1a: ABS<\/li>\n<li>Kh\u1ed1i g\u1ea1ch: 592 C\u00c1I<\/li>\n<li>Size: W2301: 10.8x6x11.4cm; W2302: 7x7x1.6cm<\/li>\n<li>Ch\u1ee9a h\u01b0\u1edbng d\u1eabn l\u1eafp r\u00e1p chi ti\u1ebft.<\/li>\n<\/ol>\n<p>\u0110\u1ec3 \u00fd:<br \/>\n1. Kh\u00f4ng c\u00f3 h\u1ed9p ban \u0111\u1ea7u, nh\u01b0ng ch\u00fang t\u00f4i \u0111\u1ea3m b\u1ea3o s\u1ea3n ph\u1ea9m c\u1ee7a ch\u00fang t\u00f4i c\u00f3 ch\u1ea5t l\u01b0\u1ee3ng \u0111\u1ea3m b\u1ea3o v\u00e0 bao b\u00ec \u0111\u1eb9p.<br \/>\n2. V\u00ec t\u1ea5t c\u1ea3 c\u00e1c b\u1ed9 ph\u1eadn ch\u00fang t\u00f4i \u0111\u00e3 ki\u1ec3m tra tr\u01b0\u1edbc khi v\u1eadn chuy\u1ec3n, v\u00ec v\u1eady n\u1ebfu b\u1ea1n th\u1ea5y m\u1ed9t s\u1ed1 b\u1ed9 ph\u1eadn b\u1ecb thi\u1ebfu ho\u1eb7c h\u01b0 h\u1ecfng, \u0111\u1eebng lo l\u1eafng v\u00e0 ch\u1ec9 c\u1ea7n vui l\u00f2ng li\u00ean h\u1ec7 v\u1edbi ch\u00fang t\u00f4i v\u00e0 ch\u00fang t\u00f4i c\u00f3 th\u1ec3 g\u1eedi l\u1ea1i mi\u1ec5n ph\u00ed cho b\u1ea1n ngay l\u1eadp t\u1ee9c.<\/p>\n<figure id=\"attachment_35505\" aria-describedby=\"caption-attachment-35505\" style=\"width: 1024px\" class=\"wp-caption aligncenter\"><img fetchpriority=\"high\" decoding=\"async\" class=\"wp-image-35505 size-large\" src=\"https:\/\/mouldking.store\/wp-content\/uploads\/2022\/11\/JIHUI-W2301-W2302-1024x1024.png\" alt=\"JIHUI W2301 W2302 Star Strawberry Bear Winking Strawberry Bear With 592 Pieces\" width=\"1024\" height=\"1024\" title=\"-\" srcset=\"https:\/\/mouldking.store\/wp-content\/uploads\/2022\/11\/JIHUI-W2301-W2302-1024x1024.png 1024w, https:\/\/mouldking.store\/wp-content\/uploads\/2022\/11\/JIHUI-W2301-W2302-300x300.png 300w, https:\/\/mouldking.store\/wp-content\/uploads\/2022\/11\/JIHUI-W2301-W2302-768x768.png 768w, https:\/\/mouldking.store\/wp-content\/uploads\/2022\/11\/JIHUI-W2301-W2302-600x600.png 600w, https:\/\/mouldking.store\/wp-content\/uploads\/2022\/11\/JIHUI-W2301-W2302-150x150.png 150w, https:\/\/mouldking.store\/wp-content\/uploads\/2022\/11\/JIHUI-W2301-W2302-60x60.png 60w, https:\/\/mouldking.store\/wp-content\/uploads\/2022\/11\/JIHUI-W2301-W2302-90x90.png 90w, https:\/\/mouldking.store\/wp-content\/uploads\/2022\/11\/JIHUI-W2301-W2302.png 1536w\" sizes=\"(max-width: 1024px) 100vw, 1024px\" \/><figcaption id=\"caption-attachment-35505\" class=\"wp-caption-text\">JIHUI W2301 W2302 Ng\u00f4i sao d\u00e2u t\u00e2y G\u1ea5u nh\u00e1y m\u1eaft v\u1edbi 592 mi\u1ebfng<\/figcaption><\/figure>\n<figure id=\"attachment_35506\" aria-describedby=\"caption-attachment-35506\" style=\"width: 1024px\" class=\"wp-caption aligncenter\"><img decoding=\"async\" class=\"wp-image-35506 size-large\" src=\"https:\/\/mouldking.store\/wp-content\/uploads\/2022\/11\/W2301-a9ce-1024x821.jpg\" alt=\"JIHUI W2301 W2302 Star Strawberry Bear Winking Strawberry Bear With 592 Pieces\" width=\"1024\" height=\"821\" title=\"-\" srcset=\"https:\/\/mouldking.store\/wp-content\/uploads\/2022\/11\/W2301-a9ce-1024x821.jpg 1024w, https:\/\/mouldking.store\/wp-content\/uploads\/2022\/11\/W2301-a9ce-300x241.jpg 300w, https:\/\/mouldking.store\/wp-content\/uploads\/2022\/11\/W2301-a9ce-768x616.jpg 768w, https:\/\/mouldking.store\/wp-content\/uploads\/2022\/11\/W2301-a9ce-600x481.jpg 600w, https:\/\/mouldking.store\/wp-content\/uploads\/2022\/11\/W2301-a9ce-150x120.jpg 150w, https:\/\/mouldking.store\/wp-content\/uploads\/2022\/11\/W2301-a9ce-75x60.jpg 75w, https:\/\/mouldking.store\/wp-content\/uploads\/2022\/11\/W2301-a9ce-112x90.jpg 112w, https:\/\/mouldking.store\/wp-content\/uploads\/2022\/11\/W2301-a9ce.jpg 1347w\" sizes=\"(max-width: 1024px) 100vw, 1024px\" \/><figcaption id=\"caption-attachment-35506\" class=\"wp-caption-text\">JIHUI W2301 W2302 Ng\u00f4i sao d\u00e2u t\u00e2y G\u1ea5u nh\u00e1y m\u1eaft v\u1edbi 592 mi\u1ebfng<\/figcaption><\/figure>\n<figure id=\"attachment_35507\" aria-describedby=\"caption-attachment-35507\" style=\"width: 1024px\" class=\"wp-caption aligncenter\"><img decoding=\"async\" class=\"wp-image-35507 size-large\" src=\"https:\/\/mouldking.store\/wp-content\/uploads\/2022\/11\/W2302-59d5-1024x821.jpg\" alt=\"JIHUI W2301 W2302 Star Strawberry Bear Winking Strawberry Bear With 592 Pieces\" width=\"1024\" height=\"821\" title=\"-\" srcset=\"https:\/\/mouldking.store\/wp-content\/uploads\/2022\/11\/W2302-59d5-1024x821.jpg 1024w, https:\/\/mouldking.store\/wp-content\/uploads\/2022\/11\/W2302-59d5-300x241.jpg 300w, https:\/\/mouldking.store\/wp-content\/uploads\/2022\/11\/W2302-59d5-768x616.jpg 768w, https:\/\/mouldking.store\/wp-content\/uploads\/2022\/11\/W2302-59d5-600x481.jpg 600w, https:\/\/mouldking.store\/wp-content\/uploads\/2022\/11\/W2302-59d5-150x120.jpg 150w, https:\/\/mouldking.store\/wp-content\/uploads\/2022\/11\/W2302-59d5-75x60.jpg 75w, https:\/\/mouldking.store\/wp-content\/uploads\/2022\/11\/W2302-59d5-112x90.jpg 112w, https:\/\/mouldking.store\/wp-content\/uploads\/2022\/11\/W2302-59d5.jpg 1347w\" sizes=\"(max-width: 1024px) 100vw, 1024px\" \/><figcaption id=\"caption-attachment-35507\" class=\"wp-caption-text\">JIHUI W2301 W2302 Ng\u00f4i sao d\u00e2u t\u00e2y G\u1ea5u nh\u00e1y m\u1eaft v\u1edbi 592 mi\u1ebfng<\/figcaption><\/figure>","protected":false},"excerpt":{"rendered":"<p>Product information: Brand: JIHUI Gender: Unisex Name: Star Strawberry Bear Winking Strawberry Bear Age Range: &gt; 6 years old Model Number: W2301 W2302 Classification: Assemblage Plastic Block Shape: Self-Locking Bricks Material: Plastic Plastic Type: ABS Bricks Blocks:592 PCS Size: W2301: 10.8x6x11.4cm; W2302: 7x7x1.6cm Contains detailed assembly instructions. Notice: 1. Without an original box, but we [&hellip;]<\/p>","protected":false},"featured_media":35505,"comment_status":"closed","ping_status":"closed","template":"","meta":{"_acf_changed":false},"product_cat":[1365],"product_tag":[7626,2271,7590,7628,7630,7622,673,7593,7623,7629,7624,7625,7627],"class_list":["product","first","instock","shipping-taxable","purchasable","product-type-variable"],"acf":[],"_links":{"self":[{"href":"https:\/\/mouldking.store\/vi\/wp-json\/wp\/v2\/product\/35504","targetHints":{"allow":["GET"]}}],"collection":[{"href":"https:\/\/mouldking.store\/vi\/wp-json\/wp\/v2\/product"}],"about":[{"href":"https:\/\/mouldking.store\/vi\/wp-json\/wp\/v2\/types\/product"}],"replies":[{"embeddable":true,"href":"https:\/\/mouldking.store\/vi\/wp-json\/wp\/v2\/comments?post=35504"}],"wp:featuredmedia":[{"embeddable":true,"href":"https:\/\/mouldking.store\/vi\/wp-json\/wp\/v2\/media\/35505"}],"wp:attachment":[{"href":"https:\/\/mouldking.store\/vi\/wp-json\/wp\/v2\/media?parent=35504"}],"wp:term":[{"taxonomy":"product_cat","embeddable":true,"href":"https:\/\/mouldking.store\/vi\/wp-json\/wp\/v2\/product_cat?post=35504"},{"taxonomy":"product_tag","embeddable":true,"href":"https:\/\/mouldking.store\/vi\/wp-json\/wp\/v2\/product_tag?post=35504"}],"curies":[{"name":"wp","href":"https:\/\/api.w.org\/{rel}","templated":true}]}}