{"id":35618,"date":"2022-11-21T16:53:00","date_gmt":"2022-11-21T09:53:00","guid":{"rendered":"https:\/\/mouldking.store\/?post_type=product&#038;p=35618"},"modified":"2022-11-21T16:53:00","modified_gmt":"2022-11-21T09:53:00","slug":"sluban-m38-b1097-speed-champions-yellow-930-racers-sports-car-with-290-pieces","status":"publish","type":"product","link":"https:\/\/mouldking.store\/vi\/shop\/sluban-m38-b1097-speed-champions-yellow-930-racers-sports-car-with-290-pieces\/","title":{"rendered":"Sluban M38-B1097 Speed Champions Yellow 930 Racers Xe th\u1ec3 thao v\u1edbi 290 mi\u1ebfng"},"content":{"rendered":"<p>Th\u00f4ng tin s\u1ea3n ph\u1ea9m:<\/p>\n<ol>\n<li>Th\u01b0\u01a1ng hi\u1ec7u: Sluban<\/li>\n<li>Gi\u1edbi t\u00ednh: Unisex<\/li>\n<li>Name: Speed Champions Yellow 930 Racers Sports Car<\/li>\n<li>\u0110\u1ed9 tu\u1ed5i: &gt; 6 tu\u1ed5i<\/li>\n<li>Model Number: M38-B1097<\/li>\n<li>Ph\u00e2n lo\u1ea1i: T\u1eadp h\u1ee3p<\/li>\n<li>H\u00ecnh d\u1ea1ng kh\u1ed1i nh\u1ef1a: G\u1ea1ch t\u1ef1 kh\u00f3a<\/li>\n<li>Ch\u1ea5t li\u1ec7u: Nh\u1ef1a<\/li>\n<li>Lo\u1ea1i nh\u1ef1a: ABS<\/li>\n<li>Bricks Blocks:290 PCS<\/li>\n<li>Size: \u00a016 cm<\/li>\n<li>Ch\u1ee9a h\u01b0\u1edbng d\u1eabn l\u1eafp r\u00e1p chi ti\u1ebft.<\/li>\n<\/ol>\n<p>\u0110\u1ec3 \u00fd:<br \/>\n1. Kh\u00f4ng c\u00f3 h\u1ed9p ban \u0111\u1ea7u, nh\u01b0ng ch\u00fang t\u00f4i \u0111\u1ea3m b\u1ea3o s\u1ea3n ph\u1ea9m c\u1ee7a ch\u00fang t\u00f4i c\u00f3 ch\u1ea5t l\u01b0\u1ee3ng \u0111\u1ea3m b\u1ea3o v\u00e0 bao b\u00ec \u0111\u1eb9p.<br \/>\n2. V\u00ec t\u1ea5t c\u1ea3 c\u00e1c b\u1ed9 ph\u1eadn ch\u00fang t\u00f4i \u0111\u00e3 ki\u1ec3m tra tr\u01b0\u1edbc khi v\u1eadn chuy\u1ec3n, v\u00ec v\u1eady n\u1ebfu b\u1ea1n th\u1ea5y m\u1ed9t s\u1ed1 b\u1ed9 ph\u1eadn b\u1ecb thi\u1ebfu ho\u1eb7c h\u01b0 h\u1ecfng, \u0111\u1eebng lo l\u1eafng v\u00e0 ch\u1ec9 c\u1ea7n vui l\u00f2ng li\u00ean h\u1ec7 v\u1edbi ch\u00fang t\u00f4i v\u00e0 ch\u00fang t\u00f4i c\u00f3 th\u1ec3 g\u1eedi l\u1ea1i mi\u1ec5n ph\u00ed cho b\u1ea1n ngay l\u1eadp t\u1ee9c.<\/p>\n<figure id=\"attachment_35619\" aria-describedby=\"caption-attachment-35619\" style=\"width: 800px\" class=\"wp-caption aligncenter\"><img fetchpriority=\"high\" decoding=\"async\" class=\"wp-image-35619 size-full\" src=\"https:\/\/mouldking.store\/wp-content\/uploads\/2022\/11\/Speed-Champions-Yellow-930-Racers-Sports-Car-2.jpg\" alt=\"Sluban M38-B1097 Speed Champions Yellow 930 Racers Sports Car With 290 Pieces\" width=\"800\" height=\"800\" title=\"-\" srcset=\"https:\/\/mouldking.store\/wp-content\/uploads\/2022\/11\/Speed-Champions-Yellow-930-Racers-Sports-Car-2.jpg 800w, https:\/\/mouldking.store\/wp-content\/uploads\/2022\/11\/Speed-Champions-Yellow-930-Racers-Sports-Car-2-300x300.jpg 300w, https:\/\/mouldking.store\/wp-content\/uploads\/2022\/11\/Speed-Champions-Yellow-930-Racers-Sports-Car-2-768x768.jpg 768w, https:\/\/mouldking.store\/wp-content\/uploads\/2022\/11\/Speed-Champions-Yellow-930-Racers-Sports-Car-2-600x600.jpg 600w, https:\/\/mouldking.store\/wp-content\/uploads\/2022\/11\/Speed-Champions-Yellow-930-Racers-Sports-Car-2-150x150.jpg 150w, https:\/\/mouldking.store\/wp-content\/uploads\/2022\/11\/Speed-Champions-Yellow-930-Racers-Sports-Car-2-60x60.jpg 60w, https:\/\/mouldking.store\/wp-content\/uploads\/2022\/11\/Speed-Champions-Yellow-930-Racers-Sports-Car-2-90x90.jpg 90w\" sizes=\"(max-width: 800px) 100vw, 800px\" \/><figcaption id=\"caption-attachment-35619\" class=\"wp-caption-text\">Sluban M38-B1097 Speed Champions Yellow 930 Racers Xe th\u1ec3 thao v\u1edbi 290 mi\u1ebfng<\/figcaption><\/figure>\n<figure id=\"attachment_35620\" aria-describedby=\"caption-attachment-35620\" style=\"width: 800px\" class=\"wp-caption aligncenter\"><img decoding=\"async\" class=\"wp-image-35620 size-full\" src=\"https:\/\/mouldking.store\/wp-content\/uploads\/2022\/11\/Speed-Champions-Yellow-930-Racers-Sports-Car-1.jpg\" alt=\"Sluban M38-B1097 Speed Champions Yellow 930 Racers Sports Car With 290 Pieces\" width=\"800\" height=\"800\" title=\"-\" srcset=\"https:\/\/mouldking.store\/wp-content\/uploads\/2022\/11\/Speed-Champions-Yellow-930-Racers-Sports-Car-1.jpg 800w, https:\/\/mouldking.store\/wp-content\/uploads\/2022\/11\/Speed-Champions-Yellow-930-Racers-Sports-Car-1-300x300.jpg 300w, https:\/\/mouldking.store\/wp-content\/uploads\/2022\/11\/Speed-Champions-Yellow-930-Racers-Sports-Car-1-768x768.jpg 768w, https:\/\/mouldking.store\/wp-content\/uploads\/2022\/11\/Speed-Champions-Yellow-930-Racers-Sports-Car-1-600x600.jpg 600w, https:\/\/mouldking.store\/wp-content\/uploads\/2022\/11\/Speed-Champions-Yellow-930-Racers-Sports-Car-1-150x150.jpg 150w, https:\/\/mouldking.store\/wp-content\/uploads\/2022\/11\/Speed-Champions-Yellow-930-Racers-Sports-Car-1-60x60.jpg 60w, https:\/\/mouldking.store\/wp-content\/uploads\/2022\/11\/Speed-Champions-Yellow-930-Racers-Sports-Car-1-90x90.jpg 90w\" sizes=\"(max-width: 800px) 100vw, 800px\" \/><figcaption id=\"caption-attachment-35620\" class=\"wp-caption-text\">Sluban M38-B1097 Speed Champions Yellow 930 Racers Xe th\u1ec3 thao v\u1edbi 290 mi\u1ebfng<\/figcaption><\/figure>\n<figure id=\"attachment_35621\" aria-describedby=\"caption-attachment-35621\" style=\"width: 800px\" class=\"wp-caption aligncenter\"><img decoding=\"async\" class=\"wp-image-35621 size-full\" src=\"https:\/\/mouldking.store\/wp-content\/uploads\/2022\/11\/Speed-Champions-Yellow-930-Racers-Sports-Car-4.jpg\" alt=\"Sluban M38-B1097 Speed Champions Yellow 930 Racers Sports Car With 290 Pieces\" width=\"800\" height=\"800\" title=\"-\" srcset=\"https:\/\/mouldking.store\/wp-content\/uploads\/2022\/11\/Speed-Champions-Yellow-930-Racers-Sports-Car-4.jpg 800w, https:\/\/mouldking.store\/wp-content\/uploads\/2022\/11\/Speed-Champions-Yellow-930-Racers-Sports-Car-4-300x300.jpg 300w, https:\/\/mouldking.store\/wp-content\/uploads\/2022\/11\/Speed-Champions-Yellow-930-Racers-Sports-Car-4-768x768.jpg 768w, https:\/\/mouldking.store\/wp-content\/uploads\/2022\/11\/Speed-Champions-Yellow-930-Racers-Sports-Car-4-600x600.jpg 600w, https:\/\/mouldking.store\/wp-content\/uploads\/2022\/11\/Speed-Champions-Yellow-930-Racers-Sports-Car-4-150x150.jpg 150w, https:\/\/mouldking.store\/wp-content\/uploads\/2022\/11\/Speed-Champions-Yellow-930-Racers-Sports-Car-4-60x60.jpg 60w, https:\/\/mouldking.store\/wp-content\/uploads\/2022\/11\/Speed-Champions-Yellow-930-Racers-Sports-Car-4-90x90.jpg 90w\" sizes=\"(max-width: 800px) 100vw, 800px\" \/><figcaption id=\"caption-attachment-35621\" class=\"wp-caption-text\">Sluban M38-B1097 Speed Champions Yellow 930 Racers Xe th\u1ec3 thao v\u1edbi 290 mi\u1ebfng<\/figcaption><\/figure>\n<figure id=\"attachment_35622\" aria-describedby=\"caption-attachment-35622\" style=\"width: 800px\" class=\"wp-caption aligncenter\"><img loading=\"lazy\" decoding=\"async\" class=\"wp-image-35622 size-full\" src=\"https:\/\/mouldking.store\/wp-content\/uploads\/2022\/11\/Speed-Champions-Yellow-930-Racers-Sports-Car-3.jpg\" alt=\"Sluban M38-B1097 Speed Champions Yellow 930 Racers Sports Car With 290 Pieces\" width=\"800\" height=\"800\" title=\"-\" srcset=\"https:\/\/mouldking.store\/wp-content\/uploads\/2022\/11\/Speed-Champions-Yellow-930-Racers-Sports-Car-3.jpg 800w, https:\/\/mouldking.store\/wp-content\/uploads\/2022\/11\/Speed-Champions-Yellow-930-Racers-Sports-Car-3-300x300.jpg 300w, https:\/\/mouldking.store\/wp-content\/uploads\/2022\/11\/Speed-Champions-Yellow-930-Racers-Sports-Car-3-768x768.jpg 768w, https:\/\/mouldking.store\/wp-content\/uploads\/2022\/11\/Speed-Champions-Yellow-930-Racers-Sports-Car-3-600x600.jpg 600w, https:\/\/mouldking.store\/wp-content\/uploads\/2022\/11\/Speed-Champions-Yellow-930-Racers-Sports-Car-3-150x150.jpg 150w, https:\/\/mouldking.store\/wp-content\/uploads\/2022\/11\/Speed-Champions-Yellow-930-Racers-Sports-Car-3-60x60.jpg 60w, https:\/\/mouldking.store\/wp-content\/uploads\/2022\/11\/Speed-Champions-Yellow-930-Racers-Sports-Car-3-90x90.jpg 90w\" sizes=\"(max-width: 800px) 100vw, 800px\" \/><figcaption id=\"caption-attachment-35622\" class=\"wp-caption-text\">Sluban M38-B1097 Speed Champions Yellow 930 Racers Xe th\u1ec3 thao v\u1edbi 290 mi\u1ebfng<\/figcaption><\/figure>","protected":false},"excerpt":{"rendered":"<p>Kh\u00f4ng c\u00f3 nh\u00e2n v\u1eadt nh\u1ecf<\/p>","protected":false},"featured_media":35621,"comment_status":"closed","ping_status":"closed","template":"","meta":{"_acf_changed":false},"product_cat":[1360,1357],"product_tag":[6635,7767,7517,7770,7771,7766,6633,7769,5166,7768],"class_list":["product","first","instock","shipping-taxable","purchasable","product-type-simple"],"acf":[],"_links":{"self":[{"href":"https:\/\/mouldking.store\/vi\/wp-json\/wp\/v2\/product\/35618","targetHints":{"allow":["GET"]}}],"collection":[{"href":"https:\/\/mouldking.store\/vi\/wp-json\/wp\/v2\/product"}],"about":[{"href":"https:\/\/mouldking.store\/vi\/wp-json\/wp\/v2\/types\/product"}],"replies":[{"embeddable":true,"href":"https:\/\/mouldking.store\/vi\/wp-json\/wp\/v2\/comments?post=35618"}],"wp:featuredmedia":[{"embeddable":true,"href":"https:\/\/mouldking.store\/vi\/wp-json\/wp\/v2\/media\/35621"}],"wp:attachment":[{"href":"https:\/\/mouldking.store\/vi\/wp-json\/wp\/v2\/media?parent=35618"}],"wp:term":[{"taxonomy":"product_cat","embeddable":true,"href":"https:\/\/mouldking.store\/vi\/wp-json\/wp\/v2\/product_cat?post=35618"},{"taxonomy":"product_tag","embeddable":true,"href":"https:\/\/mouldking.store\/vi\/wp-json\/wp\/v2\/product_tag?post=35618"}],"curies":[{"name":"wp","href":"https:\/\/api.w.org\/{rel}","templated":true}]}}