{"id":35629,"date":"2022-11-21T17:05:34","date_gmt":"2022-11-21T10:05:34","guid":{"rendered":"https:\/\/mouldking.store\/?post_type=product&#038;p=35629"},"modified":"2022-11-21T17:05:35","modified_gmt":"2022-11-21T10:05:35","slug":"mji-13004-phantom-wyevrn-with-1174-pieces","status":"publish","type":"product","link":"https:\/\/mouldking.store\/vi\/shop\/mji-13004-phantom-wyevrn-with-1174-pieces\/","title":{"rendered":"MJI 13004 Phantom Wyevrn V\u1edbi 1174 M\u1ea3nh Gh\u00e9p"},"content":{"rendered":"<p>Th\u00f4ng tin s\u1ea3n ph\u1ea9m:<\/p>\n<ol>\n<li>Th\u01b0\u01a1ng hi\u1ec7u: MJI<\/li>\n<li>Gi\u1edbi t\u00ednh: Unisex<\/li>\n<li>T\u00ean: Phantom Wyevrn<\/li>\n<li>\u0110\u1ed9 tu\u1ed5i: &gt; 6 tu\u1ed5i<\/li>\n<li>S\u1ed1 m\u00f4 h\u00ecnh: 13004<\/li>\n<li>Ph\u00e2n lo\u1ea1i: T\u1eadp h\u1ee3p<\/li>\n<li>H\u00ecnh d\u1ea1ng kh\u1ed1i nh\u1ef1a: G\u1ea1ch t\u1ef1 kh\u00f3a<\/li>\n<li>Ch\u1ea5t li\u1ec7u: Nh\u1ef1a<\/li>\n<li>Lo\u1ea1i nh\u1ef1a: ABS<\/li>\n<li>Kh\u1ed1i g\u1ea1ch: 1174 C\u00c1I<\/li>\n<li>K\u00edch th\u01b0\u1edbc: 55 x 65 x36 cm<\/li>\n<li>Ch\u1ee9a h\u01b0\u1edbng d\u1eabn l\u1eafp r\u00e1p chi ti\u1ebft.<\/li>\n<\/ol>\n<p>\u0110\u1ec3 \u00fd:<br \/>\n1. Kh\u00f4ng c\u00f3 h\u1ed9p ban \u0111\u1ea7u, nh\u01b0ng ch\u00fang t\u00f4i \u0111\u1ea3m b\u1ea3o s\u1ea3n ph\u1ea9m c\u1ee7a ch\u00fang t\u00f4i c\u00f3 ch\u1ea5t l\u01b0\u1ee3ng \u0111\u1ea3m b\u1ea3o v\u00e0 bao b\u00ec \u0111\u1eb9p.<br \/>\n2. V\u00ec t\u1ea5t c\u1ea3 c\u00e1c b\u1ed9 ph\u1eadn ch\u00fang t\u00f4i \u0111\u00e3 ki\u1ec3m tra tr\u01b0\u1edbc khi v\u1eadn chuy\u1ec3n, v\u00ec v\u1eady n\u1ebfu b\u1ea1n th\u1ea5y m\u1ed9t s\u1ed1 b\u1ed9 ph\u1eadn b\u1ecb thi\u1ebfu ho\u1eb7c h\u01b0 h\u1ecfng, \u0111\u1eebng lo l\u1eafng v\u00e0 ch\u1ec9 c\u1ea7n vui l\u00f2ng li\u00ean h\u1ec7 v\u1edbi ch\u00fang t\u00f4i v\u00e0 ch\u00fang t\u00f4i c\u00f3 th\u1ec3 g\u1eedi l\u1ea1i mi\u1ec5n ph\u00ed cho b\u1ea1n ngay l\u1eadp t\u1ee9c.<\/p>\n<figure id=\"attachment_35630\" aria-describedby=\"caption-attachment-35630\" style=\"width: 800px\" class=\"wp-caption aligncenter\"><img fetchpriority=\"high\" decoding=\"async\" class=\"wp-image-35630 size-full\" src=\"https:\/\/mouldking.store\/wp-content\/uploads\/2022\/11\/Phantom-Wyevrn-MJI-13004-6.jpg\" alt=\"MJI 13004 Phantom Wyevrn With 1174 Pieces\" width=\"800\" height=\"800\" title=\"-\" srcset=\"https:\/\/mouldking.store\/wp-content\/uploads\/2022\/11\/Phantom-Wyevrn-MJI-13004-6.jpg 800w, https:\/\/mouldking.store\/wp-content\/uploads\/2022\/11\/Phantom-Wyevrn-MJI-13004-6-300x300.jpg 300w, https:\/\/mouldking.store\/wp-content\/uploads\/2022\/11\/Phantom-Wyevrn-MJI-13004-6-768x768.jpg 768w, https:\/\/mouldking.store\/wp-content\/uploads\/2022\/11\/Phantom-Wyevrn-MJI-13004-6-600x600.jpg 600w, https:\/\/mouldking.store\/wp-content\/uploads\/2022\/11\/Phantom-Wyevrn-MJI-13004-6-150x150.jpg 150w, https:\/\/mouldking.store\/wp-content\/uploads\/2022\/11\/Phantom-Wyevrn-MJI-13004-6-60x60.jpg 60w, https:\/\/mouldking.store\/wp-content\/uploads\/2022\/11\/Phantom-Wyevrn-MJI-13004-6-90x90.jpg 90w\" sizes=\"(max-width: 800px) 100vw, 800px\" \/><figcaption id=\"caption-attachment-35630\" class=\"wp-caption-text\">MJI 13004 Phantom Wyevrn V\u1edbi 1174 M\u1ea3nh Gh\u00e9p<\/figcaption><\/figure>\n<figure id=\"attachment_35631\" aria-describedby=\"caption-attachment-35631\" style=\"width: 800px\" class=\"wp-caption aligncenter\"><img decoding=\"async\" class=\"wp-image-35631 size-full\" src=\"https:\/\/mouldking.store\/wp-content\/uploads\/2022\/11\/Phantom-Wyevrn-MJI-13004-5.jpg\" alt=\"MJI 13004 Phantom Wyevrn With 1174 Pieces\" width=\"800\" height=\"800\" title=\"-\" srcset=\"https:\/\/mouldking.store\/wp-content\/uploads\/2022\/11\/Phantom-Wyevrn-MJI-13004-5.jpg 800w, https:\/\/mouldking.store\/wp-content\/uploads\/2022\/11\/Phantom-Wyevrn-MJI-13004-5-300x300.jpg 300w, https:\/\/mouldking.store\/wp-content\/uploads\/2022\/11\/Phantom-Wyevrn-MJI-13004-5-768x768.jpg 768w, https:\/\/mouldking.store\/wp-content\/uploads\/2022\/11\/Phantom-Wyevrn-MJI-13004-5-600x600.jpg 600w, https:\/\/mouldking.store\/wp-content\/uploads\/2022\/11\/Phantom-Wyevrn-MJI-13004-5-150x150.jpg 150w, https:\/\/mouldking.store\/wp-content\/uploads\/2022\/11\/Phantom-Wyevrn-MJI-13004-5-60x60.jpg 60w, https:\/\/mouldking.store\/wp-content\/uploads\/2022\/11\/Phantom-Wyevrn-MJI-13004-5-90x90.jpg 90w\" sizes=\"(max-width: 800px) 100vw, 800px\" \/><figcaption id=\"caption-attachment-35631\" class=\"wp-caption-text\">MJI 13004 Phantom Wyevrn V\u1edbi 1174 M\u1ea3nh Gh\u00e9p<\/figcaption><\/figure>\n<figure id=\"attachment_35632\" aria-describedby=\"caption-attachment-35632\" style=\"width: 800px\" class=\"wp-caption aligncenter\"><img decoding=\"async\" class=\"wp-image-35632 size-full\" src=\"https:\/\/mouldking.store\/wp-content\/uploads\/2022\/11\/Phantom-Wyevrn-MJI-13004-4.jpg\" alt=\"MJI 13004 Phantom Wyevrn With 1174 Pieces\" width=\"800\" height=\"800\" title=\"-\" srcset=\"https:\/\/mouldking.store\/wp-content\/uploads\/2022\/11\/Phantom-Wyevrn-MJI-13004-4.jpg 800w, https:\/\/mouldking.store\/wp-content\/uploads\/2022\/11\/Phantom-Wyevrn-MJI-13004-4-300x300.jpg 300w, https:\/\/mouldking.store\/wp-content\/uploads\/2022\/11\/Phantom-Wyevrn-MJI-13004-4-768x768.jpg 768w, https:\/\/mouldking.store\/wp-content\/uploads\/2022\/11\/Phantom-Wyevrn-MJI-13004-4-600x600.jpg 600w, https:\/\/mouldking.store\/wp-content\/uploads\/2022\/11\/Phantom-Wyevrn-MJI-13004-4-150x150.jpg 150w, https:\/\/mouldking.store\/wp-content\/uploads\/2022\/11\/Phantom-Wyevrn-MJI-13004-4-60x60.jpg 60w, https:\/\/mouldking.store\/wp-content\/uploads\/2022\/11\/Phantom-Wyevrn-MJI-13004-4-90x90.jpg 90w\" sizes=\"(max-width: 800px) 100vw, 800px\" \/><figcaption id=\"caption-attachment-35632\" class=\"wp-caption-text\">MJI 13004 Phantom Wyevrn V\u1edbi 1174 M\u1ea3nh Gh\u00e9p<\/figcaption><\/figure>\n<figure id=\"attachment_35633\" aria-describedby=\"caption-attachment-35633\" style=\"width: 800px\" class=\"wp-caption aligncenter\"><img loading=\"lazy\" decoding=\"async\" class=\"wp-image-35633 size-full\" src=\"https:\/\/mouldking.store\/wp-content\/uploads\/2022\/11\/Phantom-Wyevrn-MJI-13004-3.jpg\" alt=\"MJI 13004 Phantom Wyevrn With 1174 Pieces\" width=\"800\" height=\"800\" title=\"-\" srcset=\"https:\/\/mouldking.store\/wp-content\/uploads\/2022\/11\/Phantom-Wyevrn-MJI-13004-3.jpg 800w, https:\/\/mouldking.store\/wp-content\/uploads\/2022\/11\/Phantom-Wyevrn-MJI-13004-3-300x300.jpg 300w, https:\/\/mouldking.store\/wp-content\/uploads\/2022\/11\/Phantom-Wyevrn-MJI-13004-3-768x768.jpg 768w, https:\/\/mouldking.store\/wp-content\/uploads\/2022\/11\/Phantom-Wyevrn-MJI-13004-3-600x600.jpg 600w, https:\/\/mouldking.store\/wp-content\/uploads\/2022\/11\/Phantom-Wyevrn-MJI-13004-3-150x150.jpg 150w, https:\/\/mouldking.store\/wp-content\/uploads\/2022\/11\/Phantom-Wyevrn-MJI-13004-3-60x60.jpg 60w, https:\/\/mouldking.store\/wp-content\/uploads\/2022\/11\/Phantom-Wyevrn-MJI-13004-3-90x90.jpg 90w\" sizes=\"(max-width: 800px) 100vw, 800px\" \/><figcaption id=\"caption-attachment-35633\" class=\"wp-caption-text\">MJI 13004 Phantom Wyevrn V\u1edbi 1174 M\u1ea3nh Gh\u00e9p<\/figcaption><\/figure>\n<figure id=\"attachment_35634\" aria-describedby=\"caption-attachment-35634\" style=\"width: 800px\" class=\"wp-caption aligncenter\"><img loading=\"lazy\" decoding=\"async\" class=\"wp-image-35634 size-full\" src=\"https:\/\/mouldking.store\/wp-content\/uploads\/2022\/11\/Phantom-Wyevrn-MJI-13004-2.jpg\" alt=\"MJI 13004 Phantom Wyevrn With 1174 Pieces\" width=\"800\" height=\"800\" title=\"-\" srcset=\"https:\/\/mouldking.store\/wp-content\/uploads\/2022\/11\/Phantom-Wyevrn-MJI-13004-2.jpg 800w, https:\/\/mouldking.store\/wp-content\/uploads\/2022\/11\/Phantom-Wyevrn-MJI-13004-2-300x300.jpg 300w, https:\/\/mouldking.store\/wp-content\/uploads\/2022\/11\/Phantom-Wyevrn-MJI-13004-2-768x768.jpg 768w, https:\/\/mouldking.store\/wp-content\/uploads\/2022\/11\/Phantom-Wyevrn-MJI-13004-2-600x600.jpg 600w, https:\/\/mouldking.store\/wp-content\/uploads\/2022\/11\/Phantom-Wyevrn-MJI-13004-2-150x150.jpg 150w, https:\/\/mouldking.store\/wp-content\/uploads\/2022\/11\/Phantom-Wyevrn-MJI-13004-2-60x60.jpg 60w, https:\/\/mouldking.store\/wp-content\/uploads\/2022\/11\/Phantom-Wyevrn-MJI-13004-2-90x90.jpg 90w\" sizes=\"(max-width: 800px) 100vw, 800px\" \/><figcaption id=\"caption-attachment-35634\" class=\"wp-caption-text\">MJI 13004 Phantom Wyevrn V\u1edbi 1174 M\u1ea3nh Gh\u00e9p<\/figcaption><\/figure>\n<figure id=\"attachment_35635\" aria-describedby=\"caption-attachment-35635\" style=\"width: 800px\" class=\"wp-caption aligncenter\"><img loading=\"lazy\" decoding=\"async\" class=\"wp-image-35635 size-full\" src=\"https:\/\/mouldking.store\/wp-content\/uploads\/2022\/11\/Phantom-Wyevrn-MJI-13004-1.jpg\" alt=\"MJI 13004 Phantom Wyevrn With 1174 Pieces\" width=\"800\" height=\"800\" title=\"-\" srcset=\"https:\/\/mouldking.store\/wp-content\/uploads\/2022\/11\/Phantom-Wyevrn-MJI-13004-1.jpg 800w, https:\/\/mouldking.store\/wp-content\/uploads\/2022\/11\/Phantom-Wyevrn-MJI-13004-1-300x300.jpg 300w, https:\/\/mouldking.store\/wp-content\/uploads\/2022\/11\/Phantom-Wyevrn-MJI-13004-1-768x768.jpg 768w, https:\/\/mouldking.store\/wp-content\/uploads\/2022\/11\/Phantom-Wyevrn-MJI-13004-1-600x600.jpg 600w, https:\/\/mouldking.store\/wp-content\/uploads\/2022\/11\/Phantom-Wyevrn-MJI-13004-1-150x150.jpg 150w, https:\/\/mouldking.store\/wp-content\/uploads\/2022\/11\/Phantom-Wyevrn-MJI-13004-1-60x60.jpg 60w, https:\/\/mouldking.store\/wp-content\/uploads\/2022\/11\/Phantom-Wyevrn-MJI-13004-1-90x90.jpg 90w\" sizes=\"(max-width: 800px) 100vw, 800px\" \/><figcaption id=\"caption-attachment-35635\" class=\"wp-caption-text\">MJI 13004 Phantom Wyevrn V\u1edbi 1174 M\u1ea3nh Gh\u00e9p<\/figcaption><\/figure>","protected":false},"excerpt":{"rendered":"<p>Kh\u00f4ng c\u00f3 nh\u00e2n v\u1eadt nh\u1ecf<\/p>","protected":false},"featured_media":35630,"comment_status":"closed","ping_status":"closed","template":"","meta":{"_acf_changed":false},"product_cat":[1408],"product_tag":[7778,7777,7782,7783,7776,7779,7781,7780],"class_list":["product","first","instock","shipping-taxable","purchasable","product-type-simple"],"acf":[],"_links":{"self":[{"href":"https:\/\/mouldking.store\/vi\/wp-json\/wp\/v2\/product\/35629","targetHints":{"allow":["GET"]}}],"collection":[{"href":"https:\/\/mouldking.store\/vi\/wp-json\/wp\/v2\/product"}],"about":[{"href":"https:\/\/mouldking.store\/vi\/wp-json\/wp\/v2\/types\/product"}],"replies":[{"embeddable":true,"href":"https:\/\/mouldking.store\/vi\/wp-json\/wp\/v2\/comments?post=35629"}],"wp:featuredmedia":[{"embeddable":true,"href":"https:\/\/mouldking.store\/vi\/wp-json\/wp\/v2\/media\/35630"}],"wp:attachment":[{"href":"https:\/\/mouldking.store\/vi\/wp-json\/wp\/v2\/media?parent=35629"}],"wp:term":[{"taxonomy":"product_cat","embeddable":true,"href":"https:\/\/mouldking.store\/vi\/wp-json\/wp\/v2\/product_cat?post=35629"},{"taxonomy":"product_tag","embeddable":true,"href":"https:\/\/mouldking.store\/vi\/wp-json\/wp\/v2\/product_tag?post=35629"}],"curies":[{"name":"wp","href":"https:\/\/api.w.org\/{rel}","templated":true}]}}