{"id":35662,"date":"2022-11-22T09:47:47","date_gmt":"2022-11-22T02:47:47","guid":{"rendered":"https:\/\/mouldking.store\/?post_type=product&#038;p=35662"},"modified":"2022-11-22T09:47:49","modified_gmt":"2022-11-22T02:47:49","slug":"tuole-6011-super-heros-marvel-mk42-iron-hero-mechanical-with-1266-pieces","status":"publish","type":"product","link":"https:\/\/mouldking.store\/vi\/shop\/tuole-6011-super-heros-marvel-mk42-iron-hero-mechanical-with-1266-pieces\/","title":{"rendered":"TUOLE 6011 Super Heros Marvel MK42 Iron Hero Mechanical V\u1edbi 1266 Chi ti\u1ebft"},"content":{"rendered":"<p>Th\u00f4ng tin s\u1ea3n ph\u1ea9m:<\/p>\n<ol>\n<li>Th\u01b0\u01a1ng hi\u1ec7u: TUOLE<\/li>\n<li>Gi\u1edbi t\u00ednh: Unisex<\/li>\n<li>Name: Super Heros Marvel MK42 Iron Hero Mechanical<\/li>\n<li>\u0110\u1ed9 tu\u1ed5i: &gt; 6 tu\u1ed5i<\/li>\n<li>Model Number: 6011<\/li>\n<li>Ph\u00e2n lo\u1ea1i: T\u1eadp h\u1ee3p<\/li>\n<li>H\u00ecnh d\u1ea1ng kh\u1ed1i nh\u1ef1a: G\u1ea1ch t\u1ef1 kh\u00f3a<\/li>\n<li>Ch\u1ea5t li\u1ec7u: Nh\u1ef1a<\/li>\n<li>Lo\u1ea1i nh\u1ef1a: ABS<\/li>\n<li>Bricks Blocks:1266 PCS<\/li>\n<li>Size: 36 \u00d7 21.4 \u00d7 10.4 cm<\/li>\n<li>Ch\u1ee9a h\u01b0\u1edbng d\u1eabn l\u1eafp r\u00e1p chi ti\u1ebft.<\/li>\n<\/ol>\n<p>\u0110\u1ec3 \u00fd:<br \/>\n1. Kh\u00f4ng c\u00f3 h\u1ed9p ban \u0111\u1ea7u, nh\u01b0ng ch\u00fang t\u00f4i \u0111\u1ea3m b\u1ea3o s\u1ea3n ph\u1ea9m c\u1ee7a ch\u00fang t\u00f4i c\u00f3 ch\u1ea5t l\u01b0\u1ee3ng \u0111\u1ea3m b\u1ea3o v\u00e0 bao b\u00ec \u0111\u1eb9p.<br \/>\n2. V\u00ec t\u1ea5t c\u1ea3 c\u00e1c b\u1ed9 ph\u1eadn ch\u00fang t\u00f4i \u0111\u00e3 ki\u1ec3m tra tr\u01b0\u1edbc khi v\u1eadn chuy\u1ec3n, v\u00ec v\u1eady n\u1ebfu b\u1ea1n th\u1ea5y m\u1ed9t s\u1ed1 b\u1ed9 ph\u1eadn b\u1ecb thi\u1ebfu ho\u1eb7c h\u01b0 h\u1ecfng, \u0111\u1eebng lo l\u1eafng v\u00e0 ch\u1ec9 c\u1ea7n vui l\u00f2ng li\u00ean h\u1ec7 v\u1edbi ch\u00fang t\u00f4i v\u00e0 ch\u00fang t\u00f4i c\u00f3 th\u1ec3 g\u1eedi l\u1ea1i mi\u1ec5n ph\u00ed cho b\u1ea1n ngay l\u1eadp t\u1ee9c.<\/p>\n<figure id=\"attachment_35663\" aria-describedby=\"caption-attachment-35663\" style=\"width: 800px\" class=\"wp-caption aligncenter\"><img fetchpriority=\"high\" decoding=\"async\" class=\"wp-image-35663 size-full\" src=\"https:\/\/mouldking.store\/wp-content\/uploads\/2022\/11\/Super-Heros-Marvel-MK42-Iron-Hero-Mechanical-TUOLE-6011-3.jpg\" alt=\"TUOLE 6011 Super Heros Marvel MK42 Iron Hero Mechanical With 1266 Pieces\" width=\"800\" height=\"800\" title=\"-\" srcset=\"https:\/\/mouldking.store\/wp-content\/uploads\/2022\/11\/Super-Heros-Marvel-MK42-Iron-Hero-Mechanical-TUOLE-6011-3.jpg 800w, https:\/\/mouldking.store\/wp-content\/uploads\/2022\/11\/Super-Heros-Marvel-MK42-Iron-Hero-Mechanical-TUOLE-6011-3-300x300.jpg 300w, https:\/\/mouldking.store\/wp-content\/uploads\/2022\/11\/Super-Heros-Marvel-MK42-Iron-Hero-Mechanical-TUOLE-6011-3-768x768.jpg 768w, https:\/\/mouldking.store\/wp-content\/uploads\/2022\/11\/Super-Heros-Marvel-MK42-Iron-Hero-Mechanical-TUOLE-6011-3-600x600.jpg 600w, https:\/\/mouldking.store\/wp-content\/uploads\/2022\/11\/Super-Heros-Marvel-MK42-Iron-Hero-Mechanical-TUOLE-6011-3-150x150.jpg 150w, https:\/\/mouldking.store\/wp-content\/uploads\/2022\/11\/Super-Heros-Marvel-MK42-Iron-Hero-Mechanical-TUOLE-6011-3-60x60.jpg 60w, https:\/\/mouldking.store\/wp-content\/uploads\/2022\/11\/Super-Heros-Marvel-MK42-Iron-Hero-Mechanical-TUOLE-6011-3-90x90.jpg 90w\" sizes=\"(max-width: 800px) 100vw, 800px\" \/><figcaption id=\"caption-attachment-35663\" class=\"wp-caption-text\">TUOLE 6011 Super Heros Marvel MK42 Iron Hero Mechanical V\u1edbi 1266 Chi ti\u1ebft<\/figcaption><\/figure>\n<figure id=\"attachment_35664\" aria-describedby=\"caption-attachment-35664\" style=\"width: 800px\" class=\"wp-caption aligncenter\"><img decoding=\"async\" class=\"wp-image-35664 size-full\" src=\"https:\/\/mouldking.store\/wp-content\/uploads\/2022\/11\/Super-Heros-Marvel-MK42-Iron-Hero-Mechanical-TUOLE-6011-2.jpg\" alt=\"TUOLE 6011 Super Heros Marvel MK42 Iron Hero Mechanical With 1266 Pieces\" width=\"800\" height=\"800\" title=\"-\" srcset=\"https:\/\/mouldking.store\/wp-content\/uploads\/2022\/11\/Super-Heros-Marvel-MK42-Iron-Hero-Mechanical-TUOLE-6011-2.jpg 800w, https:\/\/mouldking.store\/wp-content\/uploads\/2022\/11\/Super-Heros-Marvel-MK42-Iron-Hero-Mechanical-TUOLE-6011-2-300x300.jpg 300w, https:\/\/mouldking.store\/wp-content\/uploads\/2022\/11\/Super-Heros-Marvel-MK42-Iron-Hero-Mechanical-TUOLE-6011-2-768x768.jpg 768w, https:\/\/mouldking.store\/wp-content\/uploads\/2022\/11\/Super-Heros-Marvel-MK42-Iron-Hero-Mechanical-TUOLE-6011-2-600x600.jpg 600w, https:\/\/mouldking.store\/wp-content\/uploads\/2022\/11\/Super-Heros-Marvel-MK42-Iron-Hero-Mechanical-TUOLE-6011-2-150x150.jpg 150w, https:\/\/mouldking.store\/wp-content\/uploads\/2022\/11\/Super-Heros-Marvel-MK42-Iron-Hero-Mechanical-TUOLE-6011-2-60x60.jpg 60w, https:\/\/mouldking.store\/wp-content\/uploads\/2022\/11\/Super-Heros-Marvel-MK42-Iron-Hero-Mechanical-TUOLE-6011-2-90x90.jpg 90w\" sizes=\"(max-width: 800px) 100vw, 800px\" \/><figcaption id=\"caption-attachment-35664\" class=\"wp-caption-text\">TUOLE 6011 Super Heros Marvel MK42 Iron Hero Mechanical V\u1edbi 1266 Chi ti\u1ebft<\/figcaption><\/figure>\n<figure id=\"attachment_35665\" aria-describedby=\"caption-attachment-35665\" style=\"width: 800px\" class=\"wp-caption aligncenter\"><img decoding=\"async\" class=\"wp-image-35665 size-full\" src=\"https:\/\/mouldking.store\/wp-content\/uploads\/2022\/11\/Super-Heros-Marvel-MK42-Iron-Hero-Mechanical-TUOLE-6011-1.jpg\" alt=\"TUOLE 6011 Super Heros Marvel MK42 Iron Hero Mechanical With 1266 Pieces\" width=\"800\" height=\"800\" title=\"-\" srcset=\"https:\/\/mouldking.store\/wp-content\/uploads\/2022\/11\/Super-Heros-Marvel-MK42-Iron-Hero-Mechanical-TUOLE-6011-1.jpg 800w, https:\/\/mouldking.store\/wp-content\/uploads\/2022\/11\/Super-Heros-Marvel-MK42-Iron-Hero-Mechanical-TUOLE-6011-1-300x300.jpg 300w, https:\/\/mouldking.store\/wp-content\/uploads\/2022\/11\/Super-Heros-Marvel-MK42-Iron-Hero-Mechanical-TUOLE-6011-1-768x768.jpg 768w, https:\/\/mouldking.store\/wp-content\/uploads\/2022\/11\/Super-Heros-Marvel-MK42-Iron-Hero-Mechanical-TUOLE-6011-1-600x600.jpg 600w, https:\/\/mouldking.store\/wp-content\/uploads\/2022\/11\/Super-Heros-Marvel-MK42-Iron-Hero-Mechanical-TUOLE-6011-1-150x150.jpg 150w, https:\/\/mouldking.store\/wp-content\/uploads\/2022\/11\/Super-Heros-Marvel-MK42-Iron-Hero-Mechanical-TUOLE-6011-1-60x60.jpg 60w, https:\/\/mouldking.store\/wp-content\/uploads\/2022\/11\/Super-Heros-Marvel-MK42-Iron-Hero-Mechanical-TUOLE-6011-1-90x90.jpg 90w\" sizes=\"(max-width: 800px) 100vw, 800px\" \/><figcaption id=\"caption-attachment-35665\" class=\"wp-caption-text\">TUOLE 6011 Super Heros Marvel MK42 Iron Hero Mechanical V\u1edbi 1266 Chi ti\u1ebft<\/figcaption><\/figure>","protected":false},"excerpt":{"rendered":"<p>Product information: Brand: TUOLE Gender: Unisex Name: Super Heros Marvel MK42 Iron Hero Mechanical Age Range: &gt; 6 years old Model Number: 6011 Classification: Assemblage Plastic Block Shape: Self-Locking Bricks Material: Plastic Plastic Type: ABS Bricks Blocks:1266 PCS Size: 36 \u00d7 21.4 \u00d7 10.4 cm Contains detailed assembly instructions. Notice: 1. Without an original box, [&hellip;]<\/p>","protected":false},"featured_media":35663,"comment_status":"closed","ping_status":"closed","template":"","meta":{"_acf_changed":false},"product_cat":[1373,1848,1408],"product_tag":[7807,7804,7806,7808,1496,7345,7805,2462,7809,7803,7810,7811,7802],"class_list":["product","first","instock","shipping-taxable","purchasable","product-type-simple"],"acf":[],"_links":{"self":[{"href":"https:\/\/mouldking.store\/vi\/wp-json\/wp\/v2\/product\/35662","targetHints":{"allow":["GET"]}}],"collection":[{"href":"https:\/\/mouldking.store\/vi\/wp-json\/wp\/v2\/product"}],"about":[{"href":"https:\/\/mouldking.store\/vi\/wp-json\/wp\/v2\/types\/product"}],"replies":[{"embeddable":true,"href":"https:\/\/mouldking.store\/vi\/wp-json\/wp\/v2\/comments?post=35662"}],"wp:featuredmedia":[{"embeddable":true,"href":"https:\/\/mouldking.store\/vi\/wp-json\/wp\/v2\/media\/35663"}],"wp:attachment":[{"href":"https:\/\/mouldking.store\/vi\/wp-json\/wp\/v2\/media?parent=35662"}],"wp:term":[{"taxonomy":"product_cat","embeddable":true,"href":"https:\/\/mouldking.store\/vi\/wp-json\/wp\/v2\/product_cat?post=35662"},{"taxonomy":"product_tag","embeddable":true,"href":"https:\/\/mouldking.store\/vi\/wp-json\/wp\/v2\/product_tag?post=35662"}],"curies":[{"name":"wp","href":"https:\/\/api.w.org\/{rel}","templated":true}]}}