{"id":35666,"date":"2022-11-22T09:56:05","date_gmt":"2022-11-22T02:56:05","guid":{"rendered":"https:\/\/mouldking.store\/?post_type=product&#038;p=35666"},"modified":"2022-11-22T09:56:05","modified_gmt":"2022-11-22T02:56:05","slug":"mould-king-19013-motor-dump-truck-8x8-with-5768-pieces","status":"publish","type":"product","link":"https:\/\/mouldking.store\/vi\/shop\/mould-king-19013-motor-dump-truck-8x8-with-5768-pieces\/","title":{"rendered":"MOULD KING 19013 Motor Dump Truck 8\u00d78 With 5768 Pieces"},"content":{"rendered":"<p>Th\u00f4ng tin s\u1ea3n ph\u1ea9m:<\/p>\n<ol>\n<li>Th\u01b0\u01a1ng hi\u1ec7u: Khu\u00f4n Vua<\/li>\n<li>Gi\u1edbi t\u00ednh: Unisex<\/li>\n<li>Name: Motor Dump Truck 8\u00d78<\/li>\n<li>\u0110\u1ed9 tu\u1ed5i: &gt; 6 tu\u1ed5i<\/li>\n<li>Model Number: 19013<\/li>\n<li>Ph\u00e2n lo\u1ea1i: T\u1eadp h\u1ee3p<\/li>\n<li>H\u00ecnh d\u1ea1ng kh\u1ed1i nh\u1ef1a: G\u1ea1ch t\u1ef1 kh\u00f3a<\/li>\n<li>Ch\u1ea5t li\u1ec7u: Nh\u1ef1a<\/li>\n<li>Lo\u1ea1i nh\u1ef1a: ABS<\/li>\n<li>Bricks Blocks:5768 PCS<\/li>\n<li>Size: 75.4 \u00d7 27 \u00d7 40.5 cm<\/li>\n<li>Ch\u1ee9a h\u01b0\u1edbng d\u1eabn l\u1eafp r\u00e1p chi ti\u1ebft.<\/li>\n<\/ol>\n<p>\u0110\u1ec3 \u00fd:<br \/>\n1. Kh\u00f4ng c\u00f3 h\u1ed9p ban \u0111\u1ea7u, nh\u01b0ng ch\u00fang t\u00f4i \u0111\u1ea3m b\u1ea3o s\u1ea3n ph\u1ea9m c\u1ee7a ch\u00fang t\u00f4i c\u00f3 ch\u1ea5t l\u01b0\u1ee3ng \u0111\u1ea3m b\u1ea3o v\u00e0 bao b\u00ec \u0111\u1eb9p.<br \/>\n2. V\u00ec t\u1ea5t c\u1ea3 c\u00e1c b\u1ed9 ph\u1eadn ch\u00fang t\u00f4i \u0111\u00e3 ki\u1ec3m tra tr\u01b0\u1edbc khi v\u1eadn chuy\u1ec3n, v\u00ec v\u1eady n\u1ebfu b\u1ea1n th\u1ea5y m\u1ed9t s\u1ed1 b\u1ed9 ph\u1eadn b\u1ecb thi\u1ebfu ho\u1eb7c h\u01b0 h\u1ecfng, \u0111\u1eebng lo l\u1eafng v\u00e0 ch\u1ec9 c\u1ea7n vui l\u00f2ng li\u00ean h\u1ec7 v\u1edbi ch\u00fang t\u00f4i v\u00e0 ch\u00fang t\u00f4i c\u00f3 th\u1ec3 g\u1eedi l\u1ea1i mi\u1ec5n ph\u00ed cho b\u1ea1n ngay l\u1eadp t\u1ee9c.<\/p>\n<figure id=\"attachment_35667\" aria-describedby=\"caption-attachment-35667\" style=\"width: 1024px\" class=\"wp-caption aligncenter\"><img fetchpriority=\"high\" decoding=\"async\" class=\"wp-image-35667 size-full\" src=\"https:\/\/mouldking.store\/wp-content\/uploads\/2022\/11\/Motor-Dump-Truck-8x8-MOULD-KING-19013-6.jpg\" alt=\"MOULD KING 19013 Motor Dump Truck 8\u00d78 With 5768 Pieces\" width=\"1024\" height=\"1024\" title=\"-\" srcset=\"https:\/\/mouldking.store\/wp-content\/uploads\/2022\/11\/Motor-Dump-Truck-8x8-MOULD-KING-19013-6.jpg 1024w, https:\/\/mouldking.store\/wp-content\/uploads\/2022\/11\/Motor-Dump-Truck-8x8-MOULD-KING-19013-6-300x300.jpg 300w, https:\/\/mouldking.store\/wp-content\/uploads\/2022\/11\/Motor-Dump-Truck-8x8-MOULD-KING-19013-6-768x768.jpg 768w, https:\/\/mouldking.store\/wp-content\/uploads\/2022\/11\/Motor-Dump-Truck-8x8-MOULD-KING-19013-6-600x600.jpg 600w, https:\/\/mouldking.store\/wp-content\/uploads\/2022\/11\/Motor-Dump-Truck-8x8-MOULD-KING-19013-6-150x150.jpg 150w, https:\/\/mouldking.store\/wp-content\/uploads\/2022\/11\/Motor-Dump-Truck-8x8-MOULD-KING-19013-6-60x60.jpg 60w, https:\/\/mouldking.store\/wp-content\/uploads\/2022\/11\/Motor-Dump-Truck-8x8-MOULD-KING-19013-6-90x90.jpg 90w\" sizes=\"(max-width: 1024px) 100vw, 1024px\" \/><figcaption id=\"caption-attachment-35667\" class=\"wp-caption-text\">MOULD KING 19013 Motor Dump Truck 8\u00d78 With 5768 Pieces<\/figcaption><\/figure>\n<figure id=\"attachment_35668\" aria-describedby=\"caption-attachment-35668\" style=\"width: 1024px\" class=\"wp-caption aligncenter\"><img decoding=\"async\" class=\"wp-image-35668 size-large\" src=\"https:\/\/mouldking.store\/wp-content\/uploads\/2022\/11\/Motor-Dump-Truck-8x8-MOULD-KING-19013-5-1024x1024.jpg\" alt=\"MOULD KING 19013 Motor Dump Truck 8\u00d78 With 5768 Pieces\" width=\"1024\" height=\"1024\" title=\"-\" srcset=\"https:\/\/mouldking.store\/wp-content\/uploads\/2022\/11\/Motor-Dump-Truck-8x8-MOULD-KING-19013-5-1024x1024.jpg 1024w, https:\/\/mouldking.store\/wp-content\/uploads\/2022\/11\/Motor-Dump-Truck-8x8-MOULD-KING-19013-5-300x300.jpg 300w, https:\/\/mouldking.store\/wp-content\/uploads\/2022\/11\/Motor-Dump-Truck-8x8-MOULD-KING-19013-5-768x768.jpg 768w, https:\/\/mouldking.store\/wp-content\/uploads\/2022\/11\/Motor-Dump-Truck-8x8-MOULD-KING-19013-5-1536x1536.jpg 1536w, https:\/\/mouldking.store\/wp-content\/uploads\/2022\/11\/Motor-Dump-Truck-8x8-MOULD-KING-19013-5-2048x2048.jpg 2048w, https:\/\/mouldking.store\/wp-content\/uploads\/2022\/11\/Motor-Dump-Truck-8x8-MOULD-KING-19013-5-600x600.jpg 600w, https:\/\/mouldking.store\/wp-content\/uploads\/2022\/11\/Motor-Dump-Truck-8x8-MOULD-KING-19013-5-150x150.jpg 150w, https:\/\/mouldking.store\/wp-content\/uploads\/2022\/11\/Motor-Dump-Truck-8x8-MOULD-KING-19013-5-60x60.jpg 60w, https:\/\/mouldking.store\/wp-content\/uploads\/2022\/11\/Motor-Dump-Truck-8x8-MOULD-KING-19013-5-90x90.jpg 90w\" sizes=\"(max-width: 1024px) 100vw, 1024px\" \/><figcaption id=\"caption-attachment-35668\" class=\"wp-caption-text\">MOULD KING 19013 Motor Dump Truck 8\u00d78 With 5768 Pieces<\/figcaption><\/figure>\n<figure id=\"attachment_35669\" aria-describedby=\"caption-attachment-35669\" style=\"width: 1024px\" class=\"wp-caption aligncenter\"><img decoding=\"async\" class=\"wp-image-35669 size-large\" src=\"https:\/\/mouldking.store\/wp-content\/uploads\/2022\/11\/Motor-Dump-Truck-8x8-MOULD-KING-19013-4-1024x1024.jpg\" alt=\"MOULD KING 19013 Motor Dump Truck 8\u00d78 With 5768 Pieces\" width=\"1024\" height=\"1024\" title=\"-\" srcset=\"https:\/\/mouldking.store\/wp-content\/uploads\/2022\/11\/Motor-Dump-Truck-8x8-MOULD-KING-19013-4-1024x1024.jpg 1024w, https:\/\/mouldking.store\/wp-content\/uploads\/2022\/11\/Motor-Dump-Truck-8x8-MOULD-KING-19013-4-300x300.jpg 300w, https:\/\/mouldking.store\/wp-content\/uploads\/2022\/11\/Motor-Dump-Truck-8x8-MOULD-KING-19013-4-768x768.jpg 768w, https:\/\/mouldking.store\/wp-content\/uploads\/2022\/11\/Motor-Dump-Truck-8x8-MOULD-KING-19013-4-600x600.jpg 600w, https:\/\/mouldking.store\/wp-content\/uploads\/2022\/11\/Motor-Dump-Truck-8x8-MOULD-KING-19013-4-150x150.jpg 150w, https:\/\/mouldking.store\/wp-content\/uploads\/2022\/11\/Motor-Dump-Truck-8x8-MOULD-KING-19013-4-60x60.jpg 60w, https:\/\/mouldking.store\/wp-content\/uploads\/2022\/11\/Motor-Dump-Truck-8x8-MOULD-KING-19013-4-90x90.jpg 90w, https:\/\/mouldking.store\/wp-content\/uploads\/2022\/11\/Motor-Dump-Truck-8x8-MOULD-KING-19013-4.jpg 1026w\" sizes=\"(max-width: 1024px) 100vw, 1024px\" \/><figcaption id=\"caption-attachment-35669\" class=\"wp-caption-text\">MOULD KING 19013 Motor Dump Truck 8\u00d78 With 5768 Pieces<\/figcaption><\/figure>\n<figure id=\"attachment_35670\" aria-describedby=\"caption-attachment-35670\" style=\"width: 1026px\" class=\"wp-caption aligncenter\"><img loading=\"lazy\" decoding=\"async\" class=\"wp-image-35670 size-full\" src=\"https:\/\/mouldking.store\/wp-content\/uploads\/2022\/11\/Motor-Dump-Truck-8x8-MOULD-KING-19013-3.jpg\" alt=\"MOULD KING 19013 Motor Dump Truck 8\u00d78 With 5768 Pieces\" width=\"1026\" height=\"1026\" title=\"-\" srcset=\"https:\/\/mouldking.store\/wp-content\/uploads\/2022\/11\/Motor-Dump-Truck-8x8-MOULD-KING-19013-3.jpg 1026w, https:\/\/mouldking.store\/wp-content\/uploads\/2022\/11\/Motor-Dump-Truck-8x8-MOULD-KING-19013-3-300x300.jpg 300w, https:\/\/mouldking.store\/wp-content\/uploads\/2022\/11\/Motor-Dump-Truck-8x8-MOULD-KING-19013-3-1024x1024.jpg 1024w, https:\/\/mouldking.store\/wp-content\/uploads\/2022\/11\/Motor-Dump-Truck-8x8-MOULD-KING-19013-3-768x768.jpg 768w, https:\/\/mouldking.store\/wp-content\/uploads\/2022\/11\/Motor-Dump-Truck-8x8-MOULD-KING-19013-3-600x600.jpg 600w, https:\/\/mouldking.store\/wp-content\/uploads\/2022\/11\/Motor-Dump-Truck-8x8-MOULD-KING-19013-3-150x150.jpg 150w, https:\/\/mouldking.store\/wp-content\/uploads\/2022\/11\/Motor-Dump-Truck-8x8-MOULD-KING-19013-3-60x60.jpg 60w, https:\/\/mouldking.store\/wp-content\/uploads\/2022\/11\/Motor-Dump-Truck-8x8-MOULD-KING-19013-3-90x90.jpg 90w\" sizes=\"(max-width: 1026px) 100vw, 1026px\" \/><figcaption id=\"caption-attachment-35670\" class=\"wp-caption-text\">MOULD KING 19013 Motor Dump Truck 8\u00d78 With 5768 Pieces<\/figcaption><\/figure>\n<figure id=\"attachment_35671\" aria-describedby=\"caption-attachment-35671\" style=\"width: 1024px\" class=\"wp-caption aligncenter\"><img loading=\"lazy\" decoding=\"async\" class=\"wp-image-35671 size-large\" src=\"https:\/\/mouldking.store\/wp-content\/uploads\/2022\/11\/Motor-Dump-Truck-8x8-MOULD-KING-19013-2-1024x1024.jpg\" alt=\"MOULD KING 19013 Motor Dump Truck 8\u00d78 With 5768 Pieces\" width=\"1024\" height=\"1024\" title=\"-\" srcset=\"https:\/\/mouldking.store\/wp-content\/uploads\/2022\/11\/Motor-Dump-Truck-8x8-MOULD-KING-19013-2-1024x1024.jpg 1024w, https:\/\/mouldking.store\/wp-content\/uploads\/2022\/11\/Motor-Dump-Truck-8x8-MOULD-KING-19013-2-300x300.jpg 300w, https:\/\/mouldking.store\/wp-content\/uploads\/2022\/11\/Motor-Dump-Truck-8x8-MOULD-KING-19013-2-768x768.jpg 768w, https:\/\/mouldking.store\/wp-content\/uploads\/2022\/11\/Motor-Dump-Truck-8x8-MOULD-KING-19013-2-600x600.jpg 600w, https:\/\/mouldking.store\/wp-content\/uploads\/2022\/11\/Motor-Dump-Truck-8x8-MOULD-KING-19013-2-150x150.jpg 150w, https:\/\/mouldking.store\/wp-content\/uploads\/2022\/11\/Motor-Dump-Truck-8x8-MOULD-KING-19013-2-60x60.jpg 60w, https:\/\/mouldking.store\/wp-content\/uploads\/2022\/11\/Motor-Dump-Truck-8x8-MOULD-KING-19013-2-90x90.jpg 90w, https:\/\/mouldking.store\/wp-content\/uploads\/2022\/11\/Motor-Dump-Truck-8x8-MOULD-KING-19013-2.jpg 1026w\" sizes=\"(max-width: 1024px) 100vw, 1024px\" \/><figcaption id=\"caption-attachment-35671\" class=\"wp-caption-text\">MOULD KING 19013 Motor Dump Truck 8\u00d78 With 5768 Pieces<\/figcaption><\/figure>\n<figure id=\"attachment_35672\" aria-describedby=\"caption-attachment-35672\" style=\"width: 888px\" class=\"wp-caption aligncenter\"><img loading=\"lazy\" decoding=\"async\" class=\"wp-image-35672 size-full\" src=\"https:\/\/mouldking.store\/wp-content\/uploads\/2022\/11\/Motor-Dump-Truck-8x8-MOULD-KING-19013-1.jpg\" alt=\"MOULD KING 19013 Motor Dump Truck 8\u00d78 With 5768 Pieces\" width=\"888\" height=\"888\" title=\"-\" srcset=\"https:\/\/mouldking.store\/wp-content\/uploads\/2022\/11\/Motor-Dump-Truck-8x8-MOULD-KING-19013-1.jpg 888w, https:\/\/mouldking.store\/wp-content\/uploads\/2022\/11\/Motor-Dump-Truck-8x8-MOULD-KING-19013-1-300x300.jpg 300w, https:\/\/mouldking.store\/wp-content\/uploads\/2022\/11\/Motor-Dump-Truck-8x8-MOULD-KING-19013-1-768x768.jpg 768w, https:\/\/mouldking.store\/wp-content\/uploads\/2022\/11\/Motor-Dump-Truck-8x8-MOULD-KING-19013-1-600x600.jpg 600w, https:\/\/mouldking.store\/wp-content\/uploads\/2022\/11\/Motor-Dump-Truck-8x8-MOULD-KING-19013-1-150x150.jpg 150w, https:\/\/mouldking.store\/wp-content\/uploads\/2022\/11\/Motor-Dump-Truck-8x8-MOULD-KING-19013-1-60x60.jpg 60w, https:\/\/mouldking.store\/wp-content\/uploads\/2022\/11\/Motor-Dump-Truck-8x8-MOULD-KING-19013-1-90x90.jpg 90w\" sizes=\"(max-width: 888px) 100vw, 888px\" \/><figcaption id=\"caption-attachment-35672\" class=\"wp-caption-text\">MOULD KING 19013 Motor Dump Truck 8\u00d78 With 5768 Pieces<\/figcaption><\/figure>","protected":false},"excerpt":{"rendered":"<p>Product information: Brand: Mould King Gender: Unisex Name: Motor Dump Truck 8\u00d78 Age Range: &gt; 6 years old Model Number: 19013 Classification: Assemblage Plastic Block Shape: Self-Locking Bricks Material: Plastic Plastic Type: ABS Bricks Blocks:5768 PCS Size: 75.4 \u00d7 27 \u00d7 40.5 cm Contains detailed assembly instructions. Notice: 1. Without an original box, but we [&hellip;]<\/p>","protected":false},"featured_media":35667,"comment_status":"closed","ping_status":"closed","template":"","meta":{"_acf_changed":false},"product_cat":[1357],"product_tag":[7813,2900,7815,7814,615,7816,7817,7812,466],"class_list":["product","first","instock","shipping-taxable","purchasable","product-type-simple"],"acf":[],"_links":{"self":[{"href":"https:\/\/mouldking.store\/vi\/wp-json\/wp\/v2\/product\/35666","targetHints":{"allow":["GET"]}}],"collection":[{"href":"https:\/\/mouldking.store\/vi\/wp-json\/wp\/v2\/product"}],"about":[{"href":"https:\/\/mouldking.store\/vi\/wp-json\/wp\/v2\/types\/product"}],"replies":[{"embeddable":true,"href":"https:\/\/mouldking.store\/vi\/wp-json\/wp\/v2\/comments?post=35666"}],"wp:featuredmedia":[{"embeddable":true,"href":"https:\/\/mouldking.store\/vi\/wp-json\/wp\/v2\/media\/35667"}],"wp:attachment":[{"href":"https:\/\/mouldking.store\/vi\/wp-json\/wp\/v2\/media?parent=35666"}],"wp:term":[{"taxonomy":"product_cat","embeddable":true,"href":"https:\/\/mouldking.store\/vi\/wp-json\/wp\/v2\/product_cat?post=35666"},{"taxonomy":"product_tag","embeddable":true,"href":"https:\/\/mouldking.store\/vi\/wp-json\/wp\/v2\/product_tag?post=35666"}],"curies":[{"name":"wp","href":"https:\/\/api.w.org\/{rel}","templated":true}]}}