{"id":35673,"date":"2022-11-22T10:02:16","date_gmt":"2022-11-22T03:02:16","guid":{"rendered":"https:\/\/mouldking.store\/?post_type=product&#038;p=35673"},"modified":"2023-06-21T14:56:48","modified_gmt":"2023-06-21T07:56:48","slug":"zhegao-dz6017-double-coffee-machine-with-928-pieces","status":"publish","type":"product","link":"https:\/\/mouldking.store\/vi\/shop\/zhegao-dz6017-double-coffee-machine-with-928-pieces\/","title":{"rendered":"M\u00e1y Pha C\u00e0 Ph\u00ea \u0110\u00f4i ZHEGAO DZ6017 V\u1edbi 928 C\u00e1i"},"content":{"rendered":"<p>Th\u00f4ng tin s\u1ea3n ph\u1ea9m:<\/p>\n<ol>\n<li>Th\u01b0\u01a1ng hi\u1ec7u: ZHEGAO<\/li>\n<li>Gi\u1edbi t\u00ednh: Unisex<\/li>\n<li>Name: Double Coffee Machine<\/li>\n<li>\u0110\u1ed9 tu\u1ed5i: &gt; 6 tu\u1ed5i<\/li>\n<li>Model Number: DZ6017<\/li>\n<li>Ph\u00e2n lo\u1ea1i: T\u1eadp h\u1ee3p<\/li>\n<li>H\u00ecnh d\u1ea1ng kh\u1ed1i nh\u1ef1a: G\u1ea1ch t\u1ef1 kh\u00f3a<\/li>\n<li>Ch\u1ea5t li\u1ec7u: Nh\u1ef1a<\/li>\n<li>Lo\u1ea1i nh\u1ef1a: ABS<\/li>\n<li>Bricks Blocks:928 PCS<\/li>\n<li>Size: 35 \u00d7 6 \u00d7 22 cm<\/li>\n<li>Ch\u1ee9a h\u01b0\u1edbng d\u1eabn l\u1eafp r\u00e1p chi ti\u1ebft.<\/li>\n<\/ol>\n<p>\u0110\u1ec3 \u00fd:<br \/>\n1. Kh\u00f4ng c\u00f3 h\u1ed9p ban \u0111\u1ea7u, nh\u01b0ng ch\u00fang t\u00f4i \u0111\u1ea3m b\u1ea3o s\u1ea3n ph\u1ea9m c\u1ee7a ch\u00fang t\u00f4i c\u00f3 ch\u1ea5t l\u01b0\u1ee3ng \u0111\u1ea3m b\u1ea3o v\u00e0 bao b\u00ec \u0111\u1eb9p.<br \/>\n2. V\u00ec t\u1ea5t c\u1ea3 c\u00e1c b\u1ed9 ph\u1eadn ch\u00fang t\u00f4i \u0111\u00e3 ki\u1ec3m tra tr\u01b0\u1edbc khi v\u1eadn chuy\u1ec3n, v\u00ec v\u1eady n\u1ebfu b\u1ea1n th\u1ea5y m\u1ed9t s\u1ed1 b\u1ed9 ph\u1eadn b\u1ecb thi\u1ebfu ho\u1eb7c h\u01b0 h\u1ecfng, \u0111\u1eebng lo l\u1eafng v\u00e0 ch\u1ec9 c\u1ea7n vui l\u00f2ng li\u00ean h\u1ec7 v\u1edbi ch\u00fang t\u00f4i v\u00e0 ch\u00fang t\u00f4i c\u00f3 th\u1ec3 g\u1eedi l\u1ea1i mi\u1ec5n ph\u00ed cho b\u1ea1n ngay l\u1eadp t\u1ee9c.<\/p>\n<figure id=\"attachment_35674\" aria-describedby=\"caption-attachment-35674\" style=\"width: 800px\" class=\"wp-caption aligncenter\"><img fetchpriority=\"high\" decoding=\"async\" class=\"wp-image-35674 size-full\" src=\"https:\/\/mouldking.store\/wp-content\/uploads\/2022\/11\/Double-Coffee-Machine-ZHEGAO-DZ6017-4.jpg\" alt=\"ZHEGAO DZ6017 Double Coffee Machine With 928 Pieces\" width=\"800\" height=\"800\" title=\"-\" srcset=\"https:\/\/mouldking.store\/wp-content\/uploads\/2022\/11\/Double-Coffee-Machine-ZHEGAO-DZ6017-4.jpg 800w, https:\/\/mouldking.store\/wp-content\/uploads\/2022\/11\/Double-Coffee-Machine-ZHEGAO-DZ6017-4-300x300.jpg 300w, https:\/\/mouldking.store\/wp-content\/uploads\/2022\/11\/Double-Coffee-Machine-ZHEGAO-DZ6017-4-768x768.jpg 768w, https:\/\/mouldking.store\/wp-content\/uploads\/2022\/11\/Double-Coffee-Machine-ZHEGAO-DZ6017-4-600x600.jpg 600w, https:\/\/mouldking.store\/wp-content\/uploads\/2022\/11\/Double-Coffee-Machine-ZHEGAO-DZ6017-4-150x150.jpg 150w, https:\/\/mouldking.store\/wp-content\/uploads\/2022\/11\/Double-Coffee-Machine-ZHEGAO-DZ6017-4-60x60.jpg 60w, https:\/\/mouldking.store\/wp-content\/uploads\/2022\/11\/Double-Coffee-Machine-ZHEGAO-DZ6017-4-90x90.jpg 90w\" sizes=\"(max-width: 800px) 100vw, 800px\" \/><figcaption id=\"caption-attachment-35674\" class=\"wp-caption-text\">M\u00e1y Pha C\u00e0 Ph\u00ea \u0110\u00f4i ZHEGAO DZ6017 V\u1edbi 928 C\u00e1i<\/figcaption><\/figure>\n<figure id=\"attachment_35675\" aria-describedby=\"caption-attachment-35675\" style=\"width: 800px\" class=\"wp-caption aligncenter\"><img decoding=\"async\" class=\"wp-image-35675 size-full\" src=\"https:\/\/mouldking.store\/wp-content\/uploads\/2022\/11\/Double-Coffee-Machine-ZHEGAO-DZ6017-3.jpg\" alt=\"ZHEGAO DZ6017 Double Coffee Machine With 928 Pieces\" width=\"800\" height=\"800\" title=\"-\" srcset=\"https:\/\/mouldking.store\/wp-content\/uploads\/2022\/11\/Double-Coffee-Machine-ZHEGAO-DZ6017-3.jpg 800w, https:\/\/mouldking.store\/wp-content\/uploads\/2022\/11\/Double-Coffee-Machine-ZHEGAO-DZ6017-3-300x300.jpg 300w, https:\/\/mouldking.store\/wp-content\/uploads\/2022\/11\/Double-Coffee-Machine-ZHEGAO-DZ6017-3-768x768.jpg 768w, https:\/\/mouldking.store\/wp-content\/uploads\/2022\/11\/Double-Coffee-Machine-ZHEGAO-DZ6017-3-600x600.jpg 600w, https:\/\/mouldking.store\/wp-content\/uploads\/2022\/11\/Double-Coffee-Machine-ZHEGAO-DZ6017-3-150x150.jpg 150w, https:\/\/mouldking.store\/wp-content\/uploads\/2022\/11\/Double-Coffee-Machine-ZHEGAO-DZ6017-3-60x60.jpg 60w, https:\/\/mouldking.store\/wp-content\/uploads\/2022\/11\/Double-Coffee-Machine-ZHEGAO-DZ6017-3-90x90.jpg 90w\" sizes=\"(max-width: 800px) 100vw, 800px\" \/><figcaption id=\"caption-attachment-35675\" class=\"wp-caption-text\">M\u00e1y Pha C\u00e0 Ph\u00ea \u0110\u00f4i ZHEGAO DZ6017 V\u1edbi 928 C\u00e1i<\/figcaption><\/figure>\n<figure id=\"attachment_35676\" aria-describedby=\"caption-attachment-35676\" style=\"width: 800px\" class=\"wp-caption aligncenter\"><img decoding=\"async\" class=\"wp-image-35676 size-full\" src=\"https:\/\/mouldking.store\/wp-content\/uploads\/2022\/11\/Double-Coffee-Machine-ZHEGAO-DZ6017-2.jpg\" alt=\"ZHEGAO DZ6017 Double Coffee Machine With 928 Pieces\" width=\"800\" height=\"800\" title=\"-\" srcset=\"https:\/\/mouldking.store\/wp-content\/uploads\/2022\/11\/Double-Coffee-Machine-ZHEGAO-DZ6017-2.jpg 800w, https:\/\/mouldking.store\/wp-content\/uploads\/2022\/11\/Double-Coffee-Machine-ZHEGAO-DZ6017-2-300x300.jpg 300w, https:\/\/mouldking.store\/wp-content\/uploads\/2022\/11\/Double-Coffee-Machine-ZHEGAO-DZ6017-2-768x768.jpg 768w, https:\/\/mouldking.store\/wp-content\/uploads\/2022\/11\/Double-Coffee-Machine-ZHEGAO-DZ6017-2-600x600.jpg 600w, https:\/\/mouldking.store\/wp-content\/uploads\/2022\/11\/Double-Coffee-Machine-ZHEGAO-DZ6017-2-150x150.jpg 150w, https:\/\/mouldking.store\/wp-content\/uploads\/2022\/11\/Double-Coffee-Machine-ZHEGAO-DZ6017-2-60x60.jpg 60w, https:\/\/mouldking.store\/wp-content\/uploads\/2022\/11\/Double-Coffee-Machine-ZHEGAO-DZ6017-2-90x90.jpg 90w\" sizes=\"(max-width: 800px) 100vw, 800px\" \/><figcaption id=\"caption-attachment-35676\" class=\"wp-caption-text\">M\u00e1y Pha C\u00e0 Ph\u00ea \u0110\u00f4i ZHEGAO DZ6017 V\u1edbi 928 C\u00e1i<\/figcaption><\/figure>\n<figure id=\"attachment_35677\" aria-describedby=\"caption-attachment-35677\" style=\"width: 800px\" class=\"wp-caption aligncenter\"><img loading=\"lazy\" decoding=\"async\" class=\"wp-image-35677 size-full\" src=\"https:\/\/mouldking.store\/wp-content\/uploads\/2022\/11\/Double-Coffee-Machine-ZHEGAO-DZ6017-1.jpg\" alt=\"ZHEGAO DZ6017 Double Coffee Machine With 928 Pieces\" width=\"800\" height=\"800\" title=\"-\" srcset=\"https:\/\/mouldking.store\/wp-content\/uploads\/2022\/11\/Double-Coffee-Machine-ZHEGAO-DZ6017-1.jpg 800w, https:\/\/mouldking.store\/wp-content\/uploads\/2022\/11\/Double-Coffee-Machine-ZHEGAO-DZ6017-1-300x300.jpg 300w, https:\/\/mouldking.store\/wp-content\/uploads\/2022\/11\/Double-Coffee-Machine-ZHEGAO-DZ6017-1-768x768.jpg 768w, https:\/\/mouldking.store\/wp-content\/uploads\/2022\/11\/Double-Coffee-Machine-ZHEGAO-DZ6017-1-600x600.jpg 600w, https:\/\/mouldking.store\/wp-content\/uploads\/2022\/11\/Double-Coffee-Machine-ZHEGAO-DZ6017-1-150x150.jpg 150w, https:\/\/mouldking.store\/wp-content\/uploads\/2022\/11\/Double-Coffee-Machine-ZHEGAO-DZ6017-1-60x60.jpg 60w, https:\/\/mouldking.store\/wp-content\/uploads\/2022\/11\/Double-Coffee-Machine-ZHEGAO-DZ6017-1-90x90.jpg 90w\" sizes=\"(max-width: 800px) 100vw, 800px\" \/><figcaption id=\"caption-attachment-35677\" class=\"wp-caption-text\">M\u00e1y Pha C\u00e0 Ph\u00ea \u0110\u00f4i ZHEGAO DZ6017 V\u1edbi 928 C\u00e1i<\/figcaption><\/figure>","protected":false},"excerpt":{"rendered":"<p>Product information: Brand: ZHEGAO Gender: Unisex Name: Double Coffee Machine Age Range: &gt; 6 years old Model Number: DZ6017 Classification: Assemblage Plastic Block Shape: Self-Locking Bricks Material: Plastic Plastic Type: ABS Bricks Blocks:928 PCS Size: 35 \u00d7 6 \u00d7 22 cm Contains detailed assembly instructions. Notice: 1. Without an original box, but we guarantee our [&hellip;]<\/p>","protected":false},"featured_media":35674,"comment_status":"closed","ping_status":"closed","template":"","meta":{"_acf_changed":false},"product_cat":[1365],"product_tag":[5228,7821,7820,7822,7819,7793,1698,7823,7818],"class_list":["product","first","instock","shipping-taxable","purchasable","product-type-simple"],"acf":[],"_links":{"self":[{"href":"https:\/\/mouldking.store\/vi\/wp-json\/wp\/v2\/product\/35673","targetHints":{"allow":["GET"]}}],"collection":[{"href":"https:\/\/mouldking.store\/vi\/wp-json\/wp\/v2\/product"}],"about":[{"href":"https:\/\/mouldking.store\/vi\/wp-json\/wp\/v2\/types\/product"}],"replies":[{"embeddable":true,"href":"https:\/\/mouldking.store\/vi\/wp-json\/wp\/v2\/comments?post=35673"}],"wp:featuredmedia":[{"embeddable":true,"href":"https:\/\/mouldking.store\/vi\/wp-json\/wp\/v2\/media\/35674"}],"wp:attachment":[{"href":"https:\/\/mouldking.store\/vi\/wp-json\/wp\/v2\/media?parent=35673"}],"wp:term":[{"taxonomy":"product_cat","embeddable":true,"href":"https:\/\/mouldking.store\/vi\/wp-json\/wp\/v2\/product_cat?post=35673"},{"taxonomy":"product_tag","embeddable":true,"href":"https:\/\/mouldking.store\/vi\/wp-json\/wp\/v2\/product_tag?post=35673"}],"curies":[{"name":"wp","href":"https:\/\/api.w.org\/{rel}","templated":true}]}}