{"id":35691,"date":"2022-11-22T10:21:57","date_gmt":"2022-11-22T03:21:57","guid":{"rendered":"https:\/\/mouldking.store\/?post_type=product&#038;p=35691"},"modified":"2022-11-22T10:21:57","modified_gmt":"2022-11-22T03:21:57","slug":"panlos-672101-15-red-ducati-v4s-motorcycle-with-2098-pieces","status":"publish","type":"product","link":"https:\/\/mouldking.store\/vi\/shop\/panlos-672101-15-red-ducati-v4s-motorcycle-with-2098-pieces\/","title":{"rendered":"PANLOS 672101 Xe m\u00e1y Ducati V4S 1:5 m\u00e0u \u0111\u1ecf v\u1edbi 2098 m\u1ea3nh gh\u00e9p"},"content":{"rendered":"<p>Th\u00f4ng tin s\u1ea3n ph\u1ea9m:<\/p>\n<ol>\n<li>Th\u01b0\u01a1ng hi\u1ec7u: PANLOS<\/li>\n<li>Gi\u1edbi t\u00ednh: Unisex<\/li>\n<li>Name: 1:5 Red Ducati V4S Motorcycle<\/li>\n<li>\u0110\u1ed9 tu\u1ed5i: &gt; 6 tu\u1ed5i<\/li>\n<li>Model Number: 672101<\/li>\n<li>Ph\u00e2n lo\u1ea1i: T\u1eadp h\u1ee3p<\/li>\n<li>H\u00ecnh d\u1ea1ng kh\u1ed1i nh\u1ef1a: G\u1ea1ch t\u1ef1 kh\u00f3a<\/li>\n<li>Ch\u1ea5t li\u1ec7u: Nh\u1ef1a<\/li>\n<li>Lo\u1ea1i nh\u1ef1a: ABS<\/li>\n<li>Bricks Blocks:2098 PCS<\/li>\n<li>Size: 48 \u00d7 18 \u00d7 30 cm<\/li>\n<li>Ch\u1ee9a h\u01b0\u1edbng d\u1eabn l\u1eafp r\u00e1p chi ti\u1ebft.<\/li>\n<\/ol>\n<p>\u0110\u1ec3 \u00fd:<br \/>\n1. Kh\u00f4ng c\u00f3 h\u1ed9p ban \u0111\u1ea7u, nh\u01b0ng ch\u00fang t\u00f4i \u0111\u1ea3m b\u1ea3o s\u1ea3n ph\u1ea9m c\u1ee7a ch\u00fang t\u00f4i c\u00f3 ch\u1ea5t l\u01b0\u1ee3ng \u0111\u1ea3m b\u1ea3o v\u00e0 bao b\u00ec \u0111\u1eb9p.<br \/>\n2. V\u00ec t\u1ea5t c\u1ea3 c\u00e1c b\u1ed9 ph\u1eadn ch\u00fang t\u00f4i \u0111\u00e3 ki\u1ec3m tra tr\u01b0\u1edbc khi v\u1eadn chuy\u1ec3n, v\u00ec v\u1eady n\u1ebfu b\u1ea1n th\u1ea5y m\u1ed9t s\u1ed1 b\u1ed9 ph\u1eadn b\u1ecb thi\u1ebfu ho\u1eb7c h\u01b0 h\u1ecfng, \u0111\u1eebng lo l\u1eafng v\u00e0 ch\u1ec9 c\u1ea7n vui l\u00f2ng li\u00ean h\u1ec7 v\u1edbi ch\u00fang t\u00f4i v\u00e0 ch\u00fang t\u00f4i c\u00f3 th\u1ec3 g\u1eedi l\u1ea1i mi\u1ec5n ph\u00ed cho b\u1ea1n ngay l\u1eadp t\u1ee9c.<\/p>\n<figure id=\"attachment_35692\" aria-describedby=\"caption-attachment-35692\" style=\"width: 800px\" class=\"wp-caption aligncenter\"><img fetchpriority=\"high\" decoding=\"async\" class=\"wp-image-35692 size-full\" src=\"https:\/\/mouldking.store\/wp-content\/uploads\/2022\/11\/Red-Ducati-V4S-Motorcycle-PANLOS-672101-4.jpg\" alt=\"PANLOS 672101 1:5 Red Ducati V4S Motorcycle With 2098 Pieces\" width=\"800\" height=\"800\" title=\"-\" srcset=\"https:\/\/mouldking.store\/wp-content\/uploads\/2022\/11\/Red-Ducati-V4S-Motorcycle-PANLOS-672101-4.jpg 800w, https:\/\/mouldking.store\/wp-content\/uploads\/2022\/11\/Red-Ducati-V4S-Motorcycle-PANLOS-672101-4-300x300.jpg 300w, https:\/\/mouldking.store\/wp-content\/uploads\/2022\/11\/Red-Ducati-V4S-Motorcycle-PANLOS-672101-4-768x768.jpg 768w, https:\/\/mouldking.store\/wp-content\/uploads\/2022\/11\/Red-Ducati-V4S-Motorcycle-PANLOS-672101-4-600x600.jpg 600w, https:\/\/mouldking.store\/wp-content\/uploads\/2022\/11\/Red-Ducati-V4S-Motorcycle-PANLOS-672101-4-150x150.jpg 150w, https:\/\/mouldking.store\/wp-content\/uploads\/2022\/11\/Red-Ducati-V4S-Motorcycle-PANLOS-672101-4-60x60.jpg 60w, https:\/\/mouldking.store\/wp-content\/uploads\/2022\/11\/Red-Ducati-V4S-Motorcycle-PANLOS-672101-4-90x90.jpg 90w\" sizes=\"(max-width: 800px) 100vw, 800px\" \/><figcaption id=\"caption-attachment-35692\" class=\"wp-caption-text\">PANLOS 672101 Xe m\u00e1y Ducati V4S 1:5 m\u00e0u \u0111\u1ecf v\u1edbi 2098 m\u1ea3nh gh\u00e9p<\/figcaption><\/figure>\n<figure id=\"attachment_35693\" aria-describedby=\"caption-attachment-35693\" style=\"width: 800px\" class=\"wp-caption aligncenter\"><img decoding=\"async\" class=\"wp-image-35693 size-full\" src=\"https:\/\/mouldking.store\/wp-content\/uploads\/2022\/11\/Red-Ducati-V4S-Motorcycle-PANLOS-672101-3.jpg\" alt=\"PANLOS 672101 1:5 Red Ducati V4S Motorcycle With 2098 Pieces\" width=\"800\" height=\"800\" title=\"-\" srcset=\"https:\/\/mouldking.store\/wp-content\/uploads\/2022\/11\/Red-Ducati-V4S-Motorcycle-PANLOS-672101-3.jpg 800w, https:\/\/mouldking.store\/wp-content\/uploads\/2022\/11\/Red-Ducati-V4S-Motorcycle-PANLOS-672101-3-300x300.jpg 300w, https:\/\/mouldking.store\/wp-content\/uploads\/2022\/11\/Red-Ducati-V4S-Motorcycle-PANLOS-672101-3-768x768.jpg 768w, https:\/\/mouldking.store\/wp-content\/uploads\/2022\/11\/Red-Ducati-V4S-Motorcycle-PANLOS-672101-3-600x600.jpg 600w, https:\/\/mouldking.store\/wp-content\/uploads\/2022\/11\/Red-Ducati-V4S-Motorcycle-PANLOS-672101-3-150x150.jpg 150w, https:\/\/mouldking.store\/wp-content\/uploads\/2022\/11\/Red-Ducati-V4S-Motorcycle-PANLOS-672101-3-60x60.jpg 60w, https:\/\/mouldking.store\/wp-content\/uploads\/2022\/11\/Red-Ducati-V4S-Motorcycle-PANLOS-672101-3-90x90.jpg 90w\" sizes=\"(max-width: 800px) 100vw, 800px\" \/><figcaption id=\"caption-attachment-35693\" class=\"wp-caption-text\">PANLOS 672101 Xe m\u00e1y Ducati V4S 1:5 m\u00e0u \u0111\u1ecf v\u1edbi 2098 m\u1ea3nh gh\u00e9p<\/figcaption><\/figure>\n<figure id=\"attachment_35694\" aria-describedby=\"caption-attachment-35694\" style=\"width: 800px\" class=\"wp-caption aligncenter\"><img decoding=\"async\" class=\"wp-image-35694 size-full\" src=\"https:\/\/mouldking.store\/wp-content\/uploads\/2022\/11\/Red-Ducati-V4S-Motorcycle-PANLOS-672101-2.jpg\" alt=\"PANLOS 672101 1:5 Red Ducati V4S Motorcycle With 2098 Pieces\" width=\"800\" height=\"800\" title=\"-\" srcset=\"https:\/\/mouldking.store\/wp-content\/uploads\/2022\/11\/Red-Ducati-V4S-Motorcycle-PANLOS-672101-2.jpg 800w, https:\/\/mouldking.store\/wp-content\/uploads\/2022\/11\/Red-Ducati-V4S-Motorcycle-PANLOS-672101-2-300x300.jpg 300w, https:\/\/mouldking.store\/wp-content\/uploads\/2022\/11\/Red-Ducati-V4S-Motorcycle-PANLOS-672101-2-768x768.jpg 768w, https:\/\/mouldking.store\/wp-content\/uploads\/2022\/11\/Red-Ducati-V4S-Motorcycle-PANLOS-672101-2-600x600.jpg 600w, https:\/\/mouldking.store\/wp-content\/uploads\/2022\/11\/Red-Ducati-V4S-Motorcycle-PANLOS-672101-2-150x150.jpg 150w, https:\/\/mouldking.store\/wp-content\/uploads\/2022\/11\/Red-Ducati-V4S-Motorcycle-PANLOS-672101-2-60x60.jpg 60w, https:\/\/mouldking.store\/wp-content\/uploads\/2022\/11\/Red-Ducati-V4S-Motorcycle-PANLOS-672101-2-90x90.jpg 90w\" sizes=\"(max-width: 800px) 100vw, 800px\" \/><figcaption id=\"caption-attachment-35694\" class=\"wp-caption-text\">PANLOS 672101 Xe m\u00e1y Ducati V4S 1:5 m\u00e0u \u0111\u1ecf v\u1edbi 2098 m\u1ea3nh gh\u00e9p<\/figcaption><\/figure>\n<figure id=\"attachment_35695\" aria-describedby=\"caption-attachment-35695\" style=\"width: 1920px\" class=\"wp-caption aligncenter\"><img loading=\"lazy\" decoding=\"async\" class=\"wp-image-35695 size-full\" src=\"https:\/\/mouldking.store\/wp-content\/uploads\/2022\/11\/Red-Ducati-V4S-Motorcycle-PANLOS-672101-1.jpg\" alt=\"PANLOS 672101 1:5 Red Ducati V4S Motorcycle With 2098 Pieces\" width=\"1920\" height=\"1816\" title=\"-\" srcset=\"https:\/\/mouldking.store\/wp-content\/uploads\/2022\/11\/Red-Ducati-V4S-Motorcycle-PANLOS-672101-1.jpg 1920w, https:\/\/mouldking.store\/wp-content\/uploads\/2022\/11\/Red-Ducati-V4S-Motorcycle-PANLOS-672101-1-300x284.jpg 300w, https:\/\/mouldking.store\/wp-content\/uploads\/2022\/11\/Red-Ducati-V4S-Motorcycle-PANLOS-672101-1-1024x969.jpg 1024w, https:\/\/mouldking.store\/wp-content\/uploads\/2022\/11\/Red-Ducati-V4S-Motorcycle-PANLOS-672101-1-768x726.jpg 768w, https:\/\/mouldking.store\/wp-content\/uploads\/2022\/11\/Red-Ducati-V4S-Motorcycle-PANLOS-672101-1-1536x1453.jpg 1536w, https:\/\/mouldking.store\/wp-content\/uploads\/2022\/11\/Red-Ducati-V4S-Motorcycle-PANLOS-672101-1-600x568.jpg 600w, https:\/\/mouldking.store\/wp-content\/uploads\/2022\/11\/Red-Ducati-V4S-Motorcycle-PANLOS-672101-1-150x142.jpg 150w, https:\/\/mouldking.store\/wp-content\/uploads\/2022\/11\/Red-Ducati-V4S-Motorcycle-PANLOS-672101-1-63x60.jpg 63w, https:\/\/mouldking.store\/wp-content\/uploads\/2022\/11\/Red-Ducati-V4S-Motorcycle-PANLOS-672101-1-95x90.jpg 95w\" sizes=\"(max-width: 1920px) 100vw, 1920px\" \/><figcaption id=\"caption-attachment-35695\" class=\"wp-caption-text\">PANLOS 672101 Xe m\u00e1y Ducati V4S 1:5 m\u00e0u \u0111\u1ecf v\u1edbi 2098 m\u1ea3nh gh\u00e9p<\/figcaption><\/figure>","protected":false},"excerpt":{"rendered":"<p>Product information: Brand: PANLOS Gender: Unisex Name: 1:5 Red Ducati V4S Motorcycle Age Range: &gt; 6 years old Model Number: 672101 Classification: Assemblage Plastic Block Shape: Self-Locking Bricks Material: Plastic Plastic Type: ABS Bricks Blocks:2098 PCS Size: 48 \u00d7 18 \u00d7 30 cm Contains detailed assembly instructions. Notice: 1. Without an original box, but we [&hellip;]<\/p>","protected":false},"featured_media":35692,"comment_status":"closed","ping_status":"closed","template":"","meta":{"_acf_changed":false},"product_cat":[1357],"product_tag":[7845,7842,5553,7843,7844,2449,1851,7846,7847,7841],"class_list":["product","first","instock","shipping-taxable","purchasable","product-type-simple"],"acf":[],"_links":{"self":[{"href":"https:\/\/mouldking.store\/vi\/wp-json\/wp\/v2\/product\/35691","targetHints":{"allow":["GET"]}}],"collection":[{"href":"https:\/\/mouldking.store\/vi\/wp-json\/wp\/v2\/product"}],"about":[{"href":"https:\/\/mouldking.store\/vi\/wp-json\/wp\/v2\/types\/product"}],"replies":[{"embeddable":true,"href":"https:\/\/mouldking.store\/vi\/wp-json\/wp\/v2\/comments?post=35691"}],"wp:featuredmedia":[{"embeddable":true,"href":"https:\/\/mouldking.store\/vi\/wp-json\/wp\/v2\/media\/35692"}],"wp:attachment":[{"href":"https:\/\/mouldking.store\/vi\/wp-json\/wp\/v2\/media?parent=35691"}],"wp:term":[{"taxonomy":"product_cat","embeddable":true,"href":"https:\/\/mouldking.store\/vi\/wp-json\/wp\/v2\/product_cat?post=35691"},{"taxonomy":"product_tag","embeddable":true,"href":"https:\/\/mouldking.store\/vi\/wp-json\/wp\/v2\/product_tag?post=35691"}],"curies":[{"name":"wp","href":"https:\/\/api.w.org\/{rel}","templated":true}]}}