{"id":35709,"date":"2022-11-22T10:44:03","date_gmt":"2022-11-22T03:44:03","guid":{"rendered":"https:\/\/mouldking.store\/?post_type=product&#038;p=35709"},"modified":"2024-12-09T17:41:48","modified_gmt":"2024-12-09T10:41:48","slug":"panlos-672104-15-yamaha-r1-with-2347-pieces","status":"publish","type":"product","link":"https:\/\/mouldking.store\/vi\/shop\/panlos-672104-15-yamaha-r1-with-2347-pieces\/","title":{"rendered":"PANLOS 672104 1:5 YAMAHA R1 V\u1edbi 2347 M\u1ea3nh gh\u00e9p"},"content":{"rendered":"<p>Th\u00f4ng tin s\u1ea3n ph\u1ea9m:<\/p>\n<ol>\n<li>Th\u01b0\u01a1ng hi\u1ec7u: PANLOS<\/li>\n<li>Gi\u1edbi t\u00ednh: Unisex<\/li>\n<li>T\u00ean: 1:5 YAMAHA R1<\/li>\n<li>\u0110\u1ed9 tu\u1ed5i: &gt; 6 tu\u1ed5i<\/li>\n<li>S\u1ed1 m\u00f4 h\u00ecnh: 672104<\/li>\n<li>Ph\u00e2n lo\u1ea1i: T\u1eadp h\u1ee3p<\/li>\n<li>H\u00ecnh d\u1ea1ng kh\u1ed1i nh\u1ef1a: G\u1ea1ch t\u1ef1 kh\u00f3a<\/li>\n<li>Ch\u1ea5t li\u1ec7u: Nh\u1ef1a<\/li>\n<li>Lo\u1ea1i nh\u1ef1a: ABS<\/li>\n<li>Kh\u1ed1i g\u1ea1ch: 2347 C\u00c1I<\/li>\n<li>K\u00edch th\u01b0\u1edbc: 49\u00d718\u00d732 cm<\/li>\n<li>Ch\u1ee9a h\u01b0\u1edbng d\u1eabn l\u1eafp r\u00e1p chi ti\u1ebft.<\/li>\n<\/ol>\n<p>\u0110\u1ec3 \u00fd:<br \/>\n1. Kh\u00f4ng c\u00f3 h\u1ed9p ban \u0111\u1ea7u, nh\u01b0ng ch\u00fang t\u00f4i \u0111\u1ea3m b\u1ea3o s\u1ea3n ph\u1ea9m c\u1ee7a ch\u00fang t\u00f4i c\u00f3 ch\u1ea5t l\u01b0\u1ee3ng \u0111\u1ea3m b\u1ea3o v\u00e0 bao b\u00ec \u0111\u1eb9p.<br \/>\n2. V\u00ec t\u1ea5t c\u1ea3 c\u00e1c b\u1ed9 ph\u1eadn ch\u00fang t\u00f4i \u0111\u00e3 ki\u1ec3m tra tr\u01b0\u1edbc khi v\u1eadn chuy\u1ec3n, v\u00ec v\u1eady n\u1ebfu b\u1ea1n th\u1ea5y m\u1ed9t s\u1ed1 b\u1ed9 ph\u1eadn b\u1ecb thi\u1ebfu ho\u1eb7c h\u01b0 h\u1ecfng, \u0111\u1eebng lo l\u1eafng v\u00e0 ch\u1ec9 c\u1ea7n vui l\u00f2ng li\u00ean h\u1ec7 v\u1edbi ch\u00fang t\u00f4i v\u00e0 ch\u00fang t\u00f4i c\u00f3 th\u1ec3 g\u1eedi l\u1ea1i mi\u1ec5n ph\u00ed cho b\u1ea1n ngay l\u1eadp t\u1ee9c.<\/p>\n<figure id=\"attachment_35710\" aria-describedby=\"caption-attachment-35710\" style=\"width: 800px\" class=\"wp-caption aligncenter\"><img fetchpriority=\"high\" decoding=\"async\" class=\"wp-image-35710 size-full\" src=\"https:\/\/mouldking.store\/wp-content\/uploads\/2022\/11\/YAMAHA-R1-6.jpg\" alt=\"PANLOS 672104 1:5 YAMAHA R1 With 2347 Pieces\" width=\"800\" height=\"800\" title=\"-\" srcset=\"https:\/\/mouldking.store\/wp-content\/uploads\/2022\/11\/YAMAHA-R1-6.jpg 800w, https:\/\/mouldking.store\/wp-content\/uploads\/2022\/11\/YAMAHA-R1-6-300x300.jpg 300w, https:\/\/mouldking.store\/wp-content\/uploads\/2022\/11\/YAMAHA-R1-6-768x768.jpg 768w, https:\/\/mouldking.store\/wp-content\/uploads\/2022\/11\/YAMAHA-R1-6-600x600.jpg 600w, https:\/\/mouldking.store\/wp-content\/uploads\/2022\/11\/YAMAHA-R1-6-150x150.jpg 150w, https:\/\/mouldking.store\/wp-content\/uploads\/2022\/11\/YAMAHA-R1-6-60x60.jpg 60w, https:\/\/mouldking.store\/wp-content\/uploads\/2022\/11\/YAMAHA-R1-6-90x90.jpg 90w\" sizes=\"(max-width: 800px) 100vw, 800px\" \/><figcaption id=\"caption-attachment-35710\" class=\"wp-caption-text\">PANLOS 672104 1:5 YAMAHA R1 V\u1edbi 2347 M\u1ea3nh gh\u00e9p<\/figcaption><\/figure>\n<figure id=\"attachment_35711\" aria-describedby=\"caption-attachment-35711\" style=\"width: 800px\" class=\"wp-caption aligncenter\"><img decoding=\"async\" class=\"wp-image-35711 size-full\" src=\"https:\/\/mouldking.store\/wp-content\/uploads\/2022\/11\/YAMAHA-R1-5.jpg\" alt=\"PANLOS 672104 1:5 YAMAHA R1 With 2347 Pieces\" width=\"800\" height=\"800\" title=\"-\" srcset=\"https:\/\/mouldking.store\/wp-content\/uploads\/2022\/11\/YAMAHA-R1-5.jpg 800w, https:\/\/mouldking.store\/wp-content\/uploads\/2022\/11\/YAMAHA-R1-5-300x300.jpg 300w, https:\/\/mouldking.store\/wp-content\/uploads\/2022\/11\/YAMAHA-R1-5-768x768.jpg 768w, https:\/\/mouldking.store\/wp-content\/uploads\/2022\/11\/YAMAHA-R1-5-600x600.jpg 600w, https:\/\/mouldking.store\/wp-content\/uploads\/2022\/11\/YAMAHA-R1-5-150x150.jpg 150w, https:\/\/mouldking.store\/wp-content\/uploads\/2022\/11\/YAMAHA-R1-5-60x60.jpg 60w, https:\/\/mouldking.store\/wp-content\/uploads\/2022\/11\/YAMAHA-R1-5-90x90.jpg 90w\" sizes=\"(max-width: 800px) 100vw, 800px\" \/><figcaption id=\"caption-attachment-35711\" class=\"wp-caption-text\">PANLOS 672104 1:5 YAMAHA R1 V\u1edbi 2347 M\u1ea3nh gh\u00e9p<\/figcaption><\/figure>\n<figure id=\"attachment_35712\" aria-describedby=\"caption-attachment-35712\" style=\"width: 723px\" class=\"wp-caption aligncenter\"><img decoding=\"async\" class=\"wp-image-35712 size-full\" src=\"https:\/\/mouldking.store\/wp-content\/uploads\/2022\/11\/YAMAHA-R1-4.jpg\" alt=\"PANLOS 672104 1:5 YAMAHA R1 With 2347 Pieces\" width=\"723\" height=\"1024\" title=\"-\" srcset=\"https:\/\/mouldking.store\/wp-content\/uploads\/2022\/11\/YAMAHA-R1-4.jpg 723w, https:\/\/mouldking.store\/wp-content\/uploads\/2022\/11\/YAMAHA-R1-4-212x300.jpg 212w, https:\/\/mouldking.store\/wp-content\/uploads\/2022\/11\/YAMAHA-R1-4-300x425.jpg 300w, https:\/\/mouldking.store\/wp-content\/uploads\/2022\/11\/YAMAHA-R1-4-600x850.jpg 600w, https:\/\/mouldking.store\/wp-content\/uploads\/2022\/11\/YAMAHA-R1-4-106x150.jpg 106w, https:\/\/mouldking.store\/wp-content\/uploads\/2022\/11\/YAMAHA-R1-4-42x60.jpg 42w, https:\/\/mouldking.store\/wp-content\/uploads\/2022\/11\/YAMAHA-R1-4-64x90.jpg 64w\" sizes=\"(max-width: 723px) 100vw, 723px\" \/><figcaption id=\"caption-attachment-35712\" class=\"wp-caption-text\">PANLOS 672104 1:5 YAMAHA R1 V\u1edbi 2347 M\u1ea3nh gh\u00e9p<\/figcaption><\/figure>\n<figure id=\"attachment_35713\" aria-describedby=\"caption-attachment-35713\" style=\"width: 744px\" class=\"wp-caption aligncenter\"><img loading=\"lazy\" decoding=\"async\" class=\"wp-image-35713 size-full\" src=\"https:\/\/mouldking.store\/wp-content\/uploads\/2022\/11\/YAMAHA-R1-3.jpg\" alt=\"PANLOS 672104 1:5 YAMAHA R1 With 2347 Pieces\" width=\"744\" height=\"964\" title=\"-\" srcset=\"https:\/\/mouldking.store\/wp-content\/uploads\/2022\/11\/YAMAHA-R1-3.jpg 744w, https:\/\/mouldking.store\/wp-content\/uploads\/2022\/11\/YAMAHA-R1-3-232x300.jpg 232w, https:\/\/mouldking.store\/wp-content\/uploads\/2022\/11\/YAMAHA-R1-3-300x389.jpg 300w, https:\/\/mouldking.store\/wp-content\/uploads\/2022\/11\/YAMAHA-R1-3-600x777.jpg 600w, https:\/\/mouldking.store\/wp-content\/uploads\/2022\/11\/YAMAHA-R1-3-116x150.jpg 116w, https:\/\/mouldking.store\/wp-content\/uploads\/2022\/11\/YAMAHA-R1-3-46x60.jpg 46w, https:\/\/mouldking.store\/wp-content\/uploads\/2022\/11\/YAMAHA-R1-3-69x90.jpg 69w\" sizes=\"(max-width: 744px) 100vw, 744px\" \/><figcaption id=\"caption-attachment-35713\" class=\"wp-caption-text\">PANLOS 672104 1:5 YAMAHA R1 V\u1edbi 2347 M\u1ea3nh gh\u00e9p<\/figcaption><\/figure>\n<figure id=\"attachment_35714\" aria-describedby=\"caption-attachment-35714\" style=\"width: 1024px\" class=\"wp-caption aligncenter\"><img loading=\"lazy\" decoding=\"async\" class=\"wp-image-35714 size-full\" src=\"https:\/\/mouldking.store\/wp-content\/uploads\/2022\/11\/YAMAHA-R1-2.jpg\" alt=\"PANLOS 672104 1:5 YAMAHA R1 With 2347 Pieces\" width=\"1024\" height=\"792\" title=\"-\" srcset=\"https:\/\/mouldking.store\/wp-content\/uploads\/2022\/11\/YAMAHA-R1-2.jpg 1024w, https:\/\/mouldking.store\/wp-content\/uploads\/2022\/11\/YAMAHA-R1-2-300x232.jpg 300w, https:\/\/mouldking.store\/wp-content\/uploads\/2022\/11\/YAMAHA-R1-2-768x594.jpg 768w, https:\/\/mouldking.store\/wp-content\/uploads\/2022\/11\/YAMAHA-R1-2-600x464.jpg 600w, https:\/\/mouldking.store\/wp-content\/uploads\/2022\/11\/YAMAHA-R1-2-150x116.jpg 150w, https:\/\/mouldking.store\/wp-content\/uploads\/2022\/11\/YAMAHA-R1-2-78x60.jpg 78w, https:\/\/mouldking.store\/wp-content\/uploads\/2022\/11\/YAMAHA-R1-2-116x90.jpg 116w\" sizes=\"(max-width: 1024px) 100vw, 1024px\" \/><figcaption id=\"caption-attachment-35714\" class=\"wp-caption-text\">PANLOS 672104 1:5 YAMAHA R1 V\u1edbi 2347 M\u1ea3nh gh\u00e9p<\/figcaption><\/figure>\n<figure id=\"attachment_35715\" aria-describedby=\"caption-attachment-35715\" style=\"width: 1024px\" class=\"wp-caption aligncenter\"><img loading=\"lazy\" decoding=\"async\" class=\"wp-image-35715 size-full\" src=\"https:\/\/mouldking.store\/wp-content\/uploads\/2022\/11\/YAMAHA-R1-1.jpg\" alt=\"PANLOS 672104 1:5 YAMAHA R1 With 2347 Pieces\" width=\"1024\" height=\"994\" title=\"-\" srcset=\"https:\/\/mouldking.store\/wp-content\/uploads\/2022\/11\/YAMAHA-R1-1.jpg 1024w, https:\/\/mouldking.store\/wp-content\/uploads\/2022\/11\/YAMAHA-R1-1-300x291.jpg 300w, https:\/\/mouldking.store\/wp-content\/uploads\/2022\/11\/YAMAHA-R1-1-768x746.jpg 768w, https:\/\/mouldking.store\/wp-content\/uploads\/2022\/11\/YAMAHA-R1-1-600x582.jpg 600w, https:\/\/mouldking.store\/wp-content\/uploads\/2022\/11\/YAMAHA-R1-1-150x146.jpg 150w, https:\/\/mouldking.store\/wp-content\/uploads\/2022\/11\/YAMAHA-R1-1-62x60.jpg 62w, https:\/\/mouldking.store\/wp-content\/uploads\/2022\/11\/YAMAHA-R1-1-93x90.jpg 93w\" sizes=\"(max-width: 1024px) 100vw, 1024px\" \/><figcaption id=\"caption-attachment-35715\" class=\"wp-caption-text\">PANLOS 672104 1:5 YAMAHA R1 V\u1edbi 2347 M\u1ea3nh gh\u00e9p<\/figcaption><\/figure>","protected":false},"excerpt":{"rendered":"<p>Product information: Brand: PANLOS Gender: Unisex Name: 1:5 YAMAHA R1 Age Range: &gt; 6 years old Model Number: 672104 Classification: Assemblage Plastic Block Shape: Self-Locking Bricks Material: Plastic Plastic Type: ABS Bricks Blocks:2347 PCS Size: 49 \u00d7 18 \u00d7 32 cm Contains detailed assembly instructions. Notice: 1. Without an original box, but we guarantee our [&hellip;]<\/p>","protected":false},"featured_media":35710,"comment_status":"closed","ping_status":"closed","template":"","meta":{"_acf_changed":false},"product_cat":[1357],"product_tag":[7866,7863,1851,7867,7868,7862,7864,7865],"class_list":["product","first","instock","shipping-taxable","purchasable","product-type-simple"],"acf":[],"_links":{"self":[{"href":"https:\/\/mouldking.store\/vi\/wp-json\/wp\/v2\/product\/35709","targetHints":{"allow":["GET"]}}],"collection":[{"href":"https:\/\/mouldking.store\/vi\/wp-json\/wp\/v2\/product"}],"about":[{"href":"https:\/\/mouldking.store\/vi\/wp-json\/wp\/v2\/types\/product"}],"replies":[{"embeddable":true,"href":"https:\/\/mouldking.store\/vi\/wp-json\/wp\/v2\/comments?post=35709"}],"wp:featuredmedia":[{"embeddable":true,"href":"https:\/\/mouldking.store\/vi\/wp-json\/wp\/v2\/media\/35710"}],"wp:attachment":[{"href":"https:\/\/mouldking.store\/vi\/wp-json\/wp\/v2\/media?parent=35709"}],"wp:term":[{"taxonomy":"product_cat","embeddable":true,"href":"https:\/\/mouldking.store\/vi\/wp-json\/wp\/v2\/product_cat?post=35709"},{"taxonomy":"product_tag","embeddable":true,"href":"https:\/\/mouldking.store\/vi\/wp-json\/wp\/v2\/product_tag?post=35709"}],"curies":[{"name":"wp","href":"https:\/\/api.w.org\/{rel}","templated":true}]}}