{"id":35721,"date":"2022-11-22T11:04:47","date_gmt":"2022-11-22T04:04:47","guid":{"rendered":"https:\/\/mouldking.store\/?post_type=product&#038;p=35721"},"modified":"2022-11-22T11:04:48","modified_gmt":"2022-11-22T04:04:48","slug":"forange-fc1613-mini-car-transporter-with-1374-pieces","status":"publish","type":"product","link":"https:\/\/mouldking.store\/vi\/shop\/forange-fc1613-mini-car-transporter-with-1374-pieces\/","title":{"rendered":"FORANGE FC1613 Xe V\u1eadn Chuy\u1ec3n Mini V\u1edbi 1374 Mi\u1ebfng"},"content":{"rendered":"<p>Th\u00f4ng tin s\u1ea3n ph\u1ea9m:<\/p>\n<ol>\n<li>Th\u01b0\u01a1ng hi\u1ec7u: FORANGE<\/li>\n<li>Gi\u1edbi t\u00ednh: Unisex<\/li>\n<li>T\u00ean: V\u1eadn chuy\u1ec3n \u00f4 t\u00f4 mini<\/li>\n<li>\u0110\u1ed9 tu\u1ed5i: &gt; 6 tu\u1ed5i<\/li>\n<li>S\u1ed1 m\u00f4 h\u00ecnh: FC1613<\/li>\n<li>Ph\u00e2n lo\u1ea1i: T\u1eadp h\u1ee3p<\/li>\n<li>H\u00ecnh d\u1ea1ng kh\u1ed1i nh\u1ef1a: G\u1ea1ch t\u1ef1 kh\u00f3a<\/li>\n<li>Ch\u1ea5t li\u1ec7u: Nh\u1ef1a<\/li>\n<li>Lo\u1ea1i nh\u1ef1a: ABS<\/li>\n<li>Kh\u1ed1i g\u1ea1ch: 1374 C\u00c1I<\/li>\n<li>K\u00edch th\u01b0\u1edbc: 59\u00d712.5\u00d710 cm<\/li>\n<li>Ch\u1ee9a h\u01b0\u1edbng d\u1eabn l\u1eafp r\u00e1p chi ti\u1ebft.<\/li>\n<\/ol>\n<p>\u0110\u1ec3 \u00fd:<br \/>\n1. Kh\u00f4ng c\u00f3 h\u1ed9p ban \u0111\u1ea7u, nh\u01b0ng ch\u00fang t\u00f4i \u0111\u1ea3m b\u1ea3o s\u1ea3n ph\u1ea9m c\u1ee7a ch\u00fang t\u00f4i c\u00f3 ch\u1ea5t l\u01b0\u1ee3ng \u0111\u1ea3m b\u1ea3o v\u00e0 bao b\u00ec \u0111\u1eb9p.<br \/>\n2. V\u00ec t\u1ea5t c\u1ea3 c\u00e1c b\u1ed9 ph\u1eadn ch\u00fang t\u00f4i \u0111\u00e3 ki\u1ec3m tra tr\u01b0\u1edbc khi v\u1eadn chuy\u1ec3n, v\u00ec v\u1eady n\u1ebfu b\u1ea1n th\u1ea5y m\u1ed9t s\u1ed1 b\u1ed9 ph\u1eadn b\u1ecb thi\u1ebfu ho\u1eb7c h\u01b0 h\u1ecfng, \u0111\u1eebng lo l\u1eafng v\u00e0 ch\u1ec9 c\u1ea7n vui l\u00f2ng li\u00ean h\u1ec7 v\u1edbi ch\u00fang t\u00f4i v\u00e0 ch\u00fang t\u00f4i c\u00f3 th\u1ec3 g\u1eedi l\u1ea1i mi\u1ec5n ph\u00ed cho b\u1ea1n ngay l\u1eadp t\u1ee9c.<\/p>\n<figure id=\"attachment_35722\" aria-describedby=\"caption-attachment-35722\" style=\"width: 800px\" class=\"wp-caption aligncenter\"><img fetchpriority=\"high\" decoding=\"async\" class=\"wp-image-35722 size-full\" src=\"https:\/\/mouldking.store\/wp-content\/uploads\/2022\/11\/FORANGE-FC1613-Mini-Car-Transporter-10.jpg\" alt=\"FORANGE FC1613 Mini Car Transporter With 1374 Pieces\" width=\"800\" height=\"800\" title=\"-\" srcset=\"https:\/\/mouldking.store\/wp-content\/uploads\/2022\/11\/FORANGE-FC1613-Mini-Car-Transporter-10.jpg 800w, https:\/\/mouldking.store\/wp-content\/uploads\/2022\/11\/FORANGE-FC1613-Mini-Car-Transporter-10-300x300.jpg 300w, https:\/\/mouldking.store\/wp-content\/uploads\/2022\/11\/FORANGE-FC1613-Mini-Car-Transporter-10-768x768.jpg 768w, https:\/\/mouldking.store\/wp-content\/uploads\/2022\/11\/FORANGE-FC1613-Mini-Car-Transporter-10-600x600.jpg 600w, https:\/\/mouldking.store\/wp-content\/uploads\/2022\/11\/FORANGE-FC1613-Mini-Car-Transporter-10-150x150.jpg 150w, https:\/\/mouldking.store\/wp-content\/uploads\/2022\/11\/FORANGE-FC1613-Mini-Car-Transporter-10-60x60.jpg 60w, https:\/\/mouldking.store\/wp-content\/uploads\/2022\/11\/FORANGE-FC1613-Mini-Car-Transporter-10-90x90.jpg 90w\" sizes=\"(max-width: 800px) 100vw, 800px\" \/><figcaption id=\"caption-attachment-35722\" class=\"wp-caption-text\">FORANGE FC1613 Xe V\u1eadn Chuy\u1ec3n Mini V\u1edbi 1374 Mi\u1ebfng<\/figcaption><\/figure>\n<figure id=\"attachment_35723\" aria-describedby=\"caption-attachment-35723\" style=\"width: 800px\" class=\"wp-caption aligncenter\"><img decoding=\"async\" class=\"wp-image-35723 size-full\" src=\"https:\/\/mouldking.store\/wp-content\/uploads\/2022\/11\/FORANGE-FC1613-Mini-Car-Transporter-9.jpg\" alt=\"FORANGE FC1613 Mini Car Transporter With 1374 Pieces\" width=\"800\" height=\"800\" title=\"-\" srcset=\"https:\/\/mouldking.store\/wp-content\/uploads\/2022\/11\/FORANGE-FC1613-Mini-Car-Transporter-9.jpg 800w, https:\/\/mouldking.store\/wp-content\/uploads\/2022\/11\/FORANGE-FC1613-Mini-Car-Transporter-9-300x300.jpg 300w, https:\/\/mouldking.store\/wp-content\/uploads\/2022\/11\/FORANGE-FC1613-Mini-Car-Transporter-9-768x768.jpg 768w, https:\/\/mouldking.store\/wp-content\/uploads\/2022\/11\/FORANGE-FC1613-Mini-Car-Transporter-9-600x600.jpg 600w, https:\/\/mouldking.store\/wp-content\/uploads\/2022\/11\/FORANGE-FC1613-Mini-Car-Transporter-9-150x150.jpg 150w, https:\/\/mouldking.store\/wp-content\/uploads\/2022\/11\/FORANGE-FC1613-Mini-Car-Transporter-9-60x60.jpg 60w, https:\/\/mouldking.store\/wp-content\/uploads\/2022\/11\/FORANGE-FC1613-Mini-Car-Transporter-9-90x90.jpg 90w\" sizes=\"(max-width: 800px) 100vw, 800px\" \/><figcaption id=\"caption-attachment-35723\" class=\"wp-caption-text\">FORANGE FC1613 Xe V\u1eadn Chuy\u1ec3n Mini V\u1edbi 1374 Mi\u1ebfng<\/figcaption><\/figure>\n<figure id=\"attachment_35724\" aria-describedby=\"caption-attachment-35724\" style=\"width: 800px\" class=\"wp-caption aligncenter\"><img decoding=\"async\" class=\"wp-image-35724 size-full\" src=\"https:\/\/mouldking.store\/wp-content\/uploads\/2022\/11\/FORANGE-FC1613-Mini-Car-Transporter-8.jpg\" alt=\"FORANGE FC1613 Mini Car Transporter With 1374 Pieces\" width=\"800\" height=\"800\" title=\"-\" srcset=\"https:\/\/mouldking.store\/wp-content\/uploads\/2022\/11\/FORANGE-FC1613-Mini-Car-Transporter-8.jpg 800w, https:\/\/mouldking.store\/wp-content\/uploads\/2022\/11\/FORANGE-FC1613-Mini-Car-Transporter-8-300x300.jpg 300w, https:\/\/mouldking.store\/wp-content\/uploads\/2022\/11\/FORANGE-FC1613-Mini-Car-Transporter-8-768x768.jpg 768w, https:\/\/mouldking.store\/wp-content\/uploads\/2022\/11\/FORANGE-FC1613-Mini-Car-Transporter-8-600x600.jpg 600w, https:\/\/mouldking.store\/wp-content\/uploads\/2022\/11\/FORANGE-FC1613-Mini-Car-Transporter-8-150x150.jpg 150w, https:\/\/mouldking.store\/wp-content\/uploads\/2022\/11\/FORANGE-FC1613-Mini-Car-Transporter-8-60x60.jpg 60w, https:\/\/mouldking.store\/wp-content\/uploads\/2022\/11\/FORANGE-FC1613-Mini-Car-Transporter-8-90x90.jpg 90w\" sizes=\"(max-width: 800px) 100vw, 800px\" \/><figcaption id=\"caption-attachment-35724\" class=\"wp-caption-text\">FORANGE FC1613 Xe V\u1eadn Chuy\u1ec3n Mini V\u1edbi 1374 Mi\u1ebfng<\/figcaption><\/figure>\n<figure id=\"attachment_35725\" aria-describedby=\"caption-attachment-35725\" style=\"width: 800px\" class=\"wp-caption aligncenter\"><img loading=\"lazy\" decoding=\"async\" class=\"wp-image-35725 size-full\" src=\"https:\/\/mouldking.store\/wp-content\/uploads\/2022\/11\/FORANGE-FC1613-Mini-Car-Transporter-7.jpg\" alt=\"FORANGE FC1613 Mini Car Transporter With 1374 Pieces\" width=\"800\" height=\"800\" title=\"-\" srcset=\"https:\/\/mouldking.store\/wp-content\/uploads\/2022\/11\/FORANGE-FC1613-Mini-Car-Transporter-7.jpg 800w, https:\/\/mouldking.store\/wp-content\/uploads\/2022\/11\/FORANGE-FC1613-Mini-Car-Transporter-7-300x300.jpg 300w, https:\/\/mouldking.store\/wp-content\/uploads\/2022\/11\/FORANGE-FC1613-Mini-Car-Transporter-7-768x768.jpg 768w, https:\/\/mouldking.store\/wp-content\/uploads\/2022\/11\/FORANGE-FC1613-Mini-Car-Transporter-7-600x600.jpg 600w, https:\/\/mouldking.store\/wp-content\/uploads\/2022\/11\/FORANGE-FC1613-Mini-Car-Transporter-7-150x150.jpg 150w, https:\/\/mouldking.store\/wp-content\/uploads\/2022\/11\/FORANGE-FC1613-Mini-Car-Transporter-7-60x60.jpg 60w, https:\/\/mouldking.store\/wp-content\/uploads\/2022\/11\/FORANGE-FC1613-Mini-Car-Transporter-7-90x90.jpg 90w\" sizes=\"(max-width: 800px) 100vw, 800px\" \/><figcaption id=\"caption-attachment-35725\" class=\"wp-caption-text\">FORANGE FC1613 Xe V\u1eadn Chuy\u1ec3n Mini V\u1edbi 1374 Mi\u1ebfng<\/figcaption><\/figure>\n<figure id=\"attachment_35726\" aria-describedby=\"caption-attachment-35726\" style=\"width: 620px\" class=\"wp-caption aligncenter\"><img loading=\"lazy\" decoding=\"async\" class=\"wp-image-35726 size-full\" src=\"https:\/\/mouldking.store\/wp-content\/uploads\/2022\/11\/FORANGE-FC1613-Mini-Car-Transporter-6.jpg\" alt=\"FORANGE FC1613 Mini Car Transporter With 1374 Pieces\" width=\"620\" height=\"990\" title=\"-\" srcset=\"https:\/\/mouldking.store\/wp-content\/uploads\/2022\/11\/FORANGE-FC1613-Mini-Car-Transporter-6.jpg 620w, https:\/\/mouldking.store\/wp-content\/uploads\/2022\/11\/FORANGE-FC1613-Mini-Car-Transporter-6-188x300.jpg 188w, https:\/\/mouldking.store\/wp-content\/uploads\/2022\/11\/FORANGE-FC1613-Mini-Car-Transporter-6-300x479.jpg 300w, https:\/\/mouldking.store\/wp-content\/uploads\/2022\/11\/FORANGE-FC1613-Mini-Car-Transporter-6-600x958.jpg 600w, https:\/\/mouldking.store\/wp-content\/uploads\/2022\/11\/FORANGE-FC1613-Mini-Car-Transporter-6-94x150.jpg 94w, https:\/\/mouldking.store\/wp-content\/uploads\/2022\/11\/FORANGE-FC1613-Mini-Car-Transporter-6-38x60.jpg 38w, https:\/\/mouldking.store\/wp-content\/uploads\/2022\/11\/FORANGE-FC1613-Mini-Car-Transporter-6-56x90.jpg 56w\" sizes=\"(max-width: 620px) 100vw, 620px\" \/><figcaption id=\"caption-attachment-35726\" class=\"wp-caption-text\">FORANGE FC1613 Xe V\u1eadn Chuy\u1ec3n Mini V\u1edbi 1374 Mi\u1ebfng<\/figcaption><\/figure>\n<figure id=\"attachment_35727\" aria-describedby=\"caption-attachment-35727\" style=\"width: 620px\" class=\"wp-caption aligncenter\"><img loading=\"lazy\" decoding=\"async\" class=\"wp-image-35727 size-full\" src=\"https:\/\/mouldking.store\/wp-content\/uploads\/2022\/11\/FORANGE-FC1613-Mini-Car-Transporter-5.jpg\" alt=\"FORANGE FC1613 Mini Car Transporter With 1374 Pieces\" width=\"620\" height=\"484\" title=\"-\" srcset=\"https:\/\/mouldking.store\/wp-content\/uploads\/2022\/11\/FORANGE-FC1613-Mini-Car-Transporter-5.jpg 620w, https:\/\/mouldking.store\/wp-content\/uploads\/2022\/11\/FORANGE-FC1613-Mini-Car-Transporter-5-300x234.jpg 300w, https:\/\/mouldking.store\/wp-content\/uploads\/2022\/11\/FORANGE-FC1613-Mini-Car-Transporter-5-600x468.jpg 600w, https:\/\/mouldking.store\/wp-content\/uploads\/2022\/11\/FORANGE-FC1613-Mini-Car-Transporter-5-150x117.jpg 150w, https:\/\/mouldking.store\/wp-content\/uploads\/2022\/11\/FORANGE-FC1613-Mini-Car-Transporter-5-77x60.jpg 77w, https:\/\/mouldking.store\/wp-content\/uploads\/2022\/11\/FORANGE-FC1613-Mini-Car-Transporter-5-115x90.jpg 115w\" sizes=\"(max-width: 620px) 100vw, 620px\" \/><figcaption id=\"caption-attachment-35727\" class=\"wp-caption-text\">FORANGE FC1613 Xe V\u1eadn Chuy\u1ec3n Mini V\u1edbi 1374 Mi\u1ebfng<\/figcaption><\/figure>\n<figure id=\"attachment_35728\" aria-describedby=\"caption-attachment-35728\" style=\"width: 620px\" class=\"wp-caption aligncenter\"><img loading=\"lazy\" decoding=\"async\" class=\"wp-image-35728 size-full\" src=\"https:\/\/mouldking.store\/wp-content\/uploads\/2022\/11\/FORANGE-FC1613-Mini-Car-Transporter-4.jpg\" alt=\"FORANGE FC1613 Mini Car Transporter With 1374 Pieces\" width=\"620\" height=\"657\" title=\"-\" srcset=\"https:\/\/mouldking.store\/wp-content\/uploads\/2022\/11\/FORANGE-FC1613-Mini-Car-Transporter-4.jpg 620w, https:\/\/mouldking.store\/wp-content\/uploads\/2022\/11\/FORANGE-FC1613-Mini-Car-Transporter-4-283x300.jpg 283w, https:\/\/mouldking.store\/wp-content\/uploads\/2022\/11\/FORANGE-FC1613-Mini-Car-Transporter-4-300x318.jpg 300w, https:\/\/mouldking.store\/wp-content\/uploads\/2022\/11\/FORANGE-FC1613-Mini-Car-Transporter-4-600x636.jpg 600w, https:\/\/mouldking.store\/wp-content\/uploads\/2022\/11\/FORANGE-FC1613-Mini-Car-Transporter-4-142x150.jpg 142w, https:\/\/mouldking.store\/wp-content\/uploads\/2022\/11\/FORANGE-FC1613-Mini-Car-Transporter-4-57x60.jpg 57w, https:\/\/mouldking.store\/wp-content\/uploads\/2022\/11\/FORANGE-FC1613-Mini-Car-Transporter-4-85x90.jpg 85w\" sizes=\"(max-width: 620px) 100vw, 620px\" \/><figcaption id=\"caption-attachment-35728\" class=\"wp-caption-text\">FORANGE FC1613 Xe V\u1eadn Chuy\u1ec3n Mini V\u1edbi 1374 Mi\u1ebfng<\/figcaption><\/figure>\n<figure id=\"attachment_35729\" aria-describedby=\"caption-attachment-35729\" style=\"width: 620px\" class=\"wp-caption aligncenter\"><img loading=\"lazy\" decoding=\"async\" class=\"wp-image-35729 size-full\" src=\"https:\/\/mouldking.store\/wp-content\/uploads\/2022\/11\/FORANGE-FC1613-Mini-Car-Transporter-3.jpg\" alt=\"FORANGE FC1613 Mini Car Transporter With 1374 Pieces\" width=\"620\" height=\"676\" title=\"-\" srcset=\"https:\/\/mouldking.store\/wp-content\/uploads\/2022\/11\/FORANGE-FC1613-Mini-Car-Transporter-3.jpg 620w, https:\/\/mouldking.store\/wp-content\/uploads\/2022\/11\/FORANGE-FC1613-Mini-Car-Transporter-3-275x300.jpg 275w, https:\/\/mouldking.store\/wp-content\/uploads\/2022\/11\/FORANGE-FC1613-Mini-Car-Transporter-3-300x327.jpg 300w, https:\/\/mouldking.store\/wp-content\/uploads\/2022\/11\/FORANGE-FC1613-Mini-Car-Transporter-3-600x654.jpg 600w, https:\/\/mouldking.store\/wp-content\/uploads\/2022\/11\/FORANGE-FC1613-Mini-Car-Transporter-3-138x150.jpg 138w, https:\/\/mouldking.store\/wp-content\/uploads\/2022\/11\/FORANGE-FC1613-Mini-Car-Transporter-3-55x60.jpg 55w, https:\/\/mouldking.store\/wp-content\/uploads\/2022\/11\/FORANGE-FC1613-Mini-Car-Transporter-3-83x90.jpg 83w\" sizes=\"(max-width: 620px) 100vw, 620px\" \/><figcaption id=\"caption-attachment-35729\" class=\"wp-caption-text\">FORANGE FC1613 Xe V\u1eadn Chuy\u1ec3n Mini V\u1edbi 1374 Mi\u1ebfng<\/figcaption><\/figure>\n<figure id=\"attachment_35730\" aria-describedby=\"caption-attachment-35730\" style=\"width: 620px\" class=\"wp-caption aligncenter\"><img loading=\"lazy\" decoding=\"async\" class=\"wp-image-35730 size-full\" src=\"https:\/\/mouldking.store\/wp-content\/uploads\/2022\/11\/FORANGE-FC1613-Mini-Car-Transporter-2.jpg\" alt=\"FORANGE FC1613 Mini Car Transporter With 1374 Pieces\" width=\"620\" height=\"615\" title=\"-\" srcset=\"https:\/\/mouldking.store\/wp-content\/uploads\/2022\/11\/FORANGE-FC1613-Mini-Car-Transporter-2.jpg 620w, https:\/\/mouldking.store\/wp-content\/uploads\/2022\/11\/FORANGE-FC1613-Mini-Car-Transporter-2-300x298.jpg 300w, https:\/\/mouldking.store\/wp-content\/uploads\/2022\/11\/FORANGE-FC1613-Mini-Car-Transporter-2-600x595.jpg 600w, https:\/\/mouldking.store\/wp-content\/uploads\/2022\/11\/FORANGE-FC1613-Mini-Car-Transporter-2-150x150.jpg 150w, https:\/\/mouldking.store\/wp-content\/uploads\/2022\/11\/FORANGE-FC1613-Mini-Car-Transporter-2-60x60.jpg 60w, https:\/\/mouldking.store\/wp-content\/uploads\/2022\/11\/FORANGE-FC1613-Mini-Car-Transporter-2-91x90.jpg 91w\" sizes=\"(max-width: 620px) 100vw, 620px\" \/><figcaption id=\"caption-attachment-35730\" class=\"wp-caption-text\">FORANGE FC1613 Xe V\u1eadn Chuy\u1ec3n Mini V\u1edbi 1374 Mi\u1ebfng<\/figcaption><\/figure>\n<figure id=\"attachment_35731\" aria-describedby=\"caption-attachment-35731\" style=\"width: 620px\" class=\"wp-caption aligncenter\"><img loading=\"lazy\" decoding=\"async\" class=\"wp-image-35731 size-full\" src=\"https:\/\/mouldking.store\/wp-content\/uploads\/2022\/11\/FORANGE-FC1613-Mini-Car-Transporter-1.jpg\" alt=\"FORANGE FC1613 Mini Car Transporter With 1374 Pieces\" width=\"620\" height=\"666\" title=\"-\" srcset=\"https:\/\/mouldking.store\/wp-content\/uploads\/2022\/11\/FORANGE-FC1613-Mini-Car-Transporter-1.jpg 620w, https:\/\/mouldking.store\/wp-content\/uploads\/2022\/11\/FORANGE-FC1613-Mini-Car-Transporter-1-279x300.jpg 279w, https:\/\/mouldking.store\/wp-content\/uploads\/2022\/11\/FORANGE-FC1613-Mini-Car-Transporter-1-300x322.jpg 300w, https:\/\/mouldking.store\/wp-content\/uploads\/2022\/11\/FORANGE-FC1613-Mini-Car-Transporter-1-600x645.jpg 600w, https:\/\/mouldking.store\/wp-content\/uploads\/2022\/11\/FORANGE-FC1613-Mini-Car-Transporter-1-140x150.jpg 140w, https:\/\/mouldking.store\/wp-content\/uploads\/2022\/11\/FORANGE-FC1613-Mini-Car-Transporter-1-56x60.jpg 56w, https:\/\/mouldking.store\/wp-content\/uploads\/2022\/11\/FORANGE-FC1613-Mini-Car-Transporter-1-84x90.jpg 84w\" sizes=\"(max-width: 620px) 100vw, 620px\" \/><figcaption id=\"caption-attachment-35731\" class=\"wp-caption-text\">FORANGE FC1613 Xe V\u1eadn Chuy\u1ec3n Mini V\u1edbi 1374 Mi\u1ebfng<\/figcaption><\/figure>","protected":false},"excerpt":{"rendered":"<p>Product information: Brand: FORANGE Gender: Unisex Name: Mini Car Transporter Age Range: &gt; 6 years old Model Number: FC1613 Classification: Assemblage Plastic Block Shape: Self-Locking Bricks Material: Plastic Plastic Type: ABS Bricks Blocks:1374 PCS Size: 59 \u00d7 12.5 \u00d7 10 cm Contains detailed assembly instructions. Notice: 1. Without an original box, but we guarantee our [&hellip;]<\/p>","protected":false},"featured_media":35722,"comment_status":"closed","ping_status":"closed","template":"","meta":{"_acf_changed":false},"product_cat":[1357],"product_tag":[7877,2595,7881,7882,7876,7878,7880,7879],"class_list":["product","first","instock","shipping-taxable","purchasable","product-type-simple"],"acf":[],"_links":{"self":[{"href":"https:\/\/mouldking.store\/vi\/wp-json\/wp\/v2\/product\/35721","targetHints":{"allow":["GET"]}}],"collection":[{"href":"https:\/\/mouldking.store\/vi\/wp-json\/wp\/v2\/product"}],"about":[{"href":"https:\/\/mouldking.store\/vi\/wp-json\/wp\/v2\/types\/product"}],"replies":[{"embeddable":true,"href":"https:\/\/mouldking.store\/vi\/wp-json\/wp\/v2\/comments?post=35721"}],"wp:featuredmedia":[{"embeddable":true,"href":"https:\/\/mouldking.store\/vi\/wp-json\/wp\/v2\/media\/35722"}],"wp:attachment":[{"href":"https:\/\/mouldking.store\/vi\/wp-json\/wp\/v2\/media?parent=35721"}],"wp:term":[{"taxonomy":"product_cat","embeddable":true,"href":"https:\/\/mouldking.store\/vi\/wp-json\/wp\/v2\/product_cat?post=35721"},{"taxonomy":"product_tag","embeddable":true,"href":"https:\/\/mouldking.store\/vi\/wp-json\/wp\/v2\/product_tag?post=35721"}],"curies":[{"name":"wp","href":"https:\/\/api.w.org\/{rel}","templated":true}]}}