{"id":35732,"date":"2022-11-22T11:27:52","date_gmt":"2022-11-22T04:27:52","guid":{"rendered":"https:\/\/mouldking.store\/?post_type=product&#038;p=35732"},"modified":"2022-11-22T11:27:52","modified_gmt":"2022-11-22T04:27:52","slug":"quan-guan-100084-soviet-bt-7-light-cavalry-tank-with-462-pieces","status":"publish","type":"product","link":"https:\/\/mouldking.store\/vi\/shop\/quan-guan-100084-soviet-bt-7-light-cavalry-tank-with-462-pieces\/","title":{"rendered":"Quan Guan 100084 Xe t\u0103ng k\u1ef5 binh h\u1ea1ng nh\u1eb9 BT-7 c\u1ee7a Li\u00ean X\u00f4 v\u1edbi 462 m\u1ea3nh gh\u00e9p"},"content":{"rendered":"<p>Th\u00f4ng tin s\u1ea3n ph\u1ea9m:<\/p>\n<ol>\n<li>Th\u01b0\u01a1ng hi\u1ec7u: Qu\u00e2n Quan<\/li>\n<li>Gi\u1edbi t\u00ednh: Unisex<\/li>\n<li>T\u00ean: Xe t\u0103ng k\u1ef5 binh h\u1ea1ng nh\u1eb9 BT-7 c\u1ee7a Li\u00ean X\u00f4<\/li>\n<li>\u0110\u1ed9 tu\u1ed5i: &gt; 6 tu\u1ed5i<\/li>\n<li>S\u1ed1 m\u00f4 h\u00ecnh: 100084<\/li>\n<li>Ph\u00e2n lo\u1ea1i: T\u1eadp h\u1ee3p<\/li>\n<li>H\u00ecnh d\u1ea1ng kh\u1ed1i nh\u1ef1a: G\u1ea1ch t\u1ef1 kh\u00f3a<\/li>\n<li>Ch\u1ea5t li\u1ec7u: Nh\u1ef1a<\/li>\n<li>Lo\u1ea1i nh\u1ef1a: ABS<\/li>\n<li>Kh\u1ed1i g\u1ea1ch: 462 C\u00c1I<\/li>\n<li>K\u00edch th\u01b0\u1edbc: 17.5 x 7x 8.7 cm<\/li>\n<li>Ch\u1ee9a h\u01b0\u1edbng d\u1eabn l\u1eafp r\u00e1p chi ti\u1ebft.<\/li>\n<\/ol>\n<p>\u0110\u1ec3 \u00fd:<br \/>\n1. Kh\u00f4ng c\u00f3 h\u1ed9p ban \u0111\u1ea7u, nh\u01b0ng ch\u00fang t\u00f4i \u0111\u1ea3m b\u1ea3o s\u1ea3n ph\u1ea9m c\u1ee7a ch\u00fang t\u00f4i c\u00f3 ch\u1ea5t l\u01b0\u1ee3ng \u0111\u1ea3m b\u1ea3o v\u00e0 bao b\u00ec \u0111\u1eb9p.<br \/>\n2. V\u00ec t\u1ea5t c\u1ea3 c\u00e1c b\u1ed9 ph\u1eadn ch\u00fang t\u00f4i \u0111\u00e3 ki\u1ec3m tra tr\u01b0\u1edbc khi v\u1eadn chuy\u1ec3n, v\u00ec v\u1eady n\u1ebfu b\u1ea1n th\u1ea5y m\u1ed9t s\u1ed1 b\u1ed9 ph\u1eadn b\u1ecb thi\u1ebfu ho\u1eb7c h\u01b0 h\u1ecfng, \u0111\u1eebng lo l\u1eafng v\u00e0 ch\u1ec9 c\u1ea7n vui l\u00f2ng li\u00ean h\u1ec7 v\u1edbi ch\u00fang t\u00f4i v\u00e0 ch\u00fang t\u00f4i c\u00f3 th\u1ec3 g\u1eedi l\u1ea1i mi\u1ec5n ph\u00ed cho b\u1ea1n ngay l\u1eadp t\u1ee9c.<\/p>\n<figure id=\"attachment_35733\" aria-describedby=\"caption-attachment-35733\" style=\"width: 800px\" class=\"wp-caption aligncenter\"><img fetchpriority=\"high\" decoding=\"async\" class=\"wp-image-35733 size-full\" src=\"https:\/\/mouldking.store\/wp-content\/uploads\/2022\/11\/Quan-Guan-100084-Soviet-BT-7-Light-Cavalry-Tank-5.jpg\" alt=\"Quan Guan 100084 Soviet BT-7 Light Cavalry Tank With 462 Pieces\" width=\"800\" height=\"800\" title=\"-\" srcset=\"https:\/\/mouldking.store\/wp-content\/uploads\/2022\/11\/Quan-Guan-100084-Soviet-BT-7-Light-Cavalry-Tank-5.jpg 800w, https:\/\/mouldking.store\/wp-content\/uploads\/2022\/11\/Quan-Guan-100084-Soviet-BT-7-Light-Cavalry-Tank-5-300x300.jpg 300w, https:\/\/mouldking.store\/wp-content\/uploads\/2022\/11\/Quan-Guan-100084-Soviet-BT-7-Light-Cavalry-Tank-5-768x768.jpg 768w, https:\/\/mouldking.store\/wp-content\/uploads\/2022\/11\/Quan-Guan-100084-Soviet-BT-7-Light-Cavalry-Tank-5-600x600.jpg 600w, https:\/\/mouldking.store\/wp-content\/uploads\/2022\/11\/Quan-Guan-100084-Soviet-BT-7-Light-Cavalry-Tank-5-150x150.jpg 150w, https:\/\/mouldking.store\/wp-content\/uploads\/2022\/11\/Quan-Guan-100084-Soviet-BT-7-Light-Cavalry-Tank-5-60x60.jpg 60w, https:\/\/mouldking.store\/wp-content\/uploads\/2022\/11\/Quan-Guan-100084-Soviet-BT-7-Light-Cavalry-Tank-5-90x90.jpg 90w\" sizes=\"(max-width: 800px) 100vw, 800px\" \/><figcaption id=\"caption-attachment-35733\" class=\"wp-caption-text\">Quan Guan 100084 Xe t\u0103ng k\u1ef5 binh h\u1ea1ng nh\u1eb9 BT-7 c\u1ee7a Li\u00ean X\u00f4 v\u1edbi 462 m\u1ea3nh gh\u00e9p<\/figcaption><\/figure>\n<figure id=\"attachment_35734\" aria-describedby=\"caption-attachment-35734\" style=\"width: 900px\" class=\"wp-caption aligncenter\"><img decoding=\"async\" class=\"wp-image-35734 size-full\" src=\"https:\/\/mouldking.store\/wp-content\/uploads\/2022\/11\/Quan-Guan-100084-Soviet-BT-7-Light-Cavalry-Tank-4.jpg\" alt=\"Quan Guan 100084 Soviet BT-7 Light Cavalry Tank With 462 Pieces\" width=\"900\" height=\"900\" title=\"-\" srcset=\"https:\/\/mouldking.store\/wp-content\/uploads\/2022\/11\/Quan-Guan-100084-Soviet-BT-7-Light-Cavalry-Tank-4.jpg 900w, https:\/\/mouldking.store\/wp-content\/uploads\/2022\/11\/Quan-Guan-100084-Soviet-BT-7-Light-Cavalry-Tank-4-300x300.jpg 300w, https:\/\/mouldking.store\/wp-content\/uploads\/2022\/11\/Quan-Guan-100084-Soviet-BT-7-Light-Cavalry-Tank-4-768x768.jpg 768w, https:\/\/mouldking.store\/wp-content\/uploads\/2022\/11\/Quan-Guan-100084-Soviet-BT-7-Light-Cavalry-Tank-4-600x600.jpg 600w, https:\/\/mouldking.store\/wp-content\/uploads\/2022\/11\/Quan-Guan-100084-Soviet-BT-7-Light-Cavalry-Tank-4-150x150.jpg 150w, https:\/\/mouldking.store\/wp-content\/uploads\/2022\/11\/Quan-Guan-100084-Soviet-BT-7-Light-Cavalry-Tank-4-60x60.jpg 60w, https:\/\/mouldking.store\/wp-content\/uploads\/2022\/11\/Quan-Guan-100084-Soviet-BT-7-Light-Cavalry-Tank-4-90x90.jpg 90w\" sizes=\"(max-width: 900px) 100vw, 900px\" \/><figcaption id=\"caption-attachment-35734\" class=\"wp-caption-text\">Quan Guan 100084 Xe t\u0103ng k\u1ef5 binh h\u1ea1ng nh\u1eb9 BT-7 c\u1ee7a Li\u00ean X\u00f4 v\u1edbi 462 m\u1ea3nh gh\u00e9p<\/figcaption><\/figure>\n<figure id=\"attachment_35735\" aria-describedby=\"caption-attachment-35735\" style=\"width: 900px\" class=\"wp-caption aligncenter\"><img decoding=\"async\" class=\"wp-image-35735 size-full\" src=\"https:\/\/mouldking.store\/wp-content\/uploads\/2022\/11\/Quan-Guan-100084-Soviet-BT-7-Light-Cavalry-Tank-3.jpg\" alt=\"Quan Guan 100084 Soviet BT-7 Light Cavalry Tank With 462 Pieces\" width=\"900\" height=\"900\" title=\"-\" srcset=\"https:\/\/mouldking.store\/wp-content\/uploads\/2022\/11\/Quan-Guan-100084-Soviet-BT-7-Light-Cavalry-Tank-3.jpg 900w, https:\/\/mouldking.store\/wp-content\/uploads\/2022\/11\/Quan-Guan-100084-Soviet-BT-7-Light-Cavalry-Tank-3-300x300.jpg 300w, https:\/\/mouldking.store\/wp-content\/uploads\/2022\/11\/Quan-Guan-100084-Soviet-BT-7-Light-Cavalry-Tank-3-768x768.jpg 768w, https:\/\/mouldking.store\/wp-content\/uploads\/2022\/11\/Quan-Guan-100084-Soviet-BT-7-Light-Cavalry-Tank-3-600x600.jpg 600w, https:\/\/mouldking.store\/wp-content\/uploads\/2022\/11\/Quan-Guan-100084-Soviet-BT-7-Light-Cavalry-Tank-3-150x150.jpg 150w, https:\/\/mouldking.store\/wp-content\/uploads\/2022\/11\/Quan-Guan-100084-Soviet-BT-7-Light-Cavalry-Tank-3-60x60.jpg 60w, https:\/\/mouldking.store\/wp-content\/uploads\/2022\/11\/Quan-Guan-100084-Soviet-BT-7-Light-Cavalry-Tank-3-90x90.jpg 90w\" sizes=\"(max-width: 900px) 100vw, 900px\" \/><figcaption id=\"caption-attachment-35735\" class=\"wp-caption-text\">Quan Guan 100084 Xe t\u0103ng k\u1ef5 binh h\u1ea1ng nh\u1eb9 BT-7 c\u1ee7a Li\u00ean X\u00f4 v\u1edbi 462 m\u1ea3nh gh\u00e9p<\/figcaption><\/figure>\n<figure id=\"attachment_35736\" aria-describedby=\"caption-attachment-35736\" style=\"width: 900px\" class=\"wp-caption aligncenter\"><img loading=\"lazy\" decoding=\"async\" class=\"wp-image-35736 size-full\" src=\"https:\/\/mouldking.store\/wp-content\/uploads\/2022\/11\/Quan-Guan-100084-Soviet-BT-7-Light-Cavalry-Tank-2.jpg\" alt=\"Quan Guan 100084 Soviet BT-7 Light Cavalry Tank With 462 Pieces\" width=\"900\" height=\"900\" title=\"-\" srcset=\"https:\/\/mouldking.store\/wp-content\/uploads\/2022\/11\/Quan-Guan-100084-Soviet-BT-7-Light-Cavalry-Tank-2.jpg 900w, https:\/\/mouldking.store\/wp-content\/uploads\/2022\/11\/Quan-Guan-100084-Soviet-BT-7-Light-Cavalry-Tank-2-300x300.jpg 300w, https:\/\/mouldking.store\/wp-content\/uploads\/2022\/11\/Quan-Guan-100084-Soviet-BT-7-Light-Cavalry-Tank-2-768x768.jpg 768w, https:\/\/mouldking.store\/wp-content\/uploads\/2022\/11\/Quan-Guan-100084-Soviet-BT-7-Light-Cavalry-Tank-2-600x600.jpg 600w, https:\/\/mouldking.store\/wp-content\/uploads\/2022\/11\/Quan-Guan-100084-Soviet-BT-7-Light-Cavalry-Tank-2-150x150.jpg 150w, https:\/\/mouldking.store\/wp-content\/uploads\/2022\/11\/Quan-Guan-100084-Soviet-BT-7-Light-Cavalry-Tank-2-60x60.jpg 60w, https:\/\/mouldking.store\/wp-content\/uploads\/2022\/11\/Quan-Guan-100084-Soviet-BT-7-Light-Cavalry-Tank-2-90x90.jpg 90w\" sizes=\"(max-width: 900px) 100vw, 900px\" \/><figcaption id=\"caption-attachment-35736\" class=\"wp-caption-text\">Quan Guan 100084 Xe t\u0103ng k\u1ef5 binh h\u1ea1ng nh\u1eb9 BT-7 c\u1ee7a Li\u00ean X\u00f4 v\u1edbi 462 m\u1ea3nh gh\u00e9p<\/figcaption><\/figure>\n<figure id=\"attachment_35737\" aria-describedby=\"caption-attachment-35737\" style=\"width: 900px\" class=\"wp-caption aligncenter\"><img loading=\"lazy\" decoding=\"async\" class=\"wp-image-35737 size-full\" src=\"https:\/\/mouldking.store\/wp-content\/uploads\/2022\/11\/Quan-Guan-100084-Soviet-BT-7-Light-Cavalry-Tank-1.jpg\" alt=\"Quan Guan 100084 Soviet BT-7 Light Cavalry Tank With 462 Pieces\" width=\"900\" height=\"900\" title=\"-\" srcset=\"https:\/\/mouldking.store\/wp-content\/uploads\/2022\/11\/Quan-Guan-100084-Soviet-BT-7-Light-Cavalry-Tank-1.jpg 900w, https:\/\/mouldking.store\/wp-content\/uploads\/2022\/11\/Quan-Guan-100084-Soviet-BT-7-Light-Cavalry-Tank-1-300x300.jpg 300w, https:\/\/mouldking.store\/wp-content\/uploads\/2022\/11\/Quan-Guan-100084-Soviet-BT-7-Light-Cavalry-Tank-1-768x768.jpg 768w, https:\/\/mouldking.store\/wp-content\/uploads\/2022\/11\/Quan-Guan-100084-Soviet-BT-7-Light-Cavalry-Tank-1-600x600.jpg 600w, https:\/\/mouldking.store\/wp-content\/uploads\/2022\/11\/Quan-Guan-100084-Soviet-BT-7-Light-Cavalry-Tank-1-150x150.jpg 150w, https:\/\/mouldking.store\/wp-content\/uploads\/2022\/11\/Quan-Guan-100084-Soviet-BT-7-Light-Cavalry-Tank-1-60x60.jpg 60w, https:\/\/mouldking.store\/wp-content\/uploads\/2022\/11\/Quan-Guan-100084-Soviet-BT-7-Light-Cavalry-Tank-1-90x90.jpg 90w\" sizes=\"(max-width: 900px) 100vw, 900px\" \/><figcaption id=\"caption-attachment-35737\" class=\"wp-caption-text\">Quan Guan 100084 Xe t\u0103ng k\u1ef5 binh h\u1ea1ng nh\u1eb9 BT-7 c\u1ee7a Li\u00ean X\u00f4 v\u1edbi 462 m\u1ea3nh gh\u00e9p<\/figcaption><\/figure>","protected":false},"excerpt":{"rendered":"<p>Kh\u00f4ng c\u00f3 nh\u00e2n v\u1eadt nh\u1ecf<\/p>","protected":false},"featured_media":35733,"comment_status":"closed","ping_status":"closed","template":"","meta":{"_acf_changed":false},"product_cat":[1350],"product_tag":[7884,7885,7886,7887,5465,7889,7890,7883,4077,7888,485],"class_list":["product","first","instock","shipping-taxable","purchasable","product-type-simple"],"acf":[],"_links":{"self":[{"href":"https:\/\/mouldking.store\/vi\/wp-json\/wp\/v2\/product\/35732","targetHints":{"allow":["GET"]}}],"collection":[{"href":"https:\/\/mouldking.store\/vi\/wp-json\/wp\/v2\/product"}],"about":[{"href":"https:\/\/mouldking.store\/vi\/wp-json\/wp\/v2\/types\/product"}],"replies":[{"embeddable":true,"href":"https:\/\/mouldking.store\/vi\/wp-json\/wp\/v2\/comments?post=35732"}],"wp:featuredmedia":[{"embeddable":true,"href":"https:\/\/mouldking.store\/vi\/wp-json\/wp\/v2\/media\/35733"}],"wp:attachment":[{"href":"https:\/\/mouldking.store\/vi\/wp-json\/wp\/v2\/media?parent=35732"}],"wp:term":[{"taxonomy":"product_cat","embeddable":true,"href":"https:\/\/mouldking.store\/vi\/wp-json\/wp\/v2\/product_cat?post=35732"},{"taxonomy":"product_tag","embeddable":true,"href":"https:\/\/mouldking.store\/vi\/wp-json\/wp\/v2\/product_tag?post=35732"}],"curies":[{"name":"wp","href":"https:\/\/api.w.org\/{rel}","templated":true}]}}