{"id":35738,"date":"2022-11-22T11:59:52","date_gmt":"2022-11-22T04:59:52","guid":{"rendered":"https:\/\/mouldking.store\/?post_type=product&#038;p=35738"},"modified":"2022-11-22T11:59:53","modified_gmt":"2022-11-22T04:59:53","slug":"weile-6003-christmas-camping-lights-with-806-pieces","status":"publish","type":"product","link":"https:\/\/mouldking.store\/vi\/shop\/weile-6003-christmas-camping-lights-with-806-pieces\/","title":{"rendered":"\u0110\u00e8n C\u1eafm Tr\u1ea1i Gi\u00e1ng Sinh WeiLe 6003 V\u1edbi 806 Mi\u1ebfng"},"content":{"rendered":"<p>Th\u00f4ng tin s\u1ea3n ph\u1ea9m:<\/p>\n<ol>\n<li>Th\u01b0\u01a1ng hi\u1ec7u: WeiLe<\/li>\n<li>Gi\u1edbi t\u00ednh: Unisex<\/li>\n<li>T\u00ean: \u0110\u00e8n C\u1eafm Tr\u1ea1i Gi\u00e1ng Sinh<\/li>\n<li>\u0110\u1ed9 tu\u1ed5i: &gt; 6 tu\u1ed5i<\/li>\n<li>S\u1ed1 m\u00f4 h\u00ecnh: 6003<\/li>\n<li>Ph\u00e2n lo\u1ea1i: T\u1eadp h\u1ee3p<\/li>\n<li>H\u00ecnh d\u1ea1ng kh\u1ed1i nh\u1ef1a: G\u1ea1ch t\u1ef1 kh\u00f3a<\/li>\n<li>Ch\u1ea5t li\u1ec7u: Nh\u1ef1a<\/li>\n<li>Lo\u1ea1i nh\u1ef1a: ABS<\/li>\n<li>Kh\u1ed1i g\u1ea1ch: 806 C\u00c1I<\/li>\n<li>K\u00edch th\u01b0\u1edbc: 12x12x26cm<\/li>\n<li>Ch\u1ee9a h\u01b0\u1edbng d\u1eabn l\u1eafp r\u00e1p chi ti\u1ebft.<\/li>\n<\/ol>\n<p>\u0110\u1ec3 \u00fd:<br \/>\n1. Kh\u00f4ng c\u00f3 h\u1ed9p ban \u0111\u1ea7u, nh\u01b0ng ch\u00fang t\u00f4i \u0111\u1ea3m b\u1ea3o s\u1ea3n ph\u1ea9m c\u1ee7a ch\u00fang t\u00f4i c\u00f3 ch\u1ea5t l\u01b0\u1ee3ng \u0111\u1ea3m b\u1ea3o v\u00e0 bao b\u00ec \u0111\u1eb9p.<br \/>\n2. V\u00ec t\u1ea5t c\u1ea3 c\u00e1c b\u1ed9 ph\u1eadn ch\u00fang t\u00f4i \u0111\u00e3 ki\u1ec3m tra tr\u01b0\u1edbc khi v\u1eadn chuy\u1ec3n, v\u00ec v\u1eady n\u1ebfu b\u1ea1n th\u1ea5y m\u1ed9t s\u1ed1 b\u1ed9 ph\u1eadn b\u1ecb thi\u1ebfu ho\u1eb7c h\u01b0 h\u1ecfng, \u0111\u1eebng lo l\u1eafng v\u00e0 ch\u1ec9 c\u1ea7n vui l\u00f2ng li\u00ean h\u1ec7 v\u1edbi ch\u00fang t\u00f4i v\u00e0 ch\u00fang t\u00f4i c\u00f3 th\u1ec3 g\u1eedi l\u1ea1i mi\u1ec5n ph\u00ed cho b\u1ea1n ngay l\u1eadp t\u1ee9c.<\/p>\n<figure id=\"attachment_35739\" aria-describedby=\"caption-attachment-35739\" style=\"width: 750px\" class=\"wp-caption aligncenter\"><img fetchpriority=\"high\" decoding=\"async\" class=\"wp-image-35739 size-full\" src=\"https:\/\/mouldking.store\/wp-content\/uploads\/2022\/11\/Christmas-Camping-Lights-WeiLe-6003-4.jpg\" alt=\"WeiLe 6003 Christmas Camping Lights With 806 Pieces\" width=\"750\" height=\"744\" title=\"-\" srcset=\"https:\/\/mouldking.store\/wp-content\/uploads\/2022\/11\/Christmas-Camping-Lights-WeiLe-6003-4.jpg 750w, https:\/\/mouldking.store\/wp-content\/uploads\/2022\/11\/Christmas-Camping-Lights-WeiLe-6003-4-300x298.jpg 300w, https:\/\/mouldking.store\/wp-content\/uploads\/2022\/11\/Christmas-Camping-Lights-WeiLe-6003-4-600x595.jpg 600w, https:\/\/mouldking.store\/wp-content\/uploads\/2022\/11\/Christmas-Camping-Lights-WeiLe-6003-4-150x150.jpg 150w, https:\/\/mouldking.store\/wp-content\/uploads\/2022\/11\/Christmas-Camping-Lights-WeiLe-6003-4-60x60.jpg 60w, https:\/\/mouldking.store\/wp-content\/uploads\/2022\/11\/Christmas-Camping-Lights-WeiLe-6003-4-91x90.jpg 91w\" sizes=\"(max-width: 750px) 100vw, 750px\" \/><figcaption id=\"caption-attachment-35739\" class=\"wp-caption-text\">\u0110\u00e8n C\u1eafm Tr\u1ea1i Gi\u00e1ng Sinh WeiLe 6003 V\u1edbi 806 Mi\u1ebfng<\/figcaption><\/figure>\n<figure id=\"attachment_35740\" aria-describedby=\"caption-attachment-35740\" style=\"width: 750px\" class=\"wp-caption aligncenter\"><img decoding=\"async\" class=\"wp-image-35740 size-full\" src=\"https:\/\/mouldking.store\/wp-content\/uploads\/2022\/11\/Christmas-Camping-Lights-WeiLe-6003-3.jpg\" alt=\"WeiLe 6003 Christmas Camping Lights With 806 Pieces\" width=\"750\" height=\"750\" title=\"-\" srcset=\"https:\/\/mouldking.store\/wp-content\/uploads\/2022\/11\/Christmas-Camping-Lights-WeiLe-6003-3.jpg 750w, https:\/\/mouldking.store\/wp-content\/uploads\/2022\/11\/Christmas-Camping-Lights-WeiLe-6003-3-300x300.jpg 300w, https:\/\/mouldking.store\/wp-content\/uploads\/2022\/11\/Christmas-Camping-Lights-WeiLe-6003-3-600x600.jpg 600w, https:\/\/mouldking.store\/wp-content\/uploads\/2022\/11\/Christmas-Camping-Lights-WeiLe-6003-3-150x150.jpg 150w, https:\/\/mouldking.store\/wp-content\/uploads\/2022\/11\/Christmas-Camping-Lights-WeiLe-6003-3-60x60.jpg 60w, https:\/\/mouldking.store\/wp-content\/uploads\/2022\/11\/Christmas-Camping-Lights-WeiLe-6003-3-90x90.jpg 90w\" sizes=\"(max-width: 750px) 100vw, 750px\" \/><figcaption id=\"caption-attachment-35740\" class=\"wp-caption-text\">\u0110\u00e8n C\u1eafm Tr\u1ea1i Gi\u00e1ng Sinh WeiLe 6003 V\u1edbi 806 Mi\u1ebfng<\/figcaption><\/figure>\n<figure id=\"attachment_35741\" aria-describedby=\"caption-attachment-35741\" style=\"width: 750px\" class=\"wp-caption aligncenter\"><img decoding=\"async\" class=\"wp-image-35741 size-full\" src=\"https:\/\/mouldking.store\/wp-content\/uploads\/2022\/11\/Christmas-Camping-Lights-WeiLe-6003-2.jpg\" alt=\"WeiLe 6003 Christmas Camping Lights With 806 Pieces\" width=\"750\" height=\"746\" title=\"-\" srcset=\"https:\/\/mouldking.store\/wp-content\/uploads\/2022\/11\/Christmas-Camping-Lights-WeiLe-6003-2.jpg 750w, https:\/\/mouldking.store\/wp-content\/uploads\/2022\/11\/Christmas-Camping-Lights-WeiLe-6003-2-300x298.jpg 300w, https:\/\/mouldking.store\/wp-content\/uploads\/2022\/11\/Christmas-Camping-Lights-WeiLe-6003-2-600x597.jpg 600w, https:\/\/mouldking.store\/wp-content\/uploads\/2022\/11\/Christmas-Camping-Lights-WeiLe-6003-2-150x150.jpg 150w, https:\/\/mouldking.store\/wp-content\/uploads\/2022\/11\/Christmas-Camping-Lights-WeiLe-6003-2-60x60.jpg 60w, https:\/\/mouldking.store\/wp-content\/uploads\/2022\/11\/Christmas-Camping-Lights-WeiLe-6003-2-90x90.jpg 90w\" sizes=\"(max-width: 750px) 100vw, 750px\" \/><figcaption id=\"caption-attachment-35741\" class=\"wp-caption-text\">\u0110\u00e8n C\u1eafm Tr\u1ea1i Gi\u00e1ng Sinh WeiLe 6003 V\u1edbi 806 Mi\u1ebfng<\/figcaption><\/figure>\n<figure id=\"attachment_35742\" aria-describedby=\"caption-attachment-35742\" style=\"width: 750px\" class=\"wp-caption aligncenter\"><img loading=\"lazy\" decoding=\"async\" class=\"wp-image-35742 size-full\" src=\"https:\/\/mouldking.store\/wp-content\/uploads\/2022\/11\/Christmas-Camping-Lights-WeiLe-6003-1.jpg\" alt=\"WeiLe 6003 Christmas Camping Lights With 806 Pieces\" width=\"750\" height=\"750\" title=\"-\" srcset=\"https:\/\/mouldking.store\/wp-content\/uploads\/2022\/11\/Christmas-Camping-Lights-WeiLe-6003-1.jpg 750w, https:\/\/mouldking.store\/wp-content\/uploads\/2022\/11\/Christmas-Camping-Lights-WeiLe-6003-1-300x300.jpg 300w, https:\/\/mouldking.store\/wp-content\/uploads\/2022\/11\/Christmas-Camping-Lights-WeiLe-6003-1-600x600.jpg 600w, https:\/\/mouldking.store\/wp-content\/uploads\/2022\/11\/Christmas-Camping-Lights-WeiLe-6003-1-150x150.jpg 150w, https:\/\/mouldking.store\/wp-content\/uploads\/2022\/11\/Christmas-Camping-Lights-WeiLe-6003-1-60x60.jpg 60w, https:\/\/mouldking.store\/wp-content\/uploads\/2022\/11\/Christmas-Camping-Lights-WeiLe-6003-1-90x90.jpg 90w\" sizes=\"(max-width: 750px) 100vw, 750px\" \/><figcaption id=\"caption-attachment-35742\" class=\"wp-caption-text\">\u0110\u00e8n C\u1eafm Tr\u1ea1i Gi\u00e1ng Sinh WeiLe 6003 V\u1edbi 806 Mi\u1ebfng<\/figcaption><\/figure>","protected":false},"excerpt":{"rendered":"<p>Product information: Brand: WeiLe Gender: Unisex Name: Christmas Camping Lights Age Range: &gt; 6 years old Model Number: 6003 Classification: Assemblage Plastic Block Shape: Self-Locking Bricks Material: Plastic Plastic Type: ABS Bricks Blocks:806 PCS Size: 12x12x26 cm Contains detailed assembly instructions. Notice: 1. Without an original box, but we guarantee our products have quality assurance [&hellip;]<\/p>","protected":false},"featured_media":35739,"comment_status":"closed","ping_status":"closed","template":"","meta":{"_acf_changed":false},"product_cat":[1365],"product_tag":[7893,7894,1066,7895,2496,7892,7896,7897,7891],"class_list":["product","first","instock","shipping-taxable","purchasable","product-type-simple"],"acf":[],"_links":{"self":[{"href":"https:\/\/mouldking.store\/vi\/wp-json\/wp\/v2\/product\/35738","targetHints":{"allow":["GET"]}}],"collection":[{"href":"https:\/\/mouldking.store\/vi\/wp-json\/wp\/v2\/product"}],"about":[{"href":"https:\/\/mouldking.store\/vi\/wp-json\/wp\/v2\/types\/product"}],"replies":[{"embeddable":true,"href":"https:\/\/mouldking.store\/vi\/wp-json\/wp\/v2\/comments?post=35738"}],"wp:featuredmedia":[{"embeddable":true,"href":"https:\/\/mouldking.store\/vi\/wp-json\/wp\/v2\/media\/35739"}],"wp:attachment":[{"href":"https:\/\/mouldking.store\/vi\/wp-json\/wp\/v2\/media?parent=35738"}],"wp:term":[{"taxonomy":"product_cat","embeddable":true,"href":"https:\/\/mouldking.store\/vi\/wp-json\/wp\/v2\/product_cat?post=35738"},{"taxonomy":"product_tag","embeddable":true,"href":"https:\/\/mouldking.store\/vi\/wp-json\/wp\/v2\/product_tag?post=35738"}],"curies":[{"name":"wp","href":"https:\/\/api.w.org\/{rel}","templated":true}]}}