{"id":35743,"date":"2022-11-22T12:07:39","date_gmt":"2022-11-22T05:07:39","guid":{"rendered":"https:\/\/mouldking.store\/?post_type=product&#038;p=35743"},"modified":"2022-11-22T12:07:39","modified_gmt":"2022-11-22T05:07:39","slug":"sembo-605025-christmas-music-fairyland-with-2963-pieces","status":"publish","type":"product","link":"https:\/\/mouldking.store\/vi\/shop\/sembo-605025-christmas-music-fairyland-with-2963-pieces\/","title":{"rendered":"SEMBO 605025 V\u00f9ng \u0111\u1ea5t th\u1ea7n ti\u00ean \u00e2m nh\u1ea1c Gi\u00e1ng sinh v\u1edbi 2963 m\u1ea3nh gh\u00e9p"},"content":{"rendered":"<p>Th\u00f4ng tin s\u1ea3n ph\u1ea9m:<\/p>\n<ol>\n<li>Th\u01b0\u01a1ng hi\u1ec7u: SEMBO<\/li>\n<li>Gi\u1edbi t\u00ednh: Unisex<\/li>\n<li>T\u00ean: Nh\u1ea1c Gi\u00e1ng Sinh X\u1ee9 S\u1edf Th\u1ea7n Ti\u00ean<\/li>\n<li>\u0110\u1ed9 tu\u1ed5i: &gt; 6 tu\u1ed5i<\/li>\n<li>S\u1ed1 m\u00f4 h\u00ecnh: 605025<\/li>\n<li>Ph\u00e2n lo\u1ea1i: T\u1eadp h\u1ee3p<\/li>\n<li>H\u00ecnh d\u1ea1ng kh\u1ed1i nh\u1ef1a: G\u1ea1ch t\u1ef1 kh\u00f3a<\/li>\n<li>Ch\u1ea5t li\u1ec7u: Nh\u1ef1a<\/li>\n<li>Lo\u1ea1i nh\u1ef1a: ABS<\/li>\n<li>Kh\u1ed1i g\u1ea1ch: 2963 C\u00c1I<\/li>\n<li>K\u00edch th\u01b0\u1edbc: 40.5\u00d736\u00d716 cm<\/li>\n<li>Ch\u1ee9a h\u01b0\u1edbng d\u1eabn l\u1eafp r\u00e1p chi ti\u1ebft.<\/li>\n<\/ol>\n<p>\u0110\u1ec3 \u00fd:<br \/>\n1. Kh\u00f4ng c\u00f3 h\u1ed9p ban \u0111\u1ea7u, nh\u01b0ng ch\u00fang t\u00f4i \u0111\u1ea3m b\u1ea3o s\u1ea3n ph\u1ea9m c\u1ee7a ch\u00fang t\u00f4i c\u00f3 ch\u1ea5t l\u01b0\u1ee3ng \u0111\u1ea3m b\u1ea3o v\u00e0 bao b\u00ec \u0111\u1eb9p.<br \/>\n2. V\u00ec t\u1ea5t c\u1ea3 c\u00e1c b\u1ed9 ph\u1eadn ch\u00fang t\u00f4i \u0111\u00e3 ki\u1ec3m tra tr\u01b0\u1edbc khi v\u1eadn chuy\u1ec3n, v\u00ec v\u1eady n\u1ebfu b\u1ea1n th\u1ea5y m\u1ed9t s\u1ed1 b\u1ed9 ph\u1eadn b\u1ecb thi\u1ebfu ho\u1eb7c h\u01b0 h\u1ecfng, \u0111\u1eebng lo l\u1eafng v\u00e0 ch\u1ec9 c\u1ea7n vui l\u00f2ng li\u00ean h\u1ec7 v\u1edbi ch\u00fang t\u00f4i v\u00e0 ch\u00fang t\u00f4i c\u00f3 th\u1ec3 g\u1eedi l\u1ea1i mi\u1ec5n ph\u00ed cho b\u1ea1n ngay l\u1eadp t\u1ee9c.<\/p>\n<figure id=\"attachment_35745\" aria-describedby=\"caption-attachment-35745\" style=\"width: 800px\" class=\"wp-caption aligncenter\"><img fetchpriority=\"high\" decoding=\"async\" class=\"wp-image-35745 size-full\" src=\"https:\/\/mouldking.store\/wp-content\/uploads\/2022\/11\/Christmas-Music-Fairyland-SEMBO-605025-7.jpg\" alt=\"SEMBO 605025 Christmas Music Fairyland With 2963 Pieces\" width=\"800\" height=\"800\" title=\"-\" srcset=\"https:\/\/mouldking.store\/wp-content\/uploads\/2022\/11\/Christmas-Music-Fairyland-SEMBO-605025-7.jpg 800w, https:\/\/mouldking.store\/wp-content\/uploads\/2022\/11\/Christmas-Music-Fairyland-SEMBO-605025-7-300x300.jpg 300w, https:\/\/mouldking.store\/wp-content\/uploads\/2022\/11\/Christmas-Music-Fairyland-SEMBO-605025-7-768x768.jpg 768w, https:\/\/mouldking.store\/wp-content\/uploads\/2022\/11\/Christmas-Music-Fairyland-SEMBO-605025-7-600x600.jpg 600w, https:\/\/mouldking.store\/wp-content\/uploads\/2022\/11\/Christmas-Music-Fairyland-SEMBO-605025-7-150x150.jpg 150w, https:\/\/mouldking.store\/wp-content\/uploads\/2022\/11\/Christmas-Music-Fairyland-SEMBO-605025-7-60x60.jpg 60w, https:\/\/mouldking.store\/wp-content\/uploads\/2022\/11\/Christmas-Music-Fairyland-SEMBO-605025-7-90x90.jpg 90w\" sizes=\"(max-width: 800px) 100vw, 800px\" \/><figcaption id=\"caption-attachment-35745\" class=\"wp-caption-text\">SEMBO 605025 V\u00f9ng \u0111\u1ea5t th\u1ea7n ti\u00ean \u00e2m nh\u1ea1c Gi\u00e1ng sinh v\u1edbi 2963 m\u1ea3nh gh\u00e9p<\/figcaption><\/figure>\n<figure id=\"attachment_35746\" aria-describedby=\"caption-attachment-35746\" style=\"width: 800px\" class=\"wp-caption aligncenter\"><img decoding=\"async\" class=\"wp-image-35746 size-full\" src=\"https:\/\/mouldking.store\/wp-content\/uploads\/2022\/11\/Christmas-Music-Fairyland-SEMBO-605025-6.jpg\" alt=\"SEMBO 605025 Christmas Music Fairyland With 2963 Pieces\" width=\"800\" height=\"800\" title=\"-\" srcset=\"https:\/\/mouldking.store\/wp-content\/uploads\/2022\/11\/Christmas-Music-Fairyland-SEMBO-605025-6.jpg 800w, https:\/\/mouldking.store\/wp-content\/uploads\/2022\/11\/Christmas-Music-Fairyland-SEMBO-605025-6-300x300.jpg 300w, https:\/\/mouldking.store\/wp-content\/uploads\/2022\/11\/Christmas-Music-Fairyland-SEMBO-605025-6-768x768.jpg 768w, https:\/\/mouldking.store\/wp-content\/uploads\/2022\/11\/Christmas-Music-Fairyland-SEMBO-605025-6-600x600.jpg 600w, https:\/\/mouldking.store\/wp-content\/uploads\/2022\/11\/Christmas-Music-Fairyland-SEMBO-605025-6-150x150.jpg 150w, https:\/\/mouldking.store\/wp-content\/uploads\/2022\/11\/Christmas-Music-Fairyland-SEMBO-605025-6-60x60.jpg 60w, https:\/\/mouldking.store\/wp-content\/uploads\/2022\/11\/Christmas-Music-Fairyland-SEMBO-605025-6-90x90.jpg 90w\" sizes=\"(max-width: 800px) 100vw, 800px\" \/><figcaption id=\"caption-attachment-35746\" class=\"wp-caption-text\">SEMBO 605025 V\u00f9ng \u0111\u1ea5t th\u1ea7n ti\u00ean \u00e2m nh\u1ea1c Gi\u00e1ng sinh v\u1edbi 2963 m\u1ea3nh gh\u00e9p<\/figcaption><\/figure>\n<figure id=\"attachment_35747\" aria-describedby=\"caption-attachment-35747\" style=\"width: 800px\" class=\"wp-caption aligncenter\"><img decoding=\"async\" class=\"wp-image-35747 size-full\" src=\"https:\/\/mouldking.store\/wp-content\/uploads\/2022\/11\/Christmas-Music-Fairyland-SEMBO-605025-5.jpg\" alt=\"SEMBO 605025 Christmas Music Fairyland With 2963 Pieces\" width=\"800\" height=\"800\" title=\"-\" srcset=\"https:\/\/mouldking.store\/wp-content\/uploads\/2022\/11\/Christmas-Music-Fairyland-SEMBO-605025-5.jpg 800w, https:\/\/mouldking.store\/wp-content\/uploads\/2022\/11\/Christmas-Music-Fairyland-SEMBO-605025-5-300x300.jpg 300w, https:\/\/mouldking.store\/wp-content\/uploads\/2022\/11\/Christmas-Music-Fairyland-SEMBO-605025-5-768x768.jpg 768w, https:\/\/mouldking.store\/wp-content\/uploads\/2022\/11\/Christmas-Music-Fairyland-SEMBO-605025-5-600x600.jpg 600w, https:\/\/mouldking.store\/wp-content\/uploads\/2022\/11\/Christmas-Music-Fairyland-SEMBO-605025-5-150x150.jpg 150w, https:\/\/mouldking.store\/wp-content\/uploads\/2022\/11\/Christmas-Music-Fairyland-SEMBO-605025-5-60x60.jpg 60w, https:\/\/mouldking.store\/wp-content\/uploads\/2022\/11\/Christmas-Music-Fairyland-SEMBO-605025-5-90x90.jpg 90w\" sizes=\"(max-width: 800px) 100vw, 800px\" \/><figcaption id=\"caption-attachment-35747\" class=\"wp-caption-text\">SEMBO 605025 V\u00f9ng \u0111\u1ea5t th\u1ea7n ti\u00ean \u00e2m nh\u1ea1c Gi\u00e1ng sinh v\u1edbi 2963 m\u1ea3nh gh\u00e9p<\/figcaption><\/figure>\n<figure id=\"attachment_35748\" aria-describedby=\"caption-attachment-35748\" style=\"width: 800px\" class=\"wp-caption aligncenter\"><img loading=\"lazy\" decoding=\"async\" class=\"wp-image-35748 size-full\" src=\"https:\/\/mouldking.store\/wp-content\/uploads\/2022\/11\/Christmas-Music-Fairyland-SEMBO-605025-4.jpg\" alt=\"SEMBO 605025 Christmas Music Fairyland With 2963 Pieces\" width=\"800\" height=\"800\" title=\"-\" srcset=\"https:\/\/mouldking.store\/wp-content\/uploads\/2022\/11\/Christmas-Music-Fairyland-SEMBO-605025-4.jpg 800w, https:\/\/mouldking.store\/wp-content\/uploads\/2022\/11\/Christmas-Music-Fairyland-SEMBO-605025-4-300x300.jpg 300w, https:\/\/mouldking.store\/wp-content\/uploads\/2022\/11\/Christmas-Music-Fairyland-SEMBO-605025-4-768x768.jpg 768w, https:\/\/mouldking.store\/wp-content\/uploads\/2022\/11\/Christmas-Music-Fairyland-SEMBO-605025-4-600x600.jpg 600w, https:\/\/mouldking.store\/wp-content\/uploads\/2022\/11\/Christmas-Music-Fairyland-SEMBO-605025-4-150x150.jpg 150w, https:\/\/mouldking.store\/wp-content\/uploads\/2022\/11\/Christmas-Music-Fairyland-SEMBO-605025-4-60x60.jpg 60w, https:\/\/mouldking.store\/wp-content\/uploads\/2022\/11\/Christmas-Music-Fairyland-SEMBO-605025-4-90x90.jpg 90w\" sizes=\"(max-width: 800px) 100vw, 800px\" \/><figcaption id=\"caption-attachment-35748\" class=\"wp-caption-text\">SEMBO 605025 V\u00f9ng \u0111\u1ea5t th\u1ea7n ti\u00ean \u00e2m nh\u1ea1c Gi\u00e1ng sinh v\u1edbi 2963 m\u1ea3nh gh\u00e9p<\/figcaption><\/figure>\n<figure id=\"attachment_35749\" aria-describedby=\"caption-attachment-35749\" style=\"width: 800px\" class=\"wp-caption aligncenter\"><img loading=\"lazy\" decoding=\"async\" class=\"wp-image-35749 size-full\" src=\"https:\/\/mouldking.store\/wp-content\/uploads\/2022\/11\/Christmas-Music-Fairyland-SEMBO-605025-3.jpg\" alt=\"SEMBO 605025 Christmas Music Fairyland With 2963 Pieces\" width=\"800\" height=\"800\" title=\"-\" srcset=\"https:\/\/mouldking.store\/wp-content\/uploads\/2022\/11\/Christmas-Music-Fairyland-SEMBO-605025-3.jpg 800w, https:\/\/mouldking.store\/wp-content\/uploads\/2022\/11\/Christmas-Music-Fairyland-SEMBO-605025-3-300x300.jpg 300w, https:\/\/mouldking.store\/wp-content\/uploads\/2022\/11\/Christmas-Music-Fairyland-SEMBO-605025-3-768x768.jpg 768w, https:\/\/mouldking.store\/wp-content\/uploads\/2022\/11\/Christmas-Music-Fairyland-SEMBO-605025-3-600x600.jpg 600w, https:\/\/mouldking.store\/wp-content\/uploads\/2022\/11\/Christmas-Music-Fairyland-SEMBO-605025-3-150x150.jpg 150w, https:\/\/mouldking.store\/wp-content\/uploads\/2022\/11\/Christmas-Music-Fairyland-SEMBO-605025-3-60x60.jpg 60w, https:\/\/mouldking.store\/wp-content\/uploads\/2022\/11\/Christmas-Music-Fairyland-SEMBO-605025-3-90x90.jpg 90w\" sizes=\"(max-width: 800px) 100vw, 800px\" \/><figcaption id=\"caption-attachment-35749\" class=\"wp-caption-text\">SEMBO 605025 V\u00f9ng \u0111\u1ea5t th\u1ea7n ti\u00ean \u00e2m nh\u1ea1c Gi\u00e1ng sinh v\u1edbi 2963 m\u1ea3nh gh\u00e9p<\/figcaption><\/figure>\n<figure id=\"attachment_35750\" aria-describedby=\"caption-attachment-35750\" style=\"width: 800px\" class=\"wp-caption aligncenter\"><img loading=\"lazy\" decoding=\"async\" class=\"wp-image-35750 size-full\" src=\"https:\/\/mouldking.store\/wp-content\/uploads\/2022\/11\/Christmas-Music-Fairyland-SEMBO-605025-2.jpg\" alt=\"SEMBO 605025 Christmas Music Fairyland With 2963 Pieces\" width=\"800\" height=\"800\" title=\"-\" srcset=\"https:\/\/mouldking.store\/wp-content\/uploads\/2022\/11\/Christmas-Music-Fairyland-SEMBO-605025-2.jpg 800w, https:\/\/mouldking.store\/wp-content\/uploads\/2022\/11\/Christmas-Music-Fairyland-SEMBO-605025-2-300x300.jpg 300w, https:\/\/mouldking.store\/wp-content\/uploads\/2022\/11\/Christmas-Music-Fairyland-SEMBO-605025-2-768x768.jpg 768w, https:\/\/mouldking.store\/wp-content\/uploads\/2022\/11\/Christmas-Music-Fairyland-SEMBO-605025-2-600x600.jpg 600w, https:\/\/mouldking.store\/wp-content\/uploads\/2022\/11\/Christmas-Music-Fairyland-SEMBO-605025-2-150x150.jpg 150w, https:\/\/mouldking.store\/wp-content\/uploads\/2022\/11\/Christmas-Music-Fairyland-SEMBO-605025-2-60x60.jpg 60w, https:\/\/mouldking.store\/wp-content\/uploads\/2022\/11\/Christmas-Music-Fairyland-SEMBO-605025-2-90x90.jpg 90w\" sizes=\"(max-width: 800px) 100vw, 800px\" \/><figcaption id=\"caption-attachment-35750\" class=\"wp-caption-text\">SEMBO 605025 V\u00f9ng \u0111\u1ea5t th\u1ea7n ti\u00ean \u00e2m nh\u1ea1c Gi\u00e1ng sinh v\u1edbi 2963 m\u1ea3nh gh\u00e9p<\/figcaption><\/figure>\n<figure id=\"attachment_35751\" aria-describedby=\"caption-attachment-35751\" style=\"width: 800px\" class=\"wp-caption aligncenter\"><img loading=\"lazy\" decoding=\"async\" class=\"wp-image-35751 size-full\" src=\"https:\/\/mouldking.store\/wp-content\/uploads\/2022\/11\/Christmas-Music-Fairyland-SEMBO-605025-1.jpg\" alt=\"SEMBO 605025 Christmas Music Fairyland With 2963 Pieces\" width=\"800\" height=\"800\" title=\"-\" srcset=\"https:\/\/mouldking.store\/wp-content\/uploads\/2022\/11\/Christmas-Music-Fairyland-SEMBO-605025-1.jpg 800w, https:\/\/mouldking.store\/wp-content\/uploads\/2022\/11\/Christmas-Music-Fairyland-SEMBO-605025-1-300x300.jpg 300w, https:\/\/mouldking.store\/wp-content\/uploads\/2022\/11\/Christmas-Music-Fairyland-SEMBO-605025-1-768x768.jpg 768w, https:\/\/mouldking.store\/wp-content\/uploads\/2022\/11\/Christmas-Music-Fairyland-SEMBO-605025-1-600x600.jpg 600w, https:\/\/mouldking.store\/wp-content\/uploads\/2022\/11\/Christmas-Music-Fairyland-SEMBO-605025-1-150x150.jpg 150w, https:\/\/mouldking.store\/wp-content\/uploads\/2022\/11\/Christmas-Music-Fairyland-SEMBO-605025-1-60x60.jpg 60w, https:\/\/mouldking.store\/wp-content\/uploads\/2022\/11\/Christmas-Music-Fairyland-SEMBO-605025-1-90x90.jpg 90w\" sizes=\"(max-width: 800px) 100vw, 800px\" \/><figcaption id=\"caption-attachment-35751\" class=\"wp-caption-text\">SEMBO 605025 V\u00f9ng \u0111\u1ea5t th\u1ea7n ti\u00ean \u00e2m nh\u1ea1c Gi\u00e1ng sinh v\u1edbi 2963 m\u1ea3nh gh\u00e9p<\/figcaption><\/figure>","protected":false},"excerpt":{"rendered":"<p>Product information: Brand: SEMBO Gender: Unisex Name: Christmas Music Fairyland Age Range: &gt; 6 years old Model Number: 605025 Classification: Assemblage Plastic Block Shape: Self-Locking Bricks Material: Plastic Plastic Type: ABS Bricks Blocks:2963 PCS Size: 40.5 \u00d7 36 \u00d7 16 cm Contains detailed assembly instructions. Notice: 1. Without an original box, but we guarantee our [&hellip;]<\/p>","protected":false},"featured_media":35745,"comment_status":"closed","ping_status":"closed","template":"","meta":{"_acf_changed":false},"product_cat":[1365],"product_tag":[7899,1066,7900,7901,1465,7902,1491,7903,7904,7898],"class_list":["product","first","instock","shipping-taxable","purchasable","product-type-simple"],"acf":[],"_links":{"self":[{"href":"https:\/\/mouldking.store\/vi\/wp-json\/wp\/v2\/product\/35743","targetHints":{"allow":["GET"]}}],"collection":[{"href":"https:\/\/mouldking.store\/vi\/wp-json\/wp\/v2\/product"}],"about":[{"href":"https:\/\/mouldking.store\/vi\/wp-json\/wp\/v2\/types\/product"}],"replies":[{"embeddable":true,"href":"https:\/\/mouldking.store\/vi\/wp-json\/wp\/v2\/comments?post=35743"}],"wp:featuredmedia":[{"embeddable":true,"href":"https:\/\/mouldking.store\/vi\/wp-json\/wp\/v2\/media\/35745"}],"wp:attachment":[{"href":"https:\/\/mouldking.store\/vi\/wp-json\/wp\/v2\/media?parent=35743"}],"wp:term":[{"taxonomy":"product_cat","embeddable":true,"href":"https:\/\/mouldking.store\/vi\/wp-json\/wp\/v2\/product_cat?post=35743"},{"taxonomy":"product_tag","embeddable":true,"href":"https:\/\/mouldking.store\/vi\/wp-json\/wp\/v2\/product_tag?post=35743"}],"curies":[{"name":"wp","href":"https:\/\/api.w.org\/{rel}","templated":true}]}}