{"id":35835,"date":"2022-11-22T16:24:18","date_gmt":"2022-11-22T09:24:18","guid":{"rendered":"https:\/\/mouldking.store\/?post_type=product&#038;p=35835"},"modified":"2022-11-22T16:24:18","modified_gmt":"2022-11-22T09:24:18","slug":"pantasy-99105-metal-slug-3-marco-and-the-captive-brickhead-with-300-pieces","status":"publish","type":"product","link":"https:\/\/mouldking.store\/vi\/shop\/pantasy-99105-metal-slug-3-marco-and-the-captive-brickhead-with-300-pieces\/","title":{"rendered":"PANTASY 99105 S\u00ean kim lo\u1ea1i 3: Marco v\u00e0 t\u00ean \u0111\u1ea7u \u0111\u1ea5t b\u1ecb giam c\u1ea7m v\u1edbi 300 m\u1ea3nh gh\u00e9p"},"content":{"rendered":"<p>Th\u00f4ng tin s\u1ea3n ph\u1ea9m:<\/p>\n<ol>\n<li>Th\u01b0\u01a1ng hi\u1ec7u: PANTASY<\/li>\n<li>Gi\u1edbi t\u00ednh: Unisex<\/li>\n<li>Name: Metal Slug 3: Marco and the Captive Brickhead<\/li>\n<li>\u0110\u1ed9 tu\u1ed5i: &gt; 6 tu\u1ed5i<\/li>\n<li>Model Number: 99105<\/li>\n<li>Ph\u00e2n lo\u1ea1i: T\u1eadp h\u1ee3p<\/li>\n<li>H\u00ecnh d\u1ea1ng kh\u1ed1i nh\u1ef1a: G\u1ea1ch t\u1ef1 kh\u00f3a<\/li>\n<li>Ch\u1ea5t li\u1ec7u: Nh\u1ef1a<\/li>\n<li>Lo\u1ea1i nh\u1ef1a: ABS<\/li>\n<li>Bricks Blocks:300 PCS<\/li>\n<li>Ch\u1ee9a h\u01b0\u1edbng d\u1eabn l\u1eafp r\u00e1p chi ti\u1ebft.<\/li>\n<\/ol>\n<p>\u0110\u1ec3 \u00fd:<br \/>\n1. Kh\u00f4ng c\u00f3 h\u1ed9p ban \u0111\u1ea7u, nh\u01b0ng ch\u00fang t\u00f4i \u0111\u1ea3m b\u1ea3o s\u1ea3n ph\u1ea9m c\u1ee7a ch\u00fang t\u00f4i c\u00f3 ch\u1ea5t l\u01b0\u1ee3ng \u0111\u1ea3m b\u1ea3o v\u00e0 bao b\u00ec \u0111\u1eb9p.<br \/>\n2. V\u00ec t\u1ea5t c\u1ea3 c\u00e1c b\u1ed9 ph\u1eadn ch\u00fang t\u00f4i \u0111\u00e3 ki\u1ec3m tra tr\u01b0\u1edbc khi v\u1eadn chuy\u1ec3n, v\u00ec v\u1eady n\u1ebfu b\u1ea1n th\u1ea5y m\u1ed9t s\u1ed1 b\u1ed9 ph\u1eadn b\u1ecb thi\u1ebfu ho\u1eb7c h\u01b0 h\u1ecfng, \u0111\u1eebng lo l\u1eafng v\u00e0 ch\u1ec9 c\u1ea7n vui l\u00f2ng li\u00ean h\u1ec7 v\u1edbi ch\u00fang t\u00f4i v\u00e0 ch\u00fang t\u00f4i c\u00f3 th\u1ec3 g\u1eedi l\u1ea1i mi\u1ec5n ph\u00ed cho b\u1ea1n ngay l\u1eadp t\u1ee9c.<\/p>\n<figure id=\"attachment_35836\" aria-describedby=\"caption-attachment-35836\" style=\"width: 800px\" class=\"wp-caption aligncenter\"><img fetchpriority=\"high\" decoding=\"async\" class=\"wp-image-35836 size-full\" src=\"https:\/\/mouldking.store\/wp-content\/uploads\/2022\/11\/Marco-and-the-Captive-Brickhead-PANTASY-99105-14.jpg\" alt=\"PANTASY 99105 Metal Slug 3: Marco and the Captive Brickhead With 300 Pieces\" width=\"800\" height=\"800\" title=\"-\" srcset=\"https:\/\/mouldking.store\/wp-content\/uploads\/2022\/11\/Marco-and-the-Captive-Brickhead-PANTASY-99105-14.jpg 800w, https:\/\/mouldking.store\/wp-content\/uploads\/2022\/11\/Marco-and-the-Captive-Brickhead-PANTASY-99105-14-300x300.jpg 300w, https:\/\/mouldking.store\/wp-content\/uploads\/2022\/11\/Marco-and-the-Captive-Brickhead-PANTASY-99105-14-768x768.jpg 768w, https:\/\/mouldking.store\/wp-content\/uploads\/2022\/11\/Marco-and-the-Captive-Brickhead-PANTASY-99105-14-600x600.jpg 600w, https:\/\/mouldking.store\/wp-content\/uploads\/2022\/11\/Marco-and-the-Captive-Brickhead-PANTASY-99105-14-150x150.jpg 150w, https:\/\/mouldking.store\/wp-content\/uploads\/2022\/11\/Marco-and-the-Captive-Brickhead-PANTASY-99105-14-60x60.jpg 60w, https:\/\/mouldking.store\/wp-content\/uploads\/2022\/11\/Marco-and-the-Captive-Brickhead-PANTASY-99105-14-90x90.jpg 90w\" sizes=\"(max-width: 800px) 100vw, 800px\" \/><figcaption id=\"caption-attachment-35836\" class=\"wp-caption-text\">PANTASY 99105 S\u00ean kim lo\u1ea1i 3: Marco v\u00e0 t\u00ean \u0111\u1ea7u \u0111\u1ea5t b\u1ecb giam c\u1ea7m v\u1edbi 300 m\u1ea3nh gh\u00e9p<\/figcaption><\/figure>\n<figure id=\"attachment_35837\" aria-describedby=\"caption-attachment-35837\" style=\"width: 533px\" class=\"wp-caption aligncenter\"><img decoding=\"async\" class=\"wp-image-35837 size-full\" src=\"https:\/\/mouldking.store\/wp-content\/uploads\/2022\/11\/Marco-and-the-Captive-Brickhead-PANTASY-99105-13.jpg\" alt=\"PANTASY 99105 Metal Slug 3: Marco and the Captive Brickhead With 300 Pieces\" width=\"533\" height=\"800\" title=\"-\" srcset=\"https:\/\/mouldking.store\/wp-content\/uploads\/2022\/11\/Marco-and-the-Captive-Brickhead-PANTASY-99105-13.jpg 533w, https:\/\/mouldking.store\/wp-content\/uploads\/2022\/11\/Marco-and-the-Captive-Brickhead-PANTASY-99105-13-200x300.jpg 200w, https:\/\/mouldking.store\/wp-content\/uploads\/2022\/11\/Marco-and-the-Captive-Brickhead-PANTASY-99105-13-300x450.jpg 300w, https:\/\/mouldking.store\/wp-content\/uploads\/2022\/11\/Marco-and-the-Captive-Brickhead-PANTASY-99105-13-100x150.jpg 100w, https:\/\/mouldking.store\/wp-content\/uploads\/2022\/11\/Marco-and-the-Captive-Brickhead-PANTASY-99105-13-40x60.jpg 40w, https:\/\/mouldking.store\/wp-content\/uploads\/2022\/11\/Marco-and-the-Captive-Brickhead-PANTASY-99105-13-60x90.jpg 60w\" sizes=\"(max-width: 533px) 100vw, 533px\" \/><figcaption id=\"caption-attachment-35837\" class=\"wp-caption-text\">PANTASY 99105 S\u00ean kim lo\u1ea1i 3: Marco v\u00e0 t\u00ean \u0111\u1ea7u \u0111\u1ea5t b\u1ecb giam c\u1ea7m v\u1edbi 300 m\u1ea3nh gh\u00e9p<\/figcaption><\/figure>\n<figure id=\"attachment_35838\" aria-describedby=\"caption-attachment-35838\" style=\"width: 1024px\" class=\"wp-caption aligncenter\"><img decoding=\"async\" class=\"wp-image-35838 size-full\" src=\"https:\/\/mouldking.store\/wp-content\/uploads\/2022\/11\/Marco-and-the-Captive-Brickhead-PANTASY-99105-12.jpg\" alt=\"PANTASY 99105 Metal Slug 3: Marco and the Captive Brickhead With 300 Pieces\" width=\"1024\" height=\"683\" title=\"-\" srcset=\"https:\/\/mouldking.store\/wp-content\/uploads\/2022\/11\/Marco-and-the-Captive-Brickhead-PANTASY-99105-12.jpg 1024w, https:\/\/mouldking.store\/wp-content\/uploads\/2022\/11\/Marco-and-the-Captive-Brickhead-PANTASY-99105-12-300x200.jpg 300w, https:\/\/mouldking.store\/wp-content\/uploads\/2022\/11\/Marco-and-the-Captive-Brickhead-PANTASY-99105-12-768x512.jpg 768w, https:\/\/mouldking.store\/wp-content\/uploads\/2022\/11\/Marco-and-the-Captive-Brickhead-PANTASY-99105-12-600x400.jpg 600w, https:\/\/mouldking.store\/wp-content\/uploads\/2022\/11\/Marco-and-the-Captive-Brickhead-PANTASY-99105-12-150x100.jpg 150w, https:\/\/mouldking.store\/wp-content\/uploads\/2022\/11\/Marco-and-the-Captive-Brickhead-PANTASY-99105-12-90x60.jpg 90w, https:\/\/mouldking.store\/wp-content\/uploads\/2022\/11\/Marco-and-the-Captive-Brickhead-PANTASY-99105-12-135x90.jpg 135w\" sizes=\"(max-width: 1024px) 100vw, 1024px\" \/><figcaption id=\"caption-attachment-35838\" class=\"wp-caption-text\">PANTASY 99105 S\u00ean kim lo\u1ea1i 3: Marco v\u00e0 t\u00ean \u0111\u1ea7u \u0111\u1ea5t b\u1ecb giam c\u1ea7m v\u1edbi 300 m\u1ea3nh gh\u00e9p<\/figcaption><\/figure>\n<figure id=\"attachment_35839\" aria-describedby=\"caption-attachment-35839\" style=\"width: 977px\" class=\"wp-caption aligncenter\"><img loading=\"lazy\" decoding=\"async\" class=\"wp-image-35839 size-full\" src=\"https:\/\/mouldking.store\/wp-content\/uploads\/2022\/11\/Marco-and-the-Captive-Brickhead-PANTASY-99105-11.jpg\" alt=\"PANTASY 99105 Metal Slug 3: Marco and the Captive Brickhead With 300 Pieces\" width=\"977\" height=\"800\" title=\"-\" srcset=\"https:\/\/mouldking.store\/wp-content\/uploads\/2022\/11\/Marco-and-the-Captive-Brickhead-PANTASY-99105-11.jpg 977w, https:\/\/mouldking.store\/wp-content\/uploads\/2022\/11\/Marco-and-the-Captive-Brickhead-PANTASY-99105-11-300x246.jpg 300w, https:\/\/mouldking.store\/wp-content\/uploads\/2022\/11\/Marco-and-the-Captive-Brickhead-PANTASY-99105-11-768x629.jpg 768w, https:\/\/mouldking.store\/wp-content\/uploads\/2022\/11\/Marco-and-the-Captive-Brickhead-PANTASY-99105-11-600x491.jpg 600w, https:\/\/mouldking.store\/wp-content\/uploads\/2022\/11\/Marco-and-the-Captive-Brickhead-PANTASY-99105-11-150x123.jpg 150w, https:\/\/mouldking.store\/wp-content\/uploads\/2022\/11\/Marco-and-the-Captive-Brickhead-PANTASY-99105-11-73x60.jpg 73w, https:\/\/mouldking.store\/wp-content\/uploads\/2022\/11\/Marco-and-the-Captive-Brickhead-PANTASY-99105-11-110x90.jpg 110w\" sizes=\"(max-width: 977px) 100vw, 977px\" \/><figcaption id=\"caption-attachment-35839\" class=\"wp-caption-text\">PANTASY 99105 S\u00ean kim lo\u1ea1i 3: Marco v\u00e0 t\u00ean \u0111\u1ea7u \u0111\u1ea5t b\u1ecb giam c\u1ea7m v\u1edbi 300 m\u1ea3nh gh\u00e9p<\/figcaption><\/figure>\n<figure id=\"attachment_35840\" aria-describedby=\"caption-attachment-35840\" style=\"width: 525px\" class=\"wp-caption aligncenter\"><img loading=\"lazy\" decoding=\"async\" class=\"wp-image-35840 size-full\" src=\"https:\/\/mouldking.store\/wp-content\/uploads\/2022\/11\/Marco-and-the-Captive-Brickhead-PANTASY-99105-10.jpg\" alt=\"PANTASY 99105 Metal Slug 3: Marco and the Captive Brickhead With 300 Pieces\" width=\"525\" height=\"800\" title=\"-\" srcset=\"https:\/\/mouldking.store\/wp-content\/uploads\/2022\/11\/Marco-and-the-Captive-Brickhead-PANTASY-99105-10.jpg 525w, https:\/\/mouldking.store\/wp-content\/uploads\/2022\/11\/Marco-and-the-Captive-Brickhead-PANTASY-99105-10-197x300.jpg 197w, https:\/\/mouldking.store\/wp-content\/uploads\/2022\/11\/Marco-and-the-Captive-Brickhead-PANTASY-99105-10-300x457.jpg 300w, https:\/\/mouldking.store\/wp-content\/uploads\/2022\/11\/Marco-and-the-Captive-Brickhead-PANTASY-99105-10-98x150.jpg 98w, https:\/\/mouldking.store\/wp-content\/uploads\/2022\/11\/Marco-and-the-Captive-Brickhead-PANTASY-99105-10-39x60.jpg 39w, https:\/\/mouldking.store\/wp-content\/uploads\/2022\/11\/Marco-and-the-Captive-Brickhead-PANTASY-99105-10-59x90.jpg 59w\" sizes=\"(max-width: 525px) 100vw, 525px\" \/><figcaption id=\"caption-attachment-35840\" class=\"wp-caption-text\">PANTASY 99105 S\u00ean kim lo\u1ea1i 3: Marco v\u00e0 t\u00ean \u0111\u1ea7u \u0111\u1ea5t b\u1ecb giam c\u1ea7m v\u1edbi 300 m\u1ea3nh gh\u00e9p<\/figcaption><\/figure>\n<figure id=\"attachment_35841\" aria-describedby=\"caption-attachment-35841\" style=\"width: 533px\" class=\"wp-caption aligncenter\"><img loading=\"lazy\" decoding=\"async\" class=\"wp-image-35841 size-full\" src=\"https:\/\/mouldking.store\/wp-content\/uploads\/2022\/11\/Marco-and-the-Captive-Brickhead-PANTASY-99105-9.jpg\" alt=\"PANTASY 99105 Metal Slug 3: Marco and the Captive Brickhead With 300 Pieces\" width=\"533\" height=\"800\" title=\"-\" srcset=\"https:\/\/mouldking.store\/wp-content\/uploads\/2022\/11\/Marco-and-the-Captive-Brickhead-PANTASY-99105-9.jpg 533w, https:\/\/mouldking.store\/wp-content\/uploads\/2022\/11\/Marco-and-the-Captive-Brickhead-PANTASY-99105-9-200x300.jpg 200w, https:\/\/mouldking.store\/wp-content\/uploads\/2022\/11\/Marco-and-the-Captive-Brickhead-PANTASY-99105-9-300x450.jpg 300w, https:\/\/mouldking.store\/wp-content\/uploads\/2022\/11\/Marco-and-the-Captive-Brickhead-PANTASY-99105-9-100x150.jpg 100w, https:\/\/mouldking.store\/wp-content\/uploads\/2022\/11\/Marco-and-the-Captive-Brickhead-PANTASY-99105-9-40x60.jpg 40w, https:\/\/mouldking.store\/wp-content\/uploads\/2022\/11\/Marco-and-the-Captive-Brickhead-PANTASY-99105-9-60x90.jpg 60w\" sizes=\"(max-width: 533px) 100vw, 533px\" \/><figcaption id=\"caption-attachment-35841\" class=\"wp-caption-text\">PANTASY 99105 S\u00ean kim lo\u1ea1i 3: Marco v\u00e0 t\u00ean \u0111\u1ea7u \u0111\u1ea5t b\u1ecb giam c\u1ea7m v\u1edbi 300 m\u1ea3nh gh\u00e9p<\/figcaption><\/figure>\n<figure id=\"attachment_35842\" aria-describedby=\"caption-attachment-35842\" style=\"width: 533px\" class=\"wp-caption aligncenter\"><img loading=\"lazy\" decoding=\"async\" class=\"wp-image-35842 size-full\" src=\"https:\/\/mouldking.store\/wp-content\/uploads\/2022\/11\/Marco-and-the-Captive-Brickhead-PANTASY-99105-8.jpg\" alt=\"PANTASY 99105 Metal Slug 3: Marco and the Captive Brickhead With 300 Pieces\" width=\"533\" height=\"800\" title=\"-\" srcset=\"https:\/\/mouldking.store\/wp-content\/uploads\/2022\/11\/Marco-and-the-Captive-Brickhead-PANTASY-99105-8.jpg 533w, https:\/\/mouldking.store\/wp-content\/uploads\/2022\/11\/Marco-and-the-Captive-Brickhead-PANTASY-99105-8-200x300.jpg 200w, https:\/\/mouldking.store\/wp-content\/uploads\/2022\/11\/Marco-and-the-Captive-Brickhead-PANTASY-99105-8-300x450.jpg 300w, https:\/\/mouldking.store\/wp-content\/uploads\/2022\/11\/Marco-and-the-Captive-Brickhead-PANTASY-99105-8-100x150.jpg 100w, https:\/\/mouldking.store\/wp-content\/uploads\/2022\/11\/Marco-and-the-Captive-Brickhead-PANTASY-99105-8-40x60.jpg 40w, https:\/\/mouldking.store\/wp-content\/uploads\/2022\/11\/Marco-and-the-Captive-Brickhead-PANTASY-99105-8-60x90.jpg 60w\" sizes=\"(max-width: 533px) 100vw, 533px\" \/><figcaption id=\"caption-attachment-35842\" class=\"wp-caption-text\">PANTASY 99105 S\u00ean kim lo\u1ea1i 3: Marco v\u00e0 t\u00ean \u0111\u1ea7u \u0111\u1ea5t b\u1ecb giam c\u1ea7m v\u1edbi 300 m\u1ea3nh gh\u00e9p<\/figcaption><\/figure>\n<figure id=\"attachment_35843\" aria-describedby=\"caption-attachment-35843\" style=\"width: 533px\" class=\"wp-caption aligncenter\"><img loading=\"lazy\" decoding=\"async\" class=\"wp-image-35843 size-full\" src=\"https:\/\/mouldking.store\/wp-content\/uploads\/2022\/11\/Marco-and-the-Captive-Brickhead-PANTASY-99105-7.jpg\" alt=\"PANTASY 99105 Metal Slug 3: Marco and the Captive Brickhead With 300 Pieces\" width=\"533\" height=\"800\" title=\"-\" srcset=\"https:\/\/mouldking.store\/wp-content\/uploads\/2022\/11\/Marco-and-the-Captive-Brickhead-PANTASY-99105-7.jpg 533w, https:\/\/mouldking.store\/wp-content\/uploads\/2022\/11\/Marco-and-the-Captive-Brickhead-PANTASY-99105-7-200x300.jpg 200w, https:\/\/mouldking.store\/wp-content\/uploads\/2022\/11\/Marco-and-the-Captive-Brickhead-PANTASY-99105-7-300x450.jpg 300w, https:\/\/mouldking.store\/wp-content\/uploads\/2022\/11\/Marco-and-the-Captive-Brickhead-PANTASY-99105-7-100x150.jpg 100w, https:\/\/mouldking.store\/wp-content\/uploads\/2022\/11\/Marco-and-the-Captive-Brickhead-PANTASY-99105-7-40x60.jpg 40w, https:\/\/mouldking.store\/wp-content\/uploads\/2022\/11\/Marco-and-the-Captive-Brickhead-PANTASY-99105-7-60x90.jpg 60w\" sizes=\"(max-width: 533px) 100vw, 533px\" \/><figcaption id=\"caption-attachment-35843\" class=\"wp-caption-text\">PANTASY 99105 S\u00ean kim lo\u1ea1i 3: Marco v\u00e0 t\u00ean \u0111\u1ea7u \u0111\u1ea5t b\u1ecb giam c\u1ea7m v\u1edbi 300 m\u1ea3nh gh\u00e9p<\/figcaption><\/figure>\n<figure id=\"attachment_35844\" aria-describedby=\"caption-attachment-35844\" style=\"width: 533px\" class=\"wp-caption aligncenter\"><img loading=\"lazy\" decoding=\"async\" class=\"wp-image-35844 size-full\" src=\"https:\/\/mouldking.store\/wp-content\/uploads\/2022\/11\/Marco-and-the-Captive-Brickhead-PANTASY-99105-6.jpg\" alt=\"PANTASY 99105 Metal Slug 3: Marco and the Captive Brickhead With 300 Pieces\" width=\"533\" height=\"800\" title=\"-\" srcset=\"https:\/\/mouldking.store\/wp-content\/uploads\/2022\/11\/Marco-and-the-Captive-Brickhead-PANTASY-99105-6.jpg 533w, https:\/\/mouldking.store\/wp-content\/uploads\/2022\/11\/Marco-and-the-Captive-Brickhead-PANTASY-99105-6-200x300.jpg 200w, https:\/\/mouldking.store\/wp-content\/uploads\/2022\/11\/Marco-and-the-Captive-Brickhead-PANTASY-99105-6-300x450.jpg 300w, https:\/\/mouldking.store\/wp-content\/uploads\/2022\/11\/Marco-and-the-Captive-Brickhead-PANTASY-99105-6-100x150.jpg 100w, https:\/\/mouldking.store\/wp-content\/uploads\/2022\/11\/Marco-and-the-Captive-Brickhead-PANTASY-99105-6-40x60.jpg 40w, https:\/\/mouldking.store\/wp-content\/uploads\/2022\/11\/Marco-and-the-Captive-Brickhead-PANTASY-99105-6-60x90.jpg 60w\" sizes=\"(max-width: 533px) 100vw, 533px\" \/><figcaption id=\"caption-attachment-35844\" class=\"wp-caption-text\">PANTASY 99105 S\u00ean kim lo\u1ea1i 3: Marco v\u00e0 t\u00ean \u0111\u1ea7u \u0111\u1ea5t b\u1ecb giam c\u1ea7m v\u1edbi 300 m\u1ea3nh gh\u00e9p<\/figcaption><\/figure>\n<figure id=\"attachment_35845\" aria-describedby=\"caption-attachment-35845\" style=\"width: 533px\" class=\"wp-caption aligncenter\"><img loading=\"lazy\" decoding=\"async\" class=\"wp-image-35845 size-full\" src=\"https:\/\/mouldking.store\/wp-content\/uploads\/2022\/11\/Marco-and-the-Captive-Brickhead-PANTASY-99105-5.jpg\" alt=\"PANTASY 99105 Metal Slug 3: Marco and the Captive Brickhead With 300 Pieces\" width=\"533\" height=\"800\" title=\"-\" srcset=\"https:\/\/mouldking.store\/wp-content\/uploads\/2022\/11\/Marco-and-the-Captive-Brickhead-PANTASY-99105-5.jpg 533w, https:\/\/mouldking.store\/wp-content\/uploads\/2022\/11\/Marco-and-the-Captive-Brickhead-PANTASY-99105-5-200x300.jpg 200w, https:\/\/mouldking.store\/wp-content\/uploads\/2022\/11\/Marco-and-the-Captive-Brickhead-PANTASY-99105-5-300x450.jpg 300w, https:\/\/mouldking.store\/wp-content\/uploads\/2022\/11\/Marco-and-the-Captive-Brickhead-PANTASY-99105-5-100x150.jpg 100w, https:\/\/mouldking.store\/wp-content\/uploads\/2022\/11\/Marco-and-the-Captive-Brickhead-PANTASY-99105-5-40x60.jpg 40w, https:\/\/mouldking.store\/wp-content\/uploads\/2022\/11\/Marco-and-the-Captive-Brickhead-PANTASY-99105-5-60x90.jpg 60w\" sizes=\"(max-width: 533px) 100vw, 533px\" \/><figcaption id=\"caption-attachment-35845\" class=\"wp-caption-text\">PANTASY 99105 S\u00ean kim lo\u1ea1i 3: Marco v\u00e0 t\u00ean \u0111\u1ea7u \u0111\u1ea5t b\u1ecb giam c\u1ea7m v\u1edbi 300 m\u1ea3nh gh\u00e9p<\/figcaption><\/figure>\n<figure id=\"attachment_35846\" aria-describedby=\"caption-attachment-35846\" style=\"width: 533px\" class=\"wp-caption aligncenter\"><img loading=\"lazy\" decoding=\"async\" class=\"wp-image-35846 size-full\" src=\"https:\/\/mouldking.store\/wp-content\/uploads\/2022\/11\/Marco-and-the-Captive-Brickhead-PANTASY-99105-4.jpg\" alt=\"PANTASY 99105 Metal Slug 3: Marco and the Captive Brickhead With 300 Pieces\" width=\"533\" height=\"800\" title=\"-\" srcset=\"https:\/\/mouldking.store\/wp-content\/uploads\/2022\/11\/Marco-and-the-Captive-Brickhead-PANTASY-99105-4.jpg 533w, https:\/\/mouldking.store\/wp-content\/uploads\/2022\/11\/Marco-and-the-Captive-Brickhead-PANTASY-99105-4-200x300.jpg 200w, https:\/\/mouldking.store\/wp-content\/uploads\/2022\/11\/Marco-and-the-Captive-Brickhead-PANTASY-99105-4-300x450.jpg 300w, https:\/\/mouldking.store\/wp-content\/uploads\/2022\/11\/Marco-and-the-Captive-Brickhead-PANTASY-99105-4-100x150.jpg 100w, https:\/\/mouldking.store\/wp-content\/uploads\/2022\/11\/Marco-and-the-Captive-Brickhead-PANTASY-99105-4-40x60.jpg 40w, https:\/\/mouldking.store\/wp-content\/uploads\/2022\/11\/Marco-and-the-Captive-Brickhead-PANTASY-99105-4-60x90.jpg 60w\" sizes=\"(max-width: 533px) 100vw, 533px\" \/><figcaption id=\"caption-attachment-35846\" class=\"wp-caption-text\">PANTASY 99105 S\u00ean kim lo\u1ea1i 3: Marco v\u00e0 t\u00ean \u0111\u1ea7u \u0111\u1ea5t b\u1ecb giam c\u1ea7m v\u1edbi 300 m\u1ea3nh gh\u00e9p<\/figcaption><\/figure>\n<figure id=\"attachment_35847\" aria-describedby=\"caption-attachment-35847\" style=\"width: 533px\" class=\"wp-caption aligncenter\"><img loading=\"lazy\" decoding=\"async\" class=\"wp-image-35847 size-full\" src=\"https:\/\/mouldking.store\/wp-content\/uploads\/2022\/11\/Marco-and-the-Captive-Brickhead-PANTASY-99105-3.jpg\" alt=\"PANTASY 99105 Metal Slug 3: Marco and the Captive Brickhead With 300 Pieces\" width=\"533\" height=\"800\" title=\"-\" srcset=\"https:\/\/mouldking.store\/wp-content\/uploads\/2022\/11\/Marco-and-the-Captive-Brickhead-PANTASY-99105-3.jpg 533w, https:\/\/mouldking.store\/wp-content\/uploads\/2022\/11\/Marco-and-the-Captive-Brickhead-PANTASY-99105-3-200x300.jpg 200w, https:\/\/mouldking.store\/wp-content\/uploads\/2022\/11\/Marco-and-the-Captive-Brickhead-PANTASY-99105-3-300x450.jpg 300w, https:\/\/mouldking.store\/wp-content\/uploads\/2022\/11\/Marco-and-the-Captive-Brickhead-PANTASY-99105-3-100x150.jpg 100w, https:\/\/mouldking.store\/wp-content\/uploads\/2022\/11\/Marco-and-the-Captive-Brickhead-PANTASY-99105-3-40x60.jpg 40w, https:\/\/mouldking.store\/wp-content\/uploads\/2022\/11\/Marco-and-the-Captive-Brickhead-PANTASY-99105-3-60x90.jpg 60w\" sizes=\"(max-width: 533px) 100vw, 533px\" \/><figcaption id=\"caption-attachment-35847\" class=\"wp-caption-text\">PANTASY 99105 S\u00ean kim lo\u1ea1i 3: Marco v\u00e0 t\u00ean \u0111\u1ea7u \u0111\u1ea5t b\u1ecb giam c\u1ea7m v\u1edbi 300 m\u1ea3nh gh\u00e9p<\/figcaption><\/figure>\n<figure id=\"attachment_35848\" aria-describedby=\"caption-attachment-35848\" style=\"width: 1024px\" class=\"wp-caption aligncenter\"><img loading=\"lazy\" decoding=\"async\" class=\"wp-image-35848 size-full\" src=\"https:\/\/mouldking.store\/wp-content\/uploads\/2022\/11\/Marco-and-the-Captive-Brickhead-PANTASY-99105-2.jpg\" alt=\"PANTASY 99105 Metal Slug 3: Marco and the Captive Brickhead With 300 Pieces\" width=\"1024\" height=\"683\" title=\"-\" srcset=\"https:\/\/mouldking.store\/wp-content\/uploads\/2022\/11\/Marco-and-the-Captive-Brickhead-PANTASY-99105-2.jpg 1024w, https:\/\/mouldking.store\/wp-content\/uploads\/2022\/11\/Marco-and-the-Captive-Brickhead-PANTASY-99105-2-300x200.jpg 300w, https:\/\/mouldking.store\/wp-content\/uploads\/2022\/11\/Marco-and-the-Captive-Brickhead-PANTASY-99105-2-768x512.jpg 768w, https:\/\/mouldking.store\/wp-content\/uploads\/2022\/11\/Marco-and-the-Captive-Brickhead-PANTASY-99105-2-600x400.jpg 600w, https:\/\/mouldking.store\/wp-content\/uploads\/2022\/11\/Marco-and-the-Captive-Brickhead-PANTASY-99105-2-150x100.jpg 150w, https:\/\/mouldking.store\/wp-content\/uploads\/2022\/11\/Marco-and-the-Captive-Brickhead-PANTASY-99105-2-90x60.jpg 90w, https:\/\/mouldking.store\/wp-content\/uploads\/2022\/11\/Marco-and-the-Captive-Brickhead-PANTASY-99105-2-135x90.jpg 135w\" sizes=\"(max-width: 1024px) 100vw, 1024px\" \/><figcaption id=\"caption-attachment-35848\" class=\"wp-caption-text\">PANTASY 99105 S\u00ean kim lo\u1ea1i 3: Marco v\u00e0 t\u00ean \u0111\u1ea7u \u0111\u1ea5t b\u1ecb giam c\u1ea7m v\u1edbi 300 m\u1ea3nh gh\u00e9p<\/figcaption><\/figure>\n<figure id=\"attachment_35849\" aria-describedby=\"caption-attachment-35849\" style=\"width: 533px\" class=\"wp-caption aligncenter\"><img loading=\"lazy\" decoding=\"async\" class=\"wp-image-35849 size-full\" src=\"https:\/\/mouldking.store\/wp-content\/uploads\/2022\/11\/Marco-and-the-Captive-Brickhead-PANTASY-99105-1.jpg\" alt=\"PANTASY 99105 Metal Slug 3: Marco and the Captive Brickhead With 300 Pieces\" width=\"533\" height=\"800\" title=\"-\" srcset=\"https:\/\/mouldking.store\/wp-content\/uploads\/2022\/11\/Marco-and-the-Captive-Brickhead-PANTASY-99105-1.jpg 533w, https:\/\/mouldking.store\/wp-content\/uploads\/2022\/11\/Marco-and-the-Captive-Brickhead-PANTASY-99105-1-200x300.jpg 200w, https:\/\/mouldking.store\/wp-content\/uploads\/2022\/11\/Marco-and-the-Captive-Brickhead-PANTASY-99105-1-300x450.jpg 300w, https:\/\/mouldking.store\/wp-content\/uploads\/2022\/11\/Marco-and-the-Captive-Brickhead-PANTASY-99105-1-100x150.jpg 100w, https:\/\/mouldking.store\/wp-content\/uploads\/2022\/11\/Marco-and-the-Captive-Brickhead-PANTASY-99105-1-40x60.jpg 40w, https:\/\/mouldking.store\/wp-content\/uploads\/2022\/11\/Marco-and-the-Captive-Brickhead-PANTASY-99105-1-60x90.jpg 60w\" sizes=\"(max-width: 533px) 100vw, 533px\" \/><figcaption id=\"caption-attachment-35849\" class=\"wp-caption-text\">PANTASY 99105 S\u00ean kim lo\u1ea1i 3: Marco v\u00e0 t\u00ean \u0111\u1ea7u \u0111\u1ea5t b\u1ecb giam c\u1ea7m v\u1edbi 300 m\u1ea3nh gh\u00e9p<\/figcaption><\/figure>","protected":false},"excerpt":{"rendered":"<p>Product information: Brand: PANTASY Gender: Unisex Name: Metal Slug 3: Marco and the Captive Brickhead Age Range: &gt; 6 years old Model Number: 99105 Classification: Assemblage Plastic Block Shape: Self-Locking Bricks Material: Plastic Plastic Type: ABS Bricks Blocks:300 PCS Contains detailed assembly instructions. Notice: 1. Without an original box, but we guarantee our products have [&hellip;]<\/p>","protected":false},"featured_media":35836,"comment_status":"closed","ping_status":"closed","template":"","meta":{"_acf_changed":false},"product_cat":[1408],"product_tag":[7990,7993,7992,7994,7991,7996,6280,7995,7997,7989],"class_list":["product","first","instock","shipping-taxable","purchasable","product-type-simple"],"acf":[],"_links":{"self":[{"href":"https:\/\/mouldking.store\/vi\/wp-json\/wp\/v2\/product\/35835","targetHints":{"allow":["GET"]}}],"collection":[{"href":"https:\/\/mouldking.store\/vi\/wp-json\/wp\/v2\/product"}],"about":[{"href":"https:\/\/mouldking.store\/vi\/wp-json\/wp\/v2\/types\/product"}],"replies":[{"embeddable":true,"href":"https:\/\/mouldking.store\/vi\/wp-json\/wp\/v2\/comments?post=35835"}],"wp:featuredmedia":[{"embeddable":true,"href":"https:\/\/mouldking.store\/vi\/wp-json\/wp\/v2\/media\/35836"}],"wp:attachment":[{"href":"https:\/\/mouldking.store\/vi\/wp-json\/wp\/v2\/media?parent=35835"}],"wp:term":[{"taxonomy":"product_cat","embeddable":true,"href":"https:\/\/mouldking.store\/vi\/wp-json\/wp\/v2\/product_cat?post=35835"},{"taxonomy":"product_tag","embeddable":true,"href":"https:\/\/mouldking.store\/vi\/wp-json\/wp\/v2\/product_tag?post=35835"}],"curies":[{"name":"wp","href":"https:\/\/api.w.org\/{rel}","templated":true}]}}