{"id":35923,"date":"2022-11-22T17:44:41","date_gmt":"2022-11-22T10:44:41","guid":{"rendered":"https:\/\/mouldking.store\/?post_type=product&#038;p=35923"},"modified":"2025-12-25T09:12:22","modified_gmt":"2025-12-25T02:12:22","slug":"moc-70376-jawa-bust-helmet-collection-style-with-740-pieces","status":"publish","type":"product","link":"https:\/\/mouldking.store\/vi\/shop\/moc-70376-jawa-bust-helmet-collection-style-with-740-pieces\/","title":{"rendered":"MOC-70376 Jawa Bust \u2013 Phong c\u00e1ch s\u01b0u t\u1eadp m\u0169 b\u1ea3o hi\u1ec3m v\u1edbi 740 m\u1ea3nh"},"content":{"rendered":"<p>Th\u00f4ng tin s\u1ea3n ph\u1ea9m:<\/p>\n<ol>\n<li>Th\u01b0\u01a1ng hi\u1ec7u: M\u1ed8C<\/li>\n<li>Gi\u1edbi t\u00ednh: Unisex<\/li>\n<li>Name: Jawa Bust \u2013 Helmet Collection Style<\/li>\n<li>\u0110\u1ed9 tu\u1ed5i: &gt; 6 tu\u1ed5i<\/li>\n<li>Model Number: 70376<\/li>\n<li>Ph\u00e2n lo\u1ea1i: T\u1eadp h\u1ee3p<\/li>\n<li>H\u00ecnh d\u1ea1ng kh\u1ed1i nh\u1ef1a: G\u1ea1ch t\u1ef1 kh\u00f3a<\/li>\n<li>Ch\u1ea5t li\u1ec7u: Nh\u1ef1a<\/li>\n<li>Lo\u1ea1i nh\u1ef1a: ABS<\/li>\n<li>Bricks Blocks:740 PCS<\/li>\n<li>Size: 12.8 x 12.8 x 20 cm<\/li>\n<li>Weight:0.7 kg<\/li>\n<li>Ch\u1ee9a h\u01b0\u1edbng d\u1eabn l\u1eafp r\u00e1p chi ti\u1ebft.<\/li>\n<\/ol>\n<p>\u0110\u1ec3 \u00fd:<br \/>\n1. Kh\u00f4ng c\u00f3 h\u1ed9p ban \u0111\u1ea7u, nh\u01b0ng ch\u00fang t\u00f4i \u0111\u1ea3m b\u1ea3o s\u1ea3n ph\u1ea9m c\u1ee7a ch\u00fang t\u00f4i c\u00f3 ch\u1ea5t l\u01b0\u1ee3ng \u0111\u1ea3m b\u1ea3o v\u00e0 bao b\u00ec \u0111\u1eb9p.<br \/>\n2. V\u00ec t\u1ea5t c\u1ea3 c\u00e1c b\u1ed9 ph\u1eadn ch\u00fang t\u00f4i \u0111\u00e3 ki\u1ec3m tra tr\u01b0\u1edbc khi v\u1eadn chuy\u1ec3n, v\u00ec v\u1eady n\u1ebfu b\u1ea1n th\u1ea5y m\u1ed9t s\u1ed1 b\u1ed9 ph\u1eadn b\u1ecb thi\u1ebfu ho\u1eb7c h\u01b0 h\u1ecfng, \u0111\u1eebng lo l\u1eafng v\u00e0 ch\u1ec9 c\u1ea7n vui l\u00f2ng li\u00ean h\u1ec7 v\u1edbi ch\u00fang t\u00f4i v\u00e0 ch\u00fang t\u00f4i c\u00f3 th\u1ec3 g\u1eedi l\u1ea1i mi\u1ec5n ph\u00ed cho b\u1ea1n ngay l\u1eadp t\u1ee9c.<\/p>\n<figure id=\"attachment_35924\" aria-describedby=\"caption-attachment-35924\" style=\"width: 730px\" class=\"wp-caption aligncenter\"><img fetchpriority=\"high\" decoding=\"async\" class=\"wp-image-35924 size-full\" src=\"https:\/\/mouldking.store\/wp-content\/uploads\/2022\/11\/MOC-70376-Star-Wars-Jawa-Bust-\u2013-Helmet-Collection-Style-MOC-FACTORY.png\" alt=\"MOC-70376 Jawa Bust \u2013 Helmet Collection Style With 740 Pieces\" width=\"730\" height=\"730\" title=\"-\" srcset=\"https:\/\/mouldking.store\/wp-content\/uploads\/2022\/11\/MOC-70376-Star-Wars-Jawa-Bust-\u2013-Helmet-Collection-Style-MOC-FACTORY.png 730w, https:\/\/mouldking.store\/wp-content\/uploads\/2022\/11\/MOC-70376-Star-Wars-Jawa-Bust-\u2013-Helmet-Collection-Style-MOC-FACTORY-300x300.png 300w, https:\/\/mouldking.store\/wp-content\/uploads\/2022\/11\/MOC-70376-Star-Wars-Jawa-Bust-\u2013-Helmet-Collection-Style-MOC-FACTORY-600x600.png 600w, https:\/\/mouldking.store\/wp-content\/uploads\/2022\/11\/MOC-70376-Star-Wars-Jawa-Bust-\u2013-Helmet-Collection-Style-MOC-FACTORY-150x150.png 150w, https:\/\/mouldking.store\/wp-content\/uploads\/2022\/11\/MOC-70376-Star-Wars-Jawa-Bust-\u2013-Helmet-Collection-Style-MOC-FACTORY-60x60.png 60w, https:\/\/mouldking.store\/wp-content\/uploads\/2022\/11\/MOC-70376-Star-Wars-Jawa-Bust-\u2013-Helmet-Collection-Style-MOC-FACTORY-90x90.png 90w\" sizes=\"(max-width: 730px) 100vw, 730px\" \/><figcaption id=\"caption-attachment-35924\" class=\"wp-caption-text\">MOC-70376 Jawa Bust \u2013 Phong c\u00e1ch s\u01b0u t\u1eadp m\u0169 b\u1ea3o hi\u1ec3m v\u1edbi 740 m\u1ea3nh<\/figcaption><\/figure>\n<figure id=\"attachment_35925\" aria-describedby=\"caption-attachment-35925\" style=\"width: 1000px\" class=\"wp-caption aligncenter\"><img decoding=\"async\" class=\"wp-image-35925 size-full\" src=\"https:\/\/mouldking.store\/wp-content\/uploads\/2022\/11\/MOC-70376-Star-War-Jawa-bust-Helmet-Collection-Style-6.jpg\" alt=\"MOC-70376 Jawa Bust \u2013 Helmet Collection Style With 740 Pieces\" width=\"1000\" height=\"1000\" title=\"-\" srcset=\"https:\/\/mouldking.store\/wp-content\/uploads\/2022\/11\/MOC-70376-Star-War-Jawa-bust-Helmet-Collection-Style-6.jpg 1000w, https:\/\/mouldking.store\/wp-content\/uploads\/2022\/11\/MOC-70376-Star-War-Jawa-bust-Helmet-Collection-Style-6-300x300.jpg 300w, https:\/\/mouldking.store\/wp-content\/uploads\/2022\/11\/MOC-70376-Star-War-Jawa-bust-Helmet-Collection-Style-6-768x768.jpg 768w, https:\/\/mouldking.store\/wp-content\/uploads\/2022\/11\/MOC-70376-Star-War-Jawa-bust-Helmet-Collection-Style-6-600x600.jpg 600w, https:\/\/mouldking.store\/wp-content\/uploads\/2022\/11\/MOC-70376-Star-War-Jawa-bust-Helmet-Collection-Style-6-150x150.jpg 150w, https:\/\/mouldking.store\/wp-content\/uploads\/2022\/11\/MOC-70376-Star-War-Jawa-bust-Helmet-Collection-Style-6-60x60.jpg 60w, https:\/\/mouldking.store\/wp-content\/uploads\/2022\/11\/MOC-70376-Star-War-Jawa-bust-Helmet-Collection-Style-6-90x90.jpg 90w\" sizes=\"(max-width: 1000px) 100vw, 1000px\" \/><figcaption id=\"caption-attachment-35925\" class=\"wp-caption-text\">MOC-70376 Jawa Bust \u2013 Phong c\u00e1ch s\u01b0u t\u1eadp m\u0169 b\u1ea3o hi\u1ec3m v\u1edbi 740 m\u1ea3nh<\/figcaption><\/figure>\n<figure id=\"attachment_35926\" aria-describedby=\"caption-attachment-35926\" style=\"width: 1000px\" class=\"wp-caption aligncenter\"><img decoding=\"async\" class=\"wp-image-35926 size-full\" src=\"https:\/\/mouldking.store\/wp-content\/uploads\/2022\/11\/MOC-70376-Star-War-Jawa-bust-Helmet-Collection-Style-5.jpg\" alt=\"MOC-70376 Jawa Bust \u2013 Helmet Collection Style With 740 Pieces\" width=\"1000\" height=\"1000\" title=\"-\" srcset=\"https:\/\/mouldking.store\/wp-content\/uploads\/2022\/11\/MOC-70376-Star-War-Jawa-bust-Helmet-Collection-Style-5.jpg 1000w, https:\/\/mouldking.store\/wp-content\/uploads\/2022\/11\/MOC-70376-Star-War-Jawa-bust-Helmet-Collection-Style-5-300x300.jpg 300w, https:\/\/mouldking.store\/wp-content\/uploads\/2022\/11\/MOC-70376-Star-War-Jawa-bust-Helmet-Collection-Style-5-768x768.jpg 768w, https:\/\/mouldking.store\/wp-content\/uploads\/2022\/11\/MOC-70376-Star-War-Jawa-bust-Helmet-Collection-Style-5-600x600.jpg 600w, https:\/\/mouldking.store\/wp-content\/uploads\/2022\/11\/MOC-70376-Star-War-Jawa-bust-Helmet-Collection-Style-5-150x150.jpg 150w, https:\/\/mouldking.store\/wp-content\/uploads\/2022\/11\/MOC-70376-Star-War-Jawa-bust-Helmet-Collection-Style-5-60x60.jpg 60w, https:\/\/mouldking.store\/wp-content\/uploads\/2022\/11\/MOC-70376-Star-War-Jawa-bust-Helmet-Collection-Style-5-90x90.jpg 90w\" sizes=\"(max-width: 1000px) 100vw, 1000px\" \/><figcaption id=\"caption-attachment-35926\" class=\"wp-caption-text\">MOC-70376 Jawa Bust \u2013 Phong c\u00e1ch s\u01b0u t\u1eadp m\u0169 b\u1ea3o hi\u1ec3m v\u1edbi 740 m\u1ea3nh<\/figcaption><\/figure>\n<figure id=\"attachment_35927\" aria-describedby=\"caption-attachment-35927\" style=\"width: 1000px\" class=\"wp-caption aligncenter\"><img loading=\"lazy\" decoding=\"async\" class=\"wp-image-35927 size-full\" src=\"https:\/\/mouldking.store\/wp-content\/uploads\/2022\/11\/MOC-70376-Star-War-Jawa-bust-Helmet-Collection-Style-4.jpg\" alt=\"MOC-70376 Jawa Bust \u2013 Helmet Collection Style With 740 Pieces\" width=\"1000\" height=\"1000\" title=\"-\" srcset=\"https:\/\/mouldking.store\/wp-content\/uploads\/2022\/11\/MOC-70376-Star-War-Jawa-bust-Helmet-Collection-Style-4.jpg 1000w, https:\/\/mouldking.store\/wp-content\/uploads\/2022\/11\/MOC-70376-Star-War-Jawa-bust-Helmet-Collection-Style-4-300x300.jpg 300w, https:\/\/mouldking.store\/wp-content\/uploads\/2022\/11\/MOC-70376-Star-War-Jawa-bust-Helmet-Collection-Style-4-768x768.jpg 768w, https:\/\/mouldking.store\/wp-content\/uploads\/2022\/11\/MOC-70376-Star-War-Jawa-bust-Helmet-Collection-Style-4-600x600.jpg 600w, https:\/\/mouldking.store\/wp-content\/uploads\/2022\/11\/MOC-70376-Star-War-Jawa-bust-Helmet-Collection-Style-4-150x150.jpg 150w, https:\/\/mouldking.store\/wp-content\/uploads\/2022\/11\/MOC-70376-Star-War-Jawa-bust-Helmet-Collection-Style-4-60x60.jpg 60w, https:\/\/mouldking.store\/wp-content\/uploads\/2022\/11\/MOC-70376-Star-War-Jawa-bust-Helmet-Collection-Style-4-90x90.jpg 90w\" sizes=\"(max-width: 1000px) 100vw, 1000px\" \/><figcaption id=\"caption-attachment-35927\" class=\"wp-caption-text\">MOC-70376 Jawa Bust \u2013 Phong c\u00e1ch s\u01b0u t\u1eadp m\u0169 b\u1ea3o hi\u1ec3m v\u1edbi 740 m\u1ea3nh<\/figcaption><\/figure>\n<figure id=\"attachment_35928\" aria-describedby=\"caption-attachment-35928\" style=\"width: 1000px\" class=\"wp-caption aligncenter\"><img loading=\"lazy\" decoding=\"async\" class=\"wp-image-35928 size-full\" src=\"https:\/\/mouldking.store\/wp-content\/uploads\/2022\/11\/MOC-70376-Star-War-Jawa-bust-Helmet-Collection-Style-3.jpg\" alt=\"MOC-70376 Jawa Bust \u2013 Helmet Collection Style With 740 Pieces\" width=\"1000\" height=\"1000\" title=\"-\" srcset=\"https:\/\/mouldking.store\/wp-content\/uploads\/2022\/11\/MOC-70376-Star-War-Jawa-bust-Helmet-Collection-Style-3.jpg 1000w, https:\/\/mouldking.store\/wp-content\/uploads\/2022\/11\/MOC-70376-Star-War-Jawa-bust-Helmet-Collection-Style-3-300x300.jpg 300w, https:\/\/mouldking.store\/wp-content\/uploads\/2022\/11\/MOC-70376-Star-War-Jawa-bust-Helmet-Collection-Style-3-768x768.jpg 768w, https:\/\/mouldking.store\/wp-content\/uploads\/2022\/11\/MOC-70376-Star-War-Jawa-bust-Helmet-Collection-Style-3-600x600.jpg 600w, https:\/\/mouldking.store\/wp-content\/uploads\/2022\/11\/MOC-70376-Star-War-Jawa-bust-Helmet-Collection-Style-3-150x150.jpg 150w, https:\/\/mouldking.store\/wp-content\/uploads\/2022\/11\/MOC-70376-Star-War-Jawa-bust-Helmet-Collection-Style-3-60x60.jpg 60w, https:\/\/mouldking.store\/wp-content\/uploads\/2022\/11\/MOC-70376-Star-War-Jawa-bust-Helmet-Collection-Style-3-90x90.jpg 90w\" sizes=\"(max-width: 1000px) 100vw, 1000px\" \/><figcaption id=\"caption-attachment-35928\" class=\"wp-caption-text\">MOC-70376 Jawa Bust \u2013 Phong c\u00e1ch s\u01b0u t\u1eadp m\u0169 b\u1ea3o hi\u1ec3m v\u1edbi 740 m\u1ea3nh<\/figcaption><\/figure>\n<figure id=\"attachment_35929\" aria-describedby=\"caption-attachment-35929\" style=\"width: 1000px\" class=\"wp-caption aligncenter\"><img loading=\"lazy\" decoding=\"async\" class=\"wp-image-35929 size-full\" src=\"https:\/\/mouldking.store\/wp-content\/uploads\/2022\/11\/MOC-70376-Star-War-Jawa-bust-Helmet-Collection-Style-2.jpg\" alt=\"MOC-70376 Jawa Bust \u2013 Helmet Collection Style With 740 Pieces\" width=\"1000\" height=\"1000\" title=\"-\" srcset=\"https:\/\/mouldking.store\/wp-content\/uploads\/2022\/11\/MOC-70376-Star-War-Jawa-bust-Helmet-Collection-Style-2.jpg 1000w, https:\/\/mouldking.store\/wp-content\/uploads\/2022\/11\/MOC-70376-Star-War-Jawa-bust-Helmet-Collection-Style-2-300x300.jpg 300w, https:\/\/mouldking.store\/wp-content\/uploads\/2022\/11\/MOC-70376-Star-War-Jawa-bust-Helmet-Collection-Style-2-768x768.jpg 768w, https:\/\/mouldking.store\/wp-content\/uploads\/2022\/11\/MOC-70376-Star-War-Jawa-bust-Helmet-Collection-Style-2-600x600.jpg 600w, https:\/\/mouldking.store\/wp-content\/uploads\/2022\/11\/MOC-70376-Star-War-Jawa-bust-Helmet-Collection-Style-2-150x150.jpg 150w, https:\/\/mouldking.store\/wp-content\/uploads\/2022\/11\/MOC-70376-Star-War-Jawa-bust-Helmet-Collection-Style-2-60x60.jpg 60w, https:\/\/mouldking.store\/wp-content\/uploads\/2022\/11\/MOC-70376-Star-War-Jawa-bust-Helmet-Collection-Style-2-90x90.jpg 90w\" sizes=\"(max-width: 1000px) 100vw, 1000px\" \/><figcaption id=\"caption-attachment-35929\" class=\"wp-caption-text\">MOC-70376 Jawa Bust \u2013 Phong c\u00e1ch s\u01b0u t\u1eadp m\u0169 b\u1ea3o hi\u1ec3m v\u1edbi 740 m\u1ea3nh<\/figcaption><\/figure>\n<figure id=\"attachment_35930\" aria-describedby=\"caption-attachment-35930\" style=\"width: 1000px\" class=\"wp-caption aligncenter\"><img loading=\"lazy\" decoding=\"async\" class=\"wp-image-35930 size-full\" src=\"https:\/\/mouldking.store\/wp-content\/uploads\/2022\/11\/MOC-70376-Star-War-Jawa-bust-Helmet-Collection-Style-1.jpg\" alt=\"MOC-70376 Jawa Bust \u2013 Helmet Collection Style With 740 Pieces\" width=\"1000\" height=\"1000\" title=\"-\" srcset=\"https:\/\/mouldking.store\/wp-content\/uploads\/2022\/11\/MOC-70376-Star-War-Jawa-bust-Helmet-Collection-Style-1.jpg 1000w, https:\/\/mouldking.store\/wp-content\/uploads\/2022\/11\/MOC-70376-Star-War-Jawa-bust-Helmet-Collection-Style-1-300x300.jpg 300w, https:\/\/mouldking.store\/wp-content\/uploads\/2022\/11\/MOC-70376-Star-War-Jawa-bust-Helmet-Collection-Style-1-768x768.jpg 768w, https:\/\/mouldking.store\/wp-content\/uploads\/2022\/11\/MOC-70376-Star-War-Jawa-bust-Helmet-Collection-Style-1-600x600.jpg 600w, https:\/\/mouldking.store\/wp-content\/uploads\/2022\/11\/MOC-70376-Star-War-Jawa-bust-Helmet-Collection-Style-1-150x150.jpg 150w, https:\/\/mouldking.store\/wp-content\/uploads\/2022\/11\/MOC-70376-Star-War-Jawa-bust-Helmet-Collection-Style-1-60x60.jpg 60w, https:\/\/mouldking.store\/wp-content\/uploads\/2022\/11\/MOC-70376-Star-War-Jawa-bust-Helmet-Collection-Style-1-90x90.jpg 90w\" sizes=\"(max-width: 1000px) 100vw, 1000px\" \/><figcaption id=\"caption-attachment-35930\" class=\"wp-caption-text\">MOC-70376 Jawa Bust \u2013 Phong c\u00e1ch s\u01b0u t\u1eadp m\u0169 b\u1ea3o hi\u1ec3m v\u1edbi 740 m\u1ea3nh<\/figcaption><\/figure>","protected":false},"excerpt":{"rendered":"<p>Product information: Brand: MOC Gender: Unisex Name: Jawa Bust \u2013 Helmet Collection Style Age Range: &gt; 6 years old Model Number: 70376 Classification: Assemblage Plastic Block Shape: Self-Locking Bricks Material: Plastic Plastic Type: ABS Bricks Blocks:740 PCS Size: 12.8 x 12.8 x 20 cm Weight:0.7 kg Contains detailed assembly instructions. Notice: 1. Without an original [&hellip;]<\/p>","protected":false},"featured_media":35924,"comment_status":"closed","ping_status":"closed","template":"","meta":{"_acf_changed":false},"product_cat":[415],"product_tag":[8047,8048,8046,8049,8045,8050,8044],"class_list":["product","first","instock","shipping-taxable","purchasable","product-type-simple"],"acf":[],"_links":{"self":[{"href":"https:\/\/mouldking.store\/vi\/wp-json\/wp\/v2\/product\/35923","targetHints":{"allow":["GET"]}}],"collection":[{"href":"https:\/\/mouldking.store\/vi\/wp-json\/wp\/v2\/product"}],"about":[{"href":"https:\/\/mouldking.store\/vi\/wp-json\/wp\/v2\/types\/product"}],"replies":[{"embeddable":true,"href":"https:\/\/mouldking.store\/vi\/wp-json\/wp\/v2\/comments?post=35923"}],"wp:featuredmedia":[{"embeddable":true,"href":"https:\/\/mouldking.store\/vi\/wp-json\/wp\/v2\/media\/35924"}],"wp:attachment":[{"href":"https:\/\/mouldking.store\/vi\/wp-json\/wp\/v2\/media?parent=35923"}],"wp:term":[{"taxonomy":"product_cat","embeddable":true,"href":"https:\/\/mouldking.store\/vi\/wp-json\/wp\/v2\/product_cat?post=35923"},{"taxonomy":"product_tag","embeddable":true,"href":"https:\/\/mouldking.store\/vi\/wp-json\/wp\/v2\/product_tag?post=35923"}],"curies":[{"name":"wp","href":"https:\/\/api.w.org\/{rel}","templated":true}]}}