{"id":35938,"date":"2022-11-23T09:19:20","date_gmt":"2022-11-23T02:19:20","guid":{"rendered":"https:\/\/mouldking.store\/?post_type=product&#038;p=35938"},"modified":"2025-12-25T09:12:22","modified_gmt":"2025-12-25T02:12:22","slug":"moc-123192-hopper-wagon-brown-tanoos-896-with-613-pieces","status":"publish","type":"product","link":"https:\/\/mouldking.store\/vi\/shop\/moc-123192-hopper-wagon-brown-tanoos-896-with-613-pieces\/","title":{"rendered":"MOC-123192 Hopper Wagon Brown (Tanoos 896) V\u1edbi 613 Chi ti\u1ebft"},"content":{"rendered":"<p>Th\u00f4ng tin s\u1ea3n ph\u1ea9m:<\/p>\n<ol>\n<li>Th\u01b0\u01a1ng hi\u1ec7u: M\u1ed8C<\/li>\n<li>Gi\u1edbi t\u00ednh: Unisex<\/li>\n<li>T\u00ean: Devil May Hare Tasmania Devil Taz<\/li>\n<li>\u0110\u1ed9 tu\u1ed5i: &gt; 6 tu\u1ed5i<\/li>\n<li>Model Number: 123192<\/li>\n<li>Ph\u00e2n lo\u1ea1i: T\u1eadp h\u1ee3p<\/li>\n<li>H\u00ecnh d\u1ea1ng kh\u1ed1i nh\u1ef1a: G\u1ea1ch t\u1ef1 kh\u00f3a<\/li>\n<li>Ch\u1ea5t li\u1ec7u: Nh\u1ef1a<\/li>\n<li>Lo\u1ea1i nh\u1ef1a: ABS<\/li>\n<li>Bricks Blocks:613 PCS<\/li>\n<li>Size: \u00a035 x 5 x 9.6 cm<\/li>\n<li>Weight:0.43 kg<\/li>\n<li>Ch\u1ee9a h\u01b0\u1edbng d\u1eabn l\u1eafp r\u00e1p chi ti\u1ebft.<\/li>\n<\/ol>\n<p>\u0110\u1ec3 \u00fd:<br \/>\n1. Kh\u00f4ng c\u00f3 h\u1ed9p ban \u0111\u1ea7u, nh\u01b0ng ch\u00fang t\u00f4i \u0111\u1ea3m b\u1ea3o s\u1ea3n ph\u1ea9m c\u1ee7a ch\u00fang t\u00f4i c\u00f3 ch\u1ea5t l\u01b0\u1ee3ng \u0111\u1ea3m b\u1ea3o v\u00e0 bao b\u00ec \u0111\u1eb9p.<br \/>\n2. V\u00ec t\u1ea5t c\u1ea3 c\u00e1c b\u1ed9 ph\u1eadn ch\u00fang t\u00f4i \u0111\u00e3 ki\u1ec3m tra tr\u01b0\u1edbc khi v\u1eadn chuy\u1ec3n, v\u00ec v\u1eady n\u1ebfu b\u1ea1n th\u1ea5y m\u1ed9t s\u1ed1 b\u1ed9 ph\u1eadn b\u1ecb thi\u1ebfu ho\u1eb7c h\u01b0 h\u1ecfng, \u0111\u1eebng lo l\u1eafng v\u00e0 ch\u1ec9 c\u1ea7n vui l\u00f2ng li\u00ean h\u1ec7 v\u1edbi ch\u00fang t\u00f4i v\u00e0 ch\u00fang t\u00f4i c\u00f3 th\u1ec3 g\u1eedi l\u1ea1i mi\u1ec5n ph\u00ed cho b\u1ea1n ngay l\u1eadp t\u1ee9c.<\/p>\n<figure id=\"attachment_35941\" aria-describedby=\"caption-attachment-35941\" style=\"width: 730px\" class=\"wp-caption aligncenter\"><img fetchpriority=\"high\" decoding=\"async\" class=\"wp-image-35941 size-full\" src=\"https:\/\/mouldking.store\/wp-content\/uploads\/2022\/11\/MOC-123192-Technic-Hopper-Wagon-Brown-Tanoos-896-MOC-FACTORY.png\" alt=\"MOC-123192 Hopper Wagon Brown (Tanoos 896) With 613 Pieces\" width=\"730\" height=\"730\" title=\"-\" srcset=\"https:\/\/mouldking.store\/wp-content\/uploads\/2022\/11\/MOC-123192-Technic-Hopper-Wagon-Brown-Tanoos-896-MOC-FACTORY.png 730w, https:\/\/mouldking.store\/wp-content\/uploads\/2022\/11\/MOC-123192-Technic-Hopper-Wagon-Brown-Tanoos-896-MOC-FACTORY-300x300.png 300w, https:\/\/mouldking.store\/wp-content\/uploads\/2022\/11\/MOC-123192-Technic-Hopper-Wagon-Brown-Tanoos-896-MOC-FACTORY-600x600.png 600w, https:\/\/mouldking.store\/wp-content\/uploads\/2022\/11\/MOC-123192-Technic-Hopper-Wagon-Brown-Tanoos-896-MOC-FACTORY-150x150.png 150w, https:\/\/mouldking.store\/wp-content\/uploads\/2022\/11\/MOC-123192-Technic-Hopper-Wagon-Brown-Tanoos-896-MOC-FACTORY-60x60.png 60w, https:\/\/mouldking.store\/wp-content\/uploads\/2022\/11\/MOC-123192-Technic-Hopper-Wagon-Brown-Tanoos-896-MOC-FACTORY-90x90.png 90w\" sizes=\"(max-width: 730px) 100vw, 730px\" \/><figcaption id=\"caption-attachment-35941\" class=\"wp-caption-text\">MOC-123192 Hopper Wagon Brown (Tanoos 896) V\u1edbi 613 Chi ti\u1ebft<\/figcaption><\/figure>\n<figure id=\"attachment_35942\" aria-describedby=\"caption-attachment-35942\" style=\"width: 1000px\" class=\"wp-caption aligncenter\"><img decoding=\"async\" class=\"wp-image-35942 size-full\" src=\"https:\/\/mouldking.store\/wp-content\/uploads\/2022\/11\/MOC-123192-Hopper-wagon-brown-Tanoos-896-4.jpg\" alt=\"MOC-123192 Hopper Wagon Brown (Tanoos 896) With 613 Pieces\" width=\"1000\" height=\"1000\" title=\"-\" srcset=\"https:\/\/mouldking.store\/wp-content\/uploads\/2022\/11\/MOC-123192-Hopper-wagon-brown-Tanoos-896-4.jpg 1000w, https:\/\/mouldking.store\/wp-content\/uploads\/2022\/11\/MOC-123192-Hopper-wagon-brown-Tanoos-896-4-300x300.jpg 300w, https:\/\/mouldking.store\/wp-content\/uploads\/2022\/11\/MOC-123192-Hopper-wagon-brown-Tanoos-896-4-768x768.jpg 768w, https:\/\/mouldking.store\/wp-content\/uploads\/2022\/11\/MOC-123192-Hopper-wagon-brown-Tanoos-896-4-600x600.jpg 600w, https:\/\/mouldking.store\/wp-content\/uploads\/2022\/11\/MOC-123192-Hopper-wagon-brown-Tanoos-896-4-150x150.jpg 150w, https:\/\/mouldking.store\/wp-content\/uploads\/2022\/11\/MOC-123192-Hopper-wagon-brown-Tanoos-896-4-60x60.jpg 60w, https:\/\/mouldking.store\/wp-content\/uploads\/2022\/11\/MOC-123192-Hopper-wagon-brown-Tanoos-896-4-90x90.jpg 90w\" sizes=\"(max-width: 1000px) 100vw, 1000px\" \/><figcaption id=\"caption-attachment-35942\" class=\"wp-caption-text\">MOC-123192 Hopper Wagon Brown (Tanoos 896) V\u1edbi 613 Chi ti\u1ebft<\/figcaption><\/figure>\n<figure id=\"attachment_35943\" aria-describedby=\"caption-attachment-35943\" style=\"width: 1000px\" class=\"wp-caption aligncenter\"><img decoding=\"async\" class=\"wp-image-35943 size-full\" src=\"https:\/\/mouldking.store\/wp-content\/uploads\/2022\/11\/MOC-123192-Hopper-wagon-brown-Tanoos-896-3.jpg\" alt=\"MOC-123192 Hopper Wagon Brown (Tanoos 896) With 613 Pieces\" width=\"1000\" height=\"1000\" title=\"-\" srcset=\"https:\/\/mouldking.store\/wp-content\/uploads\/2022\/11\/MOC-123192-Hopper-wagon-brown-Tanoos-896-3.jpg 1000w, https:\/\/mouldking.store\/wp-content\/uploads\/2022\/11\/MOC-123192-Hopper-wagon-brown-Tanoos-896-3-300x300.jpg 300w, https:\/\/mouldking.store\/wp-content\/uploads\/2022\/11\/MOC-123192-Hopper-wagon-brown-Tanoos-896-3-768x768.jpg 768w, https:\/\/mouldking.store\/wp-content\/uploads\/2022\/11\/MOC-123192-Hopper-wagon-brown-Tanoos-896-3-600x600.jpg 600w, https:\/\/mouldking.store\/wp-content\/uploads\/2022\/11\/MOC-123192-Hopper-wagon-brown-Tanoos-896-3-150x150.jpg 150w, https:\/\/mouldking.store\/wp-content\/uploads\/2022\/11\/MOC-123192-Hopper-wagon-brown-Tanoos-896-3-60x60.jpg 60w, https:\/\/mouldking.store\/wp-content\/uploads\/2022\/11\/MOC-123192-Hopper-wagon-brown-Tanoos-896-3-90x90.jpg 90w\" sizes=\"(max-width: 1000px) 100vw, 1000px\" \/><figcaption id=\"caption-attachment-35943\" class=\"wp-caption-text\">MOC-123192 Hopper Wagon Brown (Tanoos 896) V\u1edbi 613 Chi ti\u1ebft<\/figcaption><\/figure>\n<figure id=\"attachment_35944\" aria-describedby=\"caption-attachment-35944\" style=\"width: 1000px\" class=\"wp-caption aligncenter\"><img loading=\"lazy\" decoding=\"async\" class=\"wp-image-35944 size-full\" src=\"https:\/\/mouldking.store\/wp-content\/uploads\/2022\/11\/MOC-123192-Hopper-wagon-brown-Tanoos-896-2.jpg\" alt=\"MOC-123192 Hopper Wagon Brown (Tanoos 896) With 613 Pieces\" width=\"1000\" height=\"1000\" title=\"-\" srcset=\"https:\/\/mouldking.store\/wp-content\/uploads\/2022\/11\/MOC-123192-Hopper-wagon-brown-Tanoos-896-2.jpg 1000w, https:\/\/mouldking.store\/wp-content\/uploads\/2022\/11\/MOC-123192-Hopper-wagon-brown-Tanoos-896-2-300x300.jpg 300w, https:\/\/mouldking.store\/wp-content\/uploads\/2022\/11\/MOC-123192-Hopper-wagon-brown-Tanoos-896-2-768x768.jpg 768w, https:\/\/mouldking.store\/wp-content\/uploads\/2022\/11\/MOC-123192-Hopper-wagon-brown-Tanoos-896-2-600x600.jpg 600w, https:\/\/mouldking.store\/wp-content\/uploads\/2022\/11\/MOC-123192-Hopper-wagon-brown-Tanoos-896-2-150x150.jpg 150w, https:\/\/mouldking.store\/wp-content\/uploads\/2022\/11\/MOC-123192-Hopper-wagon-brown-Tanoos-896-2-60x60.jpg 60w, https:\/\/mouldking.store\/wp-content\/uploads\/2022\/11\/MOC-123192-Hopper-wagon-brown-Tanoos-896-2-90x90.jpg 90w\" sizes=\"(max-width: 1000px) 100vw, 1000px\" \/><figcaption id=\"caption-attachment-35944\" class=\"wp-caption-text\">MOC-123192 Hopper Wagon Brown (Tanoos 896) V\u1edbi 613 Chi ti\u1ebft<\/figcaption><\/figure>\n<figure id=\"attachment_35945\" aria-describedby=\"caption-attachment-35945\" style=\"width: 710px\" class=\"wp-caption aligncenter\"><img loading=\"lazy\" decoding=\"async\" class=\"wp-image-35945 size-full\" src=\"https:\/\/mouldking.store\/wp-content\/uploads\/2022\/11\/MOC-123192-Hopper-wagon-brown-Tanoos-896-1.jpg\" alt=\"MOC-123192 Hopper Wagon Brown (Tanoos 896) With 613 Pieces\" width=\"710\" height=\"1200\" title=\"-\" srcset=\"https:\/\/mouldking.store\/wp-content\/uploads\/2022\/11\/MOC-123192-Hopper-wagon-brown-Tanoos-896-1.jpg 710w, https:\/\/mouldking.store\/wp-content\/uploads\/2022\/11\/MOC-123192-Hopper-wagon-brown-Tanoos-896-1-178x300.jpg 178w, https:\/\/mouldking.store\/wp-content\/uploads\/2022\/11\/MOC-123192-Hopper-wagon-brown-Tanoos-896-1-606x1024.jpg 606w, https:\/\/mouldking.store\/wp-content\/uploads\/2022\/11\/MOC-123192-Hopper-wagon-brown-Tanoos-896-1-300x507.jpg 300w, https:\/\/mouldking.store\/wp-content\/uploads\/2022\/11\/MOC-123192-Hopper-wagon-brown-Tanoos-896-1-600x1014.jpg 600w, https:\/\/mouldking.store\/wp-content\/uploads\/2022\/11\/MOC-123192-Hopper-wagon-brown-Tanoos-896-1-89x150.jpg 89w, https:\/\/mouldking.store\/wp-content\/uploads\/2022\/11\/MOC-123192-Hopper-wagon-brown-Tanoos-896-1-36x60.jpg 36w, https:\/\/mouldking.store\/wp-content\/uploads\/2022\/11\/MOC-123192-Hopper-wagon-brown-Tanoos-896-1-53x90.jpg 53w\" sizes=\"(max-width: 710px) 100vw, 710px\" \/><figcaption id=\"caption-attachment-35945\" class=\"wp-caption-text\">MOC-123192 Hopper Wagon Brown (Tanoos 896) V\u1edbi 613 Chi ti\u1ebft<\/figcaption><\/figure>","protected":false},"excerpt":{"rendered":"<p>Product information: Brand: MOC Gender: Unisex Name: Devil May Hare Tasmanian Devil Taz Age Range: &gt; 6 years old Model Number: 123192 Classification: Assemblage Plastic Block Shape: Self-Locking Bricks Material: Plastic Plastic Type: ABS Bricks Blocks:613 PCS Size: \u00a035 x 5 x 9.6 cm Weight:0.43 kg Contains detailed assembly instructions. Notice: 1. Without an original [&hellip;]<\/p>","protected":false},"featured_media":35941,"comment_status":"closed","ping_status":"closed","template":"","meta":{"_acf_changed":false},"product_cat":[1357],"product_tag":[8055,8054,8053,8057,8052,8058,8051,8056,2310],"class_list":["product","first","instock","shipping-taxable","purchasable","product-type-simple"],"acf":[],"_links":{"self":[{"href":"https:\/\/mouldking.store\/vi\/wp-json\/wp\/v2\/product\/35938","targetHints":{"allow":["GET"]}}],"collection":[{"href":"https:\/\/mouldking.store\/vi\/wp-json\/wp\/v2\/product"}],"about":[{"href":"https:\/\/mouldking.store\/vi\/wp-json\/wp\/v2\/types\/product"}],"replies":[{"embeddable":true,"href":"https:\/\/mouldking.store\/vi\/wp-json\/wp\/v2\/comments?post=35938"}],"wp:featuredmedia":[{"embeddable":true,"href":"https:\/\/mouldking.store\/vi\/wp-json\/wp\/v2\/media\/35941"}],"wp:attachment":[{"href":"https:\/\/mouldking.store\/vi\/wp-json\/wp\/v2\/media?parent=35938"}],"wp:term":[{"taxonomy":"product_cat","embeddable":true,"href":"https:\/\/mouldking.store\/vi\/wp-json\/wp\/v2\/product_cat?post=35938"},{"taxonomy":"product_tag","embeddable":true,"href":"https:\/\/mouldking.store\/vi\/wp-json\/wp\/v2\/product_tag?post=35938"}],"curies":[{"name":"wp","href":"https:\/\/api.w.org\/{rel}","templated":true}]}}