{"id":35968,"date":"2022-11-23T09:48:58","date_gmt":"2022-11-23T02:48:58","guid":{"rendered":"https:\/\/mouldking.store\/?post_type=product&#038;p=35968"},"modified":"2025-12-25T09:12:22","modified_gmt":"2025-12-25T02:12:22","slug":"moc-112360-diligence-divine-mech-suit-with-434-pieces","status":"publish","type":"product","link":"https:\/\/mouldking.store\/vi\/shop\/moc-112360-diligence-divine-mech-suit-with-434-pieces\/","title":{"rendered":"MOC-112360 Diligence-Divine Mech Suit V\u1edbi 434 m\u1ea3nh gh\u00e9p"},"content":{"rendered":"<p>Th\u00f4ng tin s\u1ea3n ph\u1ea9m:<\/p>\n<ol>\n<li>Th\u01b0\u01a1ng hi\u1ec7u: M\u1ed8C<\/li>\n<li>Gi\u1edbi t\u00ednh: Unisex<\/li>\n<li>Name: Diligence-Divine Mech Suit<\/li>\n<li>\u0110\u1ed9 tu\u1ed5i: &gt; 6 tu\u1ed5i<\/li>\n<li>Model Number: 112360<\/li>\n<li>Ph\u00e2n lo\u1ea1i: T\u1eadp h\u1ee3p<\/li>\n<li>H\u00ecnh d\u1ea1ng kh\u1ed1i nh\u1ef1a: G\u1ea1ch t\u1ef1 kh\u00f3a<\/li>\n<li>Ch\u1ea5t li\u1ec7u: Nh\u1ef1a<\/li>\n<li>Lo\u1ea1i nh\u1ef1a: ABS<\/li>\n<li>Bricks Blocks:434 PCS<\/li>\n<li>K\u00edch th\u01b0\u1edbc: 16 x 8 x 12 cm<\/li>\n<li>Weight:0.18 kg<\/li>\n<li>Ch\u1ee9a h\u01b0\u1edbng d\u1eabn l\u1eafp r\u00e1p chi ti\u1ebft.<\/li>\n<\/ol>\n<p>\u0110\u1ec3 \u00fd:<br \/>\n1. Kh\u00f4ng c\u00f3 h\u1ed9p ban \u0111\u1ea7u, nh\u01b0ng ch\u00fang t\u00f4i \u0111\u1ea3m b\u1ea3o s\u1ea3n ph\u1ea9m c\u1ee7a ch\u00fang t\u00f4i c\u00f3 ch\u1ea5t l\u01b0\u1ee3ng \u0111\u1ea3m b\u1ea3o v\u00e0 bao b\u00ec \u0111\u1eb9p.<br \/>\n2. V\u00ec t\u1ea5t c\u1ea3 c\u00e1c b\u1ed9 ph\u1eadn ch\u00fang t\u00f4i \u0111\u00e3 ki\u1ec3m tra tr\u01b0\u1edbc khi v\u1eadn chuy\u1ec3n, v\u00ec v\u1eady n\u1ebfu b\u1ea1n th\u1ea5y m\u1ed9t s\u1ed1 b\u1ed9 ph\u1eadn b\u1ecb thi\u1ebfu ho\u1eb7c h\u01b0 h\u1ecfng, \u0111\u1eebng lo l\u1eafng v\u00e0 ch\u1ec9 c\u1ea7n vui l\u00f2ng li\u00ean h\u1ec7 v\u1edbi ch\u00fang t\u00f4i v\u00e0 ch\u00fang t\u00f4i c\u00f3 th\u1ec3 g\u1eedi l\u1ea1i mi\u1ec5n ph\u00ed cho b\u1ea1n ngay l\u1eadp t\u1ee9c.<\/p>\n<figure id=\"attachment_35969\" aria-describedby=\"caption-attachment-35969\" style=\"width: 1024px\" class=\"wp-caption aligncenter\"><img fetchpriority=\"high\" decoding=\"async\" class=\"wp-image-35969 size-large\" src=\"https:\/\/mouldking.store\/wp-content\/uploads\/2022\/11\/MOC-112360-Movie-Diligence-Divine-Mech-Suit-MOC-FACTORY-1024x1024.png\" alt=\"MOC-112360 Diligence-Divine Mech Suit With 434 Pieces\" width=\"1024\" height=\"1024\" title=\"-\" srcset=\"https:\/\/mouldking.store\/wp-content\/uploads\/2022\/11\/MOC-112360-Movie-Diligence-Divine-Mech-Suit-MOC-FACTORY-1024x1024.png 1024w, https:\/\/mouldking.store\/wp-content\/uploads\/2022\/11\/MOC-112360-Movie-Diligence-Divine-Mech-Suit-MOC-FACTORY-300x300.png 300w, https:\/\/mouldking.store\/wp-content\/uploads\/2022\/11\/MOC-112360-Movie-Diligence-Divine-Mech-Suit-MOC-FACTORY-768x768.png 768w, https:\/\/mouldking.store\/wp-content\/uploads\/2022\/11\/MOC-112360-Movie-Diligence-Divine-Mech-Suit-MOC-FACTORY-600x600.png 600w, https:\/\/mouldking.store\/wp-content\/uploads\/2022\/11\/MOC-112360-Movie-Diligence-Divine-Mech-Suit-MOC-FACTORY-150x150.png 150w, https:\/\/mouldking.store\/wp-content\/uploads\/2022\/11\/MOC-112360-Movie-Diligence-Divine-Mech-Suit-MOC-FACTORY-60x60.png 60w, https:\/\/mouldking.store\/wp-content\/uploads\/2022\/11\/MOC-112360-Movie-Diligence-Divine-Mech-Suit-MOC-FACTORY-90x90.png 90w, https:\/\/mouldking.store\/wp-content\/uploads\/2022\/11\/MOC-112360-Movie-Diligence-Divine-Mech-Suit-MOC-FACTORY.png 1095w\" sizes=\"(max-width: 1024px) 100vw, 1024px\" \/><figcaption id=\"caption-attachment-35969\" class=\"wp-caption-text\">MOC-112360 Diligence-Divine Mech Suit V\u1edbi 434 m\u1ea3nh gh\u00e9p<\/figcaption><\/figure>\n<figure id=\"attachment_35970\" aria-describedby=\"caption-attachment-35970\" style=\"width: 1000px\" class=\"wp-caption aligncenter\"><img decoding=\"async\" class=\"wp-image-35970 size-full\" src=\"https:\/\/mouldking.store\/wp-content\/uploads\/2022\/11\/MOC-112360-Diligence-Divine-Mech-Suit-5.jpg\" alt=\"MOC-112360 Diligence-Divine Mech Suit With 434 Pieces\" width=\"1000\" height=\"1000\" title=\"-\" srcset=\"https:\/\/mouldking.store\/wp-content\/uploads\/2022\/11\/MOC-112360-Diligence-Divine-Mech-Suit-5.jpg 1000w, https:\/\/mouldking.store\/wp-content\/uploads\/2022\/11\/MOC-112360-Diligence-Divine-Mech-Suit-5-300x300.jpg 300w, https:\/\/mouldking.store\/wp-content\/uploads\/2022\/11\/MOC-112360-Diligence-Divine-Mech-Suit-5-768x768.jpg 768w, https:\/\/mouldking.store\/wp-content\/uploads\/2022\/11\/MOC-112360-Diligence-Divine-Mech-Suit-5-600x600.jpg 600w, https:\/\/mouldking.store\/wp-content\/uploads\/2022\/11\/MOC-112360-Diligence-Divine-Mech-Suit-5-150x150.jpg 150w, https:\/\/mouldking.store\/wp-content\/uploads\/2022\/11\/MOC-112360-Diligence-Divine-Mech-Suit-5-60x60.jpg 60w, https:\/\/mouldking.store\/wp-content\/uploads\/2022\/11\/MOC-112360-Diligence-Divine-Mech-Suit-5-90x90.jpg 90w\" sizes=\"(max-width: 1000px) 100vw, 1000px\" \/><figcaption id=\"caption-attachment-35970\" class=\"wp-caption-text\">MOC-112360 Diligence-Divine Mech Suit V\u1edbi 434 m\u1ea3nh gh\u00e9p<\/figcaption><\/figure>\n<figure id=\"attachment_35971\" aria-describedby=\"caption-attachment-35971\" style=\"width: 1000px\" class=\"wp-caption aligncenter\"><img decoding=\"async\" class=\"wp-image-35971 size-full\" src=\"https:\/\/mouldking.store\/wp-content\/uploads\/2022\/11\/MOC-112360-Diligence-Divine-Mech-Suit-4.jpg\" alt=\"MOC-112360 Diligence-Divine Mech Suit With 434 Pieces\" width=\"1000\" height=\"1000\" title=\"-\" srcset=\"https:\/\/mouldking.store\/wp-content\/uploads\/2022\/11\/MOC-112360-Diligence-Divine-Mech-Suit-4.jpg 1000w, https:\/\/mouldking.store\/wp-content\/uploads\/2022\/11\/MOC-112360-Diligence-Divine-Mech-Suit-4-300x300.jpg 300w, https:\/\/mouldking.store\/wp-content\/uploads\/2022\/11\/MOC-112360-Diligence-Divine-Mech-Suit-4-768x768.jpg 768w, https:\/\/mouldking.store\/wp-content\/uploads\/2022\/11\/MOC-112360-Diligence-Divine-Mech-Suit-4-600x600.jpg 600w, https:\/\/mouldking.store\/wp-content\/uploads\/2022\/11\/MOC-112360-Diligence-Divine-Mech-Suit-4-150x150.jpg 150w, https:\/\/mouldking.store\/wp-content\/uploads\/2022\/11\/MOC-112360-Diligence-Divine-Mech-Suit-4-60x60.jpg 60w, https:\/\/mouldking.store\/wp-content\/uploads\/2022\/11\/MOC-112360-Diligence-Divine-Mech-Suit-4-90x90.jpg 90w\" sizes=\"(max-width: 1000px) 100vw, 1000px\" \/><figcaption id=\"caption-attachment-35971\" class=\"wp-caption-text\">MOC-112360 Diligence-Divine Mech Suit V\u1edbi 434 m\u1ea3nh gh\u00e9p<\/figcaption><\/figure>\n<figure id=\"attachment_35972\" aria-describedby=\"caption-attachment-35972\" style=\"width: 1000px\" class=\"wp-caption aligncenter\"><img loading=\"lazy\" decoding=\"async\" class=\"wp-image-35972 size-full\" src=\"https:\/\/mouldking.store\/wp-content\/uploads\/2022\/11\/MOC-112360-Diligence-Divine-Mech-Suit-3.jpg\" alt=\"MOC-112360 Diligence-Divine Mech Suit With 434 Pieces\" width=\"1000\" height=\"1000\" title=\"-\" srcset=\"https:\/\/mouldking.store\/wp-content\/uploads\/2022\/11\/MOC-112360-Diligence-Divine-Mech-Suit-3.jpg 1000w, https:\/\/mouldking.store\/wp-content\/uploads\/2022\/11\/MOC-112360-Diligence-Divine-Mech-Suit-3-300x300.jpg 300w, https:\/\/mouldking.store\/wp-content\/uploads\/2022\/11\/MOC-112360-Diligence-Divine-Mech-Suit-3-768x768.jpg 768w, https:\/\/mouldking.store\/wp-content\/uploads\/2022\/11\/MOC-112360-Diligence-Divine-Mech-Suit-3-600x600.jpg 600w, https:\/\/mouldking.store\/wp-content\/uploads\/2022\/11\/MOC-112360-Diligence-Divine-Mech-Suit-3-150x150.jpg 150w, https:\/\/mouldking.store\/wp-content\/uploads\/2022\/11\/MOC-112360-Diligence-Divine-Mech-Suit-3-60x60.jpg 60w, https:\/\/mouldking.store\/wp-content\/uploads\/2022\/11\/MOC-112360-Diligence-Divine-Mech-Suit-3-90x90.jpg 90w\" sizes=\"(max-width: 1000px) 100vw, 1000px\" \/><figcaption id=\"caption-attachment-35972\" class=\"wp-caption-text\">MOC-112360 Diligence-Divine Mech Suit V\u1edbi 434 m\u1ea3nh gh\u00e9p<\/figcaption><\/figure>\n<figure id=\"attachment_35973\" aria-describedby=\"caption-attachment-35973\" style=\"width: 1000px\" class=\"wp-caption aligncenter\"><img loading=\"lazy\" decoding=\"async\" class=\"wp-image-35973 size-full\" src=\"https:\/\/mouldking.store\/wp-content\/uploads\/2022\/11\/MOC-112360-Diligence-Divine-Mech-Suit-2.jpg\" alt=\"MOC-112360 Diligence-Divine Mech Suit With 434 Pieces\" width=\"1000\" height=\"1000\" title=\"-\" srcset=\"https:\/\/mouldking.store\/wp-content\/uploads\/2022\/11\/MOC-112360-Diligence-Divine-Mech-Suit-2.jpg 1000w, https:\/\/mouldking.store\/wp-content\/uploads\/2022\/11\/MOC-112360-Diligence-Divine-Mech-Suit-2-300x300.jpg 300w, https:\/\/mouldking.store\/wp-content\/uploads\/2022\/11\/MOC-112360-Diligence-Divine-Mech-Suit-2-768x768.jpg 768w, https:\/\/mouldking.store\/wp-content\/uploads\/2022\/11\/MOC-112360-Diligence-Divine-Mech-Suit-2-600x600.jpg 600w, https:\/\/mouldking.store\/wp-content\/uploads\/2022\/11\/MOC-112360-Diligence-Divine-Mech-Suit-2-150x150.jpg 150w, https:\/\/mouldking.store\/wp-content\/uploads\/2022\/11\/MOC-112360-Diligence-Divine-Mech-Suit-2-60x60.jpg 60w, https:\/\/mouldking.store\/wp-content\/uploads\/2022\/11\/MOC-112360-Diligence-Divine-Mech-Suit-2-90x90.jpg 90w\" sizes=\"(max-width: 1000px) 100vw, 1000px\" \/><figcaption id=\"caption-attachment-35973\" class=\"wp-caption-text\">MOC-112360 Diligence-Divine Mech Suit V\u1edbi 434 m\u1ea3nh gh\u00e9p<\/figcaption><\/figure>\n<figure id=\"attachment_35974\" aria-describedby=\"caption-attachment-35974\" style=\"width: 614px\" class=\"wp-caption aligncenter\"><img loading=\"lazy\" decoding=\"async\" class=\"wp-image-35974 size-large\" src=\"https:\/\/mouldking.store\/wp-content\/uploads\/2022\/11\/MOC-112360-Diligence-Divine-Mech-Suit-1-614x1024.jpg\" alt=\"MOC-112360 Diligence-Divine Mech Suit With 434 Pieces\" width=\"614\" height=\"1024\" title=\"-\" srcset=\"https:\/\/mouldking.store\/wp-content\/uploads\/2022\/11\/MOC-112360-Diligence-Divine-Mech-Suit-1-614x1024.jpg 614w, https:\/\/mouldking.store\/wp-content\/uploads\/2022\/11\/MOC-112360-Diligence-Divine-Mech-Suit-1-180x300.jpg 180w, https:\/\/mouldking.store\/wp-content\/uploads\/2022\/11\/MOC-112360-Diligence-Divine-Mech-Suit-1-300x500.jpg 300w, https:\/\/mouldking.store\/wp-content\/uploads\/2022\/11\/MOC-112360-Diligence-Divine-Mech-Suit-1-600x1000.jpg 600w, https:\/\/mouldking.store\/wp-content\/uploads\/2022\/11\/MOC-112360-Diligence-Divine-Mech-Suit-1-90x150.jpg 90w, https:\/\/mouldking.store\/wp-content\/uploads\/2022\/11\/MOC-112360-Diligence-Divine-Mech-Suit-1-36x60.jpg 36w, https:\/\/mouldking.store\/wp-content\/uploads\/2022\/11\/MOC-112360-Diligence-Divine-Mech-Suit-1-54x90.jpg 54w, https:\/\/mouldking.store\/wp-content\/uploads\/2022\/11\/MOC-112360-Diligence-Divine-Mech-Suit-1.jpg 720w\" sizes=\"(max-width: 614px) 100vw, 614px\" \/><figcaption id=\"caption-attachment-35974\" class=\"wp-caption-text\">MOC-112360 Diligence-Divine Mech Suit V\u1edbi 434 m\u1ea3nh gh\u00e9p<\/figcaption><\/figure>","protected":false},"excerpt":{"rendered":"<p>Product information: Brand: MOC Gender: Unisex Name: Diligence-Divine Mech Suit Age Range: &gt; 6 years old Model Number: 112360 Classification: Assemblage Plastic Block Shape: Self-Locking Bricks Material: Plastic Plastic Type: ABS Bricks Blocks:434 PCS Size: 16 x 8 x 12 cm Weight:0.18 kg Contains detailed assembly instructions. Notice: 1. Without an original box, but we [&hellip;]<\/p>","protected":false},"featured_media":35969,"comment_status":"closed","ping_status":"closed","template":"","meta":{"_acf_changed":false},"product_cat":[1406,1408],"product_tag":[8072,8075,8073,8074,8071,8076,8070],"class_list":["product","first","instock","shipping-taxable","purchasable","product-type-simple"],"acf":[],"_links":{"self":[{"href":"https:\/\/mouldking.store\/vi\/wp-json\/wp\/v2\/product\/35968","targetHints":{"allow":["GET"]}}],"collection":[{"href":"https:\/\/mouldking.store\/vi\/wp-json\/wp\/v2\/product"}],"about":[{"href":"https:\/\/mouldking.store\/vi\/wp-json\/wp\/v2\/types\/product"}],"replies":[{"embeddable":true,"href":"https:\/\/mouldking.store\/vi\/wp-json\/wp\/v2\/comments?post=35968"}],"wp:featuredmedia":[{"embeddable":true,"href":"https:\/\/mouldking.store\/vi\/wp-json\/wp\/v2\/media\/35969"}],"wp:attachment":[{"href":"https:\/\/mouldking.store\/vi\/wp-json\/wp\/v2\/media?parent=35968"}],"wp:term":[{"taxonomy":"product_cat","embeddable":true,"href":"https:\/\/mouldking.store\/vi\/wp-json\/wp\/v2\/product_cat?post=35968"},{"taxonomy":"product_tag","embeddable":true,"href":"https:\/\/mouldking.store\/vi\/wp-json\/wp\/v2\/product_tag?post=35968"}],"curies":[{"name":"wp","href":"https:\/\/api.w.org\/{rel}","templated":true}]}}