{"id":35991,"date":"2022-11-23T10:19:33","date_gmt":"2022-11-23T03:19:33","guid":{"rendered":"https:\/\/mouldking.store\/?post_type=product&#038;p=35991"},"modified":"2025-12-25T09:12:22","modified_gmt":"2025-12-25T02:12:22","slug":"moc-115701-captain-rex-phase-2-helmet-serie-with-891-pieces","status":"publish","type":"product","link":"https:\/\/mouldking.store\/vi\/shop\/moc-115701-captain-rex-phase-2-helmet-serie-with-891-pieces\/","title":{"rendered":"MOC-115701 Captain Rex \u2013 Giai \u0111o\u1ea1n 2 (Seri m\u0169 b\u1ea3o hi\u1ec3m) V\u1edbi 891 m\u1ea3nh"},"content":{"rendered":"<p>Th\u00f4ng tin s\u1ea3n ph\u1ea9m:<\/p>\n<ol>\n<li>Th\u01b0\u01a1ng hi\u1ec7u: M\u1ed8C<\/li>\n<li>Gi\u1edbi t\u00ednh: Unisex<\/li>\n<li>Name: Captain Rex \u2013 Phase 2 (Helmet Serie)<\/li>\n<li>\u0110\u1ed9 tu\u1ed5i: &gt; 6 tu\u1ed5i<\/li>\n<li>Model Number: 115701<\/li>\n<li>Ph\u00e2n lo\u1ea1i: T\u1eadp h\u1ee3p<\/li>\n<li>H\u00ecnh d\u1ea1ng kh\u1ed1i nh\u1ef1a: G\u1ea1ch t\u1ef1 kh\u00f3a<\/li>\n<li>Ch\u1ea5t li\u1ec7u: Nh\u1ef1a<\/li>\n<li>Lo\u1ea1i nh\u1ef1a: ABS<\/li>\n<li>Bricks Blocks:891 PCS<\/li>\n<li>Size:13.2 x 12 x 23 cm<\/li>\n<li>Weight:0.67 kg<\/li>\n<li>Ch\u1ee9a h\u01b0\u1edbng d\u1eabn l\u1eafp r\u00e1p chi ti\u1ebft.<\/li>\n<\/ol>\n<p>\u0110\u1ec3 \u00fd:<br \/>\n1. Kh\u00f4ng c\u00f3 h\u1ed9p ban \u0111\u1ea7u, nh\u01b0ng ch\u00fang t\u00f4i \u0111\u1ea3m b\u1ea3o s\u1ea3n ph\u1ea9m c\u1ee7a ch\u00fang t\u00f4i c\u00f3 ch\u1ea5t l\u01b0\u1ee3ng \u0111\u1ea3m b\u1ea3o v\u00e0 bao b\u00ec \u0111\u1eb9p.<br \/>\n2. V\u00ec t\u1ea5t c\u1ea3 c\u00e1c b\u1ed9 ph\u1eadn ch\u00fang t\u00f4i \u0111\u00e3 ki\u1ec3m tra tr\u01b0\u1edbc khi v\u1eadn chuy\u1ec3n, v\u00ec v\u1eady n\u1ebfu b\u1ea1n th\u1ea5y m\u1ed9t s\u1ed1 b\u1ed9 ph\u1eadn b\u1ecb thi\u1ebfu ho\u1eb7c h\u01b0 h\u1ecfng, \u0111\u1eebng lo l\u1eafng v\u00e0 ch\u1ec9 c\u1ea7n vui l\u00f2ng li\u00ean h\u1ec7 v\u1edbi ch\u00fang t\u00f4i v\u00e0 ch\u00fang t\u00f4i c\u00f3 th\u1ec3 g\u1eedi l\u1ea1i mi\u1ec5n ph\u00ed cho b\u1ea1n ngay l\u1eadp t\u1ee9c.<\/p>\n<figure id=\"attachment_35992\" aria-describedby=\"caption-attachment-35992\" style=\"width: 1024px\" class=\"wp-caption aligncenter\"><img fetchpriority=\"high\" decoding=\"async\" class=\"wp-image-35992 size-large\" src=\"https:\/\/mouldking.store\/wp-content\/uploads\/2022\/11\/MOC-115701-Star-Wars-Captain-Rex-\u2013-Phase-2-Helmet-Serie-MOC-FACTORY-1024x1024.png\" alt=\"MOC-115701 Captain Rex \u2013 Phase 2 (Helmet Serie) With 891 Pieces\" width=\"1024\" height=\"1024\" title=\"-\" srcset=\"https:\/\/mouldking.store\/wp-content\/uploads\/2022\/11\/MOC-115701-Star-Wars-Captain-Rex-\u2013-Phase-2-Helmet-Serie-MOC-FACTORY-1024x1024.png 1024w, https:\/\/mouldking.store\/wp-content\/uploads\/2022\/11\/MOC-115701-Star-Wars-Captain-Rex-\u2013-Phase-2-Helmet-Serie-MOC-FACTORY-300x300.png 300w, https:\/\/mouldking.store\/wp-content\/uploads\/2022\/11\/MOC-115701-Star-Wars-Captain-Rex-\u2013-Phase-2-Helmet-Serie-MOC-FACTORY-768x768.png 768w, https:\/\/mouldking.store\/wp-content\/uploads\/2022\/11\/MOC-115701-Star-Wars-Captain-Rex-\u2013-Phase-2-Helmet-Serie-MOC-FACTORY-600x600.png 600w, https:\/\/mouldking.store\/wp-content\/uploads\/2022\/11\/MOC-115701-Star-Wars-Captain-Rex-\u2013-Phase-2-Helmet-Serie-MOC-FACTORY-150x150.png 150w, https:\/\/mouldking.store\/wp-content\/uploads\/2022\/11\/MOC-115701-Star-Wars-Captain-Rex-\u2013-Phase-2-Helmet-Serie-MOC-FACTORY-60x60.png 60w, https:\/\/mouldking.store\/wp-content\/uploads\/2022\/11\/MOC-115701-Star-Wars-Captain-Rex-\u2013-Phase-2-Helmet-Serie-MOC-FACTORY-90x90.png 90w, https:\/\/mouldking.store\/wp-content\/uploads\/2022\/11\/MOC-115701-Star-Wars-Captain-Rex-\u2013-Phase-2-Helmet-Serie-MOC-FACTORY.png 1095w\" sizes=\"(max-width: 1024px) 100vw, 1024px\" \/><figcaption id=\"caption-attachment-35992\" class=\"wp-caption-text\">MOC-115701 Captain Rex \u2013 Giai \u0111o\u1ea1n 2 (Seri m\u0169 b\u1ea3o hi\u1ec3m) V\u1edbi 891 m\u1ea3nh<\/figcaption><\/figure>\n<figure id=\"attachment_35993\" aria-describedby=\"caption-attachment-35993\" style=\"width: 1000px\" class=\"wp-caption aligncenter\"><img decoding=\"async\" class=\"wp-image-35993 size-full\" src=\"https:\/\/mouldking.store\/wp-content\/uploads\/2022\/11\/MOC-115701-Star-Wars-Captain-Rex-Phase-2-Helmet-serie-7.jpg\" alt=\"MOC-115701 Captain Rex \u2013 Phase 2 (Helmet Serie) With 891 Pieces\" width=\"1000\" height=\"1000\" title=\"-\" srcset=\"https:\/\/mouldking.store\/wp-content\/uploads\/2022\/11\/MOC-115701-Star-Wars-Captain-Rex-Phase-2-Helmet-serie-7.jpg 1000w, https:\/\/mouldking.store\/wp-content\/uploads\/2022\/11\/MOC-115701-Star-Wars-Captain-Rex-Phase-2-Helmet-serie-7-300x300.jpg 300w, https:\/\/mouldking.store\/wp-content\/uploads\/2022\/11\/MOC-115701-Star-Wars-Captain-Rex-Phase-2-Helmet-serie-7-768x768.jpg 768w, https:\/\/mouldking.store\/wp-content\/uploads\/2022\/11\/MOC-115701-Star-Wars-Captain-Rex-Phase-2-Helmet-serie-7-600x600.jpg 600w, https:\/\/mouldking.store\/wp-content\/uploads\/2022\/11\/MOC-115701-Star-Wars-Captain-Rex-Phase-2-Helmet-serie-7-150x150.jpg 150w, https:\/\/mouldking.store\/wp-content\/uploads\/2022\/11\/MOC-115701-Star-Wars-Captain-Rex-Phase-2-Helmet-serie-7-60x60.jpg 60w, https:\/\/mouldking.store\/wp-content\/uploads\/2022\/11\/MOC-115701-Star-Wars-Captain-Rex-Phase-2-Helmet-serie-7-90x90.jpg 90w\" sizes=\"(max-width: 1000px) 100vw, 1000px\" \/><figcaption id=\"caption-attachment-35993\" class=\"wp-caption-text\">MOC-115701 Captain Rex \u2013 Giai \u0111o\u1ea1n 2 (Seri m\u0169 b\u1ea3o hi\u1ec3m) V\u1edbi 891 m\u1ea3nh<\/figcaption><\/figure>\n<figure id=\"attachment_35994\" aria-describedby=\"caption-attachment-35994\" style=\"width: 1000px\" class=\"wp-caption aligncenter\"><img decoding=\"async\" class=\"wp-image-35994 size-full\" src=\"https:\/\/mouldking.store\/wp-content\/uploads\/2022\/11\/MOC-115701-Star-Wars-Captain-Rex-Phase-2-Helmet-serie-6.jpg\" alt=\"MOC-115701 Captain Rex \u2013 Phase 2 (Helmet Serie) With 891 Pieces\" width=\"1000\" height=\"1000\" title=\"-\" srcset=\"https:\/\/mouldking.store\/wp-content\/uploads\/2022\/11\/MOC-115701-Star-Wars-Captain-Rex-Phase-2-Helmet-serie-6.jpg 1000w, https:\/\/mouldking.store\/wp-content\/uploads\/2022\/11\/MOC-115701-Star-Wars-Captain-Rex-Phase-2-Helmet-serie-6-300x300.jpg 300w, https:\/\/mouldking.store\/wp-content\/uploads\/2022\/11\/MOC-115701-Star-Wars-Captain-Rex-Phase-2-Helmet-serie-6-768x768.jpg 768w, https:\/\/mouldking.store\/wp-content\/uploads\/2022\/11\/MOC-115701-Star-Wars-Captain-Rex-Phase-2-Helmet-serie-6-600x600.jpg 600w, https:\/\/mouldking.store\/wp-content\/uploads\/2022\/11\/MOC-115701-Star-Wars-Captain-Rex-Phase-2-Helmet-serie-6-150x150.jpg 150w, https:\/\/mouldking.store\/wp-content\/uploads\/2022\/11\/MOC-115701-Star-Wars-Captain-Rex-Phase-2-Helmet-serie-6-60x60.jpg 60w, https:\/\/mouldking.store\/wp-content\/uploads\/2022\/11\/MOC-115701-Star-Wars-Captain-Rex-Phase-2-Helmet-serie-6-90x90.jpg 90w\" sizes=\"(max-width: 1000px) 100vw, 1000px\" \/><figcaption id=\"caption-attachment-35994\" class=\"wp-caption-text\">MOC-115701 Captain Rex \u2013 Giai \u0111o\u1ea1n 2 (Seri m\u0169 b\u1ea3o hi\u1ec3m) V\u1edbi 891 m\u1ea3nh<\/figcaption><\/figure>\n<figure id=\"attachment_35995\" aria-describedby=\"caption-attachment-35995\" style=\"width: 1000px\" class=\"wp-caption aligncenter\"><img loading=\"lazy\" decoding=\"async\" class=\"wp-image-35995 size-full\" src=\"https:\/\/mouldking.store\/wp-content\/uploads\/2022\/11\/MOC-115701-Star-Wars-Captain-Rex-Phase-2-Helmet-serie-5.jpg\" alt=\"MOC-115701 Captain Rex \u2013 Phase 2 (Helmet Serie) With 891 Pieces\" width=\"1000\" height=\"1000\" title=\"-\" srcset=\"https:\/\/mouldking.store\/wp-content\/uploads\/2022\/11\/MOC-115701-Star-Wars-Captain-Rex-Phase-2-Helmet-serie-5.jpg 1000w, https:\/\/mouldking.store\/wp-content\/uploads\/2022\/11\/MOC-115701-Star-Wars-Captain-Rex-Phase-2-Helmet-serie-5-300x300.jpg 300w, https:\/\/mouldking.store\/wp-content\/uploads\/2022\/11\/MOC-115701-Star-Wars-Captain-Rex-Phase-2-Helmet-serie-5-768x768.jpg 768w, https:\/\/mouldking.store\/wp-content\/uploads\/2022\/11\/MOC-115701-Star-Wars-Captain-Rex-Phase-2-Helmet-serie-5-600x600.jpg 600w, https:\/\/mouldking.store\/wp-content\/uploads\/2022\/11\/MOC-115701-Star-Wars-Captain-Rex-Phase-2-Helmet-serie-5-150x150.jpg 150w, https:\/\/mouldking.store\/wp-content\/uploads\/2022\/11\/MOC-115701-Star-Wars-Captain-Rex-Phase-2-Helmet-serie-5-60x60.jpg 60w, https:\/\/mouldking.store\/wp-content\/uploads\/2022\/11\/MOC-115701-Star-Wars-Captain-Rex-Phase-2-Helmet-serie-5-90x90.jpg 90w\" sizes=\"(max-width: 1000px) 100vw, 1000px\" \/><figcaption id=\"caption-attachment-35995\" class=\"wp-caption-text\">MOC-115701 Captain Rex \u2013 Giai \u0111o\u1ea1n 2 (Seri m\u0169 b\u1ea3o hi\u1ec3m) V\u1edbi 891 m\u1ea3nh<\/figcaption><\/figure>\n<figure id=\"attachment_35996\" aria-describedby=\"caption-attachment-35996\" style=\"width: 1000px\" class=\"wp-caption aligncenter\"><img loading=\"lazy\" decoding=\"async\" class=\"wp-image-35996 size-full\" src=\"https:\/\/mouldking.store\/wp-content\/uploads\/2022\/11\/MOC-115701-Star-Wars-Captain-Rex-Phase-2-Helmet-serie-4.jpg\" alt=\"MOC-115701 Captain Rex \u2013 Phase 2 (Helmet Serie) With 891 Pieces\" width=\"1000\" height=\"1000\" title=\"-\" srcset=\"https:\/\/mouldking.store\/wp-content\/uploads\/2022\/11\/MOC-115701-Star-Wars-Captain-Rex-Phase-2-Helmet-serie-4.jpg 1000w, https:\/\/mouldking.store\/wp-content\/uploads\/2022\/11\/MOC-115701-Star-Wars-Captain-Rex-Phase-2-Helmet-serie-4-300x300.jpg 300w, https:\/\/mouldking.store\/wp-content\/uploads\/2022\/11\/MOC-115701-Star-Wars-Captain-Rex-Phase-2-Helmet-serie-4-768x768.jpg 768w, https:\/\/mouldking.store\/wp-content\/uploads\/2022\/11\/MOC-115701-Star-Wars-Captain-Rex-Phase-2-Helmet-serie-4-600x600.jpg 600w, https:\/\/mouldking.store\/wp-content\/uploads\/2022\/11\/MOC-115701-Star-Wars-Captain-Rex-Phase-2-Helmet-serie-4-150x150.jpg 150w, https:\/\/mouldking.store\/wp-content\/uploads\/2022\/11\/MOC-115701-Star-Wars-Captain-Rex-Phase-2-Helmet-serie-4-60x60.jpg 60w, https:\/\/mouldking.store\/wp-content\/uploads\/2022\/11\/MOC-115701-Star-Wars-Captain-Rex-Phase-2-Helmet-serie-4-90x90.jpg 90w\" sizes=\"(max-width: 1000px) 100vw, 1000px\" \/><figcaption id=\"caption-attachment-35996\" class=\"wp-caption-text\">MOC-115701 Captain Rex \u2013 Giai \u0111o\u1ea1n 2 (Seri m\u0169 b\u1ea3o hi\u1ec3m) V\u1edbi 891 m\u1ea3nh<\/figcaption><\/figure>\n<figure id=\"attachment_35997\" aria-describedby=\"caption-attachment-35997\" style=\"width: 1000px\" class=\"wp-caption aligncenter\"><img loading=\"lazy\" decoding=\"async\" class=\"wp-image-35997 size-full\" src=\"https:\/\/mouldking.store\/wp-content\/uploads\/2022\/11\/MOC-115701-Star-Wars-Captain-Rex-Phase-2-Helmet-serie-3.jpg\" alt=\"MOC-115701 Captain Rex \u2013 Phase 2 (Helmet Serie) With 891 Pieces\" width=\"1000\" height=\"1000\" title=\"-\" srcset=\"https:\/\/mouldking.store\/wp-content\/uploads\/2022\/11\/MOC-115701-Star-Wars-Captain-Rex-Phase-2-Helmet-serie-3.jpg 1000w, https:\/\/mouldking.store\/wp-content\/uploads\/2022\/11\/MOC-115701-Star-Wars-Captain-Rex-Phase-2-Helmet-serie-3-300x300.jpg 300w, https:\/\/mouldking.store\/wp-content\/uploads\/2022\/11\/MOC-115701-Star-Wars-Captain-Rex-Phase-2-Helmet-serie-3-768x768.jpg 768w, https:\/\/mouldking.store\/wp-content\/uploads\/2022\/11\/MOC-115701-Star-Wars-Captain-Rex-Phase-2-Helmet-serie-3-600x600.jpg 600w, https:\/\/mouldking.store\/wp-content\/uploads\/2022\/11\/MOC-115701-Star-Wars-Captain-Rex-Phase-2-Helmet-serie-3-150x150.jpg 150w, https:\/\/mouldking.store\/wp-content\/uploads\/2022\/11\/MOC-115701-Star-Wars-Captain-Rex-Phase-2-Helmet-serie-3-60x60.jpg 60w, https:\/\/mouldking.store\/wp-content\/uploads\/2022\/11\/MOC-115701-Star-Wars-Captain-Rex-Phase-2-Helmet-serie-3-90x90.jpg 90w\" sizes=\"(max-width: 1000px) 100vw, 1000px\" \/><figcaption id=\"caption-attachment-35997\" class=\"wp-caption-text\">MOC-115701 Captain Rex \u2013 Giai \u0111o\u1ea1n 2 (Seri m\u0169 b\u1ea3o hi\u1ec3m) V\u1edbi 891 m\u1ea3nh<\/figcaption><\/figure>\n<figure id=\"attachment_35998\" aria-describedby=\"caption-attachment-35998\" style=\"width: 753px\" class=\"wp-caption aligncenter\"><img loading=\"lazy\" decoding=\"async\" class=\"wp-image-35998 size-large\" src=\"https:\/\/mouldking.store\/wp-content\/uploads\/2022\/11\/MOC-115701-Star-Wars-Captain-Rex-Phase-2-Helmet-serie-2-753x1024.jpg\" alt=\"MOC-115701 Captain Rex \u2013 Phase 2 (Helmet Serie) With 891 Pieces\" width=\"753\" height=\"1024\" title=\"-\" srcset=\"https:\/\/mouldking.store\/wp-content\/uploads\/2022\/11\/MOC-115701-Star-Wars-Captain-Rex-Phase-2-Helmet-serie-2-753x1024.jpg 753w, https:\/\/mouldking.store\/wp-content\/uploads\/2022\/11\/MOC-115701-Star-Wars-Captain-Rex-Phase-2-Helmet-serie-2-221x300.jpg 221w, https:\/\/mouldking.store\/wp-content\/uploads\/2022\/11\/MOC-115701-Star-Wars-Captain-Rex-Phase-2-Helmet-serie-2-768x1044.jpg 768w, https:\/\/mouldking.store\/wp-content\/uploads\/2022\/11\/MOC-115701-Star-Wars-Captain-Rex-Phase-2-Helmet-serie-2-300x408.jpg 300w, https:\/\/mouldking.store\/wp-content\/uploads\/2022\/11\/MOC-115701-Star-Wars-Captain-Rex-Phase-2-Helmet-serie-2-600x815.jpg 600w, https:\/\/mouldking.store\/wp-content\/uploads\/2022\/11\/MOC-115701-Star-Wars-Captain-Rex-Phase-2-Helmet-serie-2-110x150.jpg 110w, https:\/\/mouldking.store\/wp-content\/uploads\/2022\/11\/MOC-115701-Star-Wars-Captain-Rex-Phase-2-Helmet-serie-2-44x60.jpg 44w, https:\/\/mouldking.store\/wp-content\/uploads\/2022\/11\/MOC-115701-Star-Wars-Captain-Rex-Phase-2-Helmet-serie-2-66x90.jpg 66w, https:\/\/mouldking.store\/wp-content\/uploads\/2022\/11\/MOC-115701-Star-Wars-Captain-Rex-Phase-2-Helmet-serie-2.jpg 883w\" sizes=\"(max-width: 753px) 100vw, 753px\" \/><figcaption id=\"caption-attachment-35998\" class=\"wp-caption-text\">MOC-115701 Captain Rex \u2013 Giai \u0111o\u1ea1n 2 (Seri m\u0169 b\u1ea3o hi\u1ec3m) V\u1edbi 891 m\u1ea3nh<\/figcaption><\/figure>\n<figure id=\"attachment_35999\" aria-describedby=\"caption-attachment-35999\" style=\"width: 1000px\" class=\"wp-caption aligncenter\"><img loading=\"lazy\" decoding=\"async\" class=\"wp-image-35999 size-full\" src=\"https:\/\/mouldking.store\/wp-content\/uploads\/2022\/11\/MOC-115701-Star-Wars-Captain-Rex-Phase-2-Helmet-serie-1.jpg\" alt=\"MOC-115701 Captain Rex \u2013 Phase 2 (Helmet Serie) With 891 Pieces\" width=\"1000\" height=\"1000\" title=\"-\" srcset=\"https:\/\/mouldking.store\/wp-content\/uploads\/2022\/11\/MOC-115701-Star-Wars-Captain-Rex-Phase-2-Helmet-serie-1.jpg 1000w, https:\/\/mouldking.store\/wp-content\/uploads\/2022\/11\/MOC-115701-Star-Wars-Captain-Rex-Phase-2-Helmet-serie-1-300x300.jpg 300w, https:\/\/mouldking.store\/wp-content\/uploads\/2022\/11\/MOC-115701-Star-Wars-Captain-Rex-Phase-2-Helmet-serie-1-768x768.jpg 768w, https:\/\/mouldking.store\/wp-content\/uploads\/2022\/11\/MOC-115701-Star-Wars-Captain-Rex-Phase-2-Helmet-serie-1-600x600.jpg 600w, https:\/\/mouldking.store\/wp-content\/uploads\/2022\/11\/MOC-115701-Star-Wars-Captain-Rex-Phase-2-Helmet-serie-1-150x150.jpg 150w, https:\/\/mouldking.store\/wp-content\/uploads\/2022\/11\/MOC-115701-Star-Wars-Captain-Rex-Phase-2-Helmet-serie-1-60x60.jpg 60w, https:\/\/mouldking.store\/wp-content\/uploads\/2022\/11\/MOC-115701-Star-Wars-Captain-Rex-Phase-2-Helmet-serie-1-90x90.jpg 90w\" sizes=\"(max-width: 1000px) 100vw, 1000px\" \/><figcaption id=\"caption-attachment-35999\" class=\"wp-caption-text\">MOC-115701 Captain Rex \u2013 Giai \u0111o\u1ea1n 2 (Seri m\u0169 b\u1ea3o hi\u1ec3m) V\u1edbi 891 m\u1ea3nh<\/figcaption><\/figure>","protected":false},"excerpt":{"rendered":"<p>Product information: Brand: MOC Gender: Unisex Name: Captain Rex \u2013 Phase 2 (Helmet Serie) Age Range: &gt; 6 years old Model Number: 115701 Classification: Assemblage Plastic Block Shape: Self-Locking Bricks Material: Plastic Plastic Type: ABS Bricks Blocks:891 PCS Size:13.2 x 12 x 23 cm Weight:0.67 kg Contains detailed assembly instructions. Notice: 1. Without an original [&hellip;]<\/p>","protected":false},"featured_media":35992,"comment_status":"closed","ping_status":"closed","template":"","meta":{"_acf_changed":false},"product_cat":[1406,415],"product_tag":[8089,8092,8093,8091,8088,8094,8087,8090],"class_list":["product","first","instock","shipping-taxable","purchasable","product-type-simple"],"acf":[],"_links":{"self":[{"href":"https:\/\/mouldking.store\/vi\/wp-json\/wp\/v2\/product\/35991","targetHints":{"allow":["GET"]}}],"collection":[{"href":"https:\/\/mouldking.store\/vi\/wp-json\/wp\/v2\/product"}],"about":[{"href":"https:\/\/mouldking.store\/vi\/wp-json\/wp\/v2\/types\/product"}],"replies":[{"embeddable":true,"href":"https:\/\/mouldking.store\/vi\/wp-json\/wp\/v2\/comments?post=35991"}],"wp:featuredmedia":[{"embeddable":true,"href":"https:\/\/mouldking.store\/vi\/wp-json\/wp\/v2\/media\/35992"}],"wp:attachment":[{"href":"https:\/\/mouldking.store\/vi\/wp-json\/wp\/v2\/media?parent=35991"}],"wp:term":[{"taxonomy":"product_cat","embeddable":true,"href":"https:\/\/mouldking.store\/vi\/wp-json\/wp\/v2\/product_cat?post=35991"},{"taxonomy":"product_tag","embeddable":true,"href":"https:\/\/mouldking.store\/vi\/wp-json\/wp\/v2\/product_tag?post=35991"}],"curies":[{"name":"wp","href":"https:\/\/api.w.org\/{rel}","templated":true}]}}