{"id":36047,"date":"2022-11-23T11:40:14","date_gmt":"2022-11-23T04:40:14","guid":{"rendered":"https:\/\/mouldking.store\/?post_type=product&#038;p=36047"},"modified":"2025-12-25T09:12:21","modified_gmt":"2025-12-25T02:12:21","slug":"moc-123912-benthic-helmet-collection-with-776-pieces","status":"publish","type":"product","link":"https:\/\/mouldking.store\/vi\/shop\/moc-123912-benthic-helmet-collection-with-776-pieces\/","title":{"rendered":"B\u1ed9 s\u01b0u t\u1eadp m\u0169 b\u1ea3o hi\u1ec3m Benthic MOC-123912 v\u1edbi 776 mi\u1ebfng"},"content":{"rendered":"<p>Th\u00f4ng tin s\u1ea3n ph\u1ea9m:<\/p>\n<ol>\n<li>Th\u01b0\u01a1ng hi\u1ec7u: M\u1ed8C<\/li>\n<li>Gi\u1edbi t\u00ednh: Unisex<\/li>\n<li>Name: Benthic Helmet Collection<\/li>\n<li>\u0110\u1ed9 tu\u1ed5i: &gt; 6 tu\u1ed5i<\/li>\n<li>Model Number: 123912<\/li>\n<li>Ph\u00e2n lo\u1ea1i: T\u1eadp h\u1ee3p<\/li>\n<li>H\u00ecnh d\u1ea1ng kh\u1ed1i nh\u1ef1a: G\u1ea1ch t\u1ef1 kh\u00f3a<\/li>\n<li>Ch\u1ea5t li\u1ec7u: Nh\u1ef1a<\/li>\n<li>Lo\u1ea1i nh\u1ef1a: ABS<\/li>\n<li>Kh\u1ed1i g\u1ea1ch: 776 C\u00c1I<\/li>\n<li>Size:10 x 10 x 23 cm<\/li>\n<li>Weight:0.49 kg<\/li>\n<li>Ch\u1ee9a h\u01b0\u1edbng d\u1eabn l\u1eafp r\u00e1p chi ti\u1ebft.<\/li>\n<\/ol>\n<p>\u0110\u1ec3 \u00fd:<br \/>\n1. Kh\u00f4ng c\u00f3 h\u1ed9p ban \u0111\u1ea7u, nh\u01b0ng ch\u00fang t\u00f4i \u0111\u1ea3m b\u1ea3o s\u1ea3n ph\u1ea9m c\u1ee7a ch\u00fang t\u00f4i c\u00f3 ch\u1ea5t l\u01b0\u1ee3ng \u0111\u1ea3m b\u1ea3o v\u00e0 bao b\u00ec \u0111\u1eb9p.<br \/>\n2. V\u00ec t\u1ea5t c\u1ea3 c\u00e1c b\u1ed9 ph\u1eadn ch\u00fang t\u00f4i \u0111\u00e3 ki\u1ec3m tra tr\u01b0\u1edbc khi v\u1eadn chuy\u1ec3n, v\u00ec v\u1eady n\u1ebfu b\u1ea1n th\u1ea5y m\u1ed9t s\u1ed1 b\u1ed9 ph\u1eadn b\u1ecb thi\u1ebfu ho\u1eb7c h\u01b0 h\u1ecfng, \u0111\u1eebng lo l\u1eafng v\u00e0 ch\u1ec9 c\u1ea7n vui l\u00f2ng li\u00ean h\u1ec7 v\u1edbi ch\u00fang t\u00f4i v\u00e0 ch\u00fang t\u00f4i c\u00f3 th\u1ec3 g\u1eedi l\u1ea1i mi\u1ec5n ph\u00ed cho b\u1ea1n ngay l\u1eadp t\u1ee9c.<\/p>\n<figure id=\"attachment_36048\" aria-describedby=\"caption-attachment-36048\" style=\"width: 1024px\" class=\"wp-caption aligncenter\"><img fetchpriority=\"high\" decoding=\"async\" class=\"wp-image-36048 size-large\" src=\"https:\/\/mouldking.store\/wp-content\/uploads\/2022\/11\/MOC-123912-Star-Wars-Benthic-Helmet-Collection-MOC-FACTORY-1024x1024.png\" alt=\"MOC-123912 Benthic Helmet Collection With 776 Pieces\" width=\"1024\" height=\"1024\" title=\"-\" srcset=\"https:\/\/mouldking.store\/wp-content\/uploads\/2022\/11\/MOC-123912-Star-Wars-Benthic-Helmet-Collection-MOC-FACTORY-1024x1024.png 1024w, https:\/\/mouldking.store\/wp-content\/uploads\/2022\/11\/MOC-123912-Star-Wars-Benthic-Helmet-Collection-MOC-FACTORY-300x300.png 300w, https:\/\/mouldking.store\/wp-content\/uploads\/2022\/11\/MOC-123912-Star-Wars-Benthic-Helmet-Collection-MOC-FACTORY-768x768.png 768w, https:\/\/mouldking.store\/wp-content\/uploads\/2022\/11\/MOC-123912-Star-Wars-Benthic-Helmet-Collection-MOC-FACTORY-600x600.png 600w, https:\/\/mouldking.store\/wp-content\/uploads\/2022\/11\/MOC-123912-Star-Wars-Benthic-Helmet-Collection-MOC-FACTORY-150x150.png 150w, https:\/\/mouldking.store\/wp-content\/uploads\/2022\/11\/MOC-123912-Star-Wars-Benthic-Helmet-Collection-MOC-FACTORY-60x60.png 60w, https:\/\/mouldking.store\/wp-content\/uploads\/2022\/11\/MOC-123912-Star-Wars-Benthic-Helmet-Collection-MOC-FACTORY-90x90.png 90w, https:\/\/mouldking.store\/wp-content\/uploads\/2022\/11\/MOC-123912-Star-Wars-Benthic-Helmet-Collection-MOC-FACTORY.png 1095w\" sizes=\"(max-width: 1024px) 100vw, 1024px\" \/><figcaption id=\"caption-attachment-36048\" class=\"wp-caption-text\">B\u1ed9 s\u01b0u t\u1eadp m\u0169 b\u1ea3o hi\u1ec3m Benthic MOC-123912 v\u1edbi 776 mi\u1ebfng<\/figcaption><\/figure>\n<figure id=\"attachment_36049\" aria-describedby=\"caption-attachment-36049\" style=\"width: 1000px\" class=\"wp-caption aligncenter\"><img decoding=\"async\" class=\"wp-image-36049 size-full\" src=\"https:\/\/mouldking.store\/wp-content\/uploads\/2022\/11\/MOC-123912-Star-Wars-Benthic-Helmet-Collection-4.jpg\" alt=\"MOC-123912 Benthic Helmet Collection With 776 Pieces\" width=\"1000\" height=\"1000\" title=\"-\" srcset=\"https:\/\/mouldking.store\/wp-content\/uploads\/2022\/11\/MOC-123912-Star-Wars-Benthic-Helmet-Collection-4.jpg 1000w, https:\/\/mouldking.store\/wp-content\/uploads\/2022\/11\/MOC-123912-Star-Wars-Benthic-Helmet-Collection-4-300x300.jpg 300w, https:\/\/mouldking.store\/wp-content\/uploads\/2022\/11\/MOC-123912-Star-Wars-Benthic-Helmet-Collection-4-768x768.jpg 768w, https:\/\/mouldking.store\/wp-content\/uploads\/2022\/11\/MOC-123912-Star-Wars-Benthic-Helmet-Collection-4-600x600.jpg 600w, https:\/\/mouldking.store\/wp-content\/uploads\/2022\/11\/MOC-123912-Star-Wars-Benthic-Helmet-Collection-4-150x150.jpg 150w, https:\/\/mouldking.store\/wp-content\/uploads\/2022\/11\/MOC-123912-Star-Wars-Benthic-Helmet-Collection-4-60x60.jpg 60w, https:\/\/mouldking.store\/wp-content\/uploads\/2022\/11\/MOC-123912-Star-Wars-Benthic-Helmet-Collection-4-90x90.jpg 90w\" sizes=\"(max-width: 1000px) 100vw, 1000px\" \/><figcaption id=\"caption-attachment-36049\" class=\"wp-caption-text\">B\u1ed9 s\u01b0u t\u1eadp m\u0169 b\u1ea3o hi\u1ec3m Benthic MOC-123912 v\u1edbi 776 mi\u1ebfng<\/figcaption><\/figure>\n<figure id=\"attachment_36050\" aria-describedby=\"caption-attachment-36050\" style=\"width: 1000px\" class=\"wp-caption aligncenter\"><img decoding=\"async\" class=\"wp-image-36050 size-full\" src=\"https:\/\/mouldking.store\/wp-content\/uploads\/2022\/11\/MOC-123912-Star-Wars-Benthic-Helmet-Collection-3.jpg\" alt=\"MOC-123912 Benthic Helmet Collection With 776 Pieces\" width=\"1000\" height=\"1000\" title=\"-\" srcset=\"https:\/\/mouldking.store\/wp-content\/uploads\/2022\/11\/MOC-123912-Star-Wars-Benthic-Helmet-Collection-3.jpg 1000w, https:\/\/mouldking.store\/wp-content\/uploads\/2022\/11\/MOC-123912-Star-Wars-Benthic-Helmet-Collection-3-300x300.jpg 300w, https:\/\/mouldking.store\/wp-content\/uploads\/2022\/11\/MOC-123912-Star-Wars-Benthic-Helmet-Collection-3-768x768.jpg 768w, https:\/\/mouldking.store\/wp-content\/uploads\/2022\/11\/MOC-123912-Star-Wars-Benthic-Helmet-Collection-3-600x600.jpg 600w, https:\/\/mouldking.store\/wp-content\/uploads\/2022\/11\/MOC-123912-Star-Wars-Benthic-Helmet-Collection-3-150x150.jpg 150w, https:\/\/mouldking.store\/wp-content\/uploads\/2022\/11\/MOC-123912-Star-Wars-Benthic-Helmet-Collection-3-60x60.jpg 60w, https:\/\/mouldking.store\/wp-content\/uploads\/2022\/11\/MOC-123912-Star-Wars-Benthic-Helmet-Collection-3-90x90.jpg 90w\" sizes=\"(max-width: 1000px) 100vw, 1000px\" \/><figcaption id=\"caption-attachment-36050\" class=\"wp-caption-text\">B\u1ed9 s\u01b0u t\u1eadp m\u0169 b\u1ea3o hi\u1ec3m Benthic MOC-123912 v\u1edbi 776 mi\u1ebfng<\/figcaption><\/figure>\n<figure id=\"attachment_36051\" aria-describedby=\"caption-attachment-36051\" style=\"width: 1000px\" class=\"wp-caption aligncenter\"><img loading=\"lazy\" decoding=\"async\" class=\"wp-image-36051 size-full\" src=\"https:\/\/mouldking.store\/wp-content\/uploads\/2022\/11\/MOC-123912-Star-Wars-Benthic-Helmet-Collection-2.jpg\" alt=\"MOC-123912 Benthic Helmet Collection With 776 Pieces\" width=\"1000\" height=\"1000\" title=\"-\" srcset=\"https:\/\/mouldking.store\/wp-content\/uploads\/2022\/11\/MOC-123912-Star-Wars-Benthic-Helmet-Collection-2.jpg 1000w, https:\/\/mouldking.store\/wp-content\/uploads\/2022\/11\/MOC-123912-Star-Wars-Benthic-Helmet-Collection-2-300x300.jpg 300w, https:\/\/mouldking.store\/wp-content\/uploads\/2022\/11\/MOC-123912-Star-Wars-Benthic-Helmet-Collection-2-768x768.jpg 768w, https:\/\/mouldking.store\/wp-content\/uploads\/2022\/11\/MOC-123912-Star-Wars-Benthic-Helmet-Collection-2-600x600.jpg 600w, https:\/\/mouldking.store\/wp-content\/uploads\/2022\/11\/MOC-123912-Star-Wars-Benthic-Helmet-Collection-2-150x150.jpg 150w, https:\/\/mouldking.store\/wp-content\/uploads\/2022\/11\/MOC-123912-Star-Wars-Benthic-Helmet-Collection-2-60x60.jpg 60w, https:\/\/mouldking.store\/wp-content\/uploads\/2022\/11\/MOC-123912-Star-Wars-Benthic-Helmet-Collection-2-90x90.jpg 90w\" sizes=\"(max-width: 1000px) 100vw, 1000px\" \/><figcaption id=\"caption-attachment-36051\" class=\"wp-caption-text\">B\u1ed9 s\u01b0u t\u1eadp m\u0169 b\u1ea3o hi\u1ec3m Benthic MOC-123912 v\u1edbi 776 mi\u1ebfng<\/figcaption><\/figure>\n<figure id=\"attachment_36052\" aria-describedby=\"caption-attachment-36052\" style=\"width: 538px\" class=\"wp-caption aligncenter\"><img loading=\"lazy\" decoding=\"async\" class=\"wp-image-36052 size-large\" src=\"https:\/\/mouldking.store\/wp-content\/uploads\/2022\/11\/MOC-123912-Star-Wars-Benthic-Helmet-Collection-1-538x1024.jpg\" alt=\"MOC-123912 Benthic Helmet Collection With 776 Pieces\" width=\"538\" height=\"1024\" title=\"-\" srcset=\"https:\/\/mouldking.store\/wp-content\/uploads\/2022\/11\/MOC-123912-Star-Wars-Benthic-Helmet-Collection-1-538x1024.jpg 538w, https:\/\/mouldking.store\/wp-content\/uploads\/2022\/11\/MOC-123912-Star-Wars-Benthic-Helmet-Collection-1-158x300.jpg 158w, https:\/\/mouldking.store\/wp-content\/uploads\/2022\/11\/MOC-123912-Star-Wars-Benthic-Helmet-Collection-1-300x571.jpg 300w, https:\/\/mouldking.store\/wp-content\/uploads\/2022\/11\/MOC-123912-Star-Wars-Benthic-Helmet-Collection-1-600x1143.jpg 600w, https:\/\/mouldking.store\/wp-content\/uploads\/2022\/11\/MOC-123912-Star-Wars-Benthic-Helmet-Collection-1-79x150.jpg 79w, https:\/\/mouldking.store\/wp-content\/uploads\/2022\/11\/MOC-123912-Star-Wars-Benthic-Helmet-Collection-1-32x60.jpg 32w, https:\/\/mouldking.store\/wp-content\/uploads\/2022\/11\/MOC-123912-Star-Wars-Benthic-Helmet-Collection-1-47x90.jpg 47w, https:\/\/mouldking.store\/wp-content\/uploads\/2022\/11\/MOC-123912-Star-Wars-Benthic-Helmet-Collection-1.jpg 630w\" sizes=\"(max-width: 538px) 100vw, 538px\" \/><figcaption id=\"caption-attachment-36052\" class=\"wp-caption-text\">B\u1ed9 s\u01b0u t\u1eadp m\u0169 b\u1ea3o hi\u1ec3m Benthic MOC-123912 v\u1edbi 776 mi\u1ebfng<\/figcaption><\/figure>","protected":false},"excerpt":{"rendered":"<p>Product information: Brand: MOC Gender: Unisex Name: Benthic Helmet Collection Age Range: &gt; 6 years old Model Number: 123912 Classification: Assemblage Plastic Block Shape: Self-Locking Bricks Material: Plastic Plastic Type: ABS Bricks Blocks:776 PCS Size:10 x 10 x 23 cm Weight:0.49 kg Contains detailed assembly instructions. Notice: 1. Without an original box, but we guarantee [&hellip;]<\/p>","protected":false},"featured_media":36048,"comment_status":"closed","ping_status":"closed","template":"","meta":{"_acf_changed":false},"product_cat":[415],"product_tag":[8148,8150,8149,8047,8147,8151,8146],"class_list":["product","first","instock","shipping-taxable","purchasable","product-type-simple"],"acf":[],"_links":{"self":[{"href":"https:\/\/mouldking.store\/vi\/wp-json\/wp\/v2\/product\/36047","targetHints":{"allow":["GET"]}}],"collection":[{"href":"https:\/\/mouldking.store\/vi\/wp-json\/wp\/v2\/product"}],"about":[{"href":"https:\/\/mouldking.store\/vi\/wp-json\/wp\/v2\/types\/product"}],"replies":[{"embeddable":true,"href":"https:\/\/mouldking.store\/vi\/wp-json\/wp\/v2\/comments?post=36047"}],"wp:featuredmedia":[{"embeddable":true,"href":"https:\/\/mouldking.store\/vi\/wp-json\/wp\/v2\/media\/36048"}],"wp:attachment":[{"href":"https:\/\/mouldking.store\/vi\/wp-json\/wp\/v2\/media?parent=36047"}],"wp:term":[{"taxonomy":"product_cat","embeddable":true,"href":"https:\/\/mouldking.store\/vi\/wp-json\/wp\/v2\/product_cat?post=36047"},{"taxonomy":"product_tag","embeddable":true,"href":"https:\/\/mouldking.store\/vi\/wp-json\/wp\/v2\/product_tag?post=36047"}],"curies":[{"name":"wp","href":"https:\/\/api.w.org\/{rel}","templated":true}]}}