{"id":36053,"date":"2022-11-23T11:49:47","date_gmt":"2022-11-23T04:49:47","guid":{"rendered":"https:\/\/mouldking.store\/?post_type=product&#038;p=36053"},"modified":"2025-12-25T09:12:21","modified_gmt":"2025-12-25T02:12:21","slug":"moc-105060-hubble-space-telescope-small-with-1130-pieces","status":"publish","type":"product","link":"https:\/\/mouldking.store\/vi\/shop\/moc-105060-hubble-space-telescope-small-with-1130-pieces\/","title":{"rendered":"MOC-105060 K\u00ednh Vi\u1ec5n V\u1ecdng Kh\u00f4ng Gian Hubble (Nh\u1ecf) V\u1edbi 1130 M\u1ea3nh Gh\u00e9p"},"content":{"rendered":"<p>Th\u00f4ng tin s\u1ea3n ph\u1ea9m:<\/p>\n<ol>\n<li>Th\u01b0\u01a1ng hi\u1ec7u: M\u1ed8C<\/li>\n<li>Gi\u1edbi t\u00ednh: Unisex<\/li>\n<li>T\u00ean: K\u00ednh vi\u1ec5n v\u1ecdng Kh\u00f4ng gian Hubble (Nh\u1ecf)<\/li>\n<li>\u0110\u1ed9 tu\u1ed5i: &gt; 6 tu\u1ed5i<\/li>\n<li>S\u1ed1 m\u00f4 h\u00ecnh: 105060<\/li>\n<li>Ph\u00e2n lo\u1ea1i: T\u1eadp h\u1ee3p<\/li>\n<li>H\u00ecnh d\u1ea1ng kh\u1ed1i nh\u1ef1a: G\u1ea1ch t\u1ef1 kh\u00f3a<\/li>\n<li>Ch\u1ea5t li\u1ec7u: Nh\u1ef1a<\/li>\n<li>Lo\u1ea1i nh\u1ef1a: ABS<\/li>\n<li>Kh\u1ed1i g\u1ea1ch: 1130 C\u00c1I<\/li>\n<li>K\u00edch th\u01b0\u1edbc: 25,2 x 18,5 x 28,6 cm<\/li>\n<li>Tr\u1ecdng l\u01b0\u1ee3ng: 0,57 kg<\/li>\n<li>Ch\u1ee9a h\u01b0\u1edbng d\u1eabn l\u1eafp r\u00e1p chi ti\u1ebft.<\/li>\n<\/ol>\n<p>\u0110\u1ec3 \u00fd:<br \/>\n1. Kh\u00f4ng c\u00f3 h\u1ed9p ban \u0111\u1ea7u, nh\u01b0ng ch\u00fang t\u00f4i \u0111\u1ea3m b\u1ea3o s\u1ea3n ph\u1ea9m c\u1ee7a ch\u00fang t\u00f4i c\u00f3 ch\u1ea5t l\u01b0\u1ee3ng \u0111\u1ea3m b\u1ea3o v\u00e0 bao b\u00ec \u0111\u1eb9p.<br \/>\n2. V\u00ec t\u1ea5t c\u1ea3 c\u00e1c b\u1ed9 ph\u1eadn ch\u00fang t\u00f4i \u0111\u00e3 ki\u1ec3m tra tr\u01b0\u1edbc khi v\u1eadn chuy\u1ec3n, v\u00ec v\u1eady n\u1ebfu b\u1ea1n th\u1ea5y m\u1ed9t s\u1ed1 b\u1ed9 ph\u1eadn b\u1ecb thi\u1ebfu ho\u1eb7c h\u01b0 h\u1ecfng, \u0111\u1eebng lo l\u1eafng v\u00e0 ch\u1ec9 c\u1ea7n vui l\u00f2ng li\u00ean h\u1ec7 v\u1edbi ch\u00fang t\u00f4i v\u00e0 ch\u00fang t\u00f4i c\u00f3 th\u1ec3 g\u1eedi l\u1ea1i mi\u1ec5n ph\u00ed cho b\u1ea1n ngay l\u1eadp t\u1ee9c.<\/p>\n<figure id=\"attachment_36054\" aria-describedby=\"caption-attachment-36054\" style=\"width: 1024px\" class=\"wp-caption aligncenter\"><img fetchpriority=\"high\" decoding=\"async\" class=\"wp-image-36054 size-large\" src=\"https:\/\/mouldking.store\/wp-content\/uploads\/2022\/11\/MOC-105060-Space-Hubble-Space-Telescope-Small-MOC-FACTORY-1024x1024.png\" alt=\"MOC-105060 Hubble Space Telescope (Small) With 1130 Pieces\" width=\"1024\" height=\"1024\" title=\"-\" srcset=\"https:\/\/mouldking.store\/wp-content\/uploads\/2022\/11\/MOC-105060-Space-Hubble-Space-Telescope-Small-MOC-FACTORY-1024x1024.png 1024w, https:\/\/mouldking.store\/wp-content\/uploads\/2022\/11\/MOC-105060-Space-Hubble-Space-Telescope-Small-MOC-FACTORY-300x300.png 300w, https:\/\/mouldking.store\/wp-content\/uploads\/2022\/11\/MOC-105060-Space-Hubble-Space-Telescope-Small-MOC-FACTORY-768x768.png 768w, https:\/\/mouldking.store\/wp-content\/uploads\/2022\/11\/MOC-105060-Space-Hubble-Space-Telescope-Small-MOC-FACTORY-600x600.png 600w, https:\/\/mouldking.store\/wp-content\/uploads\/2022\/11\/MOC-105060-Space-Hubble-Space-Telescope-Small-MOC-FACTORY-150x150.png 150w, https:\/\/mouldking.store\/wp-content\/uploads\/2022\/11\/MOC-105060-Space-Hubble-Space-Telescope-Small-MOC-FACTORY-60x60.png 60w, https:\/\/mouldking.store\/wp-content\/uploads\/2022\/11\/MOC-105060-Space-Hubble-Space-Telescope-Small-MOC-FACTORY-90x90.png 90w, https:\/\/mouldking.store\/wp-content\/uploads\/2022\/11\/MOC-105060-Space-Hubble-Space-Telescope-Small-MOC-FACTORY.png 1095w\" sizes=\"(max-width: 1024px) 100vw, 1024px\" \/><figcaption id=\"caption-attachment-36054\" class=\"wp-caption-text\">MOC-105060 K\u00ednh Vi\u1ec5n V\u1ecdng Kh\u00f4ng Gian Hubble (Nh\u1ecf) V\u1edbi 1130 M\u1ea3nh Gh\u00e9p<\/figcaption><\/figure>\n<figure id=\"attachment_36055\" aria-describedby=\"caption-attachment-36055\" style=\"width: 1000px\" class=\"wp-caption aligncenter\"><img decoding=\"async\" class=\"wp-image-36055 size-full\" src=\"https:\/\/mouldking.store\/wp-content\/uploads\/2022\/11\/MOC-105060-Hubble-Space-Telescope-10.jpg\" alt=\"MOC-105060 Hubble Space Telescope (Small) With 1130 Pieces\" width=\"1000\" height=\"1000\" title=\"-\" srcset=\"https:\/\/mouldking.store\/wp-content\/uploads\/2022\/11\/MOC-105060-Hubble-Space-Telescope-10.jpg 1000w, https:\/\/mouldking.store\/wp-content\/uploads\/2022\/11\/MOC-105060-Hubble-Space-Telescope-10-300x300.jpg 300w, https:\/\/mouldking.store\/wp-content\/uploads\/2022\/11\/MOC-105060-Hubble-Space-Telescope-10-768x768.jpg 768w, https:\/\/mouldking.store\/wp-content\/uploads\/2022\/11\/MOC-105060-Hubble-Space-Telescope-10-600x600.jpg 600w, https:\/\/mouldking.store\/wp-content\/uploads\/2022\/11\/MOC-105060-Hubble-Space-Telescope-10-150x150.jpg 150w, https:\/\/mouldking.store\/wp-content\/uploads\/2022\/11\/MOC-105060-Hubble-Space-Telescope-10-60x60.jpg 60w, https:\/\/mouldking.store\/wp-content\/uploads\/2022\/11\/MOC-105060-Hubble-Space-Telescope-10-90x90.jpg 90w\" sizes=\"(max-width: 1000px) 100vw, 1000px\" \/><figcaption id=\"caption-attachment-36055\" class=\"wp-caption-text\">MOC-105060 K\u00ednh Vi\u1ec5n V\u1ecdng Kh\u00f4ng Gian Hubble (Nh\u1ecf) V\u1edbi 1130 M\u1ea3nh Gh\u00e9p<\/figcaption><\/figure>\n<figure id=\"attachment_36056\" aria-describedby=\"caption-attachment-36056\" style=\"width: 1000px\" class=\"wp-caption aligncenter\"><img decoding=\"async\" class=\"wp-image-36056 size-full\" src=\"https:\/\/mouldking.store\/wp-content\/uploads\/2022\/11\/MOC-105060-Hubble-Space-Telescope-9.jpg\" alt=\"MOC-105060 Hubble Space Telescope (Small) With 1130 Pieces\" width=\"1000\" height=\"1000\" title=\"-\" srcset=\"https:\/\/mouldking.store\/wp-content\/uploads\/2022\/11\/MOC-105060-Hubble-Space-Telescope-9.jpg 1000w, https:\/\/mouldking.store\/wp-content\/uploads\/2022\/11\/MOC-105060-Hubble-Space-Telescope-9-300x300.jpg 300w, https:\/\/mouldking.store\/wp-content\/uploads\/2022\/11\/MOC-105060-Hubble-Space-Telescope-9-768x768.jpg 768w, https:\/\/mouldking.store\/wp-content\/uploads\/2022\/11\/MOC-105060-Hubble-Space-Telescope-9-600x600.jpg 600w, https:\/\/mouldking.store\/wp-content\/uploads\/2022\/11\/MOC-105060-Hubble-Space-Telescope-9-150x150.jpg 150w, https:\/\/mouldking.store\/wp-content\/uploads\/2022\/11\/MOC-105060-Hubble-Space-Telescope-9-60x60.jpg 60w, https:\/\/mouldking.store\/wp-content\/uploads\/2022\/11\/MOC-105060-Hubble-Space-Telescope-9-90x90.jpg 90w\" sizes=\"(max-width: 1000px) 100vw, 1000px\" \/><figcaption id=\"caption-attachment-36056\" class=\"wp-caption-text\">MOC-105060 K\u00ednh Vi\u1ec5n V\u1ecdng Kh\u00f4ng Gian Hubble (Nh\u1ecf) V\u1edbi 1130 M\u1ea3nh Gh\u00e9p<\/figcaption><\/figure>\n<figure id=\"attachment_36057\" aria-describedby=\"caption-attachment-36057\" style=\"width: 1000px\" class=\"wp-caption aligncenter\"><img loading=\"lazy\" decoding=\"async\" class=\"wp-image-36057 size-full\" src=\"https:\/\/mouldking.store\/wp-content\/uploads\/2022\/11\/MOC-105060-Hubble-Space-Telescope-8.jpg\" alt=\"MOC-105060 Hubble Space Telescope (Small) With 1130 Pieces\" width=\"1000\" height=\"1000\" title=\"-\" srcset=\"https:\/\/mouldking.store\/wp-content\/uploads\/2022\/11\/MOC-105060-Hubble-Space-Telescope-8.jpg 1000w, https:\/\/mouldking.store\/wp-content\/uploads\/2022\/11\/MOC-105060-Hubble-Space-Telescope-8-300x300.jpg 300w, https:\/\/mouldking.store\/wp-content\/uploads\/2022\/11\/MOC-105060-Hubble-Space-Telescope-8-768x768.jpg 768w, https:\/\/mouldking.store\/wp-content\/uploads\/2022\/11\/MOC-105060-Hubble-Space-Telescope-8-600x600.jpg 600w, https:\/\/mouldking.store\/wp-content\/uploads\/2022\/11\/MOC-105060-Hubble-Space-Telescope-8-150x150.jpg 150w, https:\/\/mouldking.store\/wp-content\/uploads\/2022\/11\/MOC-105060-Hubble-Space-Telescope-8-60x60.jpg 60w, https:\/\/mouldking.store\/wp-content\/uploads\/2022\/11\/MOC-105060-Hubble-Space-Telescope-8-90x90.jpg 90w\" sizes=\"(max-width: 1000px) 100vw, 1000px\" \/><figcaption id=\"caption-attachment-36057\" class=\"wp-caption-text\">MOC-105060 K\u00ednh Vi\u1ec5n V\u1ecdng Kh\u00f4ng Gian Hubble (Nh\u1ecf) V\u1edbi 1130 M\u1ea3nh Gh\u00e9p<\/figcaption><\/figure>\n<figure id=\"attachment_36058\" aria-describedby=\"caption-attachment-36058\" style=\"width: 1000px\" class=\"wp-caption aligncenter\"><img loading=\"lazy\" decoding=\"async\" class=\"wp-image-36058 size-full\" src=\"https:\/\/mouldking.store\/wp-content\/uploads\/2022\/11\/MOC-105060-Hubble-Space-Telescope-7.jpg\" alt=\"MOC-105060 Hubble Space Telescope (Small) With 1130 Pieces\" width=\"1000\" height=\"1000\" title=\"-\" srcset=\"https:\/\/mouldking.store\/wp-content\/uploads\/2022\/11\/MOC-105060-Hubble-Space-Telescope-7.jpg 1000w, https:\/\/mouldking.store\/wp-content\/uploads\/2022\/11\/MOC-105060-Hubble-Space-Telescope-7-300x300.jpg 300w, https:\/\/mouldking.store\/wp-content\/uploads\/2022\/11\/MOC-105060-Hubble-Space-Telescope-7-768x768.jpg 768w, https:\/\/mouldking.store\/wp-content\/uploads\/2022\/11\/MOC-105060-Hubble-Space-Telescope-7-600x600.jpg 600w, https:\/\/mouldking.store\/wp-content\/uploads\/2022\/11\/MOC-105060-Hubble-Space-Telescope-7-150x150.jpg 150w, https:\/\/mouldking.store\/wp-content\/uploads\/2022\/11\/MOC-105060-Hubble-Space-Telescope-7-60x60.jpg 60w, https:\/\/mouldking.store\/wp-content\/uploads\/2022\/11\/MOC-105060-Hubble-Space-Telescope-7-90x90.jpg 90w\" sizes=\"(max-width: 1000px) 100vw, 1000px\" \/><figcaption id=\"caption-attachment-36058\" class=\"wp-caption-text\">MOC-105060 K\u00ednh Vi\u1ec5n V\u1ecdng Kh\u00f4ng Gian Hubble (Nh\u1ecf) V\u1edbi 1130 M\u1ea3nh Gh\u00e9p<\/figcaption><\/figure>\n<figure id=\"attachment_36059\" aria-describedby=\"caption-attachment-36059\" style=\"width: 1000px\" class=\"wp-caption aligncenter\"><img loading=\"lazy\" decoding=\"async\" class=\"wp-image-36059 size-full\" src=\"https:\/\/mouldking.store\/wp-content\/uploads\/2022\/11\/MOC-105060-Hubble-Space-Telescope-6.jpg\" alt=\"MOC-105060 Hubble Space Telescope (Small) With 1130 Pieces\" width=\"1000\" height=\"1000\" title=\"-\" srcset=\"https:\/\/mouldking.store\/wp-content\/uploads\/2022\/11\/MOC-105060-Hubble-Space-Telescope-6.jpg 1000w, https:\/\/mouldking.store\/wp-content\/uploads\/2022\/11\/MOC-105060-Hubble-Space-Telescope-6-300x300.jpg 300w, https:\/\/mouldking.store\/wp-content\/uploads\/2022\/11\/MOC-105060-Hubble-Space-Telescope-6-768x768.jpg 768w, https:\/\/mouldking.store\/wp-content\/uploads\/2022\/11\/MOC-105060-Hubble-Space-Telescope-6-600x600.jpg 600w, https:\/\/mouldking.store\/wp-content\/uploads\/2022\/11\/MOC-105060-Hubble-Space-Telescope-6-150x150.jpg 150w, https:\/\/mouldking.store\/wp-content\/uploads\/2022\/11\/MOC-105060-Hubble-Space-Telescope-6-60x60.jpg 60w, https:\/\/mouldking.store\/wp-content\/uploads\/2022\/11\/MOC-105060-Hubble-Space-Telescope-6-90x90.jpg 90w\" sizes=\"(max-width: 1000px) 100vw, 1000px\" \/><figcaption id=\"caption-attachment-36059\" class=\"wp-caption-text\">MOC-105060 K\u00ednh Vi\u1ec5n V\u1ecdng Kh\u00f4ng Gian Hubble (Nh\u1ecf) V\u1edbi 1130 M\u1ea3nh Gh\u00e9p<\/figcaption><\/figure>\n<figure id=\"attachment_36060\" aria-describedby=\"caption-attachment-36060\" style=\"width: 1000px\" class=\"wp-caption aligncenter\"><img loading=\"lazy\" decoding=\"async\" class=\"wp-image-36060 size-full\" src=\"https:\/\/mouldking.store\/wp-content\/uploads\/2022\/11\/MOC-105060-Hubble-Space-Telescope-5.jpg\" alt=\"MOC-105060 Hubble Space Telescope (Small) With 1130 Pieces\" width=\"1000\" height=\"1000\" title=\"-\" srcset=\"https:\/\/mouldking.store\/wp-content\/uploads\/2022\/11\/MOC-105060-Hubble-Space-Telescope-5.jpg 1000w, https:\/\/mouldking.store\/wp-content\/uploads\/2022\/11\/MOC-105060-Hubble-Space-Telescope-5-300x300.jpg 300w, https:\/\/mouldking.store\/wp-content\/uploads\/2022\/11\/MOC-105060-Hubble-Space-Telescope-5-768x768.jpg 768w, https:\/\/mouldking.store\/wp-content\/uploads\/2022\/11\/MOC-105060-Hubble-Space-Telescope-5-600x600.jpg 600w, https:\/\/mouldking.store\/wp-content\/uploads\/2022\/11\/MOC-105060-Hubble-Space-Telescope-5-150x150.jpg 150w, https:\/\/mouldking.store\/wp-content\/uploads\/2022\/11\/MOC-105060-Hubble-Space-Telescope-5-60x60.jpg 60w, https:\/\/mouldking.store\/wp-content\/uploads\/2022\/11\/MOC-105060-Hubble-Space-Telescope-5-90x90.jpg 90w\" sizes=\"(max-width: 1000px) 100vw, 1000px\" \/><figcaption id=\"caption-attachment-36060\" class=\"wp-caption-text\">MOC-105060 K\u00ednh Vi\u1ec5n V\u1ecdng Kh\u00f4ng Gian Hubble (Nh\u1ecf) V\u1edbi 1130 M\u1ea3nh Gh\u00e9p<\/figcaption><\/figure>\n<figure id=\"attachment_36061\" aria-describedby=\"caption-attachment-36061\" style=\"width: 1000px\" class=\"wp-caption aligncenter\"><img loading=\"lazy\" decoding=\"async\" class=\"wp-image-36061 size-full\" src=\"https:\/\/mouldking.store\/wp-content\/uploads\/2022\/11\/MOC-105060-Hubble-Space-Telescope-4.jpg\" alt=\"MOC-105060 Hubble Space Telescope (Small) With 1130 Pieces\" width=\"1000\" height=\"1000\" title=\"-\" srcset=\"https:\/\/mouldking.store\/wp-content\/uploads\/2022\/11\/MOC-105060-Hubble-Space-Telescope-4.jpg 1000w, https:\/\/mouldking.store\/wp-content\/uploads\/2022\/11\/MOC-105060-Hubble-Space-Telescope-4-300x300.jpg 300w, https:\/\/mouldking.store\/wp-content\/uploads\/2022\/11\/MOC-105060-Hubble-Space-Telescope-4-768x768.jpg 768w, https:\/\/mouldking.store\/wp-content\/uploads\/2022\/11\/MOC-105060-Hubble-Space-Telescope-4-600x600.jpg 600w, https:\/\/mouldking.store\/wp-content\/uploads\/2022\/11\/MOC-105060-Hubble-Space-Telescope-4-150x150.jpg 150w, https:\/\/mouldking.store\/wp-content\/uploads\/2022\/11\/MOC-105060-Hubble-Space-Telescope-4-60x60.jpg 60w, https:\/\/mouldking.store\/wp-content\/uploads\/2022\/11\/MOC-105060-Hubble-Space-Telescope-4-90x90.jpg 90w\" sizes=\"(max-width: 1000px) 100vw, 1000px\" \/><figcaption id=\"caption-attachment-36061\" class=\"wp-caption-text\">MOC-105060 K\u00ednh Vi\u1ec5n V\u1ecdng Kh\u00f4ng Gian Hubble (Nh\u1ecf) V\u1edbi 1130 M\u1ea3nh Gh\u00e9p<\/figcaption><\/figure>\n<figure id=\"attachment_36062\" aria-describedby=\"caption-attachment-36062\" style=\"width: 1000px\" class=\"wp-caption aligncenter\"><img loading=\"lazy\" decoding=\"async\" class=\"wp-image-36062 size-full\" src=\"https:\/\/mouldking.store\/wp-content\/uploads\/2022\/11\/MOC-105060-Hubble-Space-Telescope-3.jpg\" alt=\"MOC-105060 Hubble Space Telescope (Small) With 1130 Pieces\" width=\"1000\" height=\"1000\" title=\"-\" srcset=\"https:\/\/mouldking.store\/wp-content\/uploads\/2022\/11\/MOC-105060-Hubble-Space-Telescope-3.jpg 1000w, https:\/\/mouldking.store\/wp-content\/uploads\/2022\/11\/MOC-105060-Hubble-Space-Telescope-3-300x300.jpg 300w, https:\/\/mouldking.store\/wp-content\/uploads\/2022\/11\/MOC-105060-Hubble-Space-Telescope-3-768x768.jpg 768w, https:\/\/mouldking.store\/wp-content\/uploads\/2022\/11\/MOC-105060-Hubble-Space-Telescope-3-600x600.jpg 600w, https:\/\/mouldking.store\/wp-content\/uploads\/2022\/11\/MOC-105060-Hubble-Space-Telescope-3-150x150.jpg 150w, https:\/\/mouldking.store\/wp-content\/uploads\/2022\/11\/MOC-105060-Hubble-Space-Telescope-3-60x60.jpg 60w, https:\/\/mouldking.store\/wp-content\/uploads\/2022\/11\/MOC-105060-Hubble-Space-Telescope-3-90x90.jpg 90w\" sizes=\"(max-width: 1000px) 100vw, 1000px\" \/><figcaption id=\"caption-attachment-36062\" class=\"wp-caption-text\">MOC-105060 K\u00ednh Vi\u1ec5n V\u1ecdng Kh\u00f4ng Gian Hubble (Nh\u1ecf) V\u1edbi 1130 M\u1ea3nh Gh\u00e9p<\/figcaption><\/figure>\n<figure id=\"attachment_36063\" aria-describedby=\"caption-attachment-36063\" style=\"width: 1000px\" class=\"wp-caption aligncenter\"><img loading=\"lazy\" decoding=\"async\" class=\"wp-image-36063 size-full\" src=\"https:\/\/mouldking.store\/wp-content\/uploads\/2022\/11\/MOC-105060-Hubble-Space-Telescope-2.jpg\" alt=\"MOC-105060 Hubble Space Telescope (Small) With 1130 Pieces\" width=\"1000\" height=\"1000\" title=\"-\" srcset=\"https:\/\/mouldking.store\/wp-content\/uploads\/2022\/11\/MOC-105060-Hubble-Space-Telescope-2.jpg 1000w, https:\/\/mouldking.store\/wp-content\/uploads\/2022\/11\/MOC-105060-Hubble-Space-Telescope-2-300x300.jpg 300w, https:\/\/mouldking.store\/wp-content\/uploads\/2022\/11\/MOC-105060-Hubble-Space-Telescope-2-768x768.jpg 768w, https:\/\/mouldking.store\/wp-content\/uploads\/2022\/11\/MOC-105060-Hubble-Space-Telescope-2-600x600.jpg 600w, https:\/\/mouldking.store\/wp-content\/uploads\/2022\/11\/MOC-105060-Hubble-Space-Telescope-2-150x150.jpg 150w, https:\/\/mouldking.store\/wp-content\/uploads\/2022\/11\/MOC-105060-Hubble-Space-Telescope-2-60x60.jpg 60w, https:\/\/mouldking.store\/wp-content\/uploads\/2022\/11\/MOC-105060-Hubble-Space-Telescope-2-90x90.jpg 90w\" sizes=\"(max-width: 1000px) 100vw, 1000px\" \/><figcaption id=\"caption-attachment-36063\" class=\"wp-caption-text\">MOC-105060 K\u00ednh Vi\u1ec5n V\u1ecdng Kh\u00f4ng Gian Hubble (Nh\u1ecf) V\u1edbi 1130 M\u1ea3nh Gh\u00e9p<\/figcaption><\/figure>\n<figure id=\"attachment_36064\" aria-describedby=\"caption-attachment-36064\" style=\"width: 644px\" class=\"wp-caption aligncenter\"><img loading=\"lazy\" decoding=\"async\" class=\"wp-image-36064 size-large\" src=\"https:\/\/mouldking.store\/wp-content\/uploads\/2022\/11\/MOC-105060-Hubble-Space-Telescope-1-644x1024.jpg\" alt=\"MOC-105060 Hubble Space Telescope (Small) With 1130 Pieces\" width=\"644\" height=\"1024\" title=\"-\" srcset=\"https:\/\/mouldking.store\/wp-content\/uploads\/2022\/11\/MOC-105060-Hubble-Space-Telescope-1-644x1024.jpg 644w, https:\/\/mouldking.store\/wp-content\/uploads\/2022\/11\/MOC-105060-Hubble-Space-Telescope-1-189x300.jpg 189w, https:\/\/mouldking.store\/wp-content\/uploads\/2022\/11\/MOC-105060-Hubble-Space-Telescope-1-300x477.jpg 300w, https:\/\/mouldking.store\/wp-content\/uploads\/2022\/11\/MOC-105060-Hubble-Space-Telescope-1-600x954.jpg 600w, https:\/\/mouldking.store\/wp-content\/uploads\/2022\/11\/MOC-105060-Hubble-Space-Telescope-1-94x150.jpg 94w, https:\/\/mouldking.store\/wp-content\/uploads\/2022\/11\/MOC-105060-Hubble-Space-Telescope-1-38x60.jpg 38w, https:\/\/mouldking.store\/wp-content\/uploads\/2022\/11\/MOC-105060-Hubble-Space-Telescope-1-57x90.jpg 57w, https:\/\/mouldking.store\/wp-content\/uploads\/2022\/11\/MOC-105060-Hubble-Space-Telescope-1.jpg 755w\" sizes=\"(max-width: 644px) 100vw, 644px\" \/><figcaption id=\"caption-attachment-36064\" class=\"wp-caption-text\">MOC-105060 K\u00ednh Vi\u1ec5n V\u1ecdng Kh\u00f4ng Gian Hubble (Nh\u1ecf) V\u1edbi 1130 M\u1ea3nh Gh\u00e9p<\/figcaption><\/figure>","protected":false},"excerpt":{"rendered":"<p>Product information: Brand: MOC Gender: Unisex Name: Hubble Space Telescope (Small) Age Range: &gt; 6 years old Model Number: 105060 Classification: Assemblage Plastic Block Shape: Self-Locking Bricks Material: Plastic Plastic Type: ABS Bricks Blocks:1130 PCS Size: 25.2 x 18.5 x 28.6 cm Weight:0.57 kg Contains detailed assembly instructions. Notice: 1. Without an original box, but [&hellip;]<\/p>","protected":false},"featured_media":36054,"comment_status":"closed","ping_status":"closed","template":"","meta":{"_acf_changed":false},"product_cat":[6016],"product_tag":[8154,8156,8157,8153,8158,8152,8155],"class_list":["product","first","instock","shipping-taxable","purchasable","product-type-simple"],"acf":[],"_links":{"self":[{"href":"https:\/\/mouldking.store\/vi\/wp-json\/wp\/v2\/product\/36053","targetHints":{"allow":["GET"]}}],"collection":[{"href":"https:\/\/mouldking.store\/vi\/wp-json\/wp\/v2\/product"}],"about":[{"href":"https:\/\/mouldking.store\/vi\/wp-json\/wp\/v2\/types\/product"}],"replies":[{"embeddable":true,"href":"https:\/\/mouldking.store\/vi\/wp-json\/wp\/v2\/comments?post=36053"}],"wp:featuredmedia":[{"embeddable":true,"href":"https:\/\/mouldking.store\/vi\/wp-json\/wp\/v2\/media\/36054"}],"wp:attachment":[{"href":"https:\/\/mouldking.store\/vi\/wp-json\/wp\/v2\/media?parent=36053"}],"wp:term":[{"taxonomy":"product_cat","embeddable":true,"href":"https:\/\/mouldking.store\/vi\/wp-json\/wp\/v2\/product_cat?post=36053"},{"taxonomy":"product_tag","embeddable":true,"href":"https:\/\/mouldking.store\/vi\/wp-json\/wp\/v2\/product_tag?post=36053"}],"curies":[{"name":"wp","href":"https:\/\/api.w.org\/{rel}","templated":true}]}}