{"id":36093,"date":"2022-11-23T12:42:00","date_gmt":"2022-11-23T05:42:00","guid":{"rendered":"https:\/\/mouldking.store\/?post_type=product&#038;p=36093"},"modified":"2025-12-25T09:12:20","modified_gmt":"2025-12-25T02:12:20","slug":"moc-28692-blue-origin-new-glenn-1110-saturn-v-scale-with-1575-pieces","status":"publish","type":"product","link":"https:\/\/mouldking.store\/vi\/shop\/moc-28692-blue-origin-new-glenn-1110-saturn-v-scale-with-1575-pieces\/","title":{"rendered":"MOC-28692 Blue Origin New Glenn (T\u1ef7 l\u1ec7 1:110 Saturn V) v\u1edbi 1575 m\u1ea3nh gh\u00e9p"},"content":{"rendered":"<p>Th\u00f4ng tin s\u1ea3n ph\u1ea9m:<\/p>\n<ol>\n<li>Th\u01b0\u01a1ng hi\u1ec7u: M\u1ed8C<\/li>\n<li>Gi\u1edbi t\u00ednh: Unisex<\/li>\n<li>T\u00ean: Blue Origin New Glenn (T\u1ef7 l\u1ec7 1:110 Saturn V)<\/li>\n<li>\u0110\u1ed9 tu\u1ed5i: &gt; 6 tu\u1ed5i<\/li>\n<li>S\u1ed1 m\u00f4 h\u00ecnh: 28692<\/li>\n<li>Ph\u00e2n lo\u1ea1i: T\u1eadp h\u1ee3p<\/li>\n<li>H\u00ecnh d\u1ea1ng kh\u1ed1i nh\u1ef1a: G\u1ea1ch t\u1ef1 kh\u00f3a<\/li>\n<li>Ch\u1ea5t li\u1ec7u: Nh\u1ef1a<\/li>\n<li>Lo\u1ea1i nh\u1ef1a: ABS<\/li>\n<li>Kh\u1ed1i g\u1ea1ch: 1575 C\u00c1I<\/li>\n<li>K\u00edch th\u01b0\u1edbc: 14,3 x 13,3 x 88,8 cm<\/li>\n<li>Tr\u1ecdng l\u01b0\u1ee3ng:1.28 kg<\/li>\n<li>Ch\u1ee9a h\u01b0\u1edbng d\u1eabn l\u1eafp r\u00e1p chi ti\u1ebft.<\/li>\n<\/ol>\n<p>\u0110\u1ec3 \u00fd:<br \/>\n1. Kh\u00f4ng c\u00f3 h\u1ed9p ban \u0111\u1ea7u, nh\u01b0ng ch\u00fang t\u00f4i \u0111\u1ea3m b\u1ea3o s\u1ea3n ph\u1ea9m c\u1ee7a ch\u00fang t\u00f4i c\u00f3 ch\u1ea5t l\u01b0\u1ee3ng \u0111\u1ea3m b\u1ea3o v\u00e0 bao b\u00ec \u0111\u1eb9p.<br \/>\n2. V\u00ec t\u1ea5t c\u1ea3 c\u00e1c b\u1ed9 ph\u1eadn ch\u00fang t\u00f4i \u0111\u00e3 ki\u1ec3m tra tr\u01b0\u1edbc khi v\u1eadn chuy\u1ec3n, v\u00ec v\u1eady n\u1ebfu b\u1ea1n th\u1ea5y m\u1ed9t s\u1ed1 b\u1ed9 ph\u1eadn b\u1ecb thi\u1ebfu ho\u1eb7c h\u01b0 h\u1ecfng, \u0111\u1eebng lo l\u1eafng v\u00e0 ch\u1ec9 c\u1ea7n vui l\u00f2ng li\u00ean h\u1ec7 v\u1edbi ch\u00fang t\u00f4i v\u00e0 ch\u00fang t\u00f4i c\u00f3 th\u1ec3 g\u1eedi l\u1ea1i mi\u1ec5n ph\u00ed cho b\u1ea1n ngay l\u1eadp t\u1ee9c.<\/p>\n<figure id=\"attachment_36094\" aria-describedby=\"caption-attachment-36094\" style=\"width: 1095px\" class=\"wp-caption aligncenter\"><img fetchpriority=\"high\" decoding=\"async\" class=\"wp-image-36094 size-full\" src=\"https:\/\/mouldking.store\/wp-content\/uploads\/2022\/11\/MOC-28692-Space-Blue-Origin-New-Glenn-1110-Saturn-V-Scale-MOC-FACTORY-1.png\" alt=\"MOC-28692 Blue Origin New Glenn (1:110 Saturn V Scale) With 1575 Pieces\" width=\"1095\" height=\"1095\" title=\"-\" srcset=\"https:\/\/mouldking.store\/wp-content\/uploads\/2022\/11\/MOC-28692-Space-Blue-Origin-New-Glenn-1110-Saturn-V-Scale-MOC-FACTORY-1.png 1095w, https:\/\/mouldking.store\/wp-content\/uploads\/2022\/11\/MOC-28692-Space-Blue-Origin-New-Glenn-1110-Saturn-V-Scale-MOC-FACTORY-1-300x300.png 300w, https:\/\/mouldking.store\/wp-content\/uploads\/2022\/11\/MOC-28692-Space-Blue-Origin-New-Glenn-1110-Saturn-V-Scale-MOC-FACTORY-1-1024x1024.png 1024w, https:\/\/mouldking.store\/wp-content\/uploads\/2022\/11\/MOC-28692-Space-Blue-Origin-New-Glenn-1110-Saturn-V-Scale-MOC-FACTORY-1-768x768.png 768w, https:\/\/mouldking.store\/wp-content\/uploads\/2022\/11\/MOC-28692-Space-Blue-Origin-New-Glenn-1110-Saturn-V-Scale-MOC-FACTORY-1-600x600.png 600w, https:\/\/mouldking.store\/wp-content\/uploads\/2022\/11\/MOC-28692-Space-Blue-Origin-New-Glenn-1110-Saturn-V-Scale-MOC-FACTORY-1-150x150.png 150w, https:\/\/mouldking.store\/wp-content\/uploads\/2022\/11\/MOC-28692-Space-Blue-Origin-New-Glenn-1110-Saturn-V-Scale-MOC-FACTORY-1-60x60.png 60w, https:\/\/mouldking.store\/wp-content\/uploads\/2022\/11\/MOC-28692-Space-Blue-Origin-New-Glenn-1110-Saturn-V-Scale-MOC-FACTORY-1-90x90.png 90w\" sizes=\"(max-width: 1095px) 100vw, 1095px\" \/><figcaption id=\"caption-attachment-36094\" class=\"wp-caption-text\">MOC-28692 Blue Origin New Glenn (T\u1ef7 l\u1ec7 1:110 Saturn V) v\u1edbi 1575 m\u1ea3nh gh\u00e9p<\/figcaption><\/figure>\n<figure id=\"attachment_36095\" aria-describedby=\"caption-attachment-36095\" style=\"width: 1000px\" class=\"wp-caption aligncenter\"><img decoding=\"async\" class=\"wp-image-36095 size-full\" src=\"https:\/\/mouldking.store\/wp-content\/uploads\/2022\/11\/MOC-28692-Blue-Origin-New-Glenn-8.jpg\" alt=\"MOC-28692 Blue Origin New Glenn (1:110 Saturn V Scale) With 1575 Pieces\" width=\"1000\" height=\"1000\" title=\"-\" srcset=\"https:\/\/mouldking.store\/wp-content\/uploads\/2022\/11\/MOC-28692-Blue-Origin-New-Glenn-8.jpg 1000w, https:\/\/mouldking.store\/wp-content\/uploads\/2022\/11\/MOC-28692-Blue-Origin-New-Glenn-8-300x300.jpg 300w, https:\/\/mouldking.store\/wp-content\/uploads\/2022\/11\/MOC-28692-Blue-Origin-New-Glenn-8-768x768.jpg 768w, https:\/\/mouldking.store\/wp-content\/uploads\/2022\/11\/MOC-28692-Blue-Origin-New-Glenn-8-600x600.jpg 600w, https:\/\/mouldking.store\/wp-content\/uploads\/2022\/11\/MOC-28692-Blue-Origin-New-Glenn-8-150x150.jpg 150w, https:\/\/mouldking.store\/wp-content\/uploads\/2022\/11\/MOC-28692-Blue-Origin-New-Glenn-8-60x60.jpg 60w, https:\/\/mouldking.store\/wp-content\/uploads\/2022\/11\/MOC-28692-Blue-Origin-New-Glenn-8-90x90.jpg 90w\" sizes=\"(max-width: 1000px) 100vw, 1000px\" \/><figcaption id=\"caption-attachment-36095\" class=\"wp-caption-text\">MOC-28692 Blue Origin New Glenn (T\u1ef7 l\u1ec7 1:110 Saturn V) v\u1edbi 1575 m\u1ea3nh gh\u00e9p<\/figcaption><\/figure>\n<figure id=\"attachment_36096\" aria-describedby=\"caption-attachment-36096\" style=\"width: 1000px\" class=\"wp-caption aligncenter\"><img decoding=\"async\" class=\"wp-image-36096 size-full\" src=\"https:\/\/mouldking.store\/wp-content\/uploads\/2022\/11\/MOC-28692-Blue-Origin-New-Glenn-7.jpg\" alt=\"MOC-28692 Blue Origin New Glenn (1:110 Saturn V Scale) With 1575 Pieces\" width=\"1000\" height=\"1000\" title=\"-\" srcset=\"https:\/\/mouldking.store\/wp-content\/uploads\/2022\/11\/MOC-28692-Blue-Origin-New-Glenn-7.jpg 1000w, https:\/\/mouldking.store\/wp-content\/uploads\/2022\/11\/MOC-28692-Blue-Origin-New-Glenn-7-300x300.jpg 300w, https:\/\/mouldking.store\/wp-content\/uploads\/2022\/11\/MOC-28692-Blue-Origin-New-Glenn-7-768x768.jpg 768w, https:\/\/mouldking.store\/wp-content\/uploads\/2022\/11\/MOC-28692-Blue-Origin-New-Glenn-7-600x600.jpg 600w, https:\/\/mouldking.store\/wp-content\/uploads\/2022\/11\/MOC-28692-Blue-Origin-New-Glenn-7-150x150.jpg 150w, https:\/\/mouldking.store\/wp-content\/uploads\/2022\/11\/MOC-28692-Blue-Origin-New-Glenn-7-60x60.jpg 60w, https:\/\/mouldking.store\/wp-content\/uploads\/2022\/11\/MOC-28692-Blue-Origin-New-Glenn-7-90x90.jpg 90w\" sizes=\"(max-width: 1000px) 100vw, 1000px\" \/><figcaption id=\"caption-attachment-36096\" class=\"wp-caption-text\">MOC-28692 Blue Origin New Glenn (T\u1ef7 l\u1ec7 1:110 Saturn V) v\u1edbi 1575 m\u1ea3nh gh\u00e9p<\/figcaption><\/figure>\n<figure id=\"attachment_36097\" aria-describedby=\"caption-attachment-36097\" style=\"width: 1000px\" class=\"wp-caption aligncenter\"><img loading=\"lazy\" decoding=\"async\" class=\"wp-image-36097 size-full\" src=\"https:\/\/mouldking.store\/wp-content\/uploads\/2022\/11\/MOC-28692-Blue-Origin-New-Glenn-6.jpg\" alt=\"MOC-28692 Blue Origin New Glenn (1:110 Saturn V Scale) With 1575 Pieces\" width=\"1000\" height=\"1000\" title=\"-\" srcset=\"https:\/\/mouldking.store\/wp-content\/uploads\/2022\/11\/MOC-28692-Blue-Origin-New-Glenn-6.jpg 1000w, https:\/\/mouldking.store\/wp-content\/uploads\/2022\/11\/MOC-28692-Blue-Origin-New-Glenn-6-300x300.jpg 300w, https:\/\/mouldking.store\/wp-content\/uploads\/2022\/11\/MOC-28692-Blue-Origin-New-Glenn-6-768x768.jpg 768w, https:\/\/mouldking.store\/wp-content\/uploads\/2022\/11\/MOC-28692-Blue-Origin-New-Glenn-6-600x600.jpg 600w, https:\/\/mouldking.store\/wp-content\/uploads\/2022\/11\/MOC-28692-Blue-Origin-New-Glenn-6-150x150.jpg 150w, https:\/\/mouldking.store\/wp-content\/uploads\/2022\/11\/MOC-28692-Blue-Origin-New-Glenn-6-60x60.jpg 60w, https:\/\/mouldking.store\/wp-content\/uploads\/2022\/11\/MOC-28692-Blue-Origin-New-Glenn-6-90x90.jpg 90w\" sizes=\"(max-width: 1000px) 100vw, 1000px\" \/><figcaption id=\"caption-attachment-36097\" class=\"wp-caption-text\">MOC-28692 Blue Origin New Glenn (T\u1ef7 l\u1ec7 1:110 Saturn V) v\u1edbi 1575 m\u1ea3nh gh\u00e9p<\/figcaption><\/figure>\n<figure id=\"attachment_36099\" aria-describedby=\"caption-attachment-36099\" style=\"width: 1000px\" class=\"wp-caption aligncenter\"><img loading=\"lazy\" decoding=\"async\" class=\"wp-image-36099 size-full\" src=\"https:\/\/mouldking.store\/wp-content\/uploads\/2022\/11\/MOC-28692-Blue-Origin-New-Glenn-4.jpg\" alt=\"MOC-28692 Blue Origin New Glenn (1:110 Saturn V Scale) With 1575 Pieces\" width=\"1000\" height=\"1000\" title=\"-\" srcset=\"https:\/\/mouldking.store\/wp-content\/uploads\/2022\/11\/MOC-28692-Blue-Origin-New-Glenn-4.jpg 1000w, https:\/\/mouldking.store\/wp-content\/uploads\/2022\/11\/MOC-28692-Blue-Origin-New-Glenn-4-300x300.jpg 300w, https:\/\/mouldking.store\/wp-content\/uploads\/2022\/11\/MOC-28692-Blue-Origin-New-Glenn-4-768x768.jpg 768w, https:\/\/mouldking.store\/wp-content\/uploads\/2022\/11\/MOC-28692-Blue-Origin-New-Glenn-4-600x600.jpg 600w, https:\/\/mouldking.store\/wp-content\/uploads\/2022\/11\/MOC-28692-Blue-Origin-New-Glenn-4-150x150.jpg 150w, https:\/\/mouldking.store\/wp-content\/uploads\/2022\/11\/MOC-28692-Blue-Origin-New-Glenn-4-60x60.jpg 60w, https:\/\/mouldking.store\/wp-content\/uploads\/2022\/11\/MOC-28692-Blue-Origin-New-Glenn-4-90x90.jpg 90w\" sizes=\"(max-width: 1000px) 100vw, 1000px\" \/><figcaption id=\"caption-attachment-36099\" class=\"wp-caption-text\">MOC-28692 Blue Origin New Glenn (T\u1ef7 l\u1ec7 1:110 Saturn V) v\u1edbi 1575 m\u1ea3nh gh\u00e9p<\/figcaption><\/figure>\n<figure id=\"attachment_36100\" aria-describedby=\"caption-attachment-36100\" style=\"width: 1000px\" class=\"wp-caption aligncenter\"><img loading=\"lazy\" decoding=\"async\" class=\"wp-image-36100 size-full\" src=\"https:\/\/mouldking.store\/wp-content\/uploads\/2022\/11\/MOC-28692-Blue-Origin-New-Glenn-3.jpg\" alt=\"MOC-28692 Blue Origin New Glenn (1:110 Saturn V Scale) With 1575 Pieces\" width=\"1000\" height=\"1000\" title=\"-\" srcset=\"https:\/\/mouldking.store\/wp-content\/uploads\/2022\/11\/MOC-28692-Blue-Origin-New-Glenn-3.jpg 1000w, https:\/\/mouldking.store\/wp-content\/uploads\/2022\/11\/MOC-28692-Blue-Origin-New-Glenn-3-300x300.jpg 300w, https:\/\/mouldking.store\/wp-content\/uploads\/2022\/11\/MOC-28692-Blue-Origin-New-Glenn-3-768x768.jpg 768w, https:\/\/mouldking.store\/wp-content\/uploads\/2022\/11\/MOC-28692-Blue-Origin-New-Glenn-3-600x600.jpg 600w, https:\/\/mouldking.store\/wp-content\/uploads\/2022\/11\/MOC-28692-Blue-Origin-New-Glenn-3-150x150.jpg 150w, https:\/\/mouldking.store\/wp-content\/uploads\/2022\/11\/MOC-28692-Blue-Origin-New-Glenn-3-60x60.jpg 60w, https:\/\/mouldking.store\/wp-content\/uploads\/2022\/11\/MOC-28692-Blue-Origin-New-Glenn-3-90x90.jpg 90w\" sizes=\"(max-width: 1000px) 100vw, 1000px\" \/><figcaption id=\"caption-attachment-36100\" class=\"wp-caption-text\">MOC-28692 Blue Origin New Glenn (T\u1ef7 l\u1ec7 1:110 Saturn V) v\u1edbi 1575 m\u1ea3nh gh\u00e9p<\/figcaption><\/figure>\n<figure id=\"attachment_36101\" aria-describedby=\"caption-attachment-36101\" style=\"width: 1000px\" class=\"wp-caption aligncenter\"><img loading=\"lazy\" decoding=\"async\" class=\"wp-image-36101 size-full\" src=\"https:\/\/mouldking.store\/wp-content\/uploads\/2022\/11\/MOC-28692-Blue-Origin-New-Glenn-2.jpg\" alt=\"MOC-28692 Blue Origin New Glenn (1:110 Saturn V Scale) With 1575 Pieces\" width=\"1000\" height=\"1000\" title=\"-\" srcset=\"https:\/\/mouldking.store\/wp-content\/uploads\/2022\/11\/MOC-28692-Blue-Origin-New-Glenn-2.jpg 1000w, https:\/\/mouldking.store\/wp-content\/uploads\/2022\/11\/MOC-28692-Blue-Origin-New-Glenn-2-300x300.jpg 300w, https:\/\/mouldking.store\/wp-content\/uploads\/2022\/11\/MOC-28692-Blue-Origin-New-Glenn-2-768x768.jpg 768w, https:\/\/mouldking.store\/wp-content\/uploads\/2022\/11\/MOC-28692-Blue-Origin-New-Glenn-2-600x600.jpg 600w, https:\/\/mouldking.store\/wp-content\/uploads\/2022\/11\/MOC-28692-Blue-Origin-New-Glenn-2-150x150.jpg 150w, https:\/\/mouldking.store\/wp-content\/uploads\/2022\/11\/MOC-28692-Blue-Origin-New-Glenn-2-60x60.jpg 60w, https:\/\/mouldking.store\/wp-content\/uploads\/2022\/11\/MOC-28692-Blue-Origin-New-Glenn-2-90x90.jpg 90w\" sizes=\"(max-width: 1000px) 100vw, 1000px\" \/><figcaption id=\"caption-attachment-36101\" class=\"wp-caption-text\">MOC-28692 Blue Origin New Glenn (T\u1ef7 l\u1ec7 1:110 Saturn V) v\u1edbi 1575 m\u1ea3nh gh\u00e9p<\/figcaption><\/figure>\n<figure id=\"attachment_36102\" aria-describedby=\"caption-attachment-36102\" style=\"width: 1000px\" class=\"wp-caption aligncenter\"><img loading=\"lazy\" decoding=\"async\" class=\"wp-image-36102 size-full\" src=\"https:\/\/mouldking.store\/wp-content\/uploads\/2022\/11\/MOC-28692-Blue-Origin-New-Glenn-1.jpg\" alt=\"MOC-28692 Blue Origin New Glenn (1:110 Saturn V Scale) With 1575 Pieces\" width=\"1000\" height=\"1000\" title=\"-\" srcset=\"https:\/\/mouldking.store\/wp-content\/uploads\/2022\/11\/MOC-28692-Blue-Origin-New-Glenn-1.jpg 1000w, https:\/\/mouldking.store\/wp-content\/uploads\/2022\/11\/MOC-28692-Blue-Origin-New-Glenn-1-300x300.jpg 300w, https:\/\/mouldking.store\/wp-content\/uploads\/2022\/11\/MOC-28692-Blue-Origin-New-Glenn-1-768x768.jpg 768w, https:\/\/mouldking.store\/wp-content\/uploads\/2022\/11\/MOC-28692-Blue-Origin-New-Glenn-1-600x600.jpg 600w, https:\/\/mouldking.store\/wp-content\/uploads\/2022\/11\/MOC-28692-Blue-Origin-New-Glenn-1-150x150.jpg 150w, https:\/\/mouldking.store\/wp-content\/uploads\/2022\/11\/MOC-28692-Blue-Origin-New-Glenn-1-60x60.jpg 60w, https:\/\/mouldking.store\/wp-content\/uploads\/2022\/11\/MOC-28692-Blue-Origin-New-Glenn-1-90x90.jpg 90w\" sizes=\"(max-width: 1000px) 100vw, 1000px\" \/><figcaption id=\"caption-attachment-36102\" class=\"wp-caption-text\">MOC-28692 Blue Origin New Glenn (T\u1ef7 l\u1ec7 1:110 Saturn V) v\u1edbi 1575 m\u1ea3nh gh\u00e9p<\/figcaption><\/figure>","protected":false},"excerpt":{"rendered":"<p>Product information: Brand: MOC Gender: Unisex Name: Blue Origin New Glenn (1:110 Saturn V Scale) Age Range: &gt; 6 years old Model Number: 28692 Classification: Assemblage Plastic Block Shape: Self-Locking Bricks Material: Plastic Plastic Type: ABS Bricks Blocks:1575 PCS Size: 14.3 x 13.3 x 88.8 cm Weight:1.28 kg Contains detailed assembly instructions. Notice: 1. Without [&hellip;]<\/p>","protected":false},"featured_media":36094,"comment_status":"closed","ping_status":"closed","template":"","meta":{"_acf_changed":false},"product_cat":[1406,6016],"product_tag":[8179,8105,8180,8181,8177,8182,8176,8178],"class_list":["product","first","instock","shipping-taxable","purchasable","product-type-simple"],"acf":[],"_links":{"self":[{"href":"https:\/\/mouldking.store\/vi\/wp-json\/wp\/v2\/product\/36093","targetHints":{"allow":["GET"]}}],"collection":[{"href":"https:\/\/mouldking.store\/vi\/wp-json\/wp\/v2\/product"}],"about":[{"href":"https:\/\/mouldking.store\/vi\/wp-json\/wp\/v2\/types\/product"}],"replies":[{"embeddable":true,"href":"https:\/\/mouldking.store\/vi\/wp-json\/wp\/v2\/comments?post=36093"}],"wp:featuredmedia":[{"embeddable":true,"href":"https:\/\/mouldking.store\/vi\/wp-json\/wp\/v2\/media\/36094"}],"wp:attachment":[{"href":"https:\/\/mouldking.store\/vi\/wp-json\/wp\/v2\/media?parent=36093"}],"wp:term":[{"taxonomy":"product_cat","embeddable":true,"href":"https:\/\/mouldking.store\/vi\/wp-json\/wp\/v2\/product_cat?post=36093"},{"taxonomy":"product_tag","embeddable":true,"href":"https:\/\/mouldking.store\/vi\/wp-json\/wp\/v2\/product_tag?post=36093"}],"curies":[{"name":"wp","href":"https:\/\/api.w.org\/{rel}","templated":true}]}}