{"id":36121,"date":"2022-11-23T14:42:40","date_gmt":"2022-11-23T07:42:40","guid":{"rendered":"https:\/\/mouldking.store\/?post_type=product&#038;p=36121"},"modified":"2025-12-25T09:12:20","modified_gmt":"2025-12-25T02:12:20","slug":"moc-89545-bioshock-big-daddy-with-546-pieces","status":"publish","type":"product","link":"https:\/\/mouldking.store\/vi\/shop\/moc-89545-bioshock-big-daddy-with-546-pieces\/","title":{"rendered":"MOC-89545 BioShock Big Daddy v\u1edbi 546 mi\u1ebfng"},"content":{"rendered":"<p>Th\u00f4ng tin s\u1ea3n ph\u1ea9m:<\/p>\n<ol>\n<li>Th\u01b0\u01a1ng hi\u1ec7u: M\u1ed8C<\/li>\n<li>Gi\u1edbi t\u00ednh: Unisex<\/li>\n<li>T\u00ean: BioShock Big Daddy<\/li>\n<li>\u0110\u1ed9 tu\u1ed5i: &gt; 6 tu\u1ed5i<\/li>\n<li>S\u1ed1 m\u00f4 h\u00ecnh: 89545<\/li>\n<li>Ph\u00e2n lo\u1ea1i: T\u1eadp h\u1ee3p<\/li>\n<li>H\u00ecnh d\u1ea1ng kh\u1ed1i nh\u1ef1a: G\u1ea1ch t\u1ef1 kh\u00f3a<\/li>\n<li>Ch\u1ea5t li\u1ec7u: Nh\u1ef1a<\/li>\n<li>Lo\u1ea1i nh\u1ef1a: ABS<\/li>\n<li>Kh\u1ed1i g\u1ea1ch: 546 C\u00c1I<\/li>\n<li>K\u00edch th\u01b0\u1edbc: 10,6 x 7,3 x 9,5cm<\/li>\n<li>Tr\u1ecdng l\u01b0\u1ee3ng: 0,42 kg<\/li>\n<li>Ch\u1ee9a h\u01b0\u1edbng d\u1eabn l\u1eafp r\u00e1p chi ti\u1ebft.<\/li>\n<\/ol>\n<p>\u0110\u1ec3 \u00fd:<br \/>\n1. Kh\u00f4ng c\u00f3 h\u1ed9p ban \u0111\u1ea7u, nh\u01b0ng ch\u00fang t\u00f4i \u0111\u1ea3m b\u1ea3o s\u1ea3n ph\u1ea9m c\u1ee7a ch\u00fang t\u00f4i c\u00f3 ch\u1ea5t l\u01b0\u1ee3ng \u0111\u1ea3m b\u1ea3o v\u00e0 bao b\u00ec \u0111\u1eb9p.<br \/>\n2. V\u00ec t\u1ea5t c\u1ea3 c\u00e1c b\u1ed9 ph\u1eadn ch\u00fang t\u00f4i \u0111\u00e3 ki\u1ec3m tra tr\u01b0\u1edbc khi v\u1eadn chuy\u1ec3n, v\u00ec v\u1eady n\u1ebfu b\u1ea1n th\u1ea5y m\u1ed9t s\u1ed1 b\u1ed9 ph\u1eadn b\u1ecb thi\u1ebfu ho\u1eb7c h\u01b0 h\u1ecfng, \u0111\u1eebng lo l\u1eafng v\u00e0 ch\u1ec9 c\u1ea7n vui l\u00f2ng li\u00ean h\u1ec7 v\u1edbi ch\u00fang t\u00f4i v\u00e0 ch\u00fang t\u00f4i c\u00f3 th\u1ec3 g\u1eedi l\u1ea1i mi\u1ec5n ph\u00ed cho b\u1ea1n ngay l\u1eadp t\u1ee9c.<\/p>\n<figure id=\"attachment_36122\" aria-describedby=\"caption-attachment-36122\" style=\"width: 1024px\" class=\"wp-caption aligncenter\"><img fetchpriority=\"high\" decoding=\"async\" class=\"wp-image-36122 size-large\" src=\"https:\/\/mouldking.store\/wp-content\/uploads\/2022\/11\/MOC-89545-Movie-BioShock-Big-Daddy-MOC-FACTORY-1024x1024.png\" alt=\"MOC-89545 BioShock Big Daddy With 546 Pieces\" width=\"1024\" height=\"1024\" title=\"-\" srcset=\"https:\/\/mouldking.store\/wp-content\/uploads\/2022\/11\/MOC-89545-Movie-BioShock-Big-Daddy-MOC-FACTORY-1024x1024.png 1024w, https:\/\/mouldking.store\/wp-content\/uploads\/2022\/11\/MOC-89545-Movie-BioShock-Big-Daddy-MOC-FACTORY-300x300.png 300w, https:\/\/mouldking.store\/wp-content\/uploads\/2022\/11\/MOC-89545-Movie-BioShock-Big-Daddy-MOC-FACTORY-768x768.png 768w, https:\/\/mouldking.store\/wp-content\/uploads\/2022\/11\/MOC-89545-Movie-BioShock-Big-Daddy-MOC-FACTORY-600x600.png 600w, https:\/\/mouldking.store\/wp-content\/uploads\/2022\/11\/MOC-89545-Movie-BioShock-Big-Daddy-MOC-FACTORY-150x150.png 150w, https:\/\/mouldking.store\/wp-content\/uploads\/2022\/11\/MOC-89545-Movie-BioShock-Big-Daddy-MOC-FACTORY-60x60.png 60w, https:\/\/mouldking.store\/wp-content\/uploads\/2022\/11\/MOC-89545-Movie-BioShock-Big-Daddy-MOC-FACTORY-90x90.png 90w, https:\/\/mouldking.store\/wp-content\/uploads\/2022\/11\/MOC-89545-Movie-BioShock-Big-Daddy-MOC-FACTORY.png 1095w\" sizes=\"(max-width: 1024px) 100vw, 1024px\" \/><figcaption id=\"caption-attachment-36122\" class=\"wp-caption-text\">MOC-89545 BioShock Big Daddy v\u1edbi 546 mi\u1ebfng<\/figcaption><\/figure>\n<figure id=\"attachment_36123\" aria-describedby=\"caption-attachment-36123\" style=\"width: 1000px\" class=\"wp-caption aligncenter\"><img decoding=\"async\" class=\"wp-image-36123 size-full\" src=\"https:\/\/mouldking.store\/wp-content\/uploads\/2022\/11\/MOC-BioShock-Big-Daddy-7.jpg\" alt=\"MOC-89545 BioShock Big Daddy With 546 Pieces\" width=\"1000\" height=\"1000\" title=\"-\" srcset=\"https:\/\/mouldking.store\/wp-content\/uploads\/2022\/11\/MOC-BioShock-Big-Daddy-7.jpg 1000w, https:\/\/mouldking.store\/wp-content\/uploads\/2022\/11\/MOC-BioShock-Big-Daddy-7-300x300.jpg 300w, https:\/\/mouldking.store\/wp-content\/uploads\/2022\/11\/MOC-BioShock-Big-Daddy-7-768x768.jpg 768w, https:\/\/mouldking.store\/wp-content\/uploads\/2022\/11\/MOC-BioShock-Big-Daddy-7-600x600.jpg 600w, https:\/\/mouldking.store\/wp-content\/uploads\/2022\/11\/MOC-BioShock-Big-Daddy-7-150x150.jpg 150w, https:\/\/mouldking.store\/wp-content\/uploads\/2022\/11\/MOC-BioShock-Big-Daddy-7-60x60.jpg 60w, https:\/\/mouldking.store\/wp-content\/uploads\/2022\/11\/MOC-BioShock-Big-Daddy-7-90x90.jpg 90w\" sizes=\"(max-width: 1000px) 100vw, 1000px\" \/><figcaption id=\"caption-attachment-36123\" class=\"wp-caption-text\">MOC-89545 BioShock Big Daddy v\u1edbi 546 mi\u1ebfng<\/figcaption><\/figure>\n<figure id=\"attachment_36124\" aria-describedby=\"caption-attachment-36124\" style=\"width: 1000px\" class=\"wp-caption aligncenter\"><img decoding=\"async\" class=\"wp-image-36124 size-full\" src=\"https:\/\/mouldking.store\/wp-content\/uploads\/2022\/11\/MOC-BioShock-Big-Daddy-6.jpg\" alt=\"MOC-89545 BioShock Big Daddy With 546 Pieces\" width=\"1000\" height=\"1000\" title=\"-\" srcset=\"https:\/\/mouldking.store\/wp-content\/uploads\/2022\/11\/MOC-BioShock-Big-Daddy-6.jpg 1000w, https:\/\/mouldking.store\/wp-content\/uploads\/2022\/11\/MOC-BioShock-Big-Daddy-6-300x300.jpg 300w, https:\/\/mouldking.store\/wp-content\/uploads\/2022\/11\/MOC-BioShock-Big-Daddy-6-768x768.jpg 768w, https:\/\/mouldking.store\/wp-content\/uploads\/2022\/11\/MOC-BioShock-Big-Daddy-6-600x600.jpg 600w, https:\/\/mouldking.store\/wp-content\/uploads\/2022\/11\/MOC-BioShock-Big-Daddy-6-150x150.jpg 150w, https:\/\/mouldking.store\/wp-content\/uploads\/2022\/11\/MOC-BioShock-Big-Daddy-6-60x60.jpg 60w, https:\/\/mouldking.store\/wp-content\/uploads\/2022\/11\/MOC-BioShock-Big-Daddy-6-90x90.jpg 90w\" sizes=\"(max-width: 1000px) 100vw, 1000px\" \/><figcaption id=\"caption-attachment-36124\" class=\"wp-caption-text\">MOC-89545 BioShock Big Daddy v\u1edbi 546 mi\u1ebfng<\/figcaption><\/figure>\n<figure id=\"attachment_36125\" aria-describedby=\"caption-attachment-36125\" style=\"width: 1000px\" class=\"wp-caption aligncenter\"><img loading=\"lazy\" decoding=\"async\" class=\"wp-image-36125 size-full\" src=\"https:\/\/mouldking.store\/wp-content\/uploads\/2022\/11\/MOC-BioShock-Big-Daddy-5.jpg\" alt=\"MOC-89545 BioShock Big Daddy With 546 Pieces\" width=\"1000\" height=\"1000\" title=\"-\" srcset=\"https:\/\/mouldking.store\/wp-content\/uploads\/2022\/11\/MOC-BioShock-Big-Daddy-5.jpg 1000w, https:\/\/mouldking.store\/wp-content\/uploads\/2022\/11\/MOC-BioShock-Big-Daddy-5-300x300.jpg 300w, https:\/\/mouldking.store\/wp-content\/uploads\/2022\/11\/MOC-BioShock-Big-Daddy-5-768x768.jpg 768w, https:\/\/mouldking.store\/wp-content\/uploads\/2022\/11\/MOC-BioShock-Big-Daddy-5-600x600.jpg 600w, https:\/\/mouldking.store\/wp-content\/uploads\/2022\/11\/MOC-BioShock-Big-Daddy-5-150x150.jpg 150w, https:\/\/mouldking.store\/wp-content\/uploads\/2022\/11\/MOC-BioShock-Big-Daddy-5-60x60.jpg 60w, https:\/\/mouldking.store\/wp-content\/uploads\/2022\/11\/MOC-BioShock-Big-Daddy-5-90x90.jpg 90w\" sizes=\"(max-width: 1000px) 100vw, 1000px\" \/><figcaption id=\"caption-attachment-36125\" class=\"wp-caption-text\">MOC-89545 BioShock Big Daddy v\u1edbi 546 mi\u1ebfng<\/figcaption><\/figure>\n<figure id=\"attachment_36126\" aria-describedby=\"caption-attachment-36126\" style=\"width: 1000px\" class=\"wp-caption aligncenter\"><img loading=\"lazy\" decoding=\"async\" class=\"wp-image-36126 size-full\" src=\"https:\/\/mouldking.store\/wp-content\/uploads\/2022\/11\/MOC-BioShock-Big-Daddy-4.jpg\" alt=\"MOC-89545 BioShock Big Daddy With 546 Pieces\" width=\"1000\" height=\"1000\" title=\"-\" srcset=\"https:\/\/mouldking.store\/wp-content\/uploads\/2022\/11\/MOC-BioShock-Big-Daddy-4.jpg 1000w, https:\/\/mouldking.store\/wp-content\/uploads\/2022\/11\/MOC-BioShock-Big-Daddy-4-300x300.jpg 300w, https:\/\/mouldking.store\/wp-content\/uploads\/2022\/11\/MOC-BioShock-Big-Daddy-4-768x768.jpg 768w, https:\/\/mouldking.store\/wp-content\/uploads\/2022\/11\/MOC-BioShock-Big-Daddy-4-600x600.jpg 600w, https:\/\/mouldking.store\/wp-content\/uploads\/2022\/11\/MOC-BioShock-Big-Daddy-4-150x150.jpg 150w, https:\/\/mouldking.store\/wp-content\/uploads\/2022\/11\/MOC-BioShock-Big-Daddy-4-60x60.jpg 60w, https:\/\/mouldking.store\/wp-content\/uploads\/2022\/11\/MOC-BioShock-Big-Daddy-4-90x90.jpg 90w\" sizes=\"(max-width: 1000px) 100vw, 1000px\" \/><figcaption id=\"caption-attachment-36126\" class=\"wp-caption-text\">MOC-89545 BioShock Big Daddy v\u1edbi 546 mi\u1ebfng<\/figcaption><\/figure>\n<figure id=\"attachment_36127\" aria-describedby=\"caption-attachment-36127\" style=\"width: 1000px\" class=\"wp-caption aligncenter\"><img loading=\"lazy\" decoding=\"async\" class=\"wp-image-36127 size-full\" src=\"https:\/\/mouldking.store\/wp-content\/uploads\/2022\/11\/MOC-BioShock-Big-Daddy-3.jpg\" alt=\"MOC-89545 BioShock Big Daddy With 546 Pieces\" width=\"1000\" height=\"1000\" title=\"-\" srcset=\"https:\/\/mouldking.store\/wp-content\/uploads\/2022\/11\/MOC-BioShock-Big-Daddy-3.jpg 1000w, https:\/\/mouldking.store\/wp-content\/uploads\/2022\/11\/MOC-BioShock-Big-Daddy-3-300x300.jpg 300w, https:\/\/mouldking.store\/wp-content\/uploads\/2022\/11\/MOC-BioShock-Big-Daddy-3-768x768.jpg 768w, https:\/\/mouldking.store\/wp-content\/uploads\/2022\/11\/MOC-BioShock-Big-Daddy-3-600x600.jpg 600w, https:\/\/mouldking.store\/wp-content\/uploads\/2022\/11\/MOC-BioShock-Big-Daddy-3-150x150.jpg 150w, https:\/\/mouldking.store\/wp-content\/uploads\/2022\/11\/MOC-BioShock-Big-Daddy-3-60x60.jpg 60w, https:\/\/mouldking.store\/wp-content\/uploads\/2022\/11\/MOC-BioShock-Big-Daddy-3-90x90.jpg 90w\" sizes=\"(max-width: 1000px) 100vw, 1000px\" \/><figcaption id=\"caption-attachment-36127\" class=\"wp-caption-text\">MOC-89545 BioShock Big Daddy v\u1edbi 546 mi\u1ebfng<\/figcaption><\/figure>\n<figure id=\"attachment_36128\" aria-describedby=\"caption-attachment-36128\" style=\"width: 1000px\" class=\"wp-caption aligncenter\"><img loading=\"lazy\" decoding=\"async\" class=\"wp-image-36128 size-full\" src=\"https:\/\/mouldking.store\/wp-content\/uploads\/2022\/11\/MOC-BioShock-Big-Daddy-2.jpg\" alt=\"MOC-89545 BioShock Big Daddy With 546 Pieces\" width=\"1000\" height=\"1000\" title=\"-\" srcset=\"https:\/\/mouldking.store\/wp-content\/uploads\/2022\/11\/MOC-BioShock-Big-Daddy-2.jpg 1000w, https:\/\/mouldking.store\/wp-content\/uploads\/2022\/11\/MOC-BioShock-Big-Daddy-2-300x300.jpg 300w, https:\/\/mouldking.store\/wp-content\/uploads\/2022\/11\/MOC-BioShock-Big-Daddy-2-768x768.jpg 768w, https:\/\/mouldking.store\/wp-content\/uploads\/2022\/11\/MOC-BioShock-Big-Daddy-2-600x600.jpg 600w, https:\/\/mouldking.store\/wp-content\/uploads\/2022\/11\/MOC-BioShock-Big-Daddy-2-150x150.jpg 150w, https:\/\/mouldking.store\/wp-content\/uploads\/2022\/11\/MOC-BioShock-Big-Daddy-2-60x60.jpg 60w, https:\/\/mouldking.store\/wp-content\/uploads\/2022\/11\/MOC-BioShock-Big-Daddy-2-90x90.jpg 90w\" sizes=\"(max-width: 1000px) 100vw, 1000px\" \/><figcaption id=\"caption-attachment-36128\" class=\"wp-caption-text\">MOC-89545 BioShock Big Daddy v\u1edbi 546 mi\u1ebfng<\/figcaption><\/figure>\n<figure id=\"attachment_36129\" aria-describedby=\"caption-attachment-36129\" style=\"width: 1000px\" class=\"wp-caption aligncenter\"><img loading=\"lazy\" decoding=\"async\" class=\"wp-image-36129 size-full\" src=\"https:\/\/mouldking.store\/wp-content\/uploads\/2022\/11\/MOC-BioShock-Big-Daddy-1.jpg\" alt=\"MOC-89545 BioShock Big Daddy With 546 Pieces\" width=\"1000\" height=\"1000\" title=\"-\" srcset=\"https:\/\/mouldking.store\/wp-content\/uploads\/2022\/11\/MOC-BioShock-Big-Daddy-1.jpg 1000w, https:\/\/mouldking.store\/wp-content\/uploads\/2022\/11\/MOC-BioShock-Big-Daddy-1-300x300.jpg 300w, https:\/\/mouldking.store\/wp-content\/uploads\/2022\/11\/MOC-BioShock-Big-Daddy-1-768x768.jpg 768w, https:\/\/mouldking.store\/wp-content\/uploads\/2022\/11\/MOC-BioShock-Big-Daddy-1-600x600.jpg 600w, https:\/\/mouldking.store\/wp-content\/uploads\/2022\/11\/MOC-BioShock-Big-Daddy-1-150x150.jpg 150w, https:\/\/mouldking.store\/wp-content\/uploads\/2022\/11\/MOC-BioShock-Big-Daddy-1-60x60.jpg 60w, https:\/\/mouldking.store\/wp-content\/uploads\/2022\/11\/MOC-BioShock-Big-Daddy-1-90x90.jpg 90w\" sizes=\"(max-width: 1000px) 100vw, 1000px\" \/><figcaption id=\"caption-attachment-36129\" class=\"wp-caption-text\">MOC-89545 BioShock Big Daddy v\u1edbi 546 mi\u1ebfng<\/figcaption><\/figure>","protected":false},"excerpt":{"rendered":"<p>Product information: Brand: MOC Gender: Unisex Name: BioShock Big Daddy Age Range: &gt; 6 years old Model Number: 89545 Classification: Assemblage Plastic Block Shape: Self-Locking Bricks Material: Plastic Plastic Type: ABS Bricks Blocks:546 PCS Size: 10.6 x 7.3 x 9.5 cm Weight:0.42 kg Contains detailed assembly instructions. Notice: 1. Without an original box, but we [&hellip;]<\/p>","protected":false},"featured_media":36122,"comment_status":"closed","ping_status":"closed","template":"","meta":{"_acf_changed":false},"product_cat":[1406,581],"product_tag":[8207,8206,8208,8205,8209,8204],"class_list":["product","first","instock","shipping-taxable","purchasable","product-type-simple"],"acf":[],"_links":{"self":[{"href":"https:\/\/mouldking.store\/vi\/wp-json\/wp\/v2\/product\/36121","targetHints":{"allow":["GET"]}}],"collection":[{"href":"https:\/\/mouldking.store\/vi\/wp-json\/wp\/v2\/product"}],"about":[{"href":"https:\/\/mouldking.store\/vi\/wp-json\/wp\/v2\/types\/product"}],"replies":[{"embeddable":true,"href":"https:\/\/mouldking.store\/vi\/wp-json\/wp\/v2\/comments?post=36121"}],"wp:featuredmedia":[{"embeddable":true,"href":"https:\/\/mouldking.store\/vi\/wp-json\/wp\/v2\/media\/36122"}],"wp:attachment":[{"href":"https:\/\/mouldking.store\/vi\/wp-json\/wp\/v2\/media?parent=36121"}],"wp:term":[{"taxonomy":"product_cat","embeddable":true,"href":"https:\/\/mouldking.store\/vi\/wp-json\/wp\/v2\/product_cat?post=36121"},{"taxonomy":"product_tag","embeddable":true,"href":"https:\/\/mouldking.store\/vi\/wp-json\/wp\/v2\/product_tag?post=36121"}],"curies":[{"name":"wp","href":"https:\/\/api.w.org\/{rel}","templated":true}]}}