{"id":36130,"date":"2022-11-23T14:52:57","date_gmt":"2022-11-23T07:52:57","guid":{"rendered":"https:\/\/mouldking.store\/?post_type=product&#038;p=36130"},"modified":"2025-12-25T09:12:20","modified_gmt":"2025-12-25T02:12:20","slug":"moc-104213-spitzer-infrared-space-telescope-with-627-pieces","status":"publish","type":"product","link":"https:\/\/mouldking.store\/vi\/shop\/moc-104213-spitzer-infrared-space-telescope-with-627-pieces\/","title":{"rendered":"K\u00ednh vi\u1ec5n v\u1ecdng kh\u00f4ng gian h\u1ed3ng ngo\u1ea1i Spitzer MOC-104213 v\u1edbi 627 m\u1ea3nh gh\u00e9p"},"content":{"rendered":"<p>Th\u00f4ng tin s\u1ea3n ph\u1ea9m:<\/p>\n<ol>\n<li>Th\u01b0\u01a1ng hi\u1ec7u: M\u1ed8C<\/li>\n<li>Gi\u1edbi t\u00ednh: Unisex<\/li>\n<li>Name: Spitzer Infrared Space Telescope<\/li>\n<li>\u0110\u1ed9 tu\u1ed5i: &gt; 6 tu\u1ed5i<\/li>\n<li>Model Number: 104213<\/li>\n<li>Ph\u00e2n lo\u1ea1i: T\u1eadp h\u1ee3p<\/li>\n<li>H\u00ecnh d\u1ea1ng kh\u1ed1i nh\u1ef1a: G\u1ea1ch t\u1ef1 kh\u00f3a<\/li>\n<li>Ch\u1ea5t li\u1ec7u: Nh\u1ef1a<\/li>\n<li>Lo\u1ea1i nh\u1ef1a: ABS<\/li>\n<li>Bricks Blocks:627 PCS<\/li>\n<li>Size: 19.8 x 9.6 x 21.2 cm<\/li>\n<li>Weight:0.35 kg<\/li>\n<li>Ch\u1ee9a h\u01b0\u1edbng d\u1eabn l\u1eafp r\u00e1p chi ti\u1ebft.<\/li>\n<\/ol>\n<p>\u0110\u1ec3 \u00fd:<br \/>\n1. Kh\u00f4ng c\u00f3 h\u1ed9p ban \u0111\u1ea7u, nh\u01b0ng ch\u00fang t\u00f4i \u0111\u1ea3m b\u1ea3o s\u1ea3n ph\u1ea9m c\u1ee7a ch\u00fang t\u00f4i c\u00f3 ch\u1ea5t l\u01b0\u1ee3ng \u0111\u1ea3m b\u1ea3o v\u00e0 bao b\u00ec \u0111\u1eb9p.<br \/>\n2. V\u00ec t\u1ea5t c\u1ea3 c\u00e1c b\u1ed9 ph\u1eadn ch\u00fang t\u00f4i \u0111\u00e3 ki\u1ec3m tra tr\u01b0\u1edbc khi v\u1eadn chuy\u1ec3n, v\u00ec v\u1eady n\u1ebfu b\u1ea1n th\u1ea5y m\u1ed9t s\u1ed1 b\u1ed9 ph\u1eadn b\u1ecb thi\u1ebfu ho\u1eb7c h\u01b0 h\u1ecfng, \u0111\u1eebng lo l\u1eafng v\u00e0 ch\u1ec9 c\u1ea7n vui l\u00f2ng li\u00ean h\u1ec7 v\u1edbi ch\u00fang t\u00f4i v\u00e0 ch\u00fang t\u00f4i c\u00f3 th\u1ec3 g\u1eedi l\u1ea1i mi\u1ec5n ph\u00ed cho b\u1ea1n ngay l\u1eadp t\u1ee9c.<\/p>\n<figure id=\"attachment_36131\" aria-describedby=\"caption-attachment-36131\" style=\"width: 1024px\" class=\"wp-caption aligncenter\"><img fetchpriority=\"high\" decoding=\"async\" class=\"wp-image-36131 size-large\" src=\"https:\/\/mouldking.store\/wp-content\/uploads\/2022\/11\/MOC-104213-Space-Spitzer-Infrared-Space-Telescope-MOC-FACTORY-1024x1024.png\" alt=\"MOC-104213 Spitzer Infrared Space Telescope With 627 Pieces\" width=\"1024\" height=\"1024\" title=\"-\" srcset=\"https:\/\/mouldking.store\/wp-content\/uploads\/2022\/11\/MOC-104213-Space-Spitzer-Infrared-Space-Telescope-MOC-FACTORY-1024x1024.png 1024w, https:\/\/mouldking.store\/wp-content\/uploads\/2022\/11\/MOC-104213-Space-Spitzer-Infrared-Space-Telescope-MOC-FACTORY-300x300.png 300w, https:\/\/mouldking.store\/wp-content\/uploads\/2022\/11\/MOC-104213-Space-Spitzer-Infrared-Space-Telescope-MOC-FACTORY-768x768.png 768w, https:\/\/mouldking.store\/wp-content\/uploads\/2022\/11\/MOC-104213-Space-Spitzer-Infrared-Space-Telescope-MOC-FACTORY-600x600.png 600w, https:\/\/mouldking.store\/wp-content\/uploads\/2022\/11\/MOC-104213-Space-Spitzer-Infrared-Space-Telescope-MOC-FACTORY-150x150.png 150w, https:\/\/mouldking.store\/wp-content\/uploads\/2022\/11\/MOC-104213-Space-Spitzer-Infrared-Space-Telescope-MOC-FACTORY-60x60.png 60w, https:\/\/mouldking.store\/wp-content\/uploads\/2022\/11\/MOC-104213-Space-Spitzer-Infrared-Space-Telescope-MOC-FACTORY-90x90.png 90w, https:\/\/mouldking.store\/wp-content\/uploads\/2022\/11\/MOC-104213-Space-Spitzer-Infrared-Space-Telescope-MOC-FACTORY.png 1095w\" sizes=\"(max-width: 1024px) 100vw, 1024px\" \/><figcaption id=\"caption-attachment-36131\" class=\"wp-caption-text\">K\u00ednh vi\u1ec5n v\u1ecdng kh\u00f4ng gian h\u1ed3ng ngo\u1ea1i Spitzer MOC-104213 v\u1edbi 627 m\u1ea3nh gh\u00e9p<\/figcaption><\/figure>\n<figure id=\"attachment_36132\" aria-describedby=\"caption-attachment-36132\" style=\"width: 1000px\" class=\"wp-caption aligncenter\"><img decoding=\"async\" class=\"wp-image-36132 size-full\" src=\"https:\/\/mouldking.store\/wp-content\/uploads\/2022\/11\/MOC-104213-Spitzer-Infrared-Space-Telescope-9.jpg\" alt=\"MOC-104213 Spitzer Infrared Space Telescope With 627 Pieces\" width=\"1000\" height=\"1000\" title=\"-\" srcset=\"https:\/\/mouldking.store\/wp-content\/uploads\/2022\/11\/MOC-104213-Spitzer-Infrared-Space-Telescope-9.jpg 1000w, https:\/\/mouldking.store\/wp-content\/uploads\/2022\/11\/MOC-104213-Spitzer-Infrared-Space-Telescope-9-300x300.jpg 300w, https:\/\/mouldking.store\/wp-content\/uploads\/2022\/11\/MOC-104213-Spitzer-Infrared-Space-Telescope-9-768x768.jpg 768w, https:\/\/mouldking.store\/wp-content\/uploads\/2022\/11\/MOC-104213-Spitzer-Infrared-Space-Telescope-9-600x600.jpg 600w, https:\/\/mouldking.store\/wp-content\/uploads\/2022\/11\/MOC-104213-Spitzer-Infrared-Space-Telescope-9-150x150.jpg 150w, https:\/\/mouldking.store\/wp-content\/uploads\/2022\/11\/MOC-104213-Spitzer-Infrared-Space-Telescope-9-60x60.jpg 60w, https:\/\/mouldking.store\/wp-content\/uploads\/2022\/11\/MOC-104213-Spitzer-Infrared-Space-Telescope-9-90x90.jpg 90w\" sizes=\"(max-width: 1000px) 100vw, 1000px\" \/><figcaption id=\"caption-attachment-36132\" class=\"wp-caption-text\">K\u00ednh vi\u1ec5n v\u1ecdng kh\u00f4ng gian h\u1ed3ng ngo\u1ea1i Spitzer MOC-104213 v\u1edbi 627 m\u1ea3nh gh\u00e9p<\/figcaption><\/figure>\n<figure id=\"attachment_36133\" aria-describedby=\"caption-attachment-36133\" style=\"width: 1000px\" class=\"wp-caption aligncenter\"><img decoding=\"async\" class=\"wp-image-36133 size-full\" src=\"https:\/\/mouldking.store\/wp-content\/uploads\/2022\/11\/MOC-104213-Spitzer-Infrared-Space-Telescope-8.jpg\" alt=\"MOC-104213 Spitzer Infrared Space Telescope With 627 Pieces\" width=\"1000\" height=\"1000\" title=\"-\" srcset=\"https:\/\/mouldking.store\/wp-content\/uploads\/2022\/11\/MOC-104213-Spitzer-Infrared-Space-Telescope-8.jpg 1000w, https:\/\/mouldking.store\/wp-content\/uploads\/2022\/11\/MOC-104213-Spitzer-Infrared-Space-Telescope-8-300x300.jpg 300w, https:\/\/mouldking.store\/wp-content\/uploads\/2022\/11\/MOC-104213-Spitzer-Infrared-Space-Telescope-8-768x768.jpg 768w, https:\/\/mouldking.store\/wp-content\/uploads\/2022\/11\/MOC-104213-Spitzer-Infrared-Space-Telescope-8-600x600.jpg 600w, https:\/\/mouldking.store\/wp-content\/uploads\/2022\/11\/MOC-104213-Spitzer-Infrared-Space-Telescope-8-150x150.jpg 150w, https:\/\/mouldking.store\/wp-content\/uploads\/2022\/11\/MOC-104213-Spitzer-Infrared-Space-Telescope-8-60x60.jpg 60w, https:\/\/mouldking.store\/wp-content\/uploads\/2022\/11\/MOC-104213-Spitzer-Infrared-Space-Telescope-8-90x90.jpg 90w\" sizes=\"(max-width: 1000px) 100vw, 1000px\" \/><figcaption id=\"caption-attachment-36133\" class=\"wp-caption-text\">K\u00ednh vi\u1ec5n v\u1ecdng kh\u00f4ng gian h\u1ed3ng ngo\u1ea1i Spitzer MOC-104213 v\u1edbi 627 m\u1ea3nh gh\u00e9p<\/figcaption><\/figure>\n<figure id=\"attachment_36134\" aria-describedby=\"caption-attachment-36134\" style=\"width: 1000px\" class=\"wp-caption aligncenter\"><img loading=\"lazy\" decoding=\"async\" class=\"wp-image-36134 size-full\" src=\"https:\/\/mouldking.store\/wp-content\/uploads\/2022\/11\/MOC-104213-Spitzer-Infrared-Space-Telescope-7.jpg\" alt=\"MOC-104213 Spitzer Infrared Space Telescope With 627 Pieces\" width=\"1000\" height=\"1000\" title=\"-\" srcset=\"https:\/\/mouldking.store\/wp-content\/uploads\/2022\/11\/MOC-104213-Spitzer-Infrared-Space-Telescope-7.jpg 1000w, https:\/\/mouldking.store\/wp-content\/uploads\/2022\/11\/MOC-104213-Spitzer-Infrared-Space-Telescope-7-300x300.jpg 300w, https:\/\/mouldking.store\/wp-content\/uploads\/2022\/11\/MOC-104213-Spitzer-Infrared-Space-Telescope-7-768x768.jpg 768w, https:\/\/mouldking.store\/wp-content\/uploads\/2022\/11\/MOC-104213-Spitzer-Infrared-Space-Telescope-7-600x600.jpg 600w, https:\/\/mouldking.store\/wp-content\/uploads\/2022\/11\/MOC-104213-Spitzer-Infrared-Space-Telescope-7-150x150.jpg 150w, https:\/\/mouldking.store\/wp-content\/uploads\/2022\/11\/MOC-104213-Spitzer-Infrared-Space-Telescope-7-60x60.jpg 60w, https:\/\/mouldking.store\/wp-content\/uploads\/2022\/11\/MOC-104213-Spitzer-Infrared-Space-Telescope-7-90x90.jpg 90w\" sizes=\"(max-width: 1000px) 100vw, 1000px\" \/><figcaption id=\"caption-attachment-36134\" class=\"wp-caption-text\">K\u00ednh vi\u1ec5n v\u1ecdng kh\u00f4ng gian h\u1ed3ng ngo\u1ea1i Spitzer MOC-104213 v\u1edbi 627 m\u1ea3nh gh\u00e9p<\/figcaption><\/figure>\n<figure id=\"attachment_36135\" aria-describedby=\"caption-attachment-36135\" style=\"width: 1000px\" class=\"wp-caption aligncenter\"><img loading=\"lazy\" decoding=\"async\" class=\"wp-image-36135 size-full\" src=\"https:\/\/mouldking.store\/wp-content\/uploads\/2022\/11\/MOC-104213-Spitzer-Infrared-Space-Telescope-6.jpg\" alt=\"MOC-104213 Spitzer Infrared Space Telescope With 627 Pieces\" width=\"1000\" height=\"1000\" title=\"-\" srcset=\"https:\/\/mouldking.store\/wp-content\/uploads\/2022\/11\/MOC-104213-Spitzer-Infrared-Space-Telescope-6.jpg 1000w, https:\/\/mouldking.store\/wp-content\/uploads\/2022\/11\/MOC-104213-Spitzer-Infrared-Space-Telescope-6-300x300.jpg 300w, https:\/\/mouldking.store\/wp-content\/uploads\/2022\/11\/MOC-104213-Spitzer-Infrared-Space-Telescope-6-768x768.jpg 768w, https:\/\/mouldking.store\/wp-content\/uploads\/2022\/11\/MOC-104213-Spitzer-Infrared-Space-Telescope-6-600x600.jpg 600w, https:\/\/mouldking.store\/wp-content\/uploads\/2022\/11\/MOC-104213-Spitzer-Infrared-Space-Telescope-6-150x150.jpg 150w, https:\/\/mouldking.store\/wp-content\/uploads\/2022\/11\/MOC-104213-Spitzer-Infrared-Space-Telescope-6-60x60.jpg 60w, https:\/\/mouldking.store\/wp-content\/uploads\/2022\/11\/MOC-104213-Spitzer-Infrared-Space-Telescope-6-90x90.jpg 90w\" sizes=\"(max-width: 1000px) 100vw, 1000px\" \/><figcaption id=\"caption-attachment-36135\" class=\"wp-caption-text\">K\u00ednh vi\u1ec5n v\u1ecdng kh\u00f4ng gian h\u1ed3ng ngo\u1ea1i Spitzer MOC-104213 v\u1edbi 627 m\u1ea3nh gh\u00e9p<\/figcaption><\/figure>\n<figure id=\"attachment_36136\" aria-describedby=\"caption-attachment-36136\" style=\"width: 1000px\" class=\"wp-caption aligncenter\"><img loading=\"lazy\" decoding=\"async\" class=\"wp-image-36136 size-full\" src=\"https:\/\/mouldking.store\/wp-content\/uploads\/2022\/11\/MOC-104213-Spitzer-Infrared-Space-Telescope-5.jpg\" alt=\"MOC-104213 Spitzer Infrared Space Telescope With 627 Pieces\" width=\"1000\" height=\"1000\" title=\"-\" srcset=\"https:\/\/mouldking.store\/wp-content\/uploads\/2022\/11\/MOC-104213-Spitzer-Infrared-Space-Telescope-5.jpg 1000w, https:\/\/mouldking.store\/wp-content\/uploads\/2022\/11\/MOC-104213-Spitzer-Infrared-Space-Telescope-5-300x300.jpg 300w, https:\/\/mouldking.store\/wp-content\/uploads\/2022\/11\/MOC-104213-Spitzer-Infrared-Space-Telescope-5-768x768.jpg 768w, https:\/\/mouldking.store\/wp-content\/uploads\/2022\/11\/MOC-104213-Spitzer-Infrared-Space-Telescope-5-600x600.jpg 600w, https:\/\/mouldking.store\/wp-content\/uploads\/2022\/11\/MOC-104213-Spitzer-Infrared-Space-Telescope-5-150x150.jpg 150w, https:\/\/mouldking.store\/wp-content\/uploads\/2022\/11\/MOC-104213-Spitzer-Infrared-Space-Telescope-5-60x60.jpg 60w, https:\/\/mouldking.store\/wp-content\/uploads\/2022\/11\/MOC-104213-Spitzer-Infrared-Space-Telescope-5-90x90.jpg 90w\" sizes=\"(max-width: 1000px) 100vw, 1000px\" \/><figcaption id=\"caption-attachment-36136\" class=\"wp-caption-text\">K\u00ednh vi\u1ec5n v\u1ecdng kh\u00f4ng gian h\u1ed3ng ngo\u1ea1i Spitzer MOC-104213 v\u1edbi 627 m\u1ea3nh gh\u00e9p<\/figcaption><\/figure>\n<figure id=\"attachment_36137\" aria-describedby=\"caption-attachment-36137\" style=\"width: 1000px\" class=\"wp-caption aligncenter\"><img loading=\"lazy\" decoding=\"async\" class=\"wp-image-36137 size-full\" src=\"https:\/\/mouldking.store\/wp-content\/uploads\/2022\/11\/MOC-104213-Spitzer-Infrared-Space-Telescope-4.jpg\" alt=\"MOC-104213 Spitzer Infrared Space Telescope With 627 Pieces\" width=\"1000\" height=\"1000\" title=\"-\" srcset=\"https:\/\/mouldking.store\/wp-content\/uploads\/2022\/11\/MOC-104213-Spitzer-Infrared-Space-Telescope-4.jpg 1000w, https:\/\/mouldking.store\/wp-content\/uploads\/2022\/11\/MOC-104213-Spitzer-Infrared-Space-Telescope-4-300x300.jpg 300w, https:\/\/mouldking.store\/wp-content\/uploads\/2022\/11\/MOC-104213-Spitzer-Infrared-Space-Telescope-4-768x768.jpg 768w, https:\/\/mouldking.store\/wp-content\/uploads\/2022\/11\/MOC-104213-Spitzer-Infrared-Space-Telescope-4-600x600.jpg 600w, https:\/\/mouldking.store\/wp-content\/uploads\/2022\/11\/MOC-104213-Spitzer-Infrared-Space-Telescope-4-150x150.jpg 150w, https:\/\/mouldking.store\/wp-content\/uploads\/2022\/11\/MOC-104213-Spitzer-Infrared-Space-Telescope-4-60x60.jpg 60w, https:\/\/mouldking.store\/wp-content\/uploads\/2022\/11\/MOC-104213-Spitzer-Infrared-Space-Telescope-4-90x90.jpg 90w\" sizes=\"(max-width: 1000px) 100vw, 1000px\" \/><figcaption id=\"caption-attachment-36137\" class=\"wp-caption-text\">K\u00ednh vi\u1ec5n v\u1ecdng kh\u00f4ng gian h\u1ed3ng ngo\u1ea1i Spitzer MOC-104213 v\u1edbi 627 m\u1ea3nh gh\u00e9p<\/figcaption><\/figure>\n<figure id=\"attachment_36138\" aria-describedby=\"caption-attachment-36138\" style=\"width: 1000px\" class=\"wp-caption aligncenter\"><img loading=\"lazy\" decoding=\"async\" class=\"wp-image-36138 size-full\" src=\"https:\/\/mouldking.store\/wp-content\/uploads\/2022\/11\/MOC-104213-Spitzer-Infrared-Space-Telescope-3.jpg\" alt=\"MOC-104213 Spitzer Infrared Space Telescope With 627 Pieces\" width=\"1000\" height=\"1000\" title=\"-\" srcset=\"https:\/\/mouldking.store\/wp-content\/uploads\/2022\/11\/MOC-104213-Spitzer-Infrared-Space-Telescope-3.jpg 1000w, https:\/\/mouldking.store\/wp-content\/uploads\/2022\/11\/MOC-104213-Spitzer-Infrared-Space-Telescope-3-300x300.jpg 300w, https:\/\/mouldking.store\/wp-content\/uploads\/2022\/11\/MOC-104213-Spitzer-Infrared-Space-Telescope-3-768x768.jpg 768w, https:\/\/mouldking.store\/wp-content\/uploads\/2022\/11\/MOC-104213-Spitzer-Infrared-Space-Telescope-3-600x600.jpg 600w, https:\/\/mouldking.store\/wp-content\/uploads\/2022\/11\/MOC-104213-Spitzer-Infrared-Space-Telescope-3-150x150.jpg 150w, https:\/\/mouldking.store\/wp-content\/uploads\/2022\/11\/MOC-104213-Spitzer-Infrared-Space-Telescope-3-60x60.jpg 60w, https:\/\/mouldking.store\/wp-content\/uploads\/2022\/11\/MOC-104213-Spitzer-Infrared-Space-Telescope-3-90x90.jpg 90w\" sizes=\"(max-width: 1000px) 100vw, 1000px\" \/><figcaption id=\"caption-attachment-36138\" class=\"wp-caption-text\">K\u00ednh vi\u1ec5n v\u1ecdng kh\u00f4ng gian h\u1ed3ng ngo\u1ea1i Spitzer MOC-104213 v\u1edbi 627 m\u1ea3nh gh\u00e9p<\/figcaption><\/figure>\n<figure id=\"attachment_36139\" aria-describedby=\"caption-attachment-36139\" style=\"width: 773px\" class=\"wp-caption aligncenter\"><img loading=\"lazy\" decoding=\"async\" class=\"wp-image-36139 size-large\" src=\"https:\/\/mouldking.store\/wp-content\/uploads\/2022\/11\/MOC-104213-Spitzer-Infrared-Space-Telescope-2-773x1024.jpg\" alt=\"MOC-104213 Spitzer Infrared Space Telescope With 627 Pieces\" width=\"773\" height=\"1024\" title=\"-\" srcset=\"https:\/\/mouldking.store\/wp-content\/uploads\/2022\/11\/MOC-104213-Spitzer-Infrared-Space-Telescope-2-773x1024.jpg 773w, https:\/\/mouldking.store\/wp-content\/uploads\/2022\/11\/MOC-104213-Spitzer-Infrared-Space-Telescope-2-227x300.jpg 227w, https:\/\/mouldking.store\/wp-content\/uploads\/2022\/11\/MOC-104213-Spitzer-Infrared-Space-Telescope-2-768x1017.jpg 768w, https:\/\/mouldking.store\/wp-content\/uploads\/2022\/11\/MOC-104213-Spitzer-Infrared-Space-Telescope-2-300x397.jpg 300w, https:\/\/mouldking.store\/wp-content\/uploads\/2022\/11\/MOC-104213-Spitzer-Infrared-Space-Telescope-2-600x795.jpg 600w, https:\/\/mouldking.store\/wp-content\/uploads\/2022\/11\/MOC-104213-Spitzer-Infrared-Space-Telescope-2-113x150.jpg 113w, https:\/\/mouldking.store\/wp-content\/uploads\/2022\/11\/MOC-104213-Spitzer-Infrared-Space-Telescope-2-45x60.jpg 45w, https:\/\/mouldking.store\/wp-content\/uploads\/2022\/11\/MOC-104213-Spitzer-Infrared-Space-Telescope-2-68x90.jpg 68w, https:\/\/mouldking.store\/wp-content\/uploads\/2022\/11\/MOC-104213-Spitzer-Infrared-Space-Telescope-2.jpg 906w\" sizes=\"(max-width: 773px) 100vw, 773px\" \/><figcaption id=\"caption-attachment-36139\" class=\"wp-caption-text\">K\u00ednh vi\u1ec5n v\u1ecdng kh\u00f4ng gian h\u1ed3ng ngo\u1ea1i Spitzer MOC-104213 v\u1edbi 627 m\u1ea3nh gh\u00e9p<\/figcaption><\/figure>\n<figure id=\"attachment_36140\" aria-describedby=\"caption-attachment-36140\" style=\"width: 1000px\" class=\"wp-caption aligncenter\"><img loading=\"lazy\" decoding=\"async\" class=\"wp-image-36140 size-full\" src=\"https:\/\/mouldking.store\/wp-content\/uploads\/2022\/11\/MOC-104213-Spitzer-Infrared-Space-Telescope-1.jpg\" alt=\"MOC-104213 Spitzer Infrared Space Telescope With 627 Pieces\" width=\"1000\" height=\"1000\" title=\"-\" srcset=\"https:\/\/mouldking.store\/wp-content\/uploads\/2022\/11\/MOC-104213-Spitzer-Infrared-Space-Telescope-1.jpg 1000w, https:\/\/mouldking.store\/wp-content\/uploads\/2022\/11\/MOC-104213-Spitzer-Infrared-Space-Telescope-1-300x300.jpg 300w, https:\/\/mouldking.store\/wp-content\/uploads\/2022\/11\/MOC-104213-Spitzer-Infrared-Space-Telescope-1-768x768.jpg 768w, https:\/\/mouldking.store\/wp-content\/uploads\/2022\/11\/MOC-104213-Spitzer-Infrared-Space-Telescope-1-600x600.jpg 600w, https:\/\/mouldking.store\/wp-content\/uploads\/2022\/11\/MOC-104213-Spitzer-Infrared-Space-Telescope-1-150x150.jpg 150w, https:\/\/mouldking.store\/wp-content\/uploads\/2022\/11\/MOC-104213-Spitzer-Infrared-Space-Telescope-1-60x60.jpg 60w, https:\/\/mouldking.store\/wp-content\/uploads\/2022\/11\/MOC-104213-Spitzer-Infrared-Space-Telescope-1-90x90.jpg 90w\" sizes=\"(max-width: 1000px) 100vw, 1000px\" \/><figcaption id=\"caption-attachment-36140\" class=\"wp-caption-text\">K\u00ednh vi\u1ec5n v\u1ecdng kh\u00f4ng gian h\u1ed3ng ngo\u1ea1i Spitzer MOC-104213 v\u1edbi 627 m\u1ea3nh gh\u00e9p<\/figcaption><\/figure>","protected":false},"excerpt":{"rendered":"<p>Product information: Brand: MOC Gender: Unisex Name: Spitzer Infrared Space Telescope Age Range: &gt; 6 years old Model Number: 104213 Classification: Assemblage Plastic Block Shape: Self-Locking Bricks Material: Plastic Plastic Type: ABS Bricks Blocks:627 PCS Size: 19.8 x 9.6 x 21.2 cm Weight:0.35 kg Contains detailed assembly instructions. Notice: 1. Without an original box, but [&hellip;]<\/p>","protected":false},"featured_media":36131,"comment_status":"closed","ping_status":"closed","template":"","meta":{"_acf_changed":false},"product_cat":[1406,6016],"product_tag":[8213,8211,8215,8210,2276,8212,8214,8155],"class_list":["product","first","instock","shipping-taxable","purchasable","product-type-simple"],"acf":[],"_links":{"self":[{"href":"https:\/\/mouldking.store\/vi\/wp-json\/wp\/v2\/product\/36130","targetHints":{"allow":["GET"]}}],"collection":[{"href":"https:\/\/mouldking.store\/vi\/wp-json\/wp\/v2\/product"}],"about":[{"href":"https:\/\/mouldking.store\/vi\/wp-json\/wp\/v2\/types\/product"}],"replies":[{"embeddable":true,"href":"https:\/\/mouldking.store\/vi\/wp-json\/wp\/v2\/comments?post=36130"}],"wp:featuredmedia":[{"embeddable":true,"href":"https:\/\/mouldking.store\/vi\/wp-json\/wp\/v2\/media\/36131"}],"wp:attachment":[{"href":"https:\/\/mouldking.store\/vi\/wp-json\/wp\/v2\/media?parent=36130"}],"wp:term":[{"taxonomy":"product_cat","embeddable":true,"href":"https:\/\/mouldking.store\/vi\/wp-json\/wp\/v2\/product_cat?post=36130"},{"taxonomy":"product_tag","embeddable":true,"href":"https:\/\/mouldking.store\/vi\/wp-json\/wp\/v2\/product_tag?post=36130"}],"curies":[{"name":"wp","href":"https:\/\/api.w.org\/{rel}","templated":true}]}}