{"id":36149,"date":"2022-11-23T15:12:55","date_gmt":"2022-11-23T08:12:55","guid":{"rendered":"https:\/\/mouldking.store\/?post_type=product&#038;p=36149"},"modified":"2025-12-25T09:12:20","modified_gmt":"2025-12-25T02:12:20","slug":"moc-89544-horizon-zero-dawn-shell-walker-with-1735-pieces","status":"publish","type":"product","link":"https:\/\/mouldking.store\/vi\/shop\/moc-89544-horizon-zero-dawn-shell-walker-with-1735-pieces\/","title":{"rendered":"MOC-89544 Horizon Zero Dawn Shell Walker V\u1edbi 1735 mi\u1ebfng"},"content":{"rendered":"<p>Th\u00f4ng tin s\u1ea3n ph\u1ea9m:<\/p>\n<ol>\n<li>Th\u01b0\u01a1ng hi\u1ec7u: M\u1ed8C<\/li>\n<li>Gi\u1edbi t\u00ednh: Unisex<\/li>\n<li>Name: Horizon Zero Dawn Shell Walker<\/li>\n<li>\u0110\u1ed9 tu\u1ed5i: &gt; 6 tu\u1ed5i<\/li>\n<li>Model Number: 89544<\/li>\n<li>Ph\u00e2n lo\u1ea1i: T\u1eadp h\u1ee3p<\/li>\n<li>H\u00ecnh d\u1ea1ng kh\u1ed1i nh\u1ef1a: G\u1ea1ch t\u1ef1 kh\u00f3a<\/li>\n<li>Ch\u1ea5t li\u1ec7u: Nh\u1ef1a<\/li>\n<li>Lo\u1ea1i nh\u1ef1a: ABS<\/li>\n<li>Bricks Blocks:1735 PCS<\/li>\n<li>Size: 23.2 x 22.5 x 24.4 cm<\/li>\n<li>Weight:0.75 kg<\/li>\n<li>Ch\u1ee9a h\u01b0\u1edbng d\u1eabn l\u1eafp r\u00e1p chi ti\u1ebft.<\/li>\n<\/ol>\n<p>\u0110\u1ec3 \u00fd:<br \/>\n1. Kh\u00f4ng c\u00f3 h\u1ed9p ban \u0111\u1ea7u, nh\u01b0ng ch\u00fang t\u00f4i \u0111\u1ea3m b\u1ea3o s\u1ea3n ph\u1ea9m c\u1ee7a ch\u00fang t\u00f4i c\u00f3 ch\u1ea5t l\u01b0\u1ee3ng \u0111\u1ea3m b\u1ea3o v\u00e0 bao b\u00ec \u0111\u1eb9p.<br \/>\n2. V\u00ec t\u1ea5t c\u1ea3 c\u00e1c b\u1ed9 ph\u1eadn ch\u00fang t\u00f4i \u0111\u00e3 ki\u1ec3m tra tr\u01b0\u1edbc khi v\u1eadn chuy\u1ec3n, v\u00ec v\u1eady n\u1ebfu b\u1ea1n th\u1ea5y m\u1ed9t s\u1ed1 b\u1ed9 ph\u1eadn b\u1ecb thi\u1ebfu ho\u1eb7c h\u01b0 h\u1ecfng, \u0111\u1eebng lo l\u1eafng v\u00e0 ch\u1ec9 c\u1ea7n vui l\u00f2ng li\u00ean h\u1ec7 v\u1edbi ch\u00fang t\u00f4i v\u00e0 ch\u00fang t\u00f4i c\u00f3 th\u1ec3 g\u1eedi l\u1ea1i mi\u1ec5n ph\u00ed cho b\u1ea1n ngay l\u1eadp t\u1ee9c.<\/p>\n<figure id=\"attachment_36150\" aria-describedby=\"caption-attachment-36150\" style=\"width: 1024px\" class=\"wp-caption aligncenter\"><img fetchpriority=\"high\" decoding=\"async\" class=\"wp-image-36150 size-large\" src=\"https:\/\/mouldking.store\/wp-content\/uploads\/2022\/11\/MOC-89544-Creator-Horizon-Zero-Dawn-Shell-Walker-MOC-FACTORY-1024x1024.png\" alt=\"MOC-89544 Horizon Zero Dawn Shell Walker With 1735 Pieces\" width=\"1024\" height=\"1024\" title=\"-\" srcset=\"https:\/\/mouldking.store\/wp-content\/uploads\/2022\/11\/MOC-89544-Creator-Horizon-Zero-Dawn-Shell-Walker-MOC-FACTORY-1024x1024.png 1024w, https:\/\/mouldking.store\/wp-content\/uploads\/2022\/11\/MOC-89544-Creator-Horizon-Zero-Dawn-Shell-Walker-MOC-FACTORY-300x300.png 300w, https:\/\/mouldking.store\/wp-content\/uploads\/2022\/11\/MOC-89544-Creator-Horizon-Zero-Dawn-Shell-Walker-MOC-FACTORY-768x768.png 768w, https:\/\/mouldking.store\/wp-content\/uploads\/2022\/11\/MOC-89544-Creator-Horizon-Zero-Dawn-Shell-Walker-MOC-FACTORY-600x600.png 600w, https:\/\/mouldking.store\/wp-content\/uploads\/2022\/11\/MOC-89544-Creator-Horizon-Zero-Dawn-Shell-Walker-MOC-FACTORY-150x150.png 150w, https:\/\/mouldking.store\/wp-content\/uploads\/2022\/11\/MOC-89544-Creator-Horizon-Zero-Dawn-Shell-Walker-MOC-FACTORY-60x60.png 60w, https:\/\/mouldking.store\/wp-content\/uploads\/2022\/11\/MOC-89544-Creator-Horizon-Zero-Dawn-Shell-Walker-MOC-FACTORY-90x90.png 90w, https:\/\/mouldking.store\/wp-content\/uploads\/2022\/11\/MOC-89544-Creator-Horizon-Zero-Dawn-Shell-Walker-MOC-FACTORY.png 1095w\" sizes=\"(max-width: 1024px) 100vw, 1024px\" \/><figcaption id=\"caption-attachment-36150\" class=\"wp-caption-text\">MOC-89544 Horizon Zero Dawn Shell Walker V\u1edbi 1735 mi\u1ebfng<\/figcaption><\/figure>\n<figure id=\"attachment_36151\" aria-describedby=\"caption-attachment-36151\" style=\"width: 1000px\" class=\"wp-caption aligncenter\"><img decoding=\"async\" class=\"wp-image-36151 size-full\" src=\"https:\/\/mouldking.store\/wp-content\/uploads\/2022\/11\/MOC-Horizon-Zero-Dawn-Shell-Walker-10-Copy.jpg\" alt=\"MOC-89544 Horizon Zero Dawn Shell Walker With 1735 Pieces\" width=\"1000\" height=\"1000\" title=\"-\" srcset=\"https:\/\/mouldking.store\/wp-content\/uploads\/2022\/11\/MOC-Horizon-Zero-Dawn-Shell-Walker-10-Copy.jpg 1000w, https:\/\/mouldking.store\/wp-content\/uploads\/2022\/11\/MOC-Horizon-Zero-Dawn-Shell-Walker-10-Copy-300x300.jpg 300w, https:\/\/mouldking.store\/wp-content\/uploads\/2022\/11\/MOC-Horizon-Zero-Dawn-Shell-Walker-10-Copy-768x768.jpg 768w, https:\/\/mouldking.store\/wp-content\/uploads\/2022\/11\/MOC-Horizon-Zero-Dawn-Shell-Walker-10-Copy-600x600.jpg 600w, https:\/\/mouldking.store\/wp-content\/uploads\/2022\/11\/MOC-Horizon-Zero-Dawn-Shell-Walker-10-Copy-150x150.jpg 150w, https:\/\/mouldking.store\/wp-content\/uploads\/2022\/11\/MOC-Horizon-Zero-Dawn-Shell-Walker-10-Copy-60x60.jpg 60w, https:\/\/mouldking.store\/wp-content\/uploads\/2022\/11\/MOC-Horizon-Zero-Dawn-Shell-Walker-10-Copy-90x90.jpg 90w\" sizes=\"(max-width: 1000px) 100vw, 1000px\" \/><figcaption id=\"caption-attachment-36151\" class=\"wp-caption-text\">MOC-89544 Horizon Zero Dawn Shell Walker V\u1edbi 1735 mi\u1ebfng<\/figcaption><\/figure>\n<figure id=\"attachment_36152\" aria-describedby=\"caption-attachment-36152\" style=\"width: 1000px\" class=\"wp-caption aligncenter\"><img decoding=\"async\" class=\"wp-image-36152 size-full\" src=\"https:\/\/mouldking.store\/wp-content\/uploads\/2022\/11\/MOC-Horizon-Zero-Dawn-Shell-Walker-9-Copy.jpg\" alt=\"MOC-89544 Horizon Zero Dawn Shell Walker With 1735 Pieces\" width=\"1000\" height=\"1000\" title=\"-\" srcset=\"https:\/\/mouldking.store\/wp-content\/uploads\/2022\/11\/MOC-Horizon-Zero-Dawn-Shell-Walker-9-Copy.jpg 1000w, https:\/\/mouldking.store\/wp-content\/uploads\/2022\/11\/MOC-Horizon-Zero-Dawn-Shell-Walker-9-Copy-300x300.jpg 300w, https:\/\/mouldking.store\/wp-content\/uploads\/2022\/11\/MOC-Horizon-Zero-Dawn-Shell-Walker-9-Copy-768x768.jpg 768w, https:\/\/mouldking.store\/wp-content\/uploads\/2022\/11\/MOC-Horizon-Zero-Dawn-Shell-Walker-9-Copy-600x600.jpg 600w, https:\/\/mouldking.store\/wp-content\/uploads\/2022\/11\/MOC-Horizon-Zero-Dawn-Shell-Walker-9-Copy-150x150.jpg 150w, https:\/\/mouldking.store\/wp-content\/uploads\/2022\/11\/MOC-Horizon-Zero-Dawn-Shell-Walker-9-Copy-60x60.jpg 60w, https:\/\/mouldking.store\/wp-content\/uploads\/2022\/11\/MOC-Horizon-Zero-Dawn-Shell-Walker-9-Copy-90x90.jpg 90w\" sizes=\"(max-width: 1000px) 100vw, 1000px\" \/><figcaption id=\"caption-attachment-36152\" class=\"wp-caption-text\">MOC-89544 Horizon Zero Dawn Shell Walker V\u1edbi 1735 mi\u1ebfng<\/figcaption><\/figure>\n<figure id=\"attachment_36153\" aria-describedby=\"caption-attachment-36153\" style=\"width: 1000px\" class=\"wp-caption aligncenter\"><img loading=\"lazy\" decoding=\"async\" class=\"wp-image-36153 size-full\" src=\"https:\/\/mouldking.store\/wp-content\/uploads\/2022\/11\/MOC-Horizon-Zero-Dawn-Shell-Walker-8-Copy.jpg\" alt=\"MOC-89544 Horizon Zero Dawn Shell Walker With 1735 Pieces\" width=\"1000\" height=\"1000\" title=\"-\" srcset=\"https:\/\/mouldking.store\/wp-content\/uploads\/2022\/11\/MOC-Horizon-Zero-Dawn-Shell-Walker-8-Copy.jpg 1000w, https:\/\/mouldking.store\/wp-content\/uploads\/2022\/11\/MOC-Horizon-Zero-Dawn-Shell-Walker-8-Copy-300x300.jpg 300w, https:\/\/mouldking.store\/wp-content\/uploads\/2022\/11\/MOC-Horizon-Zero-Dawn-Shell-Walker-8-Copy-768x768.jpg 768w, https:\/\/mouldking.store\/wp-content\/uploads\/2022\/11\/MOC-Horizon-Zero-Dawn-Shell-Walker-8-Copy-600x600.jpg 600w, https:\/\/mouldking.store\/wp-content\/uploads\/2022\/11\/MOC-Horizon-Zero-Dawn-Shell-Walker-8-Copy-150x150.jpg 150w, https:\/\/mouldking.store\/wp-content\/uploads\/2022\/11\/MOC-Horizon-Zero-Dawn-Shell-Walker-8-Copy-60x60.jpg 60w, https:\/\/mouldking.store\/wp-content\/uploads\/2022\/11\/MOC-Horizon-Zero-Dawn-Shell-Walker-8-Copy-90x90.jpg 90w\" sizes=\"(max-width: 1000px) 100vw, 1000px\" \/><figcaption id=\"caption-attachment-36153\" class=\"wp-caption-text\">MOC-89544 Horizon Zero Dawn Shell Walker V\u1edbi 1735 mi\u1ebfng<\/figcaption><\/figure>\n<figure id=\"attachment_36154\" aria-describedby=\"caption-attachment-36154\" style=\"width: 1000px\" class=\"wp-caption aligncenter\"><img loading=\"lazy\" decoding=\"async\" class=\"wp-image-36154 size-full\" src=\"https:\/\/mouldking.store\/wp-content\/uploads\/2022\/11\/MOC-Horizon-Zero-Dawn-Shell-Walker-7-Copy.jpg\" alt=\"MOC-89544 Horizon Zero Dawn Shell Walker With 1735 Pieces\" width=\"1000\" height=\"1000\" title=\"-\" srcset=\"https:\/\/mouldking.store\/wp-content\/uploads\/2022\/11\/MOC-Horizon-Zero-Dawn-Shell-Walker-7-Copy.jpg 1000w, https:\/\/mouldking.store\/wp-content\/uploads\/2022\/11\/MOC-Horizon-Zero-Dawn-Shell-Walker-7-Copy-300x300.jpg 300w, https:\/\/mouldking.store\/wp-content\/uploads\/2022\/11\/MOC-Horizon-Zero-Dawn-Shell-Walker-7-Copy-768x768.jpg 768w, https:\/\/mouldking.store\/wp-content\/uploads\/2022\/11\/MOC-Horizon-Zero-Dawn-Shell-Walker-7-Copy-600x600.jpg 600w, https:\/\/mouldking.store\/wp-content\/uploads\/2022\/11\/MOC-Horizon-Zero-Dawn-Shell-Walker-7-Copy-150x150.jpg 150w, https:\/\/mouldking.store\/wp-content\/uploads\/2022\/11\/MOC-Horizon-Zero-Dawn-Shell-Walker-7-Copy-60x60.jpg 60w, https:\/\/mouldking.store\/wp-content\/uploads\/2022\/11\/MOC-Horizon-Zero-Dawn-Shell-Walker-7-Copy-90x90.jpg 90w\" sizes=\"(max-width: 1000px) 100vw, 1000px\" \/><figcaption id=\"caption-attachment-36154\" class=\"wp-caption-text\">MOC-89544 Horizon Zero Dawn Shell Walker V\u1edbi 1735 mi\u1ebfng<\/figcaption><\/figure>\n<figure id=\"attachment_36155\" aria-describedby=\"caption-attachment-36155\" style=\"width: 1000px\" class=\"wp-caption aligncenter\"><img loading=\"lazy\" decoding=\"async\" class=\"wp-image-36155 size-full\" src=\"https:\/\/mouldking.store\/wp-content\/uploads\/2022\/11\/MOC-Horizon-Zero-Dawn-Shell-Walker-6-Copy.jpg\" alt=\"MOC-89544 Horizon Zero Dawn Shell Walker With 1735 Pieces\" width=\"1000\" height=\"1000\" title=\"-\" srcset=\"https:\/\/mouldking.store\/wp-content\/uploads\/2022\/11\/MOC-Horizon-Zero-Dawn-Shell-Walker-6-Copy.jpg 1000w, https:\/\/mouldking.store\/wp-content\/uploads\/2022\/11\/MOC-Horizon-Zero-Dawn-Shell-Walker-6-Copy-300x300.jpg 300w, https:\/\/mouldking.store\/wp-content\/uploads\/2022\/11\/MOC-Horizon-Zero-Dawn-Shell-Walker-6-Copy-768x768.jpg 768w, https:\/\/mouldking.store\/wp-content\/uploads\/2022\/11\/MOC-Horizon-Zero-Dawn-Shell-Walker-6-Copy-600x600.jpg 600w, https:\/\/mouldking.store\/wp-content\/uploads\/2022\/11\/MOC-Horizon-Zero-Dawn-Shell-Walker-6-Copy-150x150.jpg 150w, https:\/\/mouldking.store\/wp-content\/uploads\/2022\/11\/MOC-Horizon-Zero-Dawn-Shell-Walker-6-Copy-60x60.jpg 60w, https:\/\/mouldking.store\/wp-content\/uploads\/2022\/11\/MOC-Horizon-Zero-Dawn-Shell-Walker-6-Copy-90x90.jpg 90w\" sizes=\"(max-width: 1000px) 100vw, 1000px\" \/><figcaption id=\"caption-attachment-36155\" class=\"wp-caption-text\">MOC-89544 Horizon Zero Dawn Shell Walker V\u1edbi 1735 mi\u1ebfng<\/figcaption><\/figure>\n<figure id=\"attachment_36156\" aria-describedby=\"caption-attachment-36156\" style=\"width: 1000px\" class=\"wp-caption aligncenter\"><img loading=\"lazy\" decoding=\"async\" class=\"wp-image-36156 size-full\" src=\"https:\/\/mouldking.store\/wp-content\/uploads\/2022\/11\/MOC-Horizon-Zero-Dawn-Shell-Walker-5-Copy.jpg\" alt=\"MOC-89544 Horizon Zero Dawn Shell Walker With 1735 Pieces\" width=\"1000\" height=\"1000\" title=\"-\" srcset=\"https:\/\/mouldking.store\/wp-content\/uploads\/2022\/11\/MOC-Horizon-Zero-Dawn-Shell-Walker-5-Copy.jpg 1000w, https:\/\/mouldking.store\/wp-content\/uploads\/2022\/11\/MOC-Horizon-Zero-Dawn-Shell-Walker-5-Copy-300x300.jpg 300w, https:\/\/mouldking.store\/wp-content\/uploads\/2022\/11\/MOC-Horizon-Zero-Dawn-Shell-Walker-5-Copy-768x768.jpg 768w, https:\/\/mouldking.store\/wp-content\/uploads\/2022\/11\/MOC-Horizon-Zero-Dawn-Shell-Walker-5-Copy-600x600.jpg 600w, https:\/\/mouldking.store\/wp-content\/uploads\/2022\/11\/MOC-Horizon-Zero-Dawn-Shell-Walker-5-Copy-150x150.jpg 150w, https:\/\/mouldking.store\/wp-content\/uploads\/2022\/11\/MOC-Horizon-Zero-Dawn-Shell-Walker-5-Copy-60x60.jpg 60w, https:\/\/mouldking.store\/wp-content\/uploads\/2022\/11\/MOC-Horizon-Zero-Dawn-Shell-Walker-5-Copy-90x90.jpg 90w\" sizes=\"(max-width: 1000px) 100vw, 1000px\" \/><figcaption id=\"caption-attachment-36156\" class=\"wp-caption-text\">MOC-89544 Horizon Zero Dawn Shell Walker V\u1edbi 1735 mi\u1ebfng<\/figcaption><\/figure>\n<figure id=\"attachment_36157\" aria-describedby=\"caption-attachment-36157\" style=\"width: 1000px\" class=\"wp-caption aligncenter\"><img loading=\"lazy\" decoding=\"async\" class=\"wp-image-36157 size-full\" src=\"https:\/\/mouldking.store\/wp-content\/uploads\/2022\/11\/MOC-Horizon-Zero-Dawn-Shell-Walker-4.jpg\" alt=\"MOC-89544 Horizon Zero Dawn Shell Walker With 1735 Pieces\" width=\"1000\" height=\"1000\" title=\"-\" srcset=\"https:\/\/mouldking.store\/wp-content\/uploads\/2022\/11\/MOC-Horizon-Zero-Dawn-Shell-Walker-4.jpg 1000w, https:\/\/mouldking.store\/wp-content\/uploads\/2022\/11\/MOC-Horizon-Zero-Dawn-Shell-Walker-4-300x300.jpg 300w, https:\/\/mouldking.store\/wp-content\/uploads\/2022\/11\/MOC-Horizon-Zero-Dawn-Shell-Walker-4-768x768.jpg 768w, https:\/\/mouldking.store\/wp-content\/uploads\/2022\/11\/MOC-Horizon-Zero-Dawn-Shell-Walker-4-600x600.jpg 600w, https:\/\/mouldking.store\/wp-content\/uploads\/2022\/11\/MOC-Horizon-Zero-Dawn-Shell-Walker-4-150x150.jpg 150w, https:\/\/mouldking.store\/wp-content\/uploads\/2022\/11\/MOC-Horizon-Zero-Dawn-Shell-Walker-4-60x60.jpg 60w, https:\/\/mouldking.store\/wp-content\/uploads\/2022\/11\/MOC-Horizon-Zero-Dawn-Shell-Walker-4-90x90.jpg 90w\" sizes=\"(max-width: 1000px) 100vw, 1000px\" \/><figcaption id=\"caption-attachment-36157\" class=\"wp-caption-text\">MOC-89544 Horizon Zero Dawn Shell Walker V\u1edbi 1735 mi\u1ebfng<\/figcaption><\/figure>\n<figure id=\"attachment_36158\" aria-describedby=\"caption-attachment-36158\" style=\"width: 1000px\" class=\"wp-caption aligncenter\"><img loading=\"lazy\" decoding=\"async\" class=\"wp-image-36158 size-full\" src=\"https:\/\/mouldking.store\/wp-content\/uploads\/2022\/11\/MOC-Horizon-Zero-Dawn-Shell-Walker-3.jpg\" alt=\"MOC-89544 Horizon Zero Dawn Shell Walker With 1735 Pieces\" width=\"1000\" height=\"1000\" title=\"-\" srcset=\"https:\/\/mouldking.store\/wp-content\/uploads\/2022\/11\/MOC-Horizon-Zero-Dawn-Shell-Walker-3.jpg 1000w, https:\/\/mouldking.store\/wp-content\/uploads\/2022\/11\/MOC-Horizon-Zero-Dawn-Shell-Walker-3-300x300.jpg 300w, https:\/\/mouldking.store\/wp-content\/uploads\/2022\/11\/MOC-Horizon-Zero-Dawn-Shell-Walker-3-768x768.jpg 768w, https:\/\/mouldking.store\/wp-content\/uploads\/2022\/11\/MOC-Horizon-Zero-Dawn-Shell-Walker-3-600x600.jpg 600w, https:\/\/mouldking.store\/wp-content\/uploads\/2022\/11\/MOC-Horizon-Zero-Dawn-Shell-Walker-3-150x150.jpg 150w, https:\/\/mouldking.store\/wp-content\/uploads\/2022\/11\/MOC-Horizon-Zero-Dawn-Shell-Walker-3-60x60.jpg 60w, https:\/\/mouldking.store\/wp-content\/uploads\/2022\/11\/MOC-Horizon-Zero-Dawn-Shell-Walker-3-90x90.jpg 90w\" sizes=\"(max-width: 1000px) 100vw, 1000px\" \/><figcaption id=\"caption-attachment-36158\" class=\"wp-caption-text\">MOC-89544 Horizon Zero Dawn Shell Walker V\u1edbi 1735 mi\u1ebfng<\/figcaption><\/figure>\n<figure id=\"attachment_36159\" aria-describedby=\"caption-attachment-36159\" style=\"width: 1000px\" class=\"wp-caption aligncenter\"><img loading=\"lazy\" decoding=\"async\" class=\"wp-image-36159 size-full\" src=\"https:\/\/mouldking.store\/wp-content\/uploads\/2022\/11\/MOC-Horizon-Zero-Dawn-Shell-Walker-2.jpg\" alt=\"MOC-89544 Horizon Zero Dawn Shell Walker With 1735 Pieces\" width=\"1000\" height=\"1000\" title=\"-\" srcset=\"https:\/\/mouldking.store\/wp-content\/uploads\/2022\/11\/MOC-Horizon-Zero-Dawn-Shell-Walker-2.jpg 1000w, https:\/\/mouldking.store\/wp-content\/uploads\/2022\/11\/MOC-Horizon-Zero-Dawn-Shell-Walker-2-300x300.jpg 300w, https:\/\/mouldking.store\/wp-content\/uploads\/2022\/11\/MOC-Horizon-Zero-Dawn-Shell-Walker-2-768x768.jpg 768w, https:\/\/mouldking.store\/wp-content\/uploads\/2022\/11\/MOC-Horizon-Zero-Dawn-Shell-Walker-2-600x600.jpg 600w, https:\/\/mouldking.store\/wp-content\/uploads\/2022\/11\/MOC-Horizon-Zero-Dawn-Shell-Walker-2-150x150.jpg 150w, https:\/\/mouldking.store\/wp-content\/uploads\/2022\/11\/MOC-Horizon-Zero-Dawn-Shell-Walker-2-60x60.jpg 60w, https:\/\/mouldking.store\/wp-content\/uploads\/2022\/11\/MOC-Horizon-Zero-Dawn-Shell-Walker-2-90x90.jpg 90w\" sizes=\"(max-width: 1000px) 100vw, 1000px\" \/><figcaption id=\"caption-attachment-36159\" class=\"wp-caption-text\">MOC-89544 Horizon Zero Dawn Shell Walker V\u1edbi 1735 mi\u1ebfng<\/figcaption><\/figure>\n<figure id=\"attachment_36160\" aria-describedby=\"caption-attachment-36160\" style=\"width: 1000px\" class=\"wp-caption aligncenter\"><img loading=\"lazy\" decoding=\"async\" class=\"wp-image-36160 size-full\" src=\"https:\/\/mouldking.store\/wp-content\/uploads\/2022\/11\/MOC-Horizon-Zero-Dawn-Shell-Walker-1.jpg\" alt=\"MOC-89544 Horizon Zero Dawn Shell Walker With 1735 Pieces\" width=\"1000\" height=\"1000\" title=\"-\" srcset=\"https:\/\/mouldking.store\/wp-content\/uploads\/2022\/11\/MOC-Horizon-Zero-Dawn-Shell-Walker-1.jpg 1000w, https:\/\/mouldking.store\/wp-content\/uploads\/2022\/11\/MOC-Horizon-Zero-Dawn-Shell-Walker-1-300x300.jpg 300w, https:\/\/mouldking.store\/wp-content\/uploads\/2022\/11\/MOC-Horizon-Zero-Dawn-Shell-Walker-1-768x768.jpg 768w, https:\/\/mouldking.store\/wp-content\/uploads\/2022\/11\/MOC-Horizon-Zero-Dawn-Shell-Walker-1-600x600.jpg 600w, https:\/\/mouldking.store\/wp-content\/uploads\/2022\/11\/MOC-Horizon-Zero-Dawn-Shell-Walker-1-150x150.jpg 150w, https:\/\/mouldking.store\/wp-content\/uploads\/2022\/11\/MOC-Horizon-Zero-Dawn-Shell-Walker-1-60x60.jpg 60w, https:\/\/mouldking.store\/wp-content\/uploads\/2022\/11\/MOC-Horizon-Zero-Dawn-Shell-Walker-1-90x90.jpg 90w\" sizes=\"(max-width: 1000px) 100vw, 1000px\" \/><figcaption id=\"caption-attachment-36160\" class=\"wp-caption-text\">MOC-89544 Horizon Zero Dawn Shell Walker V\u1edbi 1735 mi\u1ebfng<\/figcaption><\/figure>","protected":false},"excerpt":{"rendered":"<p>Product information: Brand: MOC Gender: Unisex Name: Horizon Zero Dawn Shell Walker Age Range: &gt; 6 years old Model Number: 89544 Classification: Assemblage Plastic Block Shape: Self-Locking Bricks Material: Plastic Plastic Type: ABS Bricks Blocks:1735 PCS Size: 23.2 x 22.5 x 24.4 cm Weight:0.75 kg Contains detailed assembly instructions. Notice: 1. Without an original box, [&hellip;]<\/p>","protected":false},"featured_media":36150,"comment_status":"closed","ping_status":"closed","template":"","meta":{"_acf_changed":false},"product_cat":[371],"product_tag":[8168,8227,8225,8228,8224,8226,8169],"class_list":["product","first","instock","shipping-taxable","purchasable","product-type-simple"],"acf":[],"_links":{"self":[{"href":"https:\/\/mouldking.store\/vi\/wp-json\/wp\/v2\/product\/36149","targetHints":{"allow":["GET"]}}],"collection":[{"href":"https:\/\/mouldking.store\/vi\/wp-json\/wp\/v2\/product"}],"about":[{"href":"https:\/\/mouldking.store\/vi\/wp-json\/wp\/v2\/types\/product"}],"replies":[{"embeddable":true,"href":"https:\/\/mouldking.store\/vi\/wp-json\/wp\/v2\/comments?post=36149"}],"wp:featuredmedia":[{"embeddable":true,"href":"https:\/\/mouldking.store\/vi\/wp-json\/wp\/v2\/media\/36150"}],"wp:attachment":[{"href":"https:\/\/mouldking.store\/vi\/wp-json\/wp\/v2\/media?parent=36149"}],"wp:term":[{"taxonomy":"product_cat","embeddable":true,"href":"https:\/\/mouldking.store\/vi\/wp-json\/wp\/v2\/product_cat?post=36149"},{"taxonomy":"product_tag","embeddable":true,"href":"https:\/\/mouldking.store\/vi\/wp-json\/wp\/v2\/product_tag?post=36149"}],"curies":[{"name":"wp","href":"https:\/\/api.w.org\/{rel}","templated":true}]}}