{"id":36206,"date":"2022-11-25T11:54:11","date_gmt":"2022-11-25T04:54:11","guid":{"rendered":"https:\/\/mouldking.store\/?post_type=product&#038;p=36206"},"modified":"2022-11-25T11:54:11","modified_gmt":"2022-11-25T04:54:11","slug":"sembo-705990-114-subaru-wrx-sti-with-1824-pieces","status":"publish","type":"product","link":"https:\/\/mouldking.store\/vi\/shop\/sembo-705990-114-subaru-wrx-sti-with-1824-pieces\/","title":{"rendered":"SEMBO 705990 1:14 Subaru WRX STI V\u1edbi 1824 M\u1ea3nh gh\u00e9p"},"content":{"rendered":"<p>Th\u00f4ng tin s\u1ea3n ph\u1ea9m:<\/p>\n<ol>\n<li>Th\u01b0\u01a1ng hi\u1ec7u: SEMBO<\/li>\n<li>Gi\u1edbi t\u00ednh: Unisex<\/li>\n<li>T\u00ean: 1:14 Subaru WRX STI<\/li>\n<li>\u0110\u1ed9 tu\u1ed5i: &gt; 6 tu\u1ed5i<\/li>\n<li>S\u1ed1 m\u00f4 h\u00ecnh: 705990<\/li>\n<li>Ph\u00e2n lo\u1ea1i: T\u1eadp h\u1ee3p<\/li>\n<li>H\u00ecnh d\u1ea1ng kh\u1ed1i nh\u1ef1a: G\u1ea1ch t\u1ef1 kh\u00f3a<\/li>\n<li>Ch\u1ea5t li\u1ec7u: Nh\u1ef1a<\/li>\n<li>Lo\u1ea1i nh\u1ef1a: ABS<\/li>\n<li>Kh\u1ed1i g\u1ea1ch: 1824 C\u00c1I<\/li>\n<li>K\u00edch th\u01b0\u1edbc:48.5 x 33 x 11 cm<\/li>\n<li>Ch\u1ee9a h\u01b0\u1edbng d\u1eabn l\u1eafp r\u00e1p chi ti\u1ebft.<\/li>\n<\/ol>\n<p>\u0110\u1ec3 \u00fd:<br \/>\n1. Kh\u00f4ng c\u00f3 h\u1ed9p ban \u0111\u1ea7u, nh\u01b0ng ch\u00fang t\u00f4i \u0111\u1ea3m b\u1ea3o s\u1ea3n ph\u1ea9m c\u1ee7a ch\u00fang t\u00f4i c\u00f3 ch\u1ea5t l\u01b0\u1ee3ng \u0111\u1ea3m b\u1ea3o v\u00e0 bao b\u00ec \u0111\u1eb9p.<br \/>\n2. V\u00ec t\u1ea5t c\u1ea3 c\u00e1c b\u1ed9 ph\u1eadn ch\u00fang t\u00f4i \u0111\u00e3 ki\u1ec3m tra tr\u01b0\u1edbc khi v\u1eadn chuy\u1ec3n, v\u00ec v\u1eady n\u1ebfu b\u1ea1n th\u1ea5y m\u1ed9t s\u1ed1 b\u1ed9 ph\u1eadn b\u1ecb thi\u1ebfu ho\u1eb7c h\u01b0 h\u1ecfng, \u0111\u1eebng lo l\u1eafng v\u00e0 ch\u1ec9 c\u1ea7n vui l\u00f2ng li\u00ean h\u1ec7 v\u1edbi ch\u00fang t\u00f4i v\u00e0 ch\u00fang t\u00f4i c\u00f3 th\u1ec3 g\u1eedi l\u1ea1i mi\u1ec5n ph\u00ed cho b\u1ea1n ngay l\u1eadp t\u1ee9c.<\/p>\n<figure id=\"attachment_36207\" aria-describedby=\"caption-attachment-36207\" style=\"width: 800px\" class=\"wp-caption aligncenter\"><img fetchpriority=\"high\" decoding=\"async\" class=\"wp-image-36207 size-full\" src=\"https:\/\/mouldking.store\/wp-content\/uploads\/2022\/11\/SEMBO-705990-Subaru-WRX-STI-16.jpg\" alt=\"SEMBO 705990 1:14 Subaru WRX STI With 1824 Pieces\" width=\"800\" height=\"800\" title=\"-\" srcset=\"https:\/\/mouldking.store\/wp-content\/uploads\/2022\/11\/SEMBO-705990-Subaru-WRX-STI-16.jpg 800w, https:\/\/mouldking.store\/wp-content\/uploads\/2022\/11\/SEMBO-705990-Subaru-WRX-STI-16-300x300.jpg 300w, https:\/\/mouldking.store\/wp-content\/uploads\/2022\/11\/SEMBO-705990-Subaru-WRX-STI-16-768x768.jpg 768w, https:\/\/mouldking.store\/wp-content\/uploads\/2022\/11\/SEMBO-705990-Subaru-WRX-STI-16-600x600.jpg 600w, https:\/\/mouldking.store\/wp-content\/uploads\/2022\/11\/SEMBO-705990-Subaru-WRX-STI-16-150x150.jpg 150w, https:\/\/mouldking.store\/wp-content\/uploads\/2022\/11\/SEMBO-705990-Subaru-WRX-STI-16-60x60.jpg 60w, https:\/\/mouldking.store\/wp-content\/uploads\/2022\/11\/SEMBO-705990-Subaru-WRX-STI-16-90x90.jpg 90w\" sizes=\"(max-width: 800px) 100vw, 800px\" \/><figcaption id=\"caption-attachment-36207\" class=\"wp-caption-text\">SEMBO 705990 1:14 Subaru WRX STI V\u1edbi 1824 M\u1ea3nh gh\u00e9p<\/figcaption><\/figure>\n<figure id=\"attachment_36208\" aria-describedby=\"caption-attachment-36208\" style=\"width: 648px\" class=\"wp-caption aligncenter\"><img decoding=\"async\" class=\"wp-image-36208 size-full\" src=\"https:\/\/mouldking.store\/wp-content\/uploads\/2022\/11\/SEMBO-705990-Subaru-WRX-STI-15.jpg\" alt=\"SEMBO 705990 1:14 Subaru WRX STI With 1824 Pieces\" width=\"648\" height=\"1024\" title=\"-\" srcset=\"https:\/\/mouldking.store\/wp-content\/uploads\/2022\/11\/SEMBO-705990-Subaru-WRX-STI-15.jpg 648w, https:\/\/mouldking.store\/wp-content\/uploads\/2022\/11\/SEMBO-705990-Subaru-WRX-STI-15-190x300.jpg 190w, https:\/\/mouldking.store\/wp-content\/uploads\/2022\/11\/SEMBO-705990-Subaru-WRX-STI-15-300x474.jpg 300w, https:\/\/mouldking.store\/wp-content\/uploads\/2022\/11\/SEMBO-705990-Subaru-WRX-STI-15-600x948.jpg 600w, https:\/\/mouldking.store\/wp-content\/uploads\/2022\/11\/SEMBO-705990-Subaru-WRX-STI-15-95x150.jpg 95w, https:\/\/mouldking.store\/wp-content\/uploads\/2022\/11\/SEMBO-705990-Subaru-WRX-STI-15-38x60.jpg 38w, https:\/\/mouldking.store\/wp-content\/uploads\/2022\/11\/SEMBO-705990-Subaru-WRX-STI-15-57x90.jpg 57w\" sizes=\"(max-width: 648px) 100vw, 648px\" \/><figcaption id=\"caption-attachment-36208\" class=\"wp-caption-text\">SEMBO 705990 1:14 Subaru WRX STI V\u1edbi 1824 M\u1ea3nh gh\u00e9p<\/figcaption><\/figure>\n<figure id=\"attachment_36209\" aria-describedby=\"caption-attachment-36209\" style=\"width: 790px\" class=\"wp-caption aligncenter\"><img decoding=\"async\" class=\"wp-image-36209 size-full\" src=\"https:\/\/mouldking.store\/wp-content\/uploads\/2022\/11\/SEMBO-705990-Subaru-WRX-STI-14.jpg\" alt=\"SEMBO 705990 1:14 Subaru WRX STI With 1824 Pieces\" width=\"790\" height=\"853\" title=\"-\" srcset=\"https:\/\/mouldking.store\/wp-content\/uploads\/2022\/11\/SEMBO-705990-Subaru-WRX-STI-14.jpg 790w, https:\/\/mouldking.store\/wp-content\/uploads\/2022\/11\/SEMBO-705990-Subaru-WRX-STI-14-278x300.jpg 278w, https:\/\/mouldking.store\/wp-content\/uploads\/2022\/11\/SEMBO-705990-Subaru-WRX-STI-14-768x829.jpg 768w, https:\/\/mouldking.store\/wp-content\/uploads\/2022\/11\/SEMBO-705990-Subaru-WRX-STI-14-300x324.jpg 300w, https:\/\/mouldking.store\/wp-content\/uploads\/2022\/11\/SEMBO-705990-Subaru-WRX-STI-14-600x648.jpg 600w, https:\/\/mouldking.store\/wp-content\/uploads\/2022\/11\/SEMBO-705990-Subaru-WRX-STI-14-139x150.jpg 139w, https:\/\/mouldking.store\/wp-content\/uploads\/2022\/11\/SEMBO-705990-Subaru-WRX-STI-14-56x60.jpg 56w, https:\/\/mouldking.store\/wp-content\/uploads\/2022\/11\/SEMBO-705990-Subaru-WRX-STI-14-83x90.jpg 83w\" sizes=\"(max-width: 790px) 100vw, 790px\" \/><figcaption id=\"caption-attachment-36209\" class=\"wp-caption-text\">SEMBO 705990 1:14 Subaru WRX STI V\u1edbi 1824 M\u1ea3nh gh\u00e9p<\/figcaption><\/figure>\n<figure id=\"attachment_36210\" aria-describedby=\"caption-attachment-36210\" style=\"width: 715px\" class=\"wp-caption aligncenter\"><img loading=\"lazy\" decoding=\"async\" class=\"wp-image-36210 size-full\" src=\"https:\/\/mouldking.store\/wp-content\/uploads\/2022\/11\/SEMBO-705990-Subaru-WRX-STI-13.jpg\" alt=\"SEMBO 705990 1:14 Subaru WRX STI With 1824 Pieces\" width=\"715\" height=\"1024\" title=\"-\" srcset=\"https:\/\/mouldking.store\/wp-content\/uploads\/2022\/11\/SEMBO-705990-Subaru-WRX-STI-13.jpg 715w, https:\/\/mouldking.store\/wp-content\/uploads\/2022\/11\/SEMBO-705990-Subaru-WRX-STI-13-209x300.jpg 209w, https:\/\/mouldking.store\/wp-content\/uploads\/2022\/11\/SEMBO-705990-Subaru-WRX-STI-13-300x430.jpg 300w, https:\/\/mouldking.store\/wp-content\/uploads\/2022\/11\/SEMBO-705990-Subaru-WRX-STI-13-600x859.jpg 600w, https:\/\/mouldking.store\/wp-content\/uploads\/2022\/11\/SEMBO-705990-Subaru-WRX-STI-13-105x150.jpg 105w, https:\/\/mouldking.store\/wp-content\/uploads\/2022\/11\/SEMBO-705990-Subaru-WRX-STI-13-42x60.jpg 42w, https:\/\/mouldking.store\/wp-content\/uploads\/2022\/11\/SEMBO-705990-Subaru-WRX-STI-13-63x90.jpg 63w\" sizes=\"(max-width: 715px) 100vw, 715px\" \/><figcaption id=\"caption-attachment-36210\" class=\"wp-caption-text\">SEMBO 705990 1:14 Subaru WRX STI V\u1edbi 1824 M\u1ea3nh gh\u00e9p<\/figcaption><\/figure>\n<figure id=\"attachment_36211\" aria-describedby=\"caption-attachment-36211\" style=\"width: 790px\" class=\"wp-caption aligncenter\"><img loading=\"lazy\" decoding=\"async\" class=\"wp-image-36211 size-full\" src=\"https:\/\/mouldking.store\/wp-content\/uploads\/2022\/11\/SEMBO-705990-Subaru-WRX-STI-12.jpg\" alt=\"SEMBO 705990 1:14 Subaru WRX STI With 1824 Pieces\" width=\"790\" height=\"863\" title=\"-\" srcset=\"https:\/\/mouldking.store\/wp-content\/uploads\/2022\/11\/SEMBO-705990-Subaru-WRX-STI-12.jpg 790w, https:\/\/mouldking.store\/wp-content\/uploads\/2022\/11\/SEMBO-705990-Subaru-WRX-STI-12-275x300.jpg 275w, https:\/\/mouldking.store\/wp-content\/uploads\/2022\/11\/SEMBO-705990-Subaru-WRX-STI-12-768x839.jpg 768w, https:\/\/mouldking.store\/wp-content\/uploads\/2022\/11\/SEMBO-705990-Subaru-WRX-STI-12-300x328.jpg 300w, https:\/\/mouldking.store\/wp-content\/uploads\/2022\/11\/SEMBO-705990-Subaru-WRX-STI-12-600x655.jpg 600w, https:\/\/mouldking.store\/wp-content\/uploads\/2022\/11\/SEMBO-705990-Subaru-WRX-STI-12-137x150.jpg 137w, https:\/\/mouldking.store\/wp-content\/uploads\/2022\/11\/SEMBO-705990-Subaru-WRX-STI-12-55x60.jpg 55w, https:\/\/mouldking.store\/wp-content\/uploads\/2022\/11\/SEMBO-705990-Subaru-WRX-STI-12-82x90.jpg 82w\" sizes=\"(max-width: 790px) 100vw, 790px\" \/><figcaption id=\"caption-attachment-36211\" class=\"wp-caption-text\">SEMBO 705990 1:14 Subaru WRX STI V\u1edbi 1824 M\u1ea3nh gh\u00e9p<\/figcaption><\/figure>\n<figure id=\"attachment_36212\" aria-describedby=\"caption-attachment-36212\" style=\"width: 790px\" class=\"wp-caption aligncenter\"><img loading=\"lazy\" decoding=\"async\" class=\"wp-image-36212 size-full\" src=\"https:\/\/mouldking.store\/wp-content\/uploads\/2022\/11\/SEMBO-705990-Subaru-WRX-STI-11.jpg\" alt=\"SEMBO 705990 1:14 Subaru WRX STI With 1824 Pieces\" width=\"790\" height=\"857\" title=\"-\" srcset=\"https:\/\/mouldking.store\/wp-content\/uploads\/2022\/11\/SEMBO-705990-Subaru-WRX-STI-11.jpg 790w, https:\/\/mouldking.store\/wp-content\/uploads\/2022\/11\/SEMBO-705990-Subaru-WRX-STI-11-277x300.jpg 277w, https:\/\/mouldking.store\/wp-content\/uploads\/2022\/11\/SEMBO-705990-Subaru-WRX-STI-11-768x833.jpg 768w, https:\/\/mouldking.store\/wp-content\/uploads\/2022\/11\/SEMBO-705990-Subaru-WRX-STI-11-300x325.jpg 300w, https:\/\/mouldking.store\/wp-content\/uploads\/2022\/11\/SEMBO-705990-Subaru-WRX-STI-11-600x651.jpg 600w, https:\/\/mouldking.store\/wp-content\/uploads\/2022\/11\/SEMBO-705990-Subaru-WRX-STI-11-138x150.jpg 138w, https:\/\/mouldking.store\/wp-content\/uploads\/2022\/11\/SEMBO-705990-Subaru-WRX-STI-11-55x60.jpg 55w, https:\/\/mouldking.store\/wp-content\/uploads\/2022\/11\/SEMBO-705990-Subaru-WRX-STI-11-83x90.jpg 83w\" sizes=\"(max-width: 790px) 100vw, 790px\" \/><figcaption id=\"caption-attachment-36212\" class=\"wp-caption-text\">SEMBO 705990 1:14 Subaru WRX STI V\u1edbi 1824 M\u1ea3nh gh\u00e9p<\/figcaption><\/figure>\n<figure id=\"attachment_36213\" aria-describedby=\"caption-attachment-36213\" style=\"width: 790px\" class=\"wp-caption aligncenter\"><img loading=\"lazy\" decoding=\"async\" class=\"wp-image-36213 size-full\" src=\"https:\/\/mouldking.store\/wp-content\/uploads\/2022\/11\/SEMBO-705990-Subaru-WRX-STI-10.jpg\" alt=\"SEMBO 705990 1:14 Subaru WRX STI With 1824 Pieces\" width=\"790\" height=\"868\" title=\"-\" srcset=\"https:\/\/mouldking.store\/wp-content\/uploads\/2022\/11\/SEMBO-705990-Subaru-WRX-STI-10.jpg 790w, https:\/\/mouldking.store\/wp-content\/uploads\/2022\/11\/SEMBO-705990-Subaru-WRX-STI-10-273x300.jpg 273w, https:\/\/mouldking.store\/wp-content\/uploads\/2022\/11\/SEMBO-705990-Subaru-WRX-STI-10-768x844.jpg 768w, https:\/\/mouldking.store\/wp-content\/uploads\/2022\/11\/SEMBO-705990-Subaru-WRX-STI-10-300x330.jpg 300w, https:\/\/mouldking.store\/wp-content\/uploads\/2022\/11\/SEMBO-705990-Subaru-WRX-STI-10-600x659.jpg 600w, https:\/\/mouldking.store\/wp-content\/uploads\/2022\/11\/SEMBO-705990-Subaru-WRX-STI-10-137x150.jpg 137w, https:\/\/mouldking.store\/wp-content\/uploads\/2022\/11\/SEMBO-705990-Subaru-WRX-STI-10-55x60.jpg 55w, https:\/\/mouldking.store\/wp-content\/uploads\/2022\/11\/SEMBO-705990-Subaru-WRX-STI-10-82x90.jpg 82w\" sizes=\"(max-width: 790px) 100vw, 790px\" \/><figcaption id=\"caption-attachment-36213\" class=\"wp-caption-text\">SEMBO 705990 1:14 Subaru WRX STI V\u1edbi 1824 M\u1ea3nh gh\u00e9p<\/figcaption><\/figure>\n<figure id=\"attachment_36214\" aria-describedby=\"caption-attachment-36214\" style=\"width: 790px\" class=\"wp-caption aligncenter\"><img loading=\"lazy\" decoding=\"async\" class=\"wp-image-36214 size-full\" src=\"https:\/\/mouldking.store\/wp-content\/uploads\/2022\/11\/SEMBO-705990-Subaru-WRX-STI-9.jpg\" alt=\"SEMBO 705990 1:14 Subaru WRX STI With 1824 Pieces\" width=\"790\" height=\"867\" title=\"-\" srcset=\"https:\/\/mouldking.store\/wp-content\/uploads\/2022\/11\/SEMBO-705990-Subaru-WRX-STI-9.jpg 790w, https:\/\/mouldking.store\/wp-content\/uploads\/2022\/11\/SEMBO-705990-Subaru-WRX-STI-9-273x300.jpg 273w, https:\/\/mouldking.store\/wp-content\/uploads\/2022\/11\/SEMBO-705990-Subaru-WRX-STI-9-768x843.jpg 768w, https:\/\/mouldking.store\/wp-content\/uploads\/2022\/11\/SEMBO-705990-Subaru-WRX-STI-9-300x329.jpg 300w, https:\/\/mouldking.store\/wp-content\/uploads\/2022\/11\/SEMBO-705990-Subaru-WRX-STI-9-600x658.jpg 600w, https:\/\/mouldking.store\/wp-content\/uploads\/2022\/11\/SEMBO-705990-Subaru-WRX-STI-9-137x150.jpg 137w, https:\/\/mouldking.store\/wp-content\/uploads\/2022\/11\/SEMBO-705990-Subaru-WRX-STI-9-55x60.jpg 55w, https:\/\/mouldking.store\/wp-content\/uploads\/2022\/11\/SEMBO-705990-Subaru-WRX-STI-9-82x90.jpg 82w\" sizes=\"(max-width: 790px) 100vw, 790px\" \/><figcaption id=\"caption-attachment-36214\" class=\"wp-caption-text\">SEMBO 705990 1:14 Subaru WRX STI V\u1edbi 1824 M\u1ea3nh gh\u00e9p<\/figcaption><\/figure>\n<figure id=\"attachment_36215\" aria-describedby=\"caption-attachment-36215\" style=\"width: 790px\" class=\"wp-caption aligncenter\"><img loading=\"lazy\" decoding=\"async\" class=\"wp-image-36215 size-full\" src=\"https:\/\/mouldking.store\/wp-content\/uploads\/2022\/11\/SEMBO-705990-Subaru-WRX-STI-8.jpg\" alt=\"SEMBO 705990 1:14 Subaru WRX STI With 1824 Pieces\" width=\"790\" height=\"861\" title=\"-\" srcset=\"https:\/\/mouldking.store\/wp-content\/uploads\/2022\/11\/SEMBO-705990-Subaru-WRX-STI-8.jpg 790w, https:\/\/mouldking.store\/wp-content\/uploads\/2022\/11\/SEMBO-705990-Subaru-WRX-STI-8-275x300.jpg 275w, https:\/\/mouldking.store\/wp-content\/uploads\/2022\/11\/SEMBO-705990-Subaru-WRX-STI-8-768x837.jpg 768w, https:\/\/mouldking.store\/wp-content\/uploads\/2022\/11\/SEMBO-705990-Subaru-WRX-STI-8-300x327.jpg 300w, https:\/\/mouldking.store\/wp-content\/uploads\/2022\/11\/SEMBO-705990-Subaru-WRX-STI-8-600x654.jpg 600w, https:\/\/mouldking.store\/wp-content\/uploads\/2022\/11\/SEMBO-705990-Subaru-WRX-STI-8-138x150.jpg 138w, https:\/\/mouldking.store\/wp-content\/uploads\/2022\/11\/SEMBO-705990-Subaru-WRX-STI-8-55x60.jpg 55w, https:\/\/mouldking.store\/wp-content\/uploads\/2022\/11\/SEMBO-705990-Subaru-WRX-STI-8-83x90.jpg 83w\" sizes=\"(max-width: 790px) 100vw, 790px\" \/><figcaption id=\"caption-attachment-36215\" class=\"wp-caption-text\">SEMBO 705990 1:14 Subaru WRX STI V\u1edbi 1824 M\u1ea3nh gh\u00e9p<\/figcaption><\/figure>\n<figure id=\"attachment_36216\" aria-describedby=\"caption-attachment-36216\" style=\"width: 790px\" class=\"wp-caption aligncenter\"><img loading=\"lazy\" decoding=\"async\" class=\"wp-image-36216 size-full\" src=\"https:\/\/mouldking.store\/wp-content\/uploads\/2022\/11\/SEMBO-705990-Subaru-WRX-STI-7.jpg\" alt=\"SEMBO 705990 1:14 Subaru WRX STI With 1824 Pieces\" width=\"790\" height=\"868\" title=\"-\" srcset=\"https:\/\/mouldking.store\/wp-content\/uploads\/2022\/11\/SEMBO-705990-Subaru-WRX-STI-7.jpg 790w, https:\/\/mouldking.store\/wp-content\/uploads\/2022\/11\/SEMBO-705990-Subaru-WRX-STI-7-273x300.jpg 273w, https:\/\/mouldking.store\/wp-content\/uploads\/2022\/11\/SEMBO-705990-Subaru-WRX-STI-7-768x844.jpg 768w, https:\/\/mouldking.store\/wp-content\/uploads\/2022\/11\/SEMBO-705990-Subaru-WRX-STI-7-300x330.jpg 300w, https:\/\/mouldking.store\/wp-content\/uploads\/2022\/11\/SEMBO-705990-Subaru-WRX-STI-7-600x659.jpg 600w, https:\/\/mouldking.store\/wp-content\/uploads\/2022\/11\/SEMBO-705990-Subaru-WRX-STI-7-137x150.jpg 137w, https:\/\/mouldking.store\/wp-content\/uploads\/2022\/11\/SEMBO-705990-Subaru-WRX-STI-7-55x60.jpg 55w, https:\/\/mouldking.store\/wp-content\/uploads\/2022\/11\/SEMBO-705990-Subaru-WRX-STI-7-82x90.jpg 82w\" sizes=\"(max-width: 790px) 100vw, 790px\" \/><figcaption id=\"caption-attachment-36216\" class=\"wp-caption-text\">SEMBO 705990 1:14 Subaru WRX STI V\u1edbi 1824 M\u1ea3nh gh\u00e9p<\/figcaption><\/figure>\n<figure id=\"attachment_36217\" aria-describedby=\"caption-attachment-36217\" style=\"width: 790px\" class=\"wp-caption aligncenter\"><img loading=\"lazy\" decoding=\"async\" class=\"wp-image-36217 size-full\" src=\"https:\/\/mouldking.store\/wp-content\/uploads\/2022\/11\/SEMBO-705990-Subaru-WRX-STI-6.jpg\" alt=\"SEMBO 705990 1:14 Subaru WRX STI With 1824 Pieces\" width=\"790\" height=\"873\" title=\"-\" srcset=\"https:\/\/mouldking.store\/wp-content\/uploads\/2022\/11\/SEMBO-705990-Subaru-WRX-STI-6.jpg 790w, https:\/\/mouldking.store\/wp-content\/uploads\/2022\/11\/SEMBO-705990-Subaru-WRX-STI-6-271x300.jpg 271w, https:\/\/mouldking.store\/wp-content\/uploads\/2022\/11\/SEMBO-705990-Subaru-WRX-STI-6-768x849.jpg 768w, https:\/\/mouldking.store\/wp-content\/uploads\/2022\/11\/SEMBO-705990-Subaru-WRX-STI-6-300x332.jpg 300w, https:\/\/mouldking.store\/wp-content\/uploads\/2022\/11\/SEMBO-705990-Subaru-WRX-STI-6-600x663.jpg 600w, https:\/\/mouldking.store\/wp-content\/uploads\/2022\/11\/SEMBO-705990-Subaru-WRX-STI-6-136x150.jpg 136w, https:\/\/mouldking.store\/wp-content\/uploads\/2022\/11\/SEMBO-705990-Subaru-WRX-STI-6-54x60.jpg 54w, https:\/\/mouldking.store\/wp-content\/uploads\/2022\/11\/SEMBO-705990-Subaru-WRX-STI-6-81x90.jpg 81w\" sizes=\"(max-width: 790px) 100vw, 790px\" \/><figcaption id=\"caption-attachment-36217\" class=\"wp-caption-text\">SEMBO 705990 1:14 Subaru WRX STI V\u1edbi 1824 M\u1ea3nh gh\u00e9p<\/figcaption><\/figure>\n<figure id=\"attachment_36218\" aria-describedby=\"caption-attachment-36218\" style=\"width: 790px\" class=\"wp-caption alignnone\"><img loading=\"lazy\" decoding=\"async\" class=\"wp-image-36218 size-full\" src=\"https:\/\/mouldking.store\/wp-content\/uploads\/2022\/11\/SEMBO-705990-Subaru-WRX-STI-5.jpg\" alt=\"SEMBO 705990 1:14 Subaru WRX STI With 1824 Pieces\" width=\"790\" height=\"868\" title=\"-\" srcset=\"https:\/\/mouldking.store\/wp-content\/uploads\/2022\/11\/SEMBO-705990-Subaru-WRX-STI-5.jpg 790w, https:\/\/mouldking.store\/wp-content\/uploads\/2022\/11\/SEMBO-705990-Subaru-WRX-STI-5-273x300.jpg 273w, https:\/\/mouldking.store\/wp-content\/uploads\/2022\/11\/SEMBO-705990-Subaru-WRX-STI-5-768x844.jpg 768w, https:\/\/mouldking.store\/wp-content\/uploads\/2022\/11\/SEMBO-705990-Subaru-WRX-STI-5-300x330.jpg 300w, https:\/\/mouldking.store\/wp-content\/uploads\/2022\/11\/SEMBO-705990-Subaru-WRX-STI-5-600x659.jpg 600w, https:\/\/mouldking.store\/wp-content\/uploads\/2022\/11\/SEMBO-705990-Subaru-WRX-STI-5-137x150.jpg 137w, https:\/\/mouldking.store\/wp-content\/uploads\/2022\/11\/SEMBO-705990-Subaru-WRX-STI-5-55x60.jpg 55w, https:\/\/mouldking.store\/wp-content\/uploads\/2022\/11\/SEMBO-705990-Subaru-WRX-STI-5-82x90.jpg 82w\" sizes=\"(max-width: 790px) 100vw, 790px\" \/><figcaption id=\"caption-attachment-36218\" class=\"wp-caption-text\">SEMBO 705990 1:14 Subaru WRX STI V\u1edbi 1824 M\u1ea3nh gh\u00e9p<\/figcaption><\/figure>\n<figure id=\"attachment_36219\" aria-describedby=\"caption-attachment-36219\" style=\"width: 790px\" class=\"wp-caption aligncenter\"><img loading=\"lazy\" decoding=\"async\" class=\"wp-image-36219 size-full\" src=\"https:\/\/mouldking.store\/wp-content\/uploads\/2022\/11\/SEMBO-705990-Subaru-WRX-STI-4.jpg\" alt=\"SEMBO 705990 1:14 Subaru WRX STI With 1824 Pieces\" width=\"790\" height=\"866\" title=\"-\" srcset=\"https:\/\/mouldking.store\/wp-content\/uploads\/2022\/11\/SEMBO-705990-Subaru-WRX-STI-4.jpg 790w, https:\/\/mouldking.store\/wp-content\/uploads\/2022\/11\/SEMBO-705990-Subaru-WRX-STI-4-274x300.jpg 274w, https:\/\/mouldking.store\/wp-content\/uploads\/2022\/11\/SEMBO-705990-Subaru-WRX-STI-4-768x842.jpg 768w, https:\/\/mouldking.store\/wp-content\/uploads\/2022\/11\/SEMBO-705990-Subaru-WRX-STI-4-300x329.jpg 300w, https:\/\/mouldking.store\/wp-content\/uploads\/2022\/11\/SEMBO-705990-Subaru-WRX-STI-4-600x658.jpg 600w, https:\/\/mouldking.store\/wp-content\/uploads\/2022\/11\/SEMBO-705990-Subaru-WRX-STI-4-137x150.jpg 137w, https:\/\/mouldking.store\/wp-content\/uploads\/2022\/11\/SEMBO-705990-Subaru-WRX-STI-4-55x60.jpg 55w, https:\/\/mouldking.store\/wp-content\/uploads\/2022\/11\/SEMBO-705990-Subaru-WRX-STI-4-82x90.jpg 82w\" sizes=\"(max-width: 790px) 100vw, 790px\" \/><figcaption id=\"caption-attachment-36219\" class=\"wp-caption-text\">SEMBO 705990 1:14 Subaru WRX STI V\u1edbi 1824 M\u1ea3nh gh\u00e9p<\/figcaption><\/figure>\n<figure id=\"attachment_36220\" aria-describedby=\"caption-attachment-36220\" style=\"width: 790px\" class=\"wp-caption aligncenter\"><img loading=\"lazy\" decoding=\"async\" class=\"wp-image-36220 size-full\" src=\"https:\/\/mouldking.store\/wp-content\/uploads\/2022\/11\/SEMBO-705990-Subaru-WRX-STI-3.jpg\" alt=\"SEMBO 705990 1:14 Subaru WRX STI With 1824 Pieces\" width=\"790\" height=\"635\" title=\"-\" srcset=\"https:\/\/mouldking.store\/wp-content\/uploads\/2022\/11\/SEMBO-705990-Subaru-WRX-STI-3.jpg 790w, https:\/\/mouldking.store\/wp-content\/uploads\/2022\/11\/SEMBO-705990-Subaru-WRX-STI-3-300x241.jpg 300w, https:\/\/mouldking.store\/wp-content\/uploads\/2022\/11\/SEMBO-705990-Subaru-WRX-STI-3-768x617.jpg 768w, https:\/\/mouldking.store\/wp-content\/uploads\/2022\/11\/SEMBO-705990-Subaru-WRX-STI-3-600x482.jpg 600w, https:\/\/mouldking.store\/wp-content\/uploads\/2022\/11\/SEMBO-705990-Subaru-WRX-STI-3-150x121.jpg 150w, https:\/\/mouldking.store\/wp-content\/uploads\/2022\/11\/SEMBO-705990-Subaru-WRX-STI-3-75x60.jpg 75w, https:\/\/mouldking.store\/wp-content\/uploads\/2022\/11\/SEMBO-705990-Subaru-WRX-STI-3-112x90.jpg 112w\" sizes=\"(max-width: 790px) 100vw, 790px\" \/><figcaption id=\"caption-attachment-36220\" class=\"wp-caption-text\">SEMBO 705990 1:14 Subaru WRX STI V\u1edbi 1824 M\u1ea3nh gh\u00e9p<\/figcaption><\/figure>\n<figure id=\"attachment_36221\" aria-describedby=\"caption-attachment-36221\" style=\"width: 790px\" class=\"wp-caption aligncenter\"><img loading=\"lazy\" decoding=\"async\" class=\"wp-image-36221 size-full\" src=\"https:\/\/mouldking.store\/wp-content\/uploads\/2022\/11\/SEMBO-705990-Subaru-WRX-STI-2.jpg\" alt=\"SEMBO 705990 1:14 Subaru WRX STI With 1824 Pieces\" width=\"790\" height=\"1017\" title=\"-\" srcset=\"https:\/\/mouldking.store\/wp-content\/uploads\/2022\/11\/SEMBO-705990-Subaru-WRX-STI-2.jpg 790w, https:\/\/mouldking.store\/wp-content\/uploads\/2022\/11\/SEMBO-705990-Subaru-WRX-STI-2-233x300.jpg 233w, https:\/\/mouldking.store\/wp-content\/uploads\/2022\/11\/SEMBO-705990-Subaru-WRX-STI-2-768x989.jpg 768w, https:\/\/mouldking.store\/wp-content\/uploads\/2022\/11\/SEMBO-705990-Subaru-WRX-STI-2-300x386.jpg 300w, https:\/\/mouldking.store\/wp-content\/uploads\/2022\/11\/SEMBO-705990-Subaru-WRX-STI-2-600x772.jpg 600w, https:\/\/mouldking.store\/wp-content\/uploads\/2022\/11\/SEMBO-705990-Subaru-WRX-STI-2-117x150.jpg 117w, https:\/\/mouldking.store\/wp-content\/uploads\/2022\/11\/SEMBO-705990-Subaru-WRX-STI-2-47x60.jpg 47w, https:\/\/mouldking.store\/wp-content\/uploads\/2022\/11\/SEMBO-705990-Subaru-WRX-STI-2-70x90.jpg 70w\" sizes=\"(max-width: 790px) 100vw, 790px\" \/><figcaption id=\"caption-attachment-36221\" class=\"wp-caption-text\">SEMBO 705990 1:14 Subaru WRX STI V\u1edbi 1824 M\u1ea3nh gh\u00e9p<\/figcaption><\/figure>\n<figure id=\"attachment_36222\" aria-describedby=\"caption-attachment-36222\" style=\"width: 674px\" class=\"wp-caption aligncenter\"><img loading=\"lazy\" decoding=\"async\" class=\"wp-image-36222 size-full\" src=\"https:\/\/mouldking.store\/wp-content\/uploads\/2022\/11\/SEMBO-705990-Subaru-WRX-STI-1.jpg\" alt=\"SEMBO 705990 1:14 Subaru WRX STI With 1824 Pieces\" width=\"674\" height=\"1024\" title=\"-\" srcset=\"https:\/\/mouldking.store\/wp-content\/uploads\/2022\/11\/SEMBO-705990-Subaru-WRX-STI-1.jpg 674w, https:\/\/mouldking.store\/wp-content\/uploads\/2022\/11\/SEMBO-705990-Subaru-WRX-STI-1-197x300.jpg 197w, https:\/\/mouldking.store\/wp-content\/uploads\/2022\/11\/SEMBO-705990-Subaru-WRX-STI-1-300x456.jpg 300w, https:\/\/mouldking.store\/wp-content\/uploads\/2022\/11\/SEMBO-705990-Subaru-WRX-STI-1-600x912.jpg 600w, https:\/\/mouldking.store\/wp-content\/uploads\/2022\/11\/SEMBO-705990-Subaru-WRX-STI-1-99x150.jpg 99w, https:\/\/mouldking.store\/wp-content\/uploads\/2022\/11\/SEMBO-705990-Subaru-WRX-STI-1-39x60.jpg 39w, https:\/\/mouldking.store\/wp-content\/uploads\/2022\/11\/SEMBO-705990-Subaru-WRX-STI-1-59x90.jpg 59w\" sizes=\"(max-width: 674px) 100vw, 674px\" \/><figcaption id=\"caption-attachment-36222\" class=\"wp-caption-text\">SEMBO 705990 1:14 Subaru WRX STI V\u1edbi 1824 M\u1ea3nh gh\u00e9p<\/figcaption><\/figure>","protected":false},"excerpt":{"rendered":"<p>Product information: Brand: SEMBO Gender: Unisex Name: 1:14 Subaru WRX STI Age Range: &gt; 6 years old Model Number: 705990 Classification: Assemblage Plastic Block Shape: Self-Locking Bricks Material: Plastic Plastic Type: ABS Bricks Blocks:1824 \u00a0PCS Size:48.5 x 33 x 11 cm Contains detailed assembly instructions. Notice: 1. Without an original box, but we guarantee our [&hellip;]<\/p>","protected":false},"featured_media":36207,"comment_status":"closed","ping_status":"closed","template":"","meta":{"_acf_changed":false},"product_cat":[1360,1357],"product_tag":[8253,8248,1491,8251,8254,8247,8249,8252,8250],"class_list":["product","first","instock","shipping-taxable","purchasable","product-type-variable"],"acf":[],"_links":{"self":[{"href":"https:\/\/mouldking.store\/vi\/wp-json\/wp\/v2\/product\/36206","targetHints":{"allow":["GET"]}}],"collection":[{"href":"https:\/\/mouldking.store\/vi\/wp-json\/wp\/v2\/product"}],"about":[{"href":"https:\/\/mouldking.store\/vi\/wp-json\/wp\/v2\/types\/product"}],"replies":[{"embeddable":true,"href":"https:\/\/mouldking.store\/vi\/wp-json\/wp\/v2\/comments?post=36206"}],"wp:featuredmedia":[{"embeddable":true,"href":"https:\/\/mouldking.store\/vi\/wp-json\/wp\/v2\/media\/36207"}],"wp:attachment":[{"href":"https:\/\/mouldking.store\/vi\/wp-json\/wp\/v2\/media?parent=36206"}],"wp:term":[{"taxonomy":"product_cat","embeddable":true,"href":"https:\/\/mouldking.store\/vi\/wp-json\/wp\/v2\/product_cat?post=36206"},{"taxonomy":"product_tag","embeddable":true,"href":"https:\/\/mouldking.store\/vi\/wp-json\/wp\/v2\/product_tag?post=36206"}],"curies":[{"name":"wp","href":"https:\/\/api.w.org\/{rel}","templated":true}]}}