{"id":36237,"date":"2022-11-25T12:15:22","date_gmt":"2022-11-25T05:15:22","guid":{"rendered":"https:\/\/mouldking.store\/?post_type=product&#038;p=36237"},"modified":"2022-11-25T12:15:22","modified_gmt":"2022-11-25T05:15:22","slug":"lqs-6305-cyborg-space-cat-with-830-pieces","status":"publish","type":"product","link":"https:\/\/mouldking.store\/vi\/shop\/lqs-6305-cyborg-space-cat-with-830-pieces\/","title":{"rendered":"LQS 6305 Cyborg Space Cat V\u1edbi 830 mi\u1ebfng"},"content":{"rendered":"<p>Th\u00f4ng tin s\u1ea3n ph\u1ea9m:<\/p>\n<ol>\n<li>Brand: LQS<\/li>\n<li>Gi\u1edbi t\u00ednh: Unisex<\/li>\n<li>Name: Cyborg Space Cat<\/li>\n<li>\u0110\u1ed9 tu\u1ed5i: &gt; 6 tu\u1ed5i<\/li>\n<li>Model Number: 6305<\/li>\n<li>Ph\u00e2n lo\u1ea1i: T\u1eadp h\u1ee3p<\/li>\n<li>H\u00ecnh d\u1ea1ng kh\u1ed1i nh\u1ef1a: G\u1ea1ch t\u1ef1 kh\u00f3a<\/li>\n<li>Ch\u1ea5t li\u1ec7u: Nh\u1ef1a<\/li>\n<li>Lo\u1ea1i nh\u1ef1a: ABS<\/li>\n<li>Bricks Blocks:830 PCS<\/li>\n<li>Size: 22 \u00d7 17 \u00d7 18 cm<\/li>\n<li>Ch\u1ee9a h\u01b0\u1edbng d\u1eabn l\u1eafp r\u00e1p chi ti\u1ebft.<\/li>\n<\/ol>\n<p>\u0110\u1ec3 \u00fd:<br \/>\n1. Kh\u00f4ng c\u00f3 h\u1ed9p ban \u0111\u1ea7u, nh\u01b0ng ch\u00fang t\u00f4i \u0111\u1ea3m b\u1ea3o s\u1ea3n ph\u1ea9m c\u1ee7a ch\u00fang t\u00f4i c\u00f3 ch\u1ea5t l\u01b0\u1ee3ng \u0111\u1ea3m b\u1ea3o v\u00e0 bao b\u00ec \u0111\u1eb9p.<br \/>\n2. V\u00ec t\u1ea5t c\u1ea3 c\u00e1c b\u1ed9 ph\u1eadn ch\u00fang t\u00f4i \u0111\u00e3 ki\u1ec3m tra tr\u01b0\u1edbc khi v\u1eadn chuy\u1ec3n, v\u00ec v\u1eady n\u1ebfu b\u1ea1n th\u1ea5y m\u1ed9t s\u1ed1 b\u1ed9 ph\u1eadn b\u1ecb thi\u1ebfu ho\u1eb7c h\u01b0 h\u1ecfng, \u0111\u1eebng lo l\u1eafng v\u00e0 ch\u1ec9 c\u1ea7n vui l\u00f2ng li\u00ean h\u1ec7 v\u1edbi ch\u00fang t\u00f4i v\u00e0 ch\u00fang t\u00f4i c\u00f3 th\u1ec3 g\u1eedi l\u1ea1i mi\u1ec5n ph\u00ed cho b\u1ea1n ngay l\u1eadp t\u1ee9c.<\/p>\n<figure id=\"attachment_36238\" aria-describedby=\"caption-attachment-36238\" style=\"width: 800px\" class=\"wp-caption aligncenter\"><img fetchpriority=\"high\" decoding=\"async\" class=\"wp-image-36238 size-full\" src=\"https:\/\/mouldking.store\/wp-content\/uploads\/2022\/11\/LQS-6305-Cyborg-Hello-Kitty-13.jpg\" alt=\"LQS 6305 Cyborg Space Cat With 830 Pieces\" width=\"800\" height=\"800\" title=\"-\" srcset=\"https:\/\/mouldking.store\/wp-content\/uploads\/2022\/11\/LQS-6305-Cyborg-Hello-Kitty-13.jpg 800w, https:\/\/mouldking.store\/wp-content\/uploads\/2022\/11\/LQS-6305-Cyborg-Hello-Kitty-13-300x300.jpg 300w, https:\/\/mouldking.store\/wp-content\/uploads\/2022\/11\/LQS-6305-Cyborg-Hello-Kitty-13-768x768.jpg 768w, https:\/\/mouldking.store\/wp-content\/uploads\/2022\/11\/LQS-6305-Cyborg-Hello-Kitty-13-600x600.jpg 600w, https:\/\/mouldking.store\/wp-content\/uploads\/2022\/11\/LQS-6305-Cyborg-Hello-Kitty-13-150x150.jpg 150w, https:\/\/mouldking.store\/wp-content\/uploads\/2022\/11\/LQS-6305-Cyborg-Hello-Kitty-13-60x60.jpg 60w, https:\/\/mouldking.store\/wp-content\/uploads\/2022\/11\/LQS-6305-Cyborg-Hello-Kitty-13-90x90.jpg 90w\" sizes=\"(max-width: 800px) 100vw, 800px\" \/><figcaption id=\"caption-attachment-36238\" class=\"wp-caption-text\">LQS 6305 Cyborg Space Cat V\u1edbi 830 mi\u1ebfng<\/figcaption><\/figure>\n<figure id=\"attachment_36239\" aria-describedby=\"caption-attachment-36239\" style=\"width: 750px\" class=\"wp-caption aligncenter\"><img decoding=\"async\" class=\"wp-image-36239 size-full\" src=\"https:\/\/mouldking.store\/wp-content\/uploads\/2022\/11\/LQS-6305-Cyborg-Hello-Kitty-12.jpg\" alt=\"LQS 6305 Cyborg Space Cat With 830 Pieces\" width=\"750\" height=\"1000\" title=\"-\" srcset=\"https:\/\/mouldking.store\/wp-content\/uploads\/2022\/11\/LQS-6305-Cyborg-Hello-Kitty-12.jpg 750w, https:\/\/mouldking.store\/wp-content\/uploads\/2022\/11\/LQS-6305-Cyborg-Hello-Kitty-12-225x300.jpg 225w, https:\/\/mouldking.store\/wp-content\/uploads\/2022\/11\/LQS-6305-Cyborg-Hello-Kitty-12-300x400.jpg 300w, https:\/\/mouldking.store\/wp-content\/uploads\/2022\/11\/LQS-6305-Cyborg-Hello-Kitty-12-600x800.jpg 600w, https:\/\/mouldking.store\/wp-content\/uploads\/2022\/11\/LQS-6305-Cyborg-Hello-Kitty-12-113x150.jpg 113w, https:\/\/mouldking.store\/wp-content\/uploads\/2022\/11\/LQS-6305-Cyborg-Hello-Kitty-12-45x60.jpg 45w, https:\/\/mouldking.store\/wp-content\/uploads\/2022\/11\/LQS-6305-Cyborg-Hello-Kitty-12-68x90.jpg 68w\" sizes=\"(max-width: 750px) 100vw, 750px\" \/><figcaption id=\"caption-attachment-36239\" class=\"wp-caption-text\">LQS 6305 Cyborg Space Cat V\u1edbi 830 mi\u1ebfng<\/figcaption><\/figure>\n<figure id=\"attachment_36240\" aria-describedby=\"caption-attachment-36240\" style=\"width: 750px\" class=\"wp-caption aligncenter\"><img decoding=\"async\" class=\"wp-image-36240 size-full\" src=\"https:\/\/mouldking.store\/wp-content\/uploads\/2022\/11\/LQS-6305-Cyborg-Hello-Kitty-11.jpg\" alt=\"LQS 6305 Cyborg Space Cat With 830 Pieces\" width=\"750\" height=\"1000\" title=\"-\" srcset=\"https:\/\/mouldking.store\/wp-content\/uploads\/2022\/11\/LQS-6305-Cyborg-Hello-Kitty-11.jpg 750w, https:\/\/mouldking.store\/wp-content\/uploads\/2022\/11\/LQS-6305-Cyborg-Hello-Kitty-11-225x300.jpg 225w, https:\/\/mouldking.store\/wp-content\/uploads\/2022\/11\/LQS-6305-Cyborg-Hello-Kitty-11-300x400.jpg 300w, https:\/\/mouldking.store\/wp-content\/uploads\/2022\/11\/LQS-6305-Cyborg-Hello-Kitty-11-600x800.jpg 600w, https:\/\/mouldking.store\/wp-content\/uploads\/2022\/11\/LQS-6305-Cyborg-Hello-Kitty-11-113x150.jpg 113w, https:\/\/mouldking.store\/wp-content\/uploads\/2022\/11\/LQS-6305-Cyborg-Hello-Kitty-11-45x60.jpg 45w, https:\/\/mouldking.store\/wp-content\/uploads\/2022\/11\/LQS-6305-Cyborg-Hello-Kitty-11-68x90.jpg 68w\" sizes=\"(max-width: 750px) 100vw, 750px\" \/><figcaption id=\"caption-attachment-36240\" class=\"wp-caption-text\">LQS 6305 Cyborg Space Cat V\u1edbi 830 mi\u1ebfng<\/figcaption><\/figure>\n<figure id=\"attachment_36241\" aria-describedby=\"caption-attachment-36241\" style=\"width: 750px\" class=\"wp-caption aligncenter\"><img loading=\"lazy\" decoding=\"async\" class=\"wp-image-36241 size-full\" src=\"https:\/\/mouldking.store\/wp-content\/uploads\/2022\/11\/LQS-6305-Cyborg-Hello-Kitty-10.jpg\" alt=\"LQS 6305 Cyborg Space Cat With 830 Pieces\" width=\"750\" height=\"1000\" title=\"-\" srcset=\"https:\/\/mouldking.store\/wp-content\/uploads\/2022\/11\/LQS-6305-Cyborg-Hello-Kitty-10.jpg 750w, https:\/\/mouldking.store\/wp-content\/uploads\/2022\/11\/LQS-6305-Cyborg-Hello-Kitty-10-225x300.jpg 225w, https:\/\/mouldking.store\/wp-content\/uploads\/2022\/11\/LQS-6305-Cyborg-Hello-Kitty-10-300x400.jpg 300w, https:\/\/mouldking.store\/wp-content\/uploads\/2022\/11\/LQS-6305-Cyborg-Hello-Kitty-10-600x800.jpg 600w, https:\/\/mouldking.store\/wp-content\/uploads\/2022\/11\/LQS-6305-Cyborg-Hello-Kitty-10-113x150.jpg 113w, https:\/\/mouldking.store\/wp-content\/uploads\/2022\/11\/LQS-6305-Cyborg-Hello-Kitty-10-45x60.jpg 45w, https:\/\/mouldking.store\/wp-content\/uploads\/2022\/11\/LQS-6305-Cyborg-Hello-Kitty-10-68x90.jpg 68w\" sizes=\"(max-width: 750px) 100vw, 750px\" \/><figcaption id=\"caption-attachment-36241\" class=\"wp-caption-text\">LQS 6305 Cyborg Space Cat V\u1edbi 830 mi\u1ebfng<\/figcaption><\/figure>\n<figure id=\"attachment_36242\" aria-describedby=\"caption-attachment-36242\" style=\"width: 750px\" class=\"wp-caption aligncenter\"><img loading=\"lazy\" decoding=\"async\" class=\"wp-image-36242 size-full\" src=\"https:\/\/mouldking.store\/wp-content\/uploads\/2022\/11\/LQS-6305-Cyborg-Hello-Kitty-9.jpg\" alt=\"LQS 6305 Cyborg Space Cat With 830 Pieces\" width=\"750\" height=\"1000\" title=\"-\" srcset=\"https:\/\/mouldking.store\/wp-content\/uploads\/2022\/11\/LQS-6305-Cyborg-Hello-Kitty-9.jpg 750w, https:\/\/mouldking.store\/wp-content\/uploads\/2022\/11\/LQS-6305-Cyborg-Hello-Kitty-9-225x300.jpg 225w, https:\/\/mouldking.store\/wp-content\/uploads\/2022\/11\/LQS-6305-Cyborg-Hello-Kitty-9-300x400.jpg 300w, https:\/\/mouldking.store\/wp-content\/uploads\/2022\/11\/LQS-6305-Cyborg-Hello-Kitty-9-600x800.jpg 600w, https:\/\/mouldking.store\/wp-content\/uploads\/2022\/11\/LQS-6305-Cyborg-Hello-Kitty-9-113x150.jpg 113w, https:\/\/mouldking.store\/wp-content\/uploads\/2022\/11\/LQS-6305-Cyborg-Hello-Kitty-9-45x60.jpg 45w, https:\/\/mouldking.store\/wp-content\/uploads\/2022\/11\/LQS-6305-Cyborg-Hello-Kitty-9-68x90.jpg 68w\" sizes=\"(max-width: 750px) 100vw, 750px\" \/><figcaption id=\"caption-attachment-36242\" class=\"wp-caption-text\">LQS 6305 Cyborg Space Cat V\u1edbi 830 mi\u1ebfng<\/figcaption><\/figure>\n<figure id=\"attachment_36243\" aria-describedby=\"caption-attachment-36243\" style=\"width: 767px\" class=\"wp-caption aligncenter\"><img loading=\"lazy\" decoding=\"async\" class=\"wp-image-36243 size-full\" src=\"https:\/\/mouldking.store\/wp-content\/uploads\/2022\/11\/LQS-6305-Cyborg-Hello-Kitty-8.jpg\" alt=\"LQS 6305 Cyborg Space Cat With 830 Pieces\" width=\"767\" height=\"1024\" title=\"-\" srcset=\"https:\/\/mouldking.store\/wp-content\/uploads\/2022\/11\/LQS-6305-Cyborg-Hello-Kitty-8.jpg 767w, https:\/\/mouldking.store\/wp-content\/uploads\/2022\/11\/LQS-6305-Cyborg-Hello-Kitty-8-225x300.jpg 225w, https:\/\/mouldking.store\/wp-content\/uploads\/2022\/11\/LQS-6305-Cyborg-Hello-Kitty-8-300x401.jpg 300w, https:\/\/mouldking.store\/wp-content\/uploads\/2022\/11\/LQS-6305-Cyborg-Hello-Kitty-8-600x801.jpg 600w, https:\/\/mouldking.store\/wp-content\/uploads\/2022\/11\/LQS-6305-Cyborg-Hello-Kitty-8-112x150.jpg 112w, https:\/\/mouldking.store\/wp-content\/uploads\/2022\/11\/LQS-6305-Cyborg-Hello-Kitty-8-45x60.jpg 45w, https:\/\/mouldking.store\/wp-content\/uploads\/2022\/11\/LQS-6305-Cyborg-Hello-Kitty-8-67x90.jpg 67w\" sizes=\"(max-width: 767px) 100vw, 767px\" \/><figcaption id=\"caption-attachment-36243\" class=\"wp-caption-text\">LQS 6305 Cyborg Space Cat V\u1edbi 830 mi\u1ebfng<\/figcaption><\/figure>\n<figure id=\"attachment_36244\" aria-describedby=\"caption-attachment-36244\" style=\"width: 794px\" class=\"wp-caption aligncenter\"><img loading=\"lazy\" decoding=\"async\" class=\"wp-image-36244 size-full\" src=\"https:\/\/mouldking.store\/wp-content\/uploads\/2022\/11\/LQS-6305-Cyborg-Hello-Kitty-7.jpg\" alt=\"LQS 6305 Cyborg Space Cat With 830 Pieces\" width=\"794\" height=\"1024\" title=\"-\" srcset=\"https:\/\/mouldking.store\/wp-content\/uploads\/2022\/11\/LQS-6305-Cyborg-Hello-Kitty-7.jpg 794w, https:\/\/mouldking.store\/wp-content\/uploads\/2022\/11\/LQS-6305-Cyborg-Hello-Kitty-7-233x300.jpg 233w, https:\/\/mouldking.store\/wp-content\/uploads\/2022\/11\/LQS-6305-Cyborg-Hello-Kitty-7-768x990.jpg 768w, https:\/\/mouldking.store\/wp-content\/uploads\/2022\/11\/LQS-6305-Cyborg-Hello-Kitty-7-300x387.jpg 300w, https:\/\/mouldking.store\/wp-content\/uploads\/2022\/11\/LQS-6305-Cyborg-Hello-Kitty-7-600x774.jpg 600w, https:\/\/mouldking.store\/wp-content\/uploads\/2022\/11\/LQS-6305-Cyborg-Hello-Kitty-7-116x150.jpg 116w, https:\/\/mouldking.store\/wp-content\/uploads\/2022\/11\/LQS-6305-Cyborg-Hello-Kitty-7-47x60.jpg 47w, https:\/\/mouldking.store\/wp-content\/uploads\/2022\/11\/LQS-6305-Cyborg-Hello-Kitty-7-70x90.jpg 70w\" sizes=\"(max-width: 794px) 100vw, 794px\" \/><figcaption id=\"caption-attachment-36244\" class=\"wp-caption-text\">LQS 6305 Cyborg Space Cat V\u1edbi 830 mi\u1ebfng<\/figcaption><\/figure>\n<figure id=\"attachment_36245\" aria-describedby=\"caption-attachment-36245\" style=\"width: 991px\" class=\"wp-caption aligncenter\"><img loading=\"lazy\" decoding=\"async\" class=\"wp-image-36245 size-full\" src=\"https:\/\/mouldking.store\/wp-content\/uploads\/2022\/11\/LQS-6305-Cyborg-Hello-Kitty-6.jpg\" alt=\"LQS 6305 Cyborg Space Cat With 830 Pieces\" width=\"991\" height=\"1024\" title=\"-\" srcset=\"https:\/\/mouldking.store\/wp-content\/uploads\/2022\/11\/LQS-6305-Cyborg-Hello-Kitty-6.jpg 991w, https:\/\/mouldking.store\/wp-content\/uploads\/2022\/11\/LQS-6305-Cyborg-Hello-Kitty-6-290x300.jpg 290w, https:\/\/mouldking.store\/wp-content\/uploads\/2022\/11\/LQS-6305-Cyborg-Hello-Kitty-6-768x794.jpg 768w, https:\/\/mouldking.store\/wp-content\/uploads\/2022\/11\/LQS-6305-Cyborg-Hello-Kitty-6-300x310.jpg 300w, https:\/\/mouldking.store\/wp-content\/uploads\/2022\/11\/LQS-6305-Cyborg-Hello-Kitty-6-600x620.jpg 600w, https:\/\/mouldking.store\/wp-content\/uploads\/2022\/11\/LQS-6305-Cyborg-Hello-Kitty-6-145x150.jpg 145w, https:\/\/mouldking.store\/wp-content\/uploads\/2022\/11\/LQS-6305-Cyborg-Hello-Kitty-6-58x60.jpg 58w, https:\/\/mouldking.store\/wp-content\/uploads\/2022\/11\/LQS-6305-Cyborg-Hello-Kitty-6-87x90.jpg 87w\" sizes=\"(max-width: 991px) 100vw, 991px\" \/><figcaption id=\"caption-attachment-36245\" class=\"wp-caption-text\">LQS 6305 Cyborg Space Cat V\u1edbi 830 mi\u1ebfng<\/figcaption><\/figure>\n<figure id=\"attachment_36246\" aria-describedby=\"caption-attachment-36246\" style=\"width: 733px\" class=\"wp-caption aligncenter\"><img loading=\"lazy\" decoding=\"async\" class=\"wp-image-36246 size-full\" src=\"https:\/\/mouldking.store\/wp-content\/uploads\/2022\/11\/LQS-6305-Cyborg-Hello-Kitty-5.jpg\" alt=\"LQS 6305 Cyborg Space Cat With 830 Pieces\" width=\"733\" height=\"1024\" title=\"-\" srcset=\"https:\/\/mouldking.store\/wp-content\/uploads\/2022\/11\/LQS-6305-Cyborg-Hello-Kitty-5.jpg 733w, https:\/\/mouldking.store\/wp-content\/uploads\/2022\/11\/LQS-6305-Cyborg-Hello-Kitty-5-215x300.jpg 215w, https:\/\/mouldking.store\/wp-content\/uploads\/2022\/11\/LQS-6305-Cyborg-Hello-Kitty-5-300x419.jpg 300w, https:\/\/mouldking.store\/wp-content\/uploads\/2022\/11\/LQS-6305-Cyborg-Hello-Kitty-5-600x838.jpg 600w, https:\/\/mouldking.store\/wp-content\/uploads\/2022\/11\/LQS-6305-Cyborg-Hello-Kitty-5-107x150.jpg 107w, https:\/\/mouldking.store\/wp-content\/uploads\/2022\/11\/LQS-6305-Cyborg-Hello-Kitty-5-43x60.jpg 43w, https:\/\/mouldking.store\/wp-content\/uploads\/2022\/11\/LQS-6305-Cyborg-Hello-Kitty-5-64x90.jpg 64w\" sizes=\"(max-width: 733px) 100vw, 733px\" \/><figcaption id=\"caption-attachment-36246\" class=\"wp-caption-text\">LQS 6305 Cyborg Space Cat V\u1edbi 830 mi\u1ebfng<\/figcaption><\/figure>\n<figure id=\"attachment_36247\" aria-describedby=\"caption-attachment-36247\" style=\"width: 785px\" class=\"wp-caption aligncenter\"><img loading=\"lazy\" decoding=\"async\" class=\"wp-image-36247 size-full\" src=\"https:\/\/mouldking.store\/wp-content\/uploads\/2022\/11\/LQS-6305-Cyborg-Hello-Kitty-4.jpg\" alt=\"LQS 6305 Cyborg Space Cat With 830 Pieces\" width=\"785\" height=\"1024\" title=\"-\" srcset=\"https:\/\/mouldking.store\/wp-content\/uploads\/2022\/11\/LQS-6305-Cyborg-Hello-Kitty-4.jpg 785w, https:\/\/mouldking.store\/wp-content\/uploads\/2022\/11\/LQS-6305-Cyborg-Hello-Kitty-4-230x300.jpg 230w, https:\/\/mouldking.store\/wp-content\/uploads\/2022\/11\/LQS-6305-Cyborg-Hello-Kitty-4-768x1002.jpg 768w, https:\/\/mouldking.store\/wp-content\/uploads\/2022\/11\/LQS-6305-Cyborg-Hello-Kitty-4-300x391.jpg 300w, https:\/\/mouldking.store\/wp-content\/uploads\/2022\/11\/LQS-6305-Cyborg-Hello-Kitty-4-600x783.jpg 600w, https:\/\/mouldking.store\/wp-content\/uploads\/2022\/11\/LQS-6305-Cyborg-Hello-Kitty-4-115x150.jpg 115w, https:\/\/mouldking.store\/wp-content\/uploads\/2022\/11\/LQS-6305-Cyborg-Hello-Kitty-4-46x60.jpg 46w, https:\/\/mouldking.store\/wp-content\/uploads\/2022\/11\/LQS-6305-Cyborg-Hello-Kitty-4-69x90.jpg 69w\" sizes=\"(max-width: 785px) 100vw, 785px\" \/><figcaption id=\"caption-attachment-36247\" class=\"wp-caption-text\">LQS 6305 Cyborg Space Cat V\u1edbi 830 mi\u1ebfng<\/figcaption><\/figure>\n<figure id=\"attachment_36248\" aria-describedby=\"caption-attachment-36248\" style=\"width: 995px\" class=\"wp-caption aligncenter\"><img loading=\"lazy\" decoding=\"async\" class=\"wp-image-36248 size-full\" src=\"https:\/\/mouldking.store\/wp-content\/uploads\/2022\/11\/LQS-6305-Cyborg-Hello-Kitty-3.jpg\" alt=\"LQS 6305 Cyborg Space Cat With 830 Pieces\" width=\"995\" height=\"1024\" title=\"-\" srcset=\"https:\/\/mouldking.store\/wp-content\/uploads\/2022\/11\/LQS-6305-Cyborg-Hello-Kitty-3.jpg 995w, https:\/\/mouldking.store\/wp-content\/uploads\/2022\/11\/LQS-6305-Cyborg-Hello-Kitty-3-292x300.jpg 292w, https:\/\/mouldking.store\/wp-content\/uploads\/2022\/11\/LQS-6305-Cyborg-Hello-Kitty-3-768x790.jpg 768w, https:\/\/mouldking.store\/wp-content\/uploads\/2022\/11\/LQS-6305-Cyborg-Hello-Kitty-3-300x309.jpg 300w, https:\/\/mouldking.store\/wp-content\/uploads\/2022\/11\/LQS-6305-Cyborg-Hello-Kitty-3-600x617.jpg 600w, https:\/\/mouldking.store\/wp-content\/uploads\/2022\/11\/LQS-6305-Cyborg-Hello-Kitty-3-146x150.jpg 146w, https:\/\/mouldking.store\/wp-content\/uploads\/2022\/11\/LQS-6305-Cyborg-Hello-Kitty-3-58x60.jpg 58w, https:\/\/mouldking.store\/wp-content\/uploads\/2022\/11\/LQS-6305-Cyborg-Hello-Kitty-3-87x90.jpg 87w\" sizes=\"(max-width: 995px) 100vw, 995px\" \/><figcaption id=\"caption-attachment-36248\" class=\"wp-caption-text\">LQS 6305 Cyborg Space Cat V\u1edbi 830 mi\u1ebfng<\/figcaption><\/figure>\n<figure id=\"attachment_36249\" aria-describedby=\"caption-attachment-36249\" style=\"width: 1024px\" class=\"wp-caption aligncenter\"><img loading=\"lazy\" decoding=\"async\" class=\"wp-image-36249 size-full\" src=\"https:\/\/mouldking.store\/wp-content\/uploads\/2022\/11\/LQS-6305-Cyborg-Hello-Kitty-2.jpg\" alt=\"LQS 6305 Cyborg Space Cat With 830 Pieces\" width=\"1024\" height=\"671\" title=\"-\" srcset=\"https:\/\/mouldking.store\/wp-content\/uploads\/2022\/11\/LQS-6305-Cyborg-Hello-Kitty-2.jpg 1024w, https:\/\/mouldking.store\/wp-content\/uploads\/2022\/11\/LQS-6305-Cyborg-Hello-Kitty-2-300x197.jpg 300w, https:\/\/mouldking.store\/wp-content\/uploads\/2022\/11\/LQS-6305-Cyborg-Hello-Kitty-2-768x503.jpg 768w, https:\/\/mouldking.store\/wp-content\/uploads\/2022\/11\/LQS-6305-Cyborg-Hello-Kitty-2-600x393.jpg 600w, https:\/\/mouldking.store\/wp-content\/uploads\/2022\/11\/LQS-6305-Cyborg-Hello-Kitty-2-150x98.jpg 150w, https:\/\/mouldking.store\/wp-content\/uploads\/2022\/11\/LQS-6305-Cyborg-Hello-Kitty-2-92x60.jpg 92w, https:\/\/mouldking.store\/wp-content\/uploads\/2022\/11\/LQS-6305-Cyborg-Hello-Kitty-2-137x90.jpg 137w\" sizes=\"(max-width: 1024px) 100vw, 1024px\" \/><figcaption id=\"caption-attachment-36249\" class=\"wp-caption-text\">LQS 6305 Cyborg Space Cat V\u1edbi 830 mi\u1ebfng<\/figcaption><\/figure>\n<figure id=\"attachment_36250\" aria-describedby=\"caption-attachment-36250\" style=\"width: 948px\" class=\"wp-caption aligncenter\"><img loading=\"lazy\" decoding=\"async\" class=\"wp-image-36250 size-full\" src=\"https:\/\/mouldking.store\/wp-content\/uploads\/2022\/11\/LQS-6305-Cyborg-Hello-Kitty-1.jpg\" alt=\"LQS 6305 Cyborg Space Cat With 830 Pieces\" width=\"948\" height=\"948\" title=\"-\" srcset=\"https:\/\/mouldking.store\/wp-content\/uploads\/2022\/11\/LQS-6305-Cyborg-Hello-Kitty-1.jpg 948w, https:\/\/mouldking.store\/wp-content\/uploads\/2022\/11\/LQS-6305-Cyborg-Hello-Kitty-1-300x300.jpg 300w, https:\/\/mouldking.store\/wp-content\/uploads\/2022\/11\/LQS-6305-Cyborg-Hello-Kitty-1-768x768.jpg 768w, https:\/\/mouldking.store\/wp-content\/uploads\/2022\/11\/LQS-6305-Cyborg-Hello-Kitty-1-600x600.jpg 600w, https:\/\/mouldking.store\/wp-content\/uploads\/2022\/11\/LQS-6305-Cyborg-Hello-Kitty-1-150x150.jpg 150w, https:\/\/mouldking.store\/wp-content\/uploads\/2022\/11\/LQS-6305-Cyborg-Hello-Kitty-1-60x60.jpg 60w, https:\/\/mouldking.store\/wp-content\/uploads\/2022\/11\/LQS-6305-Cyborg-Hello-Kitty-1-90x90.jpg 90w\" sizes=\"(max-width: 948px) 100vw, 948px\" \/><figcaption id=\"caption-attachment-36250\" class=\"wp-caption-text\">LQS 6305 Cyborg Space Cat V\u1edbi 830 mi\u1ebfng<\/figcaption><\/figure>","protected":false},"excerpt":{"rendered":"<p>Product information: Brand: LQS Gender: Unisex Name: Cyborg Space Cat Age Range: &gt; 6 years old Model Number: 6305 Classification: Assemblage Plastic Block Shape: Self-Locking Bricks Material: Plastic Plastic Type: ABS Bricks Blocks:830 PCS Size: 22 \u00d7 17 \u00d7 18 cm Contains detailed assembly instructions. Notice: 1. Without an original box, but we guarantee our [&hellip;]<\/p>","protected":false},"featured_media":36238,"comment_status":"closed","ping_status":"closed","template":"","meta":{"_acf_changed":false},"product_cat":[1365],"product_tag":[8261,8263,8262,8264,8260,8266,8267,8259,2276,8265],"class_list":["product","first","instock","shipping-taxable","purchasable","product-type-simple"],"acf":[],"_links":{"self":[{"href":"https:\/\/mouldking.store\/vi\/wp-json\/wp\/v2\/product\/36237","targetHints":{"allow":["GET"]}}],"collection":[{"href":"https:\/\/mouldking.store\/vi\/wp-json\/wp\/v2\/product"}],"about":[{"href":"https:\/\/mouldking.store\/vi\/wp-json\/wp\/v2\/types\/product"}],"replies":[{"embeddable":true,"href":"https:\/\/mouldking.store\/vi\/wp-json\/wp\/v2\/comments?post=36237"}],"wp:featuredmedia":[{"embeddable":true,"href":"https:\/\/mouldking.store\/vi\/wp-json\/wp\/v2\/media\/36238"}],"wp:attachment":[{"href":"https:\/\/mouldking.store\/vi\/wp-json\/wp\/v2\/media?parent=36237"}],"wp:term":[{"taxonomy":"product_cat","embeddable":true,"href":"https:\/\/mouldking.store\/vi\/wp-json\/wp\/v2\/product_cat?post=36237"},{"taxonomy":"product_tag","embeddable":true,"href":"https:\/\/mouldking.store\/vi\/wp-json\/wp\/v2\/product_tag?post=36237"}],"curies":[{"name":"wp","href":"https:\/\/api.w.org\/{rel}","templated":true}]}}