{"id":36251,"date":"2022-11-25T12:25:31","date_gmt":"2022-11-25T05:25:31","guid":{"rendered":"https:\/\/mouldking.store\/?post_type=product&#038;p=36251"},"modified":"2025-12-25T09:12:20","modified_gmt":"2025-12-25T02:12:20","slug":"moc-118883-mini-saguaro-cactus-carnegiea-gigantea-with-740-pieces","status":"publish","type":"product","link":"https:\/\/mouldking.store\/vi\/shop\/moc-118883-mini-saguaro-cactus-carnegiea-gigantea-with-740-pieces\/","title":{"rendered":"MOC-118883 C\u00e2y x\u01b0\u01a1ng r\u1ed3ng nh\u1ecf Saguaro (Carnegiea Gigantea) V\u1edbi 740 mi\u1ebfng"},"content":{"rendered":"<p>Th\u00f4ng tin s\u1ea3n ph\u1ea9m:<\/p>\n<ol>\n<li>Th\u01b0\u01a1ng hi\u1ec7u: M\u1ed8C<\/li>\n<li>Gi\u1edbi t\u00ednh: Unisex<\/li>\n<li>\u00a0Name: Saguaro Cactus (Carnegiea Gigantea)<\/li>\n<li>\u0110\u1ed9 tu\u1ed5i: &gt; 6 tu\u1ed5i<\/li>\n<li>Model Number: 118883<\/li>\n<li>Ph\u00e2n lo\u1ea1i: T\u1eadp h\u1ee3p<\/li>\n<li>H\u00ecnh d\u1ea1ng kh\u1ed1i nh\u1ef1a: G\u1ea1ch t\u1ef1 kh\u00f3a<\/li>\n<li>Ch\u1ea5t li\u1ec7u: Nh\u1ef1a<\/li>\n<li>Lo\u1ea1i nh\u1ef1a: ABS<\/li>\n<li>Bricks Blocks:740 PCS<\/li>\n<li>Size: 10 x 10 x 26 cm<\/li>\n<li>C\u00e2n n\u1eb7ng: 0,31kg<\/li>\n<li>Ch\u1ee9a h\u01b0\u1edbng d\u1eabn l\u1eafp r\u00e1p chi ti\u1ebft.<\/li>\n<\/ol>\n<p>\u0110\u1ec3 \u00fd:<br \/>\n1. Kh\u00f4ng c\u00f3 h\u1ed9p ban \u0111\u1ea7u, nh\u01b0ng ch\u00fang t\u00f4i \u0111\u1ea3m b\u1ea3o s\u1ea3n ph\u1ea9m c\u1ee7a ch\u00fang t\u00f4i c\u00f3 ch\u1ea5t l\u01b0\u1ee3ng \u0111\u1ea3m b\u1ea3o v\u00e0 bao b\u00ec \u0111\u1eb9p.<br \/>\n2. V\u00ec t\u1ea5t c\u1ea3 c\u00e1c b\u1ed9 ph\u1eadn ch\u00fang t\u00f4i \u0111\u00e3 ki\u1ec3m tra tr\u01b0\u1edbc khi v\u1eadn chuy\u1ec3n, v\u00ec v\u1eady n\u1ebfu b\u1ea1n th\u1ea5y m\u1ed9t s\u1ed1 b\u1ed9 ph\u1eadn b\u1ecb thi\u1ebfu ho\u1eb7c h\u01b0 h\u1ecfng, \u0111\u1eebng lo l\u1eafng v\u00e0 ch\u1ec9 c\u1ea7n vui l\u00f2ng li\u00ean h\u1ec7 v\u1edbi ch\u00fang t\u00f4i v\u00e0 ch\u00fang t\u00f4i c\u00f3 th\u1ec3 g\u1eedi l\u1ea1i mi\u1ec5n ph\u00ed cho b\u1ea1n ngay l\u1eadp t\u1ee9c.<\/p>\n<figure id=\"attachment_36252\" aria-describedby=\"caption-attachment-36252\" style=\"width: 1024px\" class=\"wp-caption aligncenter\"><img fetchpriority=\"high\" decoding=\"async\" class=\"wp-image-36252 size-large\" src=\"https:\/\/mouldking.store\/wp-content\/uploads\/2022\/11\/MOC-118883-Creator-Mini-Saguaro-Cactus-Carnegiea-Gigantea-MOC-FACTORY-1024x1024.png\" alt=\"MOC-118883 Mini Saguaro Cactus (Carnegiea Gigantea) With 740 Pieces\" width=\"1024\" height=\"1024\" title=\"-\" srcset=\"https:\/\/mouldking.store\/wp-content\/uploads\/2022\/11\/MOC-118883-Creator-Mini-Saguaro-Cactus-Carnegiea-Gigantea-MOC-FACTORY-1024x1024.png 1024w, https:\/\/mouldking.store\/wp-content\/uploads\/2022\/11\/MOC-118883-Creator-Mini-Saguaro-Cactus-Carnegiea-Gigantea-MOC-FACTORY-300x300.png 300w, https:\/\/mouldking.store\/wp-content\/uploads\/2022\/11\/MOC-118883-Creator-Mini-Saguaro-Cactus-Carnegiea-Gigantea-MOC-FACTORY-768x768.png 768w, https:\/\/mouldking.store\/wp-content\/uploads\/2022\/11\/MOC-118883-Creator-Mini-Saguaro-Cactus-Carnegiea-Gigantea-MOC-FACTORY-600x600.png 600w, https:\/\/mouldking.store\/wp-content\/uploads\/2022\/11\/MOC-118883-Creator-Mini-Saguaro-Cactus-Carnegiea-Gigantea-MOC-FACTORY-150x150.png 150w, https:\/\/mouldking.store\/wp-content\/uploads\/2022\/11\/MOC-118883-Creator-Mini-Saguaro-Cactus-Carnegiea-Gigantea-MOC-FACTORY-60x60.png 60w, https:\/\/mouldking.store\/wp-content\/uploads\/2022\/11\/MOC-118883-Creator-Mini-Saguaro-Cactus-Carnegiea-Gigantea-MOC-FACTORY-90x90.png 90w, https:\/\/mouldking.store\/wp-content\/uploads\/2022\/11\/MOC-118883-Creator-Mini-Saguaro-Cactus-Carnegiea-Gigantea-MOC-FACTORY.png 1095w\" sizes=\"(max-width: 1024px) 100vw, 1024px\" \/><figcaption id=\"caption-attachment-36252\" class=\"wp-caption-text\">MOC-118883 C\u00e2y x\u01b0\u01a1ng r\u1ed3ng nh\u1ecf Saguaro (Carnegiea Gigantea) V\u1edbi 740 mi\u1ebfng<\/figcaption><\/figure>\n<figure id=\"attachment_36253\" aria-describedby=\"caption-attachment-36253\" style=\"width: 1000px\" class=\"wp-caption aligncenter\"><img decoding=\"async\" class=\"wp-image-36253 size-full\" src=\"https:\/\/mouldking.store\/wp-content\/uploads\/2022\/11\/MOC-118883-Mini-Saguaro-Cactus-4.jpg\" alt=\"MOC-118883 Mini Saguaro Cactus (Carnegiea Gigantea) With 740 Pieces\" width=\"1000\" height=\"1000\" title=\"-\" srcset=\"https:\/\/mouldking.store\/wp-content\/uploads\/2022\/11\/MOC-118883-Mini-Saguaro-Cactus-4.jpg 1000w, https:\/\/mouldking.store\/wp-content\/uploads\/2022\/11\/MOC-118883-Mini-Saguaro-Cactus-4-300x300.jpg 300w, https:\/\/mouldking.store\/wp-content\/uploads\/2022\/11\/MOC-118883-Mini-Saguaro-Cactus-4-768x768.jpg 768w, https:\/\/mouldking.store\/wp-content\/uploads\/2022\/11\/MOC-118883-Mini-Saguaro-Cactus-4-600x600.jpg 600w, https:\/\/mouldking.store\/wp-content\/uploads\/2022\/11\/MOC-118883-Mini-Saguaro-Cactus-4-150x150.jpg 150w, https:\/\/mouldking.store\/wp-content\/uploads\/2022\/11\/MOC-118883-Mini-Saguaro-Cactus-4-60x60.jpg 60w, https:\/\/mouldking.store\/wp-content\/uploads\/2022\/11\/MOC-118883-Mini-Saguaro-Cactus-4-90x90.jpg 90w\" sizes=\"(max-width: 1000px) 100vw, 1000px\" \/><figcaption id=\"caption-attachment-36253\" class=\"wp-caption-text\">MOC-118883 C\u00e2y x\u01b0\u01a1ng r\u1ed3ng nh\u1ecf Saguaro (Carnegiea Gigantea) V\u1edbi 740 mi\u1ebfng<\/figcaption><\/figure>\n<figure id=\"attachment_36254\" aria-describedby=\"caption-attachment-36254\" style=\"width: 1000px\" class=\"wp-caption aligncenter\"><img decoding=\"async\" class=\"wp-image-36254 size-full\" src=\"https:\/\/mouldking.store\/wp-content\/uploads\/2022\/11\/MOC-118883-Mini-Saguaro-Cactus-3.jpg\" alt=\"MOC-118883 Mini Saguaro Cactus (Carnegiea Gigantea) With 740 Pieces\" width=\"1000\" height=\"1000\" title=\"-\" srcset=\"https:\/\/mouldking.store\/wp-content\/uploads\/2022\/11\/MOC-118883-Mini-Saguaro-Cactus-3.jpg 1000w, https:\/\/mouldking.store\/wp-content\/uploads\/2022\/11\/MOC-118883-Mini-Saguaro-Cactus-3-300x300.jpg 300w, https:\/\/mouldking.store\/wp-content\/uploads\/2022\/11\/MOC-118883-Mini-Saguaro-Cactus-3-768x768.jpg 768w, https:\/\/mouldking.store\/wp-content\/uploads\/2022\/11\/MOC-118883-Mini-Saguaro-Cactus-3-600x600.jpg 600w, https:\/\/mouldking.store\/wp-content\/uploads\/2022\/11\/MOC-118883-Mini-Saguaro-Cactus-3-150x150.jpg 150w, https:\/\/mouldking.store\/wp-content\/uploads\/2022\/11\/MOC-118883-Mini-Saguaro-Cactus-3-60x60.jpg 60w, https:\/\/mouldking.store\/wp-content\/uploads\/2022\/11\/MOC-118883-Mini-Saguaro-Cactus-3-90x90.jpg 90w\" sizes=\"(max-width: 1000px) 100vw, 1000px\" \/><figcaption id=\"caption-attachment-36254\" class=\"wp-caption-text\">MOC-118883 C\u00e2y x\u01b0\u01a1ng r\u1ed3ng nh\u1ecf Saguaro (Carnegiea Gigantea) V\u1edbi 740 mi\u1ebfng<\/figcaption><\/figure>\n<figure id=\"attachment_36255\" aria-describedby=\"caption-attachment-36255\" style=\"width: 1000px\" class=\"wp-caption aligncenter\"><img loading=\"lazy\" decoding=\"async\" class=\"wp-image-36255 size-full\" src=\"https:\/\/mouldking.store\/wp-content\/uploads\/2022\/11\/MOC-118883-Mini-Saguaro-Cactus-2.jpg\" alt=\"MOC-118883 Mini Saguaro Cactus (Carnegiea Gigantea) With 740 Pieces\" width=\"1000\" height=\"1000\" title=\"-\" srcset=\"https:\/\/mouldking.store\/wp-content\/uploads\/2022\/11\/MOC-118883-Mini-Saguaro-Cactus-2.jpg 1000w, https:\/\/mouldking.store\/wp-content\/uploads\/2022\/11\/MOC-118883-Mini-Saguaro-Cactus-2-300x300.jpg 300w, https:\/\/mouldking.store\/wp-content\/uploads\/2022\/11\/MOC-118883-Mini-Saguaro-Cactus-2-768x768.jpg 768w, https:\/\/mouldking.store\/wp-content\/uploads\/2022\/11\/MOC-118883-Mini-Saguaro-Cactus-2-600x600.jpg 600w, https:\/\/mouldking.store\/wp-content\/uploads\/2022\/11\/MOC-118883-Mini-Saguaro-Cactus-2-150x150.jpg 150w, https:\/\/mouldking.store\/wp-content\/uploads\/2022\/11\/MOC-118883-Mini-Saguaro-Cactus-2-60x60.jpg 60w, https:\/\/mouldking.store\/wp-content\/uploads\/2022\/11\/MOC-118883-Mini-Saguaro-Cactus-2-90x90.jpg 90w\" sizes=\"(max-width: 1000px) 100vw, 1000px\" \/><figcaption id=\"caption-attachment-36255\" class=\"wp-caption-text\">MOC-118883 C\u00e2y x\u01b0\u01a1ng r\u1ed3ng nh\u1ecf Saguaro (Carnegiea Gigantea) V\u1edbi 740 mi\u1ebfng<\/figcaption><\/figure>\n<figure id=\"attachment_36256\" aria-describedby=\"caption-attachment-36256\" style=\"width: 903px\" class=\"wp-caption aligncenter\"><img loading=\"lazy\" decoding=\"async\" class=\"wp-image-36256 size-full\" src=\"https:\/\/mouldking.store\/wp-content\/uploads\/2022\/11\/MOC-118883-Mini-Saguaro-Cactus-1.jpg\" alt=\"MOC-118883 Mini Saguaro Cactus (Carnegiea Gigantea) With 740 Pieces\" width=\"903\" height=\"1200\" title=\"-\" srcset=\"https:\/\/mouldking.store\/wp-content\/uploads\/2022\/11\/MOC-118883-Mini-Saguaro-Cactus-1.jpg 903w, https:\/\/mouldking.store\/wp-content\/uploads\/2022\/11\/MOC-118883-Mini-Saguaro-Cactus-1-226x300.jpg 226w, https:\/\/mouldking.store\/wp-content\/uploads\/2022\/11\/MOC-118883-Mini-Saguaro-Cactus-1-771x1024.jpg 771w, https:\/\/mouldking.store\/wp-content\/uploads\/2022\/11\/MOC-118883-Mini-Saguaro-Cactus-1-768x1021.jpg 768w, https:\/\/mouldking.store\/wp-content\/uploads\/2022\/11\/MOC-118883-Mini-Saguaro-Cactus-1-300x399.jpg 300w, https:\/\/mouldking.store\/wp-content\/uploads\/2022\/11\/MOC-118883-Mini-Saguaro-Cactus-1-600x797.jpg 600w, https:\/\/mouldking.store\/wp-content\/uploads\/2022\/11\/MOC-118883-Mini-Saguaro-Cactus-1-113x150.jpg 113w, https:\/\/mouldking.store\/wp-content\/uploads\/2022\/11\/MOC-118883-Mini-Saguaro-Cactus-1-45x60.jpg 45w, https:\/\/mouldking.store\/wp-content\/uploads\/2022\/11\/MOC-118883-Mini-Saguaro-Cactus-1-68x90.jpg 68w\" sizes=\"(max-width: 903px) 100vw, 903px\" \/><figcaption id=\"caption-attachment-36256\" class=\"wp-caption-text\">MOC-118883 C\u00e2y x\u01b0\u01a1ng r\u1ed3ng nh\u1ecf Saguaro (Carnegiea Gigantea) V\u1edbi 740 mi\u1ebfng<\/figcaption><\/figure>","protected":false},"excerpt":{"rendered":"<p>Product information: Brand: MOC Gender: Unisex \u00a0Name: Saguaro Cactus (Carnegiea Gigantea) Age Range: &gt; 6 years old Model Number: 118883 Classification: Assemblage Plastic Block Shape: Self-Locking Bricks Material: Plastic Plastic Type: ABS Bricks Blocks:740 PCS Size: 10 x 10 x 26 cm Weight: 0.31 kg Contains detailed assembly instructions. Notice: 1. Without an original box, [&hellip;]<\/p>","protected":false},"featured_media":36252,"comment_status":"closed","ping_status":"closed","template":"","meta":{"_acf_changed":false},"product_cat":[1365],"product_tag":[8271,8272,8275,8273,8276,8277,8269,8278,8268,8270,8274],"class_list":["product","first","instock","shipping-taxable","purchasable","product-type-simple"],"acf":[],"_links":{"self":[{"href":"https:\/\/mouldking.store\/vi\/wp-json\/wp\/v2\/product\/36251","targetHints":{"allow":["GET"]}}],"collection":[{"href":"https:\/\/mouldking.store\/vi\/wp-json\/wp\/v2\/product"}],"about":[{"href":"https:\/\/mouldking.store\/vi\/wp-json\/wp\/v2\/types\/product"}],"replies":[{"embeddable":true,"href":"https:\/\/mouldking.store\/vi\/wp-json\/wp\/v2\/comments?post=36251"}],"wp:featuredmedia":[{"embeddable":true,"href":"https:\/\/mouldking.store\/vi\/wp-json\/wp\/v2\/media\/36252"}],"wp:attachment":[{"href":"https:\/\/mouldking.store\/vi\/wp-json\/wp\/v2\/media?parent=36251"}],"wp:term":[{"taxonomy":"product_cat","embeddable":true,"href":"https:\/\/mouldking.store\/vi\/wp-json\/wp\/v2\/product_cat?post=36251"},{"taxonomy":"product_tag","embeddable":true,"href":"https:\/\/mouldking.store\/vi\/wp-json\/wp\/v2\/product_tag?post=36251"}],"curies":[{"name":"wp","href":"https:\/\/api.w.org\/{rel}","templated":true}]}}