{"id":36271,"date":"2022-11-25T14:29:49","date_gmt":"2022-11-25T07:29:49","guid":{"rendered":"https:\/\/mouldking.store\/?post_type=product&#038;p=36271"},"modified":"2025-12-25T09:12:19","modified_gmt":"2025-12-25T02:12:19","slug":"moc-124447-andrews-church-with-3056-pieces","status":"publish","type":"product","link":"https:\/\/mouldking.store\/vi\/shop\/moc-124447-andrews-church-with-3056-pieces\/","title":{"rendered":"MOC-124447 Nh\u00e0 th\u1edd Andrew v\u1edbi 3056 m\u1ea3nh gh\u00e9p"},"content":{"rendered":"<p>Th\u00f4ng tin s\u1ea3n ph\u1ea9m:<\/p>\n<ol>\n<li>Th\u01b0\u01a1ng hi\u1ec7u: M\u1ed8C<\/li>\n<li>Gi\u1edbi t\u00ednh: Unisex<\/li>\n<li>T\u00ean: Nh\u00e0 th\u1edd Andrew<\/li>\n<li>\u0110\u1ed9 tu\u1ed5i: &gt; 6 tu\u1ed5i<\/li>\n<li>S\u1ed1 m\u00f4 h\u00ecnh: 124447<\/li>\n<li>Ph\u00e2n lo\u1ea1i: T\u1eadp h\u1ee3p<\/li>\n<li>H\u00ecnh d\u1ea1ng kh\u1ed1i nh\u1ef1a: G\u1ea1ch t\u1ef1 kh\u00f3a<\/li>\n<li>Ch\u1ea5t li\u1ec7u: Nh\u1ef1a<\/li>\n<li>Lo\u1ea1i nh\u1ef1a: ABS<\/li>\n<li>Kh\u1ed1i g\u1ea1ch: 3056 C\u00c1I<\/li>\n<li>K\u00edch th\u01b0\u1edbc: 25,6 x 25,6 x 40 cm<\/li>\n<li>C\u00e2n n\u1eb7ng: 2,31kg<\/li>\n<li>Ch\u1ee9a h\u01b0\u1edbng d\u1eabn l\u1eafp r\u00e1p chi ti\u1ebft.<\/li>\n<\/ol>\n<p>\u0110\u1ec3 \u00fd:<br \/>\n1. Kh\u00f4ng c\u00f3 h\u1ed9p ban \u0111\u1ea7u, nh\u01b0ng ch\u00fang t\u00f4i \u0111\u1ea3m b\u1ea3o s\u1ea3n ph\u1ea9m c\u1ee7a ch\u00fang t\u00f4i c\u00f3 ch\u1ea5t l\u01b0\u1ee3ng \u0111\u1ea3m b\u1ea3o v\u00e0 bao b\u00ec \u0111\u1eb9p.<br \/>\n2. V\u00ec t\u1ea5t c\u1ea3 c\u00e1c b\u1ed9 ph\u1eadn ch\u00fang t\u00f4i \u0111\u00e3 ki\u1ec3m tra tr\u01b0\u1edbc khi v\u1eadn chuy\u1ec3n, v\u00ec v\u1eady n\u1ebfu b\u1ea1n th\u1ea5y m\u1ed9t s\u1ed1 b\u1ed9 ph\u1eadn b\u1ecb thi\u1ebfu ho\u1eb7c h\u01b0 h\u1ecfng, \u0111\u1eebng lo l\u1eafng v\u00e0 ch\u1ec9 c\u1ea7n vui l\u00f2ng li\u00ean h\u1ec7 v\u1edbi ch\u00fang t\u00f4i v\u00e0 ch\u00fang t\u00f4i c\u00f3 th\u1ec3 g\u1eedi l\u1ea1i mi\u1ec5n ph\u00ed cho b\u1ea1n ngay l\u1eadp t\u1ee9c.<\/p>\n<figure id=\"attachment_36272\" aria-describedby=\"caption-attachment-36272\" style=\"width: 1024px\" class=\"wp-caption aligncenter\"><img fetchpriority=\"high\" decoding=\"async\" class=\"wp-image-36272 size-large\" src=\"https:\/\/mouldking.store\/wp-content\/uploads\/2022\/11\/MOC-124447-Modular-Building-Andrews-Church-MOC-FACTORY-1024x1024.png\" alt=\"MOC-124447 Andrew\u2019s Church With 3056 Pieces\" width=\"1024\" height=\"1024\" title=\"-\" srcset=\"https:\/\/mouldking.store\/wp-content\/uploads\/2022\/11\/MOC-124447-Modular-Building-Andrews-Church-MOC-FACTORY-1024x1024.png 1024w, https:\/\/mouldking.store\/wp-content\/uploads\/2022\/11\/MOC-124447-Modular-Building-Andrews-Church-MOC-FACTORY-300x300.png 300w, https:\/\/mouldking.store\/wp-content\/uploads\/2022\/11\/MOC-124447-Modular-Building-Andrews-Church-MOC-FACTORY-768x768.png 768w, https:\/\/mouldking.store\/wp-content\/uploads\/2022\/11\/MOC-124447-Modular-Building-Andrews-Church-MOC-FACTORY-600x600.png 600w, https:\/\/mouldking.store\/wp-content\/uploads\/2022\/11\/MOC-124447-Modular-Building-Andrews-Church-MOC-FACTORY-150x150.png 150w, https:\/\/mouldking.store\/wp-content\/uploads\/2022\/11\/MOC-124447-Modular-Building-Andrews-Church-MOC-FACTORY-60x60.png 60w, https:\/\/mouldking.store\/wp-content\/uploads\/2022\/11\/MOC-124447-Modular-Building-Andrews-Church-MOC-FACTORY-90x90.png 90w, https:\/\/mouldking.store\/wp-content\/uploads\/2022\/11\/MOC-124447-Modular-Building-Andrews-Church-MOC-FACTORY.png 1095w\" sizes=\"(max-width: 1024px) 100vw, 1024px\" \/><figcaption id=\"caption-attachment-36272\" class=\"wp-caption-text\">MOC-124447 Nh\u00e0 th\u1edd Andrew v\u1edbi 3056 m\u1ea3nh gh\u00e9p<\/figcaption><\/figure>\n<figure id=\"attachment_36273\" aria-describedby=\"caption-attachment-36273\" style=\"width: 1000px\" class=\"wp-caption aligncenter\"><img decoding=\"async\" class=\"wp-image-36273 size-full\" src=\"https:\/\/mouldking.store\/wp-content\/uploads\/2022\/11\/MOC-124447-Andrews-Church-7.jpg\" alt=\"MOC-124447 Andrew\u2019s Church With 3056 Pieces\" width=\"1000\" height=\"1000\" title=\"-\" srcset=\"https:\/\/mouldking.store\/wp-content\/uploads\/2022\/11\/MOC-124447-Andrews-Church-7.jpg 1000w, https:\/\/mouldking.store\/wp-content\/uploads\/2022\/11\/MOC-124447-Andrews-Church-7-300x300.jpg 300w, https:\/\/mouldking.store\/wp-content\/uploads\/2022\/11\/MOC-124447-Andrews-Church-7-768x768.jpg 768w, https:\/\/mouldking.store\/wp-content\/uploads\/2022\/11\/MOC-124447-Andrews-Church-7-600x600.jpg 600w, https:\/\/mouldking.store\/wp-content\/uploads\/2022\/11\/MOC-124447-Andrews-Church-7-150x150.jpg 150w, https:\/\/mouldking.store\/wp-content\/uploads\/2022\/11\/MOC-124447-Andrews-Church-7-60x60.jpg 60w, https:\/\/mouldking.store\/wp-content\/uploads\/2022\/11\/MOC-124447-Andrews-Church-7-90x90.jpg 90w\" sizes=\"(max-width: 1000px) 100vw, 1000px\" \/><figcaption id=\"caption-attachment-36273\" class=\"wp-caption-text\">MOC-124447 Nh\u00e0 th\u1edd Andrew v\u1edbi 3056 m\u1ea3nh gh\u00e9p<\/figcaption><\/figure>\n<figure id=\"attachment_36274\" aria-describedby=\"caption-attachment-36274\" style=\"width: 1000px\" class=\"wp-caption aligncenter\"><img decoding=\"async\" class=\"wp-image-36274 size-full\" src=\"https:\/\/mouldking.store\/wp-content\/uploads\/2022\/11\/MOC-124447-Andrews-Church-6.jpg\" alt=\"MOC-124447 Andrew\u2019s Church With 3056 Pieces\" width=\"1000\" height=\"1000\" title=\"-\" srcset=\"https:\/\/mouldking.store\/wp-content\/uploads\/2022\/11\/MOC-124447-Andrews-Church-6.jpg 1000w, https:\/\/mouldking.store\/wp-content\/uploads\/2022\/11\/MOC-124447-Andrews-Church-6-300x300.jpg 300w, https:\/\/mouldking.store\/wp-content\/uploads\/2022\/11\/MOC-124447-Andrews-Church-6-768x768.jpg 768w, https:\/\/mouldking.store\/wp-content\/uploads\/2022\/11\/MOC-124447-Andrews-Church-6-600x600.jpg 600w, https:\/\/mouldking.store\/wp-content\/uploads\/2022\/11\/MOC-124447-Andrews-Church-6-150x150.jpg 150w, https:\/\/mouldking.store\/wp-content\/uploads\/2022\/11\/MOC-124447-Andrews-Church-6-60x60.jpg 60w, https:\/\/mouldking.store\/wp-content\/uploads\/2022\/11\/MOC-124447-Andrews-Church-6-90x90.jpg 90w\" sizes=\"(max-width: 1000px) 100vw, 1000px\" \/><figcaption id=\"caption-attachment-36274\" class=\"wp-caption-text\">MOC-124447 Nh\u00e0 th\u1edd Andrew v\u1edbi 3056 m\u1ea3nh gh\u00e9p<\/figcaption><\/figure>\n<figure id=\"attachment_36275\" aria-describedby=\"caption-attachment-36275\" style=\"width: 1000px\" class=\"wp-caption aligncenter\"><img loading=\"lazy\" decoding=\"async\" class=\"wp-image-36275 size-full\" src=\"https:\/\/mouldking.store\/wp-content\/uploads\/2022\/11\/MOC-124447-Andrews-Church-5.jpg\" alt=\"MOC-124447 Andrew\u2019s Church With 3056 Pieces\" width=\"1000\" height=\"1000\" title=\"-\" srcset=\"https:\/\/mouldking.store\/wp-content\/uploads\/2022\/11\/MOC-124447-Andrews-Church-5.jpg 1000w, https:\/\/mouldking.store\/wp-content\/uploads\/2022\/11\/MOC-124447-Andrews-Church-5-300x300.jpg 300w, https:\/\/mouldking.store\/wp-content\/uploads\/2022\/11\/MOC-124447-Andrews-Church-5-768x768.jpg 768w, https:\/\/mouldking.store\/wp-content\/uploads\/2022\/11\/MOC-124447-Andrews-Church-5-600x600.jpg 600w, https:\/\/mouldking.store\/wp-content\/uploads\/2022\/11\/MOC-124447-Andrews-Church-5-150x150.jpg 150w, https:\/\/mouldking.store\/wp-content\/uploads\/2022\/11\/MOC-124447-Andrews-Church-5-60x60.jpg 60w, https:\/\/mouldking.store\/wp-content\/uploads\/2022\/11\/MOC-124447-Andrews-Church-5-90x90.jpg 90w\" sizes=\"(max-width: 1000px) 100vw, 1000px\" \/><figcaption id=\"caption-attachment-36275\" class=\"wp-caption-text\">MOC-124447 Nh\u00e0 th\u1edd Andrew v\u1edbi 3056 m\u1ea3nh gh\u00e9p<\/figcaption><\/figure>\n<figure id=\"attachment_36276\" aria-describedby=\"caption-attachment-36276\" style=\"width: 1000px\" class=\"wp-caption aligncenter\"><img loading=\"lazy\" decoding=\"async\" class=\"wp-image-36276 size-full\" src=\"https:\/\/mouldking.store\/wp-content\/uploads\/2022\/11\/MOC-124447-Andrews-Church-4.jpg\" alt=\"MOC-124447 Andrew\u2019s Church With 3056 Pieces\" width=\"1000\" height=\"1000\" title=\"-\" srcset=\"https:\/\/mouldking.store\/wp-content\/uploads\/2022\/11\/MOC-124447-Andrews-Church-4.jpg 1000w, https:\/\/mouldking.store\/wp-content\/uploads\/2022\/11\/MOC-124447-Andrews-Church-4-300x300.jpg 300w, https:\/\/mouldking.store\/wp-content\/uploads\/2022\/11\/MOC-124447-Andrews-Church-4-768x768.jpg 768w, https:\/\/mouldking.store\/wp-content\/uploads\/2022\/11\/MOC-124447-Andrews-Church-4-600x600.jpg 600w, https:\/\/mouldking.store\/wp-content\/uploads\/2022\/11\/MOC-124447-Andrews-Church-4-150x150.jpg 150w, https:\/\/mouldking.store\/wp-content\/uploads\/2022\/11\/MOC-124447-Andrews-Church-4-60x60.jpg 60w, https:\/\/mouldking.store\/wp-content\/uploads\/2022\/11\/MOC-124447-Andrews-Church-4-90x90.jpg 90w\" sizes=\"(max-width: 1000px) 100vw, 1000px\" \/><figcaption id=\"caption-attachment-36276\" class=\"wp-caption-text\">MOC-124447 Nh\u00e0 th\u1edd Andrew v\u1edbi 3056 m\u1ea3nh gh\u00e9p<\/figcaption><\/figure>\n<figure id=\"attachment_36277\" aria-describedby=\"caption-attachment-36277\" style=\"width: 1000px\" class=\"wp-caption aligncenter\"><img loading=\"lazy\" decoding=\"async\" class=\"wp-image-36277 size-full\" src=\"https:\/\/mouldking.store\/wp-content\/uploads\/2022\/11\/MOC-124447-Andrews-Church-3.jpg\" alt=\"MOC-124447 Andrew\u2019s Church With 3056 Pieces\" width=\"1000\" height=\"1000\" title=\"-\" srcset=\"https:\/\/mouldking.store\/wp-content\/uploads\/2022\/11\/MOC-124447-Andrews-Church-3.jpg 1000w, https:\/\/mouldking.store\/wp-content\/uploads\/2022\/11\/MOC-124447-Andrews-Church-3-300x300.jpg 300w, https:\/\/mouldking.store\/wp-content\/uploads\/2022\/11\/MOC-124447-Andrews-Church-3-768x768.jpg 768w, https:\/\/mouldking.store\/wp-content\/uploads\/2022\/11\/MOC-124447-Andrews-Church-3-600x600.jpg 600w, https:\/\/mouldking.store\/wp-content\/uploads\/2022\/11\/MOC-124447-Andrews-Church-3-150x150.jpg 150w, https:\/\/mouldking.store\/wp-content\/uploads\/2022\/11\/MOC-124447-Andrews-Church-3-60x60.jpg 60w, https:\/\/mouldking.store\/wp-content\/uploads\/2022\/11\/MOC-124447-Andrews-Church-3-90x90.jpg 90w\" sizes=\"(max-width: 1000px) 100vw, 1000px\" \/><figcaption id=\"caption-attachment-36277\" class=\"wp-caption-text\">MOC-124447 Nh\u00e0 th\u1edd Andrew v\u1edbi 3056 m\u1ea3nh gh\u00e9p<\/figcaption><\/figure>\n<figure id=\"attachment_36278\" aria-describedby=\"caption-attachment-36278\" style=\"width: 1000px\" class=\"wp-caption aligncenter\"><img loading=\"lazy\" decoding=\"async\" class=\"wp-image-36278 size-full\" src=\"https:\/\/mouldking.store\/wp-content\/uploads\/2022\/11\/MOC-124447-Andrews-Church-2.jpg\" alt=\"MOC-124447 Andrew\u2019s Church With 3056 Pieces\" width=\"1000\" height=\"1000\" title=\"-\" srcset=\"https:\/\/mouldking.store\/wp-content\/uploads\/2022\/11\/MOC-124447-Andrews-Church-2.jpg 1000w, https:\/\/mouldking.store\/wp-content\/uploads\/2022\/11\/MOC-124447-Andrews-Church-2-300x300.jpg 300w, https:\/\/mouldking.store\/wp-content\/uploads\/2022\/11\/MOC-124447-Andrews-Church-2-768x768.jpg 768w, https:\/\/mouldking.store\/wp-content\/uploads\/2022\/11\/MOC-124447-Andrews-Church-2-600x600.jpg 600w, https:\/\/mouldking.store\/wp-content\/uploads\/2022\/11\/MOC-124447-Andrews-Church-2-150x150.jpg 150w, https:\/\/mouldking.store\/wp-content\/uploads\/2022\/11\/MOC-124447-Andrews-Church-2-60x60.jpg 60w, https:\/\/mouldking.store\/wp-content\/uploads\/2022\/11\/MOC-124447-Andrews-Church-2-90x90.jpg 90w\" sizes=\"(max-width: 1000px) 100vw, 1000px\" \/><figcaption id=\"caption-attachment-36278\" class=\"wp-caption-text\">MOC-124447 Nh\u00e0 th\u1edd Andrew v\u1edbi 3056 m\u1ea3nh gh\u00e9p<\/figcaption><\/figure>\n<figure id=\"attachment_36279\" aria-describedby=\"caption-attachment-36279\" style=\"width: 655px\" class=\"wp-caption aligncenter\"><img loading=\"lazy\" decoding=\"async\" class=\"wp-image-36279 size-large\" src=\"https:\/\/mouldking.store\/wp-content\/uploads\/2022\/11\/MOC-124447-Andrews-Church-1-655x1024.jpg\" alt=\"MOC-124447 Andrew\u2019s Church With 3056 Pieces\" width=\"655\" height=\"1024\" title=\"-\" srcset=\"https:\/\/mouldking.store\/wp-content\/uploads\/2022\/11\/MOC-124447-Andrews-Church-1-655x1024.jpg 655w, https:\/\/mouldking.store\/wp-content\/uploads\/2022\/11\/MOC-124447-Andrews-Church-1-192x300.jpg 192w, https:\/\/mouldking.store\/wp-content\/uploads\/2022\/11\/MOC-124447-Andrews-Church-1-300x469.jpg 300w, https:\/\/mouldking.store\/wp-content\/uploads\/2022\/11\/MOC-124447-Andrews-Church-1-600x938.jpg 600w, https:\/\/mouldking.store\/wp-content\/uploads\/2022\/11\/MOC-124447-Andrews-Church-1-96x150.jpg 96w, https:\/\/mouldking.store\/wp-content\/uploads\/2022\/11\/MOC-124447-Andrews-Church-1-38x60.jpg 38w, https:\/\/mouldking.store\/wp-content\/uploads\/2022\/11\/MOC-124447-Andrews-Church-1-58x90.jpg 58w, https:\/\/mouldking.store\/wp-content\/uploads\/2022\/11\/MOC-124447-Andrews-Church-1.jpg 768w\" sizes=\"(max-width: 655px) 100vw, 655px\" \/><figcaption id=\"caption-attachment-36279\" class=\"wp-caption-text\">MOC-124447 Nh\u00e0 th\u1edd Andrew v\u1edbi 3056 m\u1ea3nh gh\u00e9p<\/figcaption><\/figure>","protected":false},"excerpt":{"rendered":"<p>Product information: Brand: MOC Gender: Unisex Name: Andrew\u2019s Church Age Range: &gt; 6 years old Model Number: 124447 Classification: Assemblage Plastic Block Shape: Self-Locking Bricks Material: Plastic Plastic Type: ABS Bricks Blocks:3056 PCS Size: 25.6 x 25.6 x 40 cm Weight: 2.31 kg Contains detailed assembly instructions. Notice: 1. Without an original box, but we [&hellip;]<\/p>","protected":false},"featured_media":36272,"comment_status":"closed","ping_status":"closed","template":"","meta":{"_acf_changed":false},"product_cat":[1395,1406,390],"product_tag":[8296,8297,4977,8295,8298,8294],"class_list":["product","first","instock","shipping-taxable","purchasable","product-type-simple"],"acf":[],"_links":{"self":[{"href":"https:\/\/mouldking.store\/vi\/wp-json\/wp\/v2\/product\/36271","targetHints":{"allow":["GET"]}}],"collection":[{"href":"https:\/\/mouldking.store\/vi\/wp-json\/wp\/v2\/product"}],"about":[{"href":"https:\/\/mouldking.store\/vi\/wp-json\/wp\/v2\/types\/product"}],"replies":[{"embeddable":true,"href":"https:\/\/mouldking.store\/vi\/wp-json\/wp\/v2\/comments?post=36271"}],"wp:featuredmedia":[{"embeddable":true,"href":"https:\/\/mouldking.store\/vi\/wp-json\/wp\/v2\/media\/36272"}],"wp:attachment":[{"href":"https:\/\/mouldking.store\/vi\/wp-json\/wp\/v2\/media?parent=36271"}],"wp:term":[{"taxonomy":"product_cat","embeddable":true,"href":"https:\/\/mouldking.store\/vi\/wp-json\/wp\/v2\/product_cat?post=36271"},{"taxonomy":"product_tag","embeddable":true,"href":"https:\/\/mouldking.store\/vi\/wp-json\/wp\/v2\/product_tag?post=36271"}],"curies":[{"name":"wp","href":"https:\/\/api.w.org\/{rel}","templated":true}]}}